{"id":9006,"date":"2026-02-05T16:17:20","date_gmt":"2026-02-05T15:17:20","guid":{"rendered":"https:\/\/www.urban-driver.com\/?page_id=9006"},"modified":"2026-02-05T16:17:20","modified_gmt":"2026-02-05T15:17:20","slug":"en-subscriptions-2","status":"publish","type":"page","link":"https:\/\/www.urban-driver.com\/en\/subscriptions\/","title":{"rendered":"Our subscription plans: choose the offer that suits you best"},"content":{"rendered":"<div class=\"wpb-content-wrapper\"><p>[vc_row full_width=&#8221;stretch_row&#8221; css=&#8221;.vc_custom_1765839485176{margin-top: 33px !important;background-color: #FFFFFF !important;}&#8221;][vc_column]<div id=\"sc_title_459156414\"\n\t\tclass=\"sc_title sc_title_default\"><h6 class=\"sc_item_subtitle sc_title_subtitle sc_align_left sc_item_title_style_default\">Discover our subscriptions plan!<\/h6><h2 class=\"sc_item_title sc_title_title sc_align_left sc_item_title_style_default sc_item_title_tag\">Subscription to our motorcycle taxi service<\/h2><\/div><!-- \/.sc_title -->[vc_column_text css=&#8221;.vc_custom_1765839011580{margin-bottom: 0px !important;}&#8221;]Urban Driver, the leading motorcycle taxi service in Paris, operates daily throughout the Ile-de-France region, transporting passengers by motorcycle taxi and accompanying hundreds of subscribers on all their business trips.[\/vc_column_text][vc_empty_space alter_height=&#8221;small&#8221; hide_on_mobile=&#8221;1&#8243;][\/vc_column][\/vc_row][vc_row full_width=&#8221;stretch_row&#8221; css=&#8221;.vc_custom_1765839759903{margin-bottom: 33px !important;background-color: #f5f7f8 !important;}&#8221;][vc_column width=&#8221;1\/2&#8243;]<div  id=\"sc_price_906147832\" \n\tclass=\"sc_price sc_price_default\"><div class=\"sc_price_info\"><div class=\"sc_price_subtitle\">Option 1<\/div><div class=\"sc_price_title\"><a href=\"https:\/\/www.urban-driver.com\/abonnement-prepaye-souscription.php\">Prepaid subscription -10 to -20% discount<\/a><\/div><div class=\"sc_price_description\">Depending on how often you use the service, you can choose one of three prepaid subscription plans and enjoy up to 20% off.<\/div><div class=\"sc_price_details\">[vc_column_text]<\/p>\n<ul class=\"trx_addons_list trx_addons_list_minus\">\n<li>For a contract worth \u20ac500, we will credit your account with \u20ac550, representing a 10% bonus.<\/li>\n<li>For a contract worth \u20ac1,000, we will credit your account with \u20ac1,150, representing a 15% bonus.<\/li>\n<li>For a contract worth \u20ac2,000, we will credit your account with \u20ac2,400, representing a 20% bonus.<\/li>\n<\/ul>\n<p>[\/vc_column_text]<\/div>\t<\/div><a href=\"https:\/\/www.urban-driver.com\/abonnement-prepaye-souscription.php\" class=\"sc_price_link sc_button_default\" target=\"_blank\"><span>sign up for a prepaid account<\/span><\/a>\n<\/div>[\/vc_column][vc_column width=&#8221;1\/2&#8243;]<div  id=\"sc_price_164538535\" \n\tclass=\"sc_price sc_price_default\"><div class=\"sc_price_info\"><div class=\"sc_price_subtitle\">Option 2<\/div><div class=\"sc_price_title\"><a href=\"\/entreprises_creer_compte.php\">Subscription with payment at the end of the month<\/a><\/div><div class=\"sc_price_description\">(for businesses only) - If several employees in your company use motorcycle and car services with drivers, a business subscription offers numerous advantages:<\/div><div class=\"sc_price_details\">[vc_column_text]<\/p>\n<ul class=\"trx_addons_list trx_addons_list_minus\">\n<li>Multi-user account,<\/li>\n<li>Access the Professional Customer Area to make your reservations 24\/7.<\/li>\n<li>Trips are billed at the end of the month, according to your needs, by employee or by cost center.<\/li>\n<li>Reporting tool.<\/li>\n<\/ul>\n<p>For further information, please send us an <a href=\"https:\/\/www.urban-driver.com\/en\/contacts.php\">email<\/a> or contact our sales department at +33.1.7560.1506.[\/vc_column_text]<\/div>\t<\/div><a href=\"\/entreprises_creer_compte.php\" class=\"sc_price_link sc_button_default\" target=\"_blank\"><span>Contact our sales team<\/span><\/a>\n<\/div>[\/vc_column][\/vc_row][vc_row full_width=&#8221;stretch_row&#8221; css=&#8221;.vc_custom_1765839770157{background-color: #1b1e27 !important;}&#8221;][vc_column][vc_empty_space alter_height=&#8221;medium&#8221; hide_on_mobile=&#8221;&#8221;][vc_custom_heading text=&#8221;Download the Urban Driver app!&#8221; font_container=&#8221;tag:h3|text_align:center|color:%23ffffff&#8221; use_theme_fonts=&#8221;yes&#8221; css=&#8221;&#8221;][vc_row_inner][vc_column_inner width=&#8221;1\/2&#8243;][vc_empty_space hide_on_mobile=&#8221;&#8221;][vc_single_image image=&#8221;6869&#8243; img_size=&#8221;medium&#8221; alignment=&#8221;center&#8221; onclick=&#8221;custom_link&#8221; img_link_target=&#8221;_blank&#8221; link=&#8221;https:\/\/apps.apple.com\/fr\/app\/urban-driver\/id1609971329?platform=iphone&#8221;][vc_empty_space hide_on_mobile=&#8221;&#8221;][\/vc_column_inner][vc_column_inner width=&#8221;1\/2&#8243;][vc_single_image image=&#8221;6867&#8243; img_size=&#8221;300&#215;153&#8243; alignment=&#8221;center&#8221; onclick=&#8221;custom_link&#8221; img_link_target=&#8221;_blank&#8221; link=&#8221;https:\/\/play.google.com\/store\/apps\/details?id=com.urbandriver.app_client&#8221;][\/vc_column_inner][\/vc_row_inner][vc_empty_space alter_height=&#8221;medium&#8221; hide_on_mobile=&#8221;1&#8243;][\/vc_column][\/vc_row]<\/p>\n<\/div>","protected":false},"excerpt":{"rendered":"<p>[vc_row full_width=&#8221;stretch_row&#8221; css=&#8221;.vc_custom_1765839485176{margin-top: 33px !important;background-color: #FFFFFF !important;}&#8221;][vc_column][vc_column_text css=&#8221;.vc_custom_1765839011580{margin-bottom: 0px !important;}&#8221;]Urban Driver, the leading motorcycle taxi service in Paris, operates daily throughout the Ile-de-France region, transporting passengers by motorcycle taxi and accompanying hundreds of subscribers on all their business trips.[\/vc_column_text][vc_empty_space alter_height=&#8221;small&#8221; hide_on_mobile=&#8221;1&#8243;][\/vc_column][\/vc_row][vc_row full_width=&#8221;stretch_row&#8221; css=&#8221;.vc_custom_1765839759903{margin-bottom: 33px !important;background-color:&hellip;<\/p>\n","protected":false},"author":1,"featured_media":0,"parent":0,"menu_order":0,"comment_status":"closed","ping_status":"closed","template":"","meta":{"footnotes":""},"class_list":["post-9006","page","type-page","status-publish","hentry"],"yoast_head":"<!-- This site is optimized with the Yoast SEO plugin v27.4 - https:\/\/yoast.com\/product\/yoast-seo-wordpress\/ -->\n<title>\u201cUrban Driver for Business\u201d - Choose the plan that suits your needs.<\/title>\n<meta name=\"description\" content=\"Choisissez la formule &quot;Urban Driver for Business&quot; qui correspond \u00e0 vos besoins : Abonnement Pr\u00e9pay\u00e9 ou Abonnement avec facturation fin de mois.\" \/>\n<meta name=\"robots\" content=\"index, follow, max-snippet:-1, max-image-preview:large, max-video-preview:-1\" \/>\n<link rel=\"canonical\" href=\"https:\/\/www.urban-driver.com\/en\/subscriptions\/\" \/>\n<meta property=\"og:locale\" content=\"en_US\" \/>\n<meta property=\"og:type\" content=\"article\" \/>\n<meta property=\"og:title\" content=\"\u201cUrban Driver for Business\u201d - Choose the plan that suits your needs.\" \/>\n<meta property=\"og:description\" content=\"Choisissez la formule &quot;Urban Driver for Business&quot; qui correspond \u00e0 vos besoins : Abonnement Pr\u00e9pay\u00e9 ou Abonnement avec facturation fin de mois.\" \/>\n<meta property=\"og:url\" content=\"https:\/\/www.urban-driver.com\/en\/subscriptions\/\" \/>\n<meta property=\"og:site_name\" content=\"Taxi moto | Urban Driver\" \/>\n<meta name=\"twitter:card\" content=\"summary_large_image\" \/>\n<meta name=\"twitter:label1\" content=\"Est. reading time\" \/>\n\t<meta name=\"twitter:data1\" content=\"2 minutes\" \/>\n<script type=\"application\/ld+json\" class=\"yoast-schema-graph\">{\"@context\":\"https:\\\/\\\/schema.org\",\"@graph\":[{\"@type\":\"WebPage\",\"@id\":\"https:\\\/\\\/www.urban-driver.com\\\/en\\\/subscriptions\\\/\",\"url\":\"https:\\\/\\\/www.urban-driver.com\\\/en\\\/subscriptions\\\/\",\"name\":\"\u201cUrban Driver for Business\u201d - Choose the plan that suits your needs.\",\"isPartOf\":{\"@id\":\"https:\\\/\\\/www.urban-driver.com\\\/en\\\/#website\"},\"datePublished\":\"2026-02-05T15:17:20+00:00\",\"description\":\"Choisissez la formule \\\"Urban Driver for Business\\\" qui correspond \u00e0 vos besoins : Abonnement Pr\u00e9pay\u00e9 ou Abonnement avec facturation fin de mois.\",\"breadcrumb\":{\"@id\":\"https:\\\/\\\/www.urban-driver.com\\\/en\\\/subscriptions\\\/#breadcrumb\"},\"inLanguage\":\"en-US\",\"potentialAction\":[{\"@type\":\"ReadAction\",\"target\":[\"https:\\\/\\\/www.urban-driver.com\\\/en\\\/subscriptions\\\/\"]}]},{\"@type\":\"BreadcrumbList\",\"@id\":\"https:\\\/\\\/www.urban-driver.com\\\/en\\\/subscriptions\\\/#breadcrumb\",\"itemListElement\":[{\"@type\":\"ListItem\",\"position\":1,\"name\":\"Urban Driver\",\"item\":\"https:\\\/\\\/www.urban-driver.com\\\/en\\\/\"},{\"@type\":\"ListItem\",\"position\":2,\"name\":\"Our subscription plans: choose the offer that suits you best\"}]},{\"@type\":\"WebSite\",\"@id\":\"https:\\\/\\\/www.urban-driver.com\\\/en\\\/#website\",\"url\":\"https:\\\/\\\/www.urban-driver.com\\\/en\\\/\",\"name\":\"Taxi moto | Urban Driver\",\"description\":\"\",\"publisher\":{\"@id\":\"https:\\\/\\\/www.urban-driver.com\\\/en\\\/#organization\"},\"potentialAction\":[{\"@type\":\"SearchAction\",\"target\":{\"@type\":\"EntryPoint\",\"urlTemplate\":\"https:\\\/\\\/www.urban-driver.com\\\/en\\\/?s={search_term_string}\"},\"query-input\":{\"@type\":\"PropertyValueSpecification\",\"valueRequired\":true,\"valueName\":\"search_term_string\"}}],\"inLanguage\":\"en-US\"},{\"@type\":\"Organization\",\"@id\":\"https:\\\/\\\/www.urban-driver.com\\\/en\\\/#organization\",\"name\":\"URBAN DRIVER\",\"alternateName\":\"Urban\",\"url\":\"https:\\\/\\\/www.urban-driver.com\\\/en\\\/\",\"logo\":{\"@type\":\"ImageObject\",\"inLanguage\":\"en-US\",\"@id\":\"https:\\\/\\\/www.urban-driver.com\\\/en\\\/#\\\/schema\\\/logo\\\/image\\\/\",\"url\":\"https:\\\/\\\/www.urban-driver.com\\\/wp-content\\\/uploads\\\/2016\\\/12\\\/urban_driver.png\",\"contentUrl\":\"https:\\\/\\\/www.urban-driver.com\\\/wp-content\\\/uploads\\\/2016\\\/12\\\/urban_driver.png\",\"width\":300,\"height\":39,\"caption\":\"URBAN DRIVER\"},\"image\":{\"@id\":\"https:\\\/\\\/www.urban-driver.com\\\/en\\\/#\\\/schema\\\/logo\\\/image\\\/\"}}]}<\/script>\n<!-- \/ Yoast SEO plugin. -->","yoast_head_json":{"title":"\u201cUrban Driver for Business\u201d - Choose the plan that suits your needs.","description":"Choisissez la formule \"Urban Driver for Business\" qui correspond \u00e0 vos besoins : Abonnement Pr\u00e9pay\u00e9 ou Abonnement avec facturation fin de mois.","robots":{"index":"index","follow":"follow","max-snippet":"max-snippet:-1","max-image-preview":"max-image-preview:large","max-video-preview":"max-video-preview:-1"},"canonical":"https:\/\/www.urban-driver.com\/en\/subscriptions\/","og_locale":"en_US","og_type":"article","og_title":"\u201cUrban Driver for Business\u201d - Choose the plan that suits your needs.","og_description":"Choisissez la formule \"Urban Driver for Business\" qui correspond \u00e0 vos besoins : Abonnement Pr\u00e9pay\u00e9 ou Abonnement avec facturation fin de mois.","og_url":"https:\/\/www.urban-driver.com\/en\/subscriptions\/","og_site_name":"Taxi moto | Urban Driver","twitter_card":"summary_large_image","twitter_misc":{"Est. reading time":"2 minutes"},"schema":{"@context":"https:\/\/schema.org","@graph":[{"@type":"WebPage","@id":"https:\/\/www.urban-driver.com\/en\/subscriptions\/","url":"https:\/\/www.urban-driver.com\/en\/subscriptions\/","name":"\u201cUrban Driver for Business\u201d - Choose the plan that suits your needs.","isPartOf":{"@id":"https:\/\/www.urban-driver.com\/en\/#website"},"datePublished":"2026-02-05T15:17:20+00:00","description":"Choisissez la formule \"Urban Driver for Business\" qui correspond \u00e0 vos besoins : Abonnement Pr\u00e9pay\u00e9 ou Abonnement avec facturation fin de mois.","breadcrumb":{"@id":"https:\/\/www.urban-driver.com\/en\/subscriptions\/#breadcrumb"},"inLanguage":"en-US","potentialAction":[{"@type":"ReadAction","target":["https:\/\/www.urban-driver.com\/en\/subscriptions\/"]}]},{"@type":"BreadcrumbList","@id":"https:\/\/www.urban-driver.com\/en\/subscriptions\/#breadcrumb","itemListElement":[{"@type":"ListItem","position":1,"name":"Urban Driver","item":"https:\/\/www.urban-driver.com\/en\/"},{"@type":"ListItem","position":2,"name":"Our subscription plans: choose the offer that suits you best"}]},{"@type":"WebSite","@id":"https:\/\/www.urban-driver.com\/en\/#website","url":"https:\/\/www.urban-driver.com\/en\/","name":"Taxi moto | Urban Driver","description":"","publisher":{"@id":"https:\/\/www.urban-driver.com\/en\/#organization"},"potentialAction":[{"@type":"SearchAction","target":{"@type":"EntryPoint","urlTemplate":"https:\/\/www.urban-driver.com\/en\/?s={search_term_string}"},"query-input":{"@type":"PropertyValueSpecification","valueRequired":true,"valueName":"search_term_string"}}],"inLanguage":"en-US"},{"@type":"Organization","@id":"https:\/\/www.urban-driver.com\/en\/#organization","name":"URBAN DRIVER","alternateName":"Urban","url":"https:\/\/www.urban-driver.com\/en\/","logo":{"@type":"ImageObject","inLanguage":"en-US","@id":"https:\/\/www.urban-driver.com\/en\/#\/schema\/logo\/image\/","url":"https:\/\/www.urban-driver.com\/wp-content\/uploads\/2016\/12\/urban_driver.png","contentUrl":"https:\/\/www.urban-driver.com\/wp-content\/uploads\/2016\/12\/urban_driver.png","width":300,"height":39,"caption":"URBAN DRIVER"},"image":{"@id":"https:\/\/www.urban-driver.com\/en\/#\/schema\/logo\/image\/"}}]}},"_links":{"self":[{"href":"https:\/\/www.urban-driver.com\/en\/wp-json\/wp\/v2\/pages\/9006","targetHints":{"allow":["GET"]}}],"collection":[{"href":"https:\/\/www.urban-driver.com\/en\/wp-json\/wp\/v2\/pages"}],"about":[{"href":"https:\/\/www.urban-driver.com\/en\/wp-json\/wp\/v2\/types\/page"}],"author":[{"embeddable":true,"href":"https:\/\/www.urban-driver.com\/en\/wp-json\/wp\/v2\/users\/1"}],"replies":[{"embeddable":true,"href":"https:\/\/www.urban-driver.com\/en\/wp-json\/wp\/v2\/comments?post=9006"}],"version-history":[{"count":0,"href":"https:\/\/www.urban-driver.com\/en\/wp-json\/wp\/v2\/pages\/9006\/revisions"}],"wp:attachment":[{"href":"https:\/\/www.urban-driver.com\/en\/wp-json\/wp\/v2\/media?parent=9006"}],"curies":[{"name":"wp","href":"https:\/\/api.w.org\/{rel}","templated":true}]}}