{"id":8999,"date":"2026-02-05T16:15:36","date_gmt":"2026-02-05T15:15:36","guid":{"rendered":"https:\/\/www.urban-driver.com\/?page_id=8999"},"modified":"2026-03-19T22:37:45","modified_gmt":"2026-03-19T21:37:45","slug":"en-private-chauffeur","status":"publish","type":"page","link":"https:\/\/www.urban-driver.com\/en\/private-chauffeur\/","title":{"rendered":"Chauffeur Service"},"content":{"rendered":"<div class=\"wpb-content-wrapper\"><p>[vc_row css=&#8221;.vc_custom_1768402698300{margin-top: 33px !important;background-position: center !important;background-repeat: no-repeat !important;background-size: cover !important;}&#8221; el_class=&#8221;mobile_bg_off&#8221;][vc_column][vc_row_inner][vc_column_inner width=&#8221;1\/2&#8243;]<div id=\"sc_title_2098152469\"\n\t\tclass=\"sc_title sc_title_default\"><h6 class=\"sc_item_subtitle sc_title_subtitle sc_align_left sc_item_title_style_default\">Private Driver<\/h6><h2 class=\"sc_item_title sc_title_title sc_align_left sc_item_title_style_default sc_item_title_tag\">Chauffeur service<\/h2><\/div><!-- \/.sc_title -->[vc_column_text css_animation=&#8221;none&#8221;]If you are travelling with several colleagues, have luggage and are not pressed for time, <a href=\"https:\/\/www.urban-driver.com\/en\/\">Urban Driver<\/a> offers a wide range of vehicles driven by professional and attentive chauffeurs through its <span class=\"trx_addons_accent_bg\">private chauffeur service<\/span>.<br \/>\nAs an alternative to Parisian taxis, enjoy flat rates for all your transfers to and from Paris airports (Orly, Roissy CDG, Le Bourget &amp; Beauvais).[\/vc_column_text][vc_empty_space height=&#8221;2.15em&#8221; alter_height=&#8221;none&#8221; hide_on_mobile=&#8221;&#8221;][vc_empty_space height=&#8221;2.15em&#8221; alter_height=&#8221;none&#8221; hide_on_mobile=&#8221;&#8221;]<div class=\"sc_item_button sc_button_wrap\"><a href=\"https:\/\/booking.urban-driver.com\/Inscription\" id=\"sc_button_1112133265\" class=\"sc_button sc_button_default sc_button_size_normal sc_button_icon_left\"><span class=\"sc_button_text\"><span class=\"sc_button_title\">Online quotation<\/span><\/span><!-- \/.sc_button_text --><\/a><!-- \/.sc_button --><\/div><!-- \/.sc_item_button -->[\/vc_column_inner][vc_column_inner el_class=&#8221;remove_margin_mobile&#8221; width=&#8221;1\/2&#8243; css=&#8221;.vc_custom_1486051029573{margin-left: 101px !important;}&#8221;][vc_empty_space height=&#8221;2.15em&#8221; alter_height=&#8221;none&#8221; hide_on_mobile=&#8221;&#8221;][vc_single_image image=&#8221;2896&#8243; img_size=&#8221;full&#8221;][vc_empty_space height=&#8221;2em&#8221; alter_height=&#8221;none&#8221; hide_on_mobile=&#8221;&#8221;][vc_empty_space height=&#8221;1.5em&#8221; alter_height=&#8221;none&#8221; hide_on_mobile=&#8221;&#8221;][vc_empty_space height=&#8221;2em&#8221; alter_height=&#8221;none&#8221; hide_on_mobile=&#8221;1&#8243;][\/vc_column_inner][\/vc_row_inner][vc_separator][\/vc_column][\/vc_row][vc_row][vc_column]<div  id=\"sc_promo_1733765425\" \n\tclass=\"sc_promo sc_promo_default sc_promo_size_normal sc_promo_no_paddings sc_promo_image_fit sc_promo_image_position_right\"><div class=\"sc_promo_image\" style=\"background-image:url(https:\/\/www.urban-driver.com\/wp-content\/uploads\/2017\/09\/airport_flights_scoreboard-e1504604630736.jpg);width:20%;right: 0;\"><\/div><div class=\"sc_promo_text\" style=\"width: 80%;float: left;\">\n\t\t\t<div class=\"sc_promo_text_inner\" style=\"\"><h6 class=\"sc_item_subtitle sc_promo_subtitle sc_align_left sc_item_title_style_default\">R\u00e9servez votre transfert a\u00e9roport avec Urban Driver<\/h6><h3 class=\"sc_item_title sc_promo_title sc_align_left sc_item_title_style_default\">Private driver at the airport<\/h3><div class=\"sc_item_descr sc_promo_descr sc_align_left\">Fini les files d'attentes pour prendre un taxi parisien, votre chauffeur VTC vous attend d\u00e8s l'arriv\u00e9e de votre avion aux a\u00e9roports de Paris. Indiquez votre num\u00e9ro de vol, l'heure de votre r\u00e9servation s'ajuste automatiquement selon l'avance ou le retard de votre vol.<\/div><\/div>\n\t\t<\/div><!-- \/.sc_promo_text --><\/div><!-- \/.sc_promo -->[vc_empty_space hide_on_mobile=&#8221;&#8221;][vc_empty_space hide_on_mobile=&#8221;&#8221;][vc_empty_space][vc_empty_space hide_on_mobile=&#8221;&#8221;][\/vc_column][\/vc_row][vc_row][vc_column][vc_custom_heading text=&#8221;Flat rates for private hire vehicles to or from Paris airports&#8221; font_container=&#8221;tag:h3|text_align:left&#8221; use_theme_fonts=&#8221;yes&#8221; css=&#8221;&#8221;][\/vc_column][\/vc_row][vc_row][vc_column width=&#8221;1\/3&#8243;][vc_empty_space hide_on_mobile=&#8221;&#8221;][vc_empty_space hide_on_mobile=&#8221;&#8221;]<div  id=\"sc_price_1560905161\" \n\tclass=\"sc_price sc_price_default\"><div class=\"sc_price_info\"><div class=\"sc_price_subtitle\">Paris chauffeur service<\/div><div class=\"sc_price_title\"><a href=\"https:\/\/www.urban-driver.com\/vtc_orly.php\">Orly<\/a><\/div><div class=\"sc_price_description\">From<\/div><div class=\"sc_price_price\"><span class=\"sc_price_value\">45\u20ac<\/span><\/div>\t<\/div><a href=\"https:\/\/www.urban-driver.com\/vtc_orly.php\" class=\"sc_price_link sc_button_default\" target=\"_blank\"><span>More info<\/span><\/a>\n<\/div>[\/vc_column][vc_column width=&#8221;1\/3&#8243;][vc_empty_space hide_on_mobile=&#8221;&#8221;][vc_empty_space hide_on_mobile=&#8221;&#8221;]<div  id=\"sc_price_1824049413\" \n\tclass=\"sc_price sc_price_default\"><div class=\"sc_price_info\"><div class=\"sc_price_subtitle\">Paris chauffeur service<\/div><div class=\"sc_price_title\"><a href=\"https:\/\/booking.urban-driver.com\/Inscription\">Roissy CDG<\/a><\/div><div class=\"sc_price_description\">From<\/div><div class=\"sc_price_price\"><span class=\"sc_price_value\">65\u20ac<\/span><\/div>\t<\/div><a href=\"https:\/\/booking.urban-driver.com\/Inscription\" class=\"sc_price_link sc_button_default\" target=\"_blank\"><span>Booking online<\/span><\/a>\n<\/div>[\/vc_column][vc_column width=&#8221;1\/3&#8243;][vc_empty_space hide_on_mobile=&#8221;&#8221;][vc_empty_space hide_on_mobile=&#8221;&#8221;]<div  id=\"sc_price_410616618\" \n\tclass=\"sc_price sc_price_default\"><div class=\"sc_price_info\"><div class=\"sc_price_subtitle\">Paris chauffeur service<\/div><div class=\"sc_price_title\"><a href=\"https:\/\/booking.urban-driver.com\/Inscription\">Beauvais<\/a><\/div><div class=\"sc_price_description\">From<\/div><div class=\"sc_price_price\"><span class=\"sc_price_value\">140\u20ac<\/span><\/div>\t<\/div><a href=\"https:\/\/booking.urban-driver.com\/Inscription\" class=\"sc_price_link sc_button_default\" target=\"_blank\"><span>Booking online<\/span><\/a>\n<\/div>[\/vc_column][\/vc_row][vc_row][vc_column][vc_empty_space height=&#8221;64px&#8221; alter_height=&#8221;none&#8221; hide_on_mobile=&#8221;&#8221;][vc_separator][vc_empty_space height=&#8221;64px&#8221; alter_height=&#8221;none&#8221; hide_on_mobile=&#8221;&#8221;]<div  id=\"sc_promo_1272419016\" \n\tclass=\"sc_promo sc_promo_default sc_promo_size_normal sc_promo_no_paddings sc_promo_image_fit sc_promo_image_position_left\"><div class=\"sc_promo_image\" style=\"background-image:url(https:\/\/www.urban-driver.com\/wp-content\/uploads\/2017\/05\/gare6.jpg);width:30%;left: 0;\"><\/div><div class=\"sc_promo_text\" style=\"width: 70%;float: right;\">\n\t\t\t<div class=\"sc_promo_text_inner\" style=\"\"><h6 class=\"sc_item_subtitle sc_promo_subtitle sc_align_left sc_item_title_style_default\">Prise en charge \u00e0 la gare<\/h6><h3 class=\"sc_item_title sc_promo_title sc_align_left sc_item_title_style_default\">Private driver at Paris train station<\/h3><div class=\"sc_item_descr sc_promo_descr sc_align_left\">Quoi de plus pratique qu'un chauffeur qui vous attend d\u00e8s l'arriv\u00e9e de votre train en gare. Urban Driver vous propose son service de VTC paris depuis toutes les gares parisiennes (Gare de Lyon, Gare du Nord, Gare Montparnasse, Gare Saint Lazare, Gare de l'Est).<\/div><div class=\"sc_item_button sc_item_button_default sc_promo_button sc_align_left sc_button_wrap\"><a href=\"https:\/\/booking.urban-driver.com\/Commander\" id=\"sc_button_1287458808\" class=\"sc_button sc_button_default sc_button_size_normal sc_button_icon_left\"><span class=\"sc_button_text\"><span class=\"sc_button_title\">Devis en ligne<\/span><\/span><!-- \/.sc_button_text --><\/a><!-- \/.sc_button --><\/div><!-- \/.sc_item_button sc_item_button_default sc_promo_button sc_align_left --><\/div>\n\t\t<\/div><!-- \/.sc_promo_text --><\/div><!-- \/.sc_promo -->[vc_empty_space alter_height=&#8221;none&#8221; hide_on_mobile=&#8221;&#8221;][vc_empty_space alter_height=&#8221;none&#8221; hide_on_mobile=&#8221;&#8221;][vc_empty_space alter_height=&#8221;none&#8221; hide_on_mobile=&#8221;&#8221;][\/vc_column][\/vc_row][vc_row full_width=&#8221;stretch_row&#8221; css=&#8221;.vc_custom_1496398800988{background-color: #eaeaea !important;}&#8221;][vc_column width=&#8221;1\/2&#8243;][vc_custom_heading text=&#8221;More information&#8221; font_container=&#8221;tag:h6|font_size:12px|text_align:left|color:%23000000|line_height:0%2C8em&#8221; use_theme_fonts=&#8221;yes&#8221;][vc_tta_accordion c_icon=&#8221;triangle&#8221; active_section=&#8221;&#8221;][vc_tta_section title=&#8221;Prices for airport transfers by private hire vehicle&#8221; tab_id=&#8221;1496398781062-4207f0d6-02bd&#8221;][vc_column_text css=&#8221;&#8221;]All airport rates are flat rates valid 24\/7 and known at the time of booking.<br \/>Paris \u2013 Orly private hire vehicle: from \u20ac45 including VAT<br \/>Paris \u2013 Roissy private hire vehicle: from \u20ac65 including VAT[\/vc_column_text][\/vc_tta_section][vc_tta_section title=&#8221;Range of vehicles&#8221; tab_id=&#8221;1496398781571-c68837ac-1106&#8243;][vc_column_text]Three categories of vehicles are available:<br \/>Eco range (Peugeot 508, Toyota Prius)<br \/>Business range (Mercedes E-Class, Audi A6)<br \/>Van &amp; Shuttle (Mercedes Viano).[\/vc_column_text][\/vc_tta_section][vc_tta_section title=&#8221;High quality at the best price&#8221; tab_id=&#8221;1496399487068-ec4eee5f-2751&#8243;][vc_column_text]Experienced and punctual drivers,<br \/>Luxury cars with premium service on board,<br \/>Backoffice open 7 days a week from 9:00 a.m. to 6:00 p.m.,<br \/>Invoices accessible from your customer account.[\/vc_column_text][\/vc_tta_section][vc_tta_section title=&#8221;Difference between taxis and private hire vehicles&#8221; tab_id=&#8221;1496399536438-9cd17454-3148&#8243;][vc_column_text]If you are still unsure whether to book a private hire vehicle rather than a taxi, discover all the advantages of a private chauffeur service:<br \/>Fixed prices known in advance,<br \/>No payment in the vehicle,<br \/>No call-out charges.[\/vc_column_text][\/vc_tta_section][vc_tta_section title=&#8221;Private hire vehicle regulations&#8221; tab_id=&#8221;1496399593831-a84a2dae-006b&#8221;][vc_column_text]To find out everything you need to know about regulations governing private hire vehicles, developments and amendments, click HERE.<br \/>Electronic patrol and advance booking,<br \/>Professional driver, transport capacity and Atout France licence,<br \/>Articles of law and decrees.[\/vc_column_text][\/vc_tta_section][\/vc_tta_accordion][\/vc_column][vc_column width=&#8221;1\/2&#8243;][vc_custom_heading text=&#8221;Customer reviews&#8221; font_container=&#8221;tag:h6|font_size:12px|text_align:left|color:%23000000|line_height:0%2C8em&#8221; use_theme_fonts=&#8221;yes&#8221;][vc_empty_space alter_height=&#8221;none&#8221; hide_on_mobile=&#8221;&#8221;][\/vc_column][\/vc_row][vc_row][vc_column][vc_empty_space alter_height=&#8221;medium&#8221; hide_on_mobile=&#8221;&#8221;]<div id=\"sc_title_1010764077\"\n\t\tclass=\"sc_title sc_title_default\"><h6 class=\"sc_item_subtitle sc_title_subtitle sc_align_left sc_item_title_style_default\">Got any questions?<\/h6><h3 class=\"sc_item_title sc_title_title sc_align_left sc_item_title_style_default\">FAQ<\/h3><\/div><!-- \/.sc_title -->[vc_toggle title=&#8221;How are private hire vehicle prices calculated?&#8221;]The price is determined based on a combination of several parameters depending on the route booked, including the distance to be travelled, the estimated journey time, the day and time of the journey, the time before the booking request, the vehicle category, and the channel used to book your private hire driver.[\/vc_toggle][vc_toggle title=&#8221;What types of vehicles are offered?&#8221;]Our drivers use saloon cars to ensure you have a pleasant journey. We favour high-end cars such as the Mercedes C-Class, Peugeot 508 and Skoda Superb, and Mercedes V-Class minibuses.[\/vc_toggle][vc_toggle title=&#8221;Book a chauffeur-driven car for airport pick-up&#8221;]For all airport pick-ups, you are asked to provide your flight number. <strong>Flightstats<\/strong>, which is integrated into our system, will automatically adjust the schedule of your booking according to whether your flight is early or late.[\/vc_toggle][vc_toggle title=&#8221;Where can I find a private hire vehicle terminal?&#8221;]Taxis and private hire vehicles are not subject to the same regulations.<\/p>\n<p>Only Parisian taxis have access to taxi ranks and taxi stations in Paris. Taxi ranks are generally located near metro stations and allow you to find a taxi driver immediately without having to pay a call-out fee. <\/p>\n<p>For private hire vehicles, regulations require advance booking.[\/vc_toggle][\/vc_column][\/vc_row]<\/p>\n<\/div>","protected":false},"excerpt":{"rendered":"<p>[vc_row css=&#8221;.vc_custom_1768402698300{margin-top: 33px !important;background-position: center !important;background-repeat: no-repeat !important;background-size: cover !important;}&#8221; el_class=&#8221;mobile_bg_off&#8221;][vc_column][vc_row_inner][vc_column_inner width=&#8221;1\/2&#8243;][vc_column_text css_animation=&#8221;none&#8221;]If you are travelling with several colleagues, have luggage and are not pressed for time, Urban Driver offers a wide range of vehicles driven by professional and attentive chauffeurs through its private chauffeur&hellip;<\/p>\n","protected":false},"author":1,"featured_media":0,"parent":0,"menu_order":0,"comment_status":"closed","ping_status":"closed","template":"","meta":{"footnotes":""},"class_list":["post-8999","page","type-page","status-publish","hentry"],"yoast_head":"<!-- This site is optimized with the Yoast SEO plugin v27.5 - https:\/\/yoast.com\/product\/yoast-seo-wordpress\/ -->\n<title>Private chauffeur service | Paris airport transfers<\/title>\n<meta name=\"description\" content=\"Urban Driver is expanding its transport offering with a private chauffeur service available for airport transfers (Orly &amp; Roissy CDG).\" \/>\n<meta name=\"robots\" content=\"index, follow, max-snippet:-1, max-image-preview:large, max-video-preview:-1\" \/>\n<link rel=\"canonical\" href=\"https:\/\/www.urban-driver.com\/en\/private-chauffeur\/\" \/>\n<meta property=\"og:locale\" content=\"en_US\" \/>\n<meta property=\"og:type\" content=\"article\" \/>\n<meta property=\"og:title\" content=\"Private chauffeur service | Paris airport transfers\" \/>\n<meta property=\"og:description\" content=\"Urban Driver is expanding its transport offering with a private chauffeur service available for airport transfers (Orly &amp; Roissy CDG).\" \/>\n<meta property=\"og:url\" content=\"https:\/\/www.urban-driver.com\/en\/private-chauffeur\/\" \/>\n<meta property=\"og:site_name\" content=\"Taxi moto | Urban Driver\" \/>\n<meta property=\"article:modified_time\" content=\"2026-03-19T21:37:45+00:00\" \/>\n<meta name=\"twitter:card\" content=\"summary_large_image\" \/>\n<meta name=\"twitter:label1\" content=\"Est. reading time\" \/>\n\t<meta name=\"twitter:data1\" content=\"4 minutes\" \/>\n<script type=\"application\/ld+json\" class=\"yoast-schema-graph\">{\"@context\":\"https:\\\/\\\/schema.org\",\"@graph\":[{\"@type\":\"WebPage\",\"@id\":\"https:\\\/\\\/www.urban-driver.com\\\/en\\\/private-chauffeur\\\/\",\"url\":\"https:\\\/\\\/www.urban-driver.com\\\/en\\\/private-chauffeur\\\/\",\"name\":\"Private chauffeur service | Paris airport transfers\",\"isPartOf\":{\"@id\":\"https:\\\/\\\/www.urban-driver.com\\\/en\\\/#website\"},\"datePublished\":\"2026-02-05T15:15:36+00:00\",\"dateModified\":\"2026-03-19T21:37:45+00:00\",\"description\":\"Urban Driver is expanding its transport offering with a private chauffeur service available for airport transfers (Orly & Roissy CDG).\",\"breadcrumb\":{\"@id\":\"https:\\\/\\\/www.urban-driver.com\\\/en\\\/private-chauffeur\\\/#breadcrumb\"},\"inLanguage\":\"en-US\",\"potentialAction\":[{\"@type\":\"ReadAction\",\"target\":[\"https:\\\/\\\/www.urban-driver.com\\\/en\\\/private-chauffeur\\\/\"]}]},{\"@type\":\"BreadcrumbList\",\"@id\":\"https:\\\/\\\/www.urban-driver.com\\\/en\\\/private-chauffeur\\\/#breadcrumb\",\"itemListElement\":[{\"@type\":\"ListItem\",\"position\":1,\"name\":\"Urban Driver\",\"item\":\"https:\\\/\\\/www.urban-driver.com\\\/en\\\/\"},{\"@type\":\"ListItem\",\"position\":2,\"name\":\"Chauffeur Service\"}]},{\"@type\":\"WebSite\",\"@id\":\"https:\\\/\\\/www.urban-driver.com\\\/en\\\/#website\",\"url\":\"https:\\\/\\\/www.urban-driver.com\\\/en\\\/\",\"name\":\"Taxi moto | Urban Driver\",\"description\":\"\",\"publisher\":{\"@id\":\"https:\\\/\\\/www.urban-driver.com\\\/en\\\/#organization\"},\"potentialAction\":[{\"@type\":\"SearchAction\",\"target\":{\"@type\":\"EntryPoint\",\"urlTemplate\":\"https:\\\/\\\/www.urban-driver.com\\\/en\\\/?s={search_term_string}\"},\"query-input\":{\"@type\":\"PropertyValueSpecification\",\"valueRequired\":true,\"valueName\":\"search_term_string\"}}],\"inLanguage\":\"en-US\"},{\"@type\":\"Organization\",\"@id\":\"https:\\\/\\\/www.urban-driver.com\\\/en\\\/#organization\",\"name\":\"URBAN DRIVER\",\"alternateName\":\"Urban\",\"url\":\"https:\\\/\\\/www.urban-driver.com\\\/en\\\/\",\"logo\":{\"@type\":\"ImageObject\",\"inLanguage\":\"en-US\",\"@id\":\"https:\\\/\\\/www.urban-driver.com\\\/en\\\/#\\\/schema\\\/logo\\\/image\\\/\",\"url\":\"https:\\\/\\\/www.urban-driver.com\\\/wp-content\\\/uploads\\\/2016\\\/12\\\/urban_driver.png\",\"contentUrl\":\"https:\\\/\\\/www.urban-driver.com\\\/wp-content\\\/uploads\\\/2016\\\/12\\\/urban_driver.png\",\"width\":300,\"height\":39,\"caption\":\"URBAN DRIVER\"},\"image\":{\"@id\":\"https:\\\/\\\/www.urban-driver.com\\\/en\\\/#\\\/schema\\\/logo\\\/image\\\/\"}}]}<\/script>\n<!-- \/ Yoast SEO plugin. -->","yoast_head_json":{"title":"Private chauffeur service | Paris airport transfers","description":"Urban Driver is expanding its transport offering with a private chauffeur service available for airport transfers (Orly & Roissy CDG).","robots":{"index":"index","follow":"follow","max-snippet":"max-snippet:-1","max-image-preview":"max-image-preview:large","max-video-preview":"max-video-preview:-1"},"canonical":"https:\/\/www.urban-driver.com\/en\/private-chauffeur\/","og_locale":"en_US","og_type":"article","og_title":"Private chauffeur service | Paris airport transfers","og_description":"Urban Driver is expanding its transport offering with a private chauffeur service available for airport transfers (Orly & Roissy CDG).","og_url":"https:\/\/www.urban-driver.com\/en\/private-chauffeur\/","og_site_name":"Taxi moto | Urban Driver","article_modified_time":"2026-03-19T21:37:45+00:00","twitter_card":"summary_large_image","twitter_misc":{"Est. reading time":"4 minutes"},"schema":{"@context":"https:\/\/schema.org","@graph":[{"@type":"WebPage","@id":"https:\/\/www.urban-driver.com\/en\/private-chauffeur\/","url":"https:\/\/www.urban-driver.com\/en\/private-chauffeur\/","name":"Private chauffeur service | Paris airport transfers","isPartOf":{"@id":"https:\/\/www.urban-driver.com\/en\/#website"},"datePublished":"2026-02-05T15:15:36+00:00","dateModified":"2026-03-19T21:37:45+00:00","description":"Urban Driver is expanding its transport offering with a private chauffeur service available for airport transfers (Orly & Roissy CDG).","breadcrumb":{"@id":"https:\/\/www.urban-driver.com\/en\/private-chauffeur\/#breadcrumb"},"inLanguage":"en-US","potentialAction":[{"@type":"ReadAction","target":["https:\/\/www.urban-driver.com\/en\/private-chauffeur\/"]}]},{"@type":"BreadcrumbList","@id":"https:\/\/www.urban-driver.com\/en\/private-chauffeur\/#breadcrumb","itemListElement":[{"@type":"ListItem","position":1,"name":"Urban Driver","item":"https:\/\/www.urban-driver.com\/en\/"},{"@type":"ListItem","position":2,"name":"Chauffeur Service"}]},{"@type":"WebSite","@id":"https:\/\/www.urban-driver.com\/en\/#website","url":"https:\/\/www.urban-driver.com\/en\/","name":"Taxi moto | Urban Driver","description":"","publisher":{"@id":"https:\/\/www.urban-driver.com\/en\/#organization"},"potentialAction":[{"@type":"SearchAction","target":{"@type":"EntryPoint","urlTemplate":"https:\/\/www.urban-driver.com\/en\/?s={search_term_string}"},"query-input":{"@type":"PropertyValueSpecification","valueRequired":true,"valueName":"search_term_string"}}],"inLanguage":"en-US"},{"@type":"Organization","@id":"https:\/\/www.urban-driver.com\/en\/#organization","name":"URBAN DRIVER","alternateName":"Urban","url":"https:\/\/www.urban-driver.com\/en\/","logo":{"@type":"ImageObject","inLanguage":"en-US","@id":"https:\/\/www.urban-driver.com\/en\/#\/schema\/logo\/image\/","url":"https:\/\/www.urban-driver.com\/wp-content\/uploads\/2016\/12\/urban_driver.png","contentUrl":"https:\/\/www.urban-driver.com\/wp-content\/uploads\/2016\/12\/urban_driver.png","width":300,"height":39,"caption":"URBAN DRIVER"},"image":{"@id":"https:\/\/www.urban-driver.com\/en\/#\/schema\/logo\/image\/"}}]}},"_links":{"self":[{"href":"https:\/\/www.urban-driver.com\/en\/wp-json\/wp\/v2\/pages\/8999","targetHints":{"allow":["GET"]}}],"collection":[{"href":"https:\/\/www.urban-driver.com\/en\/wp-json\/wp\/v2\/pages"}],"about":[{"href":"https:\/\/www.urban-driver.com\/en\/wp-json\/wp\/v2\/types\/page"}],"author":[{"embeddable":true,"href":"https:\/\/www.urban-driver.com\/en\/wp-json\/wp\/v2\/users\/1"}],"replies":[{"embeddable":true,"href":"https:\/\/www.urban-driver.com\/en\/wp-json\/wp\/v2\/comments?post=8999"}],"version-history":[{"count":4,"href":"https:\/\/www.urban-driver.com\/en\/wp-json\/wp\/v2\/pages\/8999\/revisions"}],"predecessor-version":[{"id":9228,"href":"https:\/\/www.urban-driver.com\/en\/wp-json\/wp\/v2\/pages\/8999\/revisions\/9228"}],"wp:attachment":[{"href":"https:\/\/www.urban-driver.com\/en\/wp-json\/wp\/v2\/media?parent=8999"}],"curies":[{"name":"wp","href":"https:\/\/api.w.org\/{rel}","templated":true}]}}