{"id":6340,"date":"2020-09-07T16:05:40","date_gmt":"2020-09-07T14:05:40","guid":{"rendered":"https:\/\/www.urban-driver.com\/?page_id=6340"},"modified":"2025-11-07T14:27:47","modified_gmt":"2025-11-07T13:27:47","slug":"gestion-de-deplacements-professionnels-pour-les-startups-3","status":"publish","type":"page","link":"https:\/\/www.urban-driver.com\/en\/tpe-pme.php","title":{"rendered":"Plus de libert\u00e9, un taxi moto ou vous voulez, quand vous voulez !"},"content":{"rendered":"<div class=\"wpb-content-wrapper\"><p>[vc_row css=&#8221;.vc_custom_1495186800449{background-color: #ffffff !important;}&#8221;][vc_column width=&#8221;1\/3&#8243;][vc_empty_space height=&#8221;6.1em&#8221; alter_height=&#8221;none&#8221; hide_on_mobile=&#8221;&#8221;][vc_empty_space height=&#8221;4.1em&#8221; alter_height=&#8221;none&#8221; hide_on_mobile=&#8221;&#8221;][vc_empty_space height=&#8221;4.1em&#8221; alter_height=&#8221;none&#8221; hide_on_mobile=&#8221;&#8221;][vc_single_image image=&#8221;6342&#8243; img_size=&#8221;large&#8221; alignment=&#8221;center&#8221;][vc_empty_space height=&#8221;4.1em&#8221; alter_height=&#8221;none&#8221; hide_on_mobile=&#8221;&#8221;][vc_empty_space height=&#8221;4.1em&#8221; alter_height=&#8221;none&#8221; hide_on_mobile=&#8221;&#8221;][\/vc_column][vc_column width=&#8221;2\/3&#8243; css=&#8221;.vc_custom_1569441265081{margin-left: 20px !important;}&#8221;][vc_empty_space hide_on_mobile=&#8221;&#8221;][vc_empty_space height=&#8221;4.1em&#8221; hide_on_mobile=&#8221;&#8221;][vc_custom_heading text=&#8221;URBANDRIVER for Business&#8221; font_container=&#8221;tag:h6|font_size:12px|text_align:left|color:%23b70604|line_height:0.8em&#8221; use_theme_fonts=&#8221;yes&#8221; css=&#8221;.vc_custom_1584719167628{margin-left: 20px !important;}&#8221;][vc_custom_heading text=&#8221;pour les TPE-PME&#8221; font_container=&#8221;tag:h2|text_align:left|color:%23000000|line_height:0.8em&#8221; use_theme_fonts=&#8221;yes&#8221; css=&#8221;.vc_custom_1585152281787{margin-left: 20px !important;}&#8221;][vc_empty_space hide_on_mobile=&#8221;&#8221;][vc_column_text css=&#8221;.vc_custom_1585155773718{margin-right: 20px !important;margin-left: 20px !important;}&#8221;]Urban Driver for Business pour TPE &amp; PME vous propose une solution de mobilit\u00e9 au meilleur <span class=\"trx_addons_accent_bg\">rapport qualit\u00e9-prix<\/span> pour optimiser la logistique et la gestion des d\u00e9placements professionnels. Choisissez la formule qui r\u00e9pond au mieux \u00e0 vos besoins, compte pr\u00e9-pay\u00e9 ou facturation fin de mois.<\/p>\n<p>Voyages d&#8217;affaires, retours tardifs, rendez-vous professionnels, transferts vers la gare o\u00f9 l&#8217;a\u00e9roport, notre solution de <span class=\"trx_addons_accent_bg\">transport en taxi moto<\/span> pour les entreprises r\u00e9pond \u00e0 toutes vos probl\u00e9matiques de d\u00e9placements.[\/vc_column_text][vc_empty_space alter_height=&#8221;none&#8221; hide_on_mobile=&#8221;&#8221;][vc_empty_space height=&#8221;128px&#8221; alter_height=&#8221;small&#8221; hide_on_mobile=&#8221;&#8221;]<div class=\"sc_item_button sc_button_wrap\"><a href=\"https:\/\/www.urban-driver.com\/entreprises_creer_compte.php\" id=\"sc_button_677403403\" class=\"sc_button sc_button_default sc_button_size_normal sc_button_icon_left\"><span class=\"sc_button_text\"><span class=\"sc_button_title\">Contactez l&#039;\u00e9quipe commerciale<\/span><\/span><!-- \/.sc_button_text --><\/a><!-- \/.sc_button --><\/div><!-- \/.sc_item_button -->[vc_empty_space height=&#8221;64px&#8221; alter_height=&#8221;none&#8221; hide_on_mobile=&#8221;&#8221;][vc_empty_space height=&#8221;96px&#8221; hide_on_mobile=&#8221;&#8221;][\/vc_column][\/vc_row][vc_row full_width=&#8221;stretch_row&#8221; css=&#8221;.vc_custom_1569445576315{background-color: #f9f9f9 !important;}&#8221;][vc_column][vc_empty_space height=&#8221;64px&#8221; alter_height=&#8221;small&#8221; hide_on_mobile=&#8221;&#8221;][vc_empty_space height=&#8221;64px&#8221; alter_height=&#8221;small&#8221; hide_on_mobile=&#8221;&#8221;][vc_custom_heading text=&#8221;Ils nous font confiance !&#8221; font_container=&#8221;tag:p|font_size:50|text_align:center&#8221; use_theme_fonts=&#8221;yes&#8221;][vc_custom_heading text=&#8221;Plus de 100 entreprises nous font confiance dont plus de 60 TPE-PME dans diff\u00e9rents secteurs d&#8217;activit\u00e9.<br \/>\nRejoignez-nous ?&#8221; font_container=&#8221;tag:p|font_size:20|text_align:center&#8221; use_theme_fonts=&#8221;yes&#8221;][vc_row_inner][vc_column_inner width=&#8221;1\/4&#8243;][vc_custom_heading text=&#8221;Cabinet d&#8217;avocats&#8221; font_container=&#8221;tag:h4|text_align:center&#8221; use_theme_fonts=&#8221;yes&#8221; css_animation=&#8221;slideInUp&#8221;][\/vc_column_inner][vc_column_inner width=&#8221;1\/4&#8243;][vc_empty_space][vc_custom_heading text=&#8221;Etudes &amp; Conseils&#8221; font_container=&#8221;tag:h4|text_align:center&#8221; use_theme_fonts=&#8221;yes&#8221; css_animation=&#8221;slideInDown&#8221;][\/vc_column_inner][vc_column_inner width=&#8221;1\/4&#8243;][vc_empty_space][vc_custom_heading text=&#8221;Informatiques &amp; T\u00e9l\u00e9com&#8221; font_container=&#8221;tag:h4|text_align:center&#8221; use_theme_fonts=&#8221;yes&#8221; css_animation=&#8221;slideInUp&#8221;][\/vc_column_inner][vc_column_inner width=&#8221;1\/4&#8243;][vc_empty_space][vc_custom_heading text=&#8221;Edition &amp; Media&#8221; font_container=&#8221;tag:h4|text_align:center&#8221; use_theme_fonts=&#8221;yes&#8221; css_animation=&#8221;slideInDown&#8221;][\/vc_column_inner][\/vc_row_inner][vc_empty_space height=&#8221;64px&#8221; alter_height=&#8221;small&#8221; hide_on_mobile=&#8221;&#8221;][vc_empty_space height=&#8221;64px&#8221; alter_height=&#8221;small&#8221; hide_on_mobile=&#8221;&#8221;][\/vc_column][\/vc_row][vc_row][vc_column][vc_empty_space alter_height=&#8221;big&#8221; hide_on_mobile=&#8221;&#8221;][vc_custom_heading text=&#8221;L&#8217;application taxi moto qui vous offre<br \/>\nlibert\u00e9 et gain de temps&#8221; use_theme_fonts=&#8221;yes&#8221;][vc_row_inner][vc_column_inner width=&#8221;1\/2&#8243;][vc_column_text]<\/p>\n<div id=\"liste\">\n<ul class=\"trx_addons_list trx_addons_list_success\">\n<li class=\"liste\">Une application disponible sur Ios et Android<\/li>\n<li class=\"liste\">Une interface web aussi simple et flexible pour les donneurs d&#8217;ordre et assistant(e)s<\/li>\n<li class=\"liste\">Jusqu&#8217;\u00e0 400\u20ac Offert pour toute ouverture de compte pr\u00e9pay\u00e9<\/li>\n<\/ul>\n<\/div>\n<p>[\/vc_column_text][\/vc_column_inner][vc_column_inner width=&#8221;1\/2&#8243;][vc_column_text]<\/p>\n<div id=\"liste\">\n<ul class=\"trx_addons_list trx_addons_list_success\">\n<li class=\"liste\">Flotte g\u00e9olocalis\u00e9e en temps r\u00e9elle<\/li>\n<li class=\"liste\">Commande imm\u00e9diate et \u00e0 l&#8217;avance<\/li>\n<li class=\"liste\">Prix forfaitaires connus d\u00e8s la r\u00e9servation,<\/li>\n<\/ul>\n<\/div>\n<p>[\/vc_column_text][\/vc_column_inner][\/vc_row_inner][vc_empty_space alter_height=&#8221;large&#8221; hide_on_mobile=&#8221;&#8221;][\/vc_column][\/vc_row][vc_row full_width=&#8221;stretch_row_content&#8221; css=&#8221;.vc_custom_1543593141035{background-color: #1b1e27 !important;background-position: center !important;background-repeat: no-repeat !important;background-size: cover !important;}&#8221;][vc_column][vc_row_inner][vc_column_inner el_class=&#8221;remove_margin_mobile&#8221; width=&#8221;1\/3&#8243; css=&#8221;.vc_custom_1486051029573{margin-left: 101px !important;}&#8221;][vc_custom_heading text=&#8221;TPE-PME&#8221; font_container=&#8221;tag:h2|text_align:left|color:%23ffffff&#8221; use_theme_fonts=&#8221;yes&#8221;][vc_custom_heading text=&#8221;Des fonctionnalit\u00e9s<br \/>\npour vous faciliter la vie&#8221; font_container=&#8221;tag:h2|font_size:30px|text_align:left|color:%23ffffff&#8221; use_theme_fonts=&#8221;yes&#8221;][\/vc_column_inner][vc_column_inner width=&#8221;1\/3&#8243;][vc_custom_heading text=&#8221;Collaborateurs&#8221; font_container=&#8221;tag:h6|text_align:left|color:%23ffffff&#8221; use_theme_fonts=&#8221;yes&#8221;][vc_raw_html]JTNDZGl2JTIwY2xhc3MlM0QlMjJ3cGJfdGV4dF9jb2x1bW4lMjB3cGJfY29udGVudF9lbGVtZW50JTIwJTIwc2NoZW1lX2RhcmslMjIlM0UlMEElMDklMDklM0NkaXYlMjBjbGFzcyUzRCUyMndwYl93cmFwcGVyJTIyJTNFJTBBJTA5JTA5JTA5JTNDdWwlMjBjbGFzcyUzRCUyMnRyeF9hZGRvbnNfbGlzdCUyMHRyeF9hZGRvbnNfbGlzdF9taW51cyUyMiUzRSUwQSUzQ2xpJTNFMyUyMGNhbmF1eCUyMGRlJTIwciVDMyVBOXNlcnZhdGlvbiUzQSUyMEFwcGxpY2F0aW9ucyUyQyUyMHdlYiUyMGV0JTIwdCVDMyVBOWwlQzMlQTlwaG9uZSUzQyUyRmxpJTNFJTBBJTNDbGklM0VQcml4JTIwZm9yZmFpdGFpcmVzJTIwY29ubnVzJTIwJUMzJUEwJTIwbCUyN2F2YW5jZSUzQyUyRmxpJTNFJTBBJTNDbGklM0VDb21tYW5kZSUyMGltbSVDMyVBOWRpYXRlJTIwZXQlMjAlQzMlQTAlMjBsJTI3YXZhbmNlJTNDJTJGbGklM0UlMEElM0MlMkZ1bCUzRSUwQSUwQSUwOSUwOSUzQyUyRmRpdiUzRSUwQSUwOSUzQyUyRmRpdiUzRSUwQSUwQQ==[\/vc_raw_html][\/vc_column_inner][vc_column_inner width=&#8221;1\/3&#8243;][vc_custom_heading text=&#8221;Gestionnaires&#8221; font_container=&#8221;tag:h6|text_align:left|color:%23ffffff&#8221; use_theme_fonts=&#8221;yes&#8221;][vc_raw_html]JTNDZGl2JTIwY2xhc3MlM0QlMjJ3cGJfdGV4dF9jb2x1bW4lMjB3cGJfY29udGVudF9lbGVtZW50JTIwJTIwc2NoZW1lX2RhcmslMjIlM0UlMEElMDklMDklM0NkaXYlMjBjbGFzcyUzRCUyMndwYl93cmFwcGVyJTIyJTNFJTBBJTA5JTA5JTA5JTNDdWwlMjBjbGFzcyUzRCUyMnRyeF9hZGRvbnNfbGlzdCUyMHRyeF9hZGRvbnNfbGlzdF9taW51cyUyMiUzRSUwQSUzQ2xpJTNFR2VzdGlvbiUyMGFkbWluaXN0cmF0aXZlJTIwc2ltcGxpZmklQzMlQTllJTNDJTJGbGklM0UlMEElM0NsaSUzRUNvbW1hbmRlJTIwbXVsdGktdXRpbGlzYXRldXJzJTNDJTJGbGklM0UlMEElM0NsaSUzRU91dGlscyUyMGRlJTIwcmVwb3J0aW5nJTNDJTJGbGklM0UlMEElMEElM0MlMkZ1bCUzRSUwQSUwQSUwOSUwOSUzQyUyRmRpdiUzRSUwQSUwOSUzQyUyRmRpdiUzRQ==[\/vc_raw_html][vc_empty_space height=&#8221;96px&#8221; alter_height=&#8221;small&#8221; hide_on_mobile=&#8221;&#8221;][\/vc_column_inner][\/vc_row_inner][vc_empty_space alter_height=&#8221;medium&#8221; hide_on_mobile=&#8221;&#8221;][\/vc_column][\/vc_row][vc_row][vc_column][vc_empty_space alter_height=&#8221;none&#8221; hide_on_mobile=&#8221;&#8221;][vc_empty_space alter_height=&#8221;large&#8221; hide_on_mobile=&#8221;&#8221;][vc_raw_html css=&#8221;&#8221;]JTNDZGl2JTIwY2xhc3MlM0QlMjJza2VlcGVyc19jYXJvdXNlbF9jb250YWluZXIlMjIlMjBkYXRhLXNsaWRlcy1jb3VudCUzRCUyMjQlMjIlM0UlM0MlMkZkaXYlM0UlMEElM0NzY3JpcHQlMjBkZWZlciUyMGNoYXJzZXQlM0QlMjJ1dGYtOCUyMiUyMHNyYyUzRCUyMiUyRiUyRndpZGdldHMucnIuc2tlZXBlcnMuaW8lMkZjYXJvdXNlbCUyRmEyNWY4MWEyLWM3ZjctZjc4NC1kOTI0LWQ2Y2Q1ZTUwNGYzMSUyRjk0ZjVhZmY2LWMzM2YtNGQ2Ni1hZThhLTU2OTlhOGJiNTEyZC5qcyUyMiUzRSUzQyUyRnNjcmlwdCUzRQ==[\/vc_raw_html][vc_empty_space alter_height=&#8221;large&#8221; hide_on_mobile=&#8221;&#8221;][\/vc_column][\/vc_row][vc_row full_width=&#8221;stretch_row&#8221; css=&#8221;.vc_custom_1569507101536{background-image: url(https:\/\/www.urban-driver.com\/wp-content\/uploads\/2017\/01\/ville.jpg?id=1679) !important;}&#8221;][vc_column][vc_empty_space height=&#8221;2.65em&#8221; alter_height=&#8221;none&#8221; hide_on_mobile=&#8221;&#8221;][vc_custom_heading text=&#8221;Pr\u00eat \u00e0 ouvrir un compte Urban Driver ?&#8221; font_container=&#8221;tag:h3|text_align:left|color:%23ffffff&#8221; use_theme_fonts=&#8221;yes&#8221;][vc_custom_heading text=&#8221;Ouverture de votre compte sous 24 heures, acc\u00e8s \u00e0 plus de 100 chauffeurs professionnels de taxi moto.&#8221; font_container=&#8221;tag:h5|text_align:left|color:%23ffffff&#8221; use_theme_fonts=&#8221;yes&#8221;][vc_empty_space height=&#8221;2.65em&#8221; alter_height=&#8221;none&#8221; hide_on_mobile=&#8221;&#8221;][vc_row_inner][vc_column_inner width=&#8221;1\/2&#8243;]<div class=\"sc_item_button sc_button_wrap\"><a href=\"https:\/\/calendar.app.google\/zgSvPCd569ga6cWv5\" id=\"sc_button_175568731\" class=\"sc_button sc_button_default sc_button_size_normal sc_button_icon_left\"><span class=\"sc_button_text\"><span class=\"sc_button_title\">R\u00e9server un Rendez-vous<\/span><\/span><!-- \/.sc_button_text --><\/a><!-- \/.sc_button --><\/div><!-- \/.sc_item_button -->[vc_empty_space height=&#8221;2.65em&#8221; alter_height=&#8221;none&#8221; hide_on_mobile=&#8221;&#8221;][\/vc_column_inner][vc_column_inner width=&#8221;1\/2&#8243;]<div class=\"sc_item_button sc_button_wrap\"><a href=\"https:\/\/www.urban-driver.com\/entreprises_creer_compte.php\" id=\"sc_button_649871301\" class=\"sc_button sc_button_default sc_button_size_normal sc_button_icon_left\"><span class=\"sc_button_text\"><span class=\"sc_button_title\">Contactez l&#039;\u00e9quipe Urban Driver for Business<\/span><\/span><!-- \/.sc_button_text --><\/a><!-- \/.sc_button --><\/div><!-- \/.sc_item_button -->[\/vc_column_inner][\/vc_row_inner][\/vc_column][\/vc_row]<\/p>\n<\/div>","protected":false},"excerpt":{"rendered":"<p>[vc_row css=&#8221;.vc_custom_1495186800449{background-color: #ffffff !important;}&#8221;][vc_column width=&#8221;1\/3&#8243;][vc_empty_space height=&#8221;6.1em&#8221; alter_height=&#8221;none&#8221; hide_on_mobile=&#8221;&#8221;][vc_empty_space height=&#8221;4.1em&#8221; alter_height=&#8221;none&#8221; hide_on_mobile=&#8221;&#8221;][vc_empty_space height=&#8221;4.1em&#8221; alter_height=&#8221;none&#8221; hide_on_mobile=&#8221;&#8221;][vc_single_image image=&#8221;6342&#8243; img_size=&#8221;large&#8221; alignment=&#8221;center&#8221;][vc_empty_space height=&#8221;4.1em&#8221; alter_height=&#8221;none&#8221; hide_on_mobile=&#8221;&#8221;][vc_empty_space height=&#8221;4.1em&#8221; alter_height=&#8221;none&#8221; hide_on_mobile=&#8221;&#8221;][\/vc_column][vc_column width=&#8221;2\/3&#8243; css=&#8221;.vc_custom_1569441265081{margin-left: 20px !important;}&#8221;][vc_empty_space hide_on_mobile=&#8221;&#8221;][vc_empty_space height=&#8221;4.1em&#8221; hide_on_mobile=&#8221;&#8221;][vc_custom_heading text=&#8221;URBANDRIVER for Business&#8221; font_container=&#8221;tag:h6|font_size:12px|text_align:left|color:%23b70604|line_height:0.8em&#8221; use_theme_fonts=&#8221;yes&#8221; css=&#8221;.vc_custom_1584719167628{margin-left: 20px !important;}&#8221;][vc_custom_heading text=&#8221;pour les TPE-PME&#8221; font_container=&#8221;tag:h2|text_align:left|color:%23000000|line_height:0.8em&#8221; use_theme_fonts=&#8221;yes&#8221; css=&#8221;.vc_custom_1585152281787{margin-left: 20px&hellip;<\/p>\n","protected":false},"author":1,"featured_media":0,"parent":1408,"menu_order":9,"comment_status":"closed","ping_status":"closed","template":"","meta":{"footnotes":""},"class_list":["post-6340","page","type-page","status-publish","hentry"],"yoast_head":"<!-- This site is optimized with the Yoast SEO plugin v27.4 - https:\/\/yoast.com\/product\/yoast-seo-wordpress\/ -->\n<title>Le service de taxi-moto pour les TPE-PME | URBANDRIVER<\/title>\n<meta name=\"description\" content=\"Urban Driver for Business pour les TPE-PME. Offrez plus de libert\u00e9 que les transports en commun et les bouchons \u00e0 vos salari\u00e9s !\" \/>\n<meta name=\"robots\" content=\"index, follow, max-snippet:-1, max-image-preview:large, max-video-preview:-1\" \/>\n<link rel=\"canonical\" href=\"https:\/\/www.urban-driver.com\/en\/tpe-pme.php\" \/>\n<meta property=\"og:locale\" content=\"en_US\" \/>\n<meta property=\"og:type\" content=\"article\" \/>\n<meta property=\"og:title\" content=\"Le service de taxi-moto pour les TPE-PME | URBANDRIVER\" \/>\n<meta property=\"og:description\" content=\"Urban Driver for Business pour les TPE-PME. Offrez plus de libert\u00e9 que les transports en commun et les bouchons \u00e0 vos salari\u00e9s !\" \/>\n<meta property=\"og:url\" content=\"https:\/\/www.urban-driver.com\/en\/tpe-pme.php\" \/>\n<meta property=\"og:site_name\" content=\"Taxi moto | Urban Driver\" \/>\n<meta property=\"article:modified_time\" content=\"2025-11-07T13:27:47+00:00\" \/>\n<meta name=\"twitter:card\" content=\"summary_large_image\" \/>\n<meta name=\"twitter:label1\" content=\"Est. reading time\" \/>\n\t<meta name=\"twitter:data1\" content=\"6 minutes\" \/>\n<script type=\"application\/ld+json\" class=\"yoast-schema-graph\">{\"@context\":\"https:\\\/\\\/schema.org\",\"@graph\":[{\"@type\":\"WebPage\",\"@id\":\"https:\\\/\\\/www.urban-driver.com\\\/en\\\/tpe-pme.php\",\"url\":\"https:\\\/\\\/www.urban-driver.com\\\/en\\\/tpe-pme.php\",\"name\":\"Le service de taxi-moto pour les TPE-PME | URBANDRIVER\",\"isPartOf\":{\"@id\":\"https:\\\/\\\/www.urban-driver.com\\\/en\\\/#website\"},\"datePublished\":\"2020-09-07T14:05:40+00:00\",\"dateModified\":\"2025-11-07T13:27:47+00:00\",\"description\":\"Urban Driver for Business pour les TPE-PME. Offrez plus de libert\u00e9 que les transports en commun et les bouchons \u00e0 vos salari\u00e9s !\",\"breadcrumb\":{\"@id\":\"https:\\\/\\\/www.urban-driver.com\\\/en\\\/tpe-pme.php#breadcrumb\"},\"inLanguage\":\"en-US\",\"potentialAction\":[{\"@type\":\"ReadAction\",\"target\":[\"https:\\\/\\\/www.urban-driver.com\\\/en\\\/tpe-pme.php\"]}]},{\"@type\":\"BreadcrumbList\",\"@id\":\"https:\\\/\\\/www.urban-driver.com\\\/en\\\/tpe-pme.php#breadcrumb\",\"itemListElement\":[{\"@type\":\"ListItem\",\"position\":1,\"name\":\"Urban Driver\",\"item\":\"https:\\\/\\\/www.urban-driver.com\\\/en\\\/\"},{\"@type\":\"ListItem\",\"position\":2,\"name\":\"Taxi Moto\",\"item\":\"https:\\\/\\\/www.urban-driver.com\\\/en\\\/moto-taxi.php\"},{\"@type\":\"ListItem\",\"position\":3,\"name\":\"Gestion de d\u00e9placements professionnels pour les entreprises\",\"item\":\"https:\\\/\\\/www.urban-driver.com\\\/en\\\/abonnements_entreprises.php\"},{\"@type\":\"ListItem\",\"position\":4,\"name\":\"Plus de libert\u00e9, un taxi moto ou vous voulez, quand vous voulez !\"}]},{\"@type\":\"WebSite\",\"@id\":\"https:\\\/\\\/www.urban-driver.com\\\/en\\\/#website\",\"url\":\"https:\\\/\\\/www.urban-driver.com\\\/en\\\/\",\"name\":\"Taxi moto | Urban Driver\",\"description\":\"\",\"publisher\":{\"@id\":\"https:\\\/\\\/www.urban-driver.com\\\/en\\\/#organization\"},\"potentialAction\":[{\"@type\":\"SearchAction\",\"target\":{\"@type\":\"EntryPoint\",\"urlTemplate\":\"https:\\\/\\\/www.urban-driver.com\\\/en\\\/?s={search_term_string}\"},\"query-input\":{\"@type\":\"PropertyValueSpecification\",\"valueRequired\":true,\"valueName\":\"search_term_string\"}}],\"inLanguage\":\"en-US\"},{\"@type\":\"Organization\",\"@id\":\"https:\\\/\\\/www.urban-driver.com\\\/en\\\/#organization\",\"name\":\"URBAN DRIVER\",\"alternateName\":\"Urban\",\"url\":\"https:\\\/\\\/www.urban-driver.com\\\/en\\\/\",\"logo\":{\"@type\":\"ImageObject\",\"inLanguage\":\"en-US\",\"@id\":\"https:\\\/\\\/www.urban-driver.com\\\/en\\\/#\\\/schema\\\/logo\\\/image\\\/\",\"url\":\"https:\\\/\\\/www.urban-driver.com\\\/wp-content\\\/uploads\\\/2016\\\/12\\\/urban_driver.png\",\"contentUrl\":\"https:\\\/\\\/www.urban-driver.com\\\/wp-content\\\/uploads\\\/2016\\\/12\\\/urban_driver.png\",\"width\":300,\"height\":39,\"caption\":\"URBAN DRIVER\"},\"image\":{\"@id\":\"https:\\\/\\\/www.urban-driver.com\\\/en\\\/#\\\/schema\\\/logo\\\/image\\\/\"}}]}<\/script>\n<!-- \/ Yoast SEO plugin. -->","yoast_head_json":{"title":"Le service de taxi-moto pour les TPE-PME | URBANDRIVER","description":"Urban Driver for Business pour les TPE-PME. Offrez plus de libert\u00e9 que les transports en commun et les bouchons \u00e0 vos salari\u00e9s !","robots":{"index":"index","follow":"follow","max-snippet":"max-snippet:-1","max-image-preview":"max-image-preview:large","max-video-preview":"max-video-preview:-1"},"canonical":"https:\/\/www.urban-driver.com\/en\/tpe-pme.php","og_locale":"en_US","og_type":"article","og_title":"Le service de taxi-moto pour les TPE-PME | URBANDRIVER","og_description":"Urban Driver for Business pour les TPE-PME. Offrez plus de libert\u00e9 que les transports en commun et les bouchons \u00e0 vos salari\u00e9s !","og_url":"https:\/\/www.urban-driver.com\/en\/tpe-pme.php","og_site_name":"Taxi moto | Urban Driver","article_modified_time":"2025-11-07T13:27:47+00:00","twitter_card":"summary_large_image","twitter_misc":{"Est. reading time":"6 minutes"},"schema":{"@context":"https:\/\/schema.org","@graph":[{"@type":"WebPage","@id":"https:\/\/www.urban-driver.com\/en\/tpe-pme.php","url":"https:\/\/www.urban-driver.com\/en\/tpe-pme.php","name":"Le service de taxi-moto pour les TPE-PME | URBANDRIVER","isPartOf":{"@id":"https:\/\/www.urban-driver.com\/en\/#website"},"datePublished":"2020-09-07T14:05:40+00:00","dateModified":"2025-11-07T13:27:47+00:00","description":"Urban Driver for Business pour les TPE-PME. Offrez plus de libert\u00e9 que les transports en commun et les bouchons \u00e0 vos salari\u00e9s !","breadcrumb":{"@id":"https:\/\/www.urban-driver.com\/en\/tpe-pme.php#breadcrumb"},"inLanguage":"en-US","potentialAction":[{"@type":"ReadAction","target":["https:\/\/www.urban-driver.com\/en\/tpe-pme.php"]}]},{"@type":"BreadcrumbList","@id":"https:\/\/www.urban-driver.com\/en\/tpe-pme.php#breadcrumb","itemListElement":[{"@type":"ListItem","position":1,"name":"Urban Driver","item":"https:\/\/www.urban-driver.com\/en\/"},{"@type":"ListItem","position":2,"name":"Taxi Moto","item":"https:\/\/www.urban-driver.com\/en\/moto-taxi.php"},{"@type":"ListItem","position":3,"name":"Gestion de d\u00e9placements professionnels pour les entreprises","item":"https:\/\/www.urban-driver.com\/en\/abonnements_entreprises.php"},{"@type":"ListItem","position":4,"name":"Plus de libert\u00e9, un taxi moto ou vous voulez, quand vous voulez !"}]},{"@type":"WebSite","@id":"https:\/\/www.urban-driver.com\/en\/#website","url":"https:\/\/www.urban-driver.com\/en\/","name":"Taxi moto | Urban Driver","description":"","publisher":{"@id":"https:\/\/www.urban-driver.com\/en\/#organization"},"potentialAction":[{"@type":"SearchAction","target":{"@type":"EntryPoint","urlTemplate":"https:\/\/www.urban-driver.com\/en\/?s={search_term_string}"},"query-input":{"@type":"PropertyValueSpecification","valueRequired":true,"valueName":"search_term_string"}}],"inLanguage":"en-US"},{"@type":"Organization","@id":"https:\/\/www.urban-driver.com\/en\/#organization","name":"URBAN DRIVER","alternateName":"Urban","url":"https:\/\/www.urban-driver.com\/en\/","logo":{"@type":"ImageObject","inLanguage":"en-US","@id":"https:\/\/www.urban-driver.com\/en\/#\/schema\/logo\/image\/","url":"https:\/\/www.urban-driver.com\/wp-content\/uploads\/2016\/12\/urban_driver.png","contentUrl":"https:\/\/www.urban-driver.com\/wp-content\/uploads\/2016\/12\/urban_driver.png","width":300,"height":39,"caption":"URBAN DRIVER"},"image":{"@id":"https:\/\/www.urban-driver.com\/en\/#\/schema\/logo\/image\/"}}]}},"_links":{"self":[{"href":"https:\/\/www.urban-driver.com\/en\/wp-json\/wp\/v2\/pages\/6340","targetHints":{"allow":["GET"]}}],"collection":[{"href":"https:\/\/www.urban-driver.com\/en\/wp-json\/wp\/v2\/pages"}],"about":[{"href":"https:\/\/www.urban-driver.com\/en\/wp-json\/wp\/v2\/types\/page"}],"author":[{"embeddable":true,"href":"https:\/\/www.urban-driver.com\/en\/wp-json\/wp\/v2\/users\/1"}],"replies":[{"embeddable":true,"href":"https:\/\/www.urban-driver.com\/en\/wp-json\/wp\/v2\/comments?post=6340"}],"version-history":[{"count":0,"href":"https:\/\/www.urban-driver.com\/en\/wp-json\/wp\/v2\/pages\/6340\/revisions"}],"up":[{"embeddable":true,"href":"https:\/\/www.urban-driver.com\/en\/wp-json\/wp\/v2\/pages\/1408"}],"wp:attachment":[{"href":"https:\/\/www.urban-driver.com\/en\/wp-json\/wp\/v2\/media?parent=6340"}],"curies":[{"name":"wp","href":"https:\/\/api.w.org\/{rel}","templated":true}]}}