{"id":6269,"date":"2020-09-07T16:05:54","date_gmt":"2020-09-07T14:05:54","guid":{"rendered":"https:\/\/www.urban-driver.com\/?page_id=6269"},"modified":"2025-11-07T14:30:17","modified_gmt":"2025-11-07T13:30:17","slug":"gestion-de-deplacements-professionnels-pour-les-startups","status":"publish","type":"page","link":"https:\/\/www.urban-driver.com\/en\/grandes-entreprises.php","title":{"rendered":"La plateforme de taxi moto qui r\u00e9pond \u00e0 tous vos besoins !"},"content":{"rendered":"<div class=\"wpb-content-wrapper\"><p>[vc_row css=&#8221;.vc_custom_1495186800449{background-color: #ffffff !important;}&#8221;][vc_column width=&#8221;1\/3&#8243;][vc_empty_space height=&#8221;4.1em&#8221; alter_height=&#8221;none&#8221; hide_on_mobile=&#8221;&#8221;][vc_empty_space height=&#8221;4.1em&#8221; alter_height=&#8221;none&#8221; hide_on_mobile=&#8221;&#8221;][vc_empty_space height=&#8221;4.1em&#8221; alter_height=&#8221;none&#8221; hide_on_mobile=&#8221;&#8221;][vc_empty_space height=&#8221;2em&#8221; alter_height=&#8221;none&#8221; hide_on_mobile=&#8221;&#8221;][vc_single_image image=&#8221;6284&#8243; img_size=&#8221;large&#8221; alignment=&#8221;center&#8221; css_animation=&#8221;fadeIn&#8221;][vc_empty_space height=&#8221;4.1em&#8221; alter_height=&#8221;none&#8221; hide_on_mobile=&#8221;&#8221;][\/vc_column][vc_column width=&#8221;2\/3&#8243; css=&#8221;.vc_custom_1569441265081{margin-left: 20px !important;}&#8221;][vc_empty_space hide_on_mobile=&#8221;&#8221;][vc_empty_space height=&#8221;4.1em&#8221; hide_on_mobile=&#8221;&#8221;][vc_custom_heading text=&#8221;URBANDRIVER for Business&#8221; font_container=&#8221;tag:h6|font_size:12px|text_align:left|color:%23b70604|line_height:0.8em&#8221; use_theme_fonts=&#8221;yes&#8221; css=&#8221;.vc_custom_1584719167628{margin-left: 20px !important;}&#8221;][vc_custom_heading text=&#8221;pour les Grandes Entreprises&#8221; font_container=&#8221;tag:h2|text_align:left|color:%23000000|line_height:0.8em&#8221; use_theme_fonts=&#8221;yes&#8221; css=&#8221;.vc_custom_1585064812772{margin-left: 20px !important;}&#8221;][vc_empty_space hide_on_mobile=&#8221;&#8221;][vc_column_text css=&#8221;.vc_custom_1585066195893{margin-right: 20px !important;margin-left: 20px !important;}&#8221;]Urban Driver for Business pour les Grands Comptes vous propose une <span class=\"trx_addons_accent_bg\">interface de gestion<\/span> simple et flexible pour g\u00e9rer les d\u00e9placements professionnels en taxi moto de vos cadres et dirigeants d&#8217;entreprises dans toute l&#8217;Ile de France.<\/p>\n<p>Applications mobiles Ios et Android, param\u00e9trage du service selon les r\u00e8gles de votre <span class=\"trx_addons_accent_bg\">politique voyage<\/span>, paiement d\u00e9mat\u00e9rialis\u00e9, compte multi-utilisateurs, Priorisation, g\u00e9rer la mobilit\u00e9 de vos voyageurs d&#8217;affaires n&#8217;aura jamais \u00e9t\u00e9 aussi facile.[\/vc_column_text][vc_empty_space height=&#8221;128px&#8221; alter_height=&#8221;small&#8221; hide_on_mobile=&#8221;&#8221;]<div class=\"sc_item_button sc_button_wrap\"><a href=\"https:\/\/www.urban-driver.com\/entreprises_creer_compte.php\" id=\"sc_button_179602786\" class=\"sc_button sc_button_default sc_button_size_normal sc_button_icon_left\"><span class=\"sc_button_text\"><span class=\"sc_button_title\">Contactez l&#039;\u00e9quipe commerciale<\/span><\/span><!-- \/.sc_button_text --><\/a><!-- \/.sc_button --><\/div><!-- \/.sc_item_button -->[vc_empty_space height=&#8221;96px&#8221; hide_on_mobile=&#8221;&#8221;][vc_empty_space alter_height=&#8221;large&#8221; hide_on_mobile=&#8221;&#8221;][\/vc_column][\/vc_row][vc_row full_width=&#8221;stretch_row&#8221; css=&#8221;.vc_custom_1569445576315{background-color: #f9f9f9 !important;}&#8221;][vc_column][vc_empty_space height=&#8221;64px&#8221; alter_height=&#8221;small&#8221; hide_on_mobile=&#8221;&#8221;][vc_empty_space height=&#8221;64px&#8221; alter_height=&#8221;small&#8221; hide_on_mobile=&#8221;&#8221;][vc_custom_heading text=&#8221;Ils nous font confiance !&#8221; font_container=&#8221;tag:p|font_size:50|text_align:center&#8221; use_theme_fonts=&#8221;yes&#8221;][vc_custom_heading text=&#8221;Plus de 100 entreprises utilisent d\u00e9j\u00e0 Urban Driver dont 11 entreprises du CAC40.<br \/>\nRejoignez nous ?&#8221; font_container=&#8221;tag:p|font_size:20|text_align:center&#8221; use_theme_fonts=&#8221;yes&#8221;][vc_row_inner][vc_column_inner width=&#8221;1\/4&#8243;][vc_empty_space][vc_empty_space][vc_empty_space][vc_single_image image=&#8221;6296&#8243; img_size=&#8221;medium&#8221; alignment=&#8221;center&#8221; css_animation=&#8221;fadeIn&#8221;][\/vc_column_inner][vc_column_inner width=&#8221;1\/4&#8243;][vc_empty_space][vc_empty_space][vc_empty_space][vc_single_image image=&#8221;6294&#8243; img_size=&#8221;medium&#8221; css_animation=&#8221;fadeIn&#8221;][\/vc_column_inner][vc_column_inner width=&#8221;1\/4&#8243;][vc_empty_space][vc_empty_space][vc_empty_space][vc_single_image image=&#8221;6290&#8243; img_size=&#8221;medium&#8221; css_animation=&#8221;fadeIn&#8221;][\/vc_column_inner][vc_column_inner width=&#8221;1\/4&#8243;][vc_empty_space][vc_empty_space][vc_empty_space][vc_single_image image=&#8221;6302&#8243; img_size=&#8221;medium&#8221; css_animation=&#8221;fadeIn&#8221;][\/vc_column_inner][\/vc_row_inner][vc_empty_space height=&#8221;64px&#8221; alter_height=&#8221;small&#8221; hide_on_mobile=&#8221;&#8221;][vc_empty_space height=&#8221;64px&#8221; alter_height=&#8221;small&#8221; hide_on_mobile=&#8221;&#8221;][\/vc_column][\/vc_row][vc_row][vc_column][vc_empty_space alter_height=&#8221;none&#8221; hide_on_mobile=&#8221;&#8221;][vc_custom_heading text=&#8221;Une interface employeur<br \/>\nultra-simplifi\u00e9e et ultra-compl\u00e8te&#8221; use_theme_fonts=&#8221;yes&#8221;][vc_row_inner][vc_column_inner width=&#8221;1\/2&#8243;][vc_column_text]<\/p>\n<div id=\"liste\">\n<ul class=\"trx_addons_list trx_addons_list_success\">\n<li class=\"liste\">Plateforme de r\u00e9servation multi-canal: commande via l&#8217;application, le site ou par t\u00e9l\u00e9phone<\/li>\n<li class=\"liste\">Gestion multi-utilisateurs et prise de commandes pour vos invit\u00e9s<\/li>\n<li class=\"liste\">Priorisation de traitement des demandes d&#8217;affectation chauffeur lors des p\u00e9riodes de forte affluence<\/li>\n<\/ul>\n<\/div>\n<p>[\/vc_column_text][\/vc_column_inner][vc_column_inner width=&#8221;1\/2&#8243;][vc_column_text]<\/p>\n<div id=\"liste\">\n<ul class=\"trx_addons_list trx_addons_list_success\">\n<li class=\"liste\">Param\u00e9trage du service selon les r\u00e8gles de votre politique voyage<\/li>\n<li class=\"liste\">Facturation par centre de co\u00fbt et note de frais \u00e9lectronique<\/li>\n<li class=\"liste\">Outils de reporting pour suivre en temps r\u00e9el les d\u00e9penses de transport<\/li>\n<\/ul>\n<\/div>\n<p>[\/vc_column_text][\/vc_column_inner][\/vc_row_inner][vc_empty_space alter_height=&#8221;none&#8221; hide_on_mobile=&#8221;&#8221;][vc_empty_space alter_height=&#8221;none&#8221; hide_on_mobile=&#8221;&#8221;][\/vc_column][\/vc_row][vc_row full_width=&#8221;stretch_row&#8221; css=&#8221;.vc_custom_1585260047761{background-color: #f9f9f9 !important;background-position: center !important;background-repeat: no-repeat !important;background-size: cover !important;}&#8221;][vc_column width=&#8221;1\/3&#8243;][vc_empty_space alter_height=&#8221;none&#8221; hide_on_mobile=&#8221;&#8221;][vc_empty_space alter_height=&#8221;none&#8221; hide_on_mobile=&#8221;&#8221;][vc_custom_heading text=&#8221;G\u00e9rez les d\u00e9placements selon les r\u00e8gles de votre politique voyage&#8221; font_container=&#8221;tag:h4|text_align:left&#8221; use_theme_fonts=&#8221;yes&#8221;][\/vc_column][vc_column width=&#8221;2\/3&#8243;][vc_empty_space alter_height=&#8221;none&#8221; hide_on_mobile=&#8221;&#8221;][vc_empty_space alter_height=&#8221;none&#8221; hide_on_mobile=&#8221;&#8221;][vc_gallery type=&#8221;nivo&#8221; interval=&#8221;3&#8243; images=&#8221;6321,6319,6317&#8243; img_size=&#8221;large&#8221; onclick=&#8221;&#8221;][vc_empty_space alter_height=&#8221;none&#8221; hide_on_mobile=&#8221;&#8221;][vc_empty_space alter_height=&#8221;none&#8221; hide_on_mobile=&#8221;&#8221;][\/vc_column][\/vc_row][vc_row full_width=&#8221;stretch_row_content&#8221; css=&#8221;.vc_custom_1543593141035{background-color: #1b1e27 !important;background-position: center !important;background-repeat: no-repeat !important;background-size: cover !important;}&#8221;][vc_column][vc_row_inner css=&#8221;.vc_custom_1762522127161{margin-top: 22px !important;}&#8221;][vc_column_inner el_class=&#8221;remove_margin_mobile&#8221; width=&#8221;1\/3&#8243; css=&#8221;.vc_custom_1486051029573{margin-left: 101px !important;}&#8221;][vc_custom_heading text=&#8221;RSE&#8221; font_container=&#8221;tag:h2|text_align:left|color:%2360d60c&#8221; use_theme_fonts=&#8221;yes&#8221;][vc_custom_heading text=&#8221;Responsabilit\u00e9 sociale<br \/>\net environnementale&#8221; font_container=&#8221;tag:h2|font_size:30px|text_align:left|color:%23ffffff&#8221; use_theme_fonts=&#8221;yes&#8221;][\/vc_column_inner][vc_column_inner width=&#8221;1\/3&#8243;][vc_custom_heading text=&#8221;Responsabilit\u00e9 sociale&#8221; font_container=&#8221;tag:h6|text_align:left|color:%23ffffff&#8221; use_theme_fonts=&#8221;yes&#8221;][vc_raw_html]JTNDZGl2JTIwY2xhc3MlM0QlMjJ3cGJfdGV4dF9jb2x1bW4lMjB3cGJfY29udGVudF9lbGVtZW50JTIwJTIwc2NoZW1lX2RhcmslMjIlM0UlMEElMDklMDklM0NkaXYlMjBjbGFzcyUzRCUyMndwYl93cmFwcGVyJTIyJTNFJTBBJTA5JTA5JTA5JTNDdWwlMjBjbGFzcyUzRCUyMnRyeF9hZGRvbnNfbGlzdCUyMHRyeF9hZGRvbnNfbGlzdF9taW51cyUyMiUzRSUwQSUzQ2xpJTNFUlNFJTIwUHJvdGVjdGlvbiUyMGRlcyUyMGRvbm4lQzMlQTllcyUyMC0lMjBSR0RQJTIwZGVwdWlzJTIwMjAxOCUzQyUyRmxpJTNFJTBBJTNDbGklM0VSU0UlMjBQYXBpZXJzJTNDJTJGbGklM0UlMEElM0NsaSUzRVByb3RlY3Rpb24lMjBkZXMlMjBkb25uJUMzJUE5ZXMlMjBiYW5jYWlyZXMlMjAtJTIwTm9ybWUlMjBQQ0klMjBEU1MlMjAzLjIlM0MlMkZsaSUzRSUwQSUzQyUyRnVsJTNFJTBBJTBBJTA5JTA5JTNDJTJGZGl2JTNFJTBBJTA5JTNDJTJGZGl2JTNFJTBBJTBB[\/vc_raw_html][\/vc_column_inner][vc_column_inner width=&#8221;1\/3&#8243;][vc_custom_heading text=&#8221;Responsabilit\u00e9 environnementale&#8221; font_container=&#8221;tag:h6|text_align:left|color:%23ffffff&#8221; use_theme_fonts=&#8221;yes&#8221;][vc_raw_html]JTNDZGl2JTIwY2xhc3MlM0QlMjJ3cGJfdGV4dF9jb2x1bW4lMjB3cGJfY29udGVudF9lbGVtZW50JTIwJTIwc2NoZW1lX2RhcmslMjIlM0UlMEElMDklMDklM0NkaXYlMjBjbGFzcyUzRCUyMndwYl93cmFwcGVyJTIyJTNFJTBBJTA5JTA5JTA5JTNDdWwlMjBjbGFzcyUzRCUyMnRyeF9hZGRvbnNfbGlzdCUyMHRyeF9hZGRvbnNfbGlzdF9taW51cyUyMiUzRSUwQSUzQ2xpJTNFRmxvdHRlJTIwZGUlMjBzY29vdGVycyUyMCVDMyVBOWxlY3RyaXF1ZXMlMjBkYW5zJTIwUGFyaXMlMjBpbnRyYS1tdXJvcyUzQyUyRmxpJTNFJTBBJTNDbGklM0VDb25kdWl0ZSUyMEVjby1yZXNwb25zYWJsZSUyMGV0JTIwY2FyYnVyYW50cyUyMCVDMyVBMCUyMGJhc2UlMjBkJTI3RXRoYW5vbCUzQyUyRmxpJTNFJTBBJTNDbGklM0VPdXRpbHMlMjBkZSUyMGRpc3BhdGNoJTIwLSUyMG9wdGltaXNhdGlvbiUyMGRlcyUyMHBsYW5uaW5ncyUyMGNoYXVmZmV1cnMlM0MlMkZsaSUzRSUwQSUwQSUzQyUyRnVsJTNFJTBBJTBBJTA5JTA5JTNDJTJGZGl2JTNFJTBBJTA5JTNDJTJGZGl2JTNF[\/vc_raw_html][vc_empty_space height=&#8221;96px&#8221; alter_height=&#8221;small&#8221; hide_on_mobile=&#8221;&#8221;][\/vc_column_inner][\/vc_row_inner][vc_empty_space alter_height=&#8221;medium&#8221; hide_on_mobile=&#8221;&#8221;][\/vc_column][\/vc_row][vc_row][vc_column][vc_empty_space alter_height=&#8221;none&#8221; hide_on_mobile=&#8221;&#8221;][vc_empty_space alter_height=&#8221;large&#8221; hide_on_mobile=&#8221;&#8221;][vc_raw_html css=&#8221;&#8221;]JTNDZGl2JTIwY2xhc3MlM0QlMjJza2VlcGVyc19jYXJvdXNlbF9jb250YWluZXIlMjIlMjBkYXRhLXNsaWRlcy1jb3VudCUzRCUyMjQlMjIlM0UlM0MlMkZkaXYlM0UlMEElM0NzY3JpcHQlMjBkZWZlciUyMGNoYXJzZXQlM0QlMjJ1dGYtOCUyMiUyMHNyYyUzRCUyMiUyRiUyRndpZGdldHMucnIuc2tlZXBlcnMuaW8lMkZjYXJvdXNlbCUyRmEyNWY4MWEyLWM3ZjctZjc4NC1kOTI0LWQ2Y2Q1ZTUwNGYzMSUyRjk0ZjVhZmY2LWMzM2YtNGQ2Ni1hZThhLTU2OTlhOGJiNTEyZC5qcyUyMiUzRSUzQyUyRnNjcmlwdCUzRQ==[\/vc_raw_html][vc_empty_space alter_height=&#8221;large&#8221; hide_on_mobile=&#8221;&#8221;][\/vc_column][\/vc_row][vc_row full_width=&#8221;stretch_row&#8221; css=&#8221;.vc_custom_1569507101536{background-image: url(https:\/\/www.urban-driver.com\/wp-content\/uploads\/2017\/01\/ville.jpg?id=1679) !important;}&#8221;][vc_column][vc_empty_space height=&#8221;2.65em&#8221; alter_height=&#8221;none&#8221; hide_on_mobile=&#8221;&#8221;][vc_custom_heading text=&#8221;Pr\u00eat \u00e0 proposer \u00e0 vos collaborateurs les services Urban Driver ?&#8221; font_container=&#8221;tag:h3|text_align:left|color:%23ffffff&#8221; use_theme_fonts=&#8221;yes&#8221;][vc_custom_heading text=&#8221;Nos \u00e9quipes sont \u00e0 votre disposition pour vous accompagner&#8221; font_container=&#8221;tag:h5|text_align:left|color:%23ffffff&#8221; use_theme_fonts=&#8221;yes&#8221;][vc_empty_space height=&#8221;2.65em&#8221; alter_height=&#8221;none&#8221; hide_on_mobile=&#8221;&#8221;][vc_row_inner][vc_column_inner width=&#8221;1\/2&#8243;]<div class=\"sc_item_button sc_button_wrap\"><a href=\"https:\/\/calendar.app.google\/zgSvPCd569ga6cWv5\" id=\"sc_button_353890013\" class=\"sc_button sc_button_default sc_button_size_normal sc_button_icon_left\"><span class=\"sc_button_text\"><span class=\"sc_button_title\">R\u00e9server un Rendez-vous<\/span><\/span><!-- \/.sc_button_text --><\/a><!-- \/.sc_button --><\/div><!-- \/.sc_item_button -->[vc_empty_space alter_height=&#8221;medium&#8221; hide_on_mobile=&#8221;&#8221;][\/vc_column_inner][vc_column_inner width=&#8221;1\/2&#8243;]<div class=\"sc_item_button sc_button_wrap\"><a href=\"https:\/\/www.urban-driver.com\/entreprises_creer_compte.php\" id=\"sc_button_2138302712\" class=\"sc_button sc_button_default sc_button_size_normal sc_button_icon_left\"><span class=\"sc_button_text\"><span class=\"sc_button_title\">Contacter l&#039;\u00e9quipe commerciale<\/span><\/span><!-- \/.sc_button_text --><\/a><!-- \/.sc_button --><\/div><!-- \/.sc_item_button -->[\/vc_column_inner][\/vc_row_inner][\/vc_column][\/vc_row]<\/p>\n<\/div>","protected":false},"excerpt":{"rendered":"<p>[vc_row css=&#8221;.vc_custom_1495186800449{background-color: #ffffff !important;}&#8221;][vc_column width=&#8221;1\/3&#8243;][vc_empty_space height=&#8221;4.1em&#8221; alter_height=&#8221;none&#8221; hide_on_mobile=&#8221;&#8221;][vc_empty_space height=&#8221;4.1em&#8221; alter_height=&#8221;none&#8221; hide_on_mobile=&#8221;&#8221;][vc_empty_space height=&#8221;4.1em&#8221; alter_height=&#8221;none&#8221; hide_on_mobile=&#8221;&#8221;][vc_empty_space height=&#8221;2em&#8221; alter_height=&#8221;none&#8221; hide_on_mobile=&#8221;&#8221;][vc_single_image image=&#8221;6284&#8243; img_size=&#8221;large&#8221; alignment=&#8221;center&#8221; css_animation=&#8221;fadeIn&#8221;][vc_empty_space height=&#8221;4.1em&#8221; alter_height=&#8221;none&#8221; hide_on_mobile=&#8221;&#8221;][\/vc_column][vc_column width=&#8221;2\/3&#8243; css=&#8221;.vc_custom_1569441265081{margin-left: 20px !important;}&#8221;][vc_empty_space hide_on_mobile=&#8221;&#8221;][vc_empty_space height=&#8221;4.1em&#8221; hide_on_mobile=&#8221;&#8221;][vc_custom_heading text=&#8221;URBANDRIVER for Business&#8221; font_container=&#8221;tag:h6|font_size:12px|text_align:left|color:%23b70604|line_height:0.8em&#8221; use_theme_fonts=&#8221;yes&#8221; css=&#8221;.vc_custom_1584719167628{margin-left: 20px !important;}&#8221;][vc_custom_heading text=&#8221;pour les Grandes Entreprises&#8221; font_container=&#8221;tag:h2|text_align:left|color:%23000000|line_height:0.8em&#8221; use_theme_fonts=&#8221;yes&#8221;&hellip;<\/p>\n","protected":false},"author":1,"featured_media":0,"parent":1408,"menu_order":9,"comment_status":"closed","ping_status":"closed","template":"","meta":{"footnotes":""},"class_list":["post-6269","page","type-page","status-publish","hentry"],"yoast_head":"<!-- This site is optimized with the Yoast SEO plugin v27.4 - https:\/\/yoast.com\/product\/yoast-seo-wordpress\/ -->\n<title>Le service de taxi-moto pour les Grandes Entreprises | URBANDRIVER<\/title>\n<meta name=\"description\" content=\"Urban Driver for Business pour les Grands comptes. Notre solution de transport en moto taxi pour les entreprises r\u00e9pond \u00e0 toutes vos probl\u00e9matiques de mobilit\u00e9.\" \/>\n<meta name=\"robots\" content=\"index, follow, max-snippet:-1, max-image-preview:large, max-video-preview:-1\" \/>\n<link rel=\"canonical\" href=\"https:\/\/www.urban-driver.com\/en\/grandes-entreprises.php\" \/>\n<meta property=\"og:locale\" content=\"en_US\" \/>\n<meta property=\"og:type\" content=\"article\" \/>\n<meta property=\"og:title\" content=\"Le service de taxi-moto pour les Grandes Entreprises | URBANDRIVER\" \/>\n<meta property=\"og:description\" content=\"Urban Driver for Business pour les Grands comptes. Notre solution de transport en moto taxi pour les entreprises r\u00e9pond \u00e0 toutes vos probl\u00e9matiques de mobilit\u00e9.\" \/>\n<meta property=\"og:url\" content=\"https:\/\/www.urban-driver.com\/en\/grandes-entreprises.php\" \/>\n<meta property=\"og:site_name\" content=\"Taxi moto | Urban Driver\" \/>\n<meta property=\"article:modified_time\" content=\"2025-11-07T13:30:17+00:00\" \/>\n<meta name=\"twitter:card\" content=\"summary_large_image\" \/>\n<meta name=\"twitter:label1\" content=\"Est. reading time\" \/>\n\t<meta name=\"twitter:data1\" content=\"7 minutes\" \/>\n<script type=\"application\/ld+json\" class=\"yoast-schema-graph\">{\"@context\":\"https:\\\/\\\/schema.org\",\"@graph\":[{\"@type\":\"WebPage\",\"@id\":\"https:\\\/\\\/www.urban-driver.com\\\/en\\\/grandes-entreprises.php\",\"url\":\"https:\\\/\\\/www.urban-driver.com\\\/en\\\/grandes-entreprises.php\",\"name\":\"Le service de taxi-moto pour les Grandes Entreprises | URBANDRIVER\",\"isPartOf\":{\"@id\":\"https:\\\/\\\/www.urban-driver.com\\\/en\\\/#website\"},\"datePublished\":\"2020-09-07T14:05:54+00:00\",\"dateModified\":\"2025-11-07T13:30:17+00:00\",\"description\":\"Urban Driver for Business pour les Grands comptes. Notre solution de transport en moto taxi pour les entreprises r\u00e9pond \u00e0 toutes vos probl\u00e9matiques de mobilit\u00e9.\",\"breadcrumb\":{\"@id\":\"https:\\\/\\\/www.urban-driver.com\\\/en\\\/grandes-entreprises.php#breadcrumb\"},\"inLanguage\":\"en-US\",\"potentialAction\":[{\"@type\":\"ReadAction\",\"target\":[\"https:\\\/\\\/www.urban-driver.com\\\/en\\\/grandes-entreprises.php\"]}]},{\"@type\":\"BreadcrumbList\",\"@id\":\"https:\\\/\\\/www.urban-driver.com\\\/en\\\/grandes-entreprises.php#breadcrumb\",\"itemListElement\":[{\"@type\":\"ListItem\",\"position\":1,\"name\":\"Urban Driver\",\"item\":\"https:\\\/\\\/www.urban-driver.com\\\/en\\\/\"},{\"@type\":\"ListItem\",\"position\":2,\"name\":\"Taxi Moto\",\"item\":\"https:\\\/\\\/www.urban-driver.com\\\/en\\\/moto-taxi.php\"},{\"@type\":\"ListItem\",\"position\":3,\"name\":\"Gestion de d\u00e9placements professionnels pour les entreprises\",\"item\":\"https:\\\/\\\/www.urban-driver.com\\\/en\\\/abonnements_entreprises.php\"},{\"@type\":\"ListItem\",\"position\":4,\"name\":\"La plateforme de taxi moto qui r\u00e9pond \u00e0 tous vos besoins !\"}]},{\"@type\":\"WebSite\",\"@id\":\"https:\\\/\\\/www.urban-driver.com\\\/en\\\/#website\",\"url\":\"https:\\\/\\\/www.urban-driver.com\\\/en\\\/\",\"name\":\"Taxi moto | Urban Driver\",\"description\":\"\",\"publisher\":{\"@id\":\"https:\\\/\\\/www.urban-driver.com\\\/en\\\/#organization\"},\"potentialAction\":[{\"@type\":\"SearchAction\",\"target\":{\"@type\":\"EntryPoint\",\"urlTemplate\":\"https:\\\/\\\/www.urban-driver.com\\\/en\\\/?s={search_term_string}\"},\"query-input\":{\"@type\":\"PropertyValueSpecification\",\"valueRequired\":true,\"valueName\":\"search_term_string\"}}],\"inLanguage\":\"en-US\"},{\"@type\":\"Organization\",\"@id\":\"https:\\\/\\\/www.urban-driver.com\\\/en\\\/#organization\",\"name\":\"URBAN DRIVER\",\"alternateName\":\"Urban\",\"url\":\"https:\\\/\\\/www.urban-driver.com\\\/en\\\/\",\"logo\":{\"@type\":\"ImageObject\",\"inLanguage\":\"en-US\",\"@id\":\"https:\\\/\\\/www.urban-driver.com\\\/en\\\/#\\\/schema\\\/logo\\\/image\\\/\",\"url\":\"https:\\\/\\\/www.urban-driver.com\\\/wp-content\\\/uploads\\\/2016\\\/12\\\/urban_driver.png\",\"contentUrl\":\"https:\\\/\\\/www.urban-driver.com\\\/wp-content\\\/uploads\\\/2016\\\/12\\\/urban_driver.png\",\"width\":300,\"height\":39,\"caption\":\"URBAN DRIVER\"},\"image\":{\"@id\":\"https:\\\/\\\/www.urban-driver.com\\\/en\\\/#\\\/schema\\\/logo\\\/image\\\/\"}}]}<\/script>\n<!-- \/ Yoast SEO plugin. -->","yoast_head_json":{"title":"Le service de taxi-moto pour les Grandes Entreprises | URBANDRIVER","description":"Urban Driver for Business pour les Grands comptes. Notre solution de transport en moto taxi pour les entreprises r\u00e9pond \u00e0 toutes vos probl\u00e9matiques de mobilit\u00e9.","robots":{"index":"index","follow":"follow","max-snippet":"max-snippet:-1","max-image-preview":"max-image-preview:large","max-video-preview":"max-video-preview:-1"},"canonical":"https:\/\/www.urban-driver.com\/en\/grandes-entreprises.php","og_locale":"en_US","og_type":"article","og_title":"Le service de taxi-moto pour les Grandes Entreprises | URBANDRIVER","og_description":"Urban Driver for Business pour les Grands comptes. Notre solution de transport en moto taxi pour les entreprises r\u00e9pond \u00e0 toutes vos probl\u00e9matiques de mobilit\u00e9.","og_url":"https:\/\/www.urban-driver.com\/en\/grandes-entreprises.php","og_site_name":"Taxi moto | Urban Driver","article_modified_time":"2025-11-07T13:30:17+00:00","twitter_card":"summary_large_image","twitter_misc":{"Est. reading time":"7 minutes"},"schema":{"@context":"https:\/\/schema.org","@graph":[{"@type":"WebPage","@id":"https:\/\/www.urban-driver.com\/en\/grandes-entreprises.php","url":"https:\/\/www.urban-driver.com\/en\/grandes-entreprises.php","name":"Le service de taxi-moto pour les Grandes Entreprises | URBANDRIVER","isPartOf":{"@id":"https:\/\/www.urban-driver.com\/en\/#website"},"datePublished":"2020-09-07T14:05:54+00:00","dateModified":"2025-11-07T13:30:17+00:00","description":"Urban Driver for Business pour les Grands comptes. Notre solution de transport en moto taxi pour les entreprises r\u00e9pond \u00e0 toutes vos probl\u00e9matiques de mobilit\u00e9.","breadcrumb":{"@id":"https:\/\/www.urban-driver.com\/en\/grandes-entreprises.php#breadcrumb"},"inLanguage":"en-US","potentialAction":[{"@type":"ReadAction","target":["https:\/\/www.urban-driver.com\/en\/grandes-entreprises.php"]}]},{"@type":"BreadcrumbList","@id":"https:\/\/www.urban-driver.com\/en\/grandes-entreprises.php#breadcrumb","itemListElement":[{"@type":"ListItem","position":1,"name":"Urban Driver","item":"https:\/\/www.urban-driver.com\/en\/"},{"@type":"ListItem","position":2,"name":"Taxi Moto","item":"https:\/\/www.urban-driver.com\/en\/moto-taxi.php"},{"@type":"ListItem","position":3,"name":"Gestion de d\u00e9placements professionnels pour les entreprises","item":"https:\/\/www.urban-driver.com\/en\/abonnements_entreprises.php"},{"@type":"ListItem","position":4,"name":"La plateforme de taxi moto qui r\u00e9pond \u00e0 tous vos besoins !"}]},{"@type":"WebSite","@id":"https:\/\/www.urban-driver.com\/en\/#website","url":"https:\/\/www.urban-driver.com\/en\/","name":"Taxi moto | Urban Driver","description":"","publisher":{"@id":"https:\/\/www.urban-driver.com\/en\/#organization"},"potentialAction":[{"@type":"SearchAction","target":{"@type":"EntryPoint","urlTemplate":"https:\/\/www.urban-driver.com\/en\/?s={search_term_string}"},"query-input":{"@type":"PropertyValueSpecification","valueRequired":true,"valueName":"search_term_string"}}],"inLanguage":"en-US"},{"@type":"Organization","@id":"https:\/\/www.urban-driver.com\/en\/#organization","name":"URBAN DRIVER","alternateName":"Urban","url":"https:\/\/www.urban-driver.com\/en\/","logo":{"@type":"ImageObject","inLanguage":"en-US","@id":"https:\/\/www.urban-driver.com\/en\/#\/schema\/logo\/image\/","url":"https:\/\/www.urban-driver.com\/wp-content\/uploads\/2016\/12\/urban_driver.png","contentUrl":"https:\/\/www.urban-driver.com\/wp-content\/uploads\/2016\/12\/urban_driver.png","width":300,"height":39,"caption":"URBAN DRIVER"},"image":{"@id":"https:\/\/www.urban-driver.com\/en\/#\/schema\/logo\/image\/"}}]}},"_links":{"self":[{"href":"https:\/\/www.urban-driver.com\/en\/wp-json\/wp\/v2\/pages\/6269","targetHints":{"allow":["GET"]}}],"collection":[{"href":"https:\/\/www.urban-driver.com\/en\/wp-json\/wp\/v2\/pages"}],"about":[{"href":"https:\/\/www.urban-driver.com\/en\/wp-json\/wp\/v2\/types\/page"}],"author":[{"embeddable":true,"href":"https:\/\/www.urban-driver.com\/en\/wp-json\/wp\/v2\/users\/1"}],"replies":[{"embeddable":true,"href":"https:\/\/www.urban-driver.com\/en\/wp-json\/wp\/v2\/comments?post=6269"}],"version-history":[{"count":0,"href":"https:\/\/www.urban-driver.com\/en\/wp-json\/wp\/v2\/pages\/6269\/revisions"}],"up":[{"embeddable":true,"href":"https:\/\/www.urban-driver.com\/en\/wp-json\/wp\/v2\/pages\/1408"}],"wp:attachment":[{"href":"https:\/\/www.urban-driver.com\/en\/wp-json\/wp\/v2\/media?parent=6269"}],"curies":[{"name":"wp","href":"https:\/\/api.w.org\/{rel}","templated":true}]}}