{"id":6255,"date":"2020-09-07T16:05:18","date_gmt":"2020-09-07T14:05:18","guid":{"rendered":"https:\/\/www.urban-driver.com\/?page_id=6255"},"modified":"2025-06-26T22:37:37","modified_gmt":"2025-06-26T20:37:37","slug":"gestion-de-deplacements-professionnels-pour-les-startups-2","status":"publish","type":"page","link":"https:\/\/www.urban-driver.com\/en\/startups.php","title":{"rendered":"Le Taxi moto pour acc\u00e9l\u00e9rer vos d\u00e9placements professionnels"},"content":{"rendered":"<div class=\"wpb-content-wrapper\"><p>[vc_row css=&#8221;.vc_custom_1495186800449{background-color: #ffffff !important;}&#8221;][vc_column width=&#8221;1\/3&#8243;][vc_empty_space height=&#8221;4.1em&#8221; alter_height=&#8221;none&#8221; hide_on_mobile=&#8221;&#8221;][vc_single_image image=&#8221;6262&#8243; img_size=&#8221;large&#8221; alignment=&#8221;center&#8221;][vc_empty_space height=&#8221;4.1em&#8221; alter_height=&#8221;none&#8221; hide_on_mobile=&#8221;&#8221;][vc_empty_space height=&#8221;4.1em&#8221; alter_height=&#8221;none&#8221; hide_on_mobile=&#8221;&#8221;][\/vc_column][vc_column width=&#8221;2\/3&#8243; css=&#8221;.vc_custom_1569441265081{margin-left: 20px !important;}&#8221;][vc_empty_space hide_on_mobile=&#8221;&#8221;][vc_empty_space height=&#8221;4.1em&#8221; hide_on_mobile=&#8221;&#8221;][vc_custom_heading text=&#8221;URBANDRIVER for Business&#8221; font_container=&#8221;tag:h6|font_size:12px|text_align:left|color:%23b70604|line_height:0.8em&#8221; use_theme_fonts=&#8221;yes&#8221; css=&#8221;.vc_custom_1584719167628{margin-left: 20px !important;}&#8221;][vc_custom_heading text=&#8221;pour les Startups&#8221; font_container=&#8221;tag:h2|text_align:left|color:%23000000|line_height:0.8em&#8221; use_theme_fonts=&#8221;yes&#8221; css=&#8221;.vc_custom_1584719155343{margin-left: 20px !important;}&#8221;][vc_empty_space hide_on_mobile=&#8221;&#8221;][vc_column_text css=&#8221;.vc_custom_1584736739297{margin-right: 20px !important;margin-left: 20px !important;}&#8221;]Urban Driver for Business pour startups vous propose une <span class=\"trx_addons_accent_bg\">solution de transport rapide, \u00e9conomique<\/span> et efficace. Ouvrez un compte pr\u00e9pay\u00e9 et b\u00e9n\u00e9ficiez imm\u00e9diatement jusqu&#8217;\u00e0 400\u20ac de cr\u00e9dits offerts.<\/p>\n<p>La croissance est primordiale pour le d\u00e9veloppement de votre startup, confiez-nous la gestion de vos d\u00e9placements professionnels et gagnez jusqu&#8217;\u00e0 2 heures par jour. Le temps, c&#8217;est de l&#8217;argent: vos transferts en taxi moto sont <span class=\"trx_addons_accent_bg\">2x plus rapides<\/span> qu&#8217;en voiture.[\/vc_column_text][vc_empty_space height=&#8221;128px&#8221; alter_height=&#8221;small&#8221; hide_on_mobile=&#8221;&#8221;][vc_empty_space height=&#8221;128px&#8221; alter_height=&#8221;small&#8221; hide_on_mobile=&#8221;&#8221;]<div class=\"sc_item_button sc_button_wrap\"><a href=\"https:\/\/www.urban-driver.com\/abonnement-prepaye-souscription.php\" id=\"sc_button_1996163445\" class=\"sc_button sc_button_default sc_button_size_normal sc_button_icon_left\"><span class=\"sc_button_text\"><span class=\"sc_button_title\">Ouvrir un compte pr\u00e9pay\u00e9<\/span><\/span><!-- \/.sc_button_text --><\/a><!-- \/.sc_button --><\/div><!-- \/.sc_item_button -->[vc_empty_space height=&#8221;128px&#8221; alter_height=&#8221;small&#8221; hide_on_mobile=&#8221;&#8221;][vc_empty_space height=&#8221;96px&#8221; hide_on_mobile=&#8221;&#8221;][\/vc_column][\/vc_row][vc_row full_width=&#8221;stretch_row&#8221; css=&#8221;.vc_custom_1569445576315{background-color: #f9f9f9 !important;}&#8221;][vc_column][vc_empty_space height=&#8221;64px&#8221; alter_height=&#8221;small&#8221; hide_on_mobile=&#8221;&#8221;][vc_empty_space height=&#8221;64px&#8221; alter_height=&#8221;small&#8221; hide_on_mobile=&#8221;&#8221;][vc_custom_heading text=&#8221;Ils nous font confiance !&#8221; font_container=&#8221;tag:p|font_size:50|text_align:center&#8221; use_theme_fonts=&#8221;yes&#8221;][vc_custom_heading text=&#8221;Plus de 100 entreprises utilisent d\u00e9j\u00e0 Urban Driver dont 24 startups.<br \/>\nRejoignez nous ?&#8221; font_container=&#8221;tag:p|font_size:20|text_align:center&#8221; use_theme_fonts=&#8221;yes&#8221;][vc_row_inner][vc_column_inner width=&#8221;1\/4&#8243;][vc_empty_space][vc_empty_space][vc_empty_space][vc_empty_space][vc_empty_space][vc_empty_space][vc_single_image image=&#8221;6351&#8243; alignment=&#8221;center&#8221;][vc_empty_space][\/vc_column_inner][vc_column_inner width=&#8221;1\/4&#8243;][vc_empty_space][vc_empty_space][vc_empty_space][vc_empty_space][vc_empty_space][vc_empty_space][vc_single_image image=&#8221;6357&#8243; img_size=&#8221;medium&#8221; css_animation=&#8221;fadeIn&#8221;][vc_empty_space][vc_empty_space][vc_empty_space][vc_empty_space][vc_empty_space][vc_empty_space][vc_empty_space][vc_single_image image=&#8221;6359&#8243; img_size=&#8221;medium&#8221; alignment=&#8221;center&#8221; css_animation=&#8221;fadeIn&#8221;][\/vc_column_inner][vc_column_inner width=&#8221;1\/4&#8243;][vc_empty_space][vc_empty_space][vc_empty_space][vc_single_image image=&#8221;6349&#8243; img_size=&#8221;medium&#8221; alignment=&#8221;center&#8221; css_animation=&#8221;fadeIn&#8221;][\/vc_column_inner][vc_column_inner width=&#8221;1\/4&#8243;][vc_empty_space][vc_empty_space][vc_empty_space][vc_empty_space][vc_single_image image=&#8221;6355&#8243; img_size=&#8221;medium&#8221; alignment=&#8221;center&#8221; css_animation=&#8221;fadeIn&#8221;][\/vc_column_inner][\/vc_row_inner][vc_empty_space height=&#8221;64px&#8221; alter_height=&#8221;small&#8221; hide_on_mobile=&#8221;&#8221;][vc_empty_space height=&#8221;64px&#8221; alter_height=&#8221;small&#8221; hide_on_mobile=&#8221;&#8221;][\/vc_column][\/vc_row][vc_row][vc_column][vc_empty_space alter_height=&#8221;big&#8221; hide_on_mobile=&#8221;&#8221;][vc_custom_heading text=&#8221;Le service de taxi moto le <b>plus cool<\/b> du march\u00e9&#8221; use_theme_fonts=&#8221;yes&#8221;][vc_row_inner][vc_column_inner width=&#8221;1\/2&#8243;][vc_column_text]<\/p>\n<div id=\"liste\">\n<ul class=\"trx_addons_list trx_addons_list_success\">\n<li class=\"liste\">Jusqu&#8217;\u00e0 400\u20ac Offert pour toute ouverture de compte pr\u00e9pay\u00e9<\/li>\n<li class=\"liste\">Une interface simple et flexible<\/li>\n<li class=\"liste\">Une application disponible sur Ios et Android<\/li>\n<\/ul>\n<\/div>\n<p>[\/vc_column_text][\/vc_column_inner][vc_column_inner width=&#8221;1\/2&#8243;][vc_column_text]<\/p>\n<div id=\"liste\">\n<ul class=\"trx_addons_list trx_addons_list_success\">\n<li class=\"liste\">Prix forfaitaires connus d\u00e8s la r\u00e9servation,<\/li>\n<li class=\"liste\">Commande imm\u00e9diate et \u00e0 l&#8217;avance<\/li>\n<li class=\"liste\">Flotte g\u00e9olocalis\u00e9e en temps r\u00e9elle<\/li>\n<\/ul>\n<\/div>\n<p>[\/vc_column_text][\/vc_column_inner][\/vc_row_inner][vc_empty_space alter_height=&#8221;large&#8221; hide_on_mobile=&#8221;&#8221;][\/vc_column][\/vc_row][vc_row full_width=&#8221;stretch_row_content&#8221; css=&#8221;.vc_custom_1543593141035{background-color: #1b1e27 !important;background-position: center !important;background-repeat: no-repeat !important;background-size: cover !important;}&#8221;][vc_column][vc_row_inner][vc_column_inner el_class=&#8221;remove_margin_mobile&#8221; width=&#8221;1\/3&#8243; css=&#8221;.vc_custom_1486051029573{margin-left: 101px !important;}&#8221;][vc_custom_heading text=&#8221;Effet Waouh&#8221; font_container=&#8221;tag:h2|text_align:left|color:%23ffffff&#8221; use_theme_fonts=&#8221;yes&#8221;][vc_custom_heading text=&#8221;Des fonctionnalit\u00e9s<br \/>\nqui vous changent la vie&#8221; font_container=&#8221;tag:h2|font_size:30px|text_align:left|color:%23ffffff&#8221; use_theme_fonts=&#8221;yes&#8221;][\/vc_column_inner][vc_column_inner width=&#8221;1\/3&#8243;][vc_custom_heading text=&#8221;Collaborateurs&#8221; font_container=&#8221;tag:h6|text_align:left|color:%23ffffff&#8221; use_theme_fonts=&#8221;yes&#8221;][vc_raw_html]JTNDZGl2JTIwY2xhc3MlM0QlMjJ3cGJfdGV4dF9jb2x1bW4lMjB3cGJfY29udGVudF9lbGVtZW50JTIwJTIwc2NoZW1lX2RhcmslMjIlM0UlMEElMDklMDklM0NkaXYlMjBjbGFzcyUzRCUyMndwYl93cmFwcGVyJTIyJTNFJTBBJTA5JTA5JTA5JTNDdWwlMjBjbGFzcyUzRCUyMnRyeF9hZGRvbnNfbGlzdCUyMHRyeF9hZGRvbnNfbGlzdF9taW51cyUyMiUzRSUwQSUzQ2xpJTNFMyUyMGNhbmF1eCUyMGRlJTIwciVDMyVBOXNlcnZhdGlvbiUzQSUyMEFwcGxpY2F0aW9ucyUyQyUyMHdlYiUyMGV0JTIwdCVDMyVBOWwlQzMlQTlwaG9uZSUzQyUyRmxpJTNFJTBBJTNDbGklM0VQcml4JTIwZm9yZmFpdGFpcmVzJTIwY29ubnVzJTIwJUMzJUEwJTIwbCUyN2F2YW5jZSUzQyUyRmxpJTNFJTBBJTNDbGklM0VDb21tYW5kZSUyMGltbSVDMyVBOWRpYXRlJTIwZXQlMjAlQzMlQTAlMjBsJTI3YXZhbmNlJTNDJTJGbGklM0UlMEElM0MlMkZ1bCUzRSUwQSUwQSUwOSUwOSUzQyUyRmRpdiUzRSUwQSUwOSUzQyUyRmRpdiUzRSUwQSUwQQ==[\/vc_raw_html][\/vc_column_inner][vc_column_inner width=&#8221;1\/3&#8243;][vc_custom_heading text=&#8221;Gestionnaires&#8221; font_container=&#8221;tag:h6|text_align:left|color:%23ffffff&#8221; use_theme_fonts=&#8221;yes&#8221;][vc_raw_html]JTNDZGl2JTIwY2xhc3MlM0QlMjJ3cGJfdGV4dF9jb2x1bW4lMjB3cGJfY29udGVudF9lbGVtZW50JTIwJTIwc2NoZW1lX2RhcmslMjIlM0UlMEElMDklMDklM0NkaXYlMjBjbGFzcyUzRCUyMndwYl93cmFwcGVyJTIyJTNFJTBBJTA5JTA5JTA5JTNDdWwlMjBjbGFzcyUzRCUyMnRyeF9hZGRvbnNfbGlzdCUyMHRyeF9hZGRvbnNfbGlzdF9taW51cyUyMiUzRSUwQSUzQ2xpJTNFU29sZGUlMjBjciVDMyVBOWRpdCVDMyVBOSUyMGluc3RhbnRhbiVDMyVBOW1lbnQlM0MlMkZsaSUzRSUwQSUzQ2xpJTNFQ29tcHRlJTIwbXVsdGktdXRpbGlzYXRldXJzJTNDJTJGbGklM0UlMEElM0NsaSUzRU91dGlscyUyMGRlJTIwcmVwb3J0aW5nJTNDJTJGbGklM0UlMEElMEElM0MlMkZ1bCUzRSUwQSUwQSUwOSUwOSUzQyUyRmRpdiUzRSUwQSUwOSUzQyUyRmRpdiUzRQ==[\/vc_raw_html][vc_empty_space height=&#8221;96px&#8221; alter_height=&#8221;small&#8221; hide_on_mobile=&#8221;&#8221;][\/vc_column_inner][\/vc_row_inner][vc_empty_space alter_height=&#8221;medium&#8221; hide_on_mobile=&#8221;&#8221;][\/vc_column][\/vc_row][vc_row][vc_column][vc_empty_space alter_height=&#8221;none&#8221; hide_on_mobile=&#8221;&#8221;][vc_empty_space alter_height=&#8221;large&#8221; hide_on_mobile=&#8221;&#8221;][vc_raw_html css=&#8221;&#8221;]JTNDZGl2JTIwY2xhc3MlM0QlMjJza2VlcGVyc19jYXJvdXNlbF9jb250YWluZXIlMjIlMjBkYXRhLXNsaWRlcy1jb3VudCUzRCUyMjQlMjIlM0UlM0MlMkZkaXYlM0UlMEElM0NzY3JpcHQlMjBkZWZlciUyMGNoYXJzZXQlM0QlMjJ1dGYtOCUyMiUyMHNyYyUzRCUyMiUyRiUyRndpZGdldHMucnIuc2tlZXBlcnMuaW8lMkZjYXJvdXNlbCUyRmEyNWY4MWEyLWM3ZjctZjc4NC1kOTI0LWQ2Y2Q1ZTUwNGYzMSUyRjk0ZjVhZmY2LWMzM2YtNGQ2Ni1hZThhLTU2OTlhOGJiNTEyZC5qcyUyMiUzRSUzQyUyRnNjcmlwdCUzRQ==[\/vc_raw_html][vc_empty_space alter_height=&#8221;large&#8221; hide_on_mobile=&#8221;&#8221;][\/vc_column][\/vc_row][vc_row full_width=&#8221;stretch_row&#8221; css=&#8221;.vc_custom_1569507101536{background-image: url(https:\/\/www.urban-driver.com\/wp-content\/uploads\/2017\/01\/ville.jpg?id=1679) !important;}&#8221;][vc_column][vc_empty_space height=&#8221;2.65em&#8221; alter_height=&#8221;none&#8221; hide_on_mobile=&#8221;&#8221;][vc_custom_heading text=&#8221;Pr\u00eat \u00e0 enfourcher une moto taxi Urban Driver ?&#8221; font_container=&#8221;tag:h3|text_align:left|color:%23ffffff&#8221; use_theme_fonts=&#8221;yes&#8221;][vc_custom_heading text=&#8221;Ouvrez votre compte en 5 minutes, commandez votre taxi moto en quelques clics&#8221; font_container=&#8221;tag:h5|text_align:left|color:%23ffffff&#8221; use_theme_fonts=&#8221;yes&#8221;]<div class=\"sc_item_button sc_button_wrap\"><a href=\"https:\/\/www.urban-driver.com\/abonnement-prepaye-souscription.php\" id=\"sc_button_1696634669\" class=\"sc_button sc_button_default sc_button_size_normal sc_button_icon_left\"><span class=\"sc_button_text\"><span class=\"sc_button_title\">Cliquez-ici<\/span><\/span><!-- \/.sc_button_text --><\/a><!-- \/.sc_button --><\/div><!-- \/.sc_item_button -->[vc_empty_space height=&#8221;2.65em&#8221; alter_height=&#8221;none&#8221; hide_on_mobile=&#8221;&#8221;][\/vc_column][\/vc_row]<\/p>\n<\/div>","protected":false},"excerpt":{"rendered":"<p>[vc_row css=&#8221;.vc_custom_1495186800449{background-color: #ffffff !important;}&#8221;][vc_column width=&#8221;1\/3&#8243;][vc_empty_space height=&#8221;4.1em&#8221; alter_height=&#8221;none&#8221; hide_on_mobile=&#8221;&#8221;][vc_single_image image=&#8221;6262&#8243; img_size=&#8221;large&#8221; alignment=&#8221;center&#8221;][vc_empty_space height=&#8221;4.1em&#8221; alter_height=&#8221;none&#8221; hide_on_mobile=&#8221;&#8221;][vc_empty_space height=&#8221;4.1em&#8221; alter_height=&#8221;none&#8221; hide_on_mobile=&#8221;&#8221;][\/vc_column][vc_column width=&#8221;2\/3&#8243; css=&#8221;.vc_custom_1569441265081{margin-left: 20px !important;}&#8221;][vc_empty_space hide_on_mobile=&#8221;&#8221;][vc_empty_space height=&#8221;4.1em&#8221; hide_on_mobile=&#8221;&#8221;][vc_custom_heading text=&#8221;URBANDRIVER for Business&#8221; font_container=&#8221;tag:h6|font_size:12px|text_align:left|color:%23b70604|line_height:0.8em&#8221; use_theme_fonts=&#8221;yes&#8221; css=&#8221;.vc_custom_1584719167628{margin-left: 20px !important;}&#8221;][vc_custom_heading text=&#8221;pour les Startups&#8221; font_container=&#8221;tag:h2|text_align:left|color:%23000000|line_height:0.8em&#8221; use_theme_fonts=&#8221;yes&#8221; css=&#8221;.vc_custom_1584719155343{margin-left: 20px !important;}&#8221;][vc_empty_space hide_on_mobile=&#8221;&#8221;][vc_column_text css=&#8221;.vc_custom_1584736739297{margin-right: 20px !important;margin-left: 20px&hellip;<\/p>\n","protected":false},"author":1,"featured_media":0,"parent":1408,"menu_order":9,"comment_status":"closed","ping_status":"closed","template":"","meta":{"footnotes":""},"class_list":["post-6255","page","type-page","status-publish","hentry"],"yoast_head":"<!-- This site is optimized with the Yoast SEO plugin v27.4 - https:\/\/yoast.com\/product\/yoast-seo-wordpress\/ -->\n<title>Le service de taxi-moto pour les Startups | URBANDRIVER<\/title>\n<meta name=\"description\" content=\"Urban Driver accompagne les Startups dans leur croissance en acc\u00e9l\u00e9rant la vitesse de leurs d\u00e9placements professionnels. Offre sans engagement &amp; tarifs forfaitaires.\" \/>\n<meta name=\"robots\" content=\"index, follow, max-snippet:-1, max-image-preview:large, max-video-preview:-1\" \/>\n<link rel=\"canonical\" href=\"https:\/\/www.urban-driver.com\/en\/startups.php\" \/>\n<meta property=\"og:locale\" content=\"en_US\" \/>\n<meta property=\"og:type\" content=\"article\" \/>\n<meta property=\"og:title\" content=\"Le service de taxi-moto pour les Startups | URBANDRIVER\" \/>\n<meta property=\"og:description\" content=\"Urban Driver accompagne les Startups dans leur croissance en acc\u00e9l\u00e9rant la vitesse de leurs d\u00e9placements professionnels. Offre sans engagement &amp; tarifs forfaitaires.\" \/>\n<meta property=\"og:url\" content=\"https:\/\/www.urban-driver.com\/en\/startups.php\" \/>\n<meta property=\"og:site_name\" content=\"Taxi moto | Urban Driver\" \/>\n<meta property=\"article:modified_time\" content=\"2025-06-26T20:37:37+00:00\" \/>\n<meta name=\"twitter:card\" content=\"summary_large_image\" \/>\n<meta name=\"twitter:label1\" content=\"Est. reading time\" \/>\n\t<meta name=\"twitter:data1\" content=\"6 minutes\" \/>\n<script type=\"application\/ld+json\" class=\"yoast-schema-graph\">{\"@context\":\"https:\\\/\\\/schema.org\",\"@graph\":[{\"@type\":\"WebPage\",\"@id\":\"https:\\\/\\\/www.urban-driver.com\\\/en\\\/startups.php\",\"url\":\"https:\\\/\\\/www.urban-driver.com\\\/en\\\/startups.php\",\"name\":\"Le service de taxi-moto pour les Startups | URBANDRIVER\",\"isPartOf\":{\"@id\":\"https:\\\/\\\/www.urban-driver.com\\\/en\\\/#website\"},\"datePublished\":\"2020-09-07T14:05:18+00:00\",\"dateModified\":\"2025-06-26T20:37:37+00:00\",\"description\":\"Urban Driver accompagne les Startups dans leur croissance en acc\u00e9l\u00e9rant la vitesse de leurs d\u00e9placements professionnels. Offre sans engagement & tarifs forfaitaires.\",\"breadcrumb\":{\"@id\":\"https:\\\/\\\/www.urban-driver.com\\\/en\\\/startups.php#breadcrumb\"},\"inLanguage\":\"en-US\",\"potentialAction\":[{\"@type\":\"ReadAction\",\"target\":[\"https:\\\/\\\/www.urban-driver.com\\\/en\\\/startups.php\"]}]},{\"@type\":\"BreadcrumbList\",\"@id\":\"https:\\\/\\\/www.urban-driver.com\\\/en\\\/startups.php#breadcrumb\",\"itemListElement\":[{\"@type\":\"ListItem\",\"position\":1,\"name\":\"Urban Driver\",\"item\":\"https:\\\/\\\/www.urban-driver.com\\\/en\\\/\"},{\"@type\":\"ListItem\",\"position\":2,\"name\":\"Taxi Moto\",\"item\":\"https:\\\/\\\/www.urban-driver.com\\\/en\\\/moto-taxi.php\"},{\"@type\":\"ListItem\",\"position\":3,\"name\":\"Gestion de d\u00e9placements professionnels pour les entreprises\",\"item\":\"https:\\\/\\\/www.urban-driver.com\\\/en\\\/abonnements_entreprises.php\"},{\"@type\":\"ListItem\",\"position\":4,\"name\":\"Le Taxi moto pour acc\u00e9l\u00e9rer vos d\u00e9placements professionnels\"}]},{\"@type\":\"WebSite\",\"@id\":\"https:\\\/\\\/www.urban-driver.com\\\/en\\\/#website\",\"url\":\"https:\\\/\\\/www.urban-driver.com\\\/en\\\/\",\"name\":\"Taxi moto | Urban Driver\",\"description\":\"\",\"publisher\":{\"@id\":\"https:\\\/\\\/www.urban-driver.com\\\/en\\\/#organization\"},\"potentialAction\":[{\"@type\":\"SearchAction\",\"target\":{\"@type\":\"EntryPoint\",\"urlTemplate\":\"https:\\\/\\\/www.urban-driver.com\\\/en\\\/?s={search_term_string}\"},\"query-input\":{\"@type\":\"PropertyValueSpecification\",\"valueRequired\":true,\"valueName\":\"search_term_string\"}}],\"inLanguage\":\"en-US\"},{\"@type\":\"Organization\",\"@id\":\"https:\\\/\\\/www.urban-driver.com\\\/en\\\/#organization\",\"name\":\"URBAN DRIVER\",\"alternateName\":\"Urban\",\"url\":\"https:\\\/\\\/www.urban-driver.com\\\/en\\\/\",\"logo\":{\"@type\":\"ImageObject\",\"inLanguage\":\"en-US\",\"@id\":\"https:\\\/\\\/www.urban-driver.com\\\/en\\\/#\\\/schema\\\/logo\\\/image\\\/\",\"url\":\"https:\\\/\\\/www.urban-driver.com\\\/wp-content\\\/uploads\\\/2016\\\/12\\\/urban_driver.png\",\"contentUrl\":\"https:\\\/\\\/www.urban-driver.com\\\/wp-content\\\/uploads\\\/2016\\\/12\\\/urban_driver.png\",\"width\":300,\"height\":39,\"caption\":\"URBAN DRIVER\"},\"image\":{\"@id\":\"https:\\\/\\\/www.urban-driver.com\\\/en\\\/#\\\/schema\\\/logo\\\/image\\\/\"}}]}<\/script>\n<!-- \/ Yoast SEO plugin. -->","yoast_head_json":{"title":"Le service de taxi-moto pour les Startups | URBANDRIVER","description":"Urban Driver accompagne les Startups dans leur croissance en acc\u00e9l\u00e9rant la vitesse de leurs d\u00e9placements professionnels. Offre sans engagement & tarifs forfaitaires.","robots":{"index":"index","follow":"follow","max-snippet":"max-snippet:-1","max-image-preview":"max-image-preview:large","max-video-preview":"max-video-preview:-1"},"canonical":"https:\/\/www.urban-driver.com\/en\/startups.php","og_locale":"en_US","og_type":"article","og_title":"Le service de taxi-moto pour les Startups | URBANDRIVER","og_description":"Urban Driver accompagne les Startups dans leur croissance en acc\u00e9l\u00e9rant la vitesse de leurs d\u00e9placements professionnels. Offre sans engagement & tarifs forfaitaires.","og_url":"https:\/\/www.urban-driver.com\/en\/startups.php","og_site_name":"Taxi moto | Urban Driver","article_modified_time":"2025-06-26T20:37:37+00:00","twitter_card":"summary_large_image","twitter_misc":{"Est. reading time":"6 minutes"},"schema":{"@context":"https:\/\/schema.org","@graph":[{"@type":"WebPage","@id":"https:\/\/www.urban-driver.com\/en\/startups.php","url":"https:\/\/www.urban-driver.com\/en\/startups.php","name":"Le service de taxi-moto pour les Startups | URBANDRIVER","isPartOf":{"@id":"https:\/\/www.urban-driver.com\/en\/#website"},"datePublished":"2020-09-07T14:05:18+00:00","dateModified":"2025-06-26T20:37:37+00:00","description":"Urban Driver accompagne les Startups dans leur croissance en acc\u00e9l\u00e9rant la vitesse de leurs d\u00e9placements professionnels. Offre sans engagement & tarifs forfaitaires.","breadcrumb":{"@id":"https:\/\/www.urban-driver.com\/en\/startups.php#breadcrumb"},"inLanguage":"en-US","potentialAction":[{"@type":"ReadAction","target":["https:\/\/www.urban-driver.com\/en\/startups.php"]}]},{"@type":"BreadcrumbList","@id":"https:\/\/www.urban-driver.com\/en\/startups.php#breadcrumb","itemListElement":[{"@type":"ListItem","position":1,"name":"Urban Driver","item":"https:\/\/www.urban-driver.com\/en\/"},{"@type":"ListItem","position":2,"name":"Taxi Moto","item":"https:\/\/www.urban-driver.com\/en\/moto-taxi.php"},{"@type":"ListItem","position":3,"name":"Gestion de d\u00e9placements professionnels pour les entreprises","item":"https:\/\/www.urban-driver.com\/en\/abonnements_entreprises.php"},{"@type":"ListItem","position":4,"name":"Le Taxi moto pour acc\u00e9l\u00e9rer vos d\u00e9placements professionnels"}]},{"@type":"WebSite","@id":"https:\/\/www.urban-driver.com\/en\/#website","url":"https:\/\/www.urban-driver.com\/en\/","name":"Taxi moto | Urban Driver","description":"","publisher":{"@id":"https:\/\/www.urban-driver.com\/en\/#organization"},"potentialAction":[{"@type":"SearchAction","target":{"@type":"EntryPoint","urlTemplate":"https:\/\/www.urban-driver.com\/en\/?s={search_term_string}"},"query-input":{"@type":"PropertyValueSpecification","valueRequired":true,"valueName":"search_term_string"}}],"inLanguage":"en-US"},{"@type":"Organization","@id":"https:\/\/www.urban-driver.com\/en\/#organization","name":"URBAN DRIVER","alternateName":"Urban","url":"https:\/\/www.urban-driver.com\/en\/","logo":{"@type":"ImageObject","inLanguage":"en-US","@id":"https:\/\/www.urban-driver.com\/en\/#\/schema\/logo\/image\/","url":"https:\/\/www.urban-driver.com\/wp-content\/uploads\/2016\/12\/urban_driver.png","contentUrl":"https:\/\/www.urban-driver.com\/wp-content\/uploads\/2016\/12\/urban_driver.png","width":300,"height":39,"caption":"URBAN DRIVER"},"image":{"@id":"https:\/\/www.urban-driver.com\/en\/#\/schema\/logo\/image\/"}}]}},"_links":{"self":[{"href":"https:\/\/www.urban-driver.com\/en\/wp-json\/wp\/v2\/pages\/6255","targetHints":{"allow":["GET"]}}],"collection":[{"href":"https:\/\/www.urban-driver.com\/en\/wp-json\/wp\/v2\/pages"}],"about":[{"href":"https:\/\/www.urban-driver.com\/en\/wp-json\/wp\/v2\/types\/page"}],"author":[{"embeddable":true,"href":"https:\/\/www.urban-driver.com\/en\/wp-json\/wp\/v2\/users\/1"}],"replies":[{"embeddable":true,"href":"https:\/\/www.urban-driver.com\/en\/wp-json\/wp\/v2\/comments?post=6255"}],"version-history":[{"count":0,"href":"https:\/\/www.urban-driver.com\/en\/wp-json\/wp\/v2\/pages\/6255\/revisions"}],"up":[{"embeddable":true,"href":"https:\/\/www.urban-driver.com\/en\/wp-json\/wp\/v2\/pages\/1408"}],"wp:attachment":[{"href":"https:\/\/www.urban-driver.com\/en\/wp-json\/wp\/v2\/media?parent=6255"}],"curies":[{"name":"wp","href":"https:\/\/api.w.org\/{rel}","templated":true}]}}