{"id":5958,"date":"2019-05-21T17:42:55","date_gmt":"2019-05-21T15:42:55","guid":{"rendered":"https:\/\/www.urban-driver.com\/?page_id=5958"},"modified":"2019-05-21T18:16:02","modified_gmt":"2019-05-21T16:16:02","slug":"client","status":"publish","type":"page","link":"https:\/\/www.urban-driver.com\/en\/client-first.php","title":{"rendered":"Aidez-nous \u00e0 vous offrir la meilleure exp\u00e9rience client"},"content":{"rendered":"<div class=\"wpb-content-wrapper\"><p>[vc_row full_width=&#8221;stretch_row&#8221; css=&#8221;.vc_custom_1484138884725{background-color: #f5f7f8 !important;}&#8221;][vc_column][vc_empty_space height=&#8221;2em&#8221; alter_height=&#8221;huge&#8221; hide_on_mobile=&#8221;1&#8243;]<div id=\"sc_content_1576257160\"\n\t\tclass=\"sc_content sc_content_default sc_float_center sc_align_left padding_form_off  vc_custom_1485866733216 sc_content_width_3_4\"><div class=\"sc_content_container\">[vc_empty_space height=&#8221;3.4em&#8221; alter_height=&#8221;none&#8221; hide_on_mobile=&#8221;1&#8243;][vc_custom_heading text=&#8221;Nous sommes \u00e0 votre \u00e9coute&#8221; font_container=&#8221;tag:h1|text_align:left&#8221; use_theme_fonts=&#8221;yes&#8221; css=&#8221;.vc_custom_1558455335761{margin-top: 0px !important;margin-bottom: 25px !important;}&#8221;][vc_empty_space height=&#8221;1.3em&#8221; alter_height=&#8221;none&#8221; hide_on_mobile=&#8221;&#8221;][vc_column_text]\n<div class=\"wpcf7 no-js\" id=\"wpcf7-f5954-o1\" lang=\"fr-FR\" dir=\"ltr\" data-wpcf7-id=\"5954\">\n<div class=\"screen-reader-response\"><p role=\"status\" aria-live=\"polite\" aria-atomic=\"true\"><\/p> <ul><\/ul><\/div>\n<form action=\"\/en\/wp-json\/wp\/v2\/pages\/5958#wpcf7-f5954-o1\" method=\"post\" class=\"wpcf7-form init\" aria-label=\"Formulaire de contact\" novalidate=\"novalidate\" data-status=\"init\">\n<fieldset class=\"hidden-fields-container\"><input type=\"hidden\" name=\"_wpcf7\" value=\"5954\" \/><input type=\"hidden\" name=\"_wpcf7_version\" value=\"6.1.5\" \/><input type=\"hidden\" name=\"_wpcf7_locale\" value=\"fr_FR\" \/><input type=\"hidden\" name=\"_wpcf7_unit_tag\" value=\"wpcf7-f5954-o1\" \/><input type=\"hidden\" name=\"_wpcf7_container_post\" value=\"0\" \/><input type=\"hidden\" name=\"_wpcf7_posted_data_hash\" value=\"\" \/>\n<\/fieldset>\n<label> Votre nom et pr\u00e9nom\n    <span class=\"wpcf7-form-control-wrap\" data-name=\"your-name\"><input size=\"40\" maxlength=\"400\" class=\"wpcf7-form-control wpcf7-text wpcf7-validates-as-required\" aria-required=\"true\" aria-invalid=\"false\" value=\"\" type=\"text\" name=\"your-name\" \/><\/span> <\/label>\n\n<label> Votre e-mail \n   [your-email] <\/label>\n\nCombien de course effectu\u00e9 vous approximativement chaque mois ?\n<span class=\"wpcf7-form-control-wrap\" data-name=\"menu-10\"><select class=\"wpcf7-form-control wpcf7-select wpcf7-validates-as-required\" aria-required=\"true\" aria-invalid=\"false\" name=\"menu-10\"><option value=\"\">&#8212;Veuillez choisir une option&#8212;<\/option><option value=\"Entre 1 \u00e0 4 par mois\">Entre 1 \u00e0 4 par mois<\/option><option value=\"Entre 4 \u00e0 10 par mois\">Entre 4 \u00e0 10 par mois<\/option><option value=\"+ de 10 courses par mois\">+ de 10 courses par mois<\/option><\/select><\/span> \n\nQuels type de trajet effectu\u00e9 vous le plus r\u00e9guli\u00e8rement ?\n<span class=\"wpcf7-form-control-wrap\" data-name=\"menu-546\"><select class=\"wpcf7-form-control wpcf7-select wpcf7-validates-as-required\" aria-required=\"true\" aria-invalid=\"false\" name=\"menu-546\"><option value=\"\">&#8212;Veuillez choisir une option&#8212;<\/option><option value=\"Transferts vers ou depuis les a\u00e9roports\">Transferts vers ou depuis les a\u00e9roports<\/option><option value=\"Transferts vers ou depuis les gares\">Transferts vers ou depuis les gares<\/option><option value=\"Transferts Paris intramuros et 1\u00e8re couronne\">Transferts Paris intramuros et 1\u00e8re couronne<\/option><option value=\"Transferts vers ou depuis la banlieue parisienne\">Transferts vers ou depuis la banlieue parisienne<\/option><option value=\"Autres transferts\">Autres transferts<\/option><\/select><\/span> \n\nQuels sont les crit\u00e8res les plus importants pour vous ?\n   <span class=\"wpcf7-form-control-wrap\" data-name=\"checkbox-376\"><span class=\"wpcf7-form-control wpcf7-checkbox\"><span class=\"wpcf7-list-item first\"><input type=\"checkbox\" name=\"checkbox-376[]\" value=\"La qualit\u00e9 de conduite du chauffeur\" \/><span class=\"wpcf7-list-item-label\">La qualit\u00e9 de conduite du chauffeur<\/span><\/span><span class=\"wpcf7-list-item\"><input type=\"checkbox\" name=\"checkbox-376[]\" value=\"Le confort du v\u00e9hicule\" \/><span class=\"wpcf7-list-item-label\">Le confort du v\u00e9hicule<\/span><\/span><span class=\"wpcf7-list-item\"><input type=\"checkbox\" name=\"checkbox-376[]\" value=\"L&#039;\u00e9quipement propos\u00e9\" \/><span class=\"wpcf7-list-item-label\">L&#039;\u00e9quipement propos\u00e9<\/span><\/span><span class=\"wpcf7-list-item\"><input type=\"checkbox\" name=\"checkbox-376[]\" value=\"Le prix\" \/><span class=\"wpcf7-list-item-label\">Le prix<\/span><\/span><span class=\"wpcf7-list-item last\"><input type=\"checkbox\" name=\"checkbox-376[]\" value=\"La plateforme de r\u00e9servation en ligne et les applications\" \/><span class=\"wpcf7-list-item-label\">La plateforme de r\u00e9servation en ligne et les applications<\/span><\/span><\/span><\/span>\n\n<label> Quel prix avez vous l'habitude de payer ?\n    <span class=\"wpcf7-form-control-wrap\" data-name=\"text-79\"><input size=\"40\" maxlength=\"400\" class=\"wpcf7-form-control wpcf7-text\" aria-invalid=\"false\" value=\"\" type=\"text\" name=\"text-79\" \/><\/span> <\/label>\n\n<label> Quels est le nom de votre prestataire actuel ?\n    <span class=\"wpcf7-form-control-wrap\" data-name=\"your-message\"><textarea cols=\"40\" rows=\"10\" maxlength=\"2000\" class=\"wpcf7-form-control wpcf7-textarea\" aria-invalid=\"false\" name=\"your-message\"><\/textarea><\/span> <\/label>\n\n<label> Suggestion qui pourrait vous faire r\u00e9-essayer URBANDRIVER - Information suppl\u00e9mentaire\n    <span class=\"wpcf7-form-control-wrap\" data-name=\"your-message\"><textarea cols=\"40\" rows=\"10\" maxlength=\"2000\" class=\"wpcf7-form-control wpcf7-textarea\" aria-invalid=\"false\" name=\"your-message\"><\/textarea><\/span> <\/label>\n\n<span id=\"wpcf7-69e032d3293d1-wrapper\" class=\"wpcf7-form-control-wrap code-postal-verif-wrap\" ><input type=\"hidden\" name=\"code-postal-verif-time-start\" value=\"1776300755\"><input type=\"hidden\" name=\"code-postal-verif-time-check\" value=\"1\"><label for=\"wpcf7-69e032d3293d1-field\" class=\"hp-message\">Veuillez laisser ce champ vide.<\/label><input id=\"wpcf7-69e032d3293d1-field\"  class=\"wpcf7-form-control wpcf7-text\" type=\"text\" name=\"code-postal-verif\" value=\"\" size=\"40\" tabindex=\"-1\" autocomplete=\"new-password\" \/><\/span>\n\n\n<input class=\"wpcf7-form-control wpcf7-submit has-spinner\" type=\"submit\" value=\"Envoyer\" \/><div class=\"wpcf7-response-output\" aria-hidden=\"true\"><\/div>\n<\/form>\n<\/div>\n[\/vc_column_text][vc_custom_heading text=&#8221;Nous allons \u00e9tudier vos r\u00e9ponses avec attention et nous reviendrons vers vous par mail.&#8221; font_container=&#8221;tag:h6|text_align:left&#8221; use_theme_fonts=&#8221;yes&#8221;][vc_empty_space height=&#8221;2em&#8221; alter_height=&#8221;none&#8221; hide_on_mobile=&#8221;1&#8243;][vc_empty_space height=&#8221;2em&#8221; alter_height=&#8221;none&#8221; hide_on_mobile=&#8221;&#8221;]<\/div><\/div><!-- \/.sc_content -->[vc_empty_space height=&#8221;3.5em&#8221; alter_height=&#8221;none&#8221; hide_on_mobile=&#8221;&#8221;][vc_empty_space height=&#8221;2em&#8221; alter_height=&#8221;huge&#8221; hide_on_mobile=&#8221;1&#8243;][\/vc_column][\/vc_row]<\/p>\n<\/div>","protected":false},"excerpt":{"rendered":"<p>[vc_row full_width=&#8221;stretch_row&#8221; css=&#8221;.vc_custom_1484138884725{background-color: #f5f7f8 !important;}&#8221;][vc_column][vc_empty_space height=&#8221;2em&#8221; alter_height=&#8221;huge&#8221; hide_on_mobile=&#8221;1&#8243;][vc_empty_space height=&#8221;3.5em&#8221; alter_height=&#8221;none&#8221; hide_on_mobile=&#8221;&#8221;][vc_empty_space height=&#8221;2em&#8221; alter_height=&#8221;huge&#8221; hide_on_mobile=&#8221;1&#8243;][\/vc_column][\/vc_row]<\/p>\n","protected":false},"author":1,"featured_media":0,"parent":0,"menu_order":0,"comment_status":"closed","ping_status":"closed","template":"","meta":{"footnotes":""},"class_list":["post-5958","page","type-page","status-publish","hentry"],"yoast_head":"<!-- This site is optimized with the Yoast SEO plugin v27.4 - https:\/\/yoast.com\/product\/yoast-seo-wordpress\/ -->\n<title>Nous souhaitons vous offrir la meilleure exp\u00e9rience client - URBANDRIVER<\/title>\n<meta name=\"description\" content=\"Dites-en nous un peu plus sur vous, vos besoins et vos souhaits en compl\u00e9tant ce formulaire, toutes vos r\u00e9ponses seront l&#039;\u00e9quipe Urban driver vous r\u00e9pondra au plus vite.\" \/>\n<meta name=\"robots\" content=\"index, follow, max-snippet:-1, max-image-preview:large, max-video-preview:-1\" \/>\n<link rel=\"canonical\" href=\"https:\/\/www.urban-driver.com\/en\/client-first.php\" \/>\n<meta property=\"og:locale\" content=\"en_US\" \/>\n<meta property=\"og:type\" content=\"article\" \/>\n<meta property=\"og:title\" content=\"Nous souhaitons vous offrir la meilleure exp\u00e9rience client - URBANDRIVER\" \/>\n<meta property=\"og:description\" content=\"Dites-en nous un peu plus sur vous, vos besoins et vos souhaits en compl\u00e9tant ce formulaire, toutes vos r\u00e9ponses seront l&#039;\u00e9quipe Urban driver vous r\u00e9pondra au plus vite.\" \/>\n<meta property=\"og:url\" content=\"https:\/\/www.urban-driver.com\/en\/client-first.php\" \/>\n<meta property=\"og:site_name\" content=\"Taxi moto | Urban Driver\" \/>\n<meta property=\"article:modified_time\" content=\"2019-05-21T16:16:02+00:00\" \/>\n<meta name=\"twitter:card\" content=\"summary_large_image\" \/>\n<meta name=\"twitter:label1\" content=\"Est. reading time\" \/>\n\t<meta name=\"twitter:data1\" content=\"1 minute\" \/>\n<script type=\"application\/ld+json\" class=\"yoast-schema-graph\">{\"@context\":\"https:\\\/\\\/schema.org\",\"@graph\":[{\"@type\":\"WebPage\",\"@id\":\"https:\\\/\\\/www.urban-driver.com\\\/en\\\/client-first.php\",\"url\":\"https:\\\/\\\/www.urban-driver.com\\\/en\\\/client-first.php\",\"name\":\"Nous souhaitons vous offrir la meilleure exp\u00e9rience client - URBANDRIVER\",\"isPartOf\":{\"@id\":\"https:\\\/\\\/www.urban-driver.com\\\/en\\\/#website\"},\"datePublished\":\"2019-05-21T15:42:55+00:00\",\"dateModified\":\"2019-05-21T16:16:02+00:00\",\"description\":\"Dites-en nous un peu plus sur vous, vos besoins et vos souhaits en compl\u00e9tant ce formulaire, toutes vos r\u00e9ponses seront l'\u00e9quipe Urban driver vous r\u00e9pondra au plus vite.\",\"breadcrumb\":{\"@id\":\"https:\\\/\\\/www.urban-driver.com\\\/en\\\/client-first.php#breadcrumb\"},\"inLanguage\":\"en-US\",\"potentialAction\":[{\"@type\":\"ReadAction\",\"target\":[\"https:\\\/\\\/www.urban-driver.com\\\/en\\\/client-first.php\"]}]},{\"@type\":\"BreadcrumbList\",\"@id\":\"https:\\\/\\\/www.urban-driver.com\\\/en\\\/client-first.php#breadcrumb\",\"itemListElement\":[{\"@type\":\"ListItem\",\"position\":1,\"name\":\"Urban Driver\",\"item\":\"https:\\\/\\\/www.urban-driver.com\\\/en\\\/\"},{\"@type\":\"ListItem\",\"position\":2,\"name\":\"Aidez-nous \u00e0 vous offrir la meilleure exp\u00e9rience client\"}]},{\"@type\":\"WebSite\",\"@id\":\"https:\\\/\\\/www.urban-driver.com\\\/en\\\/#website\",\"url\":\"https:\\\/\\\/www.urban-driver.com\\\/en\\\/\",\"name\":\"Taxi moto | Urban Driver\",\"description\":\"\",\"publisher\":{\"@id\":\"https:\\\/\\\/www.urban-driver.com\\\/en\\\/#organization\"},\"potentialAction\":[{\"@type\":\"SearchAction\",\"target\":{\"@type\":\"EntryPoint\",\"urlTemplate\":\"https:\\\/\\\/www.urban-driver.com\\\/en\\\/?s={search_term_string}\"},\"query-input\":{\"@type\":\"PropertyValueSpecification\",\"valueRequired\":true,\"valueName\":\"search_term_string\"}}],\"inLanguage\":\"en-US\"},{\"@type\":\"Organization\",\"@id\":\"https:\\\/\\\/www.urban-driver.com\\\/en\\\/#organization\",\"name\":\"URBAN DRIVER\",\"alternateName\":\"Urban\",\"url\":\"https:\\\/\\\/www.urban-driver.com\\\/en\\\/\",\"logo\":{\"@type\":\"ImageObject\",\"inLanguage\":\"en-US\",\"@id\":\"https:\\\/\\\/www.urban-driver.com\\\/en\\\/#\\\/schema\\\/logo\\\/image\\\/\",\"url\":\"https:\\\/\\\/www.urban-driver.com\\\/wp-content\\\/uploads\\\/2016\\\/12\\\/urban_driver.png\",\"contentUrl\":\"https:\\\/\\\/www.urban-driver.com\\\/wp-content\\\/uploads\\\/2016\\\/12\\\/urban_driver.png\",\"width\":300,\"height\":39,\"caption\":\"URBAN DRIVER\"},\"image\":{\"@id\":\"https:\\\/\\\/www.urban-driver.com\\\/en\\\/#\\\/schema\\\/logo\\\/image\\\/\"}}]}<\/script>\n<!-- \/ Yoast SEO plugin. -->","yoast_head_json":{"title":"Nous souhaitons vous offrir la meilleure exp\u00e9rience client - URBANDRIVER","description":"Dites-en nous un peu plus sur vous, vos besoins et vos souhaits en compl\u00e9tant ce formulaire, toutes vos r\u00e9ponses seront l'\u00e9quipe Urban driver vous r\u00e9pondra au plus vite.","robots":{"index":"index","follow":"follow","max-snippet":"max-snippet:-1","max-image-preview":"max-image-preview:large","max-video-preview":"max-video-preview:-1"},"canonical":"https:\/\/www.urban-driver.com\/en\/client-first.php","og_locale":"en_US","og_type":"article","og_title":"Nous souhaitons vous offrir la meilleure exp\u00e9rience client - URBANDRIVER","og_description":"Dites-en nous un peu plus sur vous, vos besoins et vos souhaits en compl\u00e9tant ce formulaire, toutes vos r\u00e9ponses seront l'\u00e9quipe Urban driver vous r\u00e9pondra au plus vite.","og_url":"https:\/\/www.urban-driver.com\/en\/client-first.php","og_site_name":"Taxi moto | Urban Driver","article_modified_time":"2019-05-21T16:16:02+00:00","twitter_card":"summary_large_image","twitter_misc":{"Est. reading time":"1 minute"},"schema":{"@context":"https:\/\/schema.org","@graph":[{"@type":"WebPage","@id":"https:\/\/www.urban-driver.com\/en\/client-first.php","url":"https:\/\/www.urban-driver.com\/en\/client-first.php","name":"Nous souhaitons vous offrir la meilleure exp\u00e9rience client - URBANDRIVER","isPartOf":{"@id":"https:\/\/www.urban-driver.com\/en\/#website"},"datePublished":"2019-05-21T15:42:55+00:00","dateModified":"2019-05-21T16:16:02+00:00","description":"Dites-en nous un peu plus sur vous, vos besoins et vos souhaits en compl\u00e9tant ce formulaire, toutes vos r\u00e9ponses seront l'\u00e9quipe Urban driver vous r\u00e9pondra au plus vite.","breadcrumb":{"@id":"https:\/\/www.urban-driver.com\/en\/client-first.php#breadcrumb"},"inLanguage":"en-US","potentialAction":[{"@type":"ReadAction","target":["https:\/\/www.urban-driver.com\/en\/client-first.php"]}]},{"@type":"BreadcrumbList","@id":"https:\/\/www.urban-driver.com\/en\/client-first.php#breadcrumb","itemListElement":[{"@type":"ListItem","position":1,"name":"Urban Driver","item":"https:\/\/www.urban-driver.com\/en\/"},{"@type":"ListItem","position":2,"name":"Aidez-nous \u00e0 vous offrir la meilleure exp\u00e9rience client"}]},{"@type":"WebSite","@id":"https:\/\/www.urban-driver.com\/en\/#website","url":"https:\/\/www.urban-driver.com\/en\/","name":"Taxi moto | Urban Driver","description":"","publisher":{"@id":"https:\/\/www.urban-driver.com\/en\/#organization"},"potentialAction":[{"@type":"SearchAction","target":{"@type":"EntryPoint","urlTemplate":"https:\/\/www.urban-driver.com\/en\/?s={search_term_string}"},"query-input":{"@type":"PropertyValueSpecification","valueRequired":true,"valueName":"search_term_string"}}],"inLanguage":"en-US"},{"@type":"Organization","@id":"https:\/\/www.urban-driver.com\/en\/#organization","name":"URBAN DRIVER","alternateName":"Urban","url":"https:\/\/www.urban-driver.com\/en\/","logo":{"@type":"ImageObject","inLanguage":"en-US","@id":"https:\/\/www.urban-driver.com\/en\/#\/schema\/logo\/image\/","url":"https:\/\/www.urban-driver.com\/wp-content\/uploads\/2016\/12\/urban_driver.png","contentUrl":"https:\/\/www.urban-driver.com\/wp-content\/uploads\/2016\/12\/urban_driver.png","width":300,"height":39,"caption":"URBAN DRIVER"},"image":{"@id":"https:\/\/www.urban-driver.com\/en\/#\/schema\/logo\/image\/"}}]}},"_links":{"self":[{"href":"https:\/\/www.urban-driver.com\/en\/wp-json\/wp\/v2\/pages\/5958","targetHints":{"allow":["GET"]}}],"collection":[{"href":"https:\/\/www.urban-driver.com\/en\/wp-json\/wp\/v2\/pages"}],"about":[{"href":"https:\/\/www.urban-driver.com\/en\/wp-json\/wp\/v2\/types\/page"}],"author":[{"embeddable":true,"href":"https:\/\/www.urban-driver.com\/en\/wp-json\/wp\/v2\/users\/1"}],"replies":[{"embeddable":true,"href":"https:\/\/www.urban-driver.com\/en\/wp-json\/wp\/v2\/comments?post=5958"}],"version-history":[{"count":0,"href":"https:\/\/www.urban-driver.com\/en\/wp-json\/wp\/v2\/pages\/5958\/revisions"}],"wp:attachment":[{"href":"https:\/\/www.urban-driver.com\/en\/wp-json\/wp\/v2\/media?parent=5958"}],"curies":[{"name":"wp","href":"https:\/\/api.w.org\/{rel}","templated":true}]}}