{"id":3254,"date":"2019-03-05T15:38:13","date_gmt":"2019-03-05T14:38:13","guid":{"rendered":"https:\/\/www.urban-driver.com\/?page_id=3254"},"modified":"2024-07-11T17:42:06","modified_gmt":"2024-07-11T15:42:06","slug":"vtc-orly","status":"publish","type":"page","link":"https:\/\/www.urban-driver.com\/en\/vtc_orly.php","title":{"rendered":"VTC Orly, r\u00e9servez votre chauffeur au meilleur rapport qualit\u00e9 prix"},"content":{"rendered":"<div class=\"wpb-content-wrapper\"><p>[vc_row][vc_column][vc_empty_space height=&#8221;4.1em&#8221; alter_height=&#8221;none&#8221; hide_on_mobile=&#8221;1&#8243;][\/vc_column][\/vc_row][vc_row css=&#8221;.vc_custom_1492405135279{background-position: center !important;background-repeat: no-repeat !important;background-size: cover !important;}&#8221; el_class=&#8221;mobile_bg_off&#8221;][vc_column][vc_row_inner][vc_column_inner width=&#8221;1\/2&#8243;][vc_custom_heading text=&#8221;Service de VTC vers ou depuis l&#8217;a\u00e9roport d&#8217;Orly (Terminal 1,2,3 &#038; 4)&#8221; font_container=&#8221;tag:h6|font_size:12px|text_align:left|color:%23b70604|line_height:0%2C8em&#8221; use_theme_fonts=&#8221;yes&#8221;][vc_column_text css_animation=&#8221;none&#8221;]Imaginez, votre vol vient d&#8217;atterrir \u00e0 l&#8217;a\u00e9roport d&#8217;Orly, un <a href=\"https:\/\/www.urban-driver.com\/en\/private-chauffeur\/\">chauffeur VTC<\/a> vous attend aux niveaux des arriv\u00e9es; fini les files d&#8217;attentes aux files de taxi, vous \u00eates conduits dans un v\u00e9hicule haut de gamme en toute s\u00e9r\u00e9nit\u00e9 vers la capitale ou toute ville d&#8217;Ile de France.<\/p>\n<p>A l&#8217;inverse, vous avez besoin d&#8217;un VTC pour une prise en charge \u00e0 votre domicile ou votre bureau pour rejoindre Orly, <span class=\"trx_addons_accent_bg\">r\u00e9servez votre chauffeur<\/span> avec Urban Driver et b\u00e9n\u00e9ficiez du meilleur rapport qualit\u00e9 prix.<\/p>\n<p>Les prix d&#8217;un transfert en VTC entre l&#8217;a\u00e9roport de Paris Orly et Paris intramuros sont forfaitaires \u00e0 partir de 45\u20ac TTC.[\/vc_column_text][vc_empty_space height=&#8221;2.15em&#8221; alter_height=&#8221;none&#8221; hide_on_mobile=&#8221;&#8221;][vc_empty_space height=&#8221;2.15em&#8221; alter_height=&#8221;none&#8221; hide_on_mobile=&#8221;&#8221;]<div class=\"sc_item_button sc_button_wrap\"><a href=\"https:\/\/booking.urban-driver.com\/Commander\" id=\"sc_button_1934789194\" class=\"sc_button sc_button_default sc_button_size_normal sc_button_icon_left\"><span class=\"sc_button_text\"><span class=\"sc_button_title\">Devis en ligne<\/span><\/span><!-- \/.sc_button_text --><\/a><!-- \/.sc_button --><\/div><!-- \/.sc_item_button -->[\/vc_column_inner][vc_column_inner el_class=&#8221;remove_margin_mobile&#8221; width=&#8221;1\/2&#8243; css=&#8221;.vc_custom_1486051029573{margin-left: 101px !important;}&#8221;][vc_empty_space height=&#8221;2.15em&#8221; alter_height=&#8221;none&#8221; hide_on_mobile=&#8221;&#8221;][vc_single_image image=&#8221;1958&#8243; img_size=&#8221;full&#8221;][vc_empty_space height=&#8221;2em&#8221; alter_height=&#8221;none&#8221; hide_on_mobile=&#8221;&#8221;][vc_empty_space height=&#8221;1.5em&#8221; alter_height=&#8221;none&#8221; hide_on_mobile=&#8221;&#8221;][vc_empty_space height=&#8221;2em&#8221; alter_height=&#8221;none&#8221; hide_on_mobile=&#8221;1&#8243;][\/vc_column_inner][\/vc_row_inner][vc_separator][\/vc_column][\/vc_row][vc_row][vc_column width=&#8221;1\/3&#8243;][vc_empty_space hide_on_mobile=&#8221;&#8221;][vc_empty_space hide_on_mobile=&#8221;&#8221;]<div  id=\"sc_price_902579567\" \n\tclass=\"sc_price sc_price_default\"><div class=\"sc_price_info\"><div class=\"sc_price_subtitle\">VTC entre Orly et<\/div><div class=\"sc_price_title\"><a href=\"https:\/\/booking.urban-driver.com\/Commander\">Paris intramuros<\/a><\/div><div class=\"sc_price_description\">A partir de<\/div><div class=\"sc_price_price\"><span class=\"sc_price_value\">45\u20ac<\/span><\/div>\t<\/div><a href=\"https:\/\/booking.urban-driver.com\/Commander\" class=\"sc_price_link sc_button_default\" target=\"_blank\"><span>R\u00e9server en ligne<\/span><\/a>\n<\/div>[\/vc_column][vc_column width=&#8221;1\/3&#8243;][vc_empty_space hide_on_mobile=&#8221;&#8221;][vc_empty_space hide_on_mobile=&#8221;&#8221;]<div  id=\"sc_price_920882474\" \n\tclass=\"sc_price sc_price_default\"><div class=\"sc_price_info\"><div class=\"sc_price_subtitle\">VTC entre Orly et<\/div><div class=\"sc_price_title\"><a href=\"https:\/\/booking.urban-driver.com\/Commander\">Paris La D\u00e9fense<\/a><\/div><div class=\"sc_price_description\">A partir de<\/div><div class=\"sc_price_price\"><span class=\"sc_price_value\">55\u20ac<\/span><\/div>\t<\/div><a href=\"https:\/\/booking.urban-driver.com\/Commander\" class=\"sc_price_link sc_button_default\" target=\"_blank\"><span>R\u00e9server en ligne<\/span><\/a>\n<\/div>[\/vc_column][vc_column width=&#8221;1\/3&#8243;][vc_empty_space hide_on_mobile=&#8221;&#8221;][vc_empty_space hide_on_mobile=&#8221;&#8221;]<div  id=\"sc_price_514164750\" \n\tclass=\"sc_price sc_price_default\"><div class=\"sc_price_info\"><div class=\"sc_price_subtitle\">VTC entre Orly et<\/div><div class=\"sc_price_title\"><a href=\"https:\/\/booking.urban-driver.com\/Commander\">A\u00e9roport Roissy CDG<\/a><\/div><div class=\"sc_price_description\">A partir de<\/div><div class=\"sc_price_price\"><span class=\"sc_price_value\">70\u20ac<\/span><\/div>\t<\/div><a href=\"https:\/\/booking.urban-driver.com\/Commander\" class=\"sc_price_link sc_button_default\" target=\"_blank\"><span>R\u00e9server en ligne<\/span><\/a>\n<\/div>[\/vc_column][\/vc_row][vc_row][vc_column][vc_separator][\/vc_column][\/vc_row][vc_row][vc_column][vc_custom_heading text=&#8221;Transfert \u00e0 Orly, vous avez des questions ?&#8221; font_container=&#8221;tag:h3|text_align:left&#8221; use_theme_fonts=&#8221;yes&#8221;][\/vc_column][\/vc_row][vc_row][vc_column width=&#8221;1\/2&#8243;][vc_custom_heading text=&#8221;Quel est le temps de trajet en VTC entre Paris et Orly ?&#8221; font_container=&#8221;tag:h4|text_align:left&#8221; use_theme_fonts=&#8221;yes&#8221;][vc_column_text]En r\u00e9gion parisienne, le temps de parcours est tr\u00e8s variable selon la densit\u00e9 de circulation. Aux heures de pointes, notamment durant les migrations pendulaires, le temps de trajet peut \u00eatre multipli\u00e9 par deux ou trois par rapport aux heures creuses. Afin de vous fournir une estimation du temps de trajet, comptez entre 25 minutes et 1heure 30 minutes.[\/vc_column_text][\/vc_column][vc_column width=&#8221;1\/2&#8243;][vc_custom_heading text=&#8221;Combien coute un trajet en VTC entre Orly et Paris ?&#8221; font_container=&#8221;tag:h4|text_align:left&#8221; use_theme_fonts=&#8221;yes&#8221;][vc_column_text]Tous les transferts en VTC au d\u00e9part de l&#8217;a\u00e9roport d&#8217;Orly sont forfaitis\u00e9s, quel que soit le temps de trajet, le tarif est fixe et annonc\u00e9 \u00e0 l&#8217;avance d\u00e8s 45\u20ac TTC pour une course entre Orly et Paris intramuros. Pour rejoindre une ville p\u00e9riph\u00e9rique, ou une ville de banlieue, vous pouvez obtenir un devis imm\u00e9diat en saisissant votre adresse de d\u00e9part et d&#8217;arriv\u00e9e, la date et l&#8217;heure de votre prise en charge.[\/vc_column_text][\/vc_column][\/vc_row][vc_row][vc_column width=&#8221;1\/2&#8243;][vc_custom_heading text=&#8221;Combien de personnes et de bagages pouvez vous transportez ?&#8221; font_container=&#8221;tag:h4|text_align:left&#8221; use_theme_fonts=&#8221;yes&#8221;][vc_column_text]Les berlines type Peugeot 508 ou Mercedes classe C peuvent accueillir jusqu&#8217;\u00e0 4 passagers et 2 grandes valises. Si vous optez pour un voyage en Van, les Mercedes Classe V peuvent prendre en charge jusqu&#8217;\u00e0 7 passagers et 7 bagages.[\/vc_column_text][\/vc_column][vc_column width=&#8221;1\/2&#8243;][vc_custom_heading text=&#8221;Comment faire si mon vol qui doit arriver \u00e0 Orly est malheureusement en retard ?&#8221; font_container=&#8221;tag:h4|text_align:left&#8221; use_theme_fonts=&#8221;yes&#8221;][vc_column_text]Au moment de votre r\u00e9servation, il vous est demand\u00e9 d&#8217;indiquer votre num\u00e9ro de vol; ainsi vous n&#8217;avez aucune modification \u00e0 effectuer, nous ajustons automatiquement l&#8217;horaire de votre r\u00e9servation en cas d&#8217;avance ou de retard de votre avion \u00e0 l&#8217;arriv\u00e9e \u00e0 l&#8217;a\u00e9roport d&#8217;Orly.[\/vc_column_text][\/vc_column][\/vc_row]<\/p>\n<\/div>","protected":false},"excerpt":{"rendered":"<p>[vc_row][vc_column][vc_empty_space height=&#8221;4.1em&#8221; alter_height=&#8221;none&#8221; hide_on_mobile=&#8221;1&#8243;][\/vc_column][\/vc_row][vc_row css=&#8221;.vc_custom_1492405135279{background-position: center !important;background-repeat: no-repeat !important;background-size: cover !important;}&#8221; el_class=&#8221;mobile_bg_off&#8221;][vc_column][vc_row_inner][vc_column_inner width=&#8221;1\/2&#8243;][vc_custom_heading text=&#8221;Service de VTC vers ou depuis l&#8217;a\u00e9roport d&#8217;Orly (Terminal 1,2,3 &#038; 4)&#8221; font_container=&#8221;tag:h6|font_size:12px|text_align:left|color:%23b70604|line_height:0%2C8em&#8221; use_theme_fonts=&#8221;yes&#8221;][vc_column_text css_animation=&#8221;none&#8221;]Imaginez, votre vol vient d&#8217;atterrir \u00e0 l&#8217;a\u00e9roport d&#8217;Orly, un chauffeur VTC vous attend aux niveaux des arriv\u00e9es; fini&hellip;<\/p>\n","protected":false},"author":1,"featured_media":0,"parent":2569,"menu_order":0,"comment_status":"closed","ping_status":"closed","template":"","meta":{"footnotes":""},"class_list":["post-3254","page","type-page","status-publish","hentry"],"yoast_head":"<!-- This site is optimized with the Yoast SEO plugin v27.5 - https:\/\/yoast.com\/product\/yoast-seo-wordpress\/ -->\n<title>VTC Orly vers Paris intramuros | d\u00e8s 45\u20ac - URBANDRIVER<\/title>\n<meta name=\"description\" content=\"R\u00e9servez votre chauffeur VTC Orly au meilleur rapport qualit\u00e9 prix avec Urban Driver. Tarif fixe d\u00e8s 45\u20ac. R\u00e9servation via App Ios &amp; Android.\" \/>\n<meta name=\"robots\" content=\"index, follow, max-snippet:-1, max-image-preview:large, max-video-preview:-1\" \/>\n<link rel=\"canonical\" href=\"https:\/\/www.urban-driver.com\/en\/vtc_orly.php\" \/>\n<meta property=\"og:locale\" content=\"en_US\" \/>\n<meta property=\"og:type\" content=\"article\" \/>\n<meta property=\"og:title\" content=\"VTC Orly vers Paris intramuros | d\u00e8s 45\u20ac - URBANDRIVER\" \/>\n<meta property=\"og:description\" content=\"R\u00e9servez votre chauffeur VTC Orly au meilleur rapport qualit\u00e9 prix avec Urban Driver. Tarif fixe d\u00e8s 45\u20ac. R\u00e9servation via App Ios &amp; Android.\" \/>\n<meta property=\"og:url\" content=\"https:\/\/www.urban-driver.com\/en\/vtc_orly.php\" \/>\n<meta property=\"og:site_name\" content=\"Taxi moto | Urban Driver\" \/>\n<meta property=\"article:modified_time\" content=\"2024-07-11T15:42:06+00:00\" \/>\n<meta name=\"twitter:card\" content=\"summary_large_image\" \/>\n<meta name=\"twitter:label1\" content=\"Est. reading time\" \/>\n\t<meta name=\"twitter:data1\" content=\"3 minutes\" \/>\n<script type=\"application\/ld+json\" class=\"yoast-schema-graph\">{\"@context\":\"https:\\\/\\\/schema.org\",\"@graph\":[{\"@type\":\"WebPage\",\"@id\":\"https:\\\/\\\/www.urban-driver.com\\\/en\\\/vtc_orly.php\",\"url\":\"https:\\\/\\\/www.urban-driver.com\\\/en\\\/vtc_orly.php\",\"name\":\"VTC Orly vers Paris intramuros | d\u00e8s 45\u20ac - URBANDRIVER\",\"isPartOf\":{\"@id\":\"https:\\\/\\\/www.urban-driver.com\\\/en\\\/#website\"},\"datePublished\":\"2019-03-05T14:38:13+00:00\",\"dateModified\":\"2024-07-11T15:42:06+00:00\",\"description\":\"R\u00e9servez votre chauffeur VTC Orly au meilleur rapport qualit\u00e9 prix avec Urban Driver. Tarif fixe d\u00e8s 45\u20ac. R\u00e9servation via App Ios & Android.\",\"breadcrumb\":{\"@id\":\"https:\\\/\\\/www.urban-driver.com\\\/en\\\/vtc_orly.php#breadcrumb\"},\"inLanguage\":\"en-US\",\"potentialAction\":[{\"@type\":\"ReadAction\",\"target\":[\"https:\\\/\\\/www.urban-driver.com\\\/en\\\/vtc_orly.php\"]}]},{\"@type\":\"BreadcrumbList\",\"@id\":\"https:\\\/\\\/www.urban-driver.com\\\/en\\\/vtc_orly.php#breadcrumb\",\"itemListElement\":[{\"@type\":\"ListItem\",\"position\":1,\"name\":\"Urban Driver\",\"item\":\"https:\\\/\\\/www.urban-driver.com\\\/en\\\/\"},{\"@type\":\"ListItem\",\"position\":2,\"name\":\"Service de voiture avec chauffeur\",\"item\":\"https:\\\/\\\/www.urban-driver.com\\\/en\\\/chauffeur-prive.php\"},{\"@type\":\"ListItem\",\"position\":3,\"name\":\"VTC Orly, r\u00e9servez votre chauffeur au meilleur rapport qualit\u00e9 prix\"}]},{\"@type\":\"WebSite\",\"@id\":\"https:\\\/\\\/www.urban-driver.com\\\/en\\\/#website\",\"url\":\"https:\\\/\\\/www.urban-driver.com\\\/en\\\/\",\"name\":\"Taxi moto | Urban Driver\",\"description\":\"\",\"publisher\":{\"@id\":\"https:\\\/\\\/www.urban-driver.com\\\/en\\\/#organization\"},\"potentialAction\":[{\"@type\":\"SearchAction\",\"target\":{\"@type\":\"EntryPoint\",\"urlTemplate\":\"https:\\\/\\\/www.urban-driver.com\\\/en\\\/?s={search_term_string}\"},\"query-input\":{\"@type\":\"PropertyValueSpecification\",\"valueRequired\":true,\"valueName\":\"search_term_string\"}}],\"inLanguage\":\"en-US\"},{\"@type\":\"Organization\",\"@id\":\"https:\\\/\\\/www.urban-driver.com\\\/en\\\/#organization\",\"name\":\"URBAN DRIVER\",\"alternateName\":\"Urban\",\"url\":\"https:\\\/\\\/www.urban-driver.com\\\/en\\\/\",\"logo\":{\"@type\":\"ImageObject\",\"inLanguage\":\"en-US\",\"@id\":\"https:\\\/\\\/www.urban-driver.com\\\/en\\\/#\\\/schema\\\/logo\\\/image\\\/\",\"url\":\"https:\\\/\\\/www.urban-driver.com\\\/wp-content\\\/uploads\\\/2016\\\/12\\\/urban_driver.png\",\"contentUrl\":\"https:\\\/\\\/www.urban-driver.com\\\/wp-content\\\/uploads\\\/2016\\\/12\\\/urban_driver.png\",\"width\":300,\"height\":39,\"caption\":\"URBAN DRIVER\"},\"image\":{\"@id\":\"https:\\\/\\\/www.urban-driver.com\\\/en\\\/#\\\/schema\\\/logo\\\/image\\\/\"}}]}<\/script>\n<!-- \/ Yoast SEO plugin. -->","yoast_head_json":{"title":"VTC Orly vers Paris intramuros | d\u00e8s 45\u20ac - URBANDRIVER","description":"R\u00e9servez votre chauffeur VTC Orly au meilleur rapport qualit\u00e9 prix avec Urban Driver. Tarif fixe d\u00e8s 45\u20ac. R\u00e9servation via App Ios & Android.","robots":{"index":"index","follow":"follow","max-snippet":"max-snippet:-1","max-image-preview":"max-image-preview:large","max-video-preview":"max-video-preview:-1"},"canonical":"https:\/\/www.urban-driver.com\/en\/vtc_orly.php","og_locale":"en_US","og_type":"article","og_title":"VTC Orly vers Paris intramuros | d\u00e8s 45\u20ac - URBANDRIVER","og_description":"R\u00e9servez votre chauffeur VTC Orly au meilleur rapport qualit\u00e9 prix avec Urban Driver. Tarif fixe d\u00e8s 45\u20ac. R\u00e9servation via App Ios & Android.","og_url":"https:\/\/www.urban-driver.com\/en\/vtc_orly.php","og_site_name":"Taxi moto | Urban Driver","article_modified_time":"2024-07-11T15:42:06+00:00","twitter_card":"summary_large_image","twitter_misc":{"Est. reading time":"3 minutes"},"schema":{"@context":"https:\/\/schema.org","@graph":[{"@type":"WebPage","@id":"https:\/\/www.urban-driver.com\/en\/vtc_orly.php","url":"https:\/\/www.urban-driver.com\/en\/vtc_orly.php","name":"VTC Orly vers Paris intramuros | d\u00e8s 45\u20ac - URBANDRIVER","isPartOf":{"@id":"https:\/\/www.urban-driver.com\/en\/#website"},"datePublished":"2019-03-05T14:38:13+00:00","dateModified":"2024-07-11T15:42:06+00:00","description":"R\u00e9servez votre chauffeur VTC Orly au meilleur rapport qualit\u00e9 prix avec Urban Driver. Tarif fixe d\u00e8s 45\u20ac. R\u00e9servation via App Ios & Android.","breadcrumb":{"@id":"https:\/\/www.urban-driver.com\/en\/vtc_orly.php#breadcrumb"},"inLanguage":"en-US","potentialAction":[{"@type":"ReadAction","target":["https:\/\/www.urban-driver.com\/en\/vtc_orly.php"]}]},{"@type":"BreadcrumbList","@id":"https:\/\/www.urban-driver.com\/en\/vtc_orly.php#breadcrumb","itemListElement":[{"@type":"ListItem","position":1,"name":"Urban Driver","item":"https:\/\/www.urban-driver.com\/en\/"},{"@type":"ListItem","position":2,"name":"Service de voiture avec chauffeur","item":"https:\/\/www.urban-driver.com\/en\/chauffeur-prive.php"},{"@type":"ListItem","position":3,"name":"VTC Orly, r\u00e9servez votre chauffeur au meilleur rapport qualit\u00e9 prix"}]},{"@type":"WebSite","@id":"https:\/\/www.urban-driver.com\/en\/#website","url":"https:\/\/www.urban-driver.com\/en\/","name":"Taxi moto | Urban Driver","description":"","publisher":{"@id":"https:\/\/www.urban-driver.com\/en\/#organization"},"potentialAction":[{"@type":"SearchAction","target":{"@type":"EntryPoint","urlTemplate":"https:\/\/www.urban-driver.com\/en\/?s={search_term_string}"},"query-input":{"@type":"PropertyValueSpecification","valueRequired":true,"valueName":"search_term_string"}}],"inLanguage":"en-US"},{"@type":"Organization","@id":"https:\/\/www.urban-driver.com\/en\/#organization","name":"URBAN DRIVER","alternateName":"Urban","url":"https:\/\/www.urban-driver.com\/en\/","logo":{"@type":"ImageObject","inLanguage":"en-US","@id":"https:\/\/www.urban-driver.com\/en\/#\/schema\/logo\/image\/","url":"https:\/\/www.urban-driver.com\/wp-content\/uploads\/2016\/12\/urban_driver.png","contentUrl":"https:\/\/www.urban-driver.com\/wp-content\/uploads\/2016\/12\/urban_driver.png","width":300,"height":39,"caption":"URBAN DRIVER"},"image":{"@id":"https:\/\/www.urban-driver.com\/en\/#\/schema\/logo\/image\/"}}]}},"_links":{"self":[{"href":"https:\/\/www.urban-driver.com\/en\/wp-json\/wp\/v2\/pages\/3254","targetHints":{"allow":["GET"]}}],"collection":[{"href":"https:\/\/www.urban-driver.com\/en\/wp-json\/wp\/v2\/pages"}],"about":[{"href":"https:\/\/www.urban-driver.com\/en\/wp-json\/wp\/v2\/types\/page"}],"author":[{"embeddable":true,"href":"https:\/\/www.urban-driver.com\/en\/wp-json\/wp\/v2\/users\/1"}],"replies":[{"embeddable":true,"href":"https:\/\/www.urban-driver.com\/en\/wp-json\/wp\/v2\/comments?post=3254"}],"version-history":[{"count":0,"href":"https:\/\/www.urban-driver.com\/en\/wp-json\/wp\/v2\/pages\/3254\/revisions"}],"up":[{"embeddable":true,"href":"https:\/\/www.urban-driver.com\/en\/wp-json\/wp\/v2\/pages\/2569"}],"wp:attachment":[{"href":"https:\/\/www.urban-driver.com\/en\/wp-json\/wp\/v2\/media?parent=3254"}],"curies":[{"name":"wp","href":"https:\/\/api.w.org\/{rel}","templated":true}]}}