{"id":209,"date":"2017-01-11T15:28:59","date_gmt":"2017-01-11T15:28:59","guid":{"rendered":"http:\/\/48h.fr\/?page_id=209"},"modified":"2024-06-03T11:01:53","modified_gmt":"2024-06-03T09:01:53","slug":"quisommesnous","status":"publish","type":"page","link":"https:\/\/www.urban-driver.com\/en\/quisommesnous.php","title":{"rendered":"Qui sommes nous ?"},"content":{"rendered":"<div class=\"wpb-content-wrapper\"><p>[vc_row][vc_column][vc_row_inner][vc_column_inner width=&#8221;1\/3&#8243;][vc_empty_space][vc_empty_space][vc_empty_space][vc_empty_space][vc_empty_space][vc_single_image image=&#8221;1040&#8243; img_size=&#8221;medium&#8221;][vc_empty_space][vc_empty_space][\/vc_column_inner][vc_column_inner width=&#8221;2\/3&#8243;][vc_empty_space][vc_empty_space height=&#8221;16px&#8221; hide_on_mobile=&#8221;&#8221;][vc_custom_heading text=&#8221;A propos d&#8217;Urban Driver&#8221; font_container=&#8221;tag:h6|font_size:14px|text_align:left|color:%23b70604|line_height:0%2C8em&#8221; use_theme_fonts=&#8221;yes&#8221;][vc_column_text]Lanc\u00e9e en 2008, Urban Driver est une plateforme de r\u00e9servation de moto et voiture avec chauffeur. Avec des milliers de transferts r\u00e9alis\u00e9s chaque ann\u00e9e, Urban Driver offre une nouvelle fa\u00e7on de voyager en milieu Urbain et s\u2019adresse principalement aux cadres et aux dirigeants d\u2019entreprises.<\/p>\n<p>En <a href=\"https:\/\/www.urban-driver.com\/en\/motorbike-taxi.php\">moto taxi<\/a>, oubliez les temps de transferts vers les a\u00e9roports plus long que votre temps de vol, en r\u00e9servant un transfert ou une mise \u00e0 disposition, vous optimisez vos temps de d\u00e9placement et gagnez en productivit\u00e9.<\/p>\n<p>Vous \u00eates plusieurs collaborateurs \u00e0 voyager, vous avez des bagages, vous n&#8217;avez pas d&#8217;imp\u00e9ratif de temps, optez pour un transfert en berline avec <a href=\"https:\/\/www.urban-driver.com\/en\/private-chauffeur\/\">chauffeur priv\u00e9<\/a> et profitez des nombreux services propos\u00e9s \u00e0 bord.[\/vc_column_text][vc_empty_space][vc_empty_space][vc_empty_space]<div class=\"sc_item_button sc_button_wrap\"><a href=\"https:\/\/booking.urban-driver.com\/Commander\" id=\"sc_button_1656286902\" class=\"sc_button sc_button_default sc_button_size_normal sc_button_icon_left\"><span class=\"sc_button_text\"><span class=\"sc_button_title\">Devis en ligne<\/span><\/span><!-- \/.sc_button_text --><\/a><!-- \/.sc_button --><\/div><!-- \/.sc_item_button -->[\/vc_column_inner][\/vc_row_inner][vc_empty_space][vc_empty_space][vc_empty_space][vc_empty_space][\/vc_column][\/vc_row][vc_row full_width=&#8221;stretch_row&#8221; css=&#8221;.vc_custom_1541519091587{background-color: #21242c !important;}&#8221;][vc_column][vc_empty_space][vc_row_inner][vc_column_inner width=&#8221;1\/3&#8243;][vc_custom_heading text=&#8221;En chiffres&#8221; font_container=&#8221;tag:h2|text_align:left|color:%23ffffff&#8221; use_theme_fonts=&#8221;yes&#8221;][\/vc_column_inner][vc_column_inner width=&#8221;1\/3&#8243;][vc_column_text]<\/p>\n<ul class=\"trx_addons_list trx_addons_list_minus\">\n<li><span style=\"color: #ffffff;\">+ de 10 ans d&#8217;exp\u00e9rience<\/span><\/li>\n<li><span style=\"color: #ffffff;\">+ 9000 clients<\/span><\/li>\n<\/ul>\n<p>[\/vc_column_text][\/vc_column_inner][vc_column_inner width=&#8221;1\/3&#8243;][vc_column_text]<\/p>\n<ul class=\"trx_addons_list trx_addons_list_minus\">\n<li><span style=\"color: #ffffff;\">80 pilotes motos<\/span><\/li>\n<li><span style=\"color: #ffffff;\">+ de 1000 VTC<\/span><\/li>\n<\/ul>\n<p>[\/vc_column_text][\/vc_column_inner][\/vc_row_inner][\/vc_column][\/vc_row][vc_row full_width=&#8221;stretch_row&#8221; css=&#8221;.vc_custom_1492510803654{background-color: #e0e0e0 !important;}&#8221;][vc_column][vc_empty_space][vc_raw_html]JTNDZGl2JTIwY2xhc3MlM0QlMjJ2Y19lbXB0eV9zcGFjZSUyMiUyMHN0eWxlJTNEJTIyaGVpZ2h0JTNBJTIwMC41ZW0lMjIlM0UlM0NzcGFuJTIwY2xhc3MlM0QlMjJ2Y19lbXB0eV9zcGFjZV9pbm5lciUyMiUzRSUzQyUyRnNwYW4lM0UlM0MlMkZkaXYlM0UlMEElM0NoMiUyMHN0eWxlJTNEJTIydGV4dC1hbGlnbiUzQSUyMGxlZnQlMjIlMjBjbGFzcyUzRCUyMnZjX2N1c3RvbV9oZWFkaW5nJTIwdmNfY3VzdG9tXzE0OTE5NzM2MzE4ODglMjIlM0VVUkJBTkRSSVZFUiUyMGVzdCUyMGFuaW0lQzMlQTklMjBwYXIlMjAlM0NiJTNFMyUyMG9iamVjdGlmcyUzQyUyRmIlM0UlM0MlMkZoMiUzRSUwQSUzQ2RpdiUyMGNsYXNzJTNEJTIyc2Nfc2VydmljZXMlMjBzY19zZXJ2aWNlc19saWdodCUyMiUyMGRhdGEtc2xpZGVzLXBlci12aWV3JTNEJTIyMyUyMiUyMGRhdGEtc2xpZGVzLW1pbi13aWR0aCUzRCUyMjIwMCUyMiUzRSUwQSUyMCUyMCUzQ2RpdiUyMGNsYXNzJTNEJTIyc2Nfc2VydmljZXNfY29sdW1ucyUyMHNjX2l0ZW1fY29sdW1ucyUyMHNjX2l0ZW1fY29sdW1uc18zJTIwdHJ4X2FkZG9uc19jb2x1bW5zX3dyYXAlMjBjb2x1bW5zX3BhZGRpbmdfYm90dG9tJTIyJTNFJTNDZGl2JTIwY2xhc3MlM0QlMjJ0cnhfYWRkb25zX2NvbHVtbi0xXzMlMjIlM0UlM0NkaXYlMjBjbGFzcyUzRCUyMnNjX3NlcnZpY2VzX2l0ZW0lMjB3aXRoX2NvbnRlbnQlMjB3aXRoX251bWJlciUyMHNjX3NlcnZpY2VzX2l0ZW1fZmVhdHVyZWRfdG9wJTIyJTNFJTBBJTIwJTNDc3BhbiUyMGNsYXNzJTNEJTIyc2Nfc2VydmljZXNfaXRlbV9udW1iZXIlMjIlM0UwMSUzQyUyRnNwYW4lM0UlMjAlMEElMjAlM0NkaXYlMjBjbGFzcyUzRCUyMnNjX3NlcnZpY2VzX2l0ZW1faW5mbyUyMiUzRSUwQSUyMCUyMCUzQ2RpdiUyMGNsYXNzJTNEJTIyc2Nfc2VydmljZXNfaXRlbV9oZWFkZXIlMjIlM0UlMEElMjAlMjAlMjAlM0NkaXYlMjBjbGFzcyUzRCUyMnNjX3NlcnZpY2VzX2l0ZW1fc3VidGl0bGUlMjIlM0UlM0MlMkZkaXYlM0UlMjAlMjAlMjAlM0NoMiUyMGNsYXNzJTNEJTIyc2Nfc2VydmljZXNfaXRlbV90aXRsZSUyMiUyMHN0eWxlJTNEJTIyZm9udC1zaXplJTNEMTBweCUyMiUzRUxhJTIwcyVDMyVBOWN1cml0JUMzJUE5JTNDJTJGYSUzRSUzQyUyRmRpdiUzRSUwQSUyMCUyMCUyMCUyMCUyMCUzQ2RpdiUyMGNsYXNzJTNEJTIyc2Nfc2VydmljZXNfaXRlbV9jb250ZW50JTIyJTNFJTNDcCUzRUxlJTIwbWElQzMlQUV0cmUlMjBtb3QlMjBkZSUyMG5vdHJlJTIwYWN0aXZpdCVDMyVBOS4lMjBOb3VzJTIwYXZvbnMlMjBwcmlzJTIwdG91dGVzJTIwbGVzJTIwZGlzcG9zaXRpb25zJTIwJTI4Q2hhdWZmZXVycyUyMGV4cCVDMyVBOXJpbWVudCVDMyVBOXMlMkMlMjAlQzMlQTlxdWlwZW1lbnRzJTIwZGUlMjBwcmVtaSVDMyVBOHJlJTIwcXVhbGl0JUMzJUE5JTJDJTIwdiVDMyVBOWhpY3VsZXMlMjByJUMzJUE5Y2VudHMlMjklMjBwb3VyJTIwdm91cyUyMG9mZnJpciUyMHVuJTIwdm95YWdlJTIwcyVDMyVCQnIlMjBldCUyMHBsYWlzYW50LiUzQyUyRnAlM0UlMEElM0MlMkZkaXYlM0UlMEElMjAlMjAlMjAlM0NkaXYlMjBjbGFzcyUzRCUyMnNjX3NlcnZpY2VzX2l0ZW1fYnV0dG9uJTIwc2NfaXRlbV9idXR0b24lMjIlM0UlM0NhJTIwaHJlZiUzRCUyMmh0dHBzJTNBJTJGJTJGd3d3LnVyYmFuLWRyaXZlci5jb20lMkZhdmFudGFnZXNfc2VjdXJpdGUucGhwJTIyJTIwY2xhc3MlM0QlMjJzY19idXR0b24lMjBzY19idXR0b25fc2ltcGxlJTIyJTIwdGFyZ2V0JTNEJTIyYmxhbmslMjIlM0VFbiUyMHNhdm9pciUyMCUyQiUzQyUyRmElM0UlM0MlMkZkaXYlM0UlMEElMjAlMjAlMjAlM0MlMkZkaXYlM0UlMEElM0MlMkZkaXYlM0UlMEElM0MlMkZkaXYlM0UlM0NkaXYlMjBjbGFzcyUzRCUyMnRyeF9hZGRvbnNfY29sdW1uLTFfMyUyMiUzRSUzQ2RpdiUyMGNsYXNzJTNEJTIyc2Nfc2VydmljZXNfaXRlbSUyMHdpdGhfY29udGVudCUyMHdpdGhfbnVtYmVyJTIwc2Nfc2VydmljZXNfaXRlbV9mZWF0dXJlZF90b3AlMjIlM0UlMEElMjAlM0NzcGFuJTIwY2xhc3MlM0QlMjJzY19zZXJ2aWNlc19pdGVtX251bWJlciUyMiUzRTAyJTNDJTJGc3BhbiUzRSUyMCUwQSUyMCUzQ2RpdiUyMGNsYXNzJTNEJTIyc2Nfc2VydmljZXNfaXRlbV9pbmZvJTIyJTNFJTBBJTIwJTIwJTNDZGl2JTIwY2xhc3MlM0QlMjJzY19zZXJ2aWNlc19pdGVtX2hlYWRlciUyMiUzRSUwQSUyMCUyMCUyMCUzQ2RpdiUyMGNsYXNzJTNEJTIyc2Nfc2VydmljZXNfaXRlbV9zdWJ0aXRsZSUyMiUzRSUzQyUyRmRpdiUzRSUyMCUyMCUyMCUzQ2gyJTIwY2xhc3MlM0QlMjJzY19zZXJ2aWNlc19pdGVtX3RpdGxlJTIyJTNFTGElMjBwb25jdHVhbGl0JUMzJUE5JTNDJTJGaDIlM0UlMEElMjAlMjAlMjAlMjAlMjAlM0MlMkZkaXYlM0UlMEElMjAlMjAlMjAlMjAlMjAlM0NkaXYlMjBjbGFzcyUzRCUyMnNjX3NlcnZpY2VzX2l0ZW1fY29udGVudCUyMiUzRSUzQ3AlM0VVcmJhbiUyMERyaXZlciUyMHRheGklMjBtb3RvJTIwdm91cyUyMHBlcm1ldCUyMGRlJTIwbWElQzMlQUV0cmlzZXIlMjB2b3MlMjB0ZW1wcyUyMGRlJTIwdHJhamV0LiUyMFF1ZWxsZXMlMjBxdWUlMjBzb2llbnQlMjBsZXMlMjBjb25kaXRpb25zJTIwZGUlMjBjaXJjdWxhdGlvbiUyMGV0JTIwbGVzJTIwY29uZGl0aW9ucyUyMG0lQzMlQTl0JUMzJUE5b3JvbG9naXF1ZXMlMkMlMjB2b3VzJTIwY29ubmFpc3NleiUyMCVDMyVBMCUyMGwlMjdhdmFuY2UlMjB2b3RyZSUyMGhldXJlJTIwZCUyN2Fycml2JUMzJUE5ZS4lM0MlMkZwJTNFJTBBJTNDJTJGZGl2JTNFJTBBJTIwJTIwJTIwJTNDZGl2JTIwY2xhc3MlM0QlMjJzY19zZXJ2aWNlc19pdGVtX2J1dHRvbiUyMHNjX2l0ZW1fYnV0dG9uJTIyJTNFJTNDYSUyMGhyZWYlM0QlMjJodHRwcyUzQSUyRiUyRnd3dy51cmJhbi1kcml2ZXIuY29tJTJGYXZhbnRhZ2VzX3BvbmN0dWFsaXRlLnBocCUyMiUyMGNsYXNzJTNEJTIyc2NfYnV0dG9uJTIwc2NfYnV0dG9uX3NpbXBsZSUyMiUzRUVuJTIwc2F2b2lyJTIwJTJCJTNDJTJGYSUzRSUzQyUyRmRpdiUzRSUwQSUyMCUyMCUyMCUzQyUyRmRpdiUzRSUwQSUzQyUyRmRpdiUzRSUwQSUzQyUyRmRpdiUzRSUzQ2RpdiUyMGNsYXNzJTNEJTIydHJ4X2FkZG9uc19jb2x1bW4tMV8zJTIyJTNFJTNDZGl2JTIwY2xhc3MlM0QlMjJzY19zZXJ2aWNlc19pdGVtJTIwd2l0aF9jb250ZW50JTIwd2l0aF9udW1iZXIlMjBzY19zZXJ2aWNlc19pdGVtX2ZlYXR1cmVkX3RvcCUyMiUzRSUwQSUyMCUzQ3NwYW4lMjBjbGFzcyUzRCUyMnNjX3NlcnZpY2VzX2l0ZW1fbnVtYmVyJTIyJTNFMDMlM0MlMkZzcGFuJTNFJTIwJTBBJTIwJTNDZGl2JTIwY2xhc3MlM0QlMjJzY19zZXJ2aWNlc19pdGVtX2luZm8lMjIlM0UlMEElMjAlMjAlM0NkaXYlMjBjbGFzcyUzRCUyMnNjX3NlcnZpY2VzX2l0ZW1faGVhZGVyJTIyJTNFJTBBJTIwJTIwJTIwJTNDZGl2JTIwY2xhc3MlM0QlMjJzY19zZXJ2aWNlc19pdGVtX3N1YnRpdGxlJTIyJTNFJTNDJTJGZGl2JTNFJTIwJTIwJTIwJTNDaDIlMjBjbGFzcyUzRCUyMnNjX3NlcnZpY2VzX2l0ZW1fdGl0bGUlMjIlM0VMZSUyMHNlcnZpY2UlM0MlMkZoMiUzRSUwQSUyMCUyMCUyMCUyMCUyMCUzQyUyRmRpdiUzRSUwQSUyMCUyMCUyMCUyMCUyMCUzQ2RpdiUyMGNsYXNzJTNEJTIyc2Nfc2VydmljZXNfaXRlbV9jb250ZW50JTIyJTNFJTNDcCUzRU5vdHJlJTIwbml2ZWF1JTIwZGUlMjBzZXJ2aWNlJTIwdmlzJUMzJUE5JTIwZXN0JTIwbCVFMiU4MCU5OWV4Y2VsbGVuY2UuJTIwRCVDMyVBOXBhcnQlMjByZXRhcmQlQzMlQTklMkMlMjBkaWZmJUMzJUE5ciVDMyVBOSUyQyUyMHJlcG9ydCVDMyVBOSUyQyUyMG5vdXMlMjBzb21tZXMlMjBsJUMzJUEwJTIwZW4lMjB0b3V0ZXMlMjBzaXR1YXRpb25zJTIwZXQlMjBtZXR0b25zJTIwdG91dCUyMGVuJTIwJUM1JTkzdXZyZSUyMHBvdXIlMjB2b3VzJTIwc2F0aXNmYWlyZS4lM0MlMkZwJTNFJTBBJTNDJTJGZGl2JTNFJTBBJTIwJTIwJTNDZGl2JTIwY2xhc3MlM0QlMjJzY19zZXJ2aWNlc19pdGVtX2J1dHRvbiUyMHNjX2l0ZW1fYnV0dG9uJTIyJTNFJTNDYSUyMGhyZWYlM0QlMjJodHRwcyUzQSUyRiUyRnd3dy51cmJhbi1kcml2ZXIuY29tJTJGYXZhbnRhZ2VzX3NlcnZpY2VzLnBocCUyMiUyMGNsYXNzJTNEJTIyc2NfYnV0dG9uJTIwc2NfYnV0dG9uX3NpbXBsZSUyMiUzRUVuJTIwc2F2b2lyJTIwJTJCJTNDJTJGYSUzRSUzQyUyRmRpdiUzRSUwQSUyMCUyMCUyMCUzQyUyRmRpdiUzRSUwQSUzQyUyRmRpdiUzRSUwQSUzQyUyRmRpdiUzRSUzQyUyRmRpdiUzRSUzQyUyRmRpdiUzRSUzQyUyMS0tJTIwJTJGLnNjX3NlcnZpY2VzJTIwLS0lM0UlM0NkaXYlMjBjbGFzcyUzRCUyMnZjX2VtcHR5X3NwYWNlJTIwJTIwaGVpZ2h0X2JpZyUyMGhpZGVfb25fbW9iaWxlJTIyJTIwc3R5bGUlM0QlMjJoZWlnaHQlM0ElMjAzMnB4JTIyJTNFJTNDc3BhbiUyMGNsYXNzJTNEJTIydmNfZW1wdHlfc3BhY2VfaW5uZXIlMjIlM0UlM0MlMkZzcGFuJTNFJTNDJTJGZGl2JTNFJTBBJTNDZGl2JTIwY2xhc3MlM0QlMjJ2Y19lbXB0eV9zcGFjZSUyMiUyMHN0eWxlJTNEJTIyaGVpZ2h0JTNBJTIwMS4xZW0lMjIlM0UlM0NzcGFuJTIwY2xhc3MlM0QlMjJ2Y19lbXB0eV9zcGFjZV9pbm5lciUyMiUzRSUzQyUyRnNwYW4lM0UlM0MlMkZkaXYlM0UlMEElM0MlMkZkaXYlM0U=[\/vc_raw_html][vc_empty_space][vc_empty_space][\/vc_column][\/vc_row][vc_row full_width=&#8221;stretch_row&#8221; css=&#8221;.vc_custom_1541512728939{background-image: url(https:\/\/www.urban-driver.com\/wp-content\/uploads\/2017\/01\/ville.jpg?id=1679) !important;}&#8221;][vc_column][vc_empty_space hide_on_mobile=&#8221;&#8221;][vc_custom_heading text=&#8221;D\u00e9couvrez les 3 canaux disponibles<br \/>\npour effectuer vos r\u00e9servations&#8221; font_container=&#8221;tag:h2|font_size:48px|text_align:left|color:%23ffffff&#8221; use_theme_fonts=&#8221;yes&#8221;][vc_empty_space hide_on_mobile=&#8221;&#8221;][vc_empty_space hide_on_mobile=&#8221;&#8221;]<div class=\"sc_item_button sc_button_wrap\"><a href=\"https:\/\/www.urban-driver.com\/comment_ca_marche.php\" id=\"sc_button_1776972862\" class=\"sc_button sc_button_default sc_button_size_normal sc_button_icon_left\"><span class=\"sc_button_text\"><span class=\"sc_button_title\">Cliquez ICI<\/span><\/span><!-- \/.sc_button_text --><\/a><!-- \/.sc_button --><\/div><!-- \/.sc_item_button -->[vc_empty_space hide_on_mobile=&#8221;&#8221;][vc_empty_space hide_on_mobile=&#8221;&#8221;][vc_empty_space hide_on_mobile=&#8221;&#8221;][vc_empty_space hide_on_mobile=&#8221;&#8221;][\/vc_column][\/vc_row]<\/p>\n<\/div>","protected":false},"excerpt":{"rendered":"<p>[vc_row][vc_column][vc_row_inner][vc_column_inner width=&#8221;1\/3&#8243;][vc_empty_space][vc_empty_space][vc_empty_space][vc_empty_space][vc_empty_space][vc_single_image image=&#8221;1040&#8243; img_size=&#8221;medium&#8221;][vc_empty_space][vc_empty_space][\/vc_column_inner][vc_column_inner width=&#8221;2\/3&#8243;][vc_empty_space][vc_empty_space height=&#8221;16px&#8221; hide_on_mobile=&#8221;&#8221;][vc_custom_heading text=&#8221;A propos d&#8217;Urban Driver&#8221; font_container=&#8221;tag:h6|font_size:14px|text_align:left|color:%23b70604|line_height:0%2C8em&#8221; use_theme_fonts=&#8221;yes&#8221;][vc_column_text]Lanc\u00e9e en 2008, Urban Driver est une plateforme de r\u00e9servation de moto et voiture avec chauffeur. Avec des milliers de transferts r\u00e9alis\u00e9s chaque ann\u00e9e, Urban Driver offre une nouvelle fa\u00e7on de voyager en&hellip;<\/p>\n","protected":false},"author":1,"featured_media":0,"parent":0,"menu_order":0,"comment_status":"closed","ping_status":"closed","template":"","meta":{"footnotes":""},"class_list":["post-209","page","type-page","status-publish","hentry"],"yoast_head":"<!-- This site is optimized with the Yoast SEO plugin v27.3 - https:\/\/yoast.com\/product\/yoast-seo-wordpress\/ -->\n<title>Qui sommes-nous ? - UrbanDriver<\/title>\n<meta name=\"description\" content=\"Leader du transport de personnes en moto et voiture avec chauffeur depuis 2008.\" \/>\n<meta name=\"robots\" content=\"index, follow, max-snippet:-1, max-image-preview:large, max-video-preview:-1\" \/>\n<link rel=\"canonical\" href=\"https:\/\/www.urban-driver.com\/en\/quisommesnous.php\" \/>\n<meta property=\"og:locale\" content=\"en_US\" \/>\n<meta property=\"og:type\" content=\"article\" \/>\n<meta property=\"og:title\" content=\"Qui sommes-nous ? - UrbanDriver\" \/>\n<meta property=\"og:description\" content=\"Leader du transport de personnes en moto et voiture avec chauffeur depuis 2008.\" \/>\n<meta property=\"og:url\" content=\"https:\/\/www.urban-driver.com\/en\/quisommesnous.php\" \/>\n<meta property=\"og:site_name\" content=\"Taxi moto | Urban Driver\" \/>\n<meta property=\"article:modified_time\" content=\"2024-06-03T09:01:53+00:00\" \/>\n<meta name=\"twitter:card\" content=\"summary_large_image\" \/>\n<meta name=\"twitter:label1\" content=\"Est. reading time\" \/>\n\t<meta name=\"twitter:data1\" content=\"5 minutes\" \/>\n<script type=\"application\/ld+json\" class=\"yoast-schema-graph\">{\"@context\":\"https:\\\/\\\/schema.org\",\"@graph\":[{\"@type\":\"WebPage\",\"@id\":\"https:\\\/\\\/www.urban-driver.com\\\/en\\\/quisommesnous.php\",\"url\":\"https:\\\/\\\/www.urban-driver.com\\\/en\\\/quisommesnous.php\",\"name\":\"Qui sommes-nous ? - UrbanDriver\",\"isPartOf\":{\"@id\":\"https:\\\/\\\/www.urban-driver.com\\\/en\\\/#website\"},\"datePublished\":\"2017-01-11T15:28:59+00:00\",\"dateModified\":\"2024-06-03T09:01:53+00:00\",\"description\":\"Leader du transport de personnes en moto et voiture avec chauffeur depuis 2008.\",\"breadcrumb\":{\"@id\":\"https:\\\/\\\/www.urban-driver.com\\\/en\\\/quisommesnous.php#breadcrumb\"},\"inLanguage\":\"en-US\",\"potentialAction\":[{\"@type\":\"ReadAction\",\"target\":[\"https:\\\/\\\/www.urban-driver.com\\\/en\\\/quisommesnous.php\"]}]},{\"@type\":\"BreadcrumbList\",\"@id\":\"https:\\\/\\\/www.urban-driver.com\\\/en\\\/quisommesnous.php#breadcrumb\",\"itemListElement\":[{\"@type\":\"ListItem\",\"position\":1,\"name\":\"Urban Driver\",\"item\":\"https:\\\/\\\/www.urban-driver.com\\\/en\\\/\"},{\"@type\":\"ListItem\",\"position\":2,\"name\":\"Qui sommes nous ?\"}]},{\"@type\":\"WebSite\",\"@id\":\"https:\\\/\\\/www.urban-driver.com\\\/en\\\/#website\",\"url\":\"https:\\\/\\\/www.urban-driver.com\\\/en\\\/\",\"name\":\"Taxi moto | Urban Driver\",\"description\":\"\",\"publisher\":{\"@id\":\"https:\\\/\\\/www.urban-driver.com\\\/en\\\/#organization\"},\"potentialAction\":[{\"@type\":\"SearchAction\",\"target\":{\"@type\":\"EntryPoint\",\"urlTemplate\":\"https:\\\/\\\/www.urban-driver.com\\\/en\\\/?s={search_term_string}\"},\"query-input\":{\"@type\":\"PropertyValueSpecification\",\"valueRequired\":true,\"valueName\":\"search_term_string\"}}],\"inLanguage\":\"en-US\"},{\"@type\":\"Organization\",\"@id\":\"https:\\\/\\\/www.urban-driver.com\\\/en\\\/#organization\",\"name\":\"URBAN DRIVER\",\"alternateName\":\"Urban\",\"url\":\"https:\\\/\\\/www.urban-driver.com\\\/en\\\/\",\"logo\":{\"@type\":\"ImageObject\",\"inLanguage\":\"en-US\",\"@id\":\"https:\\\/\\\/www.urban-driver.com\\\/en\\\/#\\\/schema\\\/logo\\\/image\\\/\",\"url\":\"https:\\\/\\\/www.urban-driver.com\\\/wp-content\\\/uploads\\\/2016\\\/12\\\/urban_driver.png\",\"contentUrl\":\"https:\\\/\\\/www.urban-driver.com\\\/wp-content\\\/uploads\\\/2016\\\/12\\\/urban_driver.png\",\"width\":300,\"height\":39,\"caption\":\"URBAN DRIVER\"},\"image\":{\"@id\":\"https:\\\/\\\/www.urban-driver.com\\\/en\\\/#\\\/schema\\\/logo\\\/image\\\/\"}}]}<\/script>\n<!-- \/ Yoast SEO plugin. -->","yoast_head_json":{"title":"Qui sommes-nous ? - UrbanDriver","description":"Leader du transport de personnes en moto et voiture avec chauffeur depuis 2008.","robots":{"index":"index","follow":"follow","max-snippet":"max-snippet:-1","max-image-preview":"max-image-preview:large","max-video-preview":"max-video-preview:-1"},"canonical":"https:\/\/www.urban-driver.com\/en\/quisommesnous.php","og_locale":"en_US","og_type":"article","og_title":"Qui sommes-nous ? - UrbanDriver","og_description":"Leader du transport de personnes en moto et voiture avec chauffeur depuis 2008.","og_url":"https:\/\/www.urban-driver.com\/en\/quisommesnous.php","og_site_name":"Taxi moto | Urban Driver","article_modified_time":"2024-06-03T09:01:53+00:00","twitter_card":"summary_large_image","twitter_misc":{"Est. reading time":"5 minutes"},"schema":{"@context":"https:\/\/schema.org","@graph":[{"@type":"WebPage","@id":"https:\/\/www.urban-driver.com\/en\/quisommesnous.php","url":"https:\/\/www.urban-driver.com\/en\/quisommesnous.php","name":"Qui sommes-nous ? - UrbanDriver","isPartOf":{"@id":"https:\/\/www.urban-driver.com\/en\/#website"},"datePublished":"2017-01-11T15:28:59+00:00","dateModified":"2024-06-03T09:01:53+00:00","description":"Leader du transport de personnes en moto et voiture avec chauffeur depuis 2008.","breadcrumb":{"@id":"https:\/\/www.urban-driver.com\/en\/quisommesnous.php#breadcrumb"},"inLanguage":"en-US","potentialAction":[{"@type":"ReadAction","target":["https:\/\/www.urban-driver.com\/en\/quisommesnous.php"]}]},{"@type":"BreadcrumbList","@id":"https:\/\/www.urban-driver.com\/en\/quisommesnous.php#breadcrumb","itemListElement":[{"@type":"ListItem","position":1,"name":"Urban Driver","item":"https:\/\/www.urban-driver.com\/en\/"},{"@type":"ListItem","position":2,"name":"Qui sommes nous ?"}]},{"@type":"WebSite","@id":"https:\/\/www.urban-driver.com\/en\/#website","url":"https:\/\/www.urban-driver.com\/en\/","name":"Taxi moto | Urban Driver","description":"","publisher":{"@id":"https:\/\/www.urban-driver.com\/en\/#organization"},"potentialAction":[{"@type":"SearchAction","target":{"@type":"EntryPoint","urlTemplate":"https:\/\/www.urban-driver.com\/en\/?s={search_term_string}"},"query-input":{"@type":"PropertyValueSpecification","valueRequired":true,"valueName":"search_term_string"}}],"inLanguage":"en-US"},{"@type":"Organization","@id":"https:\/\/www.urban-driver.com\/en\/#organization","name":"URBAN DRIVER","alternateName":"Urban","url":"https:\/\/www.urban-driver.com\/en\/","logo":{"@type":"ImageObject","inLanguage":"en-US","@id":"https:\/\/www.urban-driver.com\/en\/#\/schema\/logo\/image\/","url":"https:\/\/www.urban-driver.com\/wp-content\/uploads\/2016\/12\/urban_driver.png","contentUrl":"https:\/\/www.urban-driver.com\/wp-content\/uploads\/2016\/12\/urban_driver.png","width":300,"height":39,"caption":"URBAN DRIVER"},"image":{"@id":"https:\/\/www.urban-driver.com\/en\/#\/schema\/logo\/image\/"}}]}},"_links":{"self":[{"href":"https:\/\/www.urban-driver.com\/en\/wp-json\/wp\/v2\/pages\/209","targetHints":{"allow":["GET"]}}],"collection":[{"href":"https:\/\/www.urban-driver.com\/en\/wp-json\/wp\/v2\/pages"}],"about":[{"href":"https:\/\/www.urban-driver.com\/en\/wp-json\/wp\/v2\/types\/page"}],"author":[{"embeddable":true,"href":"https:\/\/www.urban-driver.com\/en\/wp-json\/wp\/v2\/users\/1"}],"replies":[{"embeddable":true,"href":"https:\/\/www.urban-driver.com\/en\/wp-json\/wp\/v2\/comments?post=209"}],"version-history":[{"count":0,"href":"https:\/\/www.urban-driver.com\/en\/wp-json\/wp\/v2\/pages\/209\/revisions"}],"wp:attachment":[{"href":"https:\/\/www.urban-driver.com\/en\/wp-json\/wp\/v2\/media?parent=209"}],"curies":[{"name":"wp","href":"https:\/\/api.w.org\/{rel}","templated":true}]}}