{"id":196,"date":"2017-01-11T13:23:21","date_gmt":"2017-01-11T13:23:21","guid":{"rendered":"http:\/\/48h.fr\/?page_id=196"},"modified":"2026-01-12T17:08:17","modified_gmt":"2026-01-12T16:08:17","slug":"pourquoi-choisir-urbandriver","status":"publish","type":"page","link":"https:\/\/www.urban-driver.com\/en\/pourquoi_choisir_urbandriver.php","title":{"rendered":"Pourquoi choisir Urban Driver ?"},"content":{"rendered":"<div class=\"wpb-content-wrapper\"><p>[vc_row][vc_column][vc_empty_space height=&#8221;12px&#8221; alter_height=&#8221;none&#8221; hide_on_mobile=&#8221;&#8221;][vc_empty_space height=&#8221;24px&#8221; alter_height=&#8221;none&#8221; hide_on_mobile=&#8221;&#8221;][vc_row_inner][vc_column_inner width=&#8221;2\/3&#8243;][vc_custom_heading text=&#8221;A propos d&#8217;Urban Driver&#8221; font_container=&#8221;tag:h6|font_size:12px|text_align:left|color:%23b70604|line_height:0%2C8em&#8221; use_theme_fonts=&#8221;yes&#8221;][vc_custom_heading text=&#8221;Qui est Urban Driver ?&#8221; font_container=&#8221;tag:h2|text_align:left|color:%23000000|line_height:0%2C8em&#8221; use_theme_fonts=&#8221;yes&#8221;][vc_column_text css=&#8221;&#8221;]Fond\u00e9e en 2008, Urban Driver intervient au quotidien dans toute l\u2019Ile de France pour le transport de personnes en <a href=\"https:\/\/www.urban-driver.com\/en\/motorbike-taxi.php\">taxi moto<\/a>.<\/p>\n<p>Plateforme de r\u00e9servation disponible 24\/7, Urban Driver dispose d\u2019une flotte de v\u00e9hicules d\u00e9di\u00e9e \u00e0 vos transports et met de nombreux outils \u00e0 disposition pour offrir des solutions destin\u00e9es \u00e0 optimiser votre temps.<\/p>\n<p>Aujourd\u2019hui, le savoir-faire d\u2019Urban Driver, acteur incontournable sur le march\u00e9 du transport de personnes \u00e0 titre on\u00e9reux, permet d\u2019assurer un service complet, rapide et adapt\u00e9 \u00e0 vos besoins.[\/vc_column_text][vc_empty_space alter_height=&#8221;medium&#8221; hide_on_mobile=&#8221;&#8221;]<div class=\"sc_item_button sc_button_wrap\"><a href=\"https:\/\/www.urban-driver.com\/quisommesnous.php\" id=\"sc_button_198939651\" class=\"sc_button sc_button_default sc_button_size_normal sc_button_icon_left\"><span class=\"sc_button_text\"><span class=\"sc_button_title\">Plus de d\u00e9tails<\/span><\/span><!-- \/.sc_button_text --><\/a><!-- \/.sc_button --><\/div><!-- \/.sc_item_button -->[vc_empty_space alter_height=&#8221;medium&#8221; hide_on_mobile=&#8221;&#8221;][vc_empty_space alter_height=&#8221;medium&#8221; hide_on_mobile=&#8221;&#8221;][\/vc_column_inner][vc_column_inner width=&#8221;1\/3&#8243;][vc_empty_space height=&#8221;64px&#8221; alter_height=&#8221;medium&#8221; hide_on_mobile=&#8221;&#8221;][vc_empty_space height=&#8221;64px&#8221; alter_height=&#8221;medium&#8221; hide_on_mobile=&#8221;&#8221;][vc_empty_space height=&#8221;64px&#8221; alter_height=&#8221;medium&#8221; hide_on_mobile=&#8221;&#8221;][vc_single_image image=&#8221;6123&#8243; img_size=&#8221;large&#8221; alignment=&#8221;center&#8221;][\/vc_column_inner][\/vc_row_inner][\/vc_column][\/vc_row][vc_row full_width=&#8221;stretch_row&#8221; css=&#8221;.vc_custom_1561975007733{background-color: #f5f7f8 !important;}&#8221;][vc_column][vc_custom_heading text=&#8221;Faites l&#8217;exp\u00e9rience d&#8217;un service de qualit\u00e9&#8221; font_container=&#8221;tag:h2|text_align:center&#8221; use_theme_fonts=&#8221;yes&#8221;][\/vc_column][\/vc_row][vc_row full_width=&#8221;stretch_row&#8221; full_height=&#8221;yes&#8221; equal_height=&#8221;yes&#8221; css=&#8221;.vc_custom_1561652392608{background-color: #f5f7f8 !important;}&#8221;][vc_column width=&#8221;1\/3&#8243;][vc_empty_space height=&#8221;64px&#8221; alter_height=&#8221;medium&#8221; hide_on_mobile=&#8221;&#8221;]<div  id=\"sc_price_1948341163\" \n\tclass=\"sc_price sc_price_default\"><div class=\"sc_price_info\"><a href=\"https:\/\/booking.urban-driver.com\/Commander\" class=\"sc_price_image\"><img decoding=\"async\" src=\"https:\/\/www.urban-driver.com\/wp-content\/uploads\/2017\/01\/ic3.png\" alt=\"esc_attr__('image', 'quickcash')\" width=\"48\" height=\"48\"><\/a><div class=\"sc_price_title\"><a href=\"https:\/\/booking.urban-driver.com\/Commander\">Simple<\/a><\/div><div class=\"sc_price_description\">Multi-plateforme<\/div><div class=\"sc_price_details\">[vc_column_text css=&#8221;&#8221;]<\/p>\n<ul class=\"trx_addons_list trx_addons_list_minus\">\n<li>Plateforme en ligne 24\/7,<\/li>\n<li>Application Ios &amp; Android,<\/li>\n<li>Un service client (09h00 \u00e0 18h00),<\/li>\n<\/ul>\n<p>[\/vc_column_text]<\/div>\t<\/div><a href=\"https:\/\/booking.urban-driver.com\/Commander\" class=\"sc_price_link sc_button_default\" target=\"_blank\"><span>Devis en ligne<\/span><\/a>\n<\/div>[\/vc_column][vc_column width=&#8221;1\/3&#8243;][vc_empty_space height=&#8221;64px&#8221; alter_height=&#8221;medium&#8221; hide_on_mobile=&#8221;&#8221;]<div  id=\"sc_price_806242155\" \n\tclass=\"sc_price sc_price_default\"><div class=\"sc_price_info\"><a href=\"https:\/\/booking.urban-driver.com\/Commander\" class=\"sc_price_image\"><img decoding=\"async\" src=\"https:\/\/www.urban-driver.com\/wp-content\/uploads\/2017\/01\/ic2.png\" alt=\"esc_attr__('image', 'quickcash')\" width=\"45\" height=\"48\"><\/a><div class=\"sc_price_title\"><a href=\"https:\/\/booking.urban-driver.com\/Commander\">Disponible<\/a><\/div><div class=\"sc_price_description\">Moto Taxi &amp; VTC<\/div><div class=\"sc_price_details\">[vc_empty_space height=&#8221;64px&#8221; hide_on_mobile=&#8221;&#8221;][vc_empty_space height=&#8221;64px&#8221; hide_on_mobile=&#8221;&#8221;][vc_column_text]<\/p>\n<ul class=\"trx_addons_list trx_addons_list_minus\">\n<li>Demande imm\u00e9diate,<\/li>\n<li>R\u00e9servation \u00e0 l&#8217;avance,<\/li>\n<li>Des centaines de chauffeurs partenaires assurant disponibilit\u00e9 et r\u00e9activit\u00e9,<\/li>\n<\/ul>\n<p>[\/vc_column_text]<\/div>\t<\/div><a href=\"https:\/\/booking.urban-driver.com\/Commander\" class=\"sc_price_link sc_button_default\" target=\"_blank\"><span>Devis en ligne<\/span><\/a>\n<\/div>[vc_empty_space alter_height=&#8221;none&#8221; hide_on_mobile=&#8221;&#8221;][vc_empty_space alter_height=&#8221;none&#8221; hide_on_mobile=&#8221;&#8221;][\/vc_column][vc_column width=&#8221;1\/3&#8243;][vc_empty_space height=&#8221;64px&#8221; alter_height=&#8221;medium&#8221; hide_on_mobile=&#8221;&#8221;]<div  id=\"sc_price_381035501\" \n\tclass=\"sc_price sc_price_default\"><div class=\"sc_price_info\"><a href=\"https:\/\/booking.urban-driver.com\/Commander\" class=\"sc_price_image\"><img decoding=\"async\" src=\"https:\/\/www.urban-driver.com\/wp-content\/uploads\/2017\/01\/ic1.png\" alt=\"esc_attr__('image', 'quickcash')\" width=\"48\" height=\"48\"><\/a><div class=\"sc_price_title\"><a href=\"https:\/\/booking.urban-driver.com\/Commander\">Transparent<\/a><\/div><div class=\"sc_price_description\">Prix fix\u00e9s avant la commande<\/div><div class=\"sc_price_details\">[vc_column_text css=&#8221;&#8221;]<\/p>\n<ul class=\"trx_addons_list trx_addons_list_minus\">\n<li>Tarifs fixes,<\/li>\n<li>Paiement s\u00e9curis\u00e9 en ligne,<\/li>\n<li>Confirmation par mail,<\/li>\n<li>SMS \u00e0 l&#8217;arriv\u00e9e du chauffeur,<\/li>\n<li>Facture par mail.<\/li>\n<\/ul>\n<p>[\/vc_column_text]<\/div>\t<\/div><a href=\"https:\/\/booking.urban-driver.com\/Commander\" class=\"sc_price_link sc_button_default\" target=\"_blank\"><span>Devis en ligne<\/span><\/a>\n<\/div>[vc_empty_space height=&#8221;64px&#8221; hide_on_mobile=&#8221;&#8221;][\/vc_column][\/vc_row][vc_row full_width=&#8221;stretch_row&#8221; css=&#8221;.vc_custom_1495634809092{background-color: #939393 !important;}&#8221;][vc_column width=&#8221;1\/2&#8243;]<div class=\"sc_testimonials sc_testimonials_simple\" data-slides-min-width=\"150\"\t\t>\n\t\t<div class=\"sc_testimonials_content sc_item_content\"><div class=\"sc_testimonials_item\">\n\t<div class=\"sc_testimonials_item_content\"><p>Wonderful ride from Avenue Georges V in Paris to Roissy Charles de Gaulle airport in about 35 minutes. Highly recommended. Thanks UrbanDriver !<\/p>\n<\/div>\n\t<div class=\"sc_testimonials_item_author\">\n\t\t<div class=\"sc_testimonials_item_author_data\">\n\t\t\t<h4 class=\"sc_testimonials_item_author_title\">Peter W.<\/h4>\n\t\t\t<div class=\"sc_testimonials_item_author_subtitle\">Manager<\/div>\t\t<\/div>\n\t<\/div>\n<\/div>\n<\/div><\/div><!-- \/.sc_testimonials -->[\/vc_column][vc_column width=&#8221;1\/2&#8243;]<div class=\"sc_testimonials sc_testimonials_simple\" data-slides-min-width=\"150\"\t\t>\n\t\t<div class=\"sc_testimonials_content sc_item_content\"><div class=\"sc_testimonials_item\">\n\t<div class=\"sc_testimonials_item_content\"><p>The solution to Paris traffic jams, I now wonder how I did it before.<\/p>\n<\/div>\n\t<div class=\"sc_testimonials_item_author\">\n\t\t<div class=\"sc_testimonials_item_author_data\">\n\t\t\t<h4 class=\"sc_testimonials_item_author_title\">Jacques P.<\/h4>\n\t\t\t<div class=\"sc_testimonials_item_author_subtitle\">Designer<\/div>\t\t<\/div>\n\t<\/div>\n<\/div>\n<\/div><\/div><!-- \/.sc_testimonials -->[\/vc_column][\/vc_row][vc_row full_width=&#8221;stretch_row&#8221; css=&#8221;.vc_custom_1561715145455{background-color: #f5f7f8 !important;}&#8221;][vc_column][vc_empty_space height=&#8221;64px&#8221; alter_height=&#8221;medium&#8221; hide_on_mobile=&#8221;&#8221;]<div  id=\"sc_promo_2041590400\" \n\tclass=\"sc_promo sc_promo_default sc_promo_size_normal sc_promo_no_paddings sc_promo_image_position_right\"><div class=\"sc_promo_image\" style=\"background-image:url(https:\/\/www.urban-driver.com\/wp-content\/uploads\/2017\/01\/illustration2.jpg);width:70%;right: 0;\"><\/div><div class=\"sc_promo_text\" style=\"width: 30%;float: left;\">\n\t\t\t<div class=\"sc_promo_text_inner\" style=\"\"><h6 class=\"sc_item_subtitle sc_promo_subtitle sc_align_left sc_item_title_style_default\">Tarifs<\/h6><h3 class=\"sc_item_title sc_promo_title sc_align_left sc_item_title_style_default\">Taxi Moto<\/h3><div class=\"sc_item_descr sc_promo_descr sc_align_left\">Paris <-> Orly \u00e0 partir de 74\u20ac<br \/><br \/>\nParis <-> Roissy \u00e0 partir de 93\u20ac<\/div><div class=\"sc_item_button sc_item_button_default sc_promo_button sc_align_left sc_button_wrap\"><a href=\"https:\/\/booking.urban-driver.com\/Commander\" id=\"sc_button_1860648235\" class=\"sc_button sc_button_default sc_button_size_normal sc_button_icon_left\"><span class=\"sc_button_text\"><span class=\"sc_button_title\">J&#039;en profite<\/span><\/span><!-- \/.sc_button_text --><\/a><!-- \/.sc_button --><\/div><!-- \/.sc_item_button sc_item_button_default sc_promo_button sc_align_left --><\/div>\n\t\t<\/div><!-- \/.sc_promo_text --><\/div><!-- \/.sc_promo -->[vc_empty_space height=&#8221;64px&#8221; alter_height=&#8221;medium&#8221; hide_on_mobile=&#8221;&#8221;][\/vc_column][vc_column][vc_empty_space height=&#8221;64px&#8221; alter_height=&#8221;medium&#8221; hide_on_mobile=&#8221;&#8221;][\/vc_column][\/vc_row][vc_row full_width=&#8221;stretch_row&#8221; css=&#8221;.vc_custom_1495634215383{background-color: #21242c !important;}&#8221;][vc_column width=&#8221;1\/3&#8243;][vc_empty_space height=&#8221;1.65em&#8221; alter_height=&#8221;none&#8221; hide_on_mobile=&#8221;&#8221;][vc_custom_heading text=&#8221;En chiffres&#8221; font_container=&#8221;tag:h2|text_align:left|color:%23ffffff&#8221; use_theme_fonts=&#8221;yes&#8221;][\/vc_column][vc_column width=&#8221;1\/3&#8243;][vc_empty_space height=&#8221;1.65em&#8221; alter_height=&#8221;none&#8221; hide_on_mobile=&#8221;&#8221;][vc_column_text]<\/p>\n<ul class=\"trx_addons_list trx_addons_list_minus\">\n<li><span style=\"color: #ffffff;\">A votre service depuis 2008<\/span><\/li>\n<li><span style=\"color: #ffffff;\">+ 10 000 clients<\/span><\/li>\n<\/ul>\n<p>[\/vc_column_text][vc_empty_space height=&#8221;2.65em&#8221; alter_height=&#8221;none&#8221; hide_on_mobile=&#8221;&#8221;][\/vc_column][vc_column width=&#8221;1\/3&#8243;][vc_empty_space height=&#8221;1.65em&#8221; alter_height=&#8221;none&#8221; hide_on_mobile=&#8221;&#8221;][vc_column_text]<\/p>\n<ul class=\"trx_addons_list trx_addons_list_minus\">\n<li><span style=\"color: #ffffff;\">+ de 80 pilotes motos<\/span><\/li>\n<li><span style=\"color: #ffffff;\">+ de 1000 VTC<\/span><\/li>\n<\/ul>\n<p>[\/vc_column_text][vc_empty_space height=&#8221;2.65em&#8221; alter_height=&#8221;none&#8221; hide_on_mobile=&#8221;&#8221;][\/vc_column][\/vc_row][vc_row][vc_column][vc_empty_space alter_height=&#8221;none&#8221; hide_on_mobile=&#8221;&#8221;][vc_custom_heading text=&#8221;Urban Driver vous simplifie la vie&#8221; font_container=&#8221;tag:h2|text_align:center&#8221; use_theme_fonts=&#8221;yes&#8221;][vc_row_inner][vc_column_inner width=&#8221;1\/3&#8243;][vc_empty_space height=&#8221;64px&#8221; alter_height=&#8221;medium&#8221; hide_on_mobile=&#8221;&#8221;][vc_single_image image=&#8221;2084&#8243; img_size=&#8221;large&#8221; alignment=&#8221;center&#8221;][\/vc_column_inner][vc_column_inner width=&#8221;2\/3&#8243;][vc_custom_heading text=&#8221;Suivi automatique de votre vol&#8221; font_container=&#8221;tag:h3|text_align:left|color:%23b70604&#8243; use_theme_fonts=&#8221;yes&#8221; css=&#8221;&#8221;][vc_column_text]Lors de vos prises en charge aux a\u00e9roports (Orly &amp; Roissy CDG), Urban Driver ajuste automatiquement votre r\u00e9servation \u00e0 l&#8217;heure d&#8217;arriv\u00e9e r\u00e9elle de votre vol. Ainsi, vous ne payez pas de frais d&#8217;attente m\u00eame en cas de retard de votre avion.<\/p>\n<p>Il vous suffit simplement au moment de votre r\u00e9servation de renseigner votre num\u00e9ro de vol pour permettre \u00e0 notre syst\u00e8me d&#8217;information de v\u00e9rifier r\u00e9guli\u00e8rement l&#8217;\u00e9tat de votre vol et ainsi ajuster l&#8217;arriv\u00e9e de votre chauffeur au bon moment.[\/vc_column_text][\/vc_column_inner][\/vc_row_inner][\/vc_column][\/vc_row][vc_row][vc_column][vc_separator][vc_row_inner][vc_column_inner width=&#8221;2\/3&#8243;][vc_custom_heading text=&#8221;Paiement s\u00e9curis\u00e9 en ligne&#8221; font_container=&#8221;tag:h3|text_align:left|color:%23b70604&#8243; use_theme_fonts=&#8221;yes&#8221; css=&#8221;&#8221;][vc_column_text]Urban Driver a s\u00e9lectionn\u00e9 la plateforme de paiement Adyen afin de vous offrir la meilleure exp\u00e9rience d&#8217;achat en ligne et une s\u00e9curit\u00e9 optimale. Adyen accompagne les plus grandes entreprises du monde pour leurs paiements en ligne: Uber, Ebay, booking.com, Vueling, meetic.fr, L&#8217;Oreal, Agatha Paris&#8230; Toutes les informations \u00e9chang\u00e9es pour traiter le paiement sont crypt\u00e9es. Ces donn\u00e9es ne peuvent \u00eatre ni d\u00e9tect\u00e9es, ni intercept\u00e9es, ni utilis\u00e9es par des tiers.[\/vc_column_text][\/vc_column_inner][vc_column_inner width=&#8221;1\/3&#8243;][vc_single_image image=&#8221;6111&#8243; img_size=&#8221;large&#8221; alignment=&#8221;center&#8221;][\/vc_column_inner][\/vc_row_inner][\/vc_column][\/vc_row][vc_row][vc_column][vc_separator][vc_row_inner][vc_column_inner width=&#8221;1\/3&#8243;][vc_empty_space alter_height=&#8221;medium&#8221; hide_on_mobile=&#8221;&#8221;][vc_single_image image=&#8221;6113&#8243; img_size=&#8221;full&#8221; alignment=&#8221;center&#8221;][\/vc_column_inner][vc_column_inner width=&#8221;2\/3&#8243;][vc_custom_heading text=&#8221;Des Chauffeurs professionnels&#8221; font_container=&#8221;tag:h3|text_align:left|color:%23b70604&#8243; use_theme_fonts=&#8221;yes&#8221; css=&#8221;&#8221;][vc_column_text]L&#8217;activit\u00e9 de transport de personnes \u00e0 titre on\u00e9reux est r\u00e9glement\u00e9e. En r\u00e9servant sur urban-driver.com, vous vous assurez que le chauffeur respecte les conditions d&#8217;aptitude professionnelle, d&#8217;entretien et de caract\u00e9ristiques du v\u00e9hicule et vous respectez l&#8217;obligation de devoir r\u00e9server, les v\u00e9hicules-motos ne pouvant ni circuler, ni stationner sur la voie publique en qu\u00eate de client.[\/vc_column_text][\/vc_column_inner][\/vc_row_inner][vc_empty_space alter_height=&#8221;none&#8221; hide_on_mobile=&#8221;&#8221;][vc_empty_space alter_height=&#8221;none&#8221; hide_on_mobile=&#8221;&#8221;][\/vc_column][\/vc_row][vc_row full_width=&#8221;stretch_row&#8221; css=&#8221;.vc_custom_1561641950520{background-image: url(https:\/\/www.urban-driver.com\/wp-content\/uploads\/2017\/01\/ville.jpg?id=1679) !important;}&#8221;][vc_column][vc_empty_space height=&#8221;2.65em&#8221; alter_height=&#8221;none&#8221; hide_on_mobile=&#8221;&#8221;][vc_custom_heading text=&#8221;Je commande maintenant !&#8221; font_container=&#8221;tag:p|font_size:32|text_align:left|color:%23ffffff&#8221; use_theme_fonts=&#8221;yes&#8221; css=&#8221;&#8221;]<div class=\"sc_item_button sc_button_wrap\"><a href=\"https:\/\/booking.urban-driver.com\/Inscription\" id=\"sc_button_1884433411\" class=\"sc_button sc_button_default sc_button_size_normal sc_button_icon_left\"><span class=\"sc_button_text\"><span class=\"sc_button_title\">Cliquez-ici<\/span><\/span><!-- \/.sc_button_text --><\/a><!-- \/.sc_button --><\/div><!-- \/.sc_item_button -->[vc_empty_space height=&#8221;2.65em&#8221; alter_height=&#8221;none&#8221; hide_on_mobile=&#8221;&#8221;][\/vc_column][\/vc_row]<\/p>\n<\/div>","protected":false},"excerpt":{"rendered":"<p>[vc_row][vc_column][vc_empty_space height=&#8221;12px&#8221; alter_height=&#8221;none&#8221; hide_on_mobile=&#8221;&#8221;][vc_empty_space height=&#8221;24px&#8221; alter_height=&#8221;none&#8221; hide_on_mobile=&#8221;&#8221;][vc_row_inner][vc_column_inner width=&#8221;2\/3&#8243;][vc_custom_heading text=&#8221;A propos d&#8217;Urban Driver&#8221; font_container=&#8221;tag:h6|font_size:12px|text_align:left|color:%23b70604|line_height:0%2C8em&#8221; use_theme_fonts=&#8221;yes&#8221;][vc_custom_heading text=&#8221;Qui est Urban Driver ?&#8221; font_container=&#8221;tag:h2|text_align:left|color:%23000000|line_height:0%2C8em&#8221; use_theme_fonts=&#8221;yes&#8221;][vc_column_text css=&#8221;&#8221;]Fond\u00e9e en 2008, Urban Driver intervient au quotidien dans toute l\u2019Ile de France pour le transport de personnes en taxi moto. Plateforme de r\u00e9servation&hellip;<\/p>\n","protected":false},"author":1,"featured_media":0,"parent":0,"menu_order":0,"comment_status":"closed","ping_status":"closed","template":"","meta":{"footnotes":""},"class_list":["post-196","page","type-page","status-publish","hentry"],"yoast_head":"<!-- This site is optimized with the Yoast SEO plugin v27.4 - https:\/\/yoast.com\/product\/yoast-seo-wordpress\/ -->\n<title>Pourquoi choisir Urban Driver?<\/title>\n<meta name=\"description\" content=\"Depuis 2008, plus de 40 000 transferts effectu\u00e9s.\" \/>\n<meta name=\"robots\" content=\"index, follow, max-snippet:-1, max-image-preview:large, max-video-preview:-1\" \/>\n<link rel=\"canonical\" href=\"https:\/\/www.urban-driver.com\/en\/pourquoi_choisir_urbandriver.php\" \/>\n<meta property=\"og:locale\" content=\"en_US\" \/>\n<meta property=\"og:type\" content=\"article\" \/>\n<meta property=\"og:title\" content=\"Pourquoi choisir Urban Driver?\" \/>\n<meta property=\"og:description\" content=\"Depuis 2008, plus de 40 000 transferts effectu\u00e9s.\" \/>\n<meta property=\"og:url\" content=\"https:\/\/www.urban-driver.com\/en\/pourquoi_choisir_urbandriver.php\" \/>\n<meta property=\"og:site_name\" content=\"Taxi moto | Urban Driver\" \/>\n<meta property=\"article:modified_time\" content=\"2026-01-12T16:08:17+00:00\" \/>\n<meta name=\"twitter:card\" content=\"summary_large_image\" \/>\n<meta name=\"twitter:label1\" content=\"Est. reading time\" \/>\n\t<meta name=\"twitter:data1\" content=\"4 minutes\" \/>\n<script type=\"application\/ld+json\" class=\"yoast-schema-graph\">{\"@context\":\"https:\\\/\\\/schema.org\",\"@graph\":[{\"@type\":\"WebPage\",\"@id\":\"https:\\\/\\\/www.urban-driver.com\\\/en\\\/pourquoi_choisir_urbandriver.php\",\"url\":\"https:\\\/\\\/www.urban-driver.com\\\/en\\\/pourquoi_choisir_urbandriver.php\",\"name\":\"Pourquoi choisir Urban Driver?\",\"isPartOf\":{\"@id\":\"https:\\\/\\\/www.urban-driver.com\\\/en\\\/#website\"},\"datePublished\":\"2017-01-11T13:23:21+00:00\",\"dateModified\":\"2026-01-12T16:08:17+00:00\",\"description\":\"Depuis 2008, plus de 40 000 transferts effectu\u00e9s.\",\"breadcrumb\":{\"@id\":\"https:\\\/\\\/www.urban-driver.com\\\/en\\\/pourquoi_choisir_urbandriver.php#breadcrumb\"},\"inLanguage\":\"en-US\",\"potentialAction\":[{\"@type\":\"ReadAction\",\"target\":[\"https:\\\/\\\/www.urban-driver.com\\\/en\\\/pourquoi_choisir_urbandriver.php\"]}]},{\"@type\":\"BreadcrumbList\",\"@id\":\"https:\\\/\\\/www.urban-driver.com\\\/en\\\/pourquoi_choisir_urbandriver.php#breadcrumb\",\"itemListElement\":[{\"@type\":\"ListItem\",\"position\":1,\"name\":\"Urban Driver\",\"item\":\"https:\\\/\\\/www.urban-driver.com\\\/en\\\/\"},{\"@type\":\"ListItem\",\"position\":2,\"name\":\"Pourquoi choisir Urban Driver ?\"}]},{\"@type\":\"WebSite\",\"@id\":\"https:\\\/\\\/www.urban-driver.com\\\/en\\\/#website\",\"url\":\"https:\\\/\\\/www.urban-driver.com\\\/en\\\/\",\"name\":\"Taxi moto | Urban Driver\",\"description\":\"\",\"publisher\":{\"@id\":\"https:\\\/\\\/www.urban-driver.com\\\/en\\\/#organization\"},\"potentialAction\":[{\"@type\":\"SearchAction\",\"target\":{\"@type\":\"EntryPoint\",\"urlTemplate\":\"https:\\\/\\\/www.urban-driver.com\\\/en\\\/?s={search_term_string}\"},\"query-input\":{\"@type\":\"PropertyValueSpecification\",\"valueRequired\":true,\"valueName\":\"search_term_string\"}}],\"inLanguage\":\"en-US\"},{\"@type\":\"Organization\",\"@id\":\"https:\\\/\\\/www.urban-driver.com\\\/en\\\/#organization\",\"name\":\"URBAN DRIVER\",\"alternateName\":\"Urban\",\"url\":\"https:\\\/\\\/www.urban-driver.com\\\/en\\\/\",\"logo\":{\"@type\":\"ImageObject\",\"inLanguage\":\"en-US\",\"@id\":\"https:\\\/\\\/www.urban-driver.com\\\/en\\\/#\\\/schema\\\/logo\\\/image\\\/\",\"url\":\"https:\\\/\\\/www.urban-driver.com\\\/wp-content\\\/uploads\\\/2016\\\/12\\\/urban_driver.png\",\"contentUrl\":\"https:\\\/\\\/www.urban-driver.com\\\/wp-content\\\/uploads\\\/2016\\\/12\\\/urban_driver.png\",\"width\":300,\"height\":39,\"caption\":\"URBAN DRIVER\"},\"image\":{\"@id\":\"https:\\\/\\\/www.urban-driver.com\\\/en\\\/#\\\/schema\\\/logo\\\/image\\\/\"}}]}<\/script>\n<!-- \/ Yoast SEO plugin. -->","yoast_head_json":{"title":"Pourquoi choisir Urban Driver?","description":"Depuis 2008, plus de 40 000 transferts effectu\u00e9s.","robots":{"index":"index","follow":"follow","max-snippet":"max-snippet:-1","max-image-preview":"max-image-preview:large","max-video-preview":"max-video-preview:-1"},"canonical":"https:\/\/www.urban-driver.com\/en\/pourquoi_choisir_urbandriver.php","og_locale":"en_US","og_type":"article","og_title":"Pourquoi choisir Urban Driver?","og_description":"Depuis 2008, plus de 40 000 transferts effectu\u00e9s.","og_url":"https:\/\/www.urban-driver.com\/en\/pourquoi_choisir_urbandriver.php","og_site_name":"Taxi moto | Urban Driver","article_modified_time":"2026-01-12T16:08:17+00:00","twitter_card":"summary_large_image","twitter_misc":{"Est. reading time":"4 minutes"},"schema":{"@context":"https:\/\/schema.org","@graph":[{"@type":"WebPage","@id":"https:\/\/www.urban-driver.com\/en\/pourquoi_choisir_urbandriver.php","url":"https:\/\/www.urban-driver.com\/en\/pourquoi_choisir_urbandriver.php","name":"Pourquoi choisir Urban Driver?","isPartOf":{"@id":"https:\/\/www.urban-driver.com\/en\/#website"},"datePublished":"2017-01-11T13:23:21+00:00","dateModified":"2026-01-12T16:08:17+00:00","description":"Depuis 2008, plus de 40 000 transferts effectu\u00e9s.","breadcrumb":{"@id":"https:\/\/www.urban-driver.com\/en\/pourquoi_choisir_urbandriver.php#breadcrumb"},"inLanguage":"en-US","potentialAction":[{"@type":"ReadAction","target":["https:\/\/www.urban-driver.com\/en\/pourquoi_choisir_urbandriver.php"]}]},{"@type":"BreadcrumbList","@id":"https:\/\/www.urban-driver.com\/en\/pourquoi_choisir_urbandriver.php#breadcrumb","itemListElement":[{"@type":"ListItem","position":1,"name":"Urban Driver","item":"https:\/\/www.urban-driver.com\/en\/"},{"@type":"ListItem","position":2,"name":"Pourquoi choisir Urban Driver ?"}]},{"@type":"WebSite","@id":"https:\/\/www.urban-driver.com\/en\/#website","url":"https:\/\/www.urban-driver.com\/en\/","name":"Taxi moto | Urban Driver","description":"","publisher":{"@id":"https:\/\/www.urban-driver.com\/en\/#organization"},"potentialAction":[{"@type":"SearchAction","target":{"@type":"EntryPoint","urlTemplate":"https:\/\/www.urban-driver.com\/en\/?s={search_term_string}"},"query-input":{"@type":"PropertyValueSpecification","valueRequired":true,"valueName":"search_term_string"}}],"inLanguage":"en-US"},{"@type":"Organization","@id":"https:\/\/www.urban-driver.com\/en\/#organization","name":"URBAN DRIVER","alternateName":"Urban","url":"https:\/\/www.urban-driver.com\/en\/","logo":{"@type":"ImageObject","inLanguage":"en-US","@id":"https:\/\/www.urban-driver.com\/en\/#\/schema\/logo\/image\/","url":"https:\/\/www.urban-driver.com\/wp-content\/uploads\/2016\/12\/urban_driver.png","contentUrl":"https:\/\/www.urban-driver.com\/wp-content\/uploads\/2016\/12\/urban_driver.png","width":300,"height":39,"caption":"URBAN DRIVER"},"image":{"@id":"https:\/\/www.urban-driver.com\/en\/#\/schema\/logo\/image\/"}}]}},"_links":{"self":[{"href":"https:\/\/www.urban-driver.com\/en\/wp-json\/wp\/v2\/pages\/196","targetHints":{"allow":["GET"]}}],"collection":[{"href":"https:\/\/www.urban-driver.com\/en\/wp-json\/wp\/v2\/pages"}],"about":[{"href":"https:\/\/www.urban-driver.com\/en\/wp-json\/wp\/v2\/types\/page"}],"author":[{"embeddable":true,"href":"https:\/\/www.urban-driver.com\/en\/wp-json\/wp\/v2\/users\/1"}],"replies":[{"embeddable":true,"href":"https:\/\/www.urban-driver.com\/en\/wp-json\/wp\/v2\/comments?post=196"}],"version-history":[{"count":0,"href":"https:\/\/www.urban-driver.com\/en\/wp-json\/wp\/v2\/pages\/196\/revisions"}],"wp:attachment":[{"href":"https:\/\/www.urban-driver.com\/en\/wp-json\/wp\/v2\/media?parent=196"}],"curies":[{"name":"wp","href":"https:\/\/api.w.org\/{rel}","templated":true}]}}