{"id":1425,"date":"2017-05-03T10:37:55","date_gmt":"2017-05-03T08:37:55","guid":{"rendered":"http:\/\/48h.fr\/?page_id=1425"},"modified":"2026-01-23T17:54:18","modified_gmt":"2026-01-23T16:54:18","slug":"val-doise","status":"publish","type":"page","link":"https:\/\/www.urban-driver.com\/en\/val_doise.php","title":{"rendered":"Au d\u00e9part du d\u00e9partement du Val d&#8217;Oise &#8211; 95"},"content":{"rendered":"<div class=\"wpb-content-wrapper\"><p>[vc_row][vc_column]<div id=\"sc_title_1659208952\"\n\t\tclass=\"sc_title sc_title_default\"><h6 class=\"sc_item_subtitle sc_title_subtitle sc_align_left sc_item_title_style_default\">Combien co\u00fbte un taxi moto au d\u00e9part du Val d'Oise<\/h6><h2 class=\"sc_item_title sc_title_title sc_align_left sc_item_title_style_default sc_item_title_tag\">Taxi moto dans le Val d'Oise<\/h2><\/div><!-- \/.sc_title -->[vc_column_text css=&#8221;&#8221;]Le d\u00e9partement du Val d&#8217;Oise situ\u00e9 au Nord de Paris jouit de nombreux p\u00f4les \u00e9conomiques (Cergy Pontoise, Les rives de Seine d&#8217;Argenteuil-Bezons, la zone de Roissy en France), accueille les si\u00e8ges sociaux de nombreux groupes internationaux (3M, Dassault, Thales, Air France Industries, ACNielsen, Spie, Johnson, Thomson) et l&#8217;a\u00e9roport international de Roissy Charles de Gaulle.<\/p>\n<p>Urban Driver est votre partenaire logistique lors de vos d\u00e9placements professionnels en <a href=\"https:\/\/www.urban-driver.com\/en\/ile_de_france\/\">taxi moto en Ile de France<\/a> vers et \u00e0 destination des villes du Val d&#8217;Oise.[\/vc_column_text][vc_message color=&#8221;warning&#8221; message_box_style=&#8221;outline&#8221; message_box_color=&#8221;warning&#8221; icon_fontawesome=&#8221;&#8221; css=&#8221;.vc_custom_1769186948000{margin-top: 22px !important;margin-bottom: 22px !important;}&#8221; closeable=&#8221;&#8221;]Afin d&#8217;assurer la ponctualit\u00e9 de votre chauffeur dans le <b>Val-d&#8217;Oise<\/b>, nous pr\u00e9conisons une r\u00e9servation au minimum <b>1h30<\/b> avant votre d\u00e9part.[\/vc_message][vc_empty_space height=&#8221;3.3em&#8221; alter_height=&#8221;none&#8221; hide_on_mobile=&#8221;&#8221;]<div class=\"sc_item_button sc_button_wrap\"><a href=\"https:\/\/booking.urban-driver.com\/Commander\" id=\"sc_button_484723204\" class=\"sc_button sc_button_default sc_button_size_normal sc_button_icon_left\"><span class=\"sc_button_text\"><span class=\"sc_button_title\">Je r\u00e9serve mon taxi moto<\/span><\/span><!-- \/.sc_button_text --><\/a><!-- \/.sc_button --><\/div><!-- \/.sc_item_button -->[vc_empty_space height=&#8221;3.3em&#8221; alter_height=&#8221;none&#8221; hide_on_mobile=&#8221;&#8221;][\/vc_column][\/vc_row][vc_row css=&#8221;.vc_custom_1768865008003{margin-top: 33px !important;margin-bottom: 33px !important;}&#8221;][vc_column][vc_custom_heading text=&#8221;Tarifs pr\u00e9f\u00e9rentiels taxi moto dans le Val-d&#8217;Oise&#8221; font_container=&#8221;tag:h3|text_align:left&#8221; use_theme_fonts=&#8221;yes&#8221; css=&#8221;&#8221;][vc_row_inner][vc_column_inner width=&#8221;1\/2&#8243;]<div  id=\"sc_price_1010707141\" \n\tclass=\"sc_price sc_price_default\"><div class=\"sc_price_info\"><div class=\"sc_price_subtitle\">Temps de trajet moyen 24 minutes<\/div><div class=\"sc_price_title\"><a href=\"https:\/\/booking.urban-driver.com\/Inscription\">Cergy - Gare du Nord<\/a><\/div><div class=\"sc_price_description\">(*en semaine entre 7h00 et 20h00)<\/div><div class=\"sc_price_price\"><span class=\"sc_price_value\">A partir de 115\u20ac*<\/span><\/div>\t<\/div><a href=\"https:\/\/booking.urban-driver.com\/Inscription\" class=\"sc_price_link sc_button_default\" target=\"_blank\"><span>R\u00e9server<\/span><\/a>\n<\/div>[\/vc_column_inner][vc_column_inner width=&#8221;1\/2&#8243;]<div  id=\"sc_price_1676997616\" \n\tclass=\"sc_price sc_price_default\"><div class=\"sc_price_info\"><div class=\"sc_price_subtitle\">Temps de trajet moyen 35 minutes<\/div><div class=\"sc_price_title\"><a href=\"https:\/\/booking.urban-driver.com\/Inscription\">Roissy CDG - Paris 17\u00b0<\/a><\/div><div class=\"sc_price_description\">(*en semaine entre 7h00 et 20h00)<\/div><div class=\"sc_price_price\"><span class=\"sc_price_value\">A partir de 93\u20ac*<\/span><\/div>\t<\/div><a href=\"https:\/\/booking.urban-driver.com\/Inscription\" class=\"sc_price_link sc_button_default\" target=\"_blank\"><span>R\u00e9server<\/span><\/a>\n<\/div>[\/vc_column_inner][\/vc_row_inner][\/vc_column][\/vc_row][vc_row full_width=&#8221;stretch_row&#8221; css=&#8221;.vc_custom_1751375839218{background-color: #1B1E27 !important;}&#8221; row_title=&#8221;Reservation depuis les apps&#8221;][vc_column][vc_empty_space alter_height=&#8221;medium&#8221; hide_on_mobile=&#8221;&#8221;][vc_custom_heading text=&#8221;Encore plus facile, r\u00e9servez depuis la nouvelle application !&#8221; font_container=&#8221;tag:p|font_size:33|text_align:center|color:%23FFFFFF&#8221; use_theme_fonts=&#8221;yes&#8221; css=&#8221;&#8221;][vc_row_inner][vc_column_inner width=&#8221;1\/2&#8243;][vc_single_image image=&#8221;6868&#8243; img_size=&#8221;medium&#8221; alignment=&#8221;center&#8221; onclick=&#8221;custom_link&#8221; css=&#8221;&#8221; link=&#8221;https:\/\/apps.apple.com\/fr\/app\/urban-driver\/id1609971329?platform=iphone&#8221;][\/vc_column_inner][vc_column_inner width=&#8221;1\/2&#8243;][vc_single_image image=&#8221;6866&#8243; img_size=&#8221;medium&#8221; alignment=&#8221;center&#8221; onclick=&#8221;custom_link&#8221; css=&#8221;&#8221; link=&#8221;https:\/\/play.google.com\/store\/apps\/details?id=com.urbandriver.app_client&#8221;][\/vc_column_inner][\/vc_row_inner][vc_empty_space alter_height=&#8221;medium&#8221; hide_on_mobile=&#8221;&#8221;][\/vc_column][\/vc_row][vc_row full_width=&#8221;stretch_row&#8221; css=&#8221;.vc_custom_1769163154994{margin-top: 33px !important;background-color: #e0e0e0 !important;}&#8221;][vc_column][vc_custom_heading text=&#8221;Secteurs de prise en charge dans le Val-d&#8217;Oise (95)&#8221; font_container=&#8221;tag:h3|text_align:left&#8221; use_theme_fonts=&#8221;yes&#8221; css=&#8221;.vc_custom_1769165436329{margin-top: 22px !important;}&#8221;][vc_column_text css=&#8221;.vc_custom_1769186966989{margin-top: 12px !important;}&#8221;]Dans le 95, l&#8217;\u00e9loignement de certains p\u00f4les rend la gestion du temps complexe. Nos secteurs d&#8217;intervention sont optimis\u00e9s pour vous permettre de <b>vous lib\u00e9rer<\/b> de la d\u00e9pendance aux axes A15 et A1.[\/vc_column_text][vc_tta_accordion title_tag=&#8221;h3&#8243; active_section=&#8221;5&#8243;][vc_tta_section title=&#8221;P\u00f4le Cergy-Pontoise et Confluence&#8221; tab_id=&#8221;1769162685296-ab14dcca-4230&#8243;][vc_column_text css=&#8221;.vc_custom_1769187027723{margin-top: 22px !important;margin-right: 22px !important;margin-bottom: 22px !important;margin-left: 22px !important;}&#8221;]Nous assurons vos d\u00e9parts depuis le centre administratif et \u00e9conomique de <b>Cergy<\/b>, <b>Pontoise<\/b>, <b>Saint-Ouen-l&#8217;Aum\u00f4ne<\/b> et <b>Osny<\/b>. Nos chauffeurs desservent \u00e9galement <b>\u00c9ragny<\/b>, <b>Vaur\u00e9al<\/b> et <b>Jouy-le-Moutier<\/b>, offrant une alternative rapide aux ralentissements de l&#8217;A15 vers la capitale[\/vc_column_text][\/vc_tta_section][vc_tta_section title=&#8221;Vall\u00e9e de Montmorency et Lac d&#8217;Enghien&#8221; tab_id=&#8221;1769162685296-2fd9d14a-2bf6&#8243;][vc_column_text css=&#8221;.vc_custom_1769187094173{margin-top: 22px !important;margin-right: 22px !important;margin-bottom: 22px !important;margin-left: 22px !important;}&#8221;]Pour vos transferts de prestige ou d&#8217;affaires, nous intervenons \u00e0 <b>Enghien-les-Bains<\/b>, <b>Montmorency<\/b>, <b>Soisy-sous-Montmorency<\/b> et <b>Saint-Gratien<\/b>. Ce secteur couvre aussi <b>Eaubonne<\/b>, <b>Ermont<\/b>, <b>Franconville<\/b>, <b>Sannois<\/b> et <b>Taverny<\/b>, garantissant une ponctualit\u00e9 totale pour rejoindre les gares parisiennes.[\/vc_column_text][\/vc_tta_section][vc_tta_section title=&#8221;Secteur Parisis et Rives de Seine&#8221; tab_id=&#8221;1769162776758-961b4c77-c4ed&#8221;][vc_column_text css=&#8221;.vc_custom_1769187162072{margin-top: 22px !important;margin-right: 22px !important;margin-bottom: 22px !important;margin-left: 22px !important;}&#8221;]Nos pilotes vous r\u00e9cup\u00e8rent au sud du d\u00e9partement \u00e0 <b>Argenteuil<\/b>, <b>Bezons<\/b>, <b>Cormeilles-en-Parisis<\/b> et <b>Herblay-sur-Seine<\/b>. Nous assurons \u00e9galement vos liaisons depuis <b>Goussainville<\/b>, <b>Gonesse<\/b> et <b>Villiers-le-Bel<\/b> pour une mobilit\u00e9 fluide entre le 95 et les a\u00e9roports.[\/vc_column_text][\/vc_tta_section][\/vc_tta_accordion][vc_message message_box_style=&#8221;outline&#8221; css=&#8221;.vc_custom_1769187249012{margin-top: 12px !important;}&#8221; closeable=&#8221;&#8221;]Nos services s&#8217;\u00e9tendent \u00e9galement aux secteurs frontaliers pour faciliter vos d\u00e9placements transversaux vers les <b><a href=\"https:\/\/www.urban-driver.com\/en\/yvelines.php\">Yvelines (78)<\/a><\/b>, les <b><a href=\"https:\/\/www.urban-driver.com\/en\/hauts_de_seine.php\">Hauts-de-Seine (92)<\/a><\/b> ou la <b><a href=\"https:\/\/www.urban-driver.com\/en\/seine_saint_denis.php\">Seine-Saint-Denis (93)<\/a><\/b>.[\/vc_message][\/vc_column][\/vc_row][vc_row full_width=&#8221;stretch_row&#8221; css=&#8221;.vc_custom_1737047646821{margin-top: 33px !important;margin-bottom: 33px !important;background-image: url(https:\/\/www.urban-driver.com\/wp-content\/uploads\/2017\/01\/illustration2.jpg?id=1062) !important;}&#8221;][vc_column][vc_empty_space alter_height=&#8221;small&#8221; hide_on_mobile=&#8221;&#8221;][vc_custom_heading text=&#8221;Ne craignez plus les ralentissements du Nord parisien : rejoignez votre destination sans stress depuis le Val-d&#8217;Oise.&#8221; font_container=&#8221;tag:p|font_size:33|text_align:center|color:%23FFFFFF&#8221; use_theme_fonts=&#8221;yes&#8221; css=&#8221;.vc_custom_1769165371067{margin-top: 12px !important;}&#8221;][vc_empty_space alter_height=&#8221;small&#8221; hide_on_mobile=&#8221;&#8221;]<div class=\"sc_item_button sc_button_wrap\"><a href=\"https:\/\/booking.urban-driver.com\/Inscription\" id=\"sc_button_2134071878\" class=\"sc_button sc_button_default  vc_custom_1768865209872 sc_button_size_normal sc_button_icon_left\"><span class=\"sc_button_text\"><span class=\"sc_button_title\">R\u00e9server mon d\u00e9part du 95<\/span><\/span><!-- \/.sc_button_text --><\/a><!-- \/.sc_button --><\/div><!-- \/.sc_item_button -->[vc_empty_space alter_height=&#8221;small&#8221; hide_on_mobile=&#8221;&#8221;][\/vc_column][\/vc_row]<\/p>\n<\/div>","protected":false},"excerpt":{"rendered":"<p>[vc_row][vc_column][vc_column_text css=&#8221;&#8221;]Le d\u00e9partement du Val d&#8217;Oise situ\u00e9 au Nord de Paris jouit de nombreux p\u00f4les \u00e9conomiques (Cergy Pontoise, Les rives de Seine d&#8217;Argenteuil-Bezons, la zone de Roissy en France), accueille les si\u00e8ges sociaux de nombreux groupes internationaux (3M, Dassault, Thales, Air France Industries, ACNielsen, Spie,&hellip;<\/p>\n","protected":false},"author":1,"featured_media":0,"parent":1254,"menu_order":2,"comment_status":"closed","ping_status":"closed","template":"","meta":{"footnotes":""},"class_list":["post-1425","page","type-page","status-publish","hentry"],"yoast_head":"<!-- This site is optimized with the Yoast SEO plugin v27.3 - https:\/\/yoast.com\/product\/yoast-seo-wordpress\/ -->\n<title>Motos taxi Val d&#039;Oise - D\u00e9partement 95<\/title>\n<meta name=\"description\" content=\"Urban Driver assure son service de navette moto au d\u00e9part de toutes les villes du 95 sur r\u00e9servation\" \/>\n<meta name=\"robots\" content=\"index, follow, max-snippet:-1, max-image-preview:large, max-video-preview:-1\" \/>\n<link rel=\"canonical\" href=\"https:\/\/www.urban-driver.com\/en\/val_doise.php\" \/>\n<meta property=\"og:locale\" content=\"en_US\" \/>\n<meta property=\"og:type\" content=\"article\" \/>\n<meta property=\"og:title\" content=\"Motos taxi Val d&#039;Oise - D\u00e9partement 95\" \/>\n<meta property=\"og:description\" content=\"Urban Driver assure son service de navette moto au d\u00e9part de toutes les villes du 95 sur r\u00e9servation\" \/>\n<meta property=\"og:url\" content=\"https:\/\/www.urban-driver.com\/en\/val_doise.php\" \/>\n<meta property=\"og:site_name\" content=\"Taxi moto | Urban Driver\" \/>\n<meta property=\"article:modified_time\" content=\"2026-01-23T16:54:18+00:00\" \/>\n<meta name=\"twitter:card\" content=\"summary_large_image\" \/>\n<meta name=\"twitter:label1\" content=\"Est. reading time\" \/>\n\t<meta name=\"twitter:data1\" content=\"3 minutes\" \/>\n<script type=\"application\/ld+json\" class=\"yoast-schema-graph\">{\"@context\":\"https:\\\/\\\/schema.org\",\"@graph\":[{\"@type\":\"WebPage\",\"@id\":\"https:\\\/\\\/www.urban-driver.com\\\/en\\\/val_doise.php\",\"url\":\"https:\\\/\\\/www.urban-driver.com\\\/en\\\/val_doise.php\",\"name\":\"Motos taxi Val d'Oise - D\u00e9partement 95\",\"isPartOf\":{\"@id\":\"https:\\\/\\\/www.urban-driver.com\\\/en\\\/#website\"},\"datePublished\":\"2017-05-03T08:37:55+00:00\",\"dateModified\":\"2026-01-23T16:54:18+00:00\",\"description\":\"Urban Driver assure son service de navette moto au d\u00e9part de toutes les villes du 95 sur r\u00e9servation\",\"breadcrumb\":{\"@id\":\"https:\\\/\\\/www.urban-driver.com\\\/en\\\/val_doise.php#breadcrumb\"},\"inLanguage\":\"en-US\",\"potentialAction\":[{\"@type\":\"ReadAction\",\"target\":[\"https:\\\/\\\/www.urban-driver.com\\\/en\\\/val_doise.php\"]}]},{\"@type\":\"BreadcrumbList\",\"@id\":\"https:\\\/\\\/www.urban-driver.com\\\/en\\\/val_doise.php#breadcrumb\",\"itemListElement\":[{\"@type\":\"ListItem\",\"position\":1,\"name\":\"Urban Driver\",\"item\":\"https:\\\/\\\/www.urban-driver.com\\\/en\\\/\"},{\"@type\":\"ListItem\",\"position\":2,\"name\":\"Taxi Moto\",\"item\":\"https:\\\/\\\/www.urban-driver.com\\\/en\\\/moto-taxi.php\"},{\"@type\":\"ListItem\",\"position\":3,\"name\":\"Ile-de-France\",\"item\":\"https:\\\/\\\/www.urban-driver.com\\\/en\\\/ile_de_france\\\/\"},{\"@type\":\"ListItem\",\"position\":4,\"name\":\"Au d\u00e9part du d\u00e9partement du Val d&rsquo;Oise &#8211; 95\"}]},{\"@type\":\"WebSite\",\"@id\":\"https:\\\/\\\/www.urban-driver.com\\\/en\\\/#website\",\"url\":\"https:\\\/\\\/www.urban-driver.com\\\/en\\\/\",\"name\":\"Taxi moto | Urban Driver\",\"description\":\"\",\"publisher\":{\"@id\":\"https:\\\/\\\/www.urban-driver.com\\\/en\\\/#organization\"},\"potentialAction\":[{\"@type\":\"SearchAction\",\"target\":{\"@type\":\"EntryPoint\",\"urlTemplate\":\"https:\\\/\\\/www.urban-driver.com\\\/en\\\/?s={search_term_string}\"},\"query-input\":{\"@type\":\"PropertyValueSpecification\",\"valueRequired\":true,\"valueName\":\"search_term_string\"}}],\"inLanguage\":\"en-US\"},{\"@type\":\"Organization\",\"@id\":\"https:\\\/\\\/www.urban-driver.com\\\/en\\\/#organization\",\"name\":\"URBAN DRIVER\",\"alternateName\":\"Urban\",\"url\":\"https:\\\/\\\/www.urban-driver.com\\\/en\\\/\",\"logo\":{\"@type\":\"ImageObject\",\"inLanguage\":\"en-US\",\"@id\":\"https:\\\/\\\/www.urban-driver.com\\\/en\\\/#\\\/schema\\\/logo\\\/image\\\/\",\"url\":\"https:\\\/\\\/www.urban-driver.com\\\/wp-content\\\/uploads\\\/2016\\\/12\\\/urban_driver.png\",\"contentUrl\":\"https:\\\/\\\/www.urban-driver.com\\\/wp-content\\\/uploads\\\/2016\\\/12\\\/urban_driver.png\",\"width\":300,\"height\":39,\"caption\":\"URBAN DRIVER\"},\"image\":{\"@id\":\"https:\\\/\\\/www.urban-driver.com\\\/en\\\/#\\\/schema\\\/logo\\\/image\\\/\"}}]}<\/script>\n<!-- \/ Yoast SEO plugin. -->","yoast_head_json":{"title":"Motos taxi Val d'Oise - D\u00e9partement 95","description":"Urban Driver assure son service de navette moto au d\u00e9part de toutes les villes du 95 sur r\u00e9servation","robots":{"index":"index","follow":"follow","max-snippet":"max-snippet:-1","max-image-preview":"max-image-preview:large","max-video-preview":"max-video-preview:-1"},"canonical":"https:\/\/www.urban-driver.com\/en\/val_doise.php","og_locale":"en_US","og_type":"article","og_title":"Motos taxi Val d'Oise - D\u00e9partement 95","og_description":"Urban Driver assure son service de navette moto au d\u00e9part de toutes les villes du 95 sur r\u00e9servation","og_url":"https:\/\/www.urban-driver.com\/en\/val_doise.php","og_site_name":"Taxi moto | Urban Driver","article_modified_time":"2026-01-23T16:54:18+00:00","twitter_card":"summary_large_image","twitter_misc":{"Est. reading time":"3 minutes"},"schema":{"@context":"https:\/\/schema.org","@graph":[{"@type":"WebPage","@id":"https:\/\/www.urban-driver.com\/en\/val_doise.php","url":"https:\/\/www.urban-driver.com\/en\/val_doise.php","name":"Motos taxi Val d'Oise - D\u00e9partement 95","isPartOf":{"@id":"https:\/\/www.urban-driver.com\/en\/#website"},"datePublished":"2017-05-03T08:37:55+00:00","dateModified":"2026-01-23T16:54:18+00:00","description":"Urban Driver assure son service de navette moto au d\u00e9part de toutes les villes du 95 sur r\u00e9servation","breadcrumb":{"@id":"https:\/\/www.urban-driver.com\/en\/val_doise.php#breadcrumb"},"inLanguage":"en-US","potentialAction":[{"@type":"ReadAction","target":["https:\/\/www.urban-driver.com\/en\/val_doise.php"]}]},{"@type":"BreadcrumbList","@id":"https:\/\/www.urban-driver.com\/en\/val_doise.php#breadcrumb","itemListElement":[{"@type":"ListItem","position":1,"name":"Urban Driver","item":"https:\/\/www.urban-driver.com\/en\/"},{"@type":"ListItem","position":2,"name":"Taxi Moto","item":"https:\/\/www.urban-driver.com\/en\/moto-taxi.php"},{"@type":"ListItem","position":3,"name":"Ile-de-France","item":"https:\/\/www.urban-driver.com\/en\/ile_de_france\/"},{"@type":"ListItem","position":4,"name":"Au d\u00e9part du d\u00e9partement du Val d&rsquo;Oise &#8211; 95"}]},{"@type":"WebSite","@id":"https:\/\/www.urban-driver.com\/en\/#website","url":"https:\/\/www.urban-driver.com\/en\/","name":"Taxi moto | Urban Driver","description":"","publisher":{"@id":"https:\/\/www.urban-driver.com\/en\/#organization"},"potentialAction":[{"@type":"SearchAction","target":{"@type":"EntryPoint","urlTemplate":"https:\/\/www.urban-driver.com\/en\/?s={search_term_string}"},"query-input":{"@type":"PropertyValueSpecification","valueRequired":true,"valueName":"search_term_string"}}],"inLanguage":"en-US"},{"@type":"Organization","@id":"https:\/\/www.urban-driver.com\/en\/#organization","name":"URBAN DRIVER","alternateName":"Urban","url":"https:\/\/www.urban-driver.com\/en\/","logo":{"@type":"ImageObject","inLanguage":"en-US","@id":"https:\/\/www.urban-driver.com\/en\/#\/schema\/logo\/image\/","url":"https:\/\/www.urban-driver.com\/wp-content\/uploads\/2016\/12\/urban_driver.png","contentUrl":"https:\/\/www.urban-driver.com\/wp-content\/uploads\/2016\/12\/urban_driver.png","width":300,"height":39,"caption":"URBAN DRIVER"},"image":{"@id":"https:\/\/www.urban-driver.com\/en\/#\/schema\/logo\/image\/"}}]}},"_links":{"self":[{"href":"https:\/\/www.urban-driver.com\/en\/wp-json\/wp\/v2\/pages\/1425","targetHints":{"allow":["GET"]}}],"collection":[{"href":"https:\/\/www.urban-driver.com\/en\/wp-json\/wp\/v2\/pages"}],"about":[{"href":"https:\/\/www.urban-driver.com\/en\/wp-json\/wp\/v2\/types\/page"}],"author":[{"embeddable":true,"href":"https:\/\/www.urban-driver.com\/en\/wp-json\/wp\/v2\/users\/1"}],"replies":[{"embeddable":true,"href":"https:\/\/www.urban-driver.com\/en\/wp-json\/wp\/v2\/comments?post=1425"}],"version-history":[{"count":0,"href":"https:\/\/www.urban-driver.com\/en\/wp-json\/wp\/v2\/pages\/1425\/revisions"}],"up":[{"embeddable":true,"href":"https:\/\/www.urban-driver.com\/en\/wp-json\/wp\/v2\/pages\/1254"}],"wp:attachment":[{"href":"https:\/\/www.urban-driver.com\/en\/wp-json\/wp\/v2\/media?parent=1425"}],"curies":[{"name":"wp","href":"https:\/\/api.w.org\/{rel}","templated":true}]}}