{"id":1423,"date":"2017-05-03T10:36:04","date_gmt":"2017-05-03T08:36:04","guid":{"rendered":"http:\/\/48h.fr\/?page_id=1423"},"modified":"2026-01-23T17:16:18","modified_gmt":"2026-01-23T16:16:18","slug":"seine-saint-denis","status":"publish","type":"page","link":"https:\/\/www.urban-driver.com\/en\/seine_saint_denis.php","title":{"rendered":"Transfert depuis la Seine Saint Denis &#8211; 93"},"content":{"rendered":"<div class=\"wpb-content-wrapper\"><p>[vc_row][vc_column]<div id=\"sc_title_823392920\"\n\t\tclass=\"sc_title sc_title_default\"><h6 class=\"sc_item_subtitle sc_title_subtitle sc_align_left sc_item_title_style_default\">Combien co\u00fbte un taxi moto au d\u00e9part de la Seine-Saint-Denis<\/h6><h2 class=\"sc_item_title sc_title_title sc_align_left sc_item_title_style_default sc_item_title_tag\">Taxi moto depuis la Seine-Saint-Denis<\/h2><\/div><!-- \/.sc_title -->[vc_column_text css=&#8221;&#8221;]Le d\u00e9partement de Seine Saint Denis est un grand p\u00f4le \u00e9conomique situ\u00e9 au Nord de Paris disposant de nombreux atouts dont le Stade de France, l&#8217;a\u00e9roport du Bourget, le parc des expositions de Villepinte, le centre d&#8217;affaires ICADE EMGP accueillant de nombreux studios t\u00e9l\u00e9 etc.<\/p>\n<p>Pour assurer vos d\u00e9placements \u00e0 destination ou en provenance de la Seine Saint Denis, r\u00e9servez votre <a href=\"https:\/\/www.urban-driver.com\/en\/ile_de_france\/\">transfert en moto taxi en Ile-de-France<\/a>\u00a0\u00e0 l&#8217;avance par t\u00e9l\u00e9phone ou en ligne via le formulaire de r\u00e9servation.[\/vc_column_text][vc_empty_space height=&#8221;3.3em&#8221; alter_height=&#8221;none&#8221; hide_on_mobile=&#8221;&#8221;][vc_message color=&#8221;info&#8221; message_box_style=&#8221;3d&#8221; css=&#8221;&#8221; closeable=&#8221;&#8221;]Pour vos d\u00e9placements en <b>Seine-Saint-Denis<\/b>, nous vous conseillons de planifier votre course au minimum <b>1 heure<\/b> avant l&#8217;heure de d\u00e9part souhait\u00e9e.[\/vc_message][vc_empty_space height=&#8221;3.3em&#8221; alter_height=&#8221;none&#8221; hide_on_mobile=&#8221;&#8221;]<div class=\"sc_item_button sc_button_wrap\"><a href=\"https:\/\/booking.urban-driver.com\/Commander\" id=\"sc_button_1226970055\" class=\"sc_button sc_button_default sc_button_size_normal sc_button_icon_left\"><span class=\"sc_button_text\"><span class=\"sc_button_title\">Je r\u00e9serve mon taxi moto<\/span><\/span><!-- \/.sc_button_text --><\/a><!-- \/.sc_button --><\/div><!-- \/.sc_item_button -->[vc_empty_space height=&#8221;3.3em&#8221; alter_height=&#8221;none&#8221; hide_on_mobile=&#8221;&#8221;][\/vc_column][\/vc_row][vc_row css=&#8221;.vc_custom_1768863872277{margin-top: 33px !important;margin-bottom: 22px !important;}&#8221;][vc_column][vc_custom_heading text=&#8221;Exemples de prix taxi moto en Seine-Saint-Denis&#8221; font_container=&#8221;tag:h3|text_align:left&#8221; use_theme_fonts=&#8221;yes&#8221; css=&#8221;&#8221;][vc_row_inner][vc_column_inner width=&#8221;1\/2&#8243;]<div  id=\"sc_price_58523997\" \n\tclass=\"sc_price sc_price_default\"><div class=\"sc_price_info\"><div class=\"sc_price_subtitle\">Temps de trajet moyen 22 minutes<\/div><div class=\"sc_price_title\"><a href=\"https:\/\/booking.urban-driver.com\/Inscription\">Le Bourget - Paris 17\u00b0<\/a><\/div><div class=\"sc_price_description\">(*en semaine entre 7h00 et 20h00)<\/div><div class=\"sc_price_price\"><span class=\"sc_price_value\">A partir de 78\u20ac*<\/span><\/div>\t<\/div><a href=\"https:\/\/booking.urban-driver.com\/Inscription\" class=\"sc_price_link sc_button_default\" target=\"_blank\"><span>R\u00e9server<\/span><\/a>\n<\/div>[\/vc_column_inner][vc_column_inner width=&#8221;1\/2&#8243;]<div  id=\"sc_price_1323762280\" \n\tclass=\"sc_price sc_price_default\"><div class=\"sc_price_info\"><div class=\"sc_price_subtitle\">Temps de trajet moyen 25 minutes<\/div><div class=\"sc_price_title\"><a href=\"https:\/\/booking.urban-driver.com\/Inscription\">St-Denis - Gare de Lyon<\/a><\/div><div class=\"sc_price_description\">(*en semaine entre 7h00 et 20h00)<\/div><div class=\"sc_price_price\"><span class=\"sc_price_value\">A partir de 72\u20ac*<\/span><\/div>\t<\/div><a href=\"https:\/\/booking.urban-driver.com\/Inscription\" class=\"sc_price_link sc_button_default\" target=\"_blank\"><span>R\u00e9server<\/span><\/a>\n<\/div>[\/vc_column_inner][\/vc_row_inner][\/vc_column][\/vc_row][vc_row full_width=&#8221;stretch_row&#8221; css=&#8221;.vc_custom_1751375839218{background-color: #1B1E27 !important;}&#8221; row_title=&#8221;Reservation depuis les apps&#8221;][vc_column][vc_empty_space alter_height=&#8221;medium&#8221; hide_on_mobile=&#8221;&#8221;][vc_custom_heading text=&#8221;Encore plus facile, r\u00e9servez depuis la nouvelle application !&#8221; font_container=&#8221;tag:p|font_size:33|text_align:center|color:%23FFFFFF&#8221; use_theme_fonts=&#8221;yes&#8221; css=&#8221;&#8221;][vc_row_inner][vc_column_inner width=&#8221;1\/2&#8243;][vc_single_image image=&#8221;6868&#8243; img_size=&#8221;medium&#8221; alignment=&#8221;center&#8221; onclick=&#8221;custom_link&#8221; css=&#8221;&#8221; link=&#8221;https:\/\/apps.apple.com\/fr\/app\/urban-driver\/id1609971329?platform=iphone&#8221;][\/vc_column_inner][vc_column_inner width=&#8221;1\/2&#8243;][vc_single_image image=&#8221;6866&#8243; img_size=&#8221;medium&#8221; alignment=&#8221;center&#8221; onclick=&#8221;custom_link&#8221; css=&#8221;&#8221; link=&#8221;https:\/\/play.google.com\/store\/apps\/details?id=com.urbandriver.app_client&#8221;][\/vc_column_inner][\/vc_row_inner][vc_empty_space alter_height=&#8221;medium&#8221; hide_on_mobile=&#8221;&#8221;][\/vc_column][\/vc_row][vc_row full_width=&#8221;stretch_row&#8221; css=&#8221;.vc_custom_1769163154994{margin-top: 33px !important;background-color: #e0e0e0 !important;}&#8221;][vc_column][vc_custom_heading text=&#8221;Secteurs de prise en charge en Seine-Saint-Denis (93)&#8221; font_container=&#8221;tag:h3|text_align:left&#8221; use_theme_fonts=&#8221;yes&#8221; css=&#8221;.vc_custom_1769165005449{margin-top: 22px !important;}&#8221;][vc_column_text css=&#8221;&#8221;]Le 93 est un p\u00f4le de transit majeur entre Paris et les hubs a\u00e9roportuaires du Nord. Nos interventions visent \u00e0 vous offrir une solution de mobilit\u00e9 pour <b>vous affranchir<\/b> des blocages chroniques de l&#8217;A1, de l&#8217;A3 et de l&#8217;A86.[\/vc_column_text][vc_tta_accordion title_tag=&#8221;h3&#8243; active_section=&#8221;5&#8243;][vc_tta_section title=&#8221;P\u00f4le Grands \u00c9v\u00e9nements et Affaires (Saint-Denis \/ Roissy)&#8221; tab_id=&#8221;1769162685296-ab14dcca-4230&#8243;][vc_column_text css=&#8221;.vc_custom_1769184670577{margin-top: 22px !important;margin-right: 22px !important;margin-bottom: 22px !important;margin-left: 22px !important;}&#8221;]Nous assurons vos d\u00e9parts prioritaires depuis la zone du <b>Stade de France (Saint-Denis)<\/b>, <b>Saint-Ouen<\/b>, <b>L\u2019\u00cele-Saint-Denis<\/b> et les terminaux de l&#8217;a\u00e9roport <b>Paris-Charles de Gaulle (Tremblay-en-France \/ Roissy)<\/b>. Ce secteur inclut \u00e9galement <b>Le Bourget<\/b>, <b>La Courneuve<\/b>, <b>Stains<\/b> et <b>Pierrefitte-sur-Seine<\/b>, garantissant une liaison fluide vers le centre de Paris.[\/vc_column_text][\/vc_tta_section][vc_tta_section title=&#8221;Secteur Portes de Paris Est&#8221; tab_id=&#8221;1769162685296-2fd9d14a-2bf6&#8243;][vc_column_text css=&#8221;.vc_custom_1769184756424{margin-top: 22px !important;margin-right: 22px !important;margin-bottom: 22px !important;margin-left: 22px !important;}&#8221;]Pour vos trajets quotidiens, nos chauffeurs vous r\u00e9cup\u00e8rent rapidement \u00e0 <b>Montreuil<\/b>, <b>Bagnolet<\/b>, <b>Pantin<\/b>, <b>Les Lilas<\/b> et <b>Le Pr\u00e9-Saint-Gervais<\/b>. Ce maillage s&#8217;\u00e9tend \u00e0 <b>Romainville<\/b>, <b>Noisy-le-Sec<\/b>, <b>Bobigny<\/b> et <b>Bondy<\/b>, vous permettant de contourner la saturation des boulevards p\u00e9riph\u00e9riques.[\/vc_column_text][\/vc_tta_section][vc_tta_section title=&#8221;Axe Canal de l&#8217;Ourcq et Marne&#8221; tab_id=&#8221;1769162776758-961b4c77-c4ed&#8221;][vc_column_text css=&#8221;.vc_custom_1769184855961{margin-top: 22px !important;margin-right: 22px !important;margin-bottom: 22px !important;margin-left: 22px !important;}&#8221;]Nous couvrons l&#8217;Est du d\u00e9partement pour vos transferts depuis <b>Aulnay-sous-Bois<\/b>, <b>Sevran<\/b>, <b>Livry-Gargan<\/b> et <b>Villepinte<\/b>. Nos services incluent \u00e9galement les communes de <b>Noisy-le-Grand<\/b>, <b>Neuilly-sur-Marne<\/b>, <b>Gagny<\/b>, <b>Rosny-sous-Bois<\/b> et <b>Villemomble<\/b> pour s\u00e9curiser vos horaires de rendez-vous.[\/vc_column_text][\/vc_tta_section][\/vc_tta_accordion][vc_message message_box_style=&#8221;outline&#8221; css=&#8221;&#8221; closeable=&#8221;&#8221;]Au-del\u00e0 de nos interventions en Seine-Saint-Denis, nos pilotes assurent vos prises en charge dans les zones limitrophes, notamment pour vos besoins de <b><a href=\"https:\/\/www.urban-driver.com\/en\/hauts_de_seine.php\">Taxi Moto dans les Hauts-de-Seine (92)<\/a><\/b>, dans le <b><a href=\"https:\/\/www.urban-driver.com\/en\/val_de_marne.php\">Val-de-Marne (94)<\/a><\/b> ou vers le <b><a href=\"https:\/\/www.urban-driver.com\/en\/val_doise.php\">Val-d&#8217;Oise (95)<\/a><\/b>.[\/vc_message][\/vc_column][\/vc_row][vc_row full_width=&#8221;stretch_row&#8221; css=&#8221;.vc_custom_1737047646821{margin-top: 33px !important;margin-bottom: 33px !important;background-image: url(https:\/\/www.urban-driver.com\/wp-content\/uploads\/2017\/01\/illustration2.jpg?id=1062) !important;}&#8221;][vc_column][vc_custom_heading text=&#8221;Simplifiez vos trajets dans le 93 : une r\u00e9activit\u00e9 maximale pour vos liaisons vers les gares et a\u00e9roports parisiens.&#8221; font_container=&#8221;tag:p|font_size:32|text_align:center|color:%23FFFFFF&#8221; use_theme_fonts=&#8221;yes&#8221; css=&#8221;.vc_custom_1769165274869{margin-top: 12px !important;}&#8221;]<div class=\"sc_item_button sc_button_wrap\"><a href=\"https:\/\/booking.urban-driver.com\/Inscription\" id=\"sc_button_876492191\" class=\"sc_button sc_button_default  vc_custom_1768864152699 sc_button_size_normal sc_button_icon_left\"><span class=\"sc_button_text\"><span class=\"sc_button_title\">Commander mon chauffeur 93<\/span><\/span><!-- \/.sc_button_text --><\/a><!-- \/.sc_button --><\/div><!-- \/.sc_item_button -->[\/vc_column][\/vc_row]<\/p>\n<\/div>","protected":false},"excerpt":{"rendered":"<p>[vc_row][vc_column][vc_column_text css=&#8221;&#8221;]Le d\u00e9partement de Seine Saint Denis est un grand p\u00f4le \u00e9conomique situ\u00e9 au Nord de Paris disposant de nombreux atouts dont le Stade de France, l&#8217;a\u00e9roport du Bourget, le parc des expositions de Villepinte, le centre d&#8217;affaires ICADE EMGP accueillant de nombreux studios t\u00e9l\u00e9&hellip;<\/p>\n","protected":false},"author":1,"featured_media":0,"parent":1254,"menu_order":2,"comment_status":"closed","ping_status":"closed","template":"","meta":{"footnotes":""},"class_list":["post-1423","page","type-page","status-publish","hentry"],"yoast_head":"<!-- This site is optimized with the Yoast SEO plugin v27.3 - https:\/\/yoast.com\/product\/yoast-seo-wordpress\/ -->\n<title>Taxis motos Seine Saint Denis - D\u00e9partement 93<\/title>\n<meta name=\"description\" content=\"Voici les principales villes du 93 desservies par Urban Driver: Bagnolet, Pantin, Montreuil, Bobigny, Saint Denis, Les lillas, Aubervilliers\" \/>\n<meta name=\"robots\" content=\"index, follow, max-snippet:-1, max-image-preview:large, max-video-preview:-1\" \/>\n<link rel=\"canonical\" href=\"https:\/\/www.urban-driver.com\/en\/seine_saint_denis.php\" \/>\n<meta property=\"og:locale\" content=\"en_US\" \/>\n<meta property=\"og:type\" content=\"article\" \/>\n<meta property=\"og:title\" content=\"Taxis motos Seine Saint Denis - D\u00e9partement 93\" \/>\n<meta property=\"og:description\" content=\"Voici les principales villes du 93 desservies par Urban Driver: Bagnolet, Pantin, Montreuil, Bobigny, Saint Denis, Les lillas, Aubervilliers\" \/>\n<meta property=\"og:url\" content=\"https:\/\/www.urban-driver.com\/en\/seine_saint_denis.php\" \/>\n<meta property=\"og:site_name\" content=\"Taxi moto | Urban Driver\" \/>\n<meta property=\"article:modified_time\" content=\"2026-01-23T16:16:18+00:00\" \/>\n<meta name=\"twitter:card\" content=\"summary_large_image\" \/>\n<meta name=\"twitter:label1\" content=\"Est. reading time\" \/>\n\t<meta name=\"twitter:data1\" content=\"2 minutes\" \/>\n<script type=\"application\/ld+json\" class=\"yoast-schema-graph\">{\"@context\":\"https:\\\/\\\/schema.org\",\"@graph\":[{\"@type\":\"WebPage\",\"@id\":\"https:\\\/\\\/www.urban-driver.com\\\/en\\\/seine_saint_denis.php\",\"url\":\"https:\\\/\\\/www.urban-driver.com\\\/en\\\/seine_saint_denis.php\",\"name\":\"Taxis motos Seine Saint Denis - D\u00e9partement 93\",\"isPartOf\":{\"@id\":\"https:\\\/\\\/www.urban-driver.com\\\/en\\\/#website\"},\"datePublished\":\"2017-05-03T08:36:04+00:00\",\"dateModified\":\"2026-01-23T16:16:18+00:00\",\"description\":\"Voici les principales villes du 93 desservies par Urban Driver: Bagnolet, Pantin, Montreuil, Bobigny, Saint Denis, Les lillas, Aubervilliers\",\"breadcrumb\":{\"@id\":\"https:\\\/\\\/www.urban-driver.com\\\/en\\\/seine_saint_denis.php#breadcrumb\"},\"inLanguage\":\"en-US\",\"potentialAction\":[{\"@type\":\"ReadAction\",\"target\":[\"https:\\\/\\\/www.urban-driver.com\\\/en\\\/seine_saint_denis.php\"]}]},{\"@type\":\"BreadcrumbList\",\"@id\":\"https:\\\/\\\/www.urban-driver.com\\\/en\\\/seine_saint_denis.php#breadcrumb\",\"itemListElement\":[{\"@type\":\"ListItem\",\"position\":1,\"name\":\"Urban Driver\",\"item\":\"https:\\\/\\\/www.urban-driver.com\\\/en\\\/\"},{\"@type\":\"ListItem\",\"position\":2,\"name\":\"Taxi Moto\",\"item\":\"https:\\\/\\\/www.urban-driver.com\\\/en\\\/moto-taxi.php\"},{\"@type\":\"ListItem\",\"position\":3,\"name\":\"Ile-de-France\",\"item\":\"https:\\\/\\\/www.urban-driver.com\\\/en\\\/ile_de_france\\\/\"},{\"@type\":\"ListItem\",\"position\":4,\"name\":\"Transfert depuis la Seine Saint Denis &#8211; 93\"}]},{\"@type\":\"WebSite\",\"@id\":\"https:\\\/\\\/www.urban-driver.com\\\/en\\\/#website\",\"url\":\"https:\\\/\\\/www.urban-driver.com\\\/en\\\/\",\"name\":\"Taxi moto | Urban Driver\",\"description\":\"\",\"publisher\":{\"@id\":\"https:\\\/\\\/www.urban-driver.com\\\/en\\\/#organization\"},\"potentialAction\":[{\"@type\":\"SearchAction\",\"target\":{\"@type\":\"EntryPoint\",\"urlTemplate\":\"https:\\\/\\\/www.urban-driver.com\\\/en\\\/?s={search_term_string}\"},\"query-input\":{\"@type\":\"PropertyValueSpecification\",\"valueRequired\":true,\"valueName\":\"search_term_string\"}}],\"inLanguage\":\"en-US\"},{\"@type\":\"Organization\",\"@id\":\"https:\\\/\\\/www.urban-driver.com\\\/en\\\/#organization\",\"name\":\"URBAN DRIVER\",\"alternateName\":\"Urban\",\"url\":\"https:\\\/\\\/www.urban-driver.com\\\/en\\\/\",\"logo\":{\"@type\":\"ImageObject\",\"inLanguage\":\"en-US\",\"@id\":\"https:\\\/\\\/www.urban-driver.com\\\/en\\\/#\\\/schema\\\/logo\\\/image\\\/\",\"url\":\"https:\\\/\\\/www.urban-driver.com\\\/wp-content\\\/uploads\\\/2016\\\/12\\\/urban_driver.png\",\"contentUrl\":\"https:\\\/\\\/www.urban-driver.com\\\/wp-content\\\/uploads\\\/2016\\\/12\\\/urban_driver.png\",\"width\":300,\"height\":39,\"caption\":\"URBAN DRIVER\"},\"image\":{\"@id\":\"https:\\\/\\\/www.urban-driver.com\\\/en\\\/#\\\/schema\\\/logo\\\/image\\\/\"}}]}<\/script>\n<!-- \/ Yoast SEO plugin. -->","yoast_head_json":{"title":"Taxis motos Seine Saint Denis - D\u00e9partement 93","description":"Voici les principales villes du 93 desservies par Urban Driver: Bagnolet, Pantin, Montreuil, Bobigny, Saint Denis, Les lillas, Aubervilliers","robots":{"index":"index","follow":"follow","max-snippet":"max-snippet:-1","max-image-preview":"max-image-preview:large","max-video-preview":"max-video-preview:-1"},"canonical":"https:\/\/www.urban-driver.com\/en\/seine_saint_denis.php","og_locale":"en_US","og_type":"article","og_title":"Taxis motos Seine Saint Denis - D\u00e9partement 93","og_description":"Voici les principales villes du 93 desservies par Urban Driver: Bagnolet, Pantin, Montreuil, Bobigny, Saint Denis, Les lillas, Aubervilliers","og_url":"https:\/\/www.urban-driver.com\/en\/seine_saint_denis.php","og_site_name":"Taxi moto | Urban Driver","article_modified_time":"2026-01-23T16:16:18+00:00","twitter_card":"summary_large_image","twitter_misc":{"Est. reading time":"2 minutes"},"schema":{"@context":"https:\/\/schema.org","@graph":[{"@type":"WebPage","@id":"https:\/\/www.urban-driver.com\/en\/seine_saint_denis.php","url":"https:\/\/www.urban-driver.com\/en\/seine_saint_denis.php","name":"Taxis motos Seine Saint Denis - D\u00e9partement 93","isPartOf":{"@id":"https:\/\/www.urban-driver.com\/en\/#website"},"datePublished":"2017-05-03T08:36:04+00:00","dateModified":"2026-01-23T16:16:18+00:00","description":"Voici les principales villes du 93 desservies par Urban Driver: Bagnolet, Pantin, Montreuil, Bobigny, Saint Denis, Les lillas, Aubervilliers","breadcrumb":{"@id":"https:\/\/www.urban-driver.com\/en\/seine_saint_denis.php#breadcrumb"},"inLanguage":"en-US","potentialAction":[{"@type":"ReadAction","target":["https:\/\/www.urban-driver.com\/en\/seine_saint_denis.php"]}]},{"@type":"BreadcrumbList","@id":"https:\/\/www.urban-driver.com\/en\/seine_saint_denis.php#breadcrumb","itemListElement":[{"@type":"ListItem","position":1,"name":"Urban Driver","item":"https:\/\/www.urban-driver.com\/en\/"},{"@type":"ListItem","position":2,"name":"Taxi Moto","item":"https:\/\/www.urban-driver.com\/en\/moto-taxi.php"},{"@type":"ListItem","position":3,"name":"Ile-de-France","item":"https:\/\/www.urban-driver.com\/en\/ile_de_france\/"},{"@type":"ListItem","position":4,"name":"Transfert depuis la Seine Saint Denis &#8211; 93"}]},{"@type":"WebSite","@id":"https:\/\/www.urban-driver.com\/en\/#website","url":"https:\/\/www.urban-driver.com\/en\/","name":"Taxi moto | Urban Driver","description":"","publisher":{"@id":"https:\/\/www.urban-driver.com\/en\/#organization"},"potentialAction":[{"@type":"SearchAction","target":{"@type":"EntryPoint","urlTemplate":"https:\/\/www.urban-driver.com\/en\/?s={search_term_string}"},"query-input":{"@type":"PropertyValueSpecification","valueRequired":true,"valueName":"search_term_string"}}],"inLanguage":"en-US"},{"@type":"Organization","@id":"https:\/\/www.urban-driver.com\/en\/#organization","name":"URBAN DRIVER","alternateName":"Urban","url":"https:\/\/www.urban-driver.com\/en\/","logo":{"@type":"ImageObject","inLanguage":"en-US","@id":"https:\/\/www.urban-driver.com\/en\/#\/schema\/logo\/image\/","url":"https:\/\/www.urban-driver.com\/wp-content\/uploads\/2016\/12\/urban_driver.png","contentUrl":"https:\/\/www.urban-driver.com\/wp-content\/uploads\/2016\/12\/urban_driver.png","width":300,"height":39,"caption":"URBAN DRIVER"},"image":{"@id":"https:\/\/www.urban-driver.com\/en\/#\/schema\/logo\/image\/"}}]}},"_links":{"self":[{"href":"https:\/\/www.urban-driver.com\/en\/wp-json\/wp\/v2\/pages\/1423","targetHints":{"allow":["GET"]}}],"collection":[{"href":"https:\/\/www.urban-driver.com\/en\/wp-json\/wp\/v2\/pages"}],"about":[{"href":"https:\/\/www.urban-driver.com\/en\/wp-json\/wp\/v2\/types\/page"}],"author":[{"embeddable":true,"href":"https:\/\/www.urban-driver.com\/en\/wp-json\/wp\/v2\/users\/1"}],"replies":[{"embeddable":true,"href":"https:\/\/www.urban-driver.com\/en\/wp-json\/wp\/v2\/comments?post=1423"}],"version-history":[{"count":0,"href":"https:\/\/www.urban-driver.com\/en\/wp-json\/wp\/v2\/pages\/1423\/revisions"}],"up":[{"embeddable":true,"href":"https:\/\/www.urban-driver.com\/en\/wp-json\/wp\/v2\/pages\/1254"}],"wp:attachment":[{"href":"https:\/\/www.urban-driver.com\/en\/wp-json\/wp\/v2\/media?parent=1423"}],"curies":[{"name":"wp","href":"https:\/\/api.w.org\/{rel}","templated":true}]}}