{"id":1421,"date":"2017-05-03T10:33:59","date_gmt":"2017-05-03T08:33:59","guid":{"rendered":"http:\/\/48h.fr\/?page_id=1421"},"modified":"2026-01-23T17:48:26","modified_gmt":"2026-01-23T16:48:26","slug":"essonne","status":"publish","type":"page","link":"https:\/\/www.urban-driver.com\/en\/essonne.php","title":{"rendered":"Prise en charge dans le d\u00e9partement de l&#8217;Essonne &#8211; 91"},"content":{"rendered":"<div class=\"wpb-content-wrapper\"><p>[vc_row][vc_column]<div id=\"sc_title_1416428801\"\n\t\tclass=\"sc_title sc_title_default\"><h6 class=\"sc_item_subtitle sc_title_subtitle sc_align_left sc_item_title_style_default\">Combien co\u00fbte un taxi moto au d\u00e9part de l'Essonne<\/h6><h2 class=\"sc_item_title sc_title_title sc_align_left sc_item_title_style_default sc_item_title_tag\">Taxi moto en Essonne<\/h2><\/div><!-- \/.sc_title -->[vc_column_text css=&#8221;&#8221;]Le d\u00e9partement de l&#8217;Essonne, situ\u00e9 au Sud de Paris, est limitrophe des d\u00e9partements des Yvelines \u00e0 l&#8217;ouest, les Hauts de Seine au nord-ouest, le Val de Marne au nord et la Seine et Marne \u00e0 l&#8217;Est.<\/p>\n<p>B\u00e9n\u00e9ficiant de la pr\u00e9sence de l&#8217;a\u00e9roport d&#8217;Orly, le d\u00e9partement de l&#8217;Essonne est le point d&#8217;entr\u00e9e de nombreux voyageurs d&#8217;affaires se rendant \u00e0 Paris et dans le quartier d&#8217;affaires de La D\u00e9fense.<\/p>\n<p>Urban Driver met \u00e0 votre disposition sa flotte de <a href=\"https:\/\/www.urban-driver.com\/en\/ile_de_france\/\">taxi moto en Ile-de-France<\/a> au d\u00e9part de l&#8217;ensemble des villes de l&#8217;Essonne sur r\u00e9servation pr\u00e9alable. N&#8217;h\u00e9sitez pas \u00e0 consulter notre simulateur de tarifs en ligne pour conna\u00eetre le prix de votre transfert en taxi moto.[\/vc_column_text][vc_empty_space height=&#8221;3.3em&#8221; alter_height=&#8221;none&#8221; hide_on_mobile=&#8221;&#8221;][vc_message color=&#8221;alert-info&#8221; message_box_style=&#8221;outline&#8221; message_box_color=&#8221;alert-info&#8221; icon_type=&#8221;pixelicons&#8221; icon_pixelicons=&#8221;vc_pixel_icon vc_pixel_icon-info&#8221; css=&#8221;&#8221; closeable=&#8221;&#8221;]Pour vos trajets au d\u00e9part de l&#8217;<b>Essonne<\/b>, nous vous conseillons d&#8217;anticiper votre r\u00e9servation d&#8217;au moins <b>1h30<\/b>.[\/vc_message]<div class=\"sc_item_button sc_button_wrap\"><a href=\"https:\/\/booking.urban-driver.com\/Commander\" id=\"sc_button_1237677185\" class=\"sc_button sc_button_default sc_button_size_normal sc_button_icon_left\"><span class=\"sc_button_text\"><span class=\"sc_button_title\">Je r\u00e9serve mon Taxi moto<\/span><\/span><!-- \/.sc_button_text --><\/a><!-- \/.sc_button --><\/div><!-- \/.sc_item_button -->[vc_empty_space height=&#8221;3.3em&#8221; alter_height=&#8221;none&#8221; hide_on_mobile=&#8221;&#8221;][\/vc_column][\/vc_row][vc_row css=&#8221;.vc_custom_1768863503709{margin-top: 33px !important;margin-bottom: 33px !important;}&#8221;][vc_column][vc_custom_heading text=&#8221;Tarifs forfaitaires taxi moto au d\u00e9part du 91&#8243; font_container=&#8221;tag:h3|text_align:left&#8221; use_theme_fonts=&#8221;yes&#8221; css=&#8221;&#8221;][vc_row_inner][vc_column_inner width=&#8221;1\/2&#8243;]<div  id=\"sc_price_358077979\" \n\tclass=\"sc_price sc_price_default\"><div class=\"sc_price_info\"><div class=\"sc_price_subtitle\">Temps de trajet moyen 24 minutes<\/div><div class=\"sc_price_title\"><a href=\"https:\/\/booking.urban-driver.com\/Inscription\">Orly - Paris<\/a><\/div><div class=\"sc_price_description\">(*en semaine entre 7h00 et 20h00)<\/div><div class=\"sc_price_price\"><span class=\"sc_price_value\">A partir de 74\u20ac*<\/span><\/div>\t<\/div><a href=\"https:\/\/booking.urban-driver.com\/Inscription\" class=\"sc_price_link sc_button_default\" target=\"_blank\"><span>R\u00e9server<\/span><\/a>\n<\/div>[\/vc_column_inner][vc_column_inner width=&#8221;1\/2&#8243;]<div  id=\"sc_price_2063225518\" \n\tclass=\"sc_price sc_price_default\"><div class=\"sc_price_info\"><div class=\"sc_price_subtitle\">Temps de trajet moyen 30 minutes<\/div><div class=\"sc_price_title\"><a href=\"https:\/\/booking.urban-driver.com\/Inscription\">Massy TGV - Paris 15\u00b0<\/a><\/div><div class=\"sc_price_description\">(*en semaine entre 7h00 et 20h00)<\/div><div class=\"sc_price_price\"><span class=\"sc_price_value\">A partir de 86\u20ac*<\/span><\/div>\t<\/div><a href=\"https:\/\/booking.urban-driver.com\/Inscription\" class=\"sc_price_link sc_button_default\" target=\"_blank\"><span>R\u00e9server<\/span><\/a>\n<\/div>[\/vc_column_inner][\/vc_row_inner][\/vc_column][\/vc_row][vc_row full_width=&#8221;stretch_row&#8221; css=&#8221;.vc_custom_1751375839218{background-color: #1B1E27 !important;}&#8221; row_title=&#8221;Reservation depuis les apps&#8221;][vc_column][vc_empty_space alter_height=&#8221;medium&#8221; hide_on_mobile=&#8221;&#8221;][vc_custom_heading text=&#8221;Encore plus facile, r\u00e9servez depuis la nouvelle application !&#8221; font_container=&#8221;tag:p|font_size:33|text_align:center|color:%23FFFFFF&#8221; use_theme_fonts=&#8221;yes&#8221; css=&#8221;&#8221;][vc_row_inner][vc_column_inner width=&#8221;1\/2&#8243;][vc_single_image image=&#8221;6868&#8243; img_size=&#8221;medium&#8221; alignment=&#8221;center&#8221; onclick=&#8221;custom_link&#8221; css=&#8221;&#8221; link=&#8221;https:\/\/apps.apple.com\/fr\/app\/urban-driver\/id1609971329?platform=iphone&#8221;][\/vc_column_inner][vc_column_inner width=&#8221;1\/2&#8243;][vc_single_image image=&#8221;6866&#8243; img_size=&#8221;medium&#8221; alignment=&#8221;center&#8221; onclick=&#8221;custom_link&#8221; css=&#8221;&#8221; link=&#8221;https:\/\/play.google.com\/store\/apps\/details?id=com.urbandriver.app_client&#8221;][\/vc_column_inner][\/vc_row_inner][vc_empty_space alter_height=&#8221;medium&#8221; hide_on_mobile=&#8221;&#8221;][\/vc_column][\/vc_row][vc_row full_width=&#8221;stretch_row&#8221; css=&#8221;.vc_custom_1769163154994{margin-top: 33px !important;background-color: #e0e0e0 !important;}&#8221;][vc_column][vc_custom_heading text=&#8221;Secteurs de prise en charge en Essonne (91)&#8221; font_container=&#8221;tag:h3|text_align:left&#8221; use_theme_fonts=&#8221;yes&#8221; css=&#8221;.vc_custom_1769165885306{margin-top: 22px !important;}&#8221;][vc_column_text css=&#8221;.vc_custom_1769186585570{margin-top: 12px !important;}&#8221;]Le 91 est un d\u00e9partement marqu\u00e9 par l&#8217;\u00e9loignement des centres urbains et la saturation de ses grands axes radiaux. Notre organisation sectoris\u00e9e vous permet de <b>vous affranchir<\/b> de l&#8217;impr\u00e9visibilit\u00e9 de la N118 et de l&#8217;A10.[\/vc_column_text][vc_tta_accordion title_tag=&#8221;h3&#8243; active_section=&#8221;5&#8243; css=&#8221;.vc_custom_1769166173052{margin-top: 22px !important;}&#8221;][vc_tta_section title=&#8221;P\u00f4le Innovation et Recherche (Plateau de Saclay \/ Massy)&#8221; tab_id=&#8221;1769162685296-ab14dcca-4230&#8243;][vc_column_text css=&#8221;.vc_custom_1769186662627{margin-top: 22px !important;margin-right: 22px !important;margin-bottom: 22px !important;margin-left: 22px !important;}&#8221;]Nous assurons vos d\u00e9parts prioritaires depuis le p\u00f4le technologique de <b>Saclay<\/b>, <b>Massy<\/b>, <b>Palaiseau<\/b> et <b>Orsay<\/b>. Ce secteur strat\u00e9gique inclut \u00e9galement <b>Bures-sur-Yvette<\/b>, <b>Gif-sur-Yvette<\/b> et <b>Les Ulis<\/b>, garantissant une liaison fluide vers les gares parisiennes ou les a\u00e9roports.[\/vc_column_text][\/vc_tta_section][vc_tta_section title=&#8221;Axe Val-de-Seine et P\u00f4le Administratif (\u00c9vry \/ Corbeil)&#8221; tab_id=&#8221;1769162685296-2fd9d14a-2bf6&#8243;][vc_column_text css=&#8221;.vc_custom_1769186732874{margin-top: 22px !important;margin-right: 22px !important;margin-bottom: 22px !important;margin-left: 22px !important;}&#8221;]Pour vos rendez-vous institutionnels ou d&#8217;affaires, nos chauffeurs interviennent rapidement \u00e0 <b>\u00c9vry-Courcouronnes<\/b>, <b>Corbeil-Essonnes<\/b>, <b>Ris-Orangis<\/b> et <b>Grigny<\/b>. Ce maillage couvre aussi <b>Vigneux-sur-Seine<\/b>, <b>Draveil<\/b>, <b>Montgeron<\/b> et <b>Athis-Mons<\/b>, offrant une alternative efficace \u00e0 la saturation du sud parisien.[\/vc_column_text][\/vc_tta_section][vc_tta_section title=&#8221;Secteur Hurepoix et Centre Essonne&#8221; tab_id=&#8221;1769162776758-961b4c77-c4ed&#8221;][vc_column_text css=&#8221;.vc_custom_1769186814676{margin-top: 22px !important;margin-right: 22px !important;margin-bottom: 22px !important;margin-left: 22px !important;}&#8221;]Nos pilotes vous r\u00e9cup\u00e8rent pour vos transferts depuis <b>Sainte-Genevi\u00e8ve-des-Bois<\/b>, <b>Savigny-sur-Orge<\/b>, <b>Viry-Ch\u00e2tillon<\/b> et <b>Br\u00e9tigny-sur-Orge<\/b>. Nous desservons \u00e9galement <b>Arpajon<\/b>, <b>Morangis<\/b>, <b>Chilly-Mazarin<\/b> et <b>Longjumeau<\/b> pour s\u00e9curiser vos horaires de d\u00e9part, quelle que soit la densit\u00e9 du trafic.[\/vc_column_text][\/vc_tta_section][\/vc_tta_accordion][vc_message message_box_style=&#8221;outline&#8221; css=&#8221;&#8221; closeable=&#8221;&#8221;]Afin de s\u00e9curiser vos d\u00e9placements dans tout le Sud francilien, nos pilotes interviennent \u00e9galement pour vos besoins de <b><a href=\"https:\/\/www.urban-driver.com\/en\/yvelines.php\">Taxi Moto dans les Yvelines (78)<\/a><\/b>, dans le <b><a href=\"https:\/\/www.urban-driver.com\/en\/val_de_marne.php\">Val-de-Marne (94)<\/a><\/b> ou au d\u00e9part de la <b><a href=\"https:\/\/www.urban-driver.com\/en\/seine_et_marne.php\">Seine-et-Marne (77)<\/a><\/b>.[\/vc_message][\/vc_column][\/vc_row][vc_row full_width=&#8221;stretch_row&#8221; css=&#8221;.vc_custom_1737047646821{margin-top: 33px !important;margin-bottom: 33px !important;background-image: url(https:\/\/www.urban-driver.com\/wp-content\/uploads\/2017\/01\/illustration2.jpg?id=1062) !important;}&#8221;][vc_column][vc_custom_heading text=&#8221;Reliez le plateau de Saclay ou le sud de l&#8217;Essonne \u00e0 Paris sans subir les al\u00e9as de l&#8217;A6 et de l&#8217;A10&#8243; font_container=&#8221;tag:p|font_size:32|text_align:center|color:%23FFFFFF&#8221; use_theme_fonts=&#8221;yes&#8221; css=&#8221;.vc_custom_1769165829907{margin-top: 12px !important;}&#8221;]<div class=\"sc_item_button sc_button_wrap\"><a href=\"https:\/\/booking.urban-driver.com\/Inscription\" id=\"sc_button_1551206924\" class=\"sc_button sc_button_default  vc_custom_1768863327594 sc_button_size_normal sc_button_icon_left\"><span class=\"sc_button_text\"><span class=\"sc_button_title\">R\u00e9server mon trajet Essonne<\/span><\/span><!-- \/.sc_button_text --><\/a><!-- \/.sc_button --><\/div><!-- \/.sc_item_button -->[\/vc_column][\/vc_row]<\/p>\n<\/div>","protected":false},"excerpt":{"rendered":"<p>[vc_row][vc_column][vc_column_text css=&#8221;&#8221;]Le d\u00e9partement de l&#8217;Essonne, situ\u00e9 au Sud de Paris, est limitrophe des d\u00e9partements des Yvelines \u00e0 l&#8217;ouest, les Hauts de Seine au nord-ouest, le Val de Marne au nord et la Seine et Marne \u00e0 l&#8217;Est. B\u00e9n\u00e9ficiant de la pr\u00e9sence de l&#8217;a\u00e9roport d&#8217;Orly, le&hellip;<\/p>\n","protected":false},"author":1,"featured_media":0,"parent":1254,"menu_order":2,"comment_status":"closed","ping_status":"closed","template":"","meta":{"footnotes":""},"class_list":["post-1421","page","type-page","status-publish","hentry"],"yoast_head":"<!-- This site is optimized with the Yoast SEO plugin v27.3 - https:\/\/yoast.com\/product\/yoast-seo-wordpress\/ -->\n<title>Taxis motos Essonne - D\u00e9partement 91 - URBANDRIVER<\/title>\n<meta name=\"description\" content=\"Besoin d&#039;un transfert en moto taxi dans le d\u00e9partement de l&#039;Essonne (91), Urban Driver assure son service de navette moto au d\u00e9part de toutes les villes du 91.\" \/>\n<meta name=\"robots\" content=\"index, follow, max-snippet:-1, max-image-preview:large, max-video-preview:-1\" \/>\n<link rel=\"canonical\" href=\"https:\/\/www.urban-driver.com\/en\/essonne.php\" \/>\n<meta property=\"og:locale\" content=\"en_US\" \/>\n<meta property=\"og:type\" content=\"article\" \/>\n<meta property=\"og:title\" content=\"Taxis motos Essonne - D\u00e9partement 91 - URBANDRIVER\" \/>\n<meta property=\"og:description\" content=\"Besoin d&#039;un transfert en moto taxi dans le d\u00e9partement de l&#039;Essonne (91), Urban Driver assure son service de navette moto au d\u00e9part de toutes les villes du 91.\" \/>\n<meta property=\"og:url\" content=\"https:\/\/www.urban-driver.com\/en\/essonne.php\" \/>\n<meta property=\"og:site_name\" content=\"Taxi moto | Urban Driver\" \/>\n<meta property=\"article:modified_time\" content=\"2026-01-23T16:48:26+00:00\" \/>\n<meta name=\"twitter:card\" content=\"summary_large_image\" \/>\n<meta name=\"twitter:label1\" content=\"Est. reading time\" \/>\n\t<meta name=\"twitter:data1\" content=\"3 minutes\" \/>\n<script type=\"application\/ld+json\" class=\"yoast-schema-graph\">{\"@context\":\"https:\\\/\\\/schema.org\",\"@graph\":[{\"@type\":\"WebPage\",\"@id\":\"https:\\\/\\\/www.urban-driver.com\\\/en\\\/essonne.php\",\"url\":\"https:\\\/\\\/www.urban-driver.com\\\/en\\\/essonne.php\",\"name\":\"Taxis motos Essonne - D\u00e9partement 91 - URBANDRIVER\",\"isPartOf\":{\"@id\":\"https:\\\/\\\/www.urban-driver.com\\\/en\\\/#website\"},\"datePublished\":\"2017-05-03T08:33:59+00:00\",\"dateModified\":\"2026-01-23T16:48:26+00:00\",\"description\":\"Besoin d'un transfert en moto taxi dans le d\u00e9partement de l'Essonne (91), Urban Driver assure son service de navette moto au d\u00e9part de toutes les villes du 91.\",\"breadcrumb\":{\"@id\":\"https:\\\/\\\/www.urban-driver.com\\\/en\\\/essonne.php#breadcrumb\"},\"inLanguage\":\"en-US\",\"potentialAction\":[{\"@type\":\"ReadAction\",\"target\":[\"https:\\\/\\\/www.urban-driver.com\\\/en\\\/essonne.php\"]}]},{\"@type\":\"BreadcrumbList\",\"@id\":\"https:\\\/\\\/www.urban-driver.com\\\/en\\\/essonne.php#breadcrumb\",\"itemListElement\":[{\"@type\":\"ListItem\",\"position\":1,\"name\":\"Urban Driver\",\"item\":\"https:\\\/\\\/www.urban-driver.com\\\/en\\\/\"},{\"@type\":\"ListItem\",\"position\":2,\"name\":\"Taxi Moto\",\"item\":\"https:\\\/\\\/www.urban-driver.com\\\/en\\\/moto-taxi.php\"},{\"@type\":\"ListItem\",\"position\":3,\"name\":\"Ile-de-France\",\"item\":\"https:\\\/\\\/www.urban-driver.com\\\/en\\\/ile_de_france\\\/\"},{\"@type\":\"ListItem\",\"position\":4,\"name\":\"Prise en charge dans le d\u00e9partement de l&rsquo;Essonne &#8211; 91\"}]},{\"@type\":\"WebSite\",\"@id\":\"https:\\\/\\\/www.urban-driver.com\\\/en\\\/#website\",\"url\":\"https:\\\/\\\/www.urban-driver.com\\\/en\\\/\",\"name\":\"Taxi moto | Urban Driver\",\"description\":\"\",\"publisher\":{\"@id\":\"https:\\\/\\\/www.urban-driver.com\\\/en\\\/#organization\"},\"potentialAction\":[{\"@type\":\"SearchAction\",\"target\":{\"@type\":\"EntryPoint\",\"urlTemplate\":\"https:\\\/\\\/www.urban-driver.com\\\/en\\\/?s={search_term_string}\"},\"query-input\":{\"@type\":\"PropertyValueSpecification\",\"valueRequired\":true,\"valueName\":\"search_term_string\"}}],\"inLanguage\":\"en-US\"},{\"@type\":\"Organization\",\"@id\":\"https:\\\/\\\/www.urban-driver.com\\\/en\\\/#organization\",\"name\":\"URBAN DRIVER\",\"alternateName\":\"Urban\",\"url\":\"https:\\\/\\\/www.urban-driver.com\\\/en\\\/\",\"logo\":{\"@type\":\"ImageObject\",\"inLanguage\":\"en-US\",\"@id\":\"https:\\\/\\\/www.urban-driver.com\\\/en\\\/#\\\/schema\\\/logo\\\/image\\\/\",\"url\":\"https:\\\/\\\/www.urban-driver.com\\\/wp-content\\\/uploads\\\/2016\\\/12\\\/urban_driver.png\",\"contentUrl\":\"https:\\\/\\\/www.urban-driver.com\\\/wp-content\\\/uploads\\\/2016\\\/12\\\/urban_driver.png\",\"width\":300,\"height\":39,\"caption\":\"URBAN DRIVER\"},\"image\":{\"@id\":\"https:\\\/\\\/www.urban-driver.com\\\/en\\\/#\\\/schema\\\/logo\\\/image\\\/\"}}]}<\/script>\n<!-- \/ Yoast SEO plugin. -->","yoast_head_json":{"title":"Taxis motos Essonne - D\u00e9partement 91 - URBANDRIVER","description":"Besoin d'un transfert en moto taxi dans le d\u00e9partement de l'Essonne (91), Urban Driver assure son service de navette moto au d\u00e9part de toutes les villes du 91.","robots":{"index":"index","follow":"follow","max-snippet":"max-snippet:-1","max-image-preview":"max-image-preview:large","max-video-preview":"max-video-preview:-1"},"canonical":"https:\/\/www.urban-driver.com\/en\/essonne.php","og_locale":"en_US","og_type":"article","og_title":"Taxis motos Essonne - D\u00e9partement 91 - URBANDRIVER","og_description":"Besoin d'un transfert en moto taxi dans le d\u00e9partement de l'Essonne (91), Urban Driver assure son service de navette moto au d\u00e9part de toutes les villes du 91.","og_url":"https:\/\/www.urban-driver.com\/en\/essonne.php","og_site_name":"Taxi moto | Urban Driver","article_modified_time":"2026-01-23T16:48:26+00:00","twitter_card":"summary_large_image","twitter_misc":{"Est. reading time":"3 minutes"},"schema":{"@context":"https:\/\/schema.org","@graph":[{"@type":"WebPage","@id":"https:\/\/www.urban-driver.com\/en\/essonne.php","url":"https:\/\/www.urban-driver.com\/en\/essonne.php","name":"Taxis motos Essonne - D\u00e9partement 91 - URBANDRIVER","isPartOf":{"@id":"https:\/\/www.urban-driver.com\/en\/#website"},"datePublished":"2017-05-03T08:33:59+00:00","dateModified":"2026-01-23T16:48:26+00:00","description":"Besoin d'un transfert en moto taxi dans le d\u00e9partement de l'Essonne (91), Urban Driver assure son service de navette moto au d\u00e9part de toutes les villes du 91.","breadcrumb":{"@id":"https:\/\/www.urban-driver.com\/en\/essonne.php#breadcrumb"},"inLanguage":"en-US","potentialAction":[{"@type":"ReadAction","target":["https:\/\/www.urban-driver.com\/en\/essonne.php"]}]},{"@type":"BreadcrumbList","@id":"https:\/\/www.urban-driver.com\/en\/essonne.php#breadcrumb","itemListElement":[{"@type":"ListItem","position":1,"name":"Urban Driver","item":"https:\/\/www.urban-driver.com\/en\/"},{"@type":"ListItem","position":2,"name":"Taxi Moto","item":"https:\/\/www.urban-driver.com\/en\/moto-taxi.php"},{"@type":"ListItem","position":3,"name":"Ile-de-France","item":"https:\/\/www.urban-driver.com\/en\/ile_de_france\/"},{"@type":"ListItem","position":4,"name":"Prise en charge dans le d\u00e9partement de l&rsquo;Essonne &#8211; 91"}]},{"@type":"WebSite","@id":"https:\/\/www.urban-driver.com\/en\/#website","url":"https:\/\/www.urban-driver.com\/en\/","name":"Taxi moto | Urban Driver","description":"","publisher":{"@id":"https:\/\/www.urban-driver.com\/en\/#organization"},"potentialAction":[{"@type":"SearchAction","target":{"@type":"EntryPoint","urlTemplate":"https:\/\/www.urban-driver.com\/en\/?s={search_term_string}"},"query-input":{"@type":"PropertyValueSpecification","valueRequired":true,"valueName":"search_term_string"}}],"inLanguage":"en-US"},{"@type":"Organization","@id":"https:\/\/www.urban-driver.com\/en\/#organization","name":"URBAN DRIVER","alternateName":"Urban","url":"https:\/\/www.urban-driver.com\/en\/","logo":{"@type":"ImageObject","inLanguage":"en-US","@id":"https:\/\/www.urban-driver.com\/en\/#\/schema\/logo\/image\/","url":"https:\/\/www.urban-driver.com\/wp-content\/uploads\/2016\/12\/urban_driver.png","contentUrl":"https:\/\/www.urban-driver.com\/wp-content\/uploads\/2016\/12\/urban_driver.png","width":300,"height":39,"caption":"URBAN DRIVER"},"image":{"@id":"https:\/\/www.urban-driver.com\/en\/#\/schema\/logo\/image\/"}}]}},"_links":{"self":[{"href":"https:\/\/www.urban-driver.com\/en\/wp-json\/wp\/v2\/pages\/1421","targetHints":{"allow":["GET"]}}],"collection":[{"href":"https:\/\/www.urban-driver.com\/en\/wp-json\/wp\/v2\/pages"}],"about":[{"href":"https:\/\/www.urban-driver.com\/en\/wp-json\/wp\/v2\/types\/page"}],"author":[{"embeddable":true,"href":"https:\/\/www.urban-driver.com\/en\/wp-json\/wp\/v2\/users\/1"}],"replies":[{"embeddable":true,"href":"https:\/\/www.urban-driver.com\/en\/wp-json\/wp\/v2\/comments?post=1421"}],"version-history":[{"count":0,"href":"https:\/\/www.urban-driver.com\/en\/wp-json\/wp\/v2\/pages\/1421\/revisions"}],"up":[{"embeddable":true,"href":"https:\/\/www.urban-driver.com\/en\/wp-json\/wp\/v2\/pages\/1254"}],"wp:attachment":[{"href":"https:\/\/www.urban-driver.com\/en\/wp-json\/wp\/v2\/media?parent=1421"}],"curies":[{"name":"wp","href":"https:\/\/api.w.org\/{rel}","templated":true}]}}