{"id":1419,"date":"2017-05-03T10:27:43","date_gmt":"2017-05-03T08:27:43","guid":{"rendered":"http:\/\/48h.fr\/?page_id=1419"},"modified":"2026-01-23T17:33:54","modified_gmt":"2026-01-23T16:33:54","slug":"seine-et-marne","status":"publish","type":"page","link":"https:\/\/www.urban-driver.com\/en\/seine_et_marne.php","title":{"rendered":"Transfert au d\u00e9part du d\u00e9partement de Seine et Marne &#8211; 77"},"content":{"rendered":"<div class=\"wpb-content-wrapper\"><p>[vc_row][vc_column]<div id=\"sc_title_894494669\"\n\t\tclass=\"sc_title sc_title_default\"><h6 class=\"sc_item_subtitle sc_title_subtitle sc_align_left sc_item_title_style_default\">Combien co\u00fbte un taxi moto au d\u00e9part de la Seine et Marne<\/h6><h2 class=\"sc_item_title sc_title_title sc_align_left sc_item_title_style_default sc_item_title_tag\">Taxi moto en Seine et Marne<\/h2><\/div><!-- \/.sc_title -->[vc_column_text css=&#8221;&#8221;]Le d\u00e9partement de Seine et Marne est situ\u00e9 \u00e0 l&#8217;Est de la r\u00e9gion Ile-de-france et connu entre autre par l&#8217;implantation \u00e0 Chessy du c\u00e9l\u00e8bre parc d&#8217;attraction Disneyland.<\/p>\n<p>Parmi les neufs autoroutes d&#8217;Ile-de-France qui convergent vers le p\u00e9riph\u00e9rique parisien, l&#8217;autoroute A4 qui relie le d\u00e9partement de Seine-et-Marne \u00e0 Paris est un des axes les plus touch\u00e9s par les bouchons aux heures de pointe.<\/p>\n<p>Vous \u00eates en s\u00e9minaire \u00e0 Eurodisney, en rendez-vous dans le d\u00e9partement 77 et souhaitez rejoindre la capitale, contactez nous d\u00e8s maintenant pour <a href=\"https:\/\/www.urban-driver.com\/en\/ile_de_france\/\">r\u00e9server votre moto taxi IDF<\/a> et ainsi vous assurez un temps de trajet garanti jusqu&#8217;\u00e0 votre destination quelles que soient les conditions de circulation.[\/vc_column_text][vc_empty_space height=&#8221;3.3em&#8221; alter_height=&#8221;none&#8221; hide_on_mobile=&#8221;&#8221;][vc_message message_box_color=&#8221;alert-info&#8221; css=&#8221;&#8221; closeable=&#8221;&#8221;]<strong>Nous conseillons une r\u00e9servation au minimum 2 heure \u00e0 l&#8217;avance pour un d\u00e9part depuis la Seine et Marne<\/strong>[\/vc_message]<div class=\"sc_item_button sc_button_wrap\"><a href=\"https:\/\/booking.urban-driver.com\/Commander\" id=\"sc_button_176266703\" class=\"sc_button sc_button_default sc_button_size_normal sc_button_icon_left\"><span class=\"sc_button_text\"><span class=\"sc_button_title\">Je r\u00e9serve mon Taxi moto<\/span><\/span><!-- \/.sc_button_text --><\/a><!-- \/.sc_button --><\/div><!-- \/.sc_item_button -->[vc_empty_space height=&#8221;3.3em&#8221; alter_height=&#8221;none&#8221; hide_on_mobile=&#8221;&#8221;][\/vc_column][\/vc_row][vc_row css=&#8221;.vc_custom_1768861637129{margin-top: 33px !important;margin-bottom: 33px !important;}&#8221;][vc_column][vc_custom_heading text=&#8221;Prix forfaits taxi moto depuis la Seine-et-Marne&#8221; font_container=&#8221;tag:h3|text_align:left&#8221; use_theme_fonts=&#8221;yes&#8221; css=&#8221;&#8221;][vc_row_inner][vc_column_inner width=&#8221;1\/2&#8243;]<div  id=\"sc_price_1410543997\" \n\tclass=\"sc_price sc_price_default\"><div class=\"sc_price_info\"><div class=\"sc_price_subtitle\">Temps de trajet moyen 35 minutes<\/div><div class=\"sc_price_title\"><a href=\"https:\/\/booking.urban-driver.com\/Inscription\">Disney - Gare de Lyon<\/a><\/div><div class=\"sc_price_description\">(*en semaine entre 7h00 et 20h00)<\/div><div class=\"sc_price_price\"><span class=\"sc_price_value\">A partir de 125\u20ac*<\/span><\/div>\t<\/div><a href=\"https:\/\/booking.urban-driver.com\/Inscription\" class=\"sc_price_link sc_button_default\" target=\"_blank\"><span>R\u00e9server<\/span><\/a>\n<\/div>[\/vc_column_inner][vc_column_inner width=&#8221;1\/2&#8243;]<div  id=\"sc_price_1630127295\" \n\tclass=\"sc_price sc_price_default\"><div class=\"sc_price_info\"><div class=\"sc_price_subtitle\">Temps de trajet moyen 35 minutes<\/div><div class=\"sc_price_title\"><a href=\"https:\/\/booking.urban-driver.com\/Inscription\">Chelles - Gare du Nord<\/a><\/div><div class=\"sc_price_description\">(*en semaine entre 7h00 et 20h00)<\/div><div class=\"sc_price_price\"><span class=\"sc_price_value\">A partir de 88\u20ac*<\/span><\/div>\t<\/div><a href=\"https:\/\/booking.urban-driver.com\/Inscription\" class=\"sc_price_link sc_button_default\" target=\"_blank\"><span>R\u00e9server<\/span><\/a>\n<\/div>[\/vc_column_inner][\/vc_row_inner][\/vc_column][\/vc_row][vc_row full_width=&#8221;stretch_row&#8221; css=&#8221;.vc_custom_1751375839218{background-color: #1B1E27 !important;}&#8221; row_title=&#8221;Reservation depuis les apps&#8221;][vc_column][vc_empty_space alter_height=&#8221;medium&#8221; hide_on_mobile=&#8221;&#8221;][vc_custom_heading text=&#8221;Encore plus facile, r\u00e9servez depuis la nouvelle application !&#8221; font_container=&#8221;tag:p|font_size:36|text_align:center|color:%23FFFFFF&#8221; use_theme_fonts=&#8221;yes&#8221; css=&#8221;&#8221;][vc_row_inner][vc_column_inner width=&#8221;1\/2&#8243;][vc_single_image image=&#8221;6868&#8243; img_size=&#8221;medium&#8221; alignment=&#8221;center&#8221; onclick=&#8221;custom_link&#8221; css=&#8221;&#8221; link=&#8221;https:\/\/apps.apple.com\/fr\/app\/urban-driver\/id1609971329?platform=iphone&#8221;][\/vc_column_inner][vc_column_inner width=&#8221;1\/2&#8243;][vc_single_image image=&#8221;6866&#8243; img_size=&#8221;medium&#8221; alignment=&#8221;center&#8221; onclick=&#8221;custom_link&#8221; css=&#8221;&#8221; link=&#8221;https:\/\/play.google.com\/store\/apps\/details?id=com.urbandriver.app_client&#8221;][\/vc_column_inner][\/vc_row_inner][vc_empty_space alter_height=&#8221;medium&#8221; hide_on_mobile=&#8221;&#8221;][\/vc_column][\/vc_row][vc_row full_width=&#8221;stretch_row&#8221; css=&#8221;.vc_custom_1769166280022{margin-top: 33px !important;background-color: #e0e0e0 !important;}&#8221;][vc_column][vc_custom_heading text=&#8221;Secteurs de prise en charge en Seine-et-Marne (77)&#8221; font_container=&#8221;tag:h3|text_align:left&#8221; use_theme_fonts=&#8221;yes&#8221; css=&#8221;.vc_custom_1769166285619{margin-top: 22px !important;}&#8221;][vc_column_text css=&#8221;.vc_custom_1769185585038{margin-top: 12px !important;}&#8221;]L&#8217;\u00e9tendue de la Seine-et-Marne impose une gestion rigoureuse des temps de parcours. Nos chauffeurs se d\u00e9ploient sur le d\u00e9partement pour vous permettre de <b>vous lib\u00e9rer<\/b> des contraintes de distance lors de vos trajets vers la capitale.[\/vc_column_text][vc_tta_accordion title_tag=&#8221;h3&#8243; active_section=&#8221;5&#8243; css=&#8221;.vc_custom_1769166265416{margin-top: 12px !important;}&#8221;][vc_tta_section title=&#8221;P\u00f4le Tourisme et Affaires (Val d&#8217;Europe \/ Marne-la-Vall\u00e9e)&#8221; tab_id=&#8221;1769162685296-ab14dcca-4230&#8243;][vc_column_text css=&#8221;.vc_custom_1769185655962{margin-top: 22px !important;margin-right: 22px !important;margin-bottom: 22px !important;margin-left: 22px !important;}&#8221;]Nous assurons vos prises en charge au d\u00e9part de <b>Chessy (Disneyland Paris)<\/b>, <b>Serris<\/b>, <b>Magny-le-Hongre<\/b> et <b>Bailly-Romainvilliers<\/b>. Ce secteur inclut \u00e9galement <b>Torcy<\/b>, <b>Bussy-Saint-Georges<\/b>, <b>Lagny-sur-Marne<\/b> et <b>Noisiel<\/b>, offrant une solution de mobilit\u00e9 premium pour rejoindre rapidement Paris.[\/vc_column_text][\/vc_tta_section][vc_tta_section title=&#8221;Secteur Nord et P\u00f4le Melun-Meaux&#8221; tab_id=&#8221;1769162685296-2fd9d14a-2bf6&#8243;][vc_column_text css=&#8221;.vc_custom_1769185719174{margin-top: 22px !important;margin-right: 22px !important;margin-bottom: 22px !important;margin-left: 22px !important;}&#8221;]Pour vos transferts depuis les grands centres urbains du 77, nos chauffeurs interviennent \u00e0 <b>Meaux<\/b>, <b>Melun<\/b>, <b>Dammarie-les-Lys<\/b> et <b>Villeparisis<\/b>. Nous couvrons aussi <b>Mitry-Mory<\/b> et le secteur frontalier de <b>Roissy<\/b>, garantissant une r\u00e9activit\u00e9 optimale pour vos d\u00e9collages ou rendez-vous d&#8217;affaires.[\/vc_column_text][\/vc_tta_section][vc_tta_section title=&#8221;Axe S\u00e9nart et Sud Seine-et-Marne&#8221; tab_id=&#8221;1769162776758-961b4c77-c4ed&#8221;][vc_column_text css=&#8221;.vc_custom_1769185791561{margin-top: 22px !important;margin-right: 22px !important;margin-bottom: 22px !important;margin-left: 22px !important;}&#8221;]Nos pilotes desservent le p\u00f4le de <b>S\u00e9nart<\/b>, incluant <b>Savigny-le-Temple<\/b>, <b>Combs-la-Ville<\/b>, <b>Moissy-Cramayel<\/b> et <b>Lieusaint<\/b>. Nous assurons \u00e9galement vos liaisons depuis <b>Pontault-Combault<\/b>, <b>Roissy-en-Brie<\/b>, <b>Ozoir-la-Ferri\u00e8re<\/b> et <b>Chelles<\/b> pour une fluidit\u00e9 totale vers le centre du d\u00e9partement 75.[\/vc_column_text][\/vc_tta_section][\/vc_tta_accordion][vc_message message_box_style=&#8221;outline&#8221; css=&#8221;&#8221; closeable=&#8221;&#8221;]Nos services s&#8217;\u00e9tendent aux d\u00e9partements limitrophes pour faciliter vos transferts transversaux, que vous ayez besoin d&#8217;un <b><a href=\"https:\/\/www.urban-driver.com\/en\/seine_saint_denis.php\">Taxi Moto en Seine-Saint-Denis (93)<\/a><\/b>, dans le <b><a href=\"https:\/\/www.urban-driver.com\/en\/val_de_marne.php\">Val-de-Marne (94)<\/a><\/b> ou au d\u00e9part de l&#8217;<b><a href=\"https:\/\/www.urban-driver.com\/en\/essonne.php\">Essonne (91)<\/a><\/b>.[\/vc_message][\/vc_column][\/vc_row][vc_row full_width=&#8221;stretch_row&#8221; css=&#8221;.vc_custom_1737047646821{margin-top: 33px !important;margin-bottom: 33px !important;background-image: url(https:\/\/www.urban-driver.com\/wp-content\/uploads\/2017\/01\/illustration2.jpg?id=1062) !important;}&#8221;][vc_column][vc_empty_space alter_height=&#8221;medium&#8221; hide_on_mobile=&#8221;&#8221;][vc_custom_heading text=&#8221;Gagnez une heure sur vos transferts vers Paris : le confort d&#8217;une Goldwing pour vos longs trajets depuis la Seine-et-Marne&#8221; font_container=&#8221;tag:p|font_size:33|text_align:center|color:%23FFFFFF&#8221; use_theme_fonts=&#8221;yes&#8221; css=&#8221;.vc_custom_1769166226786{margin-top: 12px !important;}&#8221;][vc_empty_space alter_height=&#8221;medium&#8221; hide_on_mobile=&#8221;&#8221;]<div class=\"sc_item_button sc_button_wrap\"><a href=\"https:\/\/booking.urban-driver.com\/Inscription\" id=\"sc_button_1894568904\" class=\"sc_button sc_button_default sc_button_size_normal sc_button_icon_left\"><span class=\"sc_button_text\"><span class=\"sc_button_title\">Estimer ma course 77<\/span><\/span><!-- \/.sc_button_text --><\/a><!-- \/.sc_button --><\/div><!-- \/.sc_item_button -->[vc_empty_space alter_height=&#8221;medium&#8221; hide_on_mobile=&#8221;&#8221;][\/vc_column][\/vc_row]<\/p>\n<\/div>","protected":false},"excerpt":{"rendered":"<p>[vc_row][vc_column][vc_column_text css=&#8221;&#8221;]Le d\u00e9partement de Seine et Marne est situ\u00e9 \u00e0 l&#8217;Est de la r\u00e9gion Ile-de-france et connu entre autre par l&#8217;implantation \u00e0 Chessy du c\u00e9l\u00e8bre parc d&#8217;attraction Disneyland. Parmi les neufs autoroutes d&#8217;Ile-de-France qui convergent vers le p\u00e9riph\u00e9rique parisien, l&#8217;autoroute A4 qui relie le d\u00e9partement&hellip;<\/p>\n","protected":false},"author":1,"featured_media":0,"parent":1254,"menu_order":2,"comment_status":"closed","ping_status":"closed","template":"","meta":{"footnotes":""},"class_list":["post-1419","page","type-page","status-publish","hentry"],"yoast_head":"<!-- This site is optimized with the Yoast SEO plugin v27.3 - https:\/\/yoast.com\/product\/yoast-seo-wordpress\/ -->\n<title>Taxis motos Seine et Marne - D\u00e9partement 77<\/title>\n<meta name=\"description\" content=\"Besoin d&#039;une moto avec chauffeur au d\u00e9part de la Seine et Marne, Urban Driver assure un service de transport de personnes \u00e0 moto avec une prise en charge dans les principales villes du 77: Torcy, Fontainebleau, Noisiel, Melun, Meaux, Chelles, Villeparisis, Pontault Combault etc.\" \/>\n<meta name=\"robots\" content=\"index, follow, max-snippet:-1, max-image-preview:large, max-video-preview:-1\" \/>\n<link rel=\"canonical\" href=\"https:\/\/www.urban-driver.com\/en\/seine_et_marne.php\" \/>\n<meta property=\"og:locale\" content=\"en_US\" \/>\n<meta property=\"og:type\" content=\"article\" \/>\n<meta property=\"og:title\" content=\"Taxis motos Seine et Marne - D\u00e9partement 77\" \/>\n<meta property=\"og:description\" content=\"Besoin d&#039;une moto avec chauffeur au d\u00e9part de la Seine et Marne, Urban Driver assure un service de transport de personnes \u00e0 moto avec une prise en charge dans les principales villes du 77: Torcy, Fontainebleau, Noisiel, Melun, Meaux, Chelles, Villeparisis, Pontault Combault etc.\" \/>\n<meta property=\"og:url\" content=\"https:\/\/www.urban-driver.com\/en\/seine_et_marne.php\" \/>\n<meta property=\"og:site_name\" content=\"Taxi moto | Urban Driver\" \/>\n<meta property=\"article:modified_time\" content=\"2026-01-23T16:33:54+00:00\" \/>\n<meta name=\"twitter:card\" content=\"summary_large_image\" \/>\n<meta name=\"twitter:label1\" content=\"Est. reading time\" \/>\n\t<meta name=\"twitter:data1\" content=\"3 minutes\" \/>\n<script type=\"application\/ld+json\" class=\"yoast-schema-graph\">{\"@context\":\"https:\\\/\\\/schema.org\",\"@graph\":[{\"@type\":\"WebPage\",\"@id\":\"https:\\\/\\\/www.urban-driver.com\\\/en\\\/seine_et_marne.php\",\"url\":\"https:\\\/\\\/www.urban-driver.com\\\/en\\\/seine_et_marne.php\",\"name\":\"Taxis motos Seine et Marne - D\u00e9partement 77\",\"isPartOf\":{\"@id\":\"https:\\\/\\\/www.urban-driver.com\\\/en\\\/#website\"},\"datePublished\":\"2017-05-03T08:27:43+00:00\",\"dateModified\":\"2026-01-23T16:33:54+00:00\",\"description\":\"Besoin d'une moto avec chauffeur au d\u00e9part de la Seine et Marne, Urban Driver assure un service de transport de personnes \u00e0 moto avec une prise en charge dans les principales villes du 77: Torcy, Fontainebleau, Noisiel, Melun, Meaux, Chelles, Villeparisis, Pontault Combault etc.\",\"breadcrumb\":{\"@id\":\"https:\\\/\\\/www.urban-driver.com\\\/en\\\/seine_et_marne.php#breadcrumb\"},\"inLanguage\":\"en-US\",\"potentialAction\":[{\"@type\":\"ReadAction\",\"target\":[\"https:\\\/\\\/www.urban-driver.com\\\/en\\\/seine_et_marne.php\"]}]},{\"@type\":\"BreadcrumbList\",\"@id\":\"https:\\\/\\\/www.urban-driver.com\\\/en\\\/seine_et_marne.php#breadcrumb\",\"itemListElement\":[{\"@type\":\"ListItem\",\"position\":1,\"name\":\"Urban Driver\",\"item\":\"https:\\\/\\\/www.urban-driver.com\\\/en\\\/\"},{\"@type\":\"ListItem\",\"position\":2,\"name\":\"Taxi Moto\",\"item\":\"https:\\\/\\\/www.urban-driver.com\\\/en\\\/moto-taxi.php\"},{\"@type\":\"ListItem\",\"position\":3,\"name\":\"Ile-de-France\",\"item\":\"https:\\\/\\\/www.urban-driver.com\\\/en\\\/ile_de_france\\\/\"},{\"@type\":\"ListItem\",\"position\":4,\"name\":\"Transfert au d\u00e9part du d\u00e9partement de Seine et Marne &#8211; 77\"}]},{\"@type\":\"WebSite\",\"@id\":\"https:\\\/\\\/www.urban-driver.com\\\/en\\\/#website\",\"url\":\"https:\\\/\\\/www.urban-driver.com\\\/en\\\/\",\"name\":\"Taxi moto | Urban Driver\",\"description\":\"\",\"publisher\":{\"@id\":\"https:\\\/\\\/www.urban-driver.com\\\/en\\\/#organization\"},\"potentialAction\":[{\"@type\":\"SearchAction\",\"target\":{\"@type\":\"EntryPoint\",\"urlTemplate\":\"https:\\\/\\\/www.urban-driver.com\\\/en\\\/?s={search_term_string}\"},\"query-input\":{\"@type\":\"PropertyValueSpecification\",\"valueRequired\":true,\"valueName\":\"search_term_string\"}}],\"inLanguage\":\"en-US\"},{\"@type\":\"Organization\",\"@id\":\"https:\\\/\\\/www.urban-driver.com\\\/en\\\/#organization\",\"name\":\"URBAN DRIVER\",\"alternateName\":\"Urban\",\"url\":\"https:\\\/\\\/www.urban-driver.com\\\/en\\\/\",\"logo\":{\"@type\":\"ImageObject\",\"inLanguage\":\"en-US\",\"@id\":\"https:\\\/\\\/www.urban-driver.com\\\/en\\\/#\\\/schema\\\/logo\\\/image\\\/\",\"url\":\"https:\\\/\\\/www.urban-driver.com\\\/wp-content\\\/uploads\\\/2016\\\/12\\\/urban_driver.png\",\"contentUrl\":\"https:\\\/\\\/www.urban-driver.com\\\/wp-content\\\/uploads\\\/2016\\\/12\\\/urban_driver.png\",\"width\":300,\"height\":39,\"caption\":\"URBAN DRIVER\"},\"image\":{\"@id\":\"https:\\\/\\\/www.urban-driver.com\\\/en\\\/#\\\/schema\\\/logo\\\/image\\\/\"}}]}<\/script>\n<!-- \/ Yoast SEO plugin. -->","yoast_head_json":{"title":"Taxis motos Seine et Marne - D\u00e9partement 77","description":"Besoin d'une moto avec chauffeur au d\u00e9part de la Seine et Marne, Urban Driver assure un service de transport de personnes \u00e0 moto avec une prise en charge dans les principales villes du 77: Torcy, Fontainebleau, Noisiel, Melun, Meaux, Chelles, Villeparisis, Pontault Combault etc.","robots":{"index":"index","follow":"follow","max-snippet":"max-snippet:-1","max-image-preview":"max-image-preview:large","max-video-preview":"max-video-preview:-1"},"canonical":"https:\/\/www.urban-driver.com\/en\/seine_et_marne.php","og_locale":"en_US","og_type":"article","og_title":"Taxis motos Seine et Marne - D\u00e9partement 77","og_description":"Besoin d'une moto avec chauffeur au d\u00e9part de la Seine et Marne, Urban Driver assure un service de transport de personnes \u00e0 moto avec une prise en charge dans les principales villes du 77: Torcy, Fontainebleau, Noisiel, Melun, Meaux, Chelles, Villeparisis, Pontault Combault etc.","og_url":"https:\/\/www.urban-driver.com\/en\/seine_et_marne.php","og_site_name":"Taxi moto | Urban Driver","article_modified_time":"2026-01-23T16:33:54+00:00","twitter_card":"summary_large_image","twitter_misc":{"Est. reading time":"3 minutes"},"schema":{"@context":"https:\/\/schema.org","@graph":[{"@type":"WebPage","@id":"https:\/\/www.urban-driver.com\/en\/seine_et_marne.php","url":"https:\/\/www.urban-driver.com\/en\/seine_et_marne.php","name":"Taxis motos Seine et Marne - D\u00e9partement 77","isPartOf":{"@id":"https:\/\/www.urban-driver.com\/en\/#website"},"datePublished":"2017-05-03T08:27:43+00:00","dateModified":"2026-01-23T16:33:54+00:00","description":"Besoin d'une moto avec chauffeur au d\u00e9part de la Seine et Marne, Urban Driver assure un service de transport de personnes \u00e0 moto avec une prise en charge dans les principales villes du 77: Torcy, Fontainebleau, Noisiel, Melun, Meaux, Chelles, Villeparisis, Pontault Combault etc.","breadcrumb":{"@id":"https:\/\/www.urban-driver.com\/en\/seine_et_marne.php#breadcrumb"},"inLanguage":"en-US","potentialAction":[{"@type":"ReadAction","target":["https:\/\/www.urban-driver.com\/en\/seine_et_marne.php"]}]},{"@type":"BreadcrumbList","@id":"https:\/\/www.urban-driver.com\/en\/seine_et_marne.php#breadcrumb","itemListElement":[{"@type":"ListItem","position":1,"name":"Urban Driver","item":"https:\/\/www.urban-driver.com\/en\/"},{"@type":"ListItem","position":2,"name":"Taxi Moto","item":"https:\/\/www.urban-driver.com\/en\/moto-taxi.php"},{"@type":"ListItem","position":3,"name":"Ile-de-France","item":"https:\/\/www.urban-driver.com\/en\/ile_de_france\/"},{"@type":"ListItem","position":4,"name":"Transfert au d\u00e9part du d\u00e9partement de Seine et Marne &#8211; 77"}]},{"@type":"WebSite","@id":"https:\/\/www.urban-driver.com\/en\/#website","url":"https:\/\/www.urban-driver.com\/en\/","name":"Taxi moto | Urban Driver","description":"","publisher":{"@id":"https:\/\/www.urban-driver.com\/en\/#organization"},"potentialAction":[{"@type":"SearchAction","target":{"@type":"EntryPoint","urlTemplate":"https:\/\/www.urban-driver.com\/en\/?s={search_term_string}"},"query-input":{"@type":"PropertyValueSpecification","valueRequired":true,"valueName":"search_term_string"}}],"inLanguage":"en-US"},{"@type":"Organization","@id":"https:\/\/www.urban-driver.com\/en\/#organization","name":"URBAN DRIVER","alternateName":"Urban","url":"https:\/\/www.urban-driver.com\/en\/","logo":{"@type":"ImageObject","inLanguage":"en-US","@id":"https:\/\/www.urban-driver.com\/en\/#\/schema\/logo\/image\/","url":"https:\/\/www.urban-driver.com\/wp-content\/uploads\/2016\/12\/urban_driver.png","contentUrl":"https:\/\/www.urban-driver.com\/wp-content\/uploads\/2016\/12\/urban_driver.png","width":300,"height":39,"caption":"URBAN DRIVER"},"image":{"@id":"https:\/\/www.urban-driver.com\/en\/#\/schema\/logo\/image\/"}}]}},"_links":{"self":[{"href":"https:\/\/www.urban-driver.com\/en\/wp-json\/wp\/v2\/pages\/1419","targetHints":{"allow":["GET"]}}],"collection":[{"href":"https:\/\/www.urban-driver.com\/en\/wp-json\/wp\/v2\/pages"}],"about":[{"href":"https:\/\/www.urban-driver.com\/en\/wp-json\/wp\/v2\/types\/page"}],"author":[{"embeddable":true,"href":"https:\/\/www.urban-driver.com\/en\/wp-json\/wp\/v2\/users\/1"}],"replies":[{"embeddable":true,"href":"https:\/\/www.urban-driver.com\/en\/wp-json\/wp\/v2\/comments?post=1419"}],"version-history":[{"count":0,"href":"https:\/\/www.urban-driver.com\/en\/wp-json\/wp\/v2\/pages\/1419\/revisions"}],"up":[{"embeddable":true,"href":"https:\/\/www.urban-driver.com\/en\/wp-json\/wp\/v2\/pages\/1254"}],"wp:attachment":[{"href":"https:\/\/www.urban-driver.com\/en\/wp-json\/wp\/v2\/media?parent=1419"}],"curies":[{"name":"wp","href":"https:\/\/api.w.org\/{rel}","templated":true}]}}