{"id":1417,"date":"2017-05-03T10:25:29","date_gmt":"2017-05-03T08:25:29","guid":{"rendered":"http:\/\/48h.fr\/?page_id=1417"},"modified":"2026-01-23T17:25:30","modified_gmt":"2026-01-23T16:25:30","slug":"val-de-marne","status":"publish","type":"page","link":"https:\/\/www.urban-driver.com\/en\/val_de_marne.php","title":{"rendered":"Au d\u00e9part du d\u00e9partement du Val de Marne &#8211; 94"},"content":{"rendered":"<div class=\"wpb-content-wrapper\"><p>[vc_row][vc_column]<div id=\"sc_title_610446976\"\n\t\tclass=\"sc_title sc_title_default\"><h6 class=\"sc_item_subtitle sc_title_subtitle sc_align_left sc_item_title_style_default\">Combien co\u00fbte un taxi moto au d\u00e9part du Val-de-Marne<\/h6><h2 class=\"sc_item_title sc_title_title sc_align_left sc_item_title_style_default sc_item_title_tag\">Taxi moto dans le Val-de-Marne (94)<\/h2><\/div><!-- \/.sc_title -->[vc_column_text css=&#8221;&#8221;]Le d\u00e9partement du Val de Marne situ\u00e9 au Sud de Paris est le lieu de r\u00e9sidence de nombreux parisiens se rendant tous les jours dans la capitale dans le cadre de leur activit\u00e9 professionnelle: Bry sur Marne, Alfortville, Charenton le Pont, Ivry sur Seine, Le Kremlin Bic\u00eatre, Maisons Alfort, Vincennes, Sant Mande etc.<\/p>\n<p>L&#8217;autoroute A4 qui traverse le d\u00e9partement du Val de Marne est une autoroute r\u00e9guli\u00e8rement congestionn\u00e9e aux heures de pointes occasionnant de longues attentes dans la circulation. Pour \u00e9viter cette perte de temps pour vos transferts vers Paris, la banlieue, les a\u00e9roports, faites appel \u00e0 notre service de <a href=\"https:\/\/www.urban-driver.com\/en\/ile_de_france\/\">navette moto IDF<\/a> disponible dans toute l&#8217;Ile de France.[\/vc_column_text][vc_empty_space height=&#8221;3.3em&#8221; alter_height=&#8221;none&#8221; hide_on_mobile=&#8221;&#8221;][vc_message color=&#8221;alert-info&#8221; message_box_style=&#8221;outline&#8221; message_box_color=&#8221;alert-info&#8221; icon_type=&#8221;pixelicons&#8221; icon_pixelicons=&#8221;vc_pixel_icon vc_pixel_icon-info&#8221; css=&#8221;&#8221; closeable=&#8221;&#8221;]Pour un d\u00e9part serein depuis le <b>Val-de-Marne<\/b>, nous vous sugg\u00e9rons de r\u00e9server votre moto taxi au moins <b>1 heure<\/b> \u00e0 l&#8217;avance.[\/vc_message][vc_empty_space height=&#8221;3.3em&#8221; alter_height=&#8221;none&#8221; hide_on_mobile=&#8221;&#8221;]<div class=\"sc_item_button sc_button_wrap\"><a href=\"https:\/\/booking.urban-driver.com\/Inscription\" id=\"sc_button_1000335688\" class=\"sc_button sc_button_default sc_button_size_normal sc_button_icon_left\"><span class=\"sc_button_text\"><span class=\"sc_button_title\">Je r\u00e9serve mon taxi moto<\/span><\/span><!-- \/.sc_button_text --><\/a><!-- \/.sc_button --><\/div><!-- \/.sc_item_button -->[vc_empty_space height=&#8221;3.3em&#8221; alter_height=&#8221;none&#8221; hide_on_mobile=&#8221;&#8221;][\/vc_column][\/vc_row][vc_row][vc_column][vc_custom_heading text=&#8221;Vos trajets taxi moto au forfait depuis le 94&#8243; font_container=&#8221;tag:h3|text_align:left&#8221; use_theme_fonts=&#8221;yes&#8221; css=&#8221;&#8221;][vc_row_inner][vc_column_inner width=&#8221;1\/2&#8243;]<div  id=\"sc_price_406910127\" \n\tclass=\"sc_price sc_price_default\"><div class=\"sc_price_info\"><div class=\"sc_price_subtitle\">Temps de trajet moyen 24 minutes<\/div><div class=\"sc_price_title\"><a href=\"https:\/\/booking.urban-driver.com\/Inscription\">Ivry-sur-Seine - Orly<\/a><\/div><div class=\"sc_price_description\">(*en semaine entre 7h00 et 20h00)<\/div><div class=\"sc_price_price\"><span class=\"sc_price_value\">A partir de 74\u20ac*<\/span><\/div>\t<\/div><a href=\"https:\/\/booking.urban-driver.com\/Inscription\" class=\"sc_price_link sc_button_default\" target=\"_blank\"><span>R\u00e9server<\/span><\/a>\n<\/div>[\/vc_column_inner][vc_column_inner width=&#8221;1\/2&#8243;]<div  id=\"sc_price_1398383326\" \n\tclass=\"sc_price sc_price_default\"><div class=\"sc_price_info\"><div class=\"sc_price_subtitle\">Temps de trajet moyen 35 minutes<\/div><div class=\"sc_price_title\"><a href=\"https:\/\/booking.urban-driver.com\/Inscription\">Vincennes - Roissy CDG<\/a><\/div><div class=\"sc_price_description\">(*en semaine entre 7h00 et 20h00)<\/div><div class=\"sc_price_price\"><span class=\"sc_price_value\">A partir de 95\u20ac*<\/span><\/div>\t<\/div><a href=\"https:\/\/booking.urban-driver.com\/Inscription\" class=\"sc_price_link sc_button_default\" target=\"_blank\"><span>R\u00e9server<\/span><\/a>\n<\/div>[\/vc_column_inner][\/vc_row_inner][\/vc_column][\/vc_row][vc_row full_width=&#8221;stretch_row&#8221; css=&#8221;.vc_custom_1769185026161{margin-top: 22px !important;background-color: #1B1E27 !important;}&#8221; row_title=&#8221;Reservation depuis les apps&#8221;][vc_column][vc_empty_space alter_height=&#8221;medium&#8221; hide_on_mobile=&#8221;&#8221;][vc_custom_heading text=&#8221;Encore plus facile, r\u00e9servez depuis la nouvelle application !&#8221; font_container=&#8221;tag:p|font_size:33|text_align:center|color:%23FFFFFF&#8221; use_theme_fonts=&#8221;yes&#8221; css=&#8221;&#8221;][vc_row_inner][vc_column_inner width=&#8221;1\/2&#8243;][vc_single_image image=&#8221;6868&#8243; img_size=&#8221;medium&#8221; alignment=&#8221;center&#8221; onclick=&#8221;custom_link&#8221; css=&#8221;&#8221; link=&#8221;https:\/\/apps.apple.com\/fr\/app\/urban-driver\/id1609971329?platform=iphone&#8221;][\/vc_column_inner][vc_column_inner width=&#8221;1\/2&#8243;][vc_single_image image=&#8221;6866&#8243; img_size=&#8221;medium&#8221; alignment=&#8221;center&#8221; onclick=&#8221;custom_link&#8221; css=&#8221;&#8221; link=&#8221;https:\/\/play.google.com\/store\/apps\/details?id=com.urbandriver.app_client&#8221;][\/vc_column_inner][\/vc_row_inner][vc_empty_space alter_height=&#8221;medium&#8221; hide_on_mobile=&#8221;&#8221;][\/vc_column][\/vc_row][vc_row full_width=&#8221;stretch_row&#8221; css=&#8221;.vc_custom_1769163154994{margin-top: 33px !important;background-color: #e0e0e0 !important;}&#8221;][vc_column][vc_custom_heading text=&#8221;Secteurs de prise en charge dans le Val-de-Marne (94)&#8221; font_container=&#8221;tag:h3|text_align:left&#8221; use_theme_fonts=&#8221;yes&#8221; css=&#8221;.vc_custom_1769163806557{margin-top: 22px !important;}&#8221;][vc_column_text css=&#8221;&#8221;]Le 94 est un carrefour strat\u00e9gique marqu\u00e9 par des axes souvent satur\u00e9s comme l&#8217;A4 et l&#8217;A86. Nos interventions sont organis\u00e9es pour vous permettre de <b>vous affranchir<\/b> des blocages structurels du sud-est parisien.[\/vc_column_text][vc_tta_accordion title_tag=&#8221;h3&#8243; active_section=&#8221;5&#8243;][vc_tta_section title=&#8221;P\u00f4le A\u00e9roportuaire et Affaires Sud (Orly \/ Rungis)&#8221; tab_id=&#8221;1769162685296-ab14dcca-4230&#8243;][vc_column_text css=&#8221;.vc_custom_1769185113410{margin-top: 22px !important;margin-right: 22px !important;margin-bottom: 22px !important;margin-left: 22px !important;}&#8221;]Nous assurons vos d\u00e9parts imm\u00e9diats depuis la zone de <b>Rungis<\/b>, <b>Orly<\/b>, <b>Thiais<\/b> et <b>Chevilly-Larue<\/b>. Ce secteur cl\u00e9 n\u00e9cessite une r\u00e9activit\u00e9 totale pour rejoindre Paris ou les centres d&#8217;affaires de <b>Fresnes<\/b>, <b>L\u2019Ha\u00ff-les-Roses<\/b> et <b>Villejuif<\/b> sans subir l&#8217;impr\u00e9visibilit\u00e9 du p\u00e9riph\u00e9rique sud.[\/vc_column_text][\/vc_tta_section][vc_tta_section title=&#8221;Axe Val-de-Seine et Portes de Paris&#8221; tab_id=&#8221;1769162685296-2fd9d14a-2bf6&#8243;][vc_column_text css=&#8221;.vc_custom_1769185181008{margin-top: 22px !important;margin-right: 22px !important;margin-bottom: 22px !important;margin-left: 22px !important;}&#8221;]Pour vos rendez-vous en centre-ville, nos chauffeurs interviennent \u00e0 <b>Ivry-sur-Seine<\/b>, <b>Vitry-sur-Seine<\/b>, <b>Choisy-le-Roi<\/b> et <b>Alfortville<\/b>. Ce maillage inclut \u00e9galement <b>Charenton-le-Pont<\/b>, <b>Saint-Maurice<\/b>, <b>Maisons-Alfort<\/b> et <b>Cr\u00e9teil<\/b>, offrant une alternative efficace aux bouchons des quais de Seine.[\/vc_column_text][\/vc_tta_section][vc_tta_section title=&#8221;Secteur Est et Bords de Marne&#8221; tab_id=&#8221;1769162776758-961b4c77-c4ed&#8221;][vc_column_text css=&#8221;.vc_custom_1769185289476{margin-top: 22px !important;margin-right: 22px !important;margin-bottom: 22px !important;margin-left: 22px !important;}&#8221;]Afin d&#8217;\u00e9viter les ralentissements de l&#8217;autoroute A4, nous vous r\u00e9cup\u00e9rons \u00e0 <b>Vincennes<\/b>, <b>Saint-Mand\u00e9<\/b>, <b>Fontenay-sous-Bois<\/b> et <b>Nogent-sur-Marne<\/b>. Nos services couvrent \u00e9galement <b>Le Perreux-sur-Marne<\/b>, <b>Joinville-le-Pont<\/b>, <b>Saint-Maur-des-Foss\u00e9s<\/b>, <b>Champigny-sur-Marne<\/b>, <b>Bry-sur-Marne<\/b> et <b>Villiers-sur-Marne<\/b>.[\/vc_column_text][\/vc_tta_section][\/vc_tta_accordion][vc_message message_box_style=&#8221;outline&#8221; css=&#8221;&#8221; closeable=&#8221;&#8221;]Pour vous garantir une mobilit\u00e9 totale dans le Sud-Est parisien, nos services de prise en charge s&#8217;\u00e9tendent aux d\u00e9partements voisins. Nous assurons vos liaisons rapides en <b><a href=\"https:\/\/www.urban-driver.com\/en\/hauts_de_seine.php\">Taxi Moto dans les Hauts-de-Seine (92)<\/a><\/b>, en <b><a href=\"https:\/\/www.urban-driver.com\/en\/seine_saint_denis.php\">Seine-Saint-Denis (93)<\/a><\/b>, ainsi que vos trajets au d\u00e9part de l&#8217;<b><a href=\"https:\/\/www.urban-driver.com\/en\/essonne.php\">Essonne (91)<\/a><\/b> ou de la <b><a href=\"https:\/\/www.urban-driver.com\/en\/seine_et_marne.php\">Seine-et-Marne (77)<\/a><\/b>.&#8221;[\/vc_message][\/vc_column][\/vc_row][vc_row full_width=&#8221;stretch_row&#8221; css=&#8221;.vc_custom_1737047646821{margin-top: 33px !important;margin-bottom: 33px !important;background-image: url(https:\/\/www.urban-driver.com\/wp-content\/uploads\/2017\/01\/illustration2.jpg?id=1062) !important;}&#8221;][vc_column][vc_custom_heading text=&#8221;Oubliez les travaux et les embouteillages du Sud-Est : votre chauffeur taxi moto vous attend partout dans le 94&#8243; font_container=&#8221;tag:p|font_size:32|text_align:center|color:%23FFFFFF&#8221; use_theme_fonts=&#8221;yes&#8221; css=&#8221;.vc_custom_1769163752773{margin-top: 12px !important;}&#8221;]<div class=\"sc_item_button sc_button_wrap\"><a href=\"https:\/\/booking.urban-driver.com\/Inscription\" id=\"sc_button_952472557\" class=\"sc_button sc_button_default  vc_custom_1768864667365 sc_button_size_normal sc_button_icon_left\"><span class=\"sc_button_text\"><span class=\"sc_button_title\">R\u00e9server dans le Val-de-Marne<\/span><\/span><!-- \/.sc_button_text --><\/a><!-- \/.sc_button --><\/div><!-- \/.sc_item_button -->[\/vc_column][\/vc_row]<\/p>\n<\/div>","protected":false},"excerpt":{"rendered":"<p>[vc_row][vc_column][vc_column_text css=&#8221;&#8221;]Le d\u00e9partement du Val de Marne situ\u00e9 au Sud de Paris est le lieu de r\u00e9sidence de nombreux parisiens se rendant tous les jours dans la capitale dans le cadre de leur activit\u00e9 professionnelle: Bry sur Marne, Alfortville, Charenton le Pont, Ivry sur Seine,&hellip;<\/p>\n","protected":false},"author":1,"featured_media":0,"parent":1254,"menu_order":2,"comment_status":"closed","ping_status":"closed","template":"","meta":{"footnotes":""},"class_list":["post-1417","page","type-page","status-publish","hentry"],"yoast_head":"<!-- This site is optimized with the Yoast SEO plugin v27.3 - https:\/\/yoast.com\/product\/yoast-seo-wordpress\/ -->\n<title>Motos taxi Val de Marne - D\u00e9partement 94<\/title>\n<meta name=\"description\" content=\"Urban Driver assure son service de navette moto au d\u00e9part de toutes les villes du 94, dont notamment: Saint Mande, Vincennes, Rungis, Creteil, Charenton, Ivry sur Seine, Gentilly, Le Kremlin Bicetre.\" \/>\n<meta name=\"robots\" content=\"index, follow, max-snippet:-1, max-image-preview:large, max-video-preview:-1\" \/>\n<link rel=\"canonical\" href=\"https:\/\/www.urban-driver.com\/en\/val_de_marne.php\" \/>\n<meta property=\"og:locale\" content=\"en_US\" \/>\n<meta property=\"og:type\" content=\"article\" \/>\n<meta property=\"og:title\" content=\"Motos taxi Val de Marne - D\u00e9partement 94\" \/>\n<meta property=\"og:description\" content=\"Urban Driver assure son service de navette moto au d\u00e9part de toutes les villes du 94, dont notamment: Saint Mande, Vincennes, Rungis, Creteil, Charenton, Ivry sur Seine, Gentilly, Le Kremlin Bicetre.\" \/>\n<meta property=\"og:url\" content=\"https:\/\/www.urban-driver.com\/en\/val_de_marne.php\" \/>\n<meta property=\"og:site_name\" content=\"Taxi moto | Urban Driver\" \/>\n<meta property=\"article:modified_time\" content=\"2026-01-23T16:25:30+00:00\" \/>\n<meta name=\"twitter:card\" content=\"summary_large_image\" \/>\n<meta name=\"twitter:label1\" content=\"Est. reading time\" \/>\n\t<meta name=\"twitter:data1\" content=\"3 minutes\" \/>\n<script type=\"application\/ld+json\" class=\"yoast-schema-graph\">{\"@context\":\"https:\\\/\\\/schema.org\",\"@graph\":[{\"@type\":\"WebPage\",\"@id\":\"https:\\\/\\\/www.urban-driver.com\\\/en\\\/val_de_marne.php\",\"url\":\"https:\\\/\\\/www.urban-driver.com\\\/en\\\/val_de_marne.php\",\"name\":\"Motos taxi Val de Marne - D\u00e9partement 94\",\"isPartOf\":{\"@id\":\"https:\\\/\\\/www.urban-driver.com\\\/en\\\/#website\"},\"datePublished\":\"2017-05-03T08:25:29+00:00\",\"dateModified\":\"2026-01-23T16:25:30+00:00\",\"description\":\"Urban Driver assure son service de navette moto au d\u00e9part de toutes les villes du 94, dont notamment: Saint Mande, Vincennes, Rungis, Creteil, Charenton, Ivry sur Seine, Gentilly, Le Kremlin Bicetre.\",\"breadcrumb\":{\"@id\":\"https:\\\/\\\/www.urban-driver.com\\\/en\\\/val_de_marne.php#breadcrumb\"},\"inLanguage\":\"en-US\",\"potentialAction\":[{\"@type\":\"ReadAction\",\"target\":[\"https:\\\/\\\/www.urban-driver.com\\\/en\\\/val_de_marne.php\"]}]},{\"@type\":\"BreadcrumbList\",\"@id\":\"https:\\\/\\\/www.urban-driver.com\\\/en\\\/val_de_marne.php#breadcrumb\",\"itemListElement\":[{\"@type\":\"ListItem\",\"position\":1,\"name\":\"Urban Driver\",\"item\":\"https:\\\/\\\/www.urban-driver.com\\\/en\\\/\"},{\"@type\":\"ListItem\",\"position\":2,\"name\":\"Taxi Moto\",\"item\":\"https:\\\/\\\/www.urban-driver.com\\\/en\\\/moto-taxi.php\"},{\"@type\":\"ListItem\",\"position\":3,\"name\":\"Ile-de-France\",\"item\":\"https:\\\/\\\/www.urban-driver.com\\\/en\\\/ile_de_france\\\/\"},{\"@type\":\"ListItem\",\"position\":4,\"name\":\"Au d\u00e9part du d\u00e9partement du Val de Marne &#8211; 94\"}]},{\"@type\":\"WebSite\",\"@id\":\"https:\\\/\\\/www.urban-driver.com\\\/en\\\/#website\",\"url\":\"https:\\\/\\\/www.urban-driver.com\\\/en\\\/\",\"name\":\"Taxi moto | Urban Driver\",\"description\":\"\",\"publisher\":{\"@id\":\"https:\\\/\\\/www.urban-driver.com\\\/en\\\/#organization\"},\"potentialAction\":[{\"@type\":\"SearchAction\",\"target\":{\"@type\":\"EntryPoint\",\"urlTemplate\":\"https:\\\/\\\/www.urban-driver.com\\\/en\\\/?s={search_term_string}\"},\"query-input\":{\"@type\":\"PropertyValueSpecification\",\"valueRequired\":true,\"valueName\":\"search_term_string\"}}],\"inLanguage\":\"en-US\"},{\"@type\":\"Organization\",\"@id\":\"https:\\\/\\\/www.urban-driver.com\\\/en\\\/#organization\",\"name\":\"URBAN DRIVER\",\"alternateName\":\"Urban\",\"url\":\"https:\\\/\\\/www.urban-driver.com\\\/en\\\/\",\"logo\":{\"@type\":\"ImageObject\",\"inLanguage\":\"en-US\",\"@id\":\"https:\\\/\\\/www.urban-driver.com\\\/en\\\/#\\\/schema\\\/logo\\\/image\\\/\",\"url\":\"https:\\\/\\\/www.urban-driver.com\\\/wp-content\\\/uploads\\\/2016\\\/12\\\/urban_driver.png\",\"contentUrl\":\"https:\\\/\\\/www.urban-driver.com\\\/wp-content\\\/uploads\\\/2016\\\/12\\\/urban_driver.png\",\"width\":300,\"height\":39,\"caption\":\"URBAN DRIVER\"},\"image\":{\"@id\":\"https:\\\/\\\/www.urban-driver.com\\\/en\\\/#\\\/schema\\\/logo\\\/image\\\/\"}}]}<\/script>\n<!-- \/ Yoast SEO plugin. -->","yoast_head_json":{"title":"Motos taxi Val de Marne - D\u00e9partement 94","description":"Urban Driver assure son service de navette moto au d\u00e9part de toutes les villes du 94, dont notamment: Saint Mande, Vincennes, Rungis, Creteil, Charenton, Ivry sur Seine, Gentilly, Le Kremlin Bicetre.","robots":{"index":"index","follow":"follow","max-snippet":"max-snippet:-1","max-image-preview":"max-image-preview:large","max-video-preview":"max-video-preview:-1"},"canonical":"https:\/\/www.urban-driver.com\/en\/val_de_marne.php","og_locale":"en_US","og_type":"article","og_title":"Motos taxi Val de Marne - D\u00e9partement 94","og_description":"Urban Driver assure son service de navette moto au d\u00e9part de toutes les villes du 94, dont notamment: Saint Mande, Vincennes, Rungis, Creteil, Charenton, Ivry sur Seine, Gentilly, Le Kremlin Bicetre.","og_url":"https:\/\/www.urban-driver.com\/en\/val_de_marne.php","og_site_name":"Taxi moto | Urban Driver","article_modified_time":"2026-01-23T16:25:30+00:00","twitter_card":"summary_large_image","twitter_misc":{"Est. reading time":"3 minutes"},"schema":{"@context":"https:\/\/schema.org","@graph":[{"@type":"WebPage","@id":"https:\/\/www.urban-driver.com\/en\/val_de_marne.php","url":"https:\/\/www.urban-driver.com\/en\/val_de_marne.php","name":"Motos taxi Val de Marne - D\u00e9partement 94","isPartOf":{"@id":"https:\/\/www.urban-driver.com\/en\/#website"},"datePublished":"2017-05-03T08:25:29+00:00","dateModified":"2026-01-23T16:25:30+00:00","description":"Urban Driver assure son service de navette moto au d\u00e9part de toutes les villes du 94, dont notamment: Saint Mande, Vincennes, Rungis, Creteil, Charenton, Ivry sur Seine, Gentilly, Le Kremlin Bicetre.","breadcrumb":{"@id":"https:\/\/www.urban-driver.com\/en\/val_de_marne.php#breadcrumb"},"inLanguage":"en-US","potentialAction":[{"@type":"ReadAction","target":["https:\/\/www.urban-driver.com\/en\/val_de_marne.php"]}]},{"@type":"BreadcrumbList","@id":"https:\/\/www.urban-driver.com\/en\/val_de_marne.php#breadcrumb","itemListElement":[{"@type":"ListItem","position":1,"name":"Urban Driver","item":"https:\/\/www.urban-driver.com\/en\/"},{"@type":"ListItem","position":2,"name":"Taxi Moto","item":"https:\/\/www.urban-driver.com\/en\/moto-taxi.php"},{"@type":"ListItem","position":3,"name":"Ile-de-France","item":"https:\/\/www.urban-driver.com\/en\/ile_de_france\/"},{"@type":"ListItem","position":4,"name":"Au d\u00e9part du d\u00e9partement du Val de Marne &#8211; 94"}]},{"@type":"WebSite","@id":"https:\/\/www.urban-driver.com\/en\/#website","url":"https:\/\/www.urban-driver.com\/en\/","name":"Taxi moto | Urban Driver","description":"","publisher":{"@id":"https:\/\/www.urban-driver.com\/en\/#organization"},"potentialAction":[{"@type":"SearchAction","target":{"@type":"EntryPoint","urlTemplate":"https:\/\/www.urban-driver.com\/en\/?s={search_term_string}"},"query-input":{"@type":"PropertyValueSpecification","valueRequired":true,"valueName":"search_term_string"}}],"inLanguage":"en-US"},{"@type":"Organization","@id":"https:\/\/www.urban-driver.com\/en\/#organization","name":"URBAN DRIVER","alternateName":"Urban","url":"https:\/\/www.urban-driver.com\/en\/","logo":{"@type":"ImageObject","inLanguage":"en-US","@id":"https:\/\/www.urban-driver.com\/en\/#\/schema\/logo\/image\/","url":"https:\/\/www.urban-driver.com\/wp-content\/uploads\/2016\/12\/urban_driver.png","contentUrl":"https:\/\/www.urban-driver.com\/wp-content\/uploads\/2016\/12\/urban_driver.png","width":300,"height":39,"caption":"URBAN DRIVER"},"image":{"@id":"https:\/\/www.urban-driver.com\/en\/#\/schema\/logo\/image\/"}}]}},"_links":{"self":[{"href":"https:\/\/www.urban-driver.com\/en\/wp-json\/wp\/v2\/pages\/1417","targetHints":{"allow":["GET"]}}],"collection":[{"href":"https:\/\/www.urban-driver.com\/en\/wp-json\/wp\/v2\/pages"}],"about":[{"href":"https:\/\/www.urban-driver.com\/en\/wp-json\/wp\/v2\/types\/page"}],"author":[{"embeddable":true,"href":"https:\/\/www.urban-driver.com\/en\/wp-json\/wp\/v2\/users\/1"}],"replies":[{"embeddable":true,"href":"https:\/\/www.urban-driver.com\/en\/wp-json\/wp\/v2\/comments?post=1417"}],"version-history":[{"count":0,"href":"https:\/\/www.urban-driver.com\/en\/wp-json\/wp\/v2\/pages\/1417\/revisions"}],"up":[{"embeddable":true,"href":"https:\/\/www.urban-driver.com\/en\/wp-json\/wp\/v2\/pages\/1254"}],"wp:attachment":[{"href":"https:\/\/www.urban-driver.com\/en\/wp-json\/wp\/v2\/media?parent=1417"}],"curies":[{"name":"wp","href":"https:\/\/api.w.org\/{rel}","templated":true}]}}