{"id":1412,"date":"2017-05-03T10:20:01","date_gmt":"2017-05-03T08:20:01","guid":{"rendered":"http:\/\/48h.fr\/?page_id=1412"},"modified":"2026-01-23T17:08:41","modified_gmt":"2026-01-23T16:08:41","slug":"hauts-de-seine","status":"publish","type":"page","link":"https:\/\/www.urban-driver.com\/en\/hauts_de_seine.php","title":{"rendered":"Transfert au d\u00e9part des Hauts de Seine &#8211; 92"},"content":{"rendered":"<div class=\"wpb-content-wrapper\"><p>[vc_row][vc_column]<div id=\"sc_title_2119809561\"\n\t\tclass=\"sc_title sc_title_default\"><h6 class=\"sc_item_subtitle sc_title_subtitle sc_align_left sc_item_title_style_default\">Combien co\u00fbte un taxi moto au d\u00e9part des Hauts-de-Seine<\/h6><h2 class=\"sc_item_title sc_title_title sc_align_left sc_item_title_style_default sc_item_title_tag\">Taxi moto dans les Hauts-de-Seine (92)<\/h2><\/div><!-- \/.sc_title -->[vc_column_text css=&#8221;&#8221;]Le d\u00e9partement des Hauts de Seine situ\u00e9 \u00e0 l&#8217;Ouest de Paris est le plus peupl\u00e9 de la couronne parisienne. Les villes comme Boulogne Billancourt, Levallois Perret, Neuilly sur Seine, le quartier de La D\u00e9fense, Asni\u00e8res sur Seine, Clichy, Courbevoie, Montrouge, Vanves et la Garenne Colombes avec une densit\u00e9 sup\u00e9rieure \u00e0 15 000 habitants par km2 ont un r\u00f4le moteur dans l&#8217;\u00e9conomie et accueillent les si\u00e8ges sociaux de nombreuses entreprises.<\/p>\n<p>Vous partez du d\u00e9partement des Hauts de Seine dans le cadre de d\u00e9placements professionnels, Urban Driver assure son service de <a href=\"https:\/\/www.urban-driver.com\/en\/ile_de_france\/\">navette moto IDF<\/a> depuis l&#8217;ensemble des villes et communes des Hauts de Seine \u00e0 destination de Paris, la banlieue, les gares et a\u00e9roports de Paris.[\/vc_column_text][vc_empty_space height=&#8221;3.3em&#8221; alter_height=&#8221;none&#8221; hide_on_mobile=&#8221;&#8221;][vc_message message_box_style=&#8221;outline&#8221; message_box_color=&#8221;alert-info&#8221; css=&#8221;&#8221; closeable=&#8221;&#8221;]Gr\u00e2ce \u00e0 notre forte pr\u00e9sence dans le <b>92<\/b>, une r\u00e9servation seulement <strong>45&nbsp;minutes<\/strong> \u00e0 l&#8217;avance est g\u00e9n\u00e9ralement suffisante pour les <b>Hauts-de-Seine<\/b>.[\/vc_message][vc_empty_space height=&#8221;3.3em&#8221; alter_height=&#8221;none&#8221; hide_on_mobile=&#8221;&#8221;]<div class=\"sc_item_button sc_button_wrap\"><a href=\"https:\/\/booking.urban-driver.com\/Inscription\" id=\"sc_button_189462129\" class=\"sc_button sc_button_default sc_button_size_normal sc_button_icon_left\"><span class=\"sc_button_text\"><span class=\"sc_button_title\">Je r\u00e9serve mon Taxi Moto<\/span><\/span><!-- \/.sc_button_text --><\/a><!-- \/.sc_button --><\/div><!-- \/.sc_item_button -->[vc_empty_space height=&#8221;3.3em&#8221; alter_height=&#8221;none&#8221; hide_on_mobile=&#8221;&#8221;][\/vc_column][\/vc_row][vc_row css=&#8221;.vc_custom_1768862779184{margin-top: 33px !important;margin-bottom: 22px !important;}&#8221;][vc_column][vc_custom_heading text=&#8221;Tarifs fixes taxi moto au d\u00e9part des Hauts-de-Seine&#8221; font_container=&#8221;tag:h3|text_align:left&#8221; use_theme_fonts=&#8221;yes&#8221; css=&#8221;&#8221;][vc_row_inner][vc_column_inner width=&#8221;1\/2&#8243;]<div  id=\"sc_price_4329207\" \n\tclass=\"sc_price sc_price_default\"><div class=\"sc_price_info\"><div class=\"sc_price_subtitle\">Temps de trajet moyen 22 minutes<\/div><div class=\"sc_price_title\"><a href=\"https:\/\/booking.urban-driver.com\/Inscription\">Boulogne - Orly<\/a><\/div><div class=\"sc_price_description\">(*en semaine entre 7h00 et 20h00)<\/div><div class=\"sc_price_price\"><span class=\"sc_price_value\">A partir de 74\u20ac*<\/span><\/div>\t<\/div><a href=\"https:\/\/booking.urban-driver.com\/Inscription\" class=\"sc_price_link sc_button_default\" target=\"_blank\"><span>R\u00e9server<\/span><\/a>\n<\/div>[\/vc_column_inner][vc_column_inner width=&#8221;1\/2&#8243;]<div  id=\"sc_price_1006519693\" \n\tclass=\"sc_price sc_price_default\"><div class=\"sc_price_info\"><div class=\"sc_price_subtitle\">Temps de trajet moyen 34 minutes<\/div><div class=\"sc_price_title\"><a href=\"https:\/\/booking.urban-driver.com\/Inscription\">Levallois - Roissy CDG<\/a><\/div><div class=\"sc_price_description\">(*en semaine entre 7h00 et 20h00)<\/div><div class=\"sc_price_price\"><span class=\"sc_price_value\">A partir de 95\u20ac*<\/span><\/div>\t<\/div><a href=\"https:\/\/booking.urban-driver.com\/Inscription\" class=\"sc_price_link sc_button_default\" target=\"_blank\"><span>R\u00e9server<\/span><\/a>\n<\/div>[\/vc_column_inner][\/vc_row_inner][\/vc_column][\/vc_row][vc_row full_width=&#8221;stretch_row&#8221; css=&#8221;.vc_custom_1751375839218{background-color: #1B1E27 !important;}&#8221; row_title=&#8221;Reservation depuis les apps&#8221;][vc_column][vc_empty_space alter_height=&#8221;medium&#8221; hide_on_mobile=&#8221;&#8221;][vc_custom_heading text=&#8221;Encore plus facile, r\u00e9servez depuis la nouvelle application !&#8221; font_container=&#8221;tag:p|font_size:33|text_align:center|color:%23FFFFFF&#8221; use_theme_fonts=&#8221;yes&#8221; css=&#8221;&#8221;][vc_row_inner][vc_column_inner width=&#8221;1\/2&#8243;][vc_single_image image=&#8221;6868&#8243; img_size=&#8221;medium&#8221; alignment=&#8221;center&#8221; onclick=&#8221;custom_link&#8221; css=&#8221;&#8221; link=&#8221;https:\/\/apps.apple.com\/fr\/app\/urban-driver\/id1609971329?platform=iphone&#8221;][\/vc_column_inner][vc_column_inner width=&#8221;1\/2&#8243;][vc_single_image image=&#8221;6866&#8243; img_size=&#8221;medium&#8221; alignment=&#8221;center&#8221; onclick=&#8221;custom_link&#8221; css=&#8221;&#8221; link=&#8221;https:\/\/play.google.com\/store\/apps\/details?id=com.urbandriver.app_client&#8221;][\/vc_column_inner][\/vc_row_inner][vc_empty_space alter_height=&#8221;medium&#8221; hide_on_mobile=&#8221;&#8221;][\/vc_column][\/vc_row][vc_row full_width=&#8221;stretch_row&#8221; css=&#8221;.vc_custom_1769163586173{margin-top: 33px !important;background-color: #e0e0e0 !important;}&#8221;][vc_column][vc_custom_heading text=&#8221;Secteurs de prise en charge dans les Hauts-de-Seine (92)&#8221; font_container=&#8221;tag:h3|text_align:left&#8221; use_theme_fonts=&#8221;yes&#8221; css=&#8221;.vc_custom_1769163208465{margin-top: 22px !important;}&#8221;][vc_column_text css=&#8221;.vc_custom_1769166683181{margin-top: 12px !important;}&#8221;]Le d\u00e9partement des Hauts-de-Seine est marqu\u00e9 par des disparit\u00e9s de circulation majeures entre le nord et le sud. Urban Driver a sectoris\u00e9 ses interventions pour vous garantir une r\u00e9activit\u00e9 optimale au d\u00e9part de chaque commune.[\/vc_column_text][vc_tta_accordion title_tag=&#8221;h3&#8243; active_section=&#8221;5&#8243; css=&#8221;.vc_custom_1769166676630{margin-top: 12px !important;}&#8221;][vc_tta_section title=&#8221;P\u00f4le Affaires Nord (La D\u00e9fense &#038; Boucles de Seine)&#8221; tab_id=&#8221;1769162685296-ab14dcca-4230&#8243;][vc_column_text css=&#8221;.vc_custom_1769184197673{margin-top: 22px !important;margin-right: 22px !important;margin-bottom: 22px !important;margin-left: 22px !important;}&#8221;]C&#8217;est le secteur le plus dense. Nos chauffeurs interviennent quotidiennement pour <b>vous lib\u00e9rer<\/b> des blocages du boulevard circulaire et des quais. Nous assurons vos d\u00e9parts depuis les centres d&#8217;affaires de <b>La D\u00e9fense (Puteaux\/Courbevoie)<\/b>, <b>Nanterre<\/b>, <b>Rueil-Malmaison<\/b> et <b>Suresnes<\/b>. Nous desservons \u00e9galement les zones tertiaires de <b>Levallois-Perret<\/b>, <b>Neuilly-sur-Seine<\/b>, <b>Clichy<\/b>, <b>Asni\u00e8res-sur-Seine<\/b>, <b>Colombes<\/b> et <b>Gennevilliers<\/b>.[\/vc_column_text][\/vc_tta_section][vc_tta_section title=&#8221;Secteur R\u00e9sidentiel et Tertiaire Centre&#8221; tab_id=&#8221;1769162685296-2fd9d14a-2bf6&#8243;][vc_column_text css=&#8221;.vc_custom_1769184289375{margin-top: 22px !important;margin-right: 22px !important;margin-bottom: 22px !important;margin-left: 22px !important;}&#8221;]Pour vos trajets vers les gares parisiennes, nos pilotes vous r\u00e9cup\u00e8rent rapidement \u00e0 <b>Boulogne-Billancourt<\/b>, <b>Issy-les-Moulineaux<\/b>, <b>Saint-Cloud<\/b> ou <b>Meudon<\/b>. Ce maillage inclut \u00e9galement les communes de <b>S\u00e8vres<\/b>, <b>Garches<\/b>, <b>Vaucresson<\/b>, <b>Ville d\u2019Avray<\/b> et <b>Sceaux<\/b>, permettant d&#8217;\u00e9viter les saturations de l&#8217;A13 et de la N118.[\/vc_column_text][\/vc_tta_section][vc_tta_section title=&#8221;Sud Hauts-de-Seine (Axe A86 \/ A6)&#8221; tab_id=&#8221;1769162776758-961b4c77-c4ed&#8221;][vc_column_text css=&#8221;.vc_custom_1769184397321{margin-top: 22px !important;margin-right: 22px !important;margin-bottom: 22px !important;margin-left: 22px !important;}&#8221;]Au sud du d\u00e9partement, la priorit\u00e9 est de contourner les points noirs du carrefour de la Vache Noire et du Petit Clamart. Nous assurons vos prises en charge \u00e0 <b>Montrouge<\/b>, <b>Malakoff<\/b>, <b>Vanves<\/b>, <b>Bagneux<\/b>, <b>Ch\u00e2tillon<\/b> et <b>Clamart<\/b>. Nos services s&#8217;\u00e9tendent jusqu&#8217;\u00e0 <b>Antony<\/b>, <b>Bourg-la-Reine<\/b>, <b>Le Plessis-Robinson<\/b>, <b>Fontenay-aux-Roses<\/b> et <b>Ch\u00e2tenay-Malabry<\/b> pour des transferts fluides vers Orly.[\/vc_column_text][\/vc_tta_section][\/vc_tta_accordion][vc_message message_box_style=&#8221;outline&#8221; css=&#8221;.vc_custom_1769184495617{margin-top: 22px !important;}&#8221; closeable=&#8221;&#8221;]Nos chauffeurs assurent vos transferts au d\u00e9part du 92, mais interviennent \u00e9galement pour vos besoins de mobilit\u00e9 dans les d\u00e9partements voisins comme les <b><a href=\"https:\/\/www.urban-driver.com\/en\/yvelines.php\">Yvelines (78)<\/a><\/b>, le <b><a href=\"https:\/\/www.urban-driver.com\/en\/val_doise.php\">Val-d&#8217;Oise (95)<\/a><\/b> ou pour rejoindre <b><a href=\"https:\/\/www.urban-driver.com\/en\/taxi-moto-paris\/\">Paris Intra-Muros<\/a><\/b>.[\/vc_message][\/vc_column][\/vc_row][vc_row full_width=&#8221;stretch_row&#8221; css=&#8221;.vc_custom_1737047646821{margin-top: 33px !important;margin-bottom: 33px !important;background-image: url(https:\/\/www.urban-driver.com\/wp-content\/uploads\/2017\/01\/illustration2.jpg?id=1062) !important;}&#8221;][vc_column][vc_custom_heading text=&#8221;La solution de transport la plus rapide pour vos d\u00e9placements business entre les Hauts-de-Seine et les a\u00e9roports.&#8221; font_container=&#8221;tag:p|font_size:33|text_align:center|color:%23FFFFFF&#8221; use_theme_fonts=&#8221;yes&#8221; css=&#8221;.vc_custom_1769162596287{margin-top: 12px !important;}&#8221;]<div class=\"sc_item_button sc_button_wrap\"><a href=\"https:\/\/booking.urban-driver.com\/Inscription\" id=\"sc_button_869268801\" class=\"sc_button sc_button_default  vc_custom_1768862315008 sc_button_size_normal sc_button_icon_left\"><span class=\"sc_button_icon\"><span class=\"fa fa-solid fa-motorcycle\"><\/span><\/span><span class=\"sc_button_text\"><span class=\"sc_button_title\">Commander un taxi moto 92<\/span><\/span><!-- \/.sc_button_text --><\/a><!-- \/.sc_button --><\/div><!-- \/.sc_item_button -->[\/vc_column][\/vc_row]<\/p>\n<\/div>","protected":false},"excerpt":{"rendered":"<p>[vc_row][vc_column][vc_column_text css=&#8221;&#8221;]Le d\u00e9partement des Hauts de Seine situ\u00e9 \u00e0 l&#8217;Ouest de Paris est le plus peupl\u00e9 de la couronne parisienne. Les villes comme Boulogne Billancourt, Levallois Perret, Neuilly sur Seine, le quartier de La D\u00e9fense, Asni\u00e8res sur Seine, Clichy, Courbevoie, Montrouge, Vanves et la Garenne&hellip;<\/p>\n","protected":false},"author":1,"featured_media":0,"parent":1254,"menu_order":2,"comment_status":"closed","ping_status":"closed","template":"","meta":{"footnotes":""},"class_list":["post-1412","page","type-page","status-publish","hentry"],"yoast_head":"<!-- This site is optimized with the Yoast SEO plugin v27.3 - https:\/\/yoast.com\/product\/yoast-seo-wordpress\/ -->\n<title>Taxis motos Hauts de Seine - D\u00e9partement 92<\/title>\n<meta name=\"description\" content=\"Vous souhaitez r\u00e9server une moto avec chauffeur dans le d\u00e9partement des Hauts de Seine (92), voici les principales villes du 92 desservies par les chauffeurs Urban Driver: Boulogne Billancourt, Levallois Perret, Courbevoie, La Defense, Suresnes, Neuilly, Issy Les Moulineaux, Clichy ...\" \/>\n<meta name=\"robots\" content=\"index, follow, max-snippet:-1, max-image-preview:large, max-video-preview:-1\" \/>\n<link rel=\"canonical\" href=\"https:\/\/www.urban-driver.com\/en\/hauts_de_seine.php\" \/>\n<meta property=\"og:locale\" content=\"en_US\" \/>\n<meta property=\"og:type\" content=\"article\" \/>\n<meta property=\"og:title\" content=\"Taxis motos Hauts de Seine - D\u00e9partement 92\" \/>\n<meta property=\"og:description\" content=\"Vous souhaitez r\u00e9server une moto avec chauffeur dans le d\u00e9partement des Hauts de Seine (92), voici les principales villes du 92 desservies par les chauffeurs Urban Driver: Boulogne Billancourt, Levallois Perret, Courbevoie, La Defense, Suresnes, Neuilly, Issy Les Moulineaux, Clichy ...\" \/>\n<meta property=\"og:url\" content=\"https:\/\/www.urban-driver.com\/en\/hauts_de_seine.php\" \/>\n<meta property=\"og:site_name\" content=\"Taxi moto | Urban Driver\" \/>\n<meta property=\"article:modified_time\" content=\"2026-01-23T16:08:41+00:00\" \/>\n<meta name=\"twitter:card\" content=\"summary_large_image\" \/>\n<meta name=\"twitter:label1\" content=\"Est. reading time\" \/>\n\t<meta name=\"twitter:data1\" content=\"3 minutes\" \/>\n<script type=\"application\/ld+json\" class=\"yoast-schema-graph\">{\"@context\":\"https:\\\/\\\/schema.org\",\"@graph\":[{\"@type\":\"WebPage\",\"@id\":\"https:\\\/\\\/www.urban-driver.com\\\/en\\\/hauts_de_seine.php\",\"url\":\"https:\\\/\\\/www.urban-driver.com\\\/en\\\/hauts_de_seine.php\",\"name\":\"Taxis motos Hauts de Seine - D\u00e9partement 92\",\"isPartOf\":{\"@id\":\"https:\\\/\\\/www.urban-driver.com\\\/en\\\/#website\"},\"datePublished\":\"2017-05-03T08:20:01+00:00\",\"dateModified\":\"2026-01-23T16:08:41+00:00\",\"description\":\"Vous souhaitez r\u00e9server une moto avec chauffeur dans le d\u00e9partement des Hauts de Seine (92), voici les principales villes du 92 desservies par les chauffeurs Urban Driver: Boulogne Billancourt, Levallois Perret, Courbevoie, La Defense, Suresnes, Neuilly, Issy Les Moulineaux, Clichy ...\",\"breadcrumb\":{\"@id\":\"https:\\\/\\\/www.urban-driver.com\\\/en\\\/hauts_de_seine.php#breadcrumb\"},\"inLanguage\":\"en-US\",\"potentialAction\":[{\"@type\":\"ReadAction\",\"target\":[\"https:\\\/\\\/www.urban-driver.com\\\/en\\\/hauts_de_seine.php\"]}]},{\"@type\":\"BreadcrumbList\",\"@id\":\"https:\\\/\\\/www.urban-driver.com\\\/en\\\/hauts_de_seine.php#breadcrumb\",\"itemListElement\":[{\"@type\":\"ListItem\",\"position\":1,\"name\":\"Urban Driver\",\"item\":\"https:\\\/\\\/www.urban-driver.com\\\/en\\\/\"},{\"@type\":\"ListItem\",\"position\":2,\"name\":\"Taxi Moto\",\"item\":\"https:\\\/\\\/www.urban-driver.com\\\/en\\\/moto-taxi.php\"},{\"@type\":\"ListItem\",\"position\":3,\"name\":\"Ile-de-France\",\"item\":\"https:\\\/\\\/www.urban-driver.com\\\/en\\\/ile_de_france\\\/\"},{\"@type\":\"ListItem\",\"position\":4,\"name\":\"Transfert au d\u00e9part des Hauts de Seine &#8211; 92\"}]},{\"@type\":\"WebSite\",\"@id\":\"https:\\\/\\\/www.urban-driver.com\\\/en\\\/#website\",\"url\":\"https:\\\/\\\/www.urban-driver.com\\\/en\\\/\",\"name\":\"Taxi moto | Urban Driver\",\"description\":\"\",\"publisher\":{\"@id\":\"https:\\\/\\\/www.urban-driver.com\\\/en\\\/#organization\"},\"potentialAction\":[{\"@type\":\"SearchAction\",\"target\":{\"@type\":\"EntryPoint\",\"urlTemplate\":\"https:\\\/\\\/www.urban-driver.com\\\/en\\\/?s={search_term_string}\"},\"query-input\":{\"@type\":\"PropertyValueSpecification\",\"valueRequired\":true,\"valueName\":\"search_term_string\"}}],\"inLanguage\":\"en-US\"},{\"@type\":\"Organization\",\"@id\":\"https:\\\/\\\/www.urban-driver.com\\\/en\\\/#organization\",\"name\":\"URBAN DRIVER\",\"alternateName\":\"Urban\",\"url\":\"https:\\\/\\\/www.urban-driver.com\\\/en\\\/\",\"logo\":{\"@type\":\"ImageObject\",\"inLanguage\":\"en-US\",\"@id\":\"https:\\\/\\\/www.urban-driver.com\\\/en\\\/#\\\/schema\\\/logo\\\/image\\\/\",\"url\":\"https:\\\/\\\/www.urban-driver.com\\\/wp-content\\\/uploads\\\/2016\\\/12\\\/urban_driver.png\",\"contentUrl\":\"https:\\\/\\\/www.urban-driver.com\\\/wp-content\\\/uploads\\\/2016\\\/12\\\/urban_driver.png\",\"width\":300,\"height\":39,\"caption\":\"URBAN DRIVER\"},\"image\":{\"@id\":\"https:\\\/\\\/www.urban-driver.com\\\/en\\\/#\\\/schema\\\/logo\\\/image\\\/\"}}]}<\/script>\n<!-- \/ Yoast SEO plugin. -->","yoast_head_json":{"title":"Taxis motos Hauts de Seine - D\u00e9partement 92","description":"Vous souhaitez r\u00e9server une moto avec chauffeur dans le d\u00e9partement des Hauts de Seine (92), voici les principales villes du 92 desservies par les chauffeurs Urban Driver: Boulogne Billancourt, Levallois Perret, Courbevoie, La Defense, Suresnes, Neuilly, Issy Les Moulineaux, Clichy ...","robots":{"index":"index","follow":"follow","max-snippet":"max-snippet:-1","max-image-preview":"max-image-preview:large","max-video-preview":"max-video-preview:-1"},"canonical":"https:\/\/www.urban-driver.com\/en\/hauts_de_seine.php","og_locale":"en_US","og_type":"article","og_title":"Taxis motos Hauts de Seine - D\u00e9partement 92","og_description":"Vous souhaitez r\u00e9server une moto avec chauffeur dans le d\u00e9partement des Hauts de Seine (92), voici les principales villes du 92 desservies par les chauffeurs Urban Driver: Boulogne Billancourt, Levallois Perret, Courbevoie, La Defense, Suresnes, Neuilly, Issy Les Moulineaux, Clichy ...","og_url":"https:\/\/www.urban-driver.com\/en\/hauts_de_seine.php","og_site_name":"Taxi moto | Urban Driver","article_modified_time":"2026-01-23T16:08:41+00:00","twitter_card":"summary_large_image","twitter_misc":{"Est. reading time":"3 minutes"},"schema":{"@context":"https:\/\/schema.org","@graph":[{"@type":"WebPage","@id":"https:\/\/www.urban-driver.com\/en\/hauts_de_seine.php","url":"https:\/\/www.urban-driver.com\/en\/hauts_de_seine.php","name":"Taxis motos Hauts de Seine - D\u00e9partement 92","isPartOf":{"@id":"https:\/\/www.urban-driver.com\/en\/#website"},"datePublished":"2017-05-03T08:20:01+00:00","dateModified":"2026-01-23T16:08:41+00:00","description":"Vous souhaitez r\u00e9server une moto avec chauffeur dans le d\u00e9partement des Hauts de Seine (92), voici les principales villes du 92 desservies par les chauffeurs Urban Driver: Boulogne Billancourt, Levallois Perret, Courbevoie, La Defense, Suresnes, Neuilly, Issy Les Moulineaux, Clichy ...","breadcrumb":{"@id":"https:\/\/www.urban-driver.com\/en\/hauts_de_seine.php#breadcrumb"},"inLanguage":"en-US","potentialAction":[{"@type":"ReadAction","target":["https:\/\/www.urban-driver.com\/en\/hauts_de_seine.php"]}]},{"@type":"BreadcrumbList","@id":"https:\/\/www.urban-driver.com\/en\/hauts_de_seine.php#breadcrumb","itemListElement":[{"@type":"ListItem","position":1,"name":"Urban Driver","item":"https:\/\/www.urban-driver.com\/en\/"},{"@type":"ListItem","position":2,"name":"Taxi Moto","item":"https:\/\/www.urban-driver.com\/en\/moto-taxi.php"},{"@type":"ListItem","position":3,"name":"Ile-de-France","item":"https:\/\/www.urban-driver.com\/en\/ile_de_france\/"},{"@type":"ListItem","position":4,"name":"Transfert au d\u00e9part des Hauts de Seine &#8211; 92"}]},{"@type":"WebSite","@id":"https:\/\/www.urban-driver.com\/en\/#website","url":"https:\/\/www.urban-driver.com\/en\/","name":"Taxi moto | Urban Driver","description":"","publisher":{"@id":"https:\/\/www.urban-driver.com\/en\/#organization"},"potentialAction":[{"@type":"SearchAction","target":{"@type":"EntryPoint","urlTemplate":"https:\/\/www.urban-driver.com\/en\/?s={search_term_string}"},"query-input":{"@type":"PropertyValueSpecification","valueRequired":true,"valueName":"search_term_string"}}],"inLanguage":"en-US"},{"@type":"Organization","@id":"https:\/\/www.urban-driver.com\/en\/#organization","name":"URBAN DRIVER","alternateName":"Urban","url":"https:\/\/www.urban-driver.com\/en\/","logo":{"@type":"ImageObject","inLanguage":"en-US","@id":"https:\/\/www.urban-driver.com\/en\/#\/schema\/logo\/image\/","url":"https:\/\/www.urban-driver.com\/wp-content\/uploads\/2016\/12\/urban_driver.png","contentUrl":"https:\/\/www.urban-driver.com\/wp-content\/uploads\/2016\/12\/urban_driver.png","width":300,"height":39,"caption":"URBAN DRIVER"},"image":{"@id":"https:\/\/www.urban-driver.com\/en\/#\/schema\/logo\/image\/"}}]}},"_links":{"self":[{"href":"https:\/\/www.urban-driver.com\/en\/wp-json\/wp\/v2\/pages\/1412","targetHints":{"allow":["GET"]}}],"collection":[{"href":"https:\/\/www.urban-driver.com\/en\/wp-json\/wp\/v2\/pages"}],"about":[{"href":"https:\/\/www.urban-driver.com\/en\/wp-json\/wp\/v2\/types\/page"}],"author":[{"embeddable":true,"href":"https:\/\/www.urban-driver.com\/en\/wp-json\/wp\/v2\/users\/1"}],"replies":[{"embeddable":true,"href":"https:\/\/www.urban-driver.com\/en\/wp-json\/wp\/v2\/comments?post=1412"}],"version-history":[{"count":0,"href":"https:\/\/www.urban-driver.com\/en\/wp-json\/wp\/v2\/pages\/1412\/revisions"}],"up":[{"embeddable":true,"href":"https:\/\/www.urban-driver.com\/en\/wp-json\/wp\/v2\/pages\/1254"}],"wp:attachment":[{"href":"https:\/\/www.urban-driver.com\/en\/wp-json\/wp\/v2\/media?parent=1412"}],"curies":[{"name":"wp","href":"https:\/\/api.w.org\/{rel}","templated":true}]}}