{"id":1410,"date":"2017-05-03T10:17:32","date_gmt":"2017-05-03T08:17:32","guid":{"rendered":"http:\/\/48h.fr\/?page_id=1410"},"modified":"2026-01-23T17:42:08","modified_gmt":"2026-01-23T16:42:08","slug":"yvelines","status":"publish","type":"page","link":"https:\/\/www.urban-driver.com\/en\/yvelines.php","title":{"rendered":"Transfert au d\u00e9part des Yvelines &#8211; 78"},"content":{"rendered":"<div class=\"wpb-content-wrapper\"><p>[vc_row css=&#8221;.vc_custom_1768865897059{margin-top: 33px !important;}&#8221;][vc_column width=&#8221;1\/3&#8243;][vc_empty_space alter_height=&#8221;large&#8221; hide_on_mobile=&#8221;&#8221;][vc_empty_space alter_height=&#8221;large&#8221; hide_on_mobile=&#8221;&#8221;][vc_single_image image=&#8221;7568&#8243; img_size=&#8221;FULL&#8221; alignment=&#8221;center&#8221; css=&#8221;.vc_custom_1750942383051{margin-top: 11px !important;}&#8221;][\/vc_column][vc_column width=&#8221;2\/3&#8243;]<div id=\"sc_title_693264023\"\n\t\tclass=\"sc_title sc_title_default\"><h6 class=\"sc_item_subtitle sc_title_subtitle sc_align_left sc_item_title_style_default\">Combien co\u00fbte un taxi moto au d\u00e9part des Yvelines<\/h6><h2 class=\"sc_item_title sc_title_title sc_align_left sc_item_title_style_default sc_item_title_tag\">Taxi moto dans les Yvelines (78)<\/h2><\/div><!-- \/.sc_title -->[vc_column_text css=&#8221;.vc_custom_1769186091892{margin-top: 11px !important;margin-bottom: 11px !important;}&#8221;]<\/p>\n<p>Vous cherchez une solution de transport rapide et fiable au d\u00e9part des Yvelines\u202f? Optez pour notre service de <a href=\"https:\/\/www.urban-driver.com\/en\/ile_de_france\/\">taxi moto IDF<\/a>, l\u2019alternative id\u00e9ale pour \u00e9viter les embouteillages et arriver \u00e0 l\u2019heure \u00e0 vos rendez-vous. Que vous partiez de Versailles, Saint-Germain-en-Laye, Mantes-la-Jolie ou toute autre ville du 78, nous vous garantissons un trajet fluide, s\u00e9curis\u00e9 et ponctuel.<\/p>\n<p>Gr\u00e2ce \u00e0 nos chauffeurs exp\u00e9riment\u00e9s et nos motos haut de gamme, vous profitez d\u2019un confort optimal, m\u00eame aux heures de pointe. Fini le stress des bouchons sur l\u2019A13, l\u2019A86 ou la N118 : avec le <strong>taxi moto au d\u00e9part des Yvelines<\/strong>, vous gagnez un temps pr\u00e9cieux, que ce soit pour rejoindre Paris, un a\u00e9roport (Roissy, Orly, Le Bourget) ou un rendez-vous professionnel.<\/p>\n<p>Faites le bon choix pour vos d\u00e9placements. Ne laissez plus la circulation perturber votre emploi du temps. R\u00e9servez d\u00e8s maintenant votre <strong>taxi moto au d\u00e9part des Yvelines<\/strong> et voyagez avec s\u00e9r\u00e9nit\u00e9. Cliquez pour obtenir votre devis gratuit et planifier votre trajet.[\/vc_column_text]<div class=\"sc_item_button sc_button_wrap\"><a href=\"https:\/\/booking.urban-driver.com\/Commander\" id=\"sc_button_1872755638\" class=\"sc_button sc_button_default  vc_custom_1750939437539 sc_button_size_normal sc_button_icon_left\"><span class=\"sc_button_text\"><span class=\"sc_button_title\">Je r\u00e9serve mon Taxi moto<\/span><\/span><!-- \/.sc_button_text --><\/a><!-- \/.sc_button --><\/div><!-- \/.sc_item_button -->[\/vc_column][\/vc_row][vc_row css=&#8221;.vc_custom_1768845349647{margin-top: 33px !important;}&#8221;][vc_column][vc_custom_heading text=&#8221;Exemples de forfaits taxi moto depuis le 78&#8243; font_container=&#8221;tag:h3|text_align:left&#8221; use_theme_fonts=&#8221;yes&#8221; css=&#8221;&#8221;][vc_row_inner][vc_column_inner width=&#8221;1\/2&#8243;]<div  id=\"sc_price_858724015\" \n\tclass=\"sc_price sc_price_default\"><div class=\"sc_price_info\"><div class=\"sc_price_subtitle\">Temps de trajet moyen 24 minutes<\/div><div class=\"sc_price_title\"><a href=\"https:\/\/booking.urban-driver.com\/Inscription\">Versailles - Orly<\/a><\/div><div class=\"sc_price_description\">(*en semaine entre 7h00 et 20h00)<\/div><div class=\"sc_price_price\"><span class=\"sc_price_value\">A partir de 88\u20ac*<\/span><\/div>\t<\/div><a href=\"https:\/\/booking.urban-driver.com\/Inscription\" class=\"sc_price_link sc_button_default\" target=\"_blank\"><span>R\u00e9server<\/span><\/a>\n<\/div>[\/vc_column_inner][vc_column_inner width=&#8221;1\/2&#8243;]<div  id=\"sc_price_878515429\" \n\tclass=\"sc_price sc_price_default\"><div class=\"sc_price_info\"><div class=\"sc_price_subtitle\">Temps de trajet moyen 35 minutes<\/div><div class=\"sc_price_title\"><a href=\"https:\/\/booking.urban-driver.com\/Inscription\">Guyancourt - Paris 7\u00b0<\/a><\/div><div class=\"sc_price_description\">(*en semaine entre 7h00 et 20h00)<\/div><div class=\"sc_price_price\"><span class=\"sc_price_value\">A partir de 93\u20ac*<\/span><\/div>\t<\/div><a href=\"https:\/\/booking.urban-driver.com\/Inscription\" class=\"sc_price_link sc_button_default\" target=\"_blank\"><span>R\u00e9server<\/span><\/a>\n<\/div>[\/vc_column_inner][\/vc_row_inner][\/vc_column][\/vc_row][vc_row full_width=&#8221;stretch_row&#8221; css=&#8221;.vc_custom_1768845313156{margin-top: 44px !important;background-color: #F5F7F8 !important;}&#8221;][vc_column][vc_custom_heading text=&#8221;Pourquoi choisir notre service de taxi moto ?&#8221; font_container=&#8221;tag:h3|text_align:center&#8221; use_theme_fonts=&#8221;yes&#8221; css=&#8221;.vc_custom_1768865782789{margin-top: 22px !important;margin-bottom: 11px !important;}&#8221;][vc_row_inner css=&#8221;.vc_custom_1750947761398{margin-bottom: 22px !important;}&#8221;][vc_column_inner width=&#8221;1\/4&#8243;][vc_icon icon_fontawesome=&#8221;icon-clock-empty&#8221; color=&#8221;custom&#8221; align=&#8221;center&#8221; css=&#8221;&#8221; custom_color=&#8221;#B70604&#8243;][vc_custom_heading text=&#8221;Ponctualit\u00e9 garantie&#8221; font_container=&#8221;tag:h6|text_align:center&#8221; use_theme_fonts=&#8221;yes&#8221; css=&#8221;&#8221;][vc_column_text css=&#8221;&#8221;]<\/p>\n<p style=\"text-align: center;\">Suivi en temps r\u00e9el du trafic et de nos chauffeurs pour optimiser votre trajet.<\/p>\n<p>[\/vc_column_text][\/vc_column_inner][vc_column_inner width=&#8221;1\/4&#8243;][vc_icon icon_fontawesome=&#8221;fa fa-brands fa-confluence&#8221; color=&#8221;custom&#8221; align=&#8221;center&#8221; css=&#8221;&#8221; custom_color=&#8221;#B70604&#8243;][vc_custom_heading text=&#8221;S\u00e9curit\u00e9&#8221; font_container=&#8221;tag:h6|text_align:center&#8221; use_theme_fonts=&#8221;yes&#8221; css=&#8221;&#8221;][vc_column_text css=&#8221;&#8221;]<\/p>\n<p style=\"text-align: center;\">Equipements fournis (casque, gants, blouson) et conduite professionnelle.<\/p>\n<p>[\/vc_column_text][\/vc_column_inner][vc_column_inner width=&#8221;1\/4&#8243;][vc_icon icon_fontawesome=&#8221;fa fa-solid fa-motorcycle&#8221; color=&#8221;custom&#8221; align=&#8221;center&#8221; css=&#8221;&#8221; custom_color=&#8221;#B70604&#8243;][vc_custom_heading text=&#8221;Confort&#8221; font_container=&#8221;tag:h6|text_align:center&#8221; use_theme_fonts=&#8221;yes&#8221; css=&#8221;&#8221;][vc_column_text css=&#8221;&#8221;]<\/p>\n<p style=\"text-align: center;\">Motos puissantes, silencieuses et adapt\u00e9es au transport de passagers.<\/p>\n<p>[\/vc_column_text][\/vc_column_inner][vc_column_inner width=&#8221;1\/4&#8243;][vc_icon icon_fontawesome=&#8221;fa fa-solid fa-credit-card&#8221; color=&#8221;custom&#8221; align=&#8221;center&#8221; css=&#8221;&#8221; custom_color=&#8221;#B70604&#8243;][vc_custom_heading text=&#8221;R\u00e9servation facile&#8221; font_container=&#8221;tag:h6|text_align:center&#8221; use_theme_fonts=&#8221;yes&#8221; css=&#8221;&#8221;][vc_column_text css=&#8221;&#8221;]<\/p>\n<p style=\"text-align: center;\">En ligne ou depuis les applications mobiles, 24\/7.<\/p>\n<p>[\/vc_column_text][\/vc_column_inner][\/vc_row_inner][\/vc_column][\/vc_row][vc_row css=&#8221;.vc_custom_1750939278239{margin-bottom: 33px !important;}&#8221;][vc_column][vc_empty_space height=&#8221;3.3em&#8221; alter_height=&#8221;none&#8221; hide_on_mobile=&#8221;&#8221;][vc_custom_heading text=&#8221;Prise en charge depuis le d\u00e9partement des Yvelines&#8221; font_container=&#8221;tag:h3|text_align:left&#8221; use_theme_fonts=&#8221;yes&#8221; css=&#8221;&#8221;][vc_row_inner][vc_column_inner][vc_column_text css=&#8221;&#8221;]<\/p>\n<p>Situ\u00e9 \u00e0 l\u2019ouest de Paris, le d\u00e9partement des <a href=\"https:\/\/www.yvelines.fr\/\">Yvelines<\/a> combine zones r\u00e9sidentielles, p\u00f4les d&#8217;affaires et sites touristiques majeurs. Entre les centres historiques comme Versailles, les zones \u00e9conomiques de Saint-Quentin-en-Yvelines et les trajets domicile-travail vers la capitale, les d\u00e9placements sont souvent ralentis par un trafic dense, notamment sur l\u2019A13, la N12 ou l\u2019A86.<\/p>\n<p>Vous avez un rendez-vous d&#8217;affaires dans un grand groupe industriel: Renault \u00e0 Flins, PSA \u00e0 Poissy, BMW \u00e0 Montigny le Bretonneux, Bouygues \u00e0 Saint Quentin en Yvelines, Fiat \u00e0 Trappes, Thales \u00e0 Elancourt&#8230; faites le choix du taxi moto pour optimiser vos temps de d\u00e9placements et voyager sereinement.<\/p>\n<p>Notre service de <strong>taxi moto dans les Yvelines<\/strong> r\u00e9pond pr\u00e9cis\u00e9ment \u00e0 ces contraintes. Gr\u00e2ce \u00e0 une parfaite connaissance du territoire, nous desservons efficacement les grandes villes du 78 ainsi que les zones plus rurales, souvent mal desservies par les transports en commun. Votre chauffeur empruntera les principaux axes routiers du d\u00e9partement, notamment les autoroutes A13 ou A14 pour rejoindre la capitale et pourra m\u00eame emprunter la voie r\u00e9serv\u00e9e de l&#8217;A13 pour se d\u00e9jouer du r\u00e9seau routier surcharg\u00e9 et vous d\u00e9poser \u00e0 bon port.<\/p>\n<p>Que vous soyez un professionnel press\u00e9, un voyageur en route vers un a\u00e9roport ou un particulier souhaitant \u00e9viter les embouteillages, nous vous offrons une solution sur-mesure, rapide et haut de gamme au c\u0153ur des Yvelines.<\/p>\n<p>[\/vc_column_text][vc_empty_space alter_height=&#8221;small&#8221; hide_on_mobile=&#8221;&#8221;][\/vc_column_inner][\/vc_row_inner][vc_message message_box_style=&#8221;outline&#8221; message_box_color=&#8221;warning&#8221; icon_fontawesome=&#8221;icon-clock&#8221; css=&#8221;&#8221; closeable=&#8221;&#8221;]<strong>Nous recommandons une r\u00e9servation au minimum 1 heure \u00e0 l&#8217;avance pour un d\u00e9part depuis les Yvelines.<\/strong>[\/vc_message][\/vc_column][\/vc_row][vc_row full_width=&#8221;stretch_row&#8221; css=&#8221;.vc_custom_1750941554506{background-color: #1B1E27 !important;}&#8221;][vc_column][vc_empty_space alter_height=&#8221;medium&#8221; hide_on_mobile=&#8221;&#8221;][vc_custom_heading text=&#8221;Encore plus facile, r\u00e9servez depuis la nouvelle application !&#8221; font_container=&#8221;tag:p|font_size:33|text_align:center|color:%23FFFFFF&#8221; use_theme_fonts=&#8221;yes&#8221; css=&#8221;&#8221;][vc_row_inner][vc_column_inner width=&#8221;1\/2&#8243;][vc_single_image image=&#8221;6868&#8243; img_size=&#8221;medium&#8221; alignment=&#8221;center&#8221; onclick=&#8221;custom_link&#8221; css=&#8221;&#8221; link=&#8221;https:\/\/apps.apple.com\/fr\/app\/urban-driver\/id1609971329?platform=iphone&#8221;][\/vc_column_inner][vc_column_inner width=&#8221;1\/2&#8243;][vc_single_image image=&#8221;6866&#8243; img_size=&#8221;medium&#8221; alignment=&#8221;center&#8221; onclick=&#8221;custom_link&#8221; css=&#8221;&#8221; link=&#8221;https:\/\/play.google.com\/store\/apps\/details?id=com.urbandriver.app_client&#8221;][\/vc_column_inner][\/vc_row_inner][vc_empty_space alter_height=&#8221;medium&#8221; hide_on_mobile=&#8221;&#8221;][\/vc_column][\/vc_row][vc_row full_width=&#8221;stretch_row&#8221; css=&#8221;.vc_custom_1769163154994{margin-top: 33px !important;background-color: #e0e0e0 !important;}&#8221;][vc_column][vc_custom_heading text=&#8221;Secteurs de prise en charge dans les Yvelines (78)&#8221; font_container=&#8221;tag:h3|text_align:left&#8221; use_theme_fonts=&#8221;yes&#8221; css=&#8221;.vc_custom_1769164593345{margin-top: 22px !important;}&#8221;][vc_column_text css=&#8221;&#8221;]Dans le 78, les distances et la saturation des axes A13 et A12 rendent le taxi moto indispensable. Nous avons sectoris\u00e9 le d\u00e9partement pour s\u00e9curiser vos d\u00e9parts depuis les p\u00f4les d&#8217;activit\u00e9s et les zones r\u00e9sidentielles.[\/vc_column_text][vc_tta_accordion title_tag=&#8221;h3&#8243; active_section=&#8221;5&#8243;][vc_tta_section title=&#8221;P\u00f4le Royal et Institutionnel (Versailles \/ Saint-Germain)&#8221; tab_id=&#8221;1769162685296-ab14dcca-4230&#8243;][vc_column_text css=&#8221;.vc_custom_1769186244127{margin-top: 22px !important;margin-right: 22px !important;margin-bottom: 22px !important;margin-left: 22px !important;}&#8221;]Nous assurons vos transferts prioritaires depuis <b>Versailles<\/b>, <b>Le Chesnay-Rocquencourt<\/b>, <b>Viroflay<\/b> et <b>Saint-Cyr-l\u2019\u00c9cole<\/b>. Nos pilotes desservent \u00e9galement <b>Saint-Germain-en-Laye<\/b>, <b>Marly-le-Roi<\/b>, <b>Louveciennes<\/b> et <b>Bougival<\/b>, vous permettant de <b>vous lib\u00e9rer<\/b> des contraintes de trafic de l&#8217;Ouest parisien.[\/vc_column_text][\/vc_tta_section][vc_tta_section title=&#8221;Secteur Innovation et Technologie (V\u00e9lizy \/ Saint-Quentin)&#8221; tab_id=&#8221;1769162685296-2fd9d14a-2bf6&#8243;][vc_column_text css=&#8221;.vc_custom_1769186297239{margin-top: 22px !important;margin-right: 22px !important;margin-bottom: 22px !important;margin-left: 22px !important;}&#8221;]Le p\u00f4le de <b>V\u00e9lizy-Villacoublay<\/b> et la zone de <b>Saint-Quentin-en-Yvelines (Montigny-le-Bretonneux, Guyancourt, Voisins-le-Bretonneux)<\/b> sont des points de prise en charge quotidiens. Nous couvrons \u00e9galement <b>\u00c9lancourt<\/b>, <b>Trappes<\/b> et <b>Maurepas<\/b> pour garantir vos liaisons vers les gares parisiennes.[\/vc_column_text][\/vc_tta_section][vc_tta_section title=&#8221;Boucle de Seine et Axe A15\/A13&#8243; tab_id=&#8221;1769162776758-961b4c77-c4ed&#8221;][vc_column_text css=&#8221;.vc_custom_1769186381276{margin-top: 22px !important;margin-right: 22px !important;margin-bottom: 22px !important;margin-left: 22px !important;}&#8221;]Pour vos d\u00e9parts depuis le nord du d\u00e9partement, nous intervenons \u00e0 <b>Poissy<\/b>, <b>Conflans-Sainte-Honorine<\/b>, <b>Sartrouville<\/b>, <b>Houilles<\/b> et <b>Chatou<\/b>. Ce secteur inclut \u00e9galement <b>Maisons-Laffitte<\/b>, <b>Croissy-sur-Seine<\/b> et <b>Le V\u00e9sinet<\/b>, offrant une fluidit\u00e9 totale pour rejoindre la capitale.[\/vc_column_text][\/vc_tta_section][\/vc_tta_accordion][vc_message message_box_style=&#8221;outline&#8221; css=&#8221;&#8221; closeable=&#8221;&#8221;]En compl\u00e9ment de notre forte pr\u00e9sence dans les Yvelines, nos chauffeurs interviennent quotidiennement pour vos d\u00e9parts depuis les zones limitrophes. Vous pouvez ainsi solliciter un <b><a href=\"https:\/\/www.urban-driver.com\/en\/hauts_de_seine.php\">Taxi Moto dans les Hauts-de-Seine (92)<\/a><\/b>, dans le <b><a href=\"https:\/\/www.urban-driver.com\/en\/val_doise.php\">Val-d&#8217;Oise (95)<\/a><\/b> ou pour vos transferts au d\u00e9part de l&#8217;<b><a href=\"https:\/\/www.urban-driver.com\/en\/essonne.php\">Essonne (91)<\/a><\/b>.[\/vc_message][\/vc_column][\/vc_row][vc_row full_width=&#8221;stretch_row&#8221; css=&#8221;.vc_custom_1737047646821{margin-top: 33px !important;margin-bottom: 33px !important;background-image: url(https:\/\/www.urban-driver.com\/wp-content\/uploads\/2017\/01\/illustration2.jpg?id=1062) !important;}&#8221;][vc_column][vc_empty_space alter_height=&#8221;small&#8221; hide_on_mobile=&#8221;&#8221;][vc_custom_heading text=&#8221;\u00c9vitez les bouchons de l&#8217;A13 : votre taxi moto vous relie au c\u0153ur de Paris en un temps record depuis le 78 !&#8221; font_container=&#8221;tag:h4|text_align:center|color:%23FFFFFF&#8221; use_theme_fonts=&#8221;yes&#8221; css=&#8221;&#8221;][vc_empty_space alter_height=&#8221;small&#8221; hide_on_mobile=&#8221;&#8221;]<div class=\"sc_item_button sc_button_wrap\"><a href=\"https:\/\/booking.urban-driver.com\/Inscription\" id=\"sc_button_1710395007\" class=\"sc_button sc_button_default sc_button_size_normal sc_button_icon_left\"><span class=\"sc_button_text\"><span class=\"sc_button_title\">Je r\u00e9serve mon taxi moto Yvelines<\/span><\/span><!-- \/.sc_button_text --><\/a><!-- \/.sc_button --><\/div><!-- \/.sc_item_button -->[vc_empty_space alter_height=&#8221;small&#8221; hide_on_mobile=&#8221;&#8221;][\/vc_column][\/vc_row]<\/p>\n<\/div>","protected":false},"excerpt":{"rendered":"<p>[vc_row css=&#8221;.vc_custom_1768865897059{margin-top: 33px !important;}&#8221;][vc_column width=&#8221;1\/3&#8243;][vc_empty_space alter_height=&#8221;large&#8221; hide_on_mobile=&#8221;&#8221;][vc_empty_space alter_height=&#8221;large&#8221; hide_on_mobile=&#8221;&#8221;][vc_single_image image=&#8221;7568&#8243; img_size=&#8221;FULL&#8221; alignment=&#8221;center&#8221; css=&#8221;.vc_custom_1750942383051{margin-top: 11px !important;}&#8221;][\/vc_column][vc_column width=&#8221;2\/3&#8243;][vc_column_text css=&#8221;.vc_custom_1769186091892{margin-top: 11px !important;margin-bottom: 11px !important;}&#8221;] Vous cherchez une solution de transport rapide et fiable au d\u00e9part des Yvelines\u202f? Optez pour notre service de taxi moto IDF, l\u2019alternative id\u00e9ale pour&hellip;<\/p>\n","protected":false},"author":1,"featured_media":0,"parent":1254,"menu_order":2,"comment_status":"closed","ping_status":"closed","template":"","meta":{"footnotes":""},"class_list":["post-1410","page","type-page","status-publish","hentry"],"yoast_head":"<!-- This site is optimized with the Yoast SEO plugin v27.3 - https:\/\/yoast.com\/product\/yoast-seo-wordpress\/ -->\n<title>Taxis motos Yvelines - D\u00e9partement 78<\/title>\n<meta name=\"description\" content=\"Voici les principales villes du 78 desservies par les chauffeurs Urban Driver: Saint-Germain-en-Laye, Versailles, Chatou, Chambourcy, Poissy, Guyancourt, Trappes, Velizy etc.\" \/>\n<meta name=\"robots\" content=\"index, follow, max-snippet:-1, max-image-preview:large, max-video-preview:-1\" \/>\n<link rel=\"canonical\" href=\"https:\/\/www.urban-driver.com\/en\/yvelines.php\" \/>\n<meta property=\"og:locale\" content=\"en_US\" \/>\n<meta property=\"og:type\" content=\"article\" \/>\n<meta property=\"og:title\" content=\"Taxis motos Yvelines - D\u00e9partement 78\" \/>\n<meta property=\"og:description\" content=\"Voici les principales villes du 78 desservies par les chauffeurs Urban Driver: Saint-Germain-en-Laye, Versailles, Chatou, Chambourcy, Poissy, Guyancourt, Trappes, Velizy etc.\" \/>\n<meta property=\"og:url\" content=\"https:\/\/www.urban-driver.com\/en\/yvelines.php\" \/>\n<meta property=\"og:site_name\" content=\"Taxi moto | Urban Driver\" \/>\n<meta property=\"article:modified_time\" content=\"2026-01-23T16:42:08+00:00\" \/>\n<meta name=\"twitter:card\" content=\"summary_large_image\" \/>\n<meta name=\"twitter:label1\" content=\"Est. reading time\" \/>\n\t<meta name=\"twitter:data1\" content=\"5 minutes\" \/>\n<script type=\"application\/ld+json\" class=\"yoast-schema-graph\">{\"@context\":\"https:\\\/\\\/schema.org\",\"@graph\":[{\"@type\":\"WebPage\",\"@id\":\"https:\\\/\\\/www.urban-driver.com\\\/en\\\/yvelines.php\",\"url\":\"https:\\\/\\\/www.urban-driver.com\\\/en\\\/yvelines.php\",\"name\":\"Taxis motos Yvelines - D\u00e9partement 78\",\"isPartOf\":{\"@id\":\"https:\\\/\\\/www.urban-driver.com\\\/en\\\/#website\"},\"datePublished\":\"2017-05-03T08:17:32+00:00\",\"dateModified\":\"2026-01-23T16:42:08+00:00\",\"description\":\"Voici les principales villes du 78 desservies par les chauffeurs Urban Driver: Saint-Germain-en-Laye, Versailles, Chatou, Chambourcy, Poissy, Guyancourt, Trappes, Velizy etc.\",\"breadcrumb\":{\"@id\":\"https:\\\/\\\/www.urban-driver.com\\\/en\\\/yvelines.php#breadcrumb\"},\"inLanguage\":\"en-US\",\"potentialAction\":[{\"@type\":\"ReadAction\",\"target\":[\"https:\\\/\\\/www.urban-driver.com\\\/en\\\/yvelines.php\"]}]},{\"@type\":\"BreadcrumbList\",\"@id\":\"https:\\\/\\\/www.urban-driver.com\\\/en\\\/yvelines.php#breadcrumb\",\"itemListElement\":[{\"@type\":\"ListItem\",\"position\":1,\"name\":\"Urban Driver\",\"item\":\"https:\\\/\\\/www.urban-driver.com\\\/en\\\/\"},{\"@type\":\"ListItem\",\"position\":2,\"name\":\"Taxi Moto\",\"item\":\"https:\\\/\\\/www.urban-driver.com\\\/en\\\/moto-taxi.php\"},{\"@type\":\"ListItem\",\"position\":3,\"name\":\"Ile-de-France\",\"item\":\"https:\\\/\\\/www.urban-driver.com\\\/en\\\/ile_de_france\\\/\"},{\"@type\":\"ListItem\",\"position\":4,\"name\":\"Transfert au d\u00e9part des Yvelines &#8211; 78\"}]},{\"@type\":\"WebSite\",\"@id\":\"https:\\\/\\\/www.urban-driver.com\\\/en\\\/#website\",\"url\":\"https:\\\/\\\/www.urban-driver.com\\\/en\\\/\",\"name\":\"Taxi moto | Urban Driver\",\"description\":\"\",\"publisher\":{\"@id\":\"https:\\\/\\\/www.urban-driver.com\\\/en\\\/#organization\"},\"potentialAction\":[{\"@type\":\"SearchAction\",\"target\":{\"@type\":\"EntryPoint\",\"urlTemplate\":\"https:\\\/\\\/www.urban-driver.com\\\/en\\\/?s={search_term_string}\"},\"query-input\":{\"@type\":\"PropertyValueSpecification\",\"valueRequired\":true,\"valueName\":\"search_term_string\"}}],\"inLanguage\":\"en-US\"},{\"@type\":\"Organization\",\"@id\":\"https:\\\/\\\/www.urban-driver.com\\\/en\\\/#organization\",\"name\":\"URBAN DRIVER\",\"alternateName\":\"Urban\",\"url\":\"https:\\\/\\\/www.urban-driver.com\\\/en\\\/\",\"logo\":{\"@type\":\"ImageObject\",\"inLanguage\":\"en-US\",\"@id\":\"https:\\\/\\\/www.urban-driver.com\\\/en\\\/#\\\/schema\\\/logo\\\/image\\\/\",\"url\":\"https:\\\/\\\/www.urban-driver.com\\\/wp-content\\\/uploads\\\/2016\\\/12\\\/urban_driver.png\",\"contentUrl\":\"https:\\\/\\\/www.urban-driver.com\\\/wp-content\\\/uploads\\\/2016\\\/12\\\/urban_driver.png\",\"width\":300,\"height\":39,\"caption\":\"URBAN DRIVER\"},\"image\":{\"@id\":\"https:\\\/\\\/www.urban-driver.com\\\/en\\\/#\\\/schema\\\/logo\\\/image\\\/\"}}]}<\/script>\n<!-- \/ Yoast SEO plugin. -->","yoast_head_json":{"title":"Taxis motos Yvelines - D\u00e9partement 78","description":"Voici les principales villes du 78 desservies par les chauffeurs Urban Driver: Saint-Germain-en-Laye, Versailles, Chatou, Chambourcy, Poissy, Guyancourt, Trappes, Velizy etc.","robots":{"index":"index","follow":"follow","max-snippet":"max-snippet:-1","max-image-preview":"max-image-preview:large","max-video-preview":"max-video-preview:-1"},"canonical":"https:\/\/www.urban-driver.com\/en\/yvelines.php","og_locale":"en_US","og_type":"article","og_title":"Taxis motos Yvelines - D\u00e9partement 78","og_description":"Voici les principales villes du 78 desservies par les chauffeurs Urban Driver: Saint-Germain-en-Laye, Versailles, Chatou, Chambourcy, Poissy, Guyancourt, Trappes, Velizy etc.","og_url":"https:\/\/www.urban-driver.com\/en\/yvelines.php","og_site_name":"Taxi moto | Urban Driver","article_modified_time":"2026-01-23T16:42:08+00:00","twitter_card":"summary_large_image","twitter_misc":{"Est. reading time":"5 minutes"},"schema":{"@context":"https:\/\/schema.org","@graph":[{"@type":"WebPage","@id":"https:\/\/www.urban-driver.com\/en\/yvelines.php","url":"https:\/\/www.urban-driver.com\/en\/yvelines.php","name":"Taxis motos Yvelines - D\u00e9partement 78","isPartOf":{"@id":"https:\/\/www.urban-driver.com\/en\/#website"},"datePublished":"2017-05-03T08:17:32+00:00","dateModified":"2026-01-23T16:42:08+00:00","description":"Voici les principales villes du 78 desservies par les chauffeurs Urban Driver: Saint-Germain-en-Laye, Versailles, Chatou, Chambourcy, Poissy, Guyancourt, Trappes, Velizy etc.","breadcrumb":{"@id":"https:\/\/www.urban-driver.com\/en\/yvelines.php#breadcrumb"},"inLanguage":"en-US","potentialAction":[{"@type":"ReadAction","target":["https:\/\/www.urban-driver.com\/en\/yvelines.php"]}]},{"@type":"BreadcrumbList","@id":"https:\/\/www.urban-driver.com\/en\/yvelines.php#breadcrumb","itemListElement":[{"@type":"ListItem","position":1,"name":"Urban Driver","item":"https:\/\/www.urban-driver.com\/en\/"},{"@type":"ListItem","position":2,"name":"Taxi Moto","item":"https:\/\/www.urban-driver.com\/en\/moto-taxi.php"},{"@type":"ListItem","position":3,"name":"Ile-de-France","item":"https:\/\/www.urban-driver.com\/en\/ile_de_france\/"},{"@type":"ListItem","position":4,"name":"Transfert au d\u00e9part des Yvelines &#8211; 78"}]},{"@type":"WebSite","@id":"https:\/\/www.urban-driver.com\/en\/#website","url":"https:\/\/www.urban-driver.com\/en\/","name":"Taxi moto | Urban Driver","description":"","publisher":{"@id":"https:\/\/www.urban-driver.com\/en\/#organization"},"potentialAction":[{"@type":"SearchAction","target":{"@type":"EntryPoint","urlTemplate":"https:\/\/www.urban-driver.com\/en\/?s={search_term_string}"},"query-input":{"@type":"PropertyValueSpecification","valueRequired":true,"valueName":"search_term_string"}}],"inLanguage":"en-US"},{"@type":"Organization","@id":"https:\/\/www.urban-driver.com\/en\/#organization","name":"URBAN DRIVER","alternateName":"Urban","url":"https:\/\/www.urban-driver.com\/en\/","logo":{"@type":"ImageObject","inLanguage":"en-US","@id":"https:\/\/www.urban-driver.com\/en\/#\/schema\/logo\/image\/","url":"https:\/\/www.urban-driver.com\/wp-content\/uploads\/2016\/12\/urban_driver.png","contentUrl":"https:\/\/www.urban-driver.com\/wp-content\/uploads\/2016\/12\/urban_driver.png","width":300,"height":39,"caption":"URBAN DRIVER"},"image":{"@id":"https:\/\/www.urban-driver.com\/en\/#\/schema\/logo\/image\/"}}]}},"_links":{"self":[{"href":"https:\/\/www.urban-driver.com\/en\/wp-json\/wp\/v2\/pages\/1410","targetHints":{"allow":["GET"]}}],"collection":[{"href":"https:\/\/www.urban-driver.com\/en\/wp-json\/wp\/v2\/pages"}],"about":[{"href":"https:\/\/www.urban-driver.com\/en\/wp-json\/wp\/v2\/types\/page"}],"author":[{"embeddable":true,"href":"https:\/\/www.urban-driver.com\/en\/wp-json\/wp\/v2\/users\/1"}],"replies":[{"embeddable":true,"href":"https:\/\/www.urban-driver.com\/en\/wp-json\/wp\/v2\/comments?post=1410"}],"version-history":[{"count":0,"href":"https:\/\/www.urban-driver.com\/en\/wp-json\/wp\/v2\/pages\/1410\/revisions"}],"up":[{"embeddable":true,"href":"https:\/\/www.urban-driver.com\/en\/wp-json\/wp\/v2\/pages\/1254"}],"wp:attachment":[{"href":"https:\/\/www.urban-driver.com\/en\/wp-json\/wp\/v2\/media?parent=1410"}],"curies":[{"name":"wp","href":"https:\/\/api.w.org\/{rel}","templated":true}]}}