{"id":1403,"date":"2017-05-03T09:57:56","date_gmt":"2017-05-03T07:57:56","guid":{"rendered":"http:\/\/48h.fr\/?page_id=1403"},"modified":"2026-04-14T10:38:18","modified_gmt":"2026-04-14T08:38:18","slug":"devenir-chauffeur","status":"publish","type":"page","link":"https:\/\/www.urban-driver.com\/en\/devenir-chauffeur.php","title":{"rendered":"Devenez chauffeur partenaire URBANDRIVER"},"content":{"rendered":"<div class=\"wpb-content-wrapper\"><p>[vc_row css=&#8221;.vc_custom_1492405135279{background-position: center !important;background-repeat: no-repeat !important;background-size: cover !important;}&#8221; el_class=&#8221;mobile_bg_off&#8221;][vc_column][vc_empty_space height=&#8221;2em&#8221; alter_height=&#8221;small&#8221; hide_on_mobile=&#8221;&#8221;][vc_row_inner css=&#8221;.vc_custom_1549319794902{margin-left: 10px !important;}&#8221;][vc_column_inner width=&#8221;1\/3&#8243;][vc_empty_space][vc_empty_space][vc_empty_space][vc_empty_space][vc_single_image image=&#8221;1404&#8243; img_size=&#8221;full&#8221; alignment=&#8221;center&#8221;][vc_empty_space][vc_empty_space hide_on_mobile=&#8221;&#8221;][\/vc_column_inner][vc_column_inner el_class=&#8221;remove_margin_mobile&#8221; width=&#8221;2\/3&#8243; css=&#8221;.vc_custom_1585326795817{margin-left: 50px !important;}&#8221;][vc_custom_heading text=&#8221;Chauffeur partenaire&#8221; font_container=&#8221;tag:h6|font_size:12px|text_align:left|color:%23b70604|line_height:0.8em&#8221; use_theme_fonts=&#8221;yes&#8221; css=&#8221;.vc_custom_1585323937541{margin-top: 0px !important;margin-bottom: 0px !important;}&#8221;][vc_empty_space height=&#8221;1.5em&#8221; alter_height=&#8221;none&#8221; hide_on_mobile=&#8221;&#8221;][vc_custom_heading text=&#8221;Pourquoi devenir chauffeur affili\u00e9 URBAN DRIVER ?&#8221; use_theme_fonts=&#8221;yes&#8221; css=&#8221;.vc_custom_1772026484427{margin-top: 0px !important;margin-bottom: 0px !important;}&#8221;][vc_empty_space height=&#8221;2.75em&#8221; alter_height=&#8221;none&#8221; hide_on_mobile=&#8221;&#8221;][vc_column_text css=&#8221;&#8221;]En rejoignant URBANDRIVER, vous devenez partenaire de l&#8217;une des plus importantes plateformes de r\u00e9servation de <a href=\"https:\/\/www.urban-driver.com\/en\/motorbike-taxi.php\">taxi moto<\/a> \u00e0 Paris et serez amen\u00e9s \u00e0 conduire une <strong>client\u00e8le d&#8217;affaires<\/strong>, compos\u00e9e de cadres et dirigeants d&#8217;entreprises qui demandent de la <span class=\"trx_addons_accent_bg\">ponctualit\u00e9 et un service de qualit\u00e9<\/span>.<\/p>\n<ul class=\"trx_addons_list trx_addons_list_minus\">\n<li>Vous acc\u00e9dez imm\u00e9diatement au r\u00e9seau de clients URBAN DRIVER et g\u00e9n\u00e9rez rapidement du <strong>chiffre d&#8217;affaires<\/strong>, plus de 50% des courses vers ou depuis les a\u00e9roports, attentes factur\u00e9es et annulation payante,<\/li>\n<li><strong>100% LIBRE<\/strong> &#8211; vous \u00eates ind\u00e9pendant et donc ma\u00eetrisez totalement votre emploi du temps. Les courses vous sont propos\u00e9es, libre \u00e0 vous d&#8217;accepter ou refuser selon vos disponibilit\u00e9s,<\/li>\n<li>Des <strong>r\u00e9servations \u00e0 l&#8217;avance<\/strong> propos\u00e9es la veille pour le lendemain ou des <strong>courses imm\u00e9diates<\/strong> \u00e0 proximit\u00e9 de votre position,<\/li>\n<li>Mise \u00e0 disposition d&#8217;une <strong>application chauffeur<\/strong> GRATUITE permettant de g\u00e9rer les courses de mani\u00e8re optimale et d&#8217;un portail affili\u00e9 d\u00e9di\u00e9, URBAN DRIVER pr\u00e9l\u00e8ve une commission uniquement sur les courses accept\u00e9es,<\/li>\n<li><strong>R\u00e8glement ponctuel<\/strong> des chauffeurs par virement bancaire, URBAN DRIVER g\u00e8re l&#8217;ensemble des paiements clients et prend \u00e0 sa charge les frais de carte bancaire et les risques d&#8217;impay\u00e9s.<\/li>\n<\/ul>\n<p>[\/vc_column_text][vc_empty_space height=&#8221;2em&#8221; alter_height=&#8221;none&#8221; hide_on_mobile=&#8221;&#8221;][vc_empty_space height=&#8221;1.5em&#8221; alter_height=&#8221;none&#8221; hide_on_mobile=&#8221;&#8221;][\/vc_column_inner][\/vc_row_inner][vc_row_inner][vc_column_inner width=&#8221;1\/2&#8243;]<div class=\"sc_item_button sc_button_wrap sc_align_center\"><a href=\"https:\/\/www.urban-driver.com\/inscription-chauffeur.php\" id=\"sc_button_694023679\" class=\"sc_button sc_button_default sc_button_size_normal sc_button_icon_left\"><span class=\"sc_button_text\"><span class=\"sc_button_title\">Je m&#039;inscris en tant que chauffeur Taxi moto<\/span><\/span><!-- \/.sc_button_text --><\/a><!-- \/.sc_button --><\/div><!-- \/.sc_item_button -->[\/vc_column_inner][vc_column_inner width=&#8221;1\/2&#8243;]<div class=\"sc_item_button sc_button_wrap sc_align_center\"><a href=\"https:\/\/www.urban-driver.com\/contacts.php\" id=\"sc_button_1090917122\" class=\"sc_button sc_button_default sc_button_size_normal sc_button_icon_left\"><span class=\"sc_button_text\"><span class=\"sc_button_title\">Contact<\/span><\/span><!-- \/.sc_button_text --><\/a><!-- \/.sc_button --><\/div><!-- \/.sc_item_button -->[\/vc_column_inner][\/vc_row_inner][vc_empty_space alter_height=&#8221;large&#8221; hide_on_mobile=&#8221;&#8221;][vc_message color=&#8221;warning&#8221; message_box_style=&#8221;outline&#8221; message_box_color=&#8221;warning&#8221; icon_fontawesome=&#8221;&#8221; css=&#8221;&#8221; closeable=&#8221;&#8221;]<b>Inscriptions Chauffeurs<\/b><\/p>\n<p>Les inscriptions pour les <b>chauffeurs VTC<\/b> sont actuellement <b>ferm\u00e9es<\/b>. Nous ne prenons plus de nouvelles candidatures pour cette cat\u00e9gorie.<\/p>\n<p>En revanche, le recrutement pour les <b>chauffeurs Taxi Moto<\/b> reste <b>ouvert<\/b>. Vous pouvez soumettre votre candidature d\u00e8s maintenant via le formulaire d\u00e9di\u00e9.[\/vc_message][vc_empty_space alter_height=&#8221;large&#8221; hide_on_mobile=&#8221;&#8221;][\/vc_column][\/vc_row][vc_row full_width=&#8221;stretch_row&#8221; css=&#8221;.vc_custom_1772028489433{background-color: #F9F9F9 !important;}&#8221;][vc_column][vc_column_text css=&#8221;&#8221;]<\/p>\n<h2>Pr\u00e9sentation de l&#8217;application chauffeur<\/h2>\n<div class=\"content-inner\">\n<div class=\"presentation-content\">Vous chouchoutez les clients, on s&#8217;occupe du reste!!! URBAN DRIVER vous fournit via l&#8217;application chauffeur un outil de travail simple et professionnel regroupant votre planning de courses, votre agenda, notifications, suivi du chiffre d&#8217;affaires, chat avec le dispatch, g\u00e9olocalisation etc.<\/div>\n<div class=\"presentation-content\">\n<hr>\n<\/div>\n<\/div>\n<h3>T\u00e9l\u00e9charger l&#8217;application chauffeur taxi moto<\/h3>\n<p>Vous venez de vous inscrire ou \u00eates d\u00e9j\u00e0 partenaire d&#8217;Urban Driver et avez besoin de t\u00e9l\u00e9charger \u00e0 nouveau l&#8217;application suite \u00e0 un changement de smartphone, t\u00e9l\u00e9chargez l&#8217;application chauffeur disponible sur Ios et Android. Une fois l&#8217;application t\u00e9l\u00e9charg\u00e9e, vous pouvez vous connecter avec votre adresse mail et mot de passe.[\/vc_column_text][vc_row_inner css=&#8221;.vc_custom_1772027845779{margin-bottom: 33px !important;}&#8221;][vc_column_inner width=&#8221;1\/2&#8243;][vc_single_image image=&#8221;6868&#8243; img_size=&#8221;medium&#8221; alignment=&#8221;center&#8221; onclick=&#8221;custom_link&#8221; img_link_target=&#8221;_blank&#8221; css=&#8221;.vc_custom_1718025020172{padding-top: 10px !important;padding-right: 10px !important;padding-bottom: 10px !important;padding-left: 10px !important;}&#8221; link=&#8221;https:\/\/apps.apple.com\/fr\/app\/driver-app\/id1604775474&#8243;][\/vc_column_inner][vc_column_inner width=&#8221;1\/2&#8243;][vc_single_image image=&#8221;6866&#8243; img_size=&#8221;medium&#8221; alignment=&#8221;center&#8221; onclick=&#8221;custom_link&#8221; img_link_target=&#8221;_blank&#8221; link=&#8221;https:\/\/play.google.com\/store\/apps\/details?id=com.urbandriver.app_chauffeur&#8221;][\/vc_column_inner][\/vc_row_inner][vc_message message_box_style=&#8221;outline&#8221; css=&#8221;.vc_custom_1772028308422{margin-top: 11px !important;margin-bottom: 22px !important;}&#8221; closeable=&#8221;&#8221;]L&#8217;application chauffeur pour Android vient d&#8217;\u00eatre mise \u00e0 jour sur le Google Play Store en 2026 et est d\u00e9sormais compatible Android 15.[\/vc_message][\/vc_column][\/vc_row][vc_row full_width=&#8221;stretch_row&#8221; css=&#8221;.vc_custom_1772028508483{margin-top: 22px !important;margin-bottom: 22px !important;background-color: #FFFFFF !important;}&#8221;][vc_column][vc_column_text css=&#8221;.vc_custom_1772028162847{margin-bottom: 22px !important;}&#8221;]<\/p>\n<h2>Pr\u00eat \u00e0 rejoindre l&#8217;\u00e9quipe de pilotes URBAN DRIVER ?<\/h2>\n<p>Pour vous inscrire, vous avez besoin de:<\/p>\n<p>1. Un centre de co\u00fbt; vous avez d\u00e9clar\u00e9 votre activit\u00e9 de transport de personnes \u00e0 titre on\u00e9reux (SARL, SASU, EURL, entreprise individuelle, auto-entrepreneur etc.),<\/p>\n<p>2. Un v\u00e9hicule adapt\u00e9 \u00e0 l&#8217;activit\u00e9 et r\u00e9pondant \u00e0 la r\u00e9glementation en vigueur (taille, puissance, anciennet\u00e9 etc.),<\/p>\n<p>3. Un smartphone type Iphone ou Android.<\/p>\n<hr>\n<h3>Les documents requis lors de votre inscription<\/h3>\n<p>Pour r\u00e9pondre \u00e0 la r\u00e9glementation en vigueur pour exercer l&#8217;activit\u00e9 de chauffeur de taxi moto ou VTC, vous devez communiquez les documents list\u00e9s ci-apr\u00e8s. Une fois votre inscription effectu\u00e9e, nous prenons contact avec vous pour signer le contrat de partenariat, installer l&#8217;application chauffeur et finaliser votre Onboarding.[\/vc_column_text][vc_row_inner css=&#8221;.vc_custom_1772028068112{margin-bottom: 22px !important;}&#8221;][vc_column_inner width=&#8221;1\/3&#8243;][vc_custom_heading text=&#8221;Dossier entrerpise&#8221; font_container=&#8221;tag:p|font_size:22|text_align:left&#8221; use_theme_fonts=&#8221;yes&#8221; css=&#8221;&#8221;][vc_column_text css=&#8221;&#8221;]1. D\u00e9claration INSEE ou KBIS<\/p>\n<p>2. License Atout France (r\u00e9serv\u00e9 aux VTC)<\/p>\n<p>3. Responsabilit\u00e9 civile professionelle<\/p>\n<p>4. RIB[\/vc_column_text][\/vc_column_inner][vc_column_inner width=&#8221;1\/3&#8243;][vc_custom_heading text=&#8221;Dossier du chauffeur&#8221; font_container=&#8221;tag:p|font_size:22|text_align:left&#8221; use_theme_fonts=&#8221;yes&#8221; css=&#8221;&#8221;][vc_column_text css=&#8221;&#8221;]1. Permis de conduire<\/p>\n<p>2. Carte professionnelle[\/vc_column_text][\/vc_column_inner][vc_column_inner width=&#8221;1\/3&#8243;][vc_custom_heading text=&#8221;Dossier du v\u00e9hicule&#8221; font_container=&#8221;tag:p|font_size:22|text_align:left&#8221; use_theme_fonts=&#8221;yes&#8221; css=&#8221;&#8221;][vc_column_text css=&#8221;&#8221;]1. Carte grise du v\u00e9hicule<\/p>\n<p>2. Attestation d&#8217;assurance \u00e0 titre on\u00e9reux<\/p>\n<p>3. Contr\u00f4le Technique (v\u00e9hicule &gt; 1an)[\/vc_column_text][\/vc_column_inner][\/vc_row_inner][\/vc_column][\/vc_row][vc_row css=&#8221;.vc_custom_1772028231518{margin-top: 22px !important;}&#8221;][vc_column]<div id=\"sc_table_924825117_wrap\" class=\"sc_table_wrap\"><h6 class=\"sc_item_subtitle sc_table_subtitle sc_align_left sc_item_title_style_default\">Choisissez votre plan de commission 10% - 20% - 30%<\/h6><h3 class=\"sc_item_title sc_table_title sc_align_left sc_item_title_style_default\">Commission chauffeurs<\/h3><div id=\"sc_table_924825117\"\n\t\t\tclass=\"sc_table sc_table_default aligncenter\" style=\"width:100%;\">[vc_column_text css=\u201d\u201d]<\/p>\n<table style=\"height: 160px;\" border=\"1\" width=\"100%\" cellspacing=\"3\" cellpadding=\"5\">\n<tbody>\n<tr bgcolor=\"#E9E9E9\">\n<th height=\"50\">\n<div class=\"titre\">Commission\u00a0 chauffeurs<\/div>\n<\/th>\n<th height=\"50\">\n<div class=\"titre\" style=\"text-align: center;\">Silver<\/div>\n<\/th>\n<th height=\"50\">\n<div class=\"titre\" style=\"text-align: center;\">Gold<\/div>\n<\/th>\n<th height=\"50\">\n<div class=\"titre\" style=\"text-align: center;\">Platinum<\/div>\n<\/th>\n<\/tr>\n<tr bgcolor=\"#B5B5B5\">\n<td height=\"20\">Frais d\u2019inscription<\/td>\n<td>\n<div align=\"center\"><strong>0\u20ac<\/strong><\/div>\n<\/td>\n<td>\n<div align=\"center\"><strong>0\u20ac<\/strong><\/div>\n<\/td>\n<td>\n<div align=\"center\"><strong>0\u20ac<\/strong><\/div>\n<\/td>\n<\/tr>\n<tr>\n<td height=\"20\">Demandes imm\u00e9diates<\/td>\n<td>\n<div align=\"center\"><strong>OK<\/strong><\/div>\n<\/td>\n<td>\n<div align=\"center\"><strong>OK<\/strong><\/div>\n<\/td>\n<td>\n<div align=\"center\"><strong>OK<\/strong><\/div>\n<\/td>\n<\/tr>\n<tr bgcolor=\"#E9E9E9\">\n<td height=\"20\">Courses sur r\u00e9servation<\/td>\n<td>\n<div align=\"center\"><strong>No<\/strong><\/div>\n<\/td>\n<td>\n<div align=\"center\"><strong>OK<\/strong><\/div>\n<\/td>\n<td>\n<div align=\"center\"><strong>OK<\/strong><\/div>\n<\/td>\n<\/tr>\n<tr>\n<td height=\"20\">Priorit\u00e9 de notification<\/td>\n<td>\n<div align=\"center\"><strong>No<\/strong><\/div>\n<\/td>\n<td>\n<div align=\"center\"><strong>No<\/strong><\/div>\n<\/td>\n<td>\n<div align=\"center\"><strong>OK<\/strong><\/div>\n<\/td>\n<\/tr>\n<tr bgcolor=\"#36517D\">\n<td height=\"20\">Commission Application<\/td>\n<td>\n<div align=\"center\"><strong>10%<\/strong><\/div>\n<\/td>\n<td>\n<div align=\"center\"><strong>20%<\/strong><\/div>\n<\/td>\n<td>\n<div align=\"center\"><strong>30%<\/strong><\/div>\n<\/td>\n<\/tr>\n<\/tbody>\n<\/table>\n<p>[\/vc_column_text][vc_empty_space hide_on_mobile=\u201d\u201d][vc_empty_space hide_on_mobile=\u201d\u201d][vc_empty_space hide_on_mobile=\u201d\u201d]<\/div><div class=\"sc_item_button sc_item_button_default sc_table_button sc_align_left sc_button_wrap\"><a href=\"https:\/\/www.urban-driver.com\/inscription-chauffeur.php\" id=\"sc_button_1541210888\" class=\"sc_button sc_button_default sc_button_size_normal sc_button_icon_left\"><span class=\"sc_button_text\"><span class=\"sc_button_title\">Inscription en ligne<\/span><\/span><!-- \/.sc_button_text --><\/a><!-- \/.sc_button --><\/div><!-- \/.sc_item_button sc_item_button_default sc_table_button sc_align_left --><\/div><!-- \/.sc_table_wrap -->[vc_empty_space hide_on_mobile=&#8221;&#8221;][\/vc_column][\/vc_row]<\/p>\n<\/div>","protected":false},"excerpt":{"rendered":"<p>[vc_row css=&#8221;.vc_custom_1492405135279{background-position: center !important;background-repeat: no-repeat !important;background-size: cover !important;}&#8221; el_class=&#8221;mobile_bg_off&#8221;][vc_column][vc_empty_space height=&#8221;2em&#8221; alter_height=&#8221;small&#8221; hide_on_mobile=&#8221;&#8221;][vc_row_inner css=&#8221;.vc_custom_1549319794902{margin-left: 10px !important;}&#8221;][vc_column_inner width=&#8221;1\/3&#8243;][vc_empty_space][vc_empty_space][vc_empty_space][vc_empty_space][vc_single_image image=&#8221;1404&#8243; img_size=&#8221;full&#8221; alignment=&#8221;center&#8221;][vc_empty_space][vc_empty_space hide_on_mobile=&#8221;&#8221;][\/vc_column_inner][vc_column_inner el_class=&#8221;remove_margin_mobile&#8221; width=&#8221;2\/3&#8243; css=&#8221;.vc_custom_1585326795817{margin-left: 50px !important;}&#8221;][vc_custom_heading text=&#8221;Chauffeur partenaire&#8221; font_container=&#8221;tag:h6|font_size:12px|text_align:left|color:%23b70604|line_height:0.8em&#8221; use_theme_fonts=&#8221;yes&#8221; css=&#8221;.vc_custom_1585323937541{margin-top: 0px !important;margin-bottom: 0px !important;}&#8221;][vc_empty_space height=&#8221;1.5em&#8221; alter_height=&#8221;none&#8221; hide_on_mobile=&#8221;&#8221;][vc_custom_heading text=&#8221;Pourquoi devenir chauffeur affili\u00e9 URBAN DRIVER ?&#8221; use_theme_fonts=&#8221;yes&#8221;&hellip;<\/p>\n","protected":false},"author":1,"featured_media":0,"parent":0,"menu_order":0,"comment_status":"closed","ping_status":"closed","template":"","meta":{"footnotes":""},"class_list":["post-1403","page","type-page","status-publish","hentry"],"yoast_head":"<!-- This site is optimized with the Yoast SEO plugin v27.4 - https:\/\/yoast.com\/product\/yoast-seo-wordpress\/ -->\n<title>Devenez chauffeur partenaire URBANDRIVER<\/title>\n<meta name=\"description\" content=\"Rejoignez URBANDRIVER pour un compl\u00e9ment d&#039;activit\u00e9 ou des courses r\u00e9guli\u00e8res.\" \/>\n<meta name=\"robots\" content=\"index, follow, max-snippet:-1, max-image-preview:large, max-video-preview:-1\" \/>\n<link rel=\"canonical\" href=\"https:\/\/www.urban-driver.com\/en\/devenir-chauffeur.php\" \/>\n<meta property=\"og:locale\" content=\"en_US\" \/>\n<meta property=\"og:type\" content=\"article\" \/>\n<meta property=\"og:title\" content=\"Devenez chauffeur partenaire URBANDRIVER\" \/>\n<meta property=\"og:description\" content=\"Rejoignez URBANDRIVER pour un compl\u00e9ment d&#039;activit\u00e9 ou des courses r\u00e9guli\u00e8res.\" \/>\n<meta property=\"og:url\" content=\"https:\/\/www.urban-driver.com\/en\/devenir-chauffeur.php\" \/>\n<meta property=\"og:site_name\" content=\"Taxi moto | Urban Driver\" \/>\n<meta property=\"article:modified_time\" content=\"2026-04-14T08:38:18+00:00\" \/>\n<meta name=\"twitter:card\" content=\"summary_large_image\" \/>\n<meta name=\"twitter:label1\" content=\"Est. reading time\" \/>\n\t<meta name=\"twitter:data1\" content=\"6 minutes\" \/>\n<script type=\"application\/ld+json\" class=\"yoast-schema-graph\">{\"@context\":\"https:\\\/\\\/schema.org\",\"@graph\":[{\"@type\":\"WebPage\",\"@id\":\"https:\\\/\\\/www.urban-driver.com\\\/en\\\/devenir-chauffeur.php\",\"url\":\"https:\\\/\\\/www.urban-driver.com\\\/en\\\/devenir-chauffeur.php\",\"name\":\"Devenez chauffeur partenaire URBANDRIVER\",\"isPartOf\":{\"@id\":\"https:\\\/\\\/www.urban-driver.com\\\/en\\\/#website\"},\"datePublished\":\"2017-05-03T07:57:56+00:00\",\"dateModified\":\"2026-04-14T08:38:18+00:00\",\"description\":\"Rejoignez URBANDRIVER pour un compl\u00e9ment d'activit\u00e9 ou des courses r\u00e9guli\u00e8res.\",\"breadcrumb\":{\"@id\":\"https:\\\/\\\/www.urban-driver.com\\\/en\\\/devenir-chauffeur.php#breadcrumb\"},\"inLanguage\":\"en-US\",\"potentialAction\":[{\"@type\":\"ReadAction\",\"target\":[\"https:\\\/\\\/www.urban-driver.com\\\/en\\\/devenir-chauffeur.php\"]}]},{\"@type\":\"BreadcrumbList\",\"@id\":\"https:\\\/\\\/www.urban-driver.com\\\/en\\\/devenir-chauffeur.php#breadcrumb\",\"itemListElement\":[{\"@type\":\"ListItem\",\"position\":1,\"name\":\"Urban Driver\",\"item\":\"https:\\\/\\\/www.urban-driver.com\\\/en\\\/\"},{\"@type\":\"ListItem\",\"position\":2,\"name\":\"Devenez chauffeur partenaire URBANDRIVER\"}]},{\"@type\":\"WebSite\",\"@id\":\"https:\\\/\\\/www.urban-driver.com\\\/en\\\/#website\",\"url\":\"https:\\\/\\\/www.urban-driver.com\\\/en\\\/\",\"name\":\"Taxi moto | Urban Driver\",\"description\":\"\",\"publisher\":{\"@id\":\"https:\\\/\\\/www.urban-driver.com\\\/en\\\/#organization\"},\"potentialAction\":[{\"@type\":\"SearchAction\",\"target\":{\"@type\":\"EntryPoint\",\"urlTemplate\":\"https:\\\/\\\/www.urban-driver.com\\\/en\\\/?s={search_term_string}\"},\"query-input\":{\"@type\":\"PropertyValueSpecification\",\"valueRequired\":true,\"valueName\":\"search_term_string\"}}],\"inLanguage\":\"en-US\"},{\"@type\":\"Organization\",\"@id\":\"https:\\\/\\\/www.urban-driver.com\\\/en\\\/#organization\",\"name\":\"URBAN DRIVER\",\"alternateName\":\"Urban\",\"url\":\"https:\\\/\\\/www.urban-driver.com\\\/en\\\/\",\"logo\":{\"@type\":\"ImageObject\",\"inLanguage\":\"en-US\",\"@id\":\"https:\\\/\\\/www.urban-driver.com\\\/en\\\/#\\\/schema\\\/logo\\\/image\\\/\",\"url\":\"https:\\\/\\\/www.urban-driver.com\\\/wp-content\\\/uploads\\\/2016\\\/12\\\/urban_driver.png\",\"contentUrl\":\"https:\\\/\\\/www.urban-driver.com\\\/wp-content\\\/uploads\\\/2016\\\/12\\\/urban_driver.png\",\"width\":300,\"height\":39,\"caption\":\"URBAN DRIVER\"},\"image\":{\"@id\":\"https:\\\/\\\/www.urban-driver.com\\\/en\\\/#\\\/schema\\\/logo\\\/image\\\/\"}}]}<\/script>\n<!-- \/ Yoast SEO plugin. -->","yoast_head_json":{"title":"Devenez chauffeur partenaire URBANDRIVER","description":"Rejoignez URBANDRIVER pour un compl\u00e9ment d'activit\u00e9 ou des courses r\u00e9guli\u00e8res.","robots":{"index":"index","follow":"follow","max-snippet":"max-snippet:-1","max-image-preview":"max-image-preview:large","max-video-preview":"max-video-preview:-1"},"canonical":"https:\/\/www.urban-driver.com\/en\/devenir-chauffeur.php","og_locale":"en_US","og_type":"article","og_title":"Devenez chauffeur partenaire URBANDRIVER","og_description":"Rejoignez URBANDRIVER pour un compl\u00e9ment d'activit\u00e9 ou des courses r\u00e9guli\u00e8res.","og_url":"https:\/\/www.urban-driver.com\/en\/devenir-chauffeur.php","og_site_name":"Taxi moto | Urban Driver","article_modified_time":"2026-04-14T08:38:18+00:00","twitter_card":"summary_large_image","twitter_misc":{"Est. reading time":"6 minutes"},"schema":{"@context":"https:\/\/schema.org","@graph":[{"@type":"WebPage","@id":"https:\/\/www.urban-driver.com\/en\/devenir-chauffeur.php","url":"https:\/\/www.urban-driver.com\/en\/devenir-chauffeur.php","name":"Devenez chauffeur partenaire URBANDRIVER","isPartOf":{"@id":"https:\/\/www.urban-driver.com\/en\/#website"},"datePublished":"2017-05-03T07:57:56+00:00","dateModified":"2026-04-14T08:38:18+00:00","description":"Rejoignez URBANDRIVER pour un compl\u00e9ment d'activit\u00e9 ou des courses r\u00e9guli\u00e8res.","breadcrumb":{"@id":"https:\/\/www.urban-driver.com\/en\/devenir-chauffeur.php#breadcrumb"},"inLanguage":"en-US","potentialAction":[{"@type":"ReadAction","target":["https:\/\/www.urban-driver.com\/en\/devenir-chauffeur.php"]}]},{"@type":"BreadcrumbList","@id":"https:\/\/www.urban-driver.com\/en\/devenir-chauffeur.php#breadcrumb","itemListElement":[{"@type":"ListItem","position":1,"name":"Urban Driver","item":"https:\/\/www.urban-driver.com\/en\/"},{"@type":"ListItem","position":2,"name":"Devenez chauffeur partenaire URBANDRIVER"}]},{"@type":"WebSite","@id":"https:\/\/www.urban-driver.com\/en\/#website","url":"https:\/\/www.urban-driver.com\/en\/","name":"Taxi moto | Urban Driver","description":"","publisher":{"@id":"https:\/\/www.urban-driver.com\/en\/#organization"},"potentialAction":[{"@type":"SearchAction","target":{"@type":"EntryPoint","urlTemplate":"https:\/\/www.urban-driver.com\/en\/?s={search_term_string}"},"query-input":{"@type":"PropertyValueSpecification","valueRequired":true,"valueName":"search_term_string"}}],"inLanguage":"en-US"},{"@type":"Organization","@id":"https:\/\/www.urban-driver.com\/en\/#organization","name":"URBAN DRIVER","alternateName":"Urban","url":"https:\/\/www.urban-driver.com\/en\/","logo":{"@type":"ImageObject","inLanguage":"en-US","@id":"https:\/\/www.urban-driver.com\/en\/#\/schema\/logo\/image\/","url":"https:\/\/www.urban-driver.com\/wp-content\/uploads\/2016\/12\/urban_driver.png","contentUrl":"https:\/\/www.urban-driver.com\/wp-content\/uploads\/2016\/12\/urban_driver.png","width":300,"height":39,"caption":"URBAN DRIVER"},"image":{"@id":"https:\/\/www.urban-driver.com\/en\/#\/schema\/logo\/image\/"}}]}},"_links":{"self":[{"href":"https:\/\/www.urban-driver.com\/en\/wp-json\/wp\/v2\/pages\/1403","targetHints":{"allow":["GET"]}}],"collection":[{"href":"https:\/\/www.urban-driver.com\/en\/wp-json\/wp\/v2\/pages"}],"about":[{"href":"https:\/\/www.urban-driver.com\/en\/wp-json\/wp\/v2\/types\/page"}],"author":[{"embeddable":true,"href":"https:\/\/www.urban-driver.com\/en\/wp-json\/wp\/v2\/users\/1"}],"replies":[{"embeddable":true,"href":"https:\/\/www.urban-driver.com\/en\/wp-json\/wp\/v2\/comments?post=1403"}],"version-history":[{"count":3,"href":"https:\/\/www.urban-driver.com\/en\/wp-json\/wp\/v2\/pages\/1403\/revisions"}],"predecessor-version":[{"id":9236,"href":"https:\/\/www.urban-driver.com\/en\/wp-json\/wp\/v2\/pages\/1403\/revisions\/9236"}],"wp:attachment":[{"href":"https:\/\/www.urban-driver.com\/en\/wp-json\/wp\/v2\/media?parent=1403"}],"curies":[{"name":"wp","href":"https:\/\/api.w.org\/{rel}","templated":true}]}}