{"id":1363,"date":"2017-05-03T06:41:33","date_gmt":"2017-05-03T04:41:33","guid":{"rendered":"http:\/\/48h.fr\/?page_id=1363"},"modified":"2026-01-26T22:47:16","modified_gmt":"2026-01-26T21:47:16","slug":"7eme-arrondissement","status":"publish","type":"page","link":"https:\/\/www.urban-driver.com\/en\/7eme_arrondissement.php","title":{"rendered":"Transport au d\u00e9part du 7eme arrondissement"},"content":{"rendered":"<div class=\"wpb-content-wrapper\"><p>[vc_row][vc_column]<div id=\"sc_title_563950748\"\n\t\tclass=\"sc_title sc_title_default\"><h6 class=\"sc_item_subtitle sc_title_subtitle sc_align_left sc_item_title_style_default\">Combien co\u00fbte un taxi moto entre Tour Eiffel et ...<\/h6><h2 class=\"sc_item_title sc_title_title sc_align_left sc_item_title_style_default sc_item_title_tag\">Taxi moto Paris 7\u00e8me arrondissement<\/h2><\/div><!-- \/.sc_title -->[vc_column_text css=&#8221;&#8221;]Depuis les Invalides, la Tour Eiffel ou le Champ-de-Mars, optez pour un <a href=\"https:\/\/www.urban-driver.com\/en\/taxi-moto-paris\/\"><strong>moto taxi \u00e0 Paris<\/strong><\/a> avec Urban Driver et \u00e9vitez les longues attentes dans la circulation. Une solution rapide pour vos trajets vers les gares ou les a\u00e9roports.[\/vc_column_text][\/vc_column][\/vc_row][vc_row][vc_column width=&#8221;1\/2&#8243;][vc_empty_space alter_height=&#8221;small&#8221; hide_on_mobile=&#8221;&#8221;]<div  id=\"sc_price_532890425\" \n\tclass=\"sc_price sc_price_default\"><div class=\"sc_price_info\"><div class=\"sc_price_subtitle\">Temps de trajet moyen 23 minutes<\/div><div class=\"sc_price_title\"><a href=\"https:\/\/booking.urban-driver.com\/Inscription\">Paris 7eme - Orly<\/a><\/div><div class=\"sc_price_description\">(*en semaine entre 7h00 et 20h00)<\/div><div class=\"sc_price_price\"><span class=\"sc_price_value\">Forfait 74\u20ac*<\/span><\/div>\t<\/div><a href=\"https:\/\/booking.urban-driver.com\/Inscription\" class=\"sc_price_link sc_button_default\" target=\"_blank\"><span>R\u00e9server<\/span><\/a>\n<\/div>[\/vc_column][vc_column width=&#8221;1\/2&#8243;][vc_empty_space alter_height=&#8221;small&#8221; hide_on_mobile=&#8221;&#8221;]<div  id=\"sc_price_597387388\" \n\tclass=\"sc_price sc_price_default\"><div class=\"sc_price_info\"><div class=\"sc_price_subtitle\">Temps de trajet moyen 38 minutes<\/div><div class=\"sc_price_title\"><a href=\"https:\/\/booking.urban-driver.com\/Inscription\">Paris 7eme - Roissy CDG<\/a><\/div><div class=\"sc_price_description\">(*en semaine entre 07h00 et 20h00)<\/div><div class=\"sc_price_price\"><span class=\"sc_price_value\">Forfait 95\u20ac*<\/span><\/div>\t<\/div><a href=\"https:\/\/booking.urban-driver.com\/Inscription\" class=\"sc_price_link sc_button_default\" target=\"_blank\"><span>R\u00e9server<\/span><\/a>\n<\/div>[\/vc_column][\/vc_row][vc_row full_width=&#8221;stretch_row&#8221; css=&#8221;.vc_custom_1734529139136{background-color: #F5F7F8 !important;}&#8221;][vc_column]<div id=\"sc_skills_1915443657\"\n\t\tclass=\"sc_skills sc_skills_counter\"\n\t\t\t\tdata-type=\"counter\"\n\t\t><h3 class=\"sc_item_title sc_skills_title sc_align_center sc_item_title_style_default\">En bref<\/h3><div class=\"sc_skills_columns sc_item_columns trx_addons_columns_wrap columns_padding_bottom\"><div class=\"sc_skills_column trx_addons_column-1_3\"><div class=\"sc_skills_item_wrap\"><div class=\"sc_skills_item\"><div class=\"sc_skills_total\" data-start=\"0\" data-stop=\"82\" data-step=\"60\" data-max=\"6000\" data-speed=\"18\" data-duration=\"25\" data-ed=\"\">0<\/div><\/div><div class=\"sc_skills_item_title\">Chauffeurs affili\u00e9s<\/div><\/div><\/div><div class=\"sc_skills_column trx_addons_column-1_3\"><div class=\"sc_skills_item_wrap\"><div class=\"sc_skills_item\"><div class=\"sc_skills_total\" data-start=\"0\" data-stop=\"5224\" data-step=\"60\" data-max=\"6000\" data-speed=\"25\" data-duration=\"2177\" data-ed=\"\">0<\/div><\/div><div class=\"sc_skills_item_title\">Nombre de trajets r\u00e9alis\u00e9s cette ann\u00e9e<\/div><\/div><\/div><div class=\"sc_skills_column trx_addons_column-1_3\"><div class=\"sc_skills_item_wrap\"><div class=\"sc_skills_item\"><div class=\"sc_skills_total\" data-start=\"0\" data-stop=\"18757\" data-step=\"60\" data-max=\"6000\" data-speed=\"40\" data-duration=\"12505\" data-ed=\"\">0<\/div><\/div><div class=\"sc_skills_item_title\">Nombre de clients<\/div><\/div><\/div><\/div><\/div>[\/vc_column][\/vc_row][vc_row equal_height=&#8221;yes&#8221; css=&#8221;.vc_custom_1734529589949{background-color: #FFFFFF !important;}&#8221;][vc_column width=&#8221;1\/3&#8243; css=&#8221;.vc_custom_1734433963118{background-image: url(https:\/\/www.urban-driver.com\/wp-content\/uploads\/2017\/01\/moto-taxi.jpg?id=1038) !important;background-position: center !important;background-repeat: no-repeat !important;background-size: cover !important;}&#8221;][vc_empty_space alter_height=&#8221;medium&#8221; hide_on_mobile=&#8221;&#8221;][vc_empty_space alter_height=&#8221;medium&#8221; hide_on_mobile=&#8221;&#8221;][vc_empty_space alter_height=&#8221;medium&#8221; hide_on_mobile=&#8221;&#8221;][vc_empty_space alter_height=&#8221;medium&#8221; hide_on_mobile=&#8221;&#8221;][vc_empty_space alter_height=&#8221;medium&#8221; hide_on_mobile=&#8221;&#8221;][vc_empty_space alter_height=&#8221;medium&#8221; hide_on_mobile=&#8221;&#8221;][\/vc_column][vc_column width=&#8221;1\/3&#8243; css=&#8221;.vc_custom_1734529523755{background-color: #B70604 !important;}&#8221;][vc_empty_space height=&#8221;2.6em&#8221; alter_height=&#8221;small&#8221; hide_on_mobile=&#8221;&#8221;][vc_custom_heading text=&#8221;50%&#8221; font_container=&#8221;tag:p|font_size:100|text_align:center|color:%23FFFFFF&#8221; use_theme_fonts=&#8221;yes&#8221; css=&#8221;&#8221;][vc_custom_heading text=&#8221;Temps gagn\u00e9 par rapport au m\u00eame trajet effectu\u00e9 en voiture&#8221; font_container=&#8221;tag:h6|font_size:11|text_align:center|color:%23FFFFFF&#8221; use_theme_fonts=&#8221;yes&#8221; css=&#8221;&#8221;][vc_empty_space height=&#8221;2.6em&#8221; alter_height=&#8221;small&#8221; hide_on_mobile=&#8221;&#8221;][\/vc_column][vc_column width=&#8221;1\/3&#8243; css=&#8221;.vc_custom_1734529534536{background-color: #B70604 !important;}&#8221;][vc_empty_space height=&#8221;2.6em&#8221; alter_height=&#8221;small&#8221; hide_on_mobile=&#8221;&#8221;][vc_empty_space height=&#8221;2.6em&#8221; alter_height=&#8221;small&#8221; hide_on_mobile=&#8221;&#8221;][vc_custom_heading text=&#8221;Optimisez vos temps de trajet en toute s\u00e9curit\u00e9&#8221; font_container=&#8221;tag:p|font_size:33|text_align:center|color:%23FFFFFF&#8221; use_theme_fonts=&#8221;yes&#8221; css=&#8221;&#8221;][vc_empty_space height=&#8221;2.6em&#8221; alter_height=&#8221;small&#8221; hide_on_mobile=&#8221;&#8221;][vc_empty_space height=&#8221;2.6em&#8221; alter_height=&#8221;small&#8221; hide_on_mobile=&#8221;&#8221;][\/vc_column][\/vc_row][vc_row css=&#8221;.vc_custom_1767033003839{margin-top: 33px !important;margin-bottom: 33px !important;}&#8221;][vc_column][vc_custom_heading text=&#8221;Tarifs et temps de trajet au d\u00e9part de Paris 7\u00b0 arrondissement&#8221; font_container=&#8221;tag:h3|text_align:left&#8221; use_theme_fonts=&#8221;yes&#8221; css=&#8221;&#8221;][vc_column_text css=&#8221;&#8221;]\n<table id=\"tablepress-7\" class=\"tablepress tablepress-id-7\">\n<thead>\n<tr class=\"row-1\">\n\t<th class=\"column-1\">Trajet de Paris 7eme arrondissement vers\u2026<\/th><th class=\"column-2\">Prix<\/th><th class=\"column-3\">Temps de trajet<\/th>\n<\/tr>\n<\/thead>\n<tbody class=\"row-striping row-hover\">\n<tr class=\"row-2\">\n\t<td class=\"column-1\">Gare du Nord<\/td><td class=\"column-2\">A partir de 53\u20ac<\/td><td class=\"column-3\">Env. 19 minutes<\/td>\n<\/tr>\n<tr class=\"row-3\">\n\t<td class=\"column-1\">Orly a\u00e9roport<\/td><td class=\"column-2\">A partir de 74\u20ac<\/td><td class=\"column-3\">Env. 23 minutes<\/td>\n<\/tr>\n<tr class=\"row-4\">\n\t<td class=\"column-1\">Roissy a\u00e9roport<\/td><td class=\"column-2\">A partir de 95\u20ac<\/td><td class=\"column-3\">Env. 38 minutes<\/td>\n<\/tr>\n<\/tbody>\n<\/table>\n<!-- #tablepress-7 from cache -->[\/vc_column_text][\/vc_column][\/vc_row][vc_row css=&#8221;.vc_custom_1734454163806{margin-top: 33px !important;margin-bottom: 33px !important;}&#8221;][vc_column][vc_custom_heading text=&#8221;A la d\u00e9couverte du 7e arrondissement de Paris&#8221; font_container=&#8221;tag:h4|text_align:left&#8221; use_theme_fonts=&#8221;yes&#8221; css=&#8221;&#8221;][vc_row_inner][vc_column_inner width=&#8221;1\/3&#8243;][vc_empty_space alter_height=&#8221;medium&#8221; hide_on_mobile=&#8221;&#8221;][vc_single_image image=&#8221;7419&#8243; img_size=&#8221;medium&#8221; alignment=&#8221;center&#8221; css=&#8221;&#8221;][\/vc_column_inner][vc_column_inner width=&#8221;2\/3&#8243;][vc_column_text css=&#8221;&#8221;]Le 7\u00b0 arrondissement de paris, situ\u00e9 le long de la rive gauche, est souvent appel\u00e9 le quartier des ministres car il abrite un tr\u00e8s grand nombre de minist\u00e8re (minist\u00e8re des Affaires \u00e9trang\u00e8res, minist\u00e8re de la D\u00e9fense\u2019, Minist\u00e8re de l\u2019Education nationale, minist\u00e8re du Travail, minist\u00e8re des transports, minist\u00e8re de l\u2019Agriculture, minist\u00e8re de la Sant\u00e9); il abrite aussi certains des plus beaux monuments de Paris : les Invalides, la Tour Eiffel, l\u2019\u00c9cole Militaire et le Champ de Mars.<\/p>\n<p>Depuis le 7\u00b0 arrondissement de Paris, l\u2019acc\u00e8s \u00e0 l\u2019a\u00e9roport d\u2019Orly en taxis motos est incontestablement le moyen de transport le plus rapide dans la capitale. Comptez 25 minutes porte \u00e0 porte \u00e0 toute heure de la journ\u00e9e.[\/vc_column_text][\/vc_column_inner][\/vc_row_inner][\/vc_column][\/vc_row][vc_row css=&#8221;.vc_custom_1734470100593{margin-top: 33px !important;margin-bottom: 33px !important;}&#8221;][vc_column][vc_row_inner][vc_column_inner width=&#8221;1\/2&#8243;][vc_custom_heading text=&#8221;Etat de la circulation \u00e0 Paris 7eme arrondissement&#8221; font_container=&#8221;tag:h4|text_align:left&#8221; use_theme_fonts=&#8221;yes&#8221; css=&#8221;&#8221;][vc_column_text css=&#8221;&#8221;]<center><iframe src=\"http:\/\/maps.google.fr\/maps?f=q&amp;source=s_q&amp;hl=fr&amp;geocode=&amp;q=PARIS+75007&amp;aq=&amp;sll=48.848168,2.335453&amp;sspn=0.04174,0.104628&amp;vpsrc=0&amp;ie=UTF8&amp;hq=&amp;hnear=7e+Arrondissement,+Paris,+%C3%8Ele-de-France&amp;ll=48.848168,2.335453&amp;spn=0.041731,0.104628&amp;t=m&amp;z=14&amp;output=embed\" width=\"425\" height=\"350\" frameborder=\"0\" marginwidth=\"0\" marginheight=\"0\" scrolling=\"no\" data-mce-fragment=\"1\"><\/iframe><br \/>\n<small><a href=\"http:\/\/maps.google.fr\/maps?f=q&amp;source=embed&amp;hl=fr&amp;geocode=&amp;q=PARIS+75007&amp;aq=&amp;sll=48.848168,2.335453&amp;sspn=0.04174,0.104628&amp;vpsrc=0&amp;ie=UTF8&amp;hq=&amp;hnear=7e+Arrondissement,+Paris,+%C3%8Ele-de-France&amp;ll=48.848168,2.335453&amp;spn=0.041731,0.104628&amp;t=m&amp;z=14\">Agrandir le plan<\/a><\/small><\/center>[\/vc_column_text][vc_column_text css=&#8221;&#8221;]Pour obtenir des informations en temps r\u00e9el sur le trafic, agrandissez la carte puis cliquez sur calques et s\u00e9lectionnez <b>Trafic<\/b>.[\/vc_column_text][\/vc_column_inner][vc_column_inner width=&#8221;1\/2&#8243;][vc_custom_heading text=&#8221;Les quartiers du 7eme arrondissement&#8221; font_container=&#8221;tag:h4|text_align:left&#8221; use_theme_fonts=&#8221;yes&#8221; css=&#8221;&#8221;][vc_column_text css=&#8221;&#8221;]<\/p>\n<ul class=\"trx_addons_list trx_addons_list_minus\">\n<li>Champs de Mars \/ Pont de l&#8217;Alma<\/li>\n<li>Ecole Militaire \/ Breteuil<\/li>\n<li>La Tour Maubourg \/ Rue Cler<\/li>\n<li>Invalides \/ rue du Bac<\/li>\n<li>Varenne \/ Duroc<\/li>\n<\/ul>\n<p>[\/vc_column_text][\/vc_column_inner][\/vc_row_inner][\/vc_column][\/vc_row][vc_row css=&#8221;.vc_custom_1767033295208{margin-top: 22px !important;margin-bottom: 22px !important;}&#8221;][vc_column][vc_custom_heading text=&#8221;Les principales rue du 7eme arrondissement&#8221; font_container=&#8221;tag:h4|text_align:left&#8221; use_theme_fonts=&#8221;yes&#8221; css=&#8221;&#8221;][vc_row_inner][vc_column_inner width=&#8221;1\/3&#8243;][vc_column_text css=&#8221;&#8221;]<\/p>\n<ul class=\"trx_addons_list trx_addons_list_minus\">\n<li>Rue de Babylone<\/li>\n<li>Rue du Bac<\/li>\n<li>Avenue Bosquet<\/li>\n<li>Avenue de la Bourdonnais<\/li>\n<li>Rue de Bourgogne<\/li>\n<li>Avenue de Breteuil<\/li>\n<li>Rue de Grenelle<\/li>\n<li>Rue de Lille<\/li>\n<li>Avenue de la Motte Picquet<\/li>\n<li>Boulevard Raspail<\/li>\n<\/ul>\n<p>[\/vc_column_text][\/vc_column_inner][vc_column_inner width=&#8221;1\/3&#8243;][vc_column_text css=&#8221;&#8221;]<\/p>\n<ul class=\"trx_addons_list trx_addons_list_minus\">\n<li>Rue Saint Dominique<\/li>\n<li>Boulevard Saint-Germain<\/li>\n<li>Rue des Saints-P\u00e8res<\/li>\n<li>Avenue de S\u00e9gur<\/li>\n<li>Rue de S\u00e8vres<\/li>\n<li>Avenue de Suffren<\/li>\n<li>Boulevard de La Tour Maubourg<\/li>\n<li>Rue de l&#8217;Universit\u00e9<\/li>\n<li>Rue Vaneau<\/li>\n<li>Rue de Varenne<\/li>\n<\/ul>\n<p>[\/vc_column_text][\/vc_column_inner][vc_column_inner width=&#8221;1\/3&#8243;][vc_empty_space alter_height=&#8221;medium&#8221; hide_on_mobile=&#8221;&#8221;][vc_single_image image=&#8221;8261&#8243; img_size=&#8221;medium&#8221; alignment=&#8221;center&#8221; css=&#8221;&#8221;][\/vc_column_inner][\/vc_row_inner][\/vc_column][\/vc_row][vc_row css=&#8221;.vc_custom_1769437996033{margin-top: 12px !important;margin-bottom: 12px !important;}&#8221;][vc_column][vc_column_text css=&#8221;&#8221;]Nos secteurs d&#8217;intervention \u00e0 proximit\u00e9 : &#8220;Id\u00e9alement situ\u00e9s sur la Rive Gauche, nos pilotes assurent \u00e9galement vos trajets au d\u00e9part des arrondissements limitrophes. Vous pouvez ainsi commander votre taxi moto dans le <a href=\"https:\/\/www.urban-driver.com\/en\/5eme_arrondissement.php\">5\u00e8me (Quartier Latin)<\/a>, le <a href=\"https:\/\/www.urban-driver.com\/en\/7eme_arrondissement.php\">7\u00e8me (Invalides \/ Tour Eiffel)<\/a>, le <a href=\"https:\/\/www.urban-driver.com\/en\/14eme_arrondissement.php\">14\u00e8me (Montparnasse)<\/a> ainsi que dans le <a href=\"https:\/\/www.urban-driver.com\/en\/15eme_arrondissement.php\">15\u00e8me arrondissement (Vaugirard \/ Grenelle)<\/a>.&#8221;[\/vc_column_text][\/vc_column][\/vc_row][vc_row full_width=&#8221;stretch_row&#8221; css=&#8221;.vc_custom_1734454074884{background-image: url(https:\/\/www.urban-driver.com\/wp-content\/uploads\/2017\/01\/illustration2.jpg?id=1062) !important;}&#8221;][vc_column][vc_custom_heading text=&#8221;Fini le temps perdu dans les bouchons&#8221; font_container=&#8221;tag:p|font_size:44|text_align:center|color:%23FFFFFF&#8221; use_theme_fonts=&#8221;yes&#8221; css=&#8221;.vc_custom_1769438146997{margin-top: 12px !important;}&#8221;]<div class=\"sc_item_button sc_button_wrap\"><a href=\"https:\/\/booking.urban-driver.com\/Inscription\" id=\"sc_button_1339682012\" class=\"sc_button sc_button_default  vc_custom_1734451724087 sc_button_size_normal sc_button_icon_left\"><span class=\"sc_button_text sc_align_center\"><span class=\"sc_button_title\">Je m&#039;inscris<\/span><\/span><!-- \/.sc_button_text --><\/a><!-- \/.sc_button --><\/div><!-- \/.sc_item_button -->[\/vc_column][\/vc_row]<\/p>\n<\/div>","protected":false},"excerpt":{"rendered":"<p>[vc_row][vc_column][vc_column_text css=&#8221;&#8221;]Depuis les Invalides, la Tour Eiffel ou le Champ-de-Mars, optez pour un moto taxi \u00e0 Paris avec Urban Driver et \u00e9vitez les longues attentes dans la circulation. Une solution rapide pour vos trajets vers les gares ou les a\u00e9roports.[\/vc_column_text][\/vc_column][\/vc_row][vc_row][vc_column width=&#8221;1\/2&#8243;][vc_empty_space alter_height=&#8221;small&#8221; hide_on_mobile=&#8221;&#8221;][\/vc_column][vc_column width=&#8221;1\/2&#8243;][vc_empty_space alter_height=&#8221;small&#8221;&hellip;<\/p>\n","protected":false},"author":1,"featured_media":0,"parent":1262,"menu_order":5,"comment_status":"closed","ping_status":"closed","template":"","meta":{"footnotes":""},"class_list":["post-1363","page","type-page","status-publish","hentry"],"yoast_head":"<!-- This site is optimized with the Yoast SEO plugin v27.3 - https:\/\/yoast.com\/product\/yoast-seo-wordpress\/ -->\n<title>Taxi moto Paris 75007 | Information &amp; r\u00e9servation<\/title>\n<meta name=\"description\" content=\"Vous souhaitez r\u00e9server une moto taxi au d\u00e9part du 7\u00b0 arrondissement de Paris: Ecole Militaire, Breteuil, Invalides, rue du Bac.\" \/>\n<meta name=\"robots\" content=\"index, follow, max-snippet:-1, max-image-preview:large, max-video-preview:-1\" \/>\n<link rel=\"canonical\" href=\"https:\/\/www.urban-driver.com\/en\/7eme_arrondissement.php\" \/>\n<meta property=\"og:locale\" content=\"en_US\" \/>\n<meta property=\"og:type\" content=\"article\" \/>\n<meta property=\"og:title\" content=\"Taxi moto Paris 75007 | Information &amp; r\u00e9servation\" \/>\n<meta property=\"og:description\" content=\"Vous souhaitez r\u00e9server une moto taxi au d\u00e9part du 7\u00b0 arrondissement de Paris: Ecole Militaire, Breteuil, Invalides, rue du Bac.\" \/>\n<meta property=\"og:url\" content=\"https:\/\/www.urban-driver.com\/en\/7eme_arrondissement.php\" \/>\n<meta property=\"og:site_name\" content=\"Taxi moto | Urban Driver\" \/>\n<meta property=\"article:modified_time\" content=\"2026-01-26T21:47:16+00:00\" \/>\n<meta name=\"twitter:card\" content=\"summary_large_image\" \/>\n<meta name=\"twitter:label1\" content=\"Est. reading time\" \/>\n\t<meta name=\"twitter:data1\" content=\"4 minutes\" \/>\n<script type=\"application\/ld+json\" class=\"yoast-schema-graph\">{\"@context\":\"https:\\\/\\\/schema.org\",\"@graph\":[{\"@type\":\"WebPage\",\"@id\":\"https:\\\/\\\/www.urban-driver.com\\\/en\\\/7eme_arrondissement.php\",\"url\":\"https:\\\/\\\/www.urban-driver.com\\\/en\\\/7eme_arrondissement.php\",\"name\":\"Taxi moto Paris 75007 | Information & r\u00e9servation\",\"isPartOf\":{\"@id\":\"https:\\\/\\\/www.urban-driver.com\\\/en\\\/#website\"},\"datePublished\":\"2017-05-03T04:41:33+00:00\",\"dateModified\":\"2026-01-26T21:47:16+00:00\",\"description\":\"Vous souhaitez r\u00e9server une moto taxi au d\u00e9part du 7\u00b0 arrondissement de Paris: Ecole Militaire, Breteuil, Invalides, rue du Bac.\",\"breadcrumb\":{\"@id\":\"https:\\\/\\\/www.urban-driver.com\\\/en\\\/7eme_arrondissement.php#breadcrumb\"},\"inLanguage\":\"en-US\",\"potentialAction\":[{\"@type\":\"ReadAction\",\"target\":[\"https:\\\/\\\/www.urban-driver.com\\\/en\\\/7eme_arrondissement.php\"]}]},{\"@type\":\"BreadcrumbList\",\"@id\":\"https:\\\/\\\/www.urban-driver.com\\\/en\\\/7eme_arrondissement.php#breadcrumb\",\"itemListElement\":[{\"@type\":\"ListItem\",\"position\":1,\"name\":\"Urban Driver\",\"item\":\"https:\\\/\\\/www.urban-driver.com\\\/en\\\/\"},{\"@type\":\"ListItem\",\"position\":2,\"name\":\"Taxi Moto\",\"item\":\"https:\\\/\\\/www.urban-driver.com\\\/en\\\/moto-taxi.php\"},{\"@type\":\"ListItem\",\"position\":3,\"name\":\"D\u00e9placement en taxi moto dans la capitale ?\",\"item\":\"https:\\\/\\\/www.urban-driver.com\\\/en\\\/taxi-moto-paris\\\/\"},{\"@type\":\"ListItem\",\"position\":4,\"name\":\"Transport au d\u00e9part du 7eme arrondissement\"}]},{\"@type\":\"WebSite\",\"@id\":\"https:\\\/\\\/www.urban-driver.com\\\/en\\\/#website\",\"url\":\"https:\\\/\\\/www.urban-driver.com\\\/en\\\/\",\"name\":\"Taxi moto | Urban Driver\",\"description\":\"\",\"publisher\":{\"@id\":\"https:\\\/\\\/www.urban-driver.com\\\/en\\\/#organization\"},\"potentialAction\":[{\"@type\":\"SearchAction\",\"target\":{\"@type\":\"EntryPoint\",\"urlTemplate\":\"https:\\\/\\\/www.urban-driver.com\\\/en\\\/?s={search_term_string}\"},\"query-input\":{\"@type\":\"PropertyValueSpecification\",\"valueRequired\":true,\"valueName\":\"search_term_string\"}}],\"inLanguage\":\"en-US\"},{\"@type\":\"Organization\",\"@id\":\"https:\\\/\\\/www.urban-driver.com\\\/en\\\/#organization\",\"name\":\"URBAN DRIVER\",\"alternateName\":\"Urban\",\"url\":\"https:\\\/\\\/www.urban-driver.com\\\/en\\\/\",\"logo\":{\"@type\":\"ImageObject\",\"inLanguage\":\"en-US\",\"@id\":\"https:\\\/\\\/www.urban-driver.com\\\/en\\\/#\\\/schema\\\/logo\\\/image\\\/\",\"url\":\"https:\\\/\\\/www.urban-driver.com\\\/wp-content\\\/uploads\\\/2016\\\/12\\\/urban_driver.png\",\"contentUrl\":\"https:\\\/\\\/www.urban-driver.com\\\/wp-content\\\/uploads\\\/2016\\\/12\\\/urban_driver.png\",\"width\":300,\"height\":39,\"caption\":\"URBAN DRIVER\"},\"image\":{\"@id\":\"https:\\\/\\\/www.urban-driver.com\\\/en\\\/#\\\/schema\\\/logo\\\/image\\\/\"}}]}<\/script>\n<!-- \/ Yoast SEO plugin. -->","yoast_head_json":{"title":"Taxi moto Paris 75007 | Information & r\u00e9servation","description":"Vous souhaitez r\u00e9server une moto taxi au d\u00e9part du 7\u00b0 arrondissement de Paris: Ecole Militaire, Breteuil, Invalides, rue du Bac.","robots":{"index":"index","follow":"follow","max-snippet":"max-snippet:-1","max-image-preview":"max-image-preview:large","max-video-preview":"max-video-preview:-1"},"canonical":"https:\/\/www.urban-driver.com\/en\/7eme_arrondissement.php","og_locale":"en_US","og_type":"article","og_title":"Taxi moto Paris 75007 | Information & r\u00e9servation","og_description":"Vous souhaitez r\u00e9server une moto taxi au d\u00e9part du 7\u00b0 arrondissement de Paris: Ecole Militaire, Breteuil, Invalides, rue du Bac.","og_url":"https:\/\/www.urban-driver.com\/en\/7eme_arrondissement.php","og_site_name":"Taxi moto | Urban Driver","article_modified_time":"2026-01-26T21:47:16+00:00","twitter_card":"summary_large_image","twitter_misc":{"Est. reading time":"4 minutes"},"schema":{"@context":"https:\/\/schema.org","@graph":[{"@type":"WebPage","@id":"https:\/\/www.urban-driver.com\/en\/7eme_arrondissement.php","url":"https:\/\/www.urban-driver.com\/en\/7eme_arrondissement.php","name":"Taxi moto Paris 75007 | Information & r\u00e9servation","isPartOf":{"@id":"https:\/\/www.urban-driver.com\/en\/#website"},"datePublished":"2017-05-03T04:41:33+00:00","dateModified":"2026-01-26T21:47:16+00:00","description":"Vous souhaitez r\u00e9server une moto taxi au d\u00e9part du 7\u00b0 arrondissement de Paris: Ecole Militaire, Breteuil, Invalides, rue du Bac.","breadcrumb":{"@id":"https:\/\/www.urban-driver.com\/en\/7eme_arrondissement.php#breadcrumb"},"inLanguage":"en-US","potentialAction":[{"@type":"ReadAction","target":["https:\/\/www.urban-driver.com\/en\/7eme_arrondissement.php"]}]},{"@type":"BreadcrumbList","@id":"https:\/\/www.urban-driver.com\/en\/7eme_arrondissement.php#breadcrumb","itemListElement":[{"@type":"ListItem","position":1,"name":"Urban Driver","item":"https:\/\/www.urban-driver.com\/en\/"},{"@type":"ListItem","position":2,"name":"Taxi Moto","item":"https:\/\/www.urban-driver.com\/en\/moto-taxi.php"},{"@type":"ListItem","position":3,"name":"D\u00e9placement en taxi moto dans la capitale ?","item":"https:\/\/www.urban-driver.com\/en\/taxi-moto-paris\/"},{"@type":"ListItem","position":4,"name":"Transport au d\u00e9part du 7eme arrondissement"}]},{"@type":"WebSite","@id":"https:\/\/www.urban-driver.com\/en\/#website","url":"https:\/\/www.urban-driver.com\/en\/","name":"Taxi moto | Urban Driver","description":"","publisher":{"@id":"https:\/\/www.urban-driver.com\/en\/#organization"},"potentialAction":[{"@type":"SearchAction","target":{"@type":"EntryPoint","urlTemplate":"https:\/\/www.urban-driver.com\/en\/?s={search_term_string}"},"query-input":{"@type":"PropertyValueSpecification","valueRequired":true,"valueName":"search_term_string"}}],"inLanguage":"en-US"},{"@type":"Organization","@id":"https:\/\/www.urban-driver.com\/en\/#organization","name":"URBAN DRIVER","alternateName":"Urban","url":"https:\/\/www.urban-driver.com\/en\/","logo":{"@type":"ImageObject","inLanguage":"en-US","@id":"https:\/\/www.urban-driver.com\/en\/#\/schema\/logo\/image\/","url":"https:\/\/www.urban-driver.com\/wp-content\/uploads\/2016\/12\/urban_driver.png","contentUrl":"https:\/\/www.urban-driver.com\/wp-content\/uploads\/2016\/12\/urban_driver.png","width":300,"height":39,"caption":"URBAN DRIVER"},"image":{"@id":"https:\/\/www.urban-driver.com\/en\/#\/schema\/logo\/image\/"}}]}},"_links":{"self":[{"href":"https:\/\/www.urban-driver.com\/en\/wp-json\/wp\/v2\/pages\/1363","targetHints":{"allow":["GET"]}}],"collection":[{"href":"https:\/\/www.urban-driver.com\/en\/wp-json\/wp\/v2\/pages"}],"about":[{"href":"https:\/\/www.urban-driver.com\/en\/wp-json\/wp\/v2\/types\/page"}],"author":[{"embeddable":true,"href":"https:\/\/www.urban-driver.com\/en\/wp-json\/wp\/v2\/users\/1"}],"replies":[{"embeddable":true,"href":"https:\/\/www.urban-driver.com\/en\/wp-json\/wp\/v2\/comments?post=1363"}],"version-history":[{"count":0,"href":"https:\/\/www.urban-driver.com\/en\/wp-json\/wp\/v2\/pages\/1363\/revisions"}],"up":[{"embeddable":true,"href":"https:\/\/www.urban-driver.com\/en\/wp-json\/wp\/v2\/pages\/1262"}],"wp:attachment":[{"href":"https:\/\/www.urban-driver.com\/en\/wp-json\/wp\/v2\/media?parent=1363"}],"curies":[{"name":"wp","href":"https:\/\/api.w.org\/{rel}","templated":true}]}}