{"id":1330,"date":"2017-05-01T08:28:09","date_gmt":"2017-05-01T06:28:09","guid":{"rendered":"http:\/\/48h.fr\/?page_id=1330"},"modified":"2022-05-04T14:14:17","modified_gmt":"2022-05-04T12:14:17","slug":"differences_taxi_vtc","status":"publish","type":"page","link":"https:\/\/www.urban-driver.com\/en\/differences_taxi_vtc.php","title":{"rendered":"Diff\u00e9rence entre taxi et chauffeur priv\u00e9"},"content":{"rendered":"<div class=\"wpb-content-wrapper\"><p>[vc_row][vc_column]<div id=\"sc_title_422030619\"\n\t\tclass=\"sc_title sc_title_default\"><h6 class=\"sc_item_subtitle sc_title_subtitle sc_align_left sc_item_title_style_default\">Comment choisir ?<\/h6><h3 class=\"sc_item_title sc_title_title sc_align_left sc_item_title_style_default\">Taxi ou VTC<\/h3><\/div><!-- \/.sc_title -->[vc_column_text]Vous voyagez r\u00e9guli\u00e8rement en taxi, vous h\u00e9sitez encore \u00e0 utiliser le <a href=\"https:\/\/www.urban-driver.com\/chauffeur-prive.php\">service de chauffeur priv\u00e9<\/a>, d\u00e9couvrez quelles sont les diff\u00e9rences entre taxis et vtc.[\/vc_column_text][vc_row_inner][vc_column_inner width=&#8221;1\/4&#8243;][vc_empty_space alter_height=&#8221;large&#8221; hide_on_mobile=&#8221;&#8221;][vc_empty_space alter_height=&#8221;large&#8221; hide_on_mobile=&#8221;&#8221;][vc_single_image image=&#8221;6798&#8243; img_size=&#8221;large&#8221; alignment=&#8221;center&#8221;][\/vc_column_inner][vc_column_inner width=&#8221;3\/4&#8243;][vc_custom_heading text=&#8221;VTC : des tarifs forfaitaires&#8221; use_theme_fonts=&#8221;yes&#8221;][vc_column_text]<em>Les tarifs des taxis sont r\u00e9glement\u00e9s et sont compos\u00e9s des frais de prise en charge, du prix par kilom\u00e8tre, du prix selon la dur\u00e9e du trajet, auxquels peuvent s&#8217;ajouter des majorations et suppl\u00e9ments. La facturation des courses des taxis se fait au compteur.<\/em><\/p>\n<p>Pour les VTC :<\/p>\n<ul class=\"trx_addons_list trx_addons_list_minus\">\n<li>Les prix sont fixes et connus d\u00e8s votre r\u00e9servation, pas de mauvaise surprise, vous connaissez \u00e0 l&#8217;avance le <a href=\"https:\/\/www.urban-driver.com\/tarifs_vtc.php\">prix de votre transfert en VTC<\/a> quel que soit le trafic.<\/li>\n<li>Pas de frais d&#8217;approche,<\/li>\n<li>Pas de suppl\u00e9ment bagage ou passager.<\/li>\n<\/ul>\n<p>[\/vc_column_text][\/vc_column_inner][\/vc_row_inner][vc_separator][vc_row_inner][vc_column_inner width=&#8221;1\/4&#8243;][vc_empty_space alter_height=&#8221;large&#8221; hide_on_mobile=&#8221;&#8221;][vc_empty_space alter_height=&#8221;large&#8221; hide_on_mobile=&#8221;&#8221;][vc_single_image image=&#8221;6796&#8243; img_size=&#8221;large&#8221; alignment=&#8221;center&#8221;][\/vc_column_inner][vc_column_inner width=&#8221;3\/4&#8243;][vc_custom_heading text=&#8221;VTC : V\u00e9hicules de standing&#8221; use_theme_fonts=&#8221;yes&#8221;][vc_column_text]<\/p>\n<ul class=\"trx_addons_list trx_addons_list_minus\">\n<li>Voyagez \u00e0 bord d&#8217;une voiture de standing propre, discr\u00e8te et confortable,<\/li>\n<li>Pas de lumineux, pas de taxim\u00e8tre et pas d&#8217;autocollants sur les voitures,<\/li>\n<li>Berline milieu et haut de gamme de couleur sombre,<\/li>\n<li>Service premium \u00e0 bord.<\/li>\n<\/ul>\n<p>[\/vc_column_text][\/vc_column_inner][\/vc_row_inner][vc_separator][vc_row_inner][vc_column_inner width=&#8221;1\/4&#8243;][vc_empty_space alter_height=&#8221;large&#8221; hide_on_mobile=&#8221;&#8221;][vc_empty_space alter_height=&#8221;large&#8221; hide_on_mobile=&#8221;&#8221;][vc_single_image image=&#8221;6794&#8243; img_size=&#8221;large&#8221; alignment=&#8221;center&#8221;][\/vc_column_inner][vc_column_inner width=&#8221;3\/4&#8243;][vc_custom_heading text=&#8221;VTC : Service personnalis\u00e9&#8221; use_theme_fonts=&#8221;yes&#8221;][vc_column_text]<\/p>\n<ul class=\"trx_addons_list trx_addons_list_minus\">\n<li>Votre chauffeur vous accueille avec un service personnalis\u00e9. vous recevez 10 minutes avant la course un SMS vous informant de l&#8217;arriv\u00e9e imminente de votre chauffeur et des d\u00e9tails le concernant (pr\u00e9nom, t\u00e9l\u00e9phone, type et immatriculation du v\u00e9hicule),<\/li>\n<li>Lors des prises en charge aux gares et a\u00e9roports, pas d&#8217;attente aux files de taxi, votre chauffeur vous attend sur les parkings d\u00e9di\u00e9s aux v\u00e9hicules pr\u00e9-r\u00e9serv\u00e9s,<\/li>\n<li>Prise en charge de vos bagages par le chauffeur.<\/li>\n<\/ul>\n<p>[\/vc_column_text][\/vc_column_inner][\/vc_row_inner][vc_separator][vc_row_inner][vc_column_inner width=&#8221;1\/4&#8243;][vc_empty_space alter_height=&#8221;large&#8221; hide_on_mobile=&#8221;&#8221;][vc_empty_space alter_height=&#8221;large&#8221; hide_on_mobile=&#8221;&#8221;][vc_single_image image=&#8221;6792&#8243; img_size=&#8221;large&#8221; alignment=&#8221;center&#8221;][\/vc_column_inner][vc_column_inner width=&#8221;3\/4&#8243;][vc_custom_heading text=&#8221;VTC : Technologie&#8221; use_theme_fonts=&#8221;yes&#8221;][vc_column_text]<\/p>\n<ul class=\"trx_addons_list trx_addons_list_minus\">\n<li>Voyagez 2.0, fini les abonnements et frais de r\u00e9servation.,<\/li>\n<li>R\u00e8glement de votre course automatique et s\u00e9curis\u00e9 par CB,<\/li>\n<li>SMS avec nom de votre chauffeur et mod\u00e8le de v\u00e9hicule envoy\u00e9 automatiquement sur votre mobile d\u00e8s l&#8217;arriv\u00e9e du chauffeur,<\/li>\n<li>Confirmation de r\u00e9servation et facture envoy\u00e9e automatiquement par mail.<\/li>\n<\/ul>\n<p>[\/vc_column_text][\/vc_column_inner][\/vc_row_inner][vc_separator][\/vc_column][\/vc_row][vc_row][vc_column]<div id=\"sc_title_2056791624\"\n\t\tclass=\"sc_title sc_title_default\"><h6 class=\"sc_item_subtitle sc_title_subtitle sc_align_left sc_item_title_style_default\">R\u00e9ponses \u00e0 vos questions<\/h6><h3 class=\"sc_item_title sc_title_title sc_align_left sc_item_title_style_default\">FAQ<\/h3><\/div><!-- \/.sc_title -->[vc_toggle title=&#8221;Que signifie VTC ?&#8221;]Le terme VTC est l&#8217;acronyme de &#8220;V\u00e9hicule de Tourisme avec Chauffeur&#8221;. Les VTC sont apparus en France en 2009 avec la Loi n\u00b02009-888 de d\u00e9veloppement et de modernisation des services touristiques.[\/vc_toggle][vc_toggle title=&#8221;Taxis et chauffeurs VTC ont-ils la m\u00eame r\u00e9glementation ?&#8221;]Taxis et VTC sont tous deux des solutions de transport mais avec des r\u00e9glementations bien diff\u00e9rentes.<\/p>\n<p>Pour exercer son activit\u00e9, le taxi doit disposer d&#8217;une license ce qui lui donne droit \u00e0 la prise en charge de passagers qui le h\u00e8lent dans la rue ou de pouvoir pratiquer la &#8220;maraude&#8221; dans sa zone.<\/p>\n<p>A l&#8217;inverse, les VTC doivent travailler uniquement sur r\u00e9servation pr\u00e9alable.[\/vc_toggle][\/vc_column][\/vc_row]<\/p>\n<\/div>","protected":false},"excerpt":{"rendered":"<p>[vc_row][vc_column][vc_column_text]Vous voyagez r\u00e9guli\u00e8rement en taxi, vous h\u00e9sitez encore \u00e0 utiliser le service de chauffeur priv\u00e9, d\u00e9couvrez quelles sont les diff\u00e9rences entre taxis et vtc.[\/vc_column_text][vc_row_inner][vc_column_inner width=&#8221;1\/4&#8243;][vc_empty_space alter_height=&#8221;large&#8221; hide_on_mobile=&#8221;&#8221;][vc_empty_space alter_height=&#8221;large&#8221; hide_on_mobile=&#8221;&#8221;][vc_single_image image=&#8221;6798&#8243; img_size=&#8221;large&#8221; alignment=&#8221;center&#8221;][\/vc_column_inner][vc_column_inner width=&#8221;3\/4&#8243;][vc_custom_heading text=&#8221;VTC : des tarifs forfaitaires&#8221; use_theme_fonts=&#8221;yes&#8221;][vc_column_text]Les tarifs des taxis sont r\u00e9glement\u00e9s et&hellip;<\/p>\n","protected":false},"author":1,"featured_media":0,"parent":0,"menu_order":0,"comment_status":"closed","ping_status":"closed","template":"","meta":{"footnotes":""},"class_list":["post-1330","page","type-page","status-publish","hentry"],"yoast_head":"<!-- This site is optimized with the Yoast SEO plugin v27.6 - https:\/\/yoast.com\/product\/yoast-seo-wordpress\/ -->\n<title>Quelles sont les diff\u00e9rences entre un taxi et un VTC?<\/title>\n<meta name=\"description\" content=\"D\u00e9couvrez tous les avantages du service de chauffeur priv\u00e9? Tarifs forfaitaires, voiture de standing avec chauffeur, accueil personnalis\u00e9 etc.\" \/>\n<meta name=\"robots\" content=\"index, follow, max-snippet:-1, max-image-preview:large, max-video-preview:-1\" \/>\n<link rel=\"canonical\" href=\"https:\/\/www.urban-driver.com\/en\/differences_taxi_vtc.php\" \/>\n<meta property=\"og:locale\" content=\"en_US\" \/>\n<meta property=\"og:type\" content=\"article\" \/>\n<meta property=\"og:title\" content=\"Quelles sont les diff\u00e9rences entre un taxi et un VTC?\" \/>\n<meta property=\"og:description\" content=\"D\u00e9couvrez tous les avantages du service de chauffeur priv\u00e9? Tarifs forfaitaires, voiture de standing avec chauffeur, accueil personnalis\u00e9 etc.\" \/>\n<meta property=\"og:url\" content=\"https:\/\/www.urban-driver.com\/en\/differences_taxi_vtc.php\" \/>\n<meta property=\"og:site_name\" content=\"Taxi moto | Urban Driver\" \/>\n<meta property=\"article:modified_time\" content=\"2022-05-04T12:14:17+00:00\" \/>\n<meta name=\"twitter:card\" content=\"summary_large_image\" \/>\n<meta name=\"twitter:label1\" content=\"Est. reading time\" \/>\n\t<meta name=\"twitter:data1\" content=\"4 minutes\" \/>\n<script type=\"application\/ld+json\" class=\"yoast-schema-graph\">{\"@context\":\"https:\\\/\\\/schema.org\",\"@graph\":[{\"@type\":\"WebPage\",\"@id\":\"https:\\\/\\\/www.urban-driver.com\\\/en\\\/differences_taxi_vtc.php\",\"url\":\"https:\\\/\\\/www.urban-driver.com\\\/en\\\/differences_taxi_vtc.php\",\"name\":\"Quelles sont les diff\u00e9rences entre un taxi et un VTC?\",\"isPartOf\":{\"@id\":\"https:\\\/\\\/www.urban-driver.com\\\/en\\\/#website\"},\"datePublished\":\"2017-05-01T06:28:09+00:00\",\"dateModified\":\"2022-05-04T12:14:17+00:00\",\"description\":\"D\u00e9couvrez tous les avantages du service de chauffeur priv\u00e9? Tarifs forfaitaires, voiture de standing avec chauffeur, accueil personnalis\u00e9 etc.\",\"breadcrumb\":{\"@id\":\"https:\\\/\\\/www.urban-driver.com\\\/en\\\/differences_taxi_vtc.php#breadcrumb\"},\"inLanguage\":\"en-US\",\"potentialAction\":[{\"@type\":\"ReadAction\",\"target\":[\"https:\\\/\\\/www.urban-driver.com\\\/en\\\/differences_taxi_vtc.php\"]}]},{\"@type\":\"BreadcrumbList\",\"@id\":\"https:\\\/\\\/www.urban-driver.com\\\/en\\\/differences_taxi_vtc.php#breadcrumb\",\"itemListElement\":[{\"@type\":\"ListItem\",\"position\":1,\"name\":\"Urban Driver\",\"item\":\"https:\\\/\\\/www.urban-driver.com\\\/en\\\/\"},{\"@type\":\"ListItem\",\"position\":2,\"name\":\"Diff\u00e9rence entre taxi et chauffeur priv\u00e9\"}]},{\"@type\":\"WebSite\",\"@id\":\"https:\\\/\\\/www.urban-driver.com\\\/en\\\/#website\",\"url\":\"https:\\\/\\\/www.urban-driver.com\\\/en\\\/\",\"name\":\"Taxi moto | Urban Driver\",\"description\":\"\",\"publisher\":{\"@id\":\"https:\\\/\\\/www.urban-driver.com\\\/en\\\/#organization\"},\"potentialAction\":[{\"@type\":\"SearchAction\",\"target\":{\"@type\":\"EntryPoint\",\"urlTemplate\":\"https:\\\/\\\/www.urban-driver.com\\\/en\\\/?s={search_term_string}\"},\"query-input\":{\"@type\":\"PropertyValueSpecification\",\"valueRequired\":true,\"valueName\":\"search_term_string\"}}],\"inLanguage\":\"en-US\"},{\"@type\":\"Organization\",\"@id\":\"https:\\\/\\\/www.urban-driver.com\\\/en\\\/#organization\",\"name\":\"URBAN DRIVER\",\"alternateName\":\"Urban\",\"url\":\"https:\\\/\\\/www.urban-driver.com\\\/en\\\/\",\"logo\":{\"@type\":\"ImageObject\",\"inLanguage\":\"en-US\",\"@id\":\"https:\\\/\\\/www.urban-driver.com\\\/en\\\/#\\\/schema\\\/logo\\\/image\\\/\",\"url\":\"https:\\\/\\\/www.urban-driver.com\\\/wp-content\\\/uploads\\\/2016\\\/12\\\/urban_driver.png\",\"contentUrl\":\"https:\\\/\\\/www.urban-driver.com\\\/wp-content\\\/uploads\\\/2016\\\/12\\\/urban_driver.png\",\"width\":300,\"height\":39,\"caption\":\"URBAN DRIVER\"},\"image\":{\"@id\":\"https:\\\/\\\/www.urban-driver.com\\\/en\\\/#\\\/schema\\\/logo\\\/image\\\/\"}}]}<\/script>\n<!-- \/ Yoast SEO plugin. -->","yoast_head_json":{"title":"Quelles sont les diff\u00e9rences entre un taxi et un VTC?","description":"D\u00e9couvrez tous les avantages du service de chauffeur priv\u00e9? Tarifs forfaitaires, voiture de standing avec chauffeur, accueil personnalis\u00e9 etc.","robots":{"index":"index","follow":"follow","max-snippet":"max-snippet:-1","max-image-preview":"max-image-preview:large","max-video-preview":"max-video-preview:-1"},"canonical":"https:\/\/www.urban-driver.com\/en\/differences_taxi_vtc.php","og_locale":"en_US","og_type":"article","og_title":"Quelles sont les diff\u00e9rences entre un taxi et un VTC?","og_description":"D\u00e9couvrez tous les avantages du service de chauffeur priv\u00e9? Tarifs forfaitaires, voiture de standing avec chauffeur, accueil personnalis\u00e9 etc.","og_url":"https:\/\/www.urban-driver.com\/en\/differences_taxi_vtc.php","og_site_name":"Taxi moto | Urban Driver","article_modified_time":"2022-05-04T12:14:17+00:00","twitter_card":"summary_large_image","twitter_misc":{"Est. reading time":"4 minutes"},"schema":{"@context":"https:\/\/schema.org","@graph":[{"@type":"WebPage","@id":"https:\/\/www.urban-driver.com\/en\/differences_taxi_vtc.php","url":"https:\/\/www.urban-driver.com\/en\/differences_taxi_vtc.php","name":"Quelles sont les diff\u00e9rences entre un taxi et un VTC?","isPartOf":{"@id":"https:\/\/www.urban-driver.com\/en\/#website"},"datePublished":"2017-05-01T06:28:09+00:00","dateModified":"2022-05-04T12:14:17+00:00","description":"D\u00e9couvrez tous les avantages du service de chauffeur priv\u00e9? Tarifs forfaitaires, voiture de standing avec chauffeur, accueil personnalis\u00e9 etc.","breadcrumb":{"@id":"https:\/\/www.urban-driver.com\/en\/differences_taxi_vtc.php#breadcrumb"},"inLanguage":"en-US","potentialAction":[{"@type":"ReadAction","target":["https:\/\/www.urban-driver.com\/en\/differences_taxi_vtc.php"]}]},{"@type":"BreadcrumbList","@id":"https:\/\/www.urban-driver.com\/en\/differences_taxi_vtc.php#breadcrumb","itemListElement":[{"@type":"ListItem","position":1,"name":"Urban Driver","item":"https:\/\/www.urban-driver.com\/en\/"},{"@type":"ListItem","position":2,"name":"Diff\u00e9rence entre taxi et chauffeur priv\u00e9"}]},{"@type":"WebSite","@id":"https:\/\/www.urban-driver.com\/en\/#website","url":"https:\/\/www.urban-driver.com\/en\/","name":"Taxi moto | Urban Driver","description":"","publisher":{"@id":"https:\/\/www.urban-driver.com\/en\/#organization"},"potentialAction":[{"@type":"SearchAction","target":{"@type":"EntryPoint","urlTemplate":"https:\/\/www.urban-driver.com\/en\/?s={search_term_string}"},"query-input":{"@type":"PropertyValueSpecification","valueRequired":true,"valueName":"search_term_string"}}],"inLanguage":"en-US"},{"@type":"Organization","@id":"https:\/\/www.urban-driver.com\/en\/#organization","name":"URBAN DRIVER","alternateName":"Urban","url":"https:\/\/www.urban-driver.com\/en\/","logo":{"@type":"ImageObject","inLanguage":"en-US","@id":"https:\/\/www.urban-driver.com\/en\/#\/schema\/logo\/image\/","url":"https:\/\/www.urban-driver.com\/wp-content\/uploads\/2016\/12\/urban_driver.png","contentUrl":"https:\/\/www.urban-driver.com\/wp-content\/uploads\/2016\/12\/urban_driver.png","width":300,"height":39,"caption":"URBAN DRIVER"},"image":{"@id":"https:\/\/www.urban-driver.com\/en\/#\/schema\/logo\/image\/"}}]}},"_links":{"self":[{"href":"https:\/\/www.urban-driver.com\/en\/wp-json\/wp\/v2\/pages\/1330","targetHints":{"allow":["GET"]}}],"collection":[{"href":"https:\/\/www.urban-driver.com\/en\/wp-json\/wp\/v2\/pages"}],"about":[{"href":"https:\/\/www.urban-driver.com\/en\/wp-json\/wp\/v2\/types\/page"}],"author":[{"embeddable":true,"href":"https:\/\/www.urban-driver.com\/en\/wp-json\/wp\/v2\/users\/1"}],"replies":[{"embeddable":true,"href":"https:\/\/www.urban-driver.com\/en\/wp-json\/wp\/v2\/comments?post=1330"}],"version-history":[{"count":0,"href":"https:\/\/www.urban-driver.com\/en\/wp-json\/wp\/v2\/pages\/1330\/revisions"}],"wp:attachment":[{"href":"https:\/\/www.urban-driver.com\/en\/wp-json\/wp\/v2\/media?parent=1330"}],"curies":[{"name":"wp","href":"https:\/\/api.w.org\/{rel}","templated":true}]}}