{"id":1322,"date":"2017-05-01T08:15:15","date_gmt":"2017-05-01T06:15:15","guid":{"rendered":"http:\/\/48h.fr\/?page_id=1322"},"modified":"2026-01-21T23:46:52","modified_gmt":"2026-01-21T22:46:52","slug":"avantages-ponctualite","status":"publish","type":"page","link":"https:\/\/www.urban-driver.com\/en\/avantages_ponctualite.php","title":{"rendered":"Ponctualit\u00e9"},"content":{"rendered":"<div class=\"wpb-content-wrapper\"><p>[vc_row][vc_column][vc_row_inner][vc_column_inner]<div id=\"sc_title_1981835875\"\n\t\tclass=\"sc_title sc_title_default\"><h6 class=\"sc_item_subtitle sc_title_subtitle sc_align_left sc_item_title_style_default\">Le seul moyen de transport qui vous offre une totale ma\u00eetrise du temps de trajet<\/h6><h2 class=\"sc_item_title sc_title_title sc_align_left sc_item_title_style_default sc_item_title_tag\">Taxi moto, gain de temps<\/h2><\/div><!-- \/.sc_title -->[\/vc_column_inner][\/vc_row_inner][vc_column_text]En utilisant le service de <a href=\"https:\/\/www.urban-driver.com\/en\/motorbike-taxi.php\">taxi moto<\/a> Urban Driver, votre temps de trajet est au minimum de 50% inf\u00e9rieur \u00e0 ce m\u00eame trajet r\u00e9alis\u00e9 en voiture.<\/p>\n<p>Les d\u00e9placements en taxi moto vous permettent de <strong>ma\u00eetriser vos temps de trajet<\/strong>. Quelles que soient les conditions de circulation et les conditions m\u00e9t\u00e9orologiques, vous connaissez \u00e0 l\u2019avance votre heure d&#8217;arriv\u00e9e.<\/p>\n<p>Voici quelques exemples de temps de trajets r\u00e9alis\u00e9s pour nos clients en scooter taxi moto en respectant le code de la route et en prenant toutes les mesures de S\u00e9curit\u00e9 :<\/p>\n<table id=\"tab_avantages\">\n<tbody>\n<tr>\n<td class=\"borderL blue\">\n<div class=\"titre\">Trajets<\/div>\n<\/td>\n<td class=\"borderR blue\">\n<div class=\"titre\">Temps de trajets en Taxi moto<\/div>\n<\/td>\n<\/tr>\n<tr>\n<td class=\"borderL\" style=\"background-color: #b50301; color: #fff;\">Paris \u2013 A\u00e9roport Orly<\/td>\n<td class=\"borderR\" style=\"background-color: #b50301; color: #fff;\">Entre 20 et 30 minutes<\/td>\n<\/tr>\n<tr>\n<td class=\"borderL\">Paris \u2013 A\u00e9roport Roissy CDG<\/td>\n<td class=\"borderR\">Entre 30 et 40 minutes<\/td>\n<\/tr>\n<tr>\n<td class=\"borderL\" style=\"background-color: #b50301; color: #fff;\">Levallois Perret \u2013 A\u00e9roport Roissy CDG<\/td>\n<td class=\"borderR\" style=\"background-color: #b50301; color: #fff;\">Entre 25 et 35 minutes<\/td>\n<\/tr>\n<tr>\n<td class=\"borderL\">Boulogne Billancourt \u2013 Gare du Nord<\/td>\n<td class=\"borderR\">Entre 20 et 25 minutes<\/td>\n<\/tr>\n<tr>\n<td class=\"borderL\" style=\"background-color: #b50301; color: #fff;\">La d\u00e9fense \u2013 Gare de Lyon<\/td>\n<td class=\"borderR\" style=\"background-color: #b50301; color: #fff;\">Entre 20 et 30 minutes<\/td>\n<\/tr>\n<tr>\n<td class=\"borderL\">La d\u00e9fense \u2013 Champs Elys\u00e9es<\/td>\n<td class=\"borderR\">Entre 10 et 15 minutes<\/td>\n<\/tr>\n<\/tbody>\n<\/table>\n<p>[\/vc_column_text][vc_separator][\/vc_column][\/vc_row][vc_row][vc_column][vc_row_inner][vc_column_inner width=&#8221;1\/3&#8243;][vc_empty_space alter_height=&#8221;large&#8221; hide_on_mobile=&#8221;&#8221;][vc_single_image image=&#8221;6742&#8243; img_size=&#8221;medium&#8221; alignment=&#8221;center&#8221;][\/vc_column_inner][vc_column_inner width=&#8221;2\/3&#8243;]<div id=\"sc_title_1515956621\"\n\t\tclass=\"sc_title sc_title_default\"><h6 class=\"sc_item_subtitle sc_title_subtitle sc_align_left sc_item_title_style_default\">Ponctualit\u00e9 et temps de trajet garanti<\/h6><h3 class=\"sc_item_title sc_title_title sc_align_left sc_item_title_style_default sc_item_title_tag\">Equipement GPS<\/h3><\/div><!-- \/.sc_title -->[vc_column_text]Tous nos taxis motos sont \u00e9quip\u00e9s de syst\u00e8me GPS embarqu\u00e9 afin d\u2019assurer \u00e0 votre chauffeur une parfaite ma\u00eetrise de l\u2019itin\u00e9raire. Votre chauffeur re\u00e7oit les instructions vocales directement dans son casque. Plus vigilant et moins stress\u00e9, le GPS offre un grand confort de conduite et une s\u00e9curit\u00e9 optimale.<\/p>\n<p>Le GPS propose les parcours les plus rapides, les plus ing\u00e9nieux et les plus efficaces possibles pour vous permettre d\u2019\u00eatre amen\u00e9 \u00e0 destination en toute s\u00e9curit\u00e9 et par le chemin le plus rapide.[\/vc_column_text][\/vc_column_inner][\/vc_row_inner][vc_separator][\/vc_column][\/vc_row][vc_row][vc_column]<div id=\"sc_title_257587608\"\n\t\tclass=\"sc_title sc_title_default\"><h6 class=\"sc_item_subtitle sc_title_subtitle sc_align_left sc_item_title_style_default\">R\u00e9ponses \u00e0 vos questions<\/h6><h3 class=\"sc_item_title sc_title_title sc_align_left sc_item_title_style_default sc_item_title_tag\">FAQ<\/h3><\/div><!-- \/.sc_title -->[vc_toggle title=&#8221;Comment calculer le temps de trajet en taxi moto ?&#8221;]En voyageant en taxi moto, c&#8217;est comme lorsque vous traversez la capitale sans embouteillage en plein mois d&#8217;Aout ou en plein milieu de la nuit. Vous pouvez par exemple, sur Google Maps effectuer une recherche d&#8217;itin\u00e9raire et indiquer que vous partez \u00e0 02h00 du matin, le pr\u00e9dictif de temps de trajet propos\u00e9 correspondra peu ou prou au temps de trajet en moto taxi au beau milieu de la journ\u00e9e m\u00eame lors des pics de circulation.[\/vc_toggle][vc_toggle title=&#8221;Comment calculer la dur\u00e9e d&#8217;une course ?&#8221;]En taxi, les dur\u00e9e indiqu\u00e9es sont communiqu\u00e9es \u00e0 titre d&#8217;information uniquement et ne ne tiennent pas compte de la circulation. En taxi moto, vous ne rencontrez pas les probl\u00e8mes de congestion et d&#8217;embouteillage, vous avez le luxe de conna\u00eetre \u00e0 l&#8217;avance l&#8217;heure \u00e0 laquelle vous arriverez \u00e0 destination. Pas anodin, n&#8217;est-ce pas?[\/vc_toggle][\/vc_column][\/vc_row][vc_row full_width=&#8221;stretch_row&#8221; css=&#8221;.vc_custom_1737047646821{margin-top: 33px !important;margin-bottom: 33px !important;background-image: url(https:\/\/www.urban-driver.com\/wp-content\/uploads\/2017\/01\/illustration2.jpg?id=1062) !important;}&#8221;][vc_column][vc_custom_heading text=&#8221;Fini le temps perdu dans les bouchons !&#8221; font_container=&#8221;tag:h4|text_align:center|color:%23FFFFFF&#8221; use_theme_fonts=&#8221;yes&#8221; css=&#8221;&#8221;]<div class=\"sc_item_button sc_button_wrap\"><a href=\"https:\/\/booking.urban-driver.com\/Inscription\" id=\"sc_button_1261122623\" class=\"sc_button sc_button_default  vc_custom_1769035601773 sc_button_size_normal sc_button_icon_left\"><span class=\"sc_button_text\"><span class=\"sc_button_title\">R\u00e9servez mon taxi moto avec Urban Driver<\/span><\/span><!-- \/.sc_button_text --><\/a><!-- \/.sc_button --><\/div><!-- \/.sc_item_button -->[\/vc_column][\/vc_row]<\/p>\n<\/div>","protected":false},"excerpt":{"rendered":"<p>[vc_row][vc_column][vc_row_inner][vc_column_inner][\/vc_column_inner][\/vc_row_inner][vc_column_text]En utilisant le service de taxi moto Urban Driver, votre temps de trajet est au minimum de 50% inf\u00e9rieur \u00e0 ce m\u00eame trajet r\u00e9alis\u00e9 en voiture. Les d\u00e9placements en taxi moto vous permettent de ma\u00eetriser vos temps de trajet. Quelles que soient les conditions de&hellip;<\/p>\n","protected":false},"author":1,"featured_media":0,"parent":0,"menu_order":0,"comment_status":"closed","ping_status":"closed","template":"","meta":{"footnotes":""},"class_list":["post-1322","page","type-page","status-publish","hentry"],"yoast_head":"<!-- This site is optimized with the Yoast SEO plugin v27.4 - https:\/\/yoast.com\/product\/yoast-seo-wordpress\/ -->\n<title>Temps de trajet en taxi moto - Urban Driver<\/title>\n<meta name=\"description\" content=\"Seul le taxi moto peut vous offrir Ponctualit\u00e9 et temps de trajet garanti. Voici quelques exemples de temps de trajets r\u00e9alis\u00e9s en taxi moto en respectant le code de la route et en prenant toutes les mesures de S\u00e9curit\u00e9.\" \/>\n<meta name=\"robots\" content=\"index, follow, max-snippet:-1, max-image-preview:large, max-video-preview:-1\" \/>\n<link rel=\"canonical\" href=\"https:\/\/www.urban-driver.com\/en\/avantages_ponctualite.php\" \/>\n<meta property=\"og:locale\" content=\"en_US\" \/>\n<meta property=\"og:type\" content=\"article\" \/>\n<meta property=\"og:title\" content=\"Temps de trajet en taxi moto - Urban Driver\" \/>\n<meta property=\"og:description\" content=\"Seul le taxi moto peut vous offrir Ponctualit\u00e9 et temps de trajet garanti. Voici quelques exemples de temps de trajets r\u00e9alis\u00e9s en taxi moto en respectant le code de la route et en prenant toutes les mesures de S\u00e9curit\u00e9.\" \/>\n<meta property=\"og:url\" content=\"https:\/\/www.urban-driver.com\/en\/avantages_ponctualite.php\" \/>\n<meta property=\"og:site_name\" content=\"Taxi moto | Urban Driver\" \/>\n<meta property=\"article:modified_time\" content=\"2026-01-21T22:46:52+00:00\" \/>\n<meta name=\"twitter:card\" content=\"summary_large_image\" \/>\n<meta name=\"twitter:label1\" content=\"Est. reading time\" \/>\n\t<meta name=\"twitter:data1\" content=\"3 minutes\" \/>\n<script type=\"application\/ld+json\" class=\"yoast-schema-graph\">{\"@context\":\"https:\\\/\\\/schema.org\",\"@graph\":[{\"@type\":\"WebPage\",\"@id\":\"https:\\\/\\\/www.urban-driver.com\\\/en\\\/avantages_ponctualite.php\",\"url\":\"https:\\\/\\\/www.urban-driver.com\\\/en\\\/avantages_ponctualite.php\",\"name\":\"Temps de trajet en taxi moto - Urban Driver\",\"isPartOf\":{\"@id\":\"https:\\\/\\\/www.urban-driver.com\\\/en\\\/#website\"},\"datePublished\":\"2017-05-01T06:15:15+00:00\",\"dateModified\":\"2026-01-21T22:46:52+00:00\",\"description\":\"Seul le taxi moto peut vous offrir Ponctualit\u00e9 et temps de trajet garanti. Voici quelques exemples de temps de trajets r\u00e9alis\u00e9s en taxi moto en respectant le code de la route et en prenant toutes les mesures de S\u00e9curit\u00e9.\",\"breadcrumb\":{\"@id\":\"https:\\\/\\\/www.urban-driver.com\\\/en\\\/avantages_ponctualite.php#breadcrumb\"},\"inLanguage\":\"en-US\",\"potentialAction\":[{\"@type\":\"ReadAction\",\"target\":[\"https:\\\/\\\/www.urban-driver.com\\\/en\\\/avantages_ponctualite.php\"]}]},{\"@type\":\"BreadcrumbList\",\"@id\":\"https:\\\/\\\/www.urban-driver.com\\\/en\\\/avantages_ponctualite.php#breadcrumb\",\"itemListElement\":[{\"@type\":\"ListItem\",\"position\":1,\"name\":\"Urban Driver\",\"item\":\"https:\\\/\\\/www.urban-driver.com\\\/en\\\/\"},{\"@type\":\"ListItem\",\"position\":2,\"name\":\"Ponctualit\u00e9\"}]},{\"@type\":\"WebSite\",\"@id\":\"https:\\\/\\\/www.urban-driver.com\\\/en\\\/#website\",\"url\":\"https:\\\/\\\/www.urban-driver.com\\\/en\\\/\",\"name\":\"Taxi moto | Urban Driver\",\"description\":\"\",\"publisher\":{\"@id\":\"https:\\\/\\\/www.urban-driver.com\\\/en\\\/#organization\"},\"potentialAction\":[{\"@type\":\"SearchAction\",\"target\":{\"@type\":\"EntryPoint\",\"urlTemplate\":\"https:\\\/\\\/www.urban-driver.com\\\/en\\\/?s={search_term_string}\"},\"query-input\":{\"@type\":\"PropertyValueSpecification\",\"valueRequired\":true,\"valueName\":\"search_term_string\"}}],\"inLanguage\":\"en-US\"},{\"@type\":\"Organization\",\"@id\":\"https:\\\/\\\/www.urban-driver.com\\\/en\\\/#organization\",\"name\":\"URBAN DRIVER\",\"alternateName\":\"Urban\",\"url\":\"https:\\\/\\\/www.urban-driver.com\\\/en\\\/\",\"logo\":{\"@type\":\"ImageObject\",\"inLanguage\":\"en-US\",\"@id\":\"https:\\\/\\\/www.urban-driver.com\\\/en\\\/#\\\/schema\\\/logo\\\/image\\\/\",\"url\":\"https:\\\/\\\/www.urban-driver.com\\\/wp-content\\\/uploads\\\/2016\\\/12\\\/urban_driver.png\",\"contentUrl\":\"https:\\\/\\\/www.urban-driver.com\\\/wp-content\\\/uploads\\\/2016\\\/12\\\/urban_driver.png\",\"width\":300,\"height\":39,\"caption\":\"URBAN DRIVER\"},\"image\":{\"@id\":\"https:\\\/\\\/www.urban-driver.com\\\/en\\\/#\\\/schema\\\/logo\\\/image\\\/\"}}]}<\/script>\n<!-- \/ Yoast SEO plugin. -->","yoast_head_json":{"title":"Temps de trajet en taxi moto - Urban Driver","description":"Seul le taxi moto peut vous offrir Ponctualit\u00e9 et temps de trajet garanti. Voici quelques exemples de temps de trajets r\u00e9alis\u00e9s en taxi moto en respectant le code de la route et en prenant toutes les mesures de S\u00e9curit\u00e9.","robots":{"index":"index","follow":"follow","max-snippet":"max-snippet:-1","max-image-preview":"max-image-preview:large","max-video-preview":"max-video-preview:-1"},"canonical":"https:\/\/www.urban-driver.com\/en\/avantages_ponctualite.php","og_locale":"en_US","og_type":"article","og_title":"Temps de trajet en taxi moto - Urban Driver","og_description":"Seul le taxi moto peut vous offrir Ponctualit\u00e9 et temps de trajet garanti. Voici quelques exemples de temps de trajets r\u00e9alis\u00e9s en taxi moto en respectant le code de la route et en prenant toutes les mesures de S\u00e9curit\u00e9.","og_url":"https:\/\/www.urban-driver.com\/en\/avantages_ponctualite.php","og_site_name":"Taxi moto | Urban Driver","article_modified_time":"2026-01-21T22:46:52+00:00","twitter_card":"summary_large_image","twitter_misc":{"Est. reading time":"3 minutes"},"schema":{"@context":"https:\/\/schema.org","@graph":[{"@type":"WebPage","@id":"https:\/\/www.urban-driver.com\/en\/avantages_ponctualite.php","url":"https:\/\/www.urban-driver.com\/en\/avantages_ponctualite.php","name":"Temps de trajet en taxi moto - Urban Driver","isPartOf":{"@id":"https:\/\/www.urban-driver.com\/en\/#website"},"datePublished":"2017-05-01T06:15:15+00:00","dateModified":"2026-01-21T22:46:52+00:00","description":"Seul le taxi moto peut vous offrir Ponctualit\u00e9 et temps de trajet garanti. Voici quelques exemples de temps de trajets r\u00e9alis\u00e9s en taxi moto en respectant le code de la route et en prenant toutes les mesures de S\u00e9curit\u00e9.","breadcrumb":{"@id":"https:\/\/www.urban-driver.com\/en\/avantages_ponctualite.php#breadcrumb"},"inLanguage":"en-US","potentialAction":[{"@type":"ReadAction","target":["https:\/\/www.urban-driver.com\/en\/avantages_ponctualite.php"]}]},{"@type":"BreadcrumbList","@id":"https:\/\/www.urban-driver.com\/en\/avantages_ponctualite.php#breadcrumb","itemListElement":[{"@type":"ListItem","position":1,"name":"Urban Driver","item":"https:\/\/www.urban-driver.com\/en\/"},{"@type":"ListItem","position":2,"name":"Ponctualit\u00e9"}]},{"@type":"WebSite","@id":"https:\/\/www.urban-driver.com\/en\/#website","url":"https:\/\/www.urban-driver.com\/en\/","name":"Taxi moto | Urban Driver","description":"","publisher":{"@id":"https:\/\/www.urban-driver.com\/en\/#organization"},"potentialAction":[{"@type":"SearchAction","target":{"@type":"EntryPoint","urlTemplate":"https:\/\/www.urban-driver.com\/en\/?s={search_term_string}"},"query-input":{"@type":"PropertyValueSpecification","valueRequired":true,"valueName":"search_term_string"}}],"inLanguage":"en-US"},{"@type":"Organization","@id":"https:\/\/www.urban-driver.com\/en\/#organization","name":"URBAN DRIVER","alternateName":"Urban","url":"https:\/\/www.urban-driver.com\/en\/","logo":{"@type":"ImageObject","inLanguage":"en-US","@id":"https:\/\/www.urban-driver.com\/en\/#\/schema\/logo\/image\/","url":"https:\/\/www.urban-driver.com\/wp-content\/uploads\/2016\/12\/urban_driver.png","contentUrl":"https:\/\/www.urban-driver.com\/wp-content\/uploads\/2016\/12\/urban_driver.png","width":300,"height":39,"caption":"URBAN DRIVER"},"image":{"@id":"https:\/\/www.urban-driver.com\/en\/#\/schema\/logo\/image\/"}}]}},"_links":{"self":[{"href":"https:\/\/www.urban-driver.com\/en\/wp-json\/wp\/v2\/pages\/1322","targetHints":{"allow":["GET"]}}],"collection":[{"href":"https:\/\/www.urban-driver.com\/en\/wp-json\/wp\/v2\/pages"}],"about":[{"href":"https:\/\/www.urban-driver.com\/en\/wp-json\/wp\/v2\/types\/page"}],"author":[{"embeddable":true,"href":"https:\/\/www.urban-driver.com\/en\/wp-json\/wp\/v2\/users\/1"}],"replies":[{"embeddable":true,"href":"https:\/\/www.urban-driver.com\/en\/wp-json\/wp\/v2\/comments?post=1322"}],"version-history":[{"count":0,"href":"https:\/\/www.urban-driver.com\/en\/wp-json\/wp\/v2\/pages\/1322\/revisions"}],"wp:attachment":[{"href":"https:\/\/www.urban-driver.com\/en\/wp-json\/wp\/v2\/media?parent=1322"}],"curies":[{"name":"wp","href":"https:\/\/api.w.org\/{rel}","templated":true}]}}