{"id":1320,"date":"2017-05-01T08:13:43","date_gmt":"2017-05-01T06:13:43","guid":{"rendered":"http:\/\/48h.fr\/?page_id=1320"},"modified":"2026-01-03T22:54:54","modified_gmt":"2026-01-03T21:54:54","slug":"prestations-evenement","status":"publish","type":"page","link":"https:\/\/www.urban-driver.com\/en\/prestations_evenement.php","title":{"rendered":"Urban Driver partenaire logistique de vos \u00e9v\u00e9nements"},"content":{"rendered":"<div class=\"wpb-content-wrapper\"><p>[vc_row][vc_column width=&#8221;1\/3&#8243;][vc_empty_space alter_height=&#8221;none&#8221; hide_on_mobile=&#8221;&#8221;][vc_empty_space alter_height=&#8221;none&#8221; hide_on_mobile=&#8221;&#8221;][vc_empty_space alter_height=&#8221;none&#8221; hide_on_mobile=&#8221;&#8221;][vc_single_image image=&#8221;6449&#8243; img_size=&#8221;large&#8221; alignment=&#8221;center&#8221;][\/vc_column][vc_column width=&#8221;2\/3&#8243;][vc_custom_heading text=&#8221;Urban Driver &#8220;Event&#8220;&#8221; font_container=&#8221;tag:h6|font_size:12px|text_align:left|color:%23b70604|line_height:0%2C8em&#8221; use_theme_fonts=&#8221;yes&#8221;][vc_custom_heading text=&#8221;Transport \u00e9v\u00e9nementiel&#8221; font_container=&#8221;tag:h2|text_align:left|color:%23000000|line_height:0.8em&#8221; use_theme_fonts=&#8221;yes&#8221;][vc_column_text]Pour tous \u00e9v\u00e9nements ponctuels ou r\u00e9guliers (salons professionnels, s\u00e9minaires, soir\u00e9e d&#8217;entreprise, conf\u00e9rence, tournage, transport de VIP, marathon de Paris etc), nous mettons \u00e0 votre disposition notre flotte de v\u00e9hicule (Motos et\/ou Berlines) et nos chauffeurs.<\/p>\n<p>Communiquez-nous vos besoins (Nombre de v\u00e9hicules et chauffeurs, type de v\u00e9hicule, date et dur\u00e9e de l\u2019\u00e9v\u00e9nement, Lieu de l\u2019\u00e9v\u00e9nement etc.), nous vous faisons parvenir un devis sous 24H.[\/vc_column_text][vc_empty_space alter_height=&#8221;none&#8221; hide_on_mobile=&#8221;&#8221;]<div class=\"sc_item_button sc_button_wrap\"><a href=\"https:\/\/www.urban-driver.com\/contacts.php\" id=\"sc_button_2094443531\" class=\"sc_button sc_button_default sc_button_size_normal sc_button_icon_left\"><span class=\"sc_button_text\"><span class=\"sc_button_title\">Demande de devis<\/span><\/span><!-- \/.sc_button_text --><\/a><!-- \/.sc_button --><\/div><!-- \/.sc_item_button -->[vc_empty_space alter_height=&#8221;none&#8221; hide_on_mobile=&#8221;&#8221;][vc_empty_space alter_height=&#8221;none&#8221; hide_on_mobile=&#8221;&#8221;][\/vc_column][\/vc_row][vc_row full_width=&#8221;stretch_row&#8221; css=&#8221;.vc_custom_1585588188716{background-color: #f9f9f9 !important;}&#8221;][vc_column][vc_empty_space alter_height=&#8221;none&#8221; hide_on_mobile=&#8221;&#8221;][vc_empty_space alter_height=&#8221;none&#8221; hide_on_mobile=&#8221;&#8221;][vc_custom_heading text=&#8221;Ils font confiance \u00e0 Urban Driver Event&#8221; font_container=&#8221;tag:h2|text_align:center&#8221; use_theme_fonts=&#8221;yes&#8221;][vc_row_inner][vc_column_inner width=&#8221;1\/3&#8243;][vc_single_image image=&#8221;6442&#8243; img_size=&#8221;medium&#8221; alignment=&#8221;center&#8221;][\/vc_column_inner][vc_column_inner width=&#8221;1\/3&#8243;][vc_single_image image=&#8221;6440&#8243; img_size=&#8221;medium&#8221; alignment=&#8221;center&#8221;][\/vc_column_inner][vc_column_inner width=&#8221;1\/3&#8243;][vc_single_image image=&#8221;6453&#8243; alignment=&#8221;center&#8221;][\/vc_column_inner][\/vc_row_inner][vc_row_inner][vc_column_inner width=&#8221;1\/3&#8243;][vc_single_image image=&#8221;6436&#8243; img_size=&#8221;medium&#8221; alignment=&#8221;center&#8221;][\/vc_column_inner][vc_column_inner width=&#8221;1\/3&#8243;][vc_single_image image=&#8221;6438&#8243; alignment=&#8221;center&#8221;][\/vc_column_inner][vc_column_inner width=&#8221;1\/3&#8243;][vc_single_image image=&#8221;6447&#8243; img_size=&#8221;medium&#8221; alignment=&#8221;center&#8221;][\/vc_column_inner][\/vc_row_inner][vc_empty_space alter_height=&#8221;none&#8221; hide_on_mobile=&#8221;&#8221;][vc_empty_space alter_height=&#8221;none&#8221; hide_on_mobile=&#8221;&#8221;][\/vc_column][\/vc_row][vc_row full_width=&#8221;stretch_row&#8221; css=&#8221;.vc_custom_1585664032700{background-color: #1b1e27 !important;}&#8221;][vc_column][vc_empty_space alter_height=&#8221;none&#8221; hide_on_mobile=&#8221;&#8221;][vc_custom_heading text=&#8221;Urban Driver, votre partenaire logistique pour diverses prestations&#8221; font_container=&#8221;tag:h2|text_align:left|color:%23ffffff&#8221; use_theme_fonts=&#8221;yes&#8221;][vc_row_inner][vc_column_inner width=&#8221;1\/2&#8243;][vc_column_text]<\/p>\n<div class=\"wpb_text_column wpb_content_element scheme_dark\">\n<div class=\"wpb_wrapper\">\n<ul class=\"trx_addons_list trx_addons_list_minus\">\n<li>Assurer le transport et le d\u00e9placement \u00e0 moto et\/ou en voiture de clients ou d\u2019invit\u00e9s lors de soir\u00e9es ou de salons,<\/li>\n<li>Assurer le transport de vos \u00e9quipes lors d\u2019un s\u00e9minaire,<\/li>\n<li>Proposer un service de navette entre deux \u00e9v\u00e8nements,<\/li>\n<\/ul>\n<\/div>\n<\/div>\n<p>[\/vc_column_text][\/vc_column_inner][vc_column_inner width=&#8221;1\/2&#8243;][vc_column_text]<\/p>\n<div class=\"wpb_text_column wpb_content_element scheme_dark\">\n<div class=\"wpb_wrapper\">\n<ul class=\"trx_addons_list trx_addons_list_minus\">\n<li>Assurer le transport de cam\u00e9raman \u00e0 moto sur un tournage (film, pub),<\/li>\n<li>Encadrer une manifestation sportive (course p\u00e9destre. Marathon, cyclisme),<\/li>\n<li>Habillage des <a href=\"https:\/\/www.urban-driver.com\/en\/motorbike-taxi.php\">taxis motos<\/a> aux couleurs de votre marque ou de l\u2019\u00e9v\u00e9nement (marquage de v\u00e9hicule ou total covering).<\/li>\n<\/ul>\n<\/div>\n<\/div>\n<p>[\/vc_column_text][vc_empty_space height=&#8221;64px&#8221; alter_height=&#8221;none&#8221; hide_on_mobile=&#8221;&#8221;][\/vc_column_inner][\/vc_row_inner][\/vc_column][\/vc_row][vc_row css=&#8221;.vc_custom_1767477193815{margin-top: 33px !important;}&#8221;][vc_column][vc_custom_heading text=&#8221;Exemple de prestations \u00e9v\u00e9nementielles r\u00e9alis\u00e9es.&#8221; font_container=&#8221;tag:h3|text_align:left&#8221; use_theme_fonts=&#8221;yes&#8221;][vc_row_inner][vc_column_inner width=&#8221;1\/2&#8243;][vc_column_text]<div id=\"widget_video_173874459\" class=\"widget_area sc_widget_video vc_widget_video wpb_content_element\"><aside id=\"widget_video_173874459_widget\" class=\"widget widget_video\"><div class=\"trx_addons_video_player without_cover\"><div class=\"video_embed video_frame\"><iframe src=\"https:\/\/www.youtube.com\/embed\/VdndOHfduL0?feature=oembed&#038;wmode=transparent&#038;origin=https%3A%2F%2Fwww.urban-driver.com%2Fen%2F&#038;widgetid=1&#038;enablejsapi=1&#038;disablekb=1&#038;modestbranding=1&#038;iv_load_policy=3&#038;rel=0&#038;showinfo=0\" width=\"1200\" height=\"675\"><\/iframe><\/div><\/div><\/aside><\/div>[\/vc_column_text][vc_empty_space alter_height=&#8221;none&#8221; hide_on_mobile=&#8221;&#8221;][\/vc_column_inner][vc_column_inner width=&#8221;1\/2&#8243;][vc_empty_space alter_height=&#8221;none&#8221; hide_on_mobile=&#8221;&#8221;][vc_custom_heading text=&#8221;Transfert de 56 businessmen dans Paris-intramuros en taxi moto Goldwing&#8221; font_container=&#8221;tag:h5|text_align:left&#8221; use_theme_fonts=&#8221;yes&#8221;][vc_column_text]Los d&#8217;un \u00e9v\u00e9nement d&#8217;entreprises pour les directeurs d&#8217;une marque de luxe, organisation des transferts en taxi moto Aller-retour de 56 personnes au d\u00e9part de l&#8217;Avenue Marceau dans le 8\u00b0 arrondissement de Paris \u00e0 destination de Paris 75001.[\/vc_column_text][vc_empty_space height=&#8221;64px&#8221; alter_height=&#8221;none&#8221; hide_on_mobile=&#8221;&#8221;][\/vc_column_inner][\/vc_row_inner][vc_separator][vc_row_inner][vc_column_inner width=&#8221;1\/2&#8243;][vc_column_text]Traitement des demandes de transferts entre les a\u00e9roports et gares parisiennes, notamment depuis Roissy Charles de Gaulle avec des vols en provenance du monde entier afin d&#8217;assurer le transport en Berline des Docteurs et Professeurs \u00e0 destination de leur h\u00f4tel parisien : Le M\u00e9ridien Etoile, 81 Boulevard Gouvion-Saint-Cyr, 75017 Paris.<\/p>\n<p>Organisation d&#8217;excursions pour les invit\u00e9s avec la mise \u00e0 disposition de Berline et Van (Shopping Tour, Monument Tour : Eiffel Tower &amp; Montmartre &amp; Ch\u00e2teau de Versailles, Boat Cruise).[\/vc_column_text][\/vc_column_inner][vc_column_inner width=&#8221;1\/2&#8243;][vc_custom_heading text=&#8221;World Arthroplasty Congress \/ WAC Paris&#8221; font_container=&#8221;tag:h4|text_align:center&#8221; use_theme_fonts=&#8221;yes&#8221;][\/vc_column_inner][\/vc_row_inner][vc_separator][vc_row_inner][vc_column_inner width=&#8221;1\/2&#8243;][vc_custom_heading text=&#8221;VIPARIS \/ Parc des expositions Paris &amp; Villepinte&#8221; font_container=&#8221;tag:h4|text_align:center&#8221; use_theme_fonts=&#8221;yes&#8221;][\/vc_column_inner][vc_column_inner width=&#8221;1\/2&#8243;][vc_empty_space alter_height=&#8221;none&#8221; hide_on_mobile=&#8221;&#8221;][vc_column_text]Mise \u00e0 disposition de Moto-taxi pendant toute la dur\u00e9e du Salon pour effectuer des transferts d&#8217;invit\u00e9s, de clients et de collaborateurs.<\/p>\n<p>Prestations r\u00e9alis\u00e9es notamment lors du Salon Automobile de Paris, Whosnext\/Premi\u00e8re Classe et Maison &amp; Objet.<br \/>\nLieux: Parc des expositions de la porte de Versailles &amp; Parc des expositions de Villepinte.[\/vc_column_text][\/vc_column_inner][\/vc_row_inner][vc_separator][vc_row_inner][vc_column_inner width=&#8221;1\/2&#8243;][vc_empty_space alter_height=&#8221;none&#8221; hide_on_mobile=&#8221;&#8221;][vc_empty_space alter_height=&#8221;none&#8221; hide_on_mobile=&#8221;&#8221;][vc_column_text]Organisation et r\u00e9alisation du transfert de 40 journalistes avec une prise en charge le matin \u00e0 leurs domiciles respectifs \u00e0 destination des bureaux du client \u00e0 Cr\u00e9teil puis ensuite les reprendre \u00e0 Cr\u00e9teil pour les d\u00e9poser \u00e0 leurs bureaux respectifs.[\/vc_column_text][vc_empty_space alter_height=&#8221;none&#8221; hide_on_mobile=&#8221;&#8221;][\/vc_column_inner][vc_column_inner width=&#8221;1\/2&#8243;][vc_custom_heading text=&#8221;Domicile &#8211; Clients &#8211; Bureau \/ Paris &amp; Banlieue&#8221; font_container=&#8221;tag:h4|text_align:center&#8221; use_theme_fonts=&#8221;yes&#8221;][\/vc_column_inner][\/vc_row_inner][vc_separator][vc_row_inner][vc_column_inner width=&#8221;1\/2&#8243;][vc_custom_heading text=&#8221;A\u00e9roports &#8211; Massy \/ Roissy Charles de Gaulle &amp; Orly&#8221; font_container=&#8221;tag:h4|text_align:center&#8221; use_theme_fonts=&#8221;yes&#8221;][\/vc_column_inner][vc_column_inner width=&#8221;1\/2&#8243;][vc_empty_space alter_height=&#8221;none&#8221; hide_on_mobile=&#8221;&#8221;][vc_column_text]Organisation et mise en place de navettes pour un congr\u00e8s m\u00e9dical qui a eu lieu \u00e0 l&#8217;Op\u00e9ra de Massy.<br \/>\nPrise en charge pendant 5 jours du transport des orateurs en Berline qui viennent participer \u00e0 ces journ\u00e9es entre Roissy CDG et l&#8217;Op\u00e9ra, Orly et l&#8217;Op\u00e9ra, Massy Gare TGV et l&#8217;Op\u00e9ra.[\/vc_column_text][vc_empty_space alter_height=&#8221;none&#8221; hide_on_mobile=&#8221;&#8221;][\/vc_column_inner][\/vc_row_inner][vc_separator][vc_row_inner][vc_column_inner width=&#8221;1\/2&#8243;][vc_empty_space alter_height=&#8221;none&#8221; hide_on_mobile=&#8221;&#8221;][vc_empty_space alter_height=&#8221;none&#8221; hide_on_mobile=&#8221;&#8221;][vc_column_text]Coupe d&#8217;Europe de football &#8211; Transferts en moto taxi pendant toute la dur\u00e9e de la Coupe d&#8217;Europe entre le centre de Paris et le Stade de France. Trajet Aller vers 20h00 et retour du stade de France vers 22h45.<\/p>\n<p>Mise \u00e0 disposition de 10 motos pour chaque match de la coupe d&#8217;Europe au Stade de France &#8211; Prestations exclusivement en Honda Goldwing.[\/vc_column_text][vc_empty_space alter_height=&#8221;none&#8221; hide_on_mobile=&#8221;&#8221;][\/vc_column_inner][vc_column_inner width=&#8221;1\/2&#8243;][vc_single_image image=&#8221;6444&#8243; img_size=&#8221;medium&#8221; alignment=&#8221;center&#8221;][\/vc_column_inner][\/vc_row_inner][vc_empty_space alter_height=&#8221;none&#8221; hide_on_mobile=&#8221;&#8221;][vc_separator][\/vc_column][\/vc_row][vc_row full_width=&#8221;stretch_row&#8221; css=&#8221;.vc_custom_1767477213107{margin-top: 22px !important;margin-bottom: 22px !important;background-image: url(https:\/\/www.urban-driver.com\/wp-content\/uploads\/2017\/01\/ville.jpg?id=1679) !important;}&#8221;][vc_column][vc_empty_space alter_height=&#8221;medium&#8221; hide_on_mobile=&#8221;&#8221;][vc_custom_heading text=&#8221;Formulez votre besoin, r\u00e9ponse garantie dans les 24 heures.&#8221; font_container=&#8221;tag:h3|text_align:left|color:%23ffffff&#8221; use_theme_fonts=&#8221;yes&#8221;][vc_empty_space hide_on_mobile=&#8221;&#8221;]<div class=\"sc_item_button sc_button_wrap\"><a href=\"contacts.php\" id=\"sc_button_223930856\" class=\"sc_button sc_button_default sc_button_size_normal sc_button_icon_left\"><span class=\"sc_button_text\"><span class=\"sc_button_title\">Demander un devis<\/span><\/span><!-- \/.sc_button_text --><\/a><!-- \/.sc_button --><\/div><!-- \/.sc_item_button -->[vc_empty_space alter_height=&#8221;none&#8221; hide_on_mobile=&#8221;&#8221;][\/vc_column][\/vc_row]<\/p>\n<\/div>","protected":false},"excerpt":{"rendered":"<p>[vc_row][vc_column width=&#8221;1\/3&#8243;][vc_empty_space alter_height=&#8221;none&#8221; hide_on_mobile=&#8221;&#8221;][vc_empty_space alter_height=&#8221;none&#8221; hide_on_mobile=&#8221;&#8221;][vc_empty_space alter_height=&#8221;none&#8221; hide_on_mobile=&#8221;&#8221;][vc_single_image image=&#8221;6449&#8243; img_size=&#8221;large&#8221; alignment=&#8221;center&#8221;][\/vc_column][vc_column width=&#8221;2\/3&#8243;][vc_custom_heading text=&#8221;Urban Driver &#8220;Event&#8220;&#8221; font_container=&#8221;tag:h6|font_size:12px|text_align:left|color:%23b70604|line_height:0%2C8em&#8221; use_theme_fonts=&#8221;yes&#8221;][vc_custom_heading text=&#8221;Transport \u00e9v\u00e9nementiel&#8221; font_container=&#8221;tag:h2|text_align:left|color:%23000000|line_height:0.8em&#8221; use_theme_fonts=&#8221;yes&#8221;][vc_column_text]Pour tous \u00e9v\u00e9nements ponctuels ou r\u00e9guliers (salons professionnels, s\u00e9minaires, soir\u00e9e d&#8217;entreprise, conf\u00e9rence, tournage, transport de VIP, marathon de Paris etc), nous mettons \u00e0 votre disposition&hellip;<\/p>\n","protected":false},"author":1,"featured_media":0,"parent":0,"menu_order":0,"comment_status":"closed","ping_status":"closed","template":"","meta":{"footnotes":""},"class_list":["post-1320","page","type-page","status-publish","hentry"],"yoast_head":"<!-- This site is optimized with the Yoast SEO plugin v27.5 - https:\/\/yoast.com\/product\/yoast-seo-wordpress\/ -->\n<title>Urban Driver, votre partenaire transport lors de vos \u00e9v\u00e9nements<\/title>\n<meta name=\"description\" content=\"Lors d&#039;\u00e9v\u00e9nements sportifs, manifestations, salons professionnels, s\u00e9minaires, Urban Driver organise et assure le transport en moto taxi et\/ou vtc de vos invit\u00e9s\" \/>\n<meta name=\"robots\" content=\"index, follow, max-snippet:-1, max-image-preview:large, max-video-preview:-1\" \/>\n<link rel=\"canonical\" href=\"https:\/\/www.urban-driver.com\/en\/prestations_evenement.php\" \/>\n<meta property=\"og:locale\" content=\"en_US\" \/>\n<meta property=\"og:type\" content=\"article\" \/>\n<meta property=\"og:title\" content=\"Urban Driver, votre partenaire transport lors de vos \u00e9v\u00e9nements\" \/>\n<meta property=\"og:description\" content=\"Lors d&#039;\u00e9v\u00e9nements sportifs, manifestations, salons professionnels, s\u00e9minaires, Urban Driver organise et assure le transport en moto taxi et\/ou vtc de vos invit\u00e9s\" \/>\n<meta property=\"og:url\" content=\"https:\/\/www.urban-driver.com\/en\/prestations_evenement.php\" \/>\n<meta property=\"og:site_name\" content=\"Taxi moto | Urban Driver\" \/>\n<meta property=\"article:modified_time\" content=\"2026-01-03T21:54:54+00:00\" \/>\n<meta name=\"twitter:card\" content=\"summary_large_image\" \/>\n<meta name=\"twitter:label1\" content=\"Est. reading time\" \/>\n\t<meta name=\"twitter:data1\" content=\"7 minutes\" \/>\n<script type=\"application\/ld+json\" class=\"yoast-schema-graph\">{\"@context\":\"https:\\\/\\\/schema.org\",\"@graph\":[{\"@type\":\"WebPage\",\"@id\":\"https:\\\/\\\/www.urban-driver.com\\\/en\\\/prestations_evenement.php\",\"url\":\"https:\\\/\\\/www.urban-driver.com\\\/en\\\/prestations_evenement.php\",\"name\":\"Urban Driver, votre partenaire transport lors de vos \u00e9v\u00e9nements\",\"isPartOf\":{\"@id\":\"https:\\\/\\\/www.urban-driver.com\\\/en\\\/#website\"},\"datePublished\":\"2017-05-01T06:13:43+00:00\",\"dateModified\":\"2026-01-03T21:54:54+00:00\",\"description\":\"Lors d'\u00e9v\u00e9nements sportifs, manifestations, salons professionnels, s\u00e9minaires, Urban Driver organise et assure le transport en moto taxi et\\\/ou vtc de vos invit\u00e9s\",\"breadcrumb\":{\"@id\":\"https:\\\/\\\/www.urban-driver.com\\\/en\\\/prestations_evenement.php#breadcrumb\"},\"inLanguage\":\"en-US\",\"potentialAction\":[{\"@type\":\"ReadAction\",\"target\":[\"https:\\\/\\\/www.urban-driver.com\\\/en\\\/prestations_evenement.php\"]}]},{\"@type\":\"BreadcrumbList\",\"@id\":\"https:\\\/\\\/www.urban-driver.com\\\/en\\\/prestations_evenement.php#breadcrumb\",\"itemListElement\":[{\"@type\":\"ListItem\",\"position\":1,\"name\":\"Urban Driver\",\"item\":\"https:\\\/\\\/www.urban-driver.com\\\/en\\\/\"},{\"@type\":\"ListItem\",\"position\":2,\"name\":\"Urban Driver partenaire logistique de vos \u00e9v\u00e9nements\"}]},{\"@type\":\"WebSite\",\"@id\":\"https:\\\/\\\/www.urban-driver.com\\\/en\\\/#website\",\"url\":\"https:\\\/\\\/www.urban-driver.com\\\/en\\\/\",\"name\":\"Taxi moto | Urban Driver\",\"description\":\"\",\"publisher\":{\"@id\":\"https:\\\/\\\/www.urban-driver.com\\\/en\\\/#organization\"},\"potentialAction\":[{\"@type\":\"SearchAction\",\"target\":{\"@type\":\"EntryPoint\",\"urlTemplate\":\"https:\\\/\\\/www.urban-driver.com\\\/en\\\/?s={search_term_string}\"},\"query-input\":{\"@type\":\"PropertyValueSpecification\",\"valueRequired\":true,\"valueName\":\"search_term_string\"}}],\"inLanguage\":\"en-US\"},{\"@type\":\"Organization\",\"@id\":\"https:\\\/\\\/www.urban-driver.com\\\/en\\\/#organization\",\"name\":\"URBAN DRIVER\",\"alternateName\":\"Urban\",\"url\":\"https:\\\/\\\/www.urban-driver.com\\\/en\\\/\",\"logo\":{\"@type\":\"ImageObject\",\"inLanguage\":\"en-US\",\"@id\":\"https:\\\/\\\/www.urban-driver.com\\\/en\\\/#\\\/schema\\\/logo\\\/image\\\/\",\"url\":\"https:\\\/\\\/www.urban-driver.com\\\/wp-content\\\/uploads\\\/2016\\\/12\\\/urban_driver.png\",\"contentUrl\":\"https:\\\/\\\/www.urban-driver.com\\\/wp-content\\\/uploads\\\/2016\\\/12\\\/urban_driver.png\",\"width\":300,\"height\":39,\"caption\":\"URBAN DRIVER\"},\"image\":{\"@id\":\"https:\\\/\\\/www.urban-driver.com\\\/en\\\/#\\\/schema\\\/logo\\\/image\\\/\"}}]}<\/script>\n<!-- \/ Yoast SEO plugin. -->","yoast_head_json":{"title":"Urban Driver, votre partenaire transport lors de vos \u00e9v\u00e9nements","description":"Lors d'\u00e9v\u00e9nements sportifs, manifestations, salons professionnels, s\u00e9minaires, Urban Driver organise et assure le transport en moto taxi et\/ou vtc de vos invit\u00e9s","robots":{"index":"index","follow":"follow","max-snippet":"max-snippet:-1","max-image-preview":"max-image-preview:large","max-video-preview":"max-video-preview:-1"},"canonical":"https:\/\/www.urban-driver.com\/en\/prestations_evenement.php","og_locale":"en_US","og_type":"article","og_title":"Urban Driver, votre partenaire transport lors de vos \u00e9v\u00e9nements","og_description":"Lors d'\u00e9v\u00e9nements sportifs, manifestations, salons professionnels, s\u00e9minaires, Urban Driver organise et assure le transport en moto taxi et\/ou vtc de vos invit\u00e9s","og_url":"https:\/\/www.urban-driver.com\/en\/prestations_evenement.php","og_site_name":"Taxi moto | Urban Driver","article_modified_time":"2026-01-03T21:54:54+00:00","twitter_card":"summary_large_image","twitter_misc":{"Est. reading time":"7 minutes"},"schema":{"@context":"https:\/\/schema.org","@graph":[{"@type":"WebPage","@id":"https:\/\/www.urban-driver.com\/en\/prestations_evenement.php","url":"https:\/\/www.urban-driver.com\/en\/prestations_evenement.php","name":"Urban Driver, votre partenaire transport lors de vos \u00e9v\u00e9nements","isPartOf":{"@id":"https:\/\/www.urban-driver.com\/en\/#website"},"datePublished":"2017-05-01T06:13:43+00:00","dateModified":"2026-01-03T21:54:54+00:00","description":"Lors d'\u00e9v\u00e9nements sportifs, manifestations, salons professionnels, s\u00e9minaires, Urban Driver organise et assure le transport en moto taxi et\/ou vtc de vos invit\u00e9s","breadcrumb":{"@id":"https:\/\/www.urban-driver.com\/en\/prestations_evenement.php#breadcrumb"},"inLanguage":"en-US","potentialAction":[{"@type":"ReadAction","target":["https:\/\/www.urban-driver.com\/en\/prestations_evenement.php"]}]},{"@type":"BreadcrumbList","@id":"https:\/\/www.urban-driver.com\/en\/prestations_evenement.php#breadcrumb","itemListElement":[{"@type":"ListItem","position":1,"name":"Urban Driver","item":"https:\/\/www.urban-driver.com\/en\/"},{"@type":"ListItem","position":2,"name":"Urban Driver partenaire logistique de vos \u00e9v\u00e9nements"}]},{"@type":"WebSite","@id":"https:\/\/www.urban-driver.com\/en\/#website","url":"https:\/\/www.urban-driver.com\/en\/","name":"Taxi moto | Urban Driver","description":"","publisher":{"@id":"https:\/\/www.urban-driver.com\/en\/#organization"},"potentialAction":[{"@type":"SearchAction","target":{"@type":"EntryPoint","urlTemplate":"https:\/\/www.urban-driver.com\/en\/?s={search_term_string}"},"query-input":{"@type":"PropertyValueSpecification","valueRequired":true,"valueName":"search_term_string"}}],"inLanguage":"en-US"},{"@type":"Organization","@id":"https:\/\/www.urban-driver.com\/en\/#organization","name":"URBAN DRIVER","alternateName":"Urban","url":"https:\/\/www.urban-driver.com\/en\/","logo":{"@type":"ImageObject","inLanguage":"en-US","@id":"https:\/\/www.urban-driver.com\/en\/#\/schema\/logo\/image\/","url":"https:\/\/www.urban-driver.com\/wp-content\/uploads\/2016\/12\/urban_driver.png","contentUrl":"https:\/\/www.urban-driver.com\/wp-content\/uploads\/2016\/12\/urban_driver.png","width":300,"height":39,"caption":"URBAN DRIVER"},"image":{"@id":"https:\/\/www.urban-driver.com\/en\/#\/schema\/logo\/image\/"}}]}},"_links":{"self":[{"href":"https:\/\/www.urban-driver.com\/en\/wp-json\/wp\/v2\/pages\/1320","targetHints":{"allow":["GET"]}}],"collection":[{"href":"https:\/\/www.urban-driver.com\/en\/wp-json\/wp\/v2\/pages"}],"about":[{"href":"https:\/\/www.urban-driver.com\/en\/wp-json\/wp\/v2\/types\/page"}],"author":[{"embeddable":true,"href":"https:\/\/www.urban-driver.com\/en\/wp-json\/wp\/v2\/users\/1"}],"replies":[{"embeddable":true,"href":"https:\/\/www.urban-driver.com\/en\/wp-json\/wp\/v2\/comments?post=1320"}],"version-history":[{"count":0,"href":"https:\/\/www.urban-driver.com\/en\/wp-json\/wp\/v2\/pages\/1320\/revisions"}],"wp:attachment":[{"href":"https:\/\/www.urban-driver.com\/en\/wp-json\/wp\/v2\/media?parent=1320"}],"curies":[{"name":"wp","href":"https:\/\/api.w.org\/{rel}","templated":true}]}}