{"id":1318,"date":"2017-05-01T08:11:08","date_gmt":"2017-05-01T06:11:08","guid":{"rendered":"http:\/\/48h.fr\/?page_id=1318"},"modified":"2025-12-29T22:28:20","modified_gmt":"2025-12-29T21:28:20","slug":"prestations-miseadisposition","status":"publish","type":"page","link":"https:\/\/www.urban-driver.com\/en\/prestations_miseadisposition.php","title":{"rendered":"Mise \u00e0 disposition de moto avec chauffeur"},"content":{"rendered":"<div class=\"wpb-content-wrapper\"><p>[vc_row][vc_column]<div id=\"sc_title_1015041173\"\n\t\tclass=\"sc_title sc_title_default\"><h6 class=\"sc_item_subtitle sc_title_subtitle sc_align_left sc_item_title_style_default\">Comment gagner 4 heures dans votre journ\u00e9e ?<\/h6><h2 class=\"sc_item_title sc_title_title sc_align_left sc_item_title_style_default sc_item_title_tag\">Mise \u00e0 disposition Taxi Moto<\/h2><\/div><!-- \/.sc_title -->[vc_row_inner][vc_column_inner width=&#8221;2\/3&#8243;][vc_column_text css=&#8221;&#8221;]Votre temps est pr\u00e9cieux et vous voulez optimiser votre journ\u00e9e, nous mettons \u00e0 votre disposition une moto et son chauffeur pour vous accompagner, pendant une heure, \u00bd journ\u00e9e ou plus, lors de vos d\u00e9placements professionnels \u00e0 Paris et RP. Ainsi vous vous d\u00e9placez librement dans la capitale sans contrainte.<\/p>\n<p>Les chauffeurs Urban Driver sont des professionnels courtois et discrets ayant une parfaite ma\u00eetrise de la conduite et une parfaite connaissance de Paris. Confortablement install\u00e9 dans nos v\u00e9hicules, vous appr\u00e9ciez la capacit\u00e9 de votre chauffeur \u00e0 \u00e9viter les embouteillages et pouvez vous d\u00e9tendre avant votre prochain rendez vous.<\/p>\n<p>Si votre souhaitez des informations sur la r\u00e9servation d&#8217;une course en moto taxi \u00e0 Paris, cliquez <a href=\"https:\/\/www.urban-driver.com\/en\/motorbike-taxi.php\">ICI<\/a>.<\/p>\n<p>&nbsp;[\/vc_column_text][\/vc_column_inner][vc_column_inner width=&#8221;1\/3&#8243;][vc_single_image image=&#8221;8222&#8243; img_size=&#8221;medium&#8221; alignment=&#8221;center&#8221; css=&#8221;&#8221;][\/vc_column_inner][\/vc_row_inner][vc_empty_space hide_on_mobile=&#8221;&#8221;][\/vc_column][\/vc_row][vc_row css=&#8221;.vc_custom_1767041320220{margin-top: 33px !important;}&#8221;][vc_column][vc_empty_space hide_on_mobile=&#8221;&#8221;][vc_custom_heading text=&#8221;Tarifs Mise \u00e0 disposition Motos avec chauffeurs&#8221; font_container=&#8221;tag:h3|text_align:left&#8221; use_theme_fonts=&#8221;yes&#8221;][vc_empty_space hide_on_mobile=&#8221;&#8221;][vc_column_text]Besoin d&#8217;une moto pour une heure, une demi-journ\u00e9e, une journ\u00e9e, Urban Driver met \u00e0 votre disposition une moto avec chauffeur pour tous vos d\u00e9placements professionnels.<\/p>\n<p>La mise \u00e0 disposition est limit\u00e9e g\u00e9ographiquement aux d\u00e9placements sur Paris et villes limitrophes. Les autres destinations font l\u2019objet d\u2019un <a href=\"https:\/\/www.urban-driver.com\/en\/contacts.php\">devis<\/a> pr\u00e9alable.<\/p>\n<p>&nbsp;<\/p>\n<table style=\"height: 253px;\" border=\"1\" width=\"100%\" cellspacing=\"3\" cellpadding=\"5\">\n<tbody>\n<tr>\n<th height=\"50\">\n<div class=\"titre\">Tarifs<\/div>\n<\/th>\n<th height=\"50\">\n<div class=\"titre\">Taxi Scooter<\/div>\n<\/th>\n<th height=\"50\">\n<div class=\"titre\">Taxi moto<\/div>\n<\/th>\n<\/tr>\n<tr bgcolor=\"#B5B5B5\">\n<td height=\"30\"><strong>En semaine<\/strong><\/td>\n<td><\/td>\n<td><\/td>\n<\/tr>\n<tr>\n<td height=\"20\">1 heure<\/td>\n<td>\n<div align=\"center\"><strong>75\u20ac<\/strong><\/div>\n<\/td>\n<td>\n<div align=\"center\"><strong>90\u20ac<\/strong><\/div>\n<\/td>\n<\/tr>\n<tr bgcolor=\"#E9E9E9\">\n<td height=\"20\">4 heures (demi-journ\u00e9e)<\/td>\n<td>\n<div align=\"center\"><strong>260\u20ac<\/strong><\/div>\n<\/td>\n<td>\n<div align=\"center\"><strong>320\u20ac<\/strong><\/div>\n<\/td>\n<\/tr>\n<tr>\n<td height=\"20\">8 heures (journ\u00e9e)<\/td>\n<td>\n<div align=\"center\"><strong>440\u20ac<\/strong><\/div>\n<\/td>\n<td>\n<div align=\"center\"><strong>560\u20ac<\/strong><\/div>\n<\/td>\n<\/tr>\n<tr bgcolor=\"#B5B5B5\">\n<td height=\"30\"><strong>Week-end et jours f\u00e9ri\u00e9s<\/strong><\/td>\n<td><\/td>\n<td><\/td>\n<\/tr>\n<tr>\n<td height=\"20\">1 heure<\/td>\n<td>\n<div align=\"center\"><strong>95\u20ac<\/strong><\/div>\n<\/td>\n<td>\n<div align=\"center\"><strong>110\u20ac<\/strong><\/div>\n<\/td>\n<\/tr>\n<tr bgcolor=\"#E9E9E9\">\n<td height=\"20\">4 heures (demi-journ\u00e9e)<\/td>\n<td>\n<div align=\"center\"><strong>340\u20ac<\/strong><\/div>\n<\/td>\n<td>\n<div align=\"center\"><strong>400\u20ac<\/strong><\/div>\n<\/td>\n<\/tr>\n<tr>\n<td height=\"20\">8 heures (journ\u00e9e)<\/td>\n<td>\n<div align=\"center\"><strong>600\u20ac<\/strong><\/div>\n<\/td>\n<td>\n<div align=\"center\"><strong>720\u20ac<\/strong><\/div>\n<\/td>\n<\/tr>\n<\/tbody>\n<\/table>\n<p>[\/vc_column_text][vc_empty_space hide_on_mobile=&#8221;&#8221;]<div class=\"sc_item_button sc_button_wrap\"><a href=\"https:\/\/www.urban-driver.com\/contact_miseadisposition\" id=\"sc_button_888145037\" class=\"sc_button sc_button_default sc_button_size_normal sc_button_icon_left\"><span class=\"sc_button_text\"><span class=\"sc_button_title\">Demande de mise \u00e0 disposition<\/span><\/span><!-- \/.sc_button_text --><\/a><!-- \/.sc_button --><\/div><!-- \/.sc_item_button -->[vc_empty_space hide_on_mobile=&#8221;&#8221;][vc_separator css=&#8221;&#8221;][\/vc_column][\/vc_row][vc_row][vc_column][vc_custom_heading text=&#8221;D\u00e9couvrez les diff\u00e9rents services de mise \u00e0 disposition&#8221; font_container=&#8221;tag:h3|text_align:left&#8221; use_theme_fonts=&#8221;yes&#8221; css=&#8221;&#8221;][vc_row_inner][vc_column_inner width=&#8221;1\/3&#8243;][vc_empty_space alter_height=&#8221;medium&#8221; hide_on_mobile=&#8221;&#8221;][vc_single_image image=&#8221;7249&#8243; img_size=&#8221;medium&#8221; alignment=&#8221;center&#8221; css=&#8221;&#8221;][\/vc_column_inner][vc_column_inner width=&#8221;2\/3&#8243;][vc_custom_heading text=&#8221;Paris Fashion week&#8221; font_container=&#8221;tag:h4|text_align:left&#8221; use_theme_fonts=&#8221;yes&#8221; css=&#8221;&#8221;][vc_column_text css=&#8221;&#8221;]La Paris Fashion Week, v\u00e9ritable temple de la mode, incarne l&#8217;\u00e9l\u00e9gance et la cr\u00e9ativit\u00e9 \u00e0 l&#8217;\u00e9chelle mondiale. Chaque ann\u00e9e, la capitale fran\u00e7aise se transforme en sc\u00e8ne internationale, o\u00f9 les plus grandes maisons de couture d\u00e9voilent leurs nouvelles collections. Paris, surnomm\u00e9e la capitale de la mode, est le berceau d&#8217;ic\u00f4nes telles que\u00a0<strong>Chanel<\/strong>,\u00a0<strong>Dior<\/strong>,\u00a0<strong>Louis Vuitton<\/strong>,\u00a0<strong>Yves Saint Laurent<\/strong>\u00a0et\u00a0<strong>Givenchy<\/strong>. La Paris Fashion Week, avec son aura l\u00e9gendaire, reste un rendez-vous incontournable pour les passionn\u00e9s de mode et les professionnels du secteur.<\/p>\n<p>Urban Driver met \u00e0 disposition \u00e0 chaque \u00e9v\u00e9nement sa flotte de moto taxi conduits par des chauffeurs professionnels pour assurer les transferts de mannequins, coiffeurs, invit\u00e9s, clients.<\/p>\n<p>&nbsp;[\/vc_column_text][vc_empty_space alter_height=&#8221;medium&#8221; hide_on_mobile=&#8221;&#8221;][\/vc_column_inner][\/vc_row_inner][\/vc_column][\/vc_row][vc_row][vc_column][vc_separator css=&#8221;&#8221;][vc_row_inner][vc_column_inner width=&#8221;2\/3&#8243;][vc_custom_heading text=&#8221;Service Business&#8221; font_container=&#8221;tag:h4|text_align:left&#8221; use_theme_fonts=&#8221;yes&#8221; css=&#8221;&#8221;][vc_column_text css=&#8221;&#8221;]En voyage d\u2019affaires \u00e0 Paris pour une journ\u00e9e ou plus, nous vous proposons la mise \u00e0 disposition d\u2019une moto ou voiture et son chauffeur pour vous permettre d\u2019optimisez votre journ\u00e9e tout en \u00e9liminant le stress li\u00e9 \u00e0 vos d\u00e9placements.<br \/>\nNous g\u00e9rons vos transferts gare et a\u00e9roport et vous conduisons \u00e0 tous vos rendez vous.<\/p>\n<p>Vous planifiez une journ\u00e9e \u00e0 Paris avec de nombreux rendez-vous, vous souhaitez, par exemple, effectuer la tourn\u00e9e de vos points de vente, Urban Driver est votre partenaire afin d\u2019optimiser vos temps de d\u00e9placement et gagner en rentabilit\u00e9.[\/vc_column_text][\/vc_column_inner][vc_column_inner width=&#8221;1\/3&#8243;][vc_empty_space alter_height=&#8221;medium&#8221; hide_on_mobile=&#8221;&#8221;][vc_empty_space alter_height=&#8221;medium&#8221; hide_on_mobile=&#8221;&#8221;][vc_single_image image=&#8221;7243&#8243; img_size=&#8221;medium&#8221; alignment=&#8221;center&#8221; css=&#8221;&#8221;][\/vc_column_inner][\/vc_row_inner][\/vc_column][\/vc_row][vc_row][vc_column][vc_separator css=&#8221;&#8221;][\/vc_column][\/vc_row][vc_row][vc_column width=&#8221;1\/3&#8243;][vc_empty_space alter_height=&#8221;medium&#8221; hide_on_mobile=&#8221;&#8221;][vc_single_image image=&#8221;7247&#8243; alignment=&#8221;center&#8221; css=&#8221;&#8221;][vc_empty_space alter_height=&#8221;medium&#8221; hide_on_mobile=&#8221;&#8221;][\/vc_column][vc_column width=&#8221;2\/3&#8243;][vc_custom_heading text=&#8221;Visite de Paris&#8221; font_container=&#8221;tag:h4|text_align:left&#8221; use_theme_fonts=&#8221;yes&#8221; css=&#8221;&#8221;][vc_column_text css=&#8221;&#8221;]Vous avez envie de d\u00e9couvrir Paris et ses monuments autrement. La visite de Paris \u00e0 moto vous offre une vue imprenable. Confortablement install\u00e9 sur le si\u00e8ge passager, vous d\u00e9couvrez Paris d\u2019une fa\u00e7on unique, en vous laissant conduire dans les plus beaux quartiers de la capitale.<\/p>\n<p>D\u00e9couvrez les principaux sites de Paris : La Tour Eiffel, les Champs-Elys\u00e9es, l\u2019Arc de Triomphe, le mus\u00e9e du Louvre, Notre-Dame de Paris, l\u2019Ile de la Cit\u00e9, le Trocad\u00e9ro, les Invalides, l\u2019Op\u00e9ra Garnier, la place Vend\u00f4me, la place de la Concorde, le Moulin Rouge, Montmartre, le Sacr\u00e9-C\u0153ur et la place du Tertre, la place des Vosges, la place de la Bastille, le Panth\u00e9on, St Sulpice, St Germain des Pr\u00e8s.<\/p>\n<p>Nous vous proposons des forfaits tout au long de l\u2019ann\u00e9e. Un chauffeur moto Urban Driver vient vous chercher \u00e0 votre domicile ou votre h\u00f4tel et est \u00e0 votre disposition selon vos envies 1 heure, 2 heures, 3 heures ou plus.[\/vc_column_text][\/vc_column][\/vc_row][vc_row][vc_column][vc_separator css=&#8221;&#8221;][\/vc_column][\/vc_row][vc_row][vc_column width=&#8221;2\/3&#8243;][vc_custom_heading text=&#8221;Shopping plaisir&#8221; font_container=&#8221;tag:h4|text_align:left&#8221; use_theme_fonts=&#8221;yes&#8221; css=&#8221;&#8221;][vc_column_text css=&#8221;&#8221;]Vous r\u00eavez d\u2019un shopping dans Paris sans vous soucier des probl\u00e8mes li\u00e9s \u00e0 la circulation et au stationnement. Urban Driver met \u00e0 votre disposition une moto avec chauffeur pour vous conduire sur les plus belles avenues de la capitale.<\/p>\n<p>Organisez votre journ\u00e9e shopping au gr\u00e9 de vos envies (Les Grands Magasins, Saint Germain des pr\u00e9s, le Marais, les Champs-Elys\u00e9es, place Vend\u00f4me.) votre chauffeur Urban Driver est \u00e0 votre disposition pour vous accompagner aux adresses les plus prestigieuses de la mode parisienne.<\/p>\n<p>Que ce soit pour votre plaisir ou pour une occasion (F\u00eates de No\u00ebl, votre Mariages, un anniversaire etc), un chauffeur Urban Driver vient vous chercher \u00e0 votre domicile ou votre travail et est \u00e0 votre disposition selon vos besoins et vos envies 1 heure, 2 heures, 3 heures ou plus.[\/vc_column_text][\/vc_column][vc_column width=&#8221;1\/3&#8243;][vc_empty_space alter_height=&#8221;medium&#8221; hide_on_mobile=&#8221;&#8221;][vc_empty_space alter_height=&#8221;medium&#8221; hide_on_mobile=&#8221;&#8221;][vc_single_image image=&#8221;7245&#8243; alignment=&#8221;center&#8221; css=&#8221;&#8221;][\/vc_column][\/vc_row]<\/p>\n<\/div>","protected":false},"excerpt":{"rendered":"<p>[vc_row][vc_column][vc_row_inner][vc_column_inner width=&#8221;2\/3&#8243;][vc_column_text css=&#8221;&#8221;]Votre temps est pr\u00e9cieux et vous voulez optimiser votre journ\u00e9e, nous mettons \u00e0 votre disposition une moto et son chauffeur pour vous accompagner, pendant une heure, \u00bd journ\u00e9e ou plus, lors de vos d\u00e9placements professionnels \u00e0 Paris et RP. Ainsi vous vous d\u00e9placez&hellip;<\/p>\n","protected":false},"author":1,"featured_media":0,"parent":0,"menu_order":0,"comment_status":"closed","ping_status":"closed","template":"","meta":{"footnotes":""},"class_list":["post-1318","page","type-page","status-publish","hentry"],"yoast_head":"<!-- This site is optimized with the Yoast SEO plugin v27.4 - https:\/\/yoast.com\/product\/yoast-seo-wordpress\/ -->\n<title>Mise \u00e0 disposition de Moto avec chauffeur - Urban Driver<\/title>\n<meta name=\"description\" content=\"Mise \u00e0 disposition Taxi moto pour 1 heure, 1\/2 journ\u00e9e ou +. Tarifs fixes 90\u20ac par heure, 320\u20ac pour 4 heures.\" \/>\n<meta name=\"robots\" content=\"index, follow, max-snippet:-1, max-image-preview:large, max-video-preview:-1\" \/>\n<link rel=\"canonical\" href=\"https:\/\/www.urban-driver.com\/en\/prestations_miseadisposition.php\" \/>\n<meta property=\"og:locale\" content=\"en_US\" \/>\n<meta property=\"og:type\" content=\"article\" \/>\n<meta property=\"og:title\" content=\"Mise \u00e0 disposition de Moto avec chauffeur - Urban Driver\" \/>\n<meta property=\"og:description\" content=\"Mise \u00e0 disposition Taxi moto pour 1 heure, 1\/2 journ\u00e9e ou +. Tarifs fixes 90\u20ac par heure, 320\u20ac pour 4 heures.\" \/>\n<meta property=\"og:url\" content=\"https:\/\/www.urban-driver.com\/en\/prestations_miseadisposition.php\" \/>\n<meta property=\"og:site_name\" content=\"Taxi moto | Urban Driver\" \/>\n<meta property=\"article:modified_time\" content=\"2025-12-29T21:28:20+00:00\" \/>\n<meta name=\"twitter:card\" content=\"summary_large_image\" \/>\n<meta name=\"twitter:label1\" content=\"Est. reading time\" \/>\n\t<meta name=\"twitter:data1\" content=\"5 minutes\" \/>\n<script type=\"application\/ld+json\" class=\"yoast-schema-graph\">{\"@context\":\"https:\\\/\\\/schema.org\",\"@graph\":[{\"@type\":\"WebPage\",\"@id\":\"https:\\\/\\\/www.urban-driver.com\\\/en\\\/prestations_miseadisposition.php\",\"url\":\"https:\\\/\\\/www.urban-driver.com\\\/en\\\/prestations_miseadisposition.php\",\"name\":\"Mise \u00e0 disposition de Moto avec chauffeur - Urban Driver\",\"isPartOf\":{\"@id\":\"https:\\\/\\\/www.urban-driver.com\\\/en\\\/#website\"},\"datePublished\":\"2017-05-01T06:11:08+00:00\",\"dateModified\":\"2025-12-29T21:28:20+00:00\",\"description\":\"Mise \u00e0 disposition Taxi moto pour 1 heure, 1\\\/2 journ\u00e9e ou +. Tarifs fixes 90\u20ac par heure, 320\u20ac pour 4 heures.\",\"breadcrumb\":{\"@id\":\"https:\\\/\\\/www.urban-driver.com\\\/en\\\/prestations_miseadisposition.php#breadcrumb\"},\"inLanguage\":\"en-US\",\"potentialAction\":[{\"@type\":\"ReadAction\",\"target\":[\"https:\\\/\\\/www.urban-driver.com\\\/en\\\/prestations_miseadisposition.php\"]}]},{\"@type\":\"BreadcrumbList\",\"@id\":\"https:\\\/\\\/www.urban-driver.com\\\/en\\\/prestations_miseadisposition.php#breadcrumb\",\"itemListElement\":[{\"@type\":\"ListItem\",\"position\":1,\"name\":\"Urban Driver\",\"item\":\"https:\\\/\\\/www.urban-driver.com\\\/en\\\/\"},{\"@type\":\"ListItem\",\"position\":2,\"name\":\"Mise \u00e0 disposition de moto avec chauffeur\"}]},{\"@type\":\"WebSite\",\"@id\":\"https:\\\/\\\/www.urban-driver.com\\\/en\\\/#website\",\"url\":\"https:\\\/\\\/www.urban-driver.com\\\/en\\\/\",\"name\":\"Taxi moto | Urban Driver\",\"description\":\"\",\"publisher\":{\"@id\":\"https:\\\/\\\/www.urban-driver.com\\\/en\\\/#organization\"},\"potentialAction\":[{\"@type\":\"SearchAction\",\"target\":{\"@type\":\"EntryPoint\",\"urlTemplate\":\"https:\\\/\\\/www.urban-driver.com\\\/en\\\/?s={search_term_string}\"},\"query-input\":{\"@type\":\"PropertyValueSpecification\",\"valueRequired\":true,\"valueName\":\"search_term_string\"}}],\"inLanguage\":\"en-US\"},{\"@type\":\"Organization\",\"@id\":\"https:\\\/\\\/www.urban-driver.com\\\/en\\\/#organization\",\"name\":\"URBAN DRIVER\",\"alternateName\":\"Urban\",\"url\":\"https:\\\/\\\/www.urban-driver.com\\\/en\\\/\",\"logo\":{\"@type\":\"ImageObject\",\"inLanguage\":\"en-US\",\"@id\":\"https:\\\/\\\/www.urban-driver.com\\\/en\\\/#\\\/schema\\\/logo\\\/image\\\/\",\"url\":\"https:\\\/\\\/www.urban-driver.com\\\/wp-content\\\/uploads\\\/2016\\\/12\\\/urban_driver.png\",\"contentUrl\":\"https:\\\/\\\/www.urban-driver.com\\\/wp-content\\\/uploads\\\/2016\\\/12\\\/urban_driver.png\",\"width\":300,\"height\":39,\"caption\":\"URBAN DRIVER\"},\"image\":{\"@id\":\"https:\\\/\\\/www.urban-driver.com\\\/en\\\/#\\\/schema\\\/logo\\\/image\\\/\"}}]}<\/script>\n<!-- \/ Yoast SEO plugin. -->","yoast_head_json":{"title":"Mise \u00e0 disposition de Moto avec chauffeur - Urban Driver","description":"Mise \u00e0 disposition Taxi moto pour 1 heure, 1\/2 journ\u00e9e ou +. Tarifs fixes 90\u20ac par heure, 320\u20ac pour 4 heures.","robots":{"index":"index","follow":"follow","max-snippet":"max-snippet:-1","max-image-preview":"max-image-preview:large","max-video-preview":"max-video-preview:-1"},"canonical":"https:\/\/www.urban-driver.com\/en\/prestations_miseadisposition.php","og_locale":"en_US","og_type":"article","og_title":"Mise \u00e0 disposition de Moto avec chauffeur - Urban Driver","og_description":"Mise \u00e0 disposition Taxi moto pour 1 heure, 1\/2 journ\u00e9e ou +. Tarifs fixes 90\u20ac par heure, 320\u20ac pour 4 heures.","og_url":"https:\/\/www.urban-driver.com\/en\/prestations_miseadisposition.php","og_site_name":"Taxi moto | Urban Driver","article_modified_time":"2025-12-29T21:28:20+00:00","twitter_card":"summary_large_image","twitter_misc":{"Est. reading time":"5 minutes"},"schema":{"@context":"https:\/\/schema.org","@graph":[{"@type":"WebPage","@id":"https:\/\/www.urban-driver.com\/en\/prestations_miseadisposition.php","url":"https:\/\/www.urban-driver.com\/en\/prestations_miseadisposition.php","name":"Mise \u00e0 disposition de Moto avec chauffeur - Urban Driver","isPartOf":{"@id":"https:\/\/www.urban-driver.com\/en\/#website"},"datePublished":"2017-05-01T06:11:08+00:00","dateModified":"2025-12-29T21:28:20+00:00","description":"Mise \u00e0 disposition Taxi moto pour 1 heure, 1\/2 journ\u00e9e ou +. Tarifs fixes 90\u20ac par heure, 320\u20ac pour 4 heures.","breadcrumb":{"@id":"https:\/\/www.urban-driver.com\/en\/prestations_miseadisposition.php#breadcrumb"},"inLanguage":"en-US","potentialAction":[{"@type":"ReadAction","target":["https:\/\/www.urban-driver.com\/en\/prestations_miseadisposition.php"]}]},{"@type":"BreadcrumbList","@id":"https:\/\/www.urban-driver.com\/en\/prestations_miseadisposition.php#breadcrumb","itemListElement":[{"@type":"ListItem","position":1,"name":"Urban Driver","item":"https:\/\/www.urban-driver.com\/en\/"},{"@type":"ListItem","position":2,"name":"Mise \u00e0 disposition de moto avec chauffeur"}]},{"@type":"WebSite","@id":"https:\/\/www.urban-driver.com\/en\/#website","url":"https:\/\/www.urban-driver.com\/en\/","name":"Taxi moto | Urban Driver","description":"","publisher":{"@id":"https:\/\/www.urban-driver.com\/en\/#organization"},"potentialAction":[{"@type":"SearchAction","target":{"@type":"EntryPoint","urlTemplate":"https:\/\/www.urban-driver.com\/en\/?s={search_term_string}"},"query-input":{"@type":"PropertyValueSpecification","valueRequired":true,"valueName":"search_term_string"}}],"inLanguage":"en-US"},{"@type":"Organization","@id":"https:\/\/www.urban-driver.com\/en\/#organization","name":"URBAN DRIVER","alternateName":"Urban","url":"https:\/\/www.urban-driver.com\/en\/","logo":{"@type":"ImageObject","inLanguage":"en-US","@id":"https:\/\/www.urban-driver.com\/en\/#\/schema\/logo\/image\/","url":"https:\/\/www.urban-driver.com\/wp-content\/uploads\/2016\/12\/urban_driver.png","contentUrl":"https:\/\/www.urban-driver.com\/wp-content\/uploads\/2016\/12\/urban_driver.png","width":300,"height":39,"caption":"URBAN DRIVER"},"image":{"@id":"https:\/\/www.urban-driver.com\/en\/#\/schema\/logo\/image\/"}}]}},"_links":{"self":[{"href":"https:\/\/www.urban-driver.com\/en\/wp-json\/wp\/v2\/pages\/1318","targetHints":{"allow":["GET"]}}],"collection":[{"href":"https:\/\/www.urban-driver.com\/en\/wp-json\/wp\/v2\/pages"}],"about":[{"href":"https:\/\/www.urban-driver.com\/en\/wp-json\/wp\/v2\/types\/page"}],"author":[{"embeddable":true,"href":"https:\/\/www.urban-driver.com\/en\/wp-json\/wp\/v2\/users\/1"}],"replies":[{"embeddable":true,"href":"https:\/\/www.urban-driver.com\/en\/wp-json\/wp\/v2\/comments?post=1318"}],"version-history":[{"count":0,"href":"https:\/\/www.urban-driver.com\/en\/wp-json\/wp\/v2\/pages\/1318\/revisions"}],"wp:attachment":[{"href":"https:\/\/www.urban-driver.com\/en\/wp-json\/wp\/v2\/media?parent=1318"}],"curies":[{"name":"wp","href":"https:\/\/api.w.org\/{rel}","templated":true}]}}