{"id":1316,"date":"2017-05-01T08:06:57","date_gmt":"2017-05-01T06:06:57","guid":{"rendered":"http:\/\/48h.fr\/?page_id=1316"},"modified":"2026-01-21T23:34:10","modified_gmt":"2026-01-21T22:34:10","slug":"avantages-services","status":"publish","type":"page","link":"https:\/\/www.urban-driver.com\/en\/avantages_services.php","title":{"rendered":"Urban Driver vous propose un service de qualit\u00e9 au meilleur prix"},"content":{"rendered":"<div class=\"wpb-content-wrapper\"><p>[vc_row][vc_column][vc_row_inner][vc_column_inner width=&#8221;1\/3&#8243;][vc_empty_space alter_height=&#8221;medium&#8221; hide_on_mobile=&#8221;&#8221;][vc_empty_space alter_height=&#8221;medium&#8221; hide_on_mobile=&#8221;&#8221;][vc_empty_space alter_height=&#8221;medium&#8221; hide_on_mobile=&#8221;&#8221;][vc_single_image image=&#8221;6700&#8243; img_size=&#8221;medium&#8221; alignment=&#8221;center&#8221;][vc_empty_space alter_height=&#8221;medium&#8221; hide_on_mobile=&#8221;&#8221;][\/vc_column_inner][vc_column_inner width=&#8221;2\/3&#8243;]<div id=\"sc_title_2093426831\"\n\t\tclass=\"sc_title sc_title_default\"><h6 class=\"sc_item_subtitle sc_title_subtitle sc_align_left sc_item_title_style_default\">Comment joindre Urban Driver par t\u00e9l\u00e9phone ?<\/h6><h3 class=\"sc_item_title sc_title_title sc_align_left sc_item_title_style_default\">Accueil Client<\/h3><\/div><!-- \/.sc_title -->[vc_column_text css=&#8221;&#8221;]Notre standard est ouvert du Lundi au Samedi de 9h \u00e0 18h, le Dimanche de 17h \u00e0 21h.<\/p>\n<p>Depuis la France, composez-le : 0825 625 100 (0,15 euros TTC\/min)<br \/>\nDepuis l&#8217;\u00e9tranger, composez-le : +33 (1) 75 60 15 06<\/p>\n<p>Nous vous r\u00e9servons un accueil courtois et professionnel.[\/vc_column_text][vc_empty_space height=&#8221;256px&#8221; alter_height=&#8221;medium&#8221; hide_on_mobile=&#8221;&#8221;]<div class=\"sc_item_button sc_button_wrap\"><a href=\"https:\/\/booking.urban-driver.com\/Commander\" id=\"sc_button_1529454390\" class=\"sc_button sc_button_default sc_button_size_normal sc_button_icon_left\"><span class=\"sc_button_text\"><span class=\"sc_button_title\">R\u00e9servez en ligne<\/span><\/span><!-- \/.sc_button_text --><\/a><!-- \/.sc_button --><\/div><!-- \/.sc_item_button -->[\/vc_column_inner][\/vc_row_inner][vc_empty_space alter_height=&#8221;medium&#8221; hide_on_mobile=&#8221;&#8221;][vc_raw_html css=&#8221;&#8221;]JTNDZGl2JTIwY2xhc3MlM0QlMjJza2VlcGVyc19jYXJvdXNlbF9jb250YWluZXIlMjIlMjBkYXRhLXNsaWRlcy1jb3VudCUzRCUyMjQlMjIlM0UlM0MlMkZkaXYlM0UlMEElM0NzY3JpcHQlMjBkZWZlciUyMGNoYXJzZXQlM0QlMjJ1dGYtOCUyMiUyMHNyYyUzRCUyMiUyRiUyRndpZGdldHMucnIuc2tlZXBlcnMuaW8lMkZjYXJvdXNlbCUyRmEyNWY4MWEyLWM3ZjctZjc4NC1kOTI0LWQ2Y2Q1ZTUwNGYzMSUyRjk0ZjVhZmY2LWMzM2YtNGQ2Ni1hZThhLTU2OTlhOGJiNTEyZC5qcyUyMiUzRSUzQyUyRnNjcmlwdCUzRQ==[\/vc_raw_html][vc_separator][\/vc_column][\/vc_row][vc_row][vc_column][vc_row_inner][vc_column_inner][vc_custom_heading text=&#8221;Urban Driver, plus qu&#8217;un chauffeur&#8221; font_container=&#8221;tag:h2|text_align:center&#8221; use_theme_fonts=&#8221;yes&#8221;][vc_column_text]<\/p>\n<p style=\"text-align: center;\">Nos <a href=\"https:\/\/www.urban-driver.com\/en\/motorbike-taxi.php\">chauffeurs motos<\/a> vous conduisent en toute s\u00e9curit\u00e9 \u00e0 destination mais sont aussi le contact direct entre l\u2019entreprise et le client. Outre une pr\u00e9sentation soign\u00e9e, les chauffeurs Urban Driver vous accueillent, vous conseillent et ont un objectif, vous transporter en toute confiance.<\/p>\n<p style=\"text-align: center;\">Dans le cadre d\u2019une r\u00e9servation de mise \u00e0 disposition (1 journ\u00e9e, \u00bd journ\u00e9e etc.), votre chauffeur est \u00e0 votre disposition pour r\u00e9pondre \u00e0 diff\u00e9rents services (la r\u00e9servation d\u2019un restaurant, d\u2019un h\u00f4tel, r\u00e9cup\u00e9rer\/d\u00e9poser des documents pendant votre RDV, etc.),<\/p>\n<p>[\/vc_column_text][\/vc_column_inner][\/vc_row_inner][vc_separator][\/vc_column][\/vc_row][vc_row][vc_column][vc_row_inner][vc_column_inner width=&#8221;1\/3&#8243;][vc_empty_space alter_height=&#8221;medium&#8221; hide_on_mobile=&#8221;&#8221;][vc_empty_space alter_height=&#8221;medium&#8221; hide_on_mobile=&#8221;&#8221;][vc_empty_space alter_height=&#8221;medium&#8221; hide_on_mobile=&#8221;&#8221;][vc_single_image image=&#8221;6702&#8243; img_size=&#8221;medium&#8221; alignment=&#8221;center&#8221;][vc_empty_space alter_height=&#8221;medium&#8221; hide_on_mobile=&#8221;&#8221;][\/vc_column_inner][vc_column_inner width=&#8221;2\/3&#8243;]<div id=\"sc_title_1966197316\"\n\t\tclass=\"sc_title sc_title_default\"><h6 class=\"sc_item_subtitle sc_title_subtitle sc_align_left sc_item_title_style_default\">Notre objectif : vous fid\u00e9liser.<\/h6><h3 class=\"sc_item_title sc_title_title sc_align_left sc_item_title_style_default\">La relation client<\/h3><\/div><!-- \/.sc_title -->[vc_column_text]Nous mettons tout en \u0153uvre pour vous proposer un service de qualit\u00e9 et vous proposer un voyage agr\u00e9able.<\/p>\n<p>L\u2019un des plus grands actifs d\u2019une soci\u00e9t\u00e9 repose dans la solidit\u00e9 des liens qu\u2019elle tisse avec ses clients. Nous voulons \u00e9tablir un contact privil\u00e9gi\u00e9 avec vous. Etre \u00e0 votre \u00e9coute pour comprendre vos besoins, vos envies, vos attentes et nous faire part de suggestions. Ecrivez-nous, nous nous engageons \u00e0 vous r\u00e9pondre dans les plus brefs d\u00e9lais.<br \/>\nVoil\u00e0 qui devrait d\u00e9finitivement vous convaincre et vous permettre de r\u00e9pondre \u00e0 la question: Pourquoi choisir Urban Driver?[\/vc_column_text][\/vc_column_inner][\/vc_row_inner][vc_empty_space alter_height=&#8221;medium&#8221; hide_on_mobile=&#8221;&#8221;][vc_separator][\/vc_column][\/vc_row][vc_row][vc_column]<div id=\"sc_title_268784739\"\n\t\tclass=\"sc_title sc_title_default\"><h6 class=\"sc_item_subtitle sc_title_subtitle sc_align_left sc_item_title_style_default\">R\u00e9ponses \u00e0 vos questions<\/h6><h3 class=\"sc_item_title sc_title_title sc_align_left sc_item_title_style_default\">FAQ<\/h3><\/div><!-- \/.sc_title -->[vc_toggle title=&#8221;Comment joindre Urban Driver par t\u00e9l\u00e9phone ?&#8221; css=&#8221;&#8221;]Vous pouvez nous contacter sur notre service t\u00e9l\u00e9phonique d\u00e9di\u00e9 au 0825.625.100 du Lundi au Samedi de 09h00 \u00e0 18h00 et le Dimanche de 17h00 \u00e0 21h00.[\/vc_toggle][vc_toggle title=&#8221;Comment commander un Urban Driver ?&#8221;]Vous pouvez commander votre taxi moto via :<\/p>\n<ul class=\"trx_addons_list trx_addons_list_minus\">\n<li>notre site internet 24\/7<\/li>\n<li>les applications mobiles 24\/7<\/li>\n<li>notre service t\u00e9l\u00e9phonique 0825.625.100 (0.15\u20ac TTC \/ min).<\/li>\n<\/ul>\n<p>Plus d&#8217;informations sur les moyens de commander un Urban Driver en cliquant <a href=\"https:\/\/www.urban-driver.com\/en\/how-it-works\/\">ICI<\/a>.<\/p>\n<p>&nbsp;[\/vc_toggle][vc_toggle title=&#8221;Disposez-vous d&#8217;un service &#8220;R\u00e9clamations&#8220; ?&#8221;]Nous disposons d&#8217;un service client compos\u00e9 d&#8217;une assistance en ligne accessible depuis notre site Internet et les applications mobiles, un service de &#8220;chat en ligne&#8221; lorsque les op\u00e9rateurs sont disponibles ainsi que la possibilit\u00e9 d&#8217;envoyer une <a href=\"https:\/\/www.urban-driver.com\/en\/contacts.php\">demande ou r\u00e9clamation<\/a>. Nous r\u00e9pondons dans les 24 heures.[\/vc_toggle][vc_separator][\/vc_column][\/vc_row][vc_row full_width=&#8221;stretch_row&#8221; css=&#8221;.vc_custom_1650042442111{background-image: url(https:\/\/www.urban-driver.com\/wp-content\/uploads\/2017\/01\/ville.jpg?id=1679) !important;}&#8221;][vc_column][vc_empty_space height=&#8221;256px&#8221; hide_on_mobile=&#8221;&#8221;][vc_custom_heading text=&#8221;Pourquoi choisir Urban Driver ?&#8221; font_container=&#8221;tag:h2|text_align:left|color:%23ffffff&#8221; use_theme_fonts=&#8221;yes&#8221;]<div class=\"sc_item_button sc_button_wrap\"><a href=\"https:\/\/www.urban-driver.com\/pourquoi_choisir_urbandriver.php\" id=\"sc_button_1008603301\" class=\"sc_button sc_button_default sc_button_size_normal sc_button_icon_left\"><span class=\"sc_button_text\"><span class=\"sc_button_title\">Cliquez-ICI<\/span><\/span><!-- \/.sc_button_text --><\/a><!-- \/.sc_button --><\/div><!-- \/.sc_item_button -->[vc_empty_space height=&#8221;256px&#8221; hide_on_mobile=&#8221;&#8221;][vc_empty_space height=&#8221;256px&#8221; hide_on_mobile=&#8221;&#8221;][vc_empty_space height=&#8221;256px&#8221; hide_on_mobile=&#8221;&#8221;][\/vc_column][\/vc_row]<\/p>\n<\/div>","protected":false},"excerpt":{"rendered":"<p>[vc_row][vc_column][vc_row_inner][vc_column_inner width=&#8221;1\/3&#8243;][vc_empty_space alter_height=&#8221;medium&#8221; hide_on_mobile=&#8221;&#8221;][vc_empty_space alter_height=&#8221;medium&#8221; hide_on_mobile=&#8221;&#8221;][vc_empty_space alter_height=&#8221;medium&#8221; hide_on_mobile=&#8221;&#8221;][vc_single_image image=&#8221;6700&#8243; img_size=&#8221;medium&#8221; alignment=&#8221;center&#8221;][vc_empty_space alter_height=&#8221;medium&#8221; hide_on_mobile=&#8221;&#8221;][\/vc_column_inner][vc_column_inner width=&#8221;2\/3&#8243;][vc_column_text css=&#8221;&#8221;]Notre standard est ouvert du Lundi au Samedi de 9h \u00e0 18h, le Dimanche de 17h \u00e0 21h. Depuis la France, composez-le : 0825 625 100 (0,15 euros TTC\/min) Depuis l&#8217;\u00e9tranger,&hellip;<\/p>\n","protected":false},"author":1,"featured_media":0,"parent":0,"menu_order":0,"comment_status":"closed","ping_status":"closed","template":"","meta":{"footnotes":""},"class_list":["post-1316","page","type-page","status-publish","hentry"],"yoast_head":"<!-- This site is optimized with the Yoast SEO plugin v27.4 - https:\/\/yoast.com\/product\/yoast-seo-wordpress\/ -->\n<title>Centrale de r\u00e9servation taxi moto &amp; VTC - Urban Driver<\/title>\n<meta name=\"description\" content=\"Nous mettons tout en \u0153uvre pour vous proposer un service de qualit\u00e9 et vous proposer un voyage agr\u00e9able. Notre objectif : vous fid\u00e9liser.\" \/>\n<meta name=\"robots\" content=\"index, follow, max-snippet:-1, max-image-preview:large, max-video-preview:-1\" \/>\n<link rel=\"canonical\" href=\"https:\/\/www.urban-driver.com\/en\/avantages_services.php\" \/>\n<meta property=\"og:locale\" content=\"en_US\" \/>\n<meta property=\"og:type\" content=\"article\" \/>\n<meta property=\"og:title\" content=\"Centrale de r\u00e9servation taxi moto &amp; VTC - Urban Driver\" \/>\n<meta property=\"og:description\" content=\"Nous mettons tout en \u0153uvre pour vous proposer un service de qualit\u00e9 et vous proposer un voyage agr\u00e9able. Notre objectif : vous fid\u00e9liser.\" \/>\n<meta property=\"og:url\" content=\"https:\/\/www.urban-driver.com\/en\/avantages_services.php\" \/>\n<meta property=\"og:site_name\" content=\"Taxi moto | Urban Driver\" \/>\n<meta property=\"article:modified_time\" content=\"2026-01-21T22:34:10+00:00\" \/>\n<meta name=\"twitter:card\" content=\"summary_large_image\" \/>\n<meta name=\"twitter:label1\" content=\"Est. reading time\" \/>\n\t<meta name=\"twitter:data1\" content=\"4 minutes\" \/>\n<script type=\"application\/ld+json\" class=\"yoast-schema-graph\">{\"@context\":\"https:\\\/\\\/schema.org\",\"@graph\":[{\"@type\":\"WebPage\",\"@id\":\"https:\\\/\\\/www.urban-driver.com\\\/en\\\/avantages_services.php\",\"url\":\"https:\\\/\\\/www.urban-driver.com\\\/en\\\/avantages_services.php\",\"name\":\"Centrale de r\u00e9servation taxi moto & VTC - Urban Driver\",\"isPartOf\":{\"@id\":\"https:\\\/\\\/www.urban-driver.com\\\/en\\\/#website\"},\"datePublished\":\"2017-05-01T06:06:57+00:00\",\"dateModified\":\"2026-01-21T22:34:10+00:00\",\"description\":\"Nous mettons tout en \u0153uvre pour vous proposer un service de qualit\u00e9 et vous proposer un voyage agr\u00e9able. Notre objectif : vous fid\u00e9liser.\",\"breadcrumb\":{\"@id\":\"https:\\\/\\\/www.urban-driver.com\\\/en\\\/avantages_services.php#breadcrumb\"},\"inLanguage\":\"en-US\",\"potentialAction\":[{\"@type\":\"ReadAction\",\"target\":[\"https:\\\/\\\/www.urban-driver.com\\\/en\\\/avantages_services.php\"]}]},{\"@type\":\"BreadcrumbList\",\"@id\":\"https:\\\/\\\/www.urban-driver.com\\\/en\\\/avantages_services.php#breadcrumb\",\"itemListElement\":[{\"@type\":\"ListItem\",\"position\":1,\"name\":\"Urban Driver\",\"item\":\"https:\\\/\\\/www.urban-driver.com\\\/en\\\/\"},{\"@type\":\"ListItem\",\"position\":2,\"name\":\"Urban Driver vous propose un service de qualit\u00e9 au meilleur prix\"}]},{\"@type\":\"WebSite\",\"@id\":\"https:\\\/\\\/www.urban-driver.com\\\/en\\\/#website\",\"url\":\"https:\\\/\\\/www.urban-driver.com\\\/en\\\/\",\"name\":\"Taxi moto | Urban Driver\",\"description\":\"\",\"publisher\":{\"@id\":\"https:\\\/\\\/www.urban-driver.com\\\/en\\\/#organization\"},\"potentialAction\":[{\"@type\":\"SearchAction\",\"target\":{\"@type\":\"EntryPoint\",\"urlTemplate\":\"https:\\\/\\\/www.urban-driver.com\\\/en\\\/?s={search_term_string}\"},\"query-input\":{\"@type\":\"PropertyValueSpecification\",\"valueRequired\":true,\"valueName\":\"search_term_string\"}}],\"inLanguage\":\"en-US\"},{\"@type\":\"Organization\",\"@id\":\"https:\\\/\\\/www.urban-driver.com\\\/en\\\/#organization\",\"name\":\"URBAN DRIVER\",\"alternateName\":\"Urban\",\"url\":\"https:\\\/\\\/www.urban-driver.com\\\/en\\\/\",\"logo\":{\"@type\":\"ImageObject\",\"inLanguage\":\"en-US\",\"@id\":\"https:\\\/\\\/www.urban-driver.com\\\/en\\\/#\\\/schema\\\/logo\\\/image\\\/\",\"url\":\"https:\\\/\\\/www.urban-driver.com\\\/wp-content\\\/uploads\\\/2016\\\/12\\\/urban_driver.png\",\"contentUrl\":\"https:\\\/\\\/www.urban-driver.com\\\/wp-content\\\/uploads\\\/2016\\\/12\\\/urban_driver.png\",\"width\":300,\"height\":39,\"caption\":\"URBAN DRIVER\"},\"image\":{\"@id\":\"https:\\\/\\\/www.urban-driver.com\\\/en\\\/#\\\/schema\\\/logo\\\/image\\\/\"}}]}<\/script>\n<!-- \/ Yoast SEO plugin. -->","yoast_head_json":{"title":"Centrale de r\u00e9servation taxi moto & VTC - Urban Driver","description":"Nous mettons tout en \u0153uvre pour vous proposer un service de qualit\u00e9 et vous proposer un voyage agr\u00e9able. Notre objectif : vous fid\u00e9liser.","robots":{"index":"index","follow":"follow","max-snippet":"max-snippet:-1","max-image-preview":"max-image-preview:large","max-video-preview":"max-video-preview:-1"},"canonical":"https:\/\/www.urban-driver.com\/en\/avantages_services.php","og_locale":"en_US","og_type":"article","og_title":"Centrale de r\u00e9servation taxi moto & VTC - Urban Driver","og_description":"Nous mettons tout en \u0153uvre pour vous proposer un service de qualit\u00e9 et vous proposer un voyage agr\u00e9able. Notre objectif : vous fid\u00e9liser.","og_url":"https:\/\/www.urban-driver.com\/en\/avantages_services.php","og_site_name":"Taxi moto | Urban Driver","article_modified_time":"2026-01-21T22:34:10+00:00","twitter_card":"summary_large_image","twitter_misc":{"Est. reading time":"4 minutes"},"schema":{"@context":"https:\/\/schema.org","@graph":[{"@type":"WebPage","@id":"https:\/\/www.urban-driver.com\/en\/avantages_services.php","url":"https:\/\/www.urban-driver.com\/en\/avantages_services.php","name":"Centrale de r\u00e9servation taxi moto & VTC - Urban Driver","isPartOf":{"@id":"https:\/\/www.urban-driver.com\/en\/#website"},"datePublished":"2017-05-01T06:06:57+00:00","dateModified":"2026-01-21T22:34:10+00:00","description":"Nous mettons tout en \u0153uvre pour vous proposer un service de qualit\u00e9 et vous proposer un voyage agr\u00e9able. Notre objectif : vous fid\u00e9liser.","breadcrumb":{"@id":"https:\/\/www.urban-driver.com\/en\/avantages_services.php#breadcrumb"},"inLanguage":"en-US","potentialAction":[{"@type":"ReadAction","target":["https:\/\/www.urban-driver.com\/en\/avantages_services.php"]}]},{"@type":"BreadcrumbList","@id":"https:\/\/www.urban-driver.com\/en\/avantages_services.php#breadcrumb","itemListElement":[{"@type":"ListItem","position":1,"name":"Urban Driver","item":"https:\/\/www.urban-driver.com\/en\/"},{"@type":"ListItem","position":2,"name":"Urban Driver vous propose un service de qualit\u00e9 au meilleur prix"}]},{"@type":"WebSite","@id":"https:\/\/www.urban-driver.com\/en\/#website","url":"https:\/\/www.urban-driver.com\/en\/","name":"Taxi moto | Urban Driver","description":"","publisher":{"@id":"https:\/\/www.urban-driver.com\/en\/#organization"},"potentialAction":[{"@type":"SearchAction","target":{"@type":"EntryPoint","urlTemplate":"https:\/\/www.urban-driver.com\/en\/?s={search_term_string}"},"query-input":{"@type":"PropertyValueSpecification","valueRequired":true,"valueName":"search_term_string"}}],"inLanguage":"en-US"},{"@type":"Organization","@id":"https:\/\/www.urban-driver.com\/en\/#organization","name":"URBAN DRIVER","alternateName":"Urban","url":"https:\/\/www.urban-driver.com\/en\/","logo":{"@type":"ImageObject","inLanguage":"en-US","@id":"https:\/\/www.urban-driver.com\/en\/#\/schema\/logo\/image\/","url":"https:\/\/www.urban-driver.com\/wp-content\/uploads\/2016\/12\/urban_driver.png","contentUrl":"https:\/\/www.urban-driver.com\/wp-content\/uploads\/2016\/12\/urban_driver.png","width":300,"height":39,"caption":"URBAN DRIVER"},"image":{"@id":"https:\/\/www.urban-driver.com\/en\/#\/schema\/logo\/image\/"}}]}},"_links":{"self":[{"href":"https:\/\/www.urban-driver.com\/en\/wp-json\/wp\/v2\/pages\/1316","targetHints":{"allow":["GET"]}}],"collection":[{"href":"https:\/\/www.urban-driver.com\/en\/wp-json\/wp\/v2\/pages"}],"about":[{"href":"https:\/\/www.urban-driver.com\/en\/wp-json\/wp\/v2\/types\/page"}],"author":[{"embeddable":true,"href":"https:\/\/www.urban-driver.com\/en\/wp-json\/wp\/v2\/users\/1"}],"replies":[{"embeddable":true,"href":"https:\/\/www.urban-driver.com\/en\/wp-json\/wp\/v2\/comments?post=1316"}],"version-history":[{"count":0,"href":"https:\/\/www.urban-driver.com\/en\/wp-json\/wp\/v2\/pages\/1316\/revisions"}],"wp:attachment":[{"href":"https:\/\/www.urban-driver.com\/en\/wp-json\/wp\/v2\/media?parent=1316"}],"curies":[{"name":"wp","href":"https:\/\/api.w.org\/{rel}","templated":true}]}}