{"id":1314,"date":"2017-05-01T08:05:27","date_gmt":"2017-05-01T06:05:27","guid":{"rendered":"http:\/\/48h.fr\/?page_id=1314"},"modified":"2026-01-21T23:44:44","modified_gmt":"2026-01-21T22:44:44","slug":"avantages-securite","status":"publish","type":"page","link":"https:\/\/www.urban-driver.com\/en\/avantages_securite.php","title":{"rendered":"La S\u00e9curit\u00e9 de nos clients et chauffeurs de moto taxi"},"content":{"rendered":"<div class=\"wpb-content-wrapper\"><p>[vc_row][vc_column][vc_row_inner][vc_column_inner]<div id=\"sc_title_738909904\"\n\t\tclass=\"sc_title sc_title_default\"><h6 class=\"sc_item_subtitle sc_title_subtitle sc_align_left sc_item_title_style_default\">Notre objectif N\u00b01<\/h6><h3 class=\"sc_item_title sc_title_title sc_align_left sc_item_title_style_default\">La s\u00e9curit\u00e9 de nos clients et de nos chauffeurs<\/h3><\/div><!-- \/.sc_title -->[vc_column_text]Un bon mat\u00e9riel n\u2019est rien sans la ma\u00eetrise et l\u2019exp\u00e9rience des chauffeurs moto taxi qui vous conduisent.<\/p>\n<p>Nous attachons une attention toute particuli\u00e8re au recrutement de nos chauffeurs. Nous s\u00e9lectionnons seulement des professionnels ayant une exp\u00e9rience significative de la conduite et de la ma\u00eetrise d\u2019une moto (pilote moto de la gendarmerie, motards de presse, moniteur de moto-\u00e9cole, passionn\u00e9 de motos) afin de vous offrir une \u00e9quipe fiable en toute circonstance.<\/p>\n<p>La r\u00e8gle ultime impos\u00e9e \u00e0 nos pilotes moto taxi est le respect du code de la route et des autres usagers. Leur priorit\u00e9, c\u2019est votre s\u00e9curit\u00e9.<\/p>\n<p class=\"bold\">Nos <a href=\"https:\/\/www.urban-driver.com\/en\/motorbike-taxi.php\">chauffeurs taxi moto<\/a> doivent \u00eatre en mesure d\u2019anticiper, d\u2019adapter leurs comportements et vitesses \u00e0 chaque situation afin de vous sentir en totale confiance \u00e0 bord de nos motos.<\/p>\n<p>[\/vc_column_text][vc_empty_space alter_height=&#8221;small&#8221; hide_on_mobile=&#8221;&#8221;]<div class=\"sc_item_button sc_button_wrap\"><a href=\"https:\/\/www.urban-driver.com\/recrutement.php\" id=\"sc_button_461103449\" class=\"sc_button sc_button_default sc_button_size_small sc_button_icon_left\"><span class=\"sc_button_text\"><span class=\"sc_button_subtitle\">Profil et processus<\/span><span class=\"sc_button_title\">Recrutement de nos chauffeurs<\/span><\/span><!-- \/.sc_button_text --><\/a><!-- \/.sc_button --><\/div><!-- \/.sc_item_button -->[\/vc_column_inner][\/vc_row_inner][vc_separator][\/vc_column][\/vc_row][vc_row][vc_column][vc_row_inner][vc_column_inner width=&#8221;1\/3&#8243;][vc_empty_space alter_height=&#8221;large&#8221; hide_on_mobile=&#8221;&#8221;][vc_empty_space alter_height=&#8221;large&#8221; hide_on_mobile=&#8221;&#8221;][vc_single_image image=&#8221;6723&#8243; alignment=&#8221;center&#8221;][\/vc_column_inner][vc_column_inner width=&#8221;2\/3&#8243;][vc_custom_heading text=&#8221;Entretien et renouvellement des v\u00e9hicules&#8221; font_container=&#8221;tag:h3|text_align:left&#8221; use_theme_fonts=&#8221;yes&#8221;][vc_column_text]Tous les v\u00e9hicules utilis\u00e9s lors de vos trajets sont entretenus r\u00e9guli\u00e8rement au sein d\u2019une concession de la marque Suzuki ou Honda et disposent d\u2019une attestation annuelle d\u2019entretien.<\/p>\n<p>Conform\u00e9ment \u00e0 l\u2019article 4 du <a href=\"https:\/\/www.urban-driver.com\/en\/actu-39-taxi-moto-reglemente-par-le-decret-n-2010-1223-du-11-octobre-2010\/\">D\u00e9cret no 2010-1223 du 11 octobre 2010<\/a> r\u00e9glementant la profession des motos taxi, tous les v\u00e9hicules de notre flotte, utilis\u00e9s pour le transport \u00e0 titre on\u00e9reux de personnes, justifient d\u2019une anciennet\u00e9 inf\u00e9rieure \u00e0 quatre ans.<\/p>\n<p>La flotte de taxi scooter compos\u00e9e de Suzuki Burgman 650cc est renouvel\u00e9e quant \u00e0 elle entre 6 et 9 mois ou entre 30 000 et 40 000 km.[\/vc_column_text][\/vc_column_inner][\/vc_row_inner][vc_separator][\/vc_column][\/vc_row][vc_row][vc_column][vc_row_inner][vc_column_inner width=&#8221;2\/3&#8243;][vc_custom_heading text=&#8221;Une assurance sp\u00e9cifique li\u00e9e \u00e0 l\u2019activit\u00e9 du transport de personnes \u00e0 moto.&#8221; font_container=&#8221;tag:h3|text_align:left&#8221; use_theme_fonts=&#8221;yes&#8221;][vc_column_text]Les chauffeurs disposent d&#8217;une assurance sp\u00e9cifique pour vous garantir une s\u00e9curit\u00e9 optimale, une assurance pour le transport de personnes \u00e0 titre on\u00e9reux.<\/p>\n<p>Ce type d\u2019assurance couteuse est obligatoire pour exercer l\u2019activit\u00e9 de transports de personnes \u00e0 moto.<\/p>\n<p>L&#8217;assurance couvre en <strong>responsabilit\u00e9 civile<\/strong> les dommages corporels de mani\u00e8re illimit\u00e9e et les dommages mat\u00e9riels et immat\u00e9riels cons\u00e9cutifs dans un plafond de 100 millions d\u2019euros.<\/p>\n<p>Tous nos chauffeurs disposent d&#8217;une attestation d&#8217;assurance qu&#8217;ils peuvent vous pr\u00e9senter sur simple demande.[\/vc_column_text][\/vc_column_inner][vc_column_inner width=&#8221;1\/3&#8243;][vc_empty_space alter_height=&#8221;large&#8221; hide_on_mobile=&#8221;&#8221;][vc_empty_space alter_height=&#8221;large&#8221; hide_on_mobile=&#8221;&#8221;][vc_single_image image=&#8221;6725&#8243; alignment=&#8221;center&#8221;][\/vc_column_inner][\/vc_row_inner][vc_separator][\/vc_column][\/vc_row][vc_row][vc_column]<div id=\"sc_title_1373965308\"\n\t\tclass=\"sc_title sc_title_default\"><h6 class=\"sc_item_subtitle sc_title_subtitle sc_align_left sc_item_title_style_default\">R\u00e9ponses \u00e0 vos questions<\/h6><h3 class=\"sc_item_title sc_title_title sc_align_left sc_item_title_style_default\">FAQ<\/h3><\/div><!-- \/.sc_title -->[vc_toggle title=&#8221;Quelle gamme de v\u00e9hicules motoris\u00e9s utilisez vous ?&#8221;]La flotte est compos\u00e9e des motos les plus confortables du march\u00e9 avec 2 mod\u00e8les : Honda Goldwing et BMW K1600.[\/vc_toggle][vc_toggle title=&#8221;Quel est l&#8217;\u00e2ge moyen de votre flotte de taxi moto ?&#8221;]Conform\u00e9ment \u00e0 la r\u00e9glementation en vigueur, tous les v\u00e9hicules utilis\u00e9s dans le cadre du transport de personnes \u00e0 titre on\u00e9reux ont moins de 4 ans d&#8217;anciennet\u00e9.[\/vc_toggle][vc_toggle title=&#8221;Quels \u00e9quipement de s\u00e9curit\u00e9 sont propos\u00e9s lors de la prise en charge du passager ?&#8221;]Equipements de s\u00e9curit\u00e9 : deux casques pour s&#8217;adapter \u00e0 la morphologie des passagers et des charlottes \u00e0 usage unique pour assurer l&#8217;hygi\u00e8ne des caques, deux paires de gants et du gel hydroalcoolique, 1 veste moto disposant de protection aux \u00e9paules et aux coudes.<\/p>\n<p>&nbsp;[\/vc_toggle][\/vc_column][\/vc_row][vc_row full_width=&#8221;stretch_row&#8221; css=&#8221;.vc_custom_1737047646821{margin-top: 33px !important;margin-bottom: 33px !important;background-image: url(https:\/\/www.urban-driver.com\/wp-content\/uploads\/2017\/01\/illustration2.jpg?id=1062) !important;}&#8221;][vc_column][vc_empty_space alter_height=&#8221;small&#8221; hide_on_mobile=&#8221;&#8221;][vc_custom_heading text=&#8221;Arrivez \u00e0 l&#8217;heure malgr\u00e9 les bouchons. R\u00e9server en 3 clics&#8221; font_container=&#8221;tag:p|font_size:33|text_align:center|color:%23FFFFFF&#8221; use_theme_fonts=&#8221;yes&#8221; css=&#8221;&#8221;]<div class=\"sc_item_button sc_button_wrap\"><a href=\"https:\/\/booking.urban-driver.com\/Inscription\" id=\"sc_button_729749843\" class=\"sc_button sc_button_default  vc_custom_1769035470245 sc_button_size_normal sc_button_icon_left\"><span class=\"sc_button_text\"><span class=\"sc_button_title\">R\u00e9server en ligne<\/span><\/span><!-- \/.sc_button_text --><\/a><!-- \/.sc_button --><\/div><!-- \/.sc_item_button -->[\/vc_column][\/vc_row]<\/p>\n<\/div>","protected":false},"excerpt":{"rendered":"<p>[vc_row][vc_column][vc_row_inner][vc_column_inner][vc_column_text]Un bon mat\u00e9riel n\u2019est rien sans la ma\u00eetrise et l\u2019exp\u00e9rience des chauffeurs moto taxi qui vous conduisent. Nous attachons une attention toute particuli\u00e8re au recrutement de nos chauffeurs. Nous s\u00e9lectionnons seulement des professionnels ayant une exp\u00e9rience significative de la conduite et de la ma\u00eetrise d\u2019une&hellip;<\/p>\n","protected":false},"author":1,"featured_media":0,"parent":0,"menu_order":0,"comment_status":"closed","ping_status":"closed","template":"","meta":{"footnotes":""},"class_list":["post-1314","page","type-page","status-publish","hentry"],"yoast_head":"<!-- This site is optimized with the Yoast SEO plugin v27.4 - https:\/\/yoast.com\/product\/yoast-seo-wordpress\/ -->\n<title>Notre objectif N\u00b01 : la s\u00e9curit\u00e9 de nos clients et chauffeurs<\/title>\n<meta name=\"description\" content=\"Voyagez en toute s\u00e9curit\u00e9 avec Urban Driver, chauffeurs professionnels, ABS, assurance sp\u00e9cifique pour le transport de personnes.\" \/>\n<meta name=\"robots\" content=\"index, follow, max-snippet:-1, max-image-preview:large, max-video-preview:-1\" \/>\n<link rel=\"canonical\" href=\"https:\/\/www.urban-driver.com\/en\/avantages_securite.php\" \/>\n<meta property=\"og:locale\" content=\"en_US\" \/>\n<meta property=\"og:type\" content=\"article\" \/>\n<meta property=\"og:title\" content=\"Notre objectif N\u00b01 : la s\u00e9curit\u00e9 de nos clients et chauffeurs\" \/>\n<meta property=\"og:description\" content=\"Voyagez en toute s\u00e9curit\u00e9 avec Urban Driver, chauffeurs professionnels, ABS, assurance sp\u00e9cifique pour le transport de personnes.\" \/>\n<meta property=\"og:url\" content=\"https:\/\/www.urban-driver.com\/en\/avantages_securite.php\" \/>\n<meta property=\"og:site_name\" content=\"Taxi moto | Urban Driver\" \/>\n<meta property=\"article:modified_time\" content=\"2026-01-21T22:44:44+00:00\" \/>\n<meta name=\"twitter:card\" content=\"summary_large_image\" \/>\n<meta name=\"twitter:label1\" content=\"Est. reading time\" \/>\n\t<meta name=\"twitter:data1\" content=\"4 minutes\" \/>\n<script type=\"application\/ld+json\" class=\"yoast-schema-graph\">{\"@context\":\"https:\\\/\\\/schema.org\",\"@graph\":[{\"@type\":\"WebPage\",\"@id\":\"https:\\\/\\\/www.urban-driver.com\\\/en\\\/avantages_securite.php\",\"url\":\"https:\\\/\\\/www.urban-driver.com\\\/en\\\/avantages_securite.php\",\"name\":\"Notre objectif N\u00b01 : la s\u00e9curit\u00e9 de nos clients et chauffeurs\",\"isPartOf\":{\"@id\":\"https:\\\/\\\/www.urban-driver.com\\\/en\\\/#website\"},\"datePublished\":\"2017-05-01T06:05:27+00:00\",\"dateModified\":\"2026-01-21T22:44:44+00:00\",\"description\":\"Voyagez en toute s\u00e9curit\u00e9 avec Urban Driver, chauffeurs professionnels, ABS, assurance sp\u00e9cifique pour le transport de personnes.\",\"breadcrumb\":{\"@id\":\"https:\\\/\\\/www.urban-driver.com\\\/en\\\/avantages_securite.php#breadcrumb\"},\"inLanguage\":\"en-US\",\"potentialAction\":[{\"@type\":\"ReadAction\",\"target\":[\"https:\\\/\\\/www.urban-driver.com\\\/en\\\/avantages_securite.php\"]}]},{\"@type\":\"BreadcrumbList\",\"@id\":\"https:\\\/\\\/www.urban-driver.com\\\/en\\\/avantages_securite.php#breadcrumb\",\"itemListElement\":[{\"@type\":\"ListItem\",\"position\":1,\"name\":\"Urban Driver\",\"item\":\"https:\\\/\\\/www.urban-driver.com\\\/en\\\/\"},{\"@type\":\"ListItem\",\"position\":2,\"name\":\"La S\u00e9curit\u00e9 de nos clients et chauffeurs de moto taxi\"}]},{\"@type\":\"WebSite\",\"@id\":\"https:\\\/\\\/www.urban-driver.com\\\/en\\\/#website\",\"url\":\"https:\\\/\\\/www.urban-driver.com\\\/en\\\/\",\"name\":\"Taxi moto | Urban Driver\",\"description\":\"\",\"publisher\":{\"@id\":\"https:\\\/\\\/www.urban-driver.com\\\/en\\\/#organization\"},\"potentialAction\":[{\"@type\":\"SearchAction\",\"target\":{\"@type\":\"EntryPoint\",\"urlTemplate\":\"https:\\\/\\\/www.urban-driver.com\\\/en\\\/?s={search_term_string}\"},\"query-input\":{\"@type\":\"PropertyValueSpecification\",\"valueRequired\":true,\"valueName\":\"search_term_string\"}}],\"inLanguage\":\"en-US\"},{\"@type\":\"Organization\",\"@id\":\"https:\\\/\\\/www.urban-driver.com\\\/en\\\/#organization\",\"name\":\"URBAN DRIVER\",\"alternateName\":\"Urban\",\"url\":\"https:\\\/\\\/www.urban-driver.com\\\/en\\\/\",\"logo\":{\"@type\":\"ImageObject\",\"inLanguage\":\"en-US\",\"@id\":\"https:\\\/\\\/www.urban-driver.com\\\/en\\\/#\\\/schema\\\/logo\\\/image\\\/\",\"url\":\"https:\\\/\\\/www.urban-driver.com\\\/wp-content\\\/uploads\\\/2016\\\/12\\\/urban_driver.png\",\"contentUrl\":\"https:\\\/\\\/www.urban-driver.com\\\/wp-content\\\/uploads\\\/2016\\\/12\\\/urban_driver.png\",\"width\":300,\"height\":39,\"caption\":\"URBAN DRIVER\"},\"image\":{\"@id\":\"https:\\\/\\\/www.urban-driver.com\\\/en\\\/#\\\/schema\\\/logo\\\/image\\\/\"}}]}<\/script>\n<!-- \/ Yoast SEO plugin. -->","yoast_head_json":{"title":"Notre objectif N\u00b01 : la s\u00e9curit\u00e9 de nos clients et chauffeurs","description":"Voyagez en toute s\u00e9curit\u00e9 avec Urban Driver, chauffeurs professionnels, ABS, assurance sp\u00e9cifique pour le transport de personnes.","robots":{"index":"index","follow":"follow","max-snippet":"max-snippet:-1","max-image-preview":"max-image-preview:large","max-video-preview":"max-video-preview:-1"},"canonical":"https:\/\/www.urban-driver.com\/en\/avantages_securite.php","og_locale":"en_US","og_type":"article","og_title":"Notre objectif N\u00b01 : la s\u00e9curit\u00e9 de nos clients et chauffeurs","og_description":"Voyagez en toute s\u00e9curit\u00e9 avec Urban Driver, chauffeurs professionnels, ABS, assurance sp\u00e9cifique pour le transport de personnes.","og_url":"https:\/\/www.urban-driver.com\/en\/avantages_securite.php","og_site_name":"Taxi moto | Urban Driver","article_modified_time":"2026-01-21T22:44:44+00:00","twitter_card":"summary_large_image","twitter_misc":{"Est. reading time":"4 minutes"},"schema":{"@context":"https:\/\/schema.org","@graph":[{"@type":"WebPage","@id":"https:\/\/www.urban-driver.com\/en\/avantages_securite.php","url":"https:\/\/www.urban-driver.com\/en\/avantages_securite.php","name":"Notre objectif N\u00b01 : la s\u00e9curit\u00e9 de nos clients et chauffeurs","isPartOf":{"@id":"https:\/\/www.urban-driver.com\/en\/#website"},"datePublished":"2017-05-01T06:05:27+00:00","dateModified":"2026-01-21T22:44:44+00:00","description":"Voyagez en toute s\u00e9curit\u00e9 avec Urban Driver, chauffeurs professionnels, ABS, assurance sp\u00e9cifique pour le transport de personnes.","breadcrumb":{"@id":"https:\/\/www.urban-driver.com\/en\/avantages_securite.php#breadcrumb"},"inLanguage":"en-US","potentialAction":[{"@type":"ReadAction","target":["https:\/\/www.urban-driver.com\/en\/avantages_securite.php"]}]},{"@type":"BreadcrumbList","@id":"https:\/\/www.urban-driver.com\/en\/avantages_securite.php#breadcrumb","itemListElement":[{"@type":"ListItem","position":1,"name":"Urban Driver","item":"https:\/\/www.urban-driver.com\/en\/"},{"@type":"ListItem","position":2,"name":"La S\u00e9curit\u00e9 de nos clients et chauffeurs de moto taxi"}]},{"@type":"WebSite","@id":"https:\/\/www.urban-driver.com\/en\/#website","url":"https:\/\/www.urban-driver.com\/en\/","name":"Taxi moto | Urban Driver","description":"","publisher":{"@id":"https:\/\/www.urban-driver.com\/en\/#organization"},"potentialAction":[{"@type":"SearchAction","target":{"@type":"EntryPoint","urlTemplate":"https:\/\/www.urban-driver.com\/en\/?s={search_term_string}"},"query-input":{"@type":"PropertyValueSpecification","valueRequired":true,"valueName":"search_term_string"}}],"inLanguage":"en-US"},{"@type":"Organization","@id":"https:\/\/www.urban-driver.com\/en\/#organization","name":"URBAN DRIVER","alternateName":"Urban","url":"https:\/\/www.urban-driver.com\/en\/","logo":{"@type":"ImageObject","inLanguage":"en-US","@id":"https:\/\/www.urban-driver.com\/en\/#\/schema\/logo\/image\/","url":"https:\/\/www.urban-driver.com\/wp-content\/uploads\/2016\/12\/urban_driver.png","contentUrl":"https:\/\/www.urban-driver.com\/wp-content\/uploads\/2016\/12\/urban_driver.png","width":300,"height":39,"caption":"URBAN DRIVER"},"image":{"@id":"https:\/\/www.urban-driver.com\/en\/#\/schema\/logo\/image\/"}}]}},"_links":{"self":[{"href":"https:\/\/www.urban-driver.com\/en\/wp-json\/wp\/v2\/pages\/1314","targetHints":{"allow":["GET"]}}],"collection":[{"href":"https:\/\/www.urban-driver.com\/en\/wp-json\/wp\/v2\/pages"}],"about":[{"href":"https:\/\/www.urban-driver.com\/en\/wp-json\/wp\/v2\/types\/page"}],"author":[{"embeddable":true,"href":"https:\/\/www.urban-driver.com\/en\/wp-json\/wp\/v2\/users\/1"}],"replies":[{"embeddable":true,"href":"https:\/\/www.urban-driver.com\/en\/wp-json\/wp\/v2\/comments?post=1314"}],"version-history":[{"count":0,"href":"https:\/\/www.urban-driver.com\/en\/wp-json\/wp\/v2\/pages\/1314\/revisions"}],"wp:attachment":[{"href":"https:\/\/www.urban-driver.com\/en\/wp-json\/wp\/v2\/media?parent=1314"}],"curies":[{"name":"wp","href":"https:\/\/api.w.org\/{rel}","templated":true}]}}