{"id":1310,"date":"2017-05-01T08:01:09","date_gmt":"2017-05-01T06:01:09","guid":{"rendered":"http:\/\/48h.fr\/?page_id=1310"},"modified":"2025-12-19T13:49:09","modified_gmt":"2025-12-19T12:49:09","slug":"partenaires","status":"publish","type":"page","link":"https:\/\/www.urban-driver.com\/en\/partenaires.php","title":{"rendered":"Les partenaires dans notre activit\u00e9 de transport de personnes \u00e0 moto"},"content":{"rendered":"<div class=\"wpb-content-wrapper\"><p>[vc_row][vc_column][vc_row_inner][vc_column_inner width=&#8221;2\/3&#8243;][vc_custom_heading text=&#8221;Adyen&#8221; use_theme_fonts=&#8221;yes&#8221;][vc_column_text]Tous les r\u00e8glements effectu\u00e9s sur la plateforme Urban Driver sont trait\u00e9s par Adyen afin de vous offrir disponibilit\u00e9 et s\u00e9curit\u00e9 pour toutes les transactions en ligne. Adyen traite les paiements de nombreux acteurs de l&#8217;\u00e9conomie collaborative et des plateformes telles qu&#8217;Airbnb et Uber, Spotify et Netflix, et de sites fran\u00e7ais comme S\u00e9zane ou Sarenza, et de\u00a0grandes marques telles que L&#8217;Or\u00e9al et Sephora.[\/vc_column_text][\/vc_column_inner][vc_column_inner width=&#8221;1\/3&#8243;][vc_empty_space alter_height=&#8221;medium&#8221; hide_on_mobile=&#8221;&#8221;][vc_single_image image=&#8221;6130&#8243; img_size=&#8221;medium&#8221; alignment=&#8221;center&#8221;][\/vc_column_inner][\/vc_row_inner][\/vc_column][\/vc_row][vc_row][vc_column][vc_separator][\/vc_column][\/vc_row][vc_row][vc_column][vc_row_inner][vc_column_inner width=&#8221;1\/3&#8243;][vc_empty_space hide_on_mobile=&#8221;&#8221;][vc_empty_space hide_on_mobile=&#8221;&#8221;][vc_empty_space hide_on_mobile=&#8221;&#8221;][vc_empty_space hide_on_mobile=&#8221;&#8221;][vc_single_image image=&#8221;5369&#8243; alignment=&#8221;center&#8221; onclick=&#8221;custom_link&#8221; link=&#8221;https:\/\/www.motoservices.com\/voyage\/moto_taxi.htm&#8221;][\/vc_column_inner][vc_column_inner width=&#8221;2\/3&#8243;][vc_custom_heading text=&#8221;Motoservices&#8221; use_theme_fonts=&#8221;yes&#8221;][vc_column_text]Consultez Motoservices.com, le portail de r\u00e9f\u00e9rence de la moto et du scooter en France. Pour les personnes souhaitant se lancer en tant que chauffeur taxi moto, Motoservices fourni de nombreuses informations sur la r\u00e9glementation, les compagnies d\u2019assurance pour le transport de personnes \u00e0 titres on\u00e9reux, les principales soci\u00e9t\u00e9s de moto taxi scooter \u00e0 Paris et en province.[\/vc_column_text][\/vc_column_inner][\/vc_row_inner][\/vc_column][\/vc_row][vc_row][vc_column][vc_separator][\/vc_column][\/vc_row][vc_row][vc_column][vc_row_inner][vc_column_inner width=&#8221;2\/3&#8243;][vc_custom_heading text=&#8221;Depan&#8217;2 Roues&#8221; use_theme_fonts=&#8221;yes&#8221;][vc_column_text]Depuis 1995, Depan2roues est sp\u00e9cialis\u00e9e dans l&#8217;assistance et le transport des 2 roues sur Paris \/ IDF \/ Province. Agr\u00e9\u00e9 toutes assistances, Depan2roues intervient en toutes circonstances 24h\/24, 7j\/7 tout au long de l&#8217;ann\u00e9e.[\/vc_column_text][vc_empty_space hide_on_mobile=&#8221;&#8221;][\/vc_column_inner][vc_column_inner width=&#8221;1\/3&#8243;][vc_empty_space hide_on_mobile=&#8221;&#8221;][vc_empty_space hide_on_mobile=&#8221;&#8221;][vc_empty_space hide_on_mobile=&#8221;&#8221;][vc_single_image image=&#8221;5371&#8243; alignment=&#8221;center&#8221; onclick=&#8221;custom_link&#8221; link=&#8221;https:\/\/www.depan2roues.fr\/&#8221;][\/vc_column_inner][\/vc_row_inner][\/vc_column][\/vc_row][vc_row][vc_column][vc_separator][\/vc_column][\/vc_row][vc_row][vc_column][vc_row_inner][vc_column_inner width=&#8221;1\/3&#8243;][vc_empty_space hide_on_mobile=&#8221;&#8221;][vc_empty_space hide_on_mobile=&#8221;&#8221;][vc_empty_space hide_on_mobile=&#8221;&#8221;][vc_single_image image=&#8221;5373&#8243; alignment=&#8221;center&#8221; css=&#8221;&#8221;][\/vc_column_inner][vc_column_inner width=&#8221;2\/3&#8243;][vc_custom_heading text=&#8221;Paris Green Car&#8221; use_theme_fonts=&#8221;yes&#8221;][vc_column_text]Paris Green Car, propose un service de navette green entre Paris et ses A\u00e9roports (CDG, Orly, Beauvais) \u00e0 bord de berline hybrides. Paris Green Car compense ses \u00e9missions de CO2 en finan\u00e7ant des projets de d\u00e9veloppement durable r\u00e9duisant les \u00e9missions de gaz \u00e0 effet de serre \u00e0 travers le monde.[\/vc_column_text][\/vc_column_inner][\/vc_row_inner][\/vc_column][\/vc_row][vc_row][vc_column][vc_separator][\/vc_column][\/vc_row]<\/p>\n<\/div>","protected":false},"excerpt":{"rendered":"<p>[vc_row][vc_column][vc_row_inner][vc_column_inner width=&#8221;2\/3&#8243;][vc_custom_heading text=&#8221;Adyen&#8221; use_theme_fonts=&#8221;yes&#8221;][vc_column_text]Tous les r\u00e8glements effectu\u00e9s sur la plateforme Urban Driver sont trait\u00e9s par Adyen afin de vous offrir disponibilit\u00e9 et s\u00e9curit\u00e9 pour toutes les transactions en ligne. Adyen traite les paiements de nombreux acteurs de l&#8217;\u00e9conomie collaborative et des plateformes telles qu&#8217;Airbnb et&hellip;<\/p>\n","protected":false},"author":1,"featured_media":0,"parent":0,"menu_order":0,"comment_status":"closed","ping_status":"closed","template":"","meta":{"footnotes":""},"class_list":["post-1310","page","type-page","status-publish","hentry"],"yoast_head":"<!-- This site is optimized with the Yoast SEO plugin v27.4 - https:\/\/yoast.com\/product\/yoast-seo-wordpress\/ -->\n<title>Partenaires - Urban Driver<\/title>\n<meta name=\"description\" content=\"Les partenaires d&#039;Urban Driver dans le secteur du voyage et de la moto: Amex, ADP, SNCF etc\" \/>\n<meta name=\"robots\" content=\"index, follow, max-snippet:-1, max-image-preview:large, max-video-preview:-1\" \/>\n<link rel=\"canonical\" href=\"https:\/\/www.urban-driver.com\/en\/partenaires.php\" \/>\n<meta property=\"og:locale\" content=\"en_US\" \/>\n<meta property=\"og:type\" content=\"article\" \/>\n<meta property=\"og:title\" content=\"Partenaires - Urban Driver\" \/>\n<meta property=\"og:description\" content=\"Les partenaires d&#039;Urban Driver dans le secteur du voyage et de la moto: Amex, ADP, SNCF etc\" \/>\n<meta property=\"og:url\" content=\"https:\/\/www.urban-driver.com\/en\/partenaires.php\" \/>\n<meta property=\"og:site_name\" content=\"Taxi moto | Urban Driver\" \/>\n<meta property=\"article:modified_time\" content=\"2025-12-19T12:49:09+00:00\" \/>\n<meta name=\"twitter:card\" content=\"summary_large_image\" \/>\n<meta name=\"twitter:label1\" content=\"Est. reading time\" \/>\n\t<meta name=\"twitter:data1\" content=\"3 minutes\" \/>\n<script type=\"application\/ld+json\" class=\"yoast-schema-graph\">{\"@context\":\"https:\\\/\\\/schema.org\",\"@graph\":[{\"@type\":\"WebPage\",\"@id\":\"https:\\\/\\\/www.urban-driver.com\\\/en\\\/partenaires.php\",\"url\":\"https:\\\/\\\/www.urban-driver.com\\\/en\\\/partenaires.php\",\"name\":\"Partenaires - Urban Driver\",\"isPartOf\":{\"@id\":\"https:\\\/\\\/www.urban-driver.com\\\/en\\\/#website\"},\"datePublished\":\"2017-05-01T06:01:09+00:00\",\"dateModified\":\"2025-12-19T12:49:09+00:00\",\"description\":\"Les partenaires d'Urban Driver dans le secteur du voyage et de la moto: Amex, ADP, SNCF etc\",\"breadcrumb\":{\"@id\":\"https:\\\/\\\/www.urban-driver.com\\\/en\\\/partenaires.php#breadcrumb\"},\"inLanguage\":\"en-US\",\"potentialAction\":[{\"@type\":\"ReadAction\",\"target\":[\"https:\\\/\\\/www.urban-driver.com\\\/en\\\/partenaires.php\"]}]},{\"@type\":\"BreadcrumbList\",\"@id\":\"https:\\\/\\\/www.urban-driver.com\\\/en\\\/partenaires.php#breadcrumb\",\"itemListElement\":[{\"@type\":\"ListItem\",\"position\":1,\"name\":\"Urban Driver\",\"item\":\"https:\\\/\\\/www.urban-driver.com\\\/en\\\/\"},{\"@type\":\"ListItem\",\"position\":2,\"name\":\"Les partenaires dans notre activit\u00e9 de transport de personnes \u00e0 moto\"}]},{\"@type\":\"WebSite\",\"@id\":\"https:\\\/\\\/www.urban-driver.com\\\/en\\\/#website\",\"url\":\"https:\\\/\\\/www.urban-driver.com\\\/en\\\/\",\"name\":\"Taxi moto | Urban Driver\",\"description\":\"\",\"publisher\":{\"@id\":\"https:\\\/\\\/www.urban-driver.com\\\/en\\\/#organization\"},\"potentialAction\":[{\"@type\":\"SearchAction\",\"target\":{\"@type\":\"EntryPoint\",\"urlTemplate\":\"https:\\\/\\\/www.urban-driver.com\\\/en\\\/?s={search_term_string}\"},\"query-input\":{\"@type\":\"PropertyValueSpecification\",\"valueRequired\":true,\"valueName\":\"search_term_string\"}}],\"inLanguage\":\"en-US\"},{\"@type\":\"Organization\",\"@id\":\"https:\\\/\\\/www.urban-driver.com\\\/en\\\/#organization\",\"name\":\"URBAN DRIVER\",\"alternateName\":\"Urban\",\"url\":\"https:\\\/\\\/www.urban-driver.com\\\/en\\\/\",\"logo\":{\"@type\":\"ImageObject\",\"inLanguage\":\"en-US\",\"@id\":\"https:\\\/\\\/www.urban-driver.com\\\/en\\\/#\\\/schema\\\/logo\\\/image\\\/\",\"url\":\"https:\\\/\\\/www.urban-driver.com\\\/wp-content\\\/uploads\\\/2016\\\/12\\\/urban_driver.png\",\"contentUrl\":\"https:\\\/\\\/www.urban-driver.com\\\/wp-content\\\/uploads\\\/2016\\\/12\\\/urban_driver.png\",\"width\":300,\"height\":39,\"caption\":\"URBAN DRIVER\"},\"image\":{\"@id\":\"https:\\\/\\\/www.urban-driver.com\\\/en\\\/#\\\/schema\\\/logo\\\/image\\\/\"}}]}<\/script>\n<!-- \/ Yoast SEO plugin. -->","yoast_head_json":{"title":"Partenaires - Urban Driver","description":"Les partenaires d'Urban Driver dans le secteur du voyage et de la moto: Amex, ADP, SNCF etc","robots":{"index":"index","follow":"follow","max-snippet":"max-snippet:-1","max-image-preview":"max-image-preview:large","max-video-preview":"max-video-preview:-1"},"canonical":"https:\/\/www.urban-driver.com\/en\/partenaires.php","og_locale":"en_US","og_type":"article","og_title":"Partenaires - Urban Driver","og_description":"Les partenaires d'Urban Driver dans le secteur du voyage et de la moto: Amex, ADP, SNCF etc","og_url":"https:\/\/www.urban-driver.com\/en\/partenaires.php","og_site_name":"Taxi moto | Urban Driver","article_modified_time":"2025-12-19T12:49:09+00:00","twitter_card":"summary_large_image","twitter_misc":{"Est. reading time":"3 minutes"},"schema":{"@context":"https:\/\/schema.org","@graph":[{"@type":"WebPage","@id":"https:\/\/www.urban-driver.com\/en\/partenaires.php","url":"https:\/\/www.urban-driver.com\/en\/partenaires.php","name":"Partenaires - Urban Driver","isPartOf":{"@id":"https:\/\/www.urban-driver.com\/en\/#website"},"datePublished":"2017-05-01T06:01:09+00:00","dateModified":"2025-12-19T12:49:09+00:00","description":"Les partenaires d'Urban Driver dans le secteur du voyage et de la moto: Amex, ADP, SNCF etc","breadcrumb":{"@id":"https:\/\/www.urban-driver.com\/en\/partenaires.php#breadcrumb"},"inLanguage":"en-US","potentialAction":[{"@type":"ReadAction","target":["https:\/\/www.urban-driver.com\/en\/partenaires.php"]}]},{"@type":"BreadcrumbList","@id":"https:\/\/www.urban-driver.com\/en\/partenaires.php#breadcrumb","itemListElement":[{"@type":"ListItem","position":1,"name":"Urban Driver","item":"https:\/\/www.urban-driver.com\/en\/"},{"@type":"ListItem","position":2,"name":"Les partenaires dans notre activit\u00e9 de transport de personnes \u00e0 moto"}]},{"@type":"WebSite","@id":"https:\/\/www.urban-driver.com\/en\/#website","url":"https:\/\/www.urban-driver.com\/en\/","name":"Taxi moto | Urban Driver","description":"","publisher":{"@id":"https:\/\/www.urban-driver.com\/en\/#organization"},"potentialAction":[{"@type":"SearchAction","target":{"@type":"EntryPoint","urlTemplate":"https:\/\/www.urban-driver.com\/en\/?s={search_term_string}"},"query-input":{"@type":"PropertyValueSpecification","valueRequired":true,"valueName":"search_term_string"}}],"inLanguage":"en-US"},{"@type":"Organization","@id":"https:\/\/www.urban-driver.com\/en\/#organization","name":"URBAN DRIVER","alternateName":"Urban","url":"https:\/\/www.urban-driver.com\/en\/","logo":{"@type":"ImageObject","inLanguage":"en-US","@id":"https:\/\/www.urban-driver.com\/en\/#\/schema\/logo\/image\/","url":"https:\/\/www.urban-driver.com\/wp-content\/uploads\/2016\/12\/urban_driver.png","contentUrl":"https:\/\/www.urban-driver.com\/wp-content\/uploads\/2016\/12\/urban_driver.png","width":300,"height":39,"caption":"URBAN DRIVER"},"image":{"@id":"https:\/\/www.urban-driver.com\/en\/#\/schema\/logo\/image\/"}}]}},"_links":{"self":[{"href":"https:\/\/www.urban-driver.com\/en\/wp-json\/wp\/v2\/pages\/1310","targetHints":{"allow":["GET"]}}],"collection":[{"href":"https:\/\/www.urban-driver.com\/en\/wp-json\/wp\/v2\/pages"}],"about":[{"href":"https:\/\/www.urban-driver.com\/en\/wp-json\/wp\/v2\/types\/page"}],"author":[{"embeddable":true,"href":"https:\/\/www.urban-driver.com\/en\/wp-json\/wp\/v2\/users\/1"}],"replies":[{"embeddable":true,"href":"https:\/\/www.urban-driver.com\/en\/wp-json\/wp\/v2\/comments?post=1310"}],"version-history":[{"count":0,"href":"https:\/\/www.urban-driver.com\/en\/wp-json\/wp\/v2\/pages\/1310\/revisions"}],"wp:attachment":[{"href":"https:\/\/www.urban-driver.com\/en\/wp-json\/wp\/v2\/media?parent=1310"}],"curies":[{"name":"wp","href":"https:\/\/api.w.org\/{rel}","templated":true}]}}