{"id":1308,"date":"2017-05-01T07:59:49","date_gmt":"2017-05-01T05:59:49","guid":{"rendered":"http:\/\/48h.fr\/?page_id=1308"},"modified":"2021-01-27T09:13:39","modified_gmt":"2021-01-27T08:13:39","slug":"nos_metiers","status":"publish","type":"page","link":"https:\/\/www.urban-driver.com\/en\/nos_metiers.php","title":{"rendered":"Les m\u00e9tiers de Urban-driver.com"},"content":{"rendered":"<div class=\"wpb-content-wrapper\"><p>[vc_row 0=&#8221;&#8221;][vc_column][vc_column_text 0=&#8221;&#8221;]Urban Driver est leader du service de transport de personnes \u00e0 moto (taxi moto) \u00e0 Paris.<\/p>\n<p>Cr\u00e9\u00e9e en 2008, Urban Driver propose une nouvelle solution de transport en milieu urbain offrant un temps de trajet garanti. Avec une cinquantaine de chauffeurs affili\u00e9s et plus de 7000 clients, Urban Driver recherche tout au long de l&#8217;ann\u00e9e de nouveaux pilotes scooter et moto disposant de leur propre v\u00e9hicule et recrute r\u00e9guli\u00e8rement des op\u00e9rateurs et dispatcheurs pour son backoffice bas\u00e9 \u00e0 Boulogne Billancourt.<\/p>\n<p>D\u00e9couvrez les diff\u00e9rents m\u00e9tiers que nous proposons :<\/p>\n<hr \/>\n<h2>Chauffeur \/ pilote taxi moto (H\/F)<\/h2>\n<p><img decoding=\"async\" title=\"Devenir chauffeur de moto taxi avec UrbanDriver\" src=\"https:\/\/www.urban-driver.com\/images\/photos\/honda_goldwing.jpg\" alt=\"pilote de moto taxi\" \/>Vous \u00eates motard(e)s dans l&#8217;\u00e2me et souhaitez vivre de votre passion en gardant toute votre libert\u00e9, rejoignez l&#8217;\u00e9quipe de chauffeur Urban Driver.<br \/>\nStatut ind\u00e9pendant, disposant de votre propre v\u00e9hicule, vous avez fait toutes les d\u00e9marches administratives pour devenir taxi moto et r\u00e9pondez \u00e0 l&#8217;<a href=\"https:\/\/www.urban-driver.com\/recrutement.php\">\u00e9tat d&#8217;esprit Urban Driver<\/a>, rejoignez-nous.<\/p>\n<p>Nous pouvons vous conseiller et vous accompagner dans toute vos d\u00e9marches administratives, rendez-vous sur le forum d\u00e9di\u00e9 aux taxi motos pour r\u00e9pondre \u00e0 toutes vos questions.<\/p>\n<hr \/>\n<h2>Op\u00e9rateur \/ Dispatcheur (H\/F)<\/h2>\n<p><img decoding=\"async\" title=\"&lt;Dispatcheur au backoffice d'Urban Driver\" src=\"https:\/\/www.urban-driver.com\/images\/photos\/operateur.jpg\" alt=\"Dispatcheur\" \/>Vous r\u00e9ceptionnez les appels clients\/prospectes et g\u00e9rez les prises de commandes (T\u00e9l\u00e9phone \/ Web).<\/p>\n<p>Vous organisez et distribuez les missions aux chauffeurs et g\u00e9rez les al\u00e9as d&#8217;exploitation (pannes, probl\u00e8mes circulations, retard vol\/train,\u2026).<\/p>\n<p>Profil: Sens de l\u2019anticipation, esprit logique, rigueur, r\u00e9sistance au stress sont autant d\u2019atouts n\u00e9cessaires \u00e0 l\u2019exercice de ce m\u00e9tier.<\/p>\n<p>Vous aimez travailler en \u00e9quipe et avez une bonne connaissance de Paris et des temps de trajet. Votre r\u00e9activit\u00e9 et votre investissement seront vos qualit\u00e9s majeures pour r\u00e9ussir sur ce poste.<\/p>\n<p>Id\u00e9alement, vous avez eu une exp\u00e9rience dans le taxi moto ou la course et ma\u00eetrisez le logiciel Dipatch.<\/p>\n<hr \/>\n<h2>Commercial (H\/F)<\/h2>\n<p><img decoding=\"async\" title=\"Rejoindre l'\u00e9quipe Urban Driver en tant que Commercial\" src=\"https:\/\/www.urban-driver.com\/images\/photos\/commercial.jpg\" alt=\"Commercial\" \/>Vous prospectez et visitez les clients Grands Comptes d&#8217;urban Driver afin de leur proposer nos prestations de transport et formules d&#8217;abonnements. Contact privil\u00e9gi\u00e9 des clients, vous \u00eates \u00e9galement en charge de r\u00e9pondre aux diff\u00e9rents appels d&#8217;offres.<\/p>\n<p>Motiv\u00e9 et organis\u00e9, vous \u00eates autonome et \u00e9tablissez un reporting r\u00e9gulier de vos visites et objectifs.<\/p>\n<hr \/>\n<div id=\"online\">\n<p style=\"text-align: center;\"><span style=\"color: #ff0000;\"><strong><a style=\"color: #ff0000;\" href=\"https:\/\/www.urban-driver.com\/offres_emploi.php\">Nos offres d&#8217;emploi &gt;&gt;<\/a><\/strong><\/span><\/p>\n<\/div>\n<p>[\/vc_column_text][\/vc_column][\/vc_row]<\/p>\n<\/div>","protected":false},"excerpt":{"rendered":"<p>[vc_row 0=&#8221;&#8221;][vc_column][vc_column_text 0=&#8221;&#8221;]Urban Driver est leader du service de transport de personnes \u00e0 moto (taxi moto) \u00e0 Paris. Cr\u00e9\u00e9e en 2008, Urban Driver propose une nouvelle solution de transport en milieu urbain offrant un temps de trajet garanti. Avec une cinquantaine de chauffeurs affili\u00e9s et&hellip;<\/p>\n","protected":false},"author":1,"featured_media":0,"parent":0,"menu_order":0,"comment_status":"closed","ping_status":"closed","template":"","meta":{"footnotes":""},"class_list":["post-1308","page","type-page","status-publish","hentry"],"yoast_head":"<!-- This site is optimized with the Yoast SEO plugin v27.6 - https:\/\/yoast.com\/product\/yoast-seo-wordpress\/ -->\n<title>Nos m\u00e9tiers - urban-driver.com<\/title>\n<meta name=\"description\" content=\"D\u00e9couvrez les m\u00e9tiers au sein de l&#039;entreprise urban-driver.com\" \/>\n<meta name=\"robots\" content=\"index, follow, max-snippet:-1, max-image-preview:large, max-video-preview:-1\" \/>\n<link rel=\"canonical\" href=\"https:\/\/www.urban-driver.com\/en\/nos_metiers.php\" \/>\n<meta property=\"og:locale\" content=\"en_US\" \/>\n<meta property=\"og:type\" content=\"article\" \/>\n<meta property=\"og:title\" content=\"Nos m\u00e9tiers - urban-driver.com\" \/>\n<meta property=\"og:description\" content=\"D\u00e9couvrez les m\u00e9tiers au sein de l&#039;entreprise urban-driver.com\" \/>\n<meta property=\"og:url\" content=\"https:\/\/www.urban-driver.com\/en\/nos_metiers.php\" \/>\n<meta property=\"og:site_name\" content=\"Taxi moto | Urban Driver\" \/>\n<meta property=\"article:modified_time\" content=\"2021-01-27T08:13:39+00:00\" \/>\n<meta property=\"og:image\" content=\"https:\/\/www.urban-driver.com\/images\/photos\/honda_goldwing.jpg\" \/>\n<meta name=\"twitter:card\" content=\"summary_large_image\" \/>\n<meta name=\"twitter:label1\" content=\"Est. reading time\" \/>\n\t<meta name=\"twitter:data1\" content=\"2 minutes\" \/>\n<script type=\"application\/ld+json\" class=\"yoast-schema-graph\">{\"@context\":\"https:\\\/\\\/schema.org\",\"@graph\":[{\"@type\":\"WebPage\",\"@id\":\"https:\\\/\\\/www.urban-driver.com\\\/en\\\/nos_metiers.php\",\"url\":\"https:\\\/\\\/www.urban-driver.com\\\/en\\\/nos_metiers.php\",\"name\":\"Nos m\u00e9tiers - urban-driver.com\",\"isPartOf\":{\"@id\":\"https:\\\/\\\/www.urban-driver.com\\\/en\\\/#website\"},\"primaryImageOfPage\":{\"@id\":\"https:\\\/\\\/www.urban-driver.com\\\/en\\\/nos_metiers.php#primaryimage\"},\"image\":{\"@id\":\"https:\\\/\\\/www.urban-driver.com\\\/en\\\/nos_metiers.php#primaryimage\"},\"thumbnailUrl\":\"https:\\\/\\\/www.urban-driver.com\\\/images\\\/photos\\\/honda_goldwing.jpg\",\"datePublished\":\"2017-05-01T05:59:49+00:00\",\"dateModified\":\"2021-01-27T08:13:39+00:00\",\"description\":\"D\u00e9couvrez les m\u00e9tiers au sein de l'entreprise urban-driver.com\",\"breadcrumb\":{\"@id\":\"https:\\\/\\\/www.urban-driver.com\\\/en\\\/nos_metiers.php#breadcrumb\"},\"inLanguage\":\"en-US\",\"potentialAction\":[{\"@type\":\"ReadAction\",\"target\":[\"https:\\\/\\\/www.urban-driver.com\\\/en\\\/nos_metiers.php\"]}]},{\"@type\":\"ImageObject\",\"inLanguage\":\"en-US\",\"@id\":\"https:\\\/\\\/www.urban-driver.com\\\/en\\\/nos_metiers.php#primaryimage\",\"url\":\"https:\\\/\\\/www.urban-driver.com\\\/images\\\/photos\\\/honda_goldwing.jpg\",\"contentUrl\":\"https:\\\/\\\/www.urban-driver.com\\\/images\\\/photos\\\/honda_goldwing.jpg\"},{\"@type\":\"BreadcrumbList\",\"@id\":\"https:\\\/\\\/www.urban-driver.com\\\/en\\\/nos_metiers.php#breadcrumb\",\"itemListElement\":[{\"@type\":\"ListItem\",\"position\":1,\"name\":\"Urban Driver\",\"item\":\"https:\\\/\\\/www.urban-driver.com\\\/en\\\/\"},{\"@type\":\"ListItem\",\"position\":2,\"name\":\"Les m\u00e9tiers de Urban-driver.com\"}]},{\"@type\":\"WebSite\",\"@id\":\"https:\\\/\\\/www.urban-driver.com\\\/en\\\/#website\",\"url\":\"https:\\\/\\\/www.urban-driver.com\\\/en\\\/\",\"name\":\"Taxi moto | Urban Driver\",\"description\":\"\",\"publisher\":{\"@id\":\"https:\\\/\\\/www.urban-driver.com\\\/en\\\/#organization\"},\"potentialAction\":[{\"@type\":\"SearchAction\",\"target\":{\"@type\":\"EntryPoint\",\"urlTemplate\":\"https:\\\/\\\/www.urban-driver.com\\\/en\\\/?s={search_term_string}\"},\"query-input\":{\"@type\":\"PropertyValueSpecification\",\"valueRequired\":true,\"valueName\":\"search_term_string\"}}],\"inLanguage\":\"en-US\"},{\"@type\":\"Organization\",\"@id\":\"https:\\\/\\\/www.urban-driver.com\\\/en\\\/#organization\",\"name\":\"URBAN DRIVER\",\"alternateName\":\"Urban\",\"url\":\"https:\\\/\\\/www.urban-driver.com\\\/en\\\/\",\"logo\":{\"@type\":\"ImageObject\",\"inLanguage\":\"en-US\",\"@id\":\"https:\\\/\\\/www.urban-driver.com\\\/en\\\/#\\\/schema\\\/logo\\\/image\\\/\",\"url\":\"https:\\\/\\\/www.urban-driver.com\\\/wp-content\\\/uploads\\\/2016\\\/12\\\/urban_driver.png\",\"contentUrl\":\"https:\\\/\\\/www.urban-driver.com\\\/wp-content\\\/uploads\\\/2016\\\/12\\\/urban_driver.png\",\"width\":300,\"height\":39,\"caption\":\"URBAN DRIVER\"},\"image\":{\"@id\":\"https:\\\/\\\/www.urban-driver.com\\\/en\\\/#\\\/schema\\\/logo\\\/image\\\/\"}}]}<\/script>\n<!-- \/ Yoast SEO plugin. -->","yoast_head_json":{"title":"Nos m\u00e9tiers - urban-driver.com","description":"D\u00e9couvrez les m\u00e9tiers au sein de l'entreprise urban-driver.com","robots":{"index":"index","follow":"follow","max-snippet":"max-snippet:-1","max-image-preview":"max-image-preview:large","max-video-preview":"max-video-preview:-1"},"canonical":"https:\/\/www.urban-driver.com\/en\/nos_metiers.php","og_locale":"en_US","og_type":"article","og_title":"Nos m\u00e9tiers - urban-driver.com","og_description":"D\u00e9couvrez les m\u00e9tiers au sein de l'entreprise urban-driver.com","og_url":"https:\/\/www.urban-driver.com\/en\/nos_metiers.php","og_site_name":"Taxi moto | Urban Driver","article_modified_time":"2021-01-27T08:13:39+00:00","og_image":[{"url":"https:\/\/www.urban-driver.com\/images\/photos\/honda_goldwing.jpg","type":"","width":"","height":""}],"twitter_card":"summary_large_image","twitter_misc":{"Est. reading time":"2 minutes"},"schema":{"@context":"https:\/\/schema.org","@graph":[{"@type":"WebPage","@id":"https:\/\/www.urban-driver.com\/en\/nos_metiers.php","url":"https:\/\/www.urban-driver.com\/en\/nos_metiers.php","name":"Nos m\u00e9tiers - urban-driver.com","isPartOf":{"@id":"https:\/\/www.urban-driver.com\/en\/#website"},"primaryImageOfPage":{"@id":"https:\/\/www.urban-driver.com\/en\/nos_metiers.php#primaryimage"},"image":{"@id":"https:\/\/www.urban-driver.com\/en\/nos_metiers.php#primaryimage"},"thumbnailUrl":"https:\/\/www.urban-driver.com\/images\/photos\/honda_goldwing.jpg","datePublished":"2017-05-01T05:59:49+00:00","dateModified":"2021-01-27T08:13:39+00:00","description":"D\u00e9couvrez les m\u00e9tiers au sein de l'entreprise urban-driver.com","breadcrumb":{"@id":"https:\/\/www.urban-driver.com\/en\/nos_metiers.php#breadcrumb"},"inLanguage":"en-US","potentialAction":[{"@type":"ReadAction","target":["https:\/\/www.urban-driver.com\/en\/nos_metiers.php"]}]},{"@type":"ImageObject","inLanguage":"en-US","@id":"https:\/\/www.urban-driver.com\/en\/nos_metiers.php#primaryimage","url":"https:\/\/www.urban-driver.com\/images\/photos\/honda_goldwing.jpg","contentUrl":"https:\/\/www.urban-driver.com\/images\/photos\/honda_goldwing.jpg"},{"@type":"BreadcrumbList","@id":"https:\/\/www.urban-driver.com\/en\/nos_metiers.php#breadcrumb","itemListElement":[{"@type":"ListItem","position":1,"name":"Urban Driver","item":"https:\/\/www.urban-driver.com\/en\/"},{"@type":"ListItem","position":2,"name":"Les m\u00e9tiers de Urban-driver.com"}]},{"@type":"WebSite","@id":"https:\/\/www.urban-driver.com\/en\/#website","url":"https:\/\/www.urban-driver.com\/en\/","name":"Taxi moto | Urban Driver","description":"","publisher":{"@id":"https:\/\/www.urban-driver.com\/en\/#organization"},"potentialAction":[{"@type":"SearchAction","target":{"@type":"EntryPoint","urlTemplate":"https:\/\/www.urban-driver.com\/en\/?s={search_term_string}"},"query-input":{"@type":"PropertyValueSpecification","valueRequired":true,"valueName":"search_term_string"}}],"inLanguage":"en-US"},{"@type":"Organization","@id":"https:\/\/www.urban-driver.com\/en\/#organization","name":"URBAN DRIVER","alternateName":"Urban","url":"https:\/\/www.urban-driver.com\/en\/","logo":{"@type":"ImageObject","inLanguage":"en-US","@id":"https:\/\/www.urban-driver.com\/en\/#\/schema\/logo\/image\/","url":"https:\/\/www.urban-driver.com\/wp-content\/uploads\/2016\/12\/urban_driver.png","contentUrl":"https:\/\/www.urban-driver.com\/wp-content\/uploads\/2016\/12\/urban_driver.png","width":300,"height":39,"caption":"URBAN DRIVER"},"image":{"@id":"https:\/\/www.urban-driver.com\/en\/#\/schema\/logo\/image\/"}}]}},"_links":{"self":[{"href":"https:\/\/www.urban-driver.com\/en\/wp-json\/wp\/v2\/pages\/1308","targetHints":{"allow":["GET"]}}],"collection":[{"href":"https:\/\/www.urban-driver.com\/en\/wp-json\/wp\/v2\/pages"}],"about":[{"href":"https:\/\/www.urban-driver.com\/en\/wp-json\/wp\/v2\/types\/page"}],"author":[{"embeddable":true,"href":"https:\/\/www.urban-driver.com\/en\/wp-json\/wp\/v2\/users\/1"}],"replies":[{"embeddable":true,"href":"https:\/\/www.urban-driver.com\/en\/wp-json\/wp\/v2\/comments?post=1308"}],"version-history":[{"count":0,"href":"https:\/\/www.urban-driver.com\/en\/wp-json\/wp\/v2\/pages\/1308\/revisions"}],"wp:attachment":[{"href":"https:\/\/www.urban-driver.com\/en\/wp-json\/wp\/v2\/media?parent=1308"}],"curies":[{"name":"wp","href":"https:\/\/api.w.org\/{rel}","templated":true}]}}