{"id":1306,"date":"2017-05-01T07:58:32","date_gmt":"2017-05-01T05:58:32","guid":{"rendered":"http:\/\/48h.fr\/?page_id=1306"},"modified":"2025-01-23T14:30:16","modified_gmt":"2025-01-23T13:30:16","slug":"recrutement","status":"publish","type":"page","link":"https:\/\/www.urban-driver.com\/en\/recrutement.php","title":{"rendered":"Urban Driver recherche des chauffeurs moto taxi"},"content":{"rendered":"<div class=\"wpb-content-wrapper\"><p>[vc_row][vc_column][vc_custom_heading text=&#8221;Les taxis motos Urban Driver&#8221; font_container=&#8221;tag:h6|font_size:12px|text_align:left|color:%23b70604|line_height:0.8em&#8221; use_theme_fonts=&#8221;yes&#8221;][vc_column_text]Urban Driver propose \u00e0 ses clients une nouvelle fa\u00e7on de voyager en milieu urbain, le transport de personnes \u00e0 moto. Dans le cadre de notre d\u00e9veloppement, nous recherchons tout au long de l&#8217;ann\u00e9e des <strong>chauffeurs ind\u00e9pendants<\/strong> pour accompagner notre croissance.[\/vc_column_text][vc_empty_space alter_height=&#8221;medium&#8221; hide_on_mobile=&#8221;&#8221;]<div class=\"sc_item_button sc_button_wrap\"><a href=\"https:\/\/www.urban-driver.com\/inscription-chauffeur.php\" id=\"sc_button_1568834394\" class=\"sc_button sc_button_default sc_button_size_normal sc_button_icon_left\"><span class=\"sc_button_text\"><span class=\"sc_button_title\">Rejoignez nous !<\/span><\/span><!-- \/.sc_button_text --><\/a><!-- \/.sc_button --><\/div><!-- \/.sc_item_button -->[vc_empty_space alter_height=&#8221;medium&#8221; hide_on_mobile=&#8221;&#8221;][\/vc_column][\/vc_row][vc_row full_width=&#8221;stretch_row&#8221; css=&#8221;.vc_custom_1496650546705{background-color: #e2e2e2 !important;}&#8221;][vc_column][vc_empty_space alter_height=&#8221;medium&#8221; hide_on_mobile=&#8221;&#8221;]<div id=\"sc_title_592188206\"\n\t\tclass=\"sc_title sc_title_default\"><h2 class=\"sc_item_title sc_title_title sc_align_left sc_item_title_style_default sc_item_title_tag\">Le profil de nos chauffeurs r\u00e9pond aux crit\u00e8res suivants :<\/h2><\/div><!-- \/.sc_title -->[vc_column_text]<\/p>\n<h3>Exp\u00e9rience de la conduite<\/h3>\n<p>La s\u00e9curit\u00e9 de nos chauffeurs et de nos clients \u00e9tant notre priorit\u00e9 N\u00b01, nous recrutons seulement des professionnels ayant une exp\u00e9rience significative de la conduite et de la ma\u00eetrise d\u2019une moto (pilote moto de la gendarmerie, motards de presse, moniteur de moto-\u00e9cole, passionn\u00e9 de motos etc.) afin d\u2019offrir \u00e0 nos clients une \u00e9quipe de chauffeur fiable en toute circonstance.<\/p>\n<p>La r\u00e8gle ultime impos\u00e9e \u00e0 nos chauffeurs est le respect du code de la route et des autres usagers. Votre exp\u00e9rience et votre ma\u00eetrise de la conduite doit vous permettre d\u2019anticiper, d\u2019adapter votre comportements et votre vitesse \u00e0 chaque situation afin d\u2019offrir \u00e0 nos clients un voyage en toute s\u00e9curit\u00e9.<\/p>\n<p>En collaboration avec notre assurance, nous avons d\u00e9fini des crit\u00e8res de recrutement, \u00e0 savoir \u00eatre \u00e2g\u00e9 de plus de 30 ans, avec un minimum de dix ann\u00e9es depuis l\u2019obtention du permis de conduire. Le relev\u00e9 d\u2019information d\u2019assurance de chaque candidat doit en outre faire appara\u00eetre une absence totale de sinistre \u2013 avec ou sans responsabilit\u00e9 &#8211; sur les cinq derni\u00e8res ann\u00e9es.<\/p>\n<h3>Pr\u00e9sentation &amp; Services<\/h3>\n<p>Notre client\u00e8le, compos\u00e9e majoritairement de cadres et chefs d\u2019entreprises, implique de la part de nos chauffeurs une excellente pr\u00e9sentation, un accueil personnalis\u00e9 et une capacit\u00e9 \u00e0 r\u00e9pondre aux demandes de nos clients. Une partie de notre client\u00e8le \u00e9tant \u00e9trang\u00e8re, la pratique de l\u2019anglais est un plus.<\/p>\n<p>Le service vis\u00e9 pour satisfaire nos clients est l\u2019excellence. Votre sens du service, votre discr\u00e9tion et votre attitude courtoise doit offrir \u00e0 votre passager un voyage agr\u00e9able.<\/p>\n<h3>Esprit d\u2019\u00e9quipe &amp; ponctualit\u00e9<\/h3>\n<p>Les chauffeurs Urban Driver forment une \u00e9quipe dynamique, r\u00e9active et passionn\u00e9 et travaillent dans une ambiance \u00e0 la fois professionnelle et agr\u00e9able au service de nos clients.<\/p>\n<p>Votre esprit d\u2019\u00e9quipe et votre connaissance des grands axes routiers, gares, a\u00e9roports et centres d\u2019affaires doivent offrir \u00e0 notre client\u00e8le une parfaite ma\u00eetrise des itin\u00e9raires et l\u2019engagement de respecter les horaires de r\u00e9servation.[\/vc_column_text][vc_empty_space alter_height=&#8221;medium&#8221; hide_on_mobile=&#8221;&#8221;][\/vc_column][\/vc_row][vc_row][vc_column][vc_empty_space alter_height=&#8221;medium&#8221; hide_on_mobile=&#8221;&#8221;]<div id=\"sc_title_1509770966\"\n\t\tclass=\"sc_title sc_title_default\"><h3 class=\"sc_item_title sc_title_title sc_align_left sc_item_title_style_default\">Le processus de recrutement des pilotes moto Urban Driver<\/h3><\/div><!-- \/.sc_title -->[vc_column_text]<\/p>\n<ul class=\"trx_addons_list trx_addons_list_minus\">\n<li>Analyse des candidatures et des ant\u00e9c\u00e9dents d\u2019assurance et de permis de conduire (aucun sinistre au cours des cinq derni\u00e8res ann\u00e9es et bonus compris entre 0,50 et 0,75)<\/li>\n<li>Entretien avec les candidats pour conna\u00eetre leurs parcours, leurs motivations et valider qu\u2019ils r\u00e9pondent aux valeurs de l\u2019entreprise Urban Driver (S\u00e9curit\u00e9, Services, ponctualit\u00e9 et bonne pr\u00e9sentation),<\/li>\n<li>Test de conduite en milieu urbain avec un passager,<\/li>\n<li>Entretien et validation final<\/li>\n<\/ul>\n<p>Nous proposons \u00e0 nos chauffeurs des formations de perfectionnement \u00e0 la conduite en milieu urbain sp\u00e9cifiques \u00e0 leur m\u00e9tier ainsi que la possibilit\u00e9 de perfectionner leur niveau d\u2019anglais.[\/vc_column_text][vc_empty_space alter_height=&#8221;medium&#8221; hide_on_mobile=&#8221;&#8221;][\/vc_column][\/vc_row][vc_row full_width=&#8221;stretch_row&#8221; css=&#8221;.vc_custom_1496650546705{background-color: #e2e2e2 !important;}&#8221;][vc_column]<div id=\"sc_title_826035665\"\n\t\tclass=\"sc_title sc_title_default\"><h2 class=\"sc_item_title sc_title_title sc_align_left sc_item_title_style_default sc_item_title_tag\">Les diff\u00e9rentes formules AVEC ou SANS moto<\/h2><\/div><!-- \/.sc_title -->[vc_empty_space alter_height=&#8221;medium&#8221; hide_on_mobile=&#8221;&#8221;][vc_column_text]<\/p>\n<h4>1. Chauffeur Ind\u00e9pendant avec v\u00e9hicule<\/h4>\n<p>Vous poss\u00e9dez un v\u00e9hicule qui r\u00e9pond \u00e0 la r\u00e9glementation en vigueur en terme de puissance et d&#8217;anciennet\u00e9, rejoignez nous. Vous restez ma\u00eetre de votre disponibilit\u00e9 et vous gardez la possibilit\u00e9 de constituer une client\u00e8le propre en compl\u00e9ment de notre collaboration.<\/p>\n<p>Vous touchez une r\u00e9mun\u00e9ration comp\u00e9titive et motivante. Vous pouvez choisir votre <a href=\"https:\/\/www.urban-driver.com\/devenir-chauffeur.php\">plan de commission<\/a> selon votre fa\u00e7on de travailler et le volume d&#8217;activit\u00e9 souhait\u00e9.<\/p>\n<h4>2. Chauffeur ind\u00e9pendant sans v\u00e9hicule<\/h4>\n<p>Selon la disponibilit\u00e9 de la flotte de moto, nous pouvons mettre \u00e0 votre disposition un &#8220;package cl\u00e9 en main&#8221; comprenant :<\/p>\n<ul class=\"trx_addons_list trx_addons_list_minus\">\n<li>le deux roues Honda Goldwing,<\/li>\n<li>l&#8217;\u00e9quipement sp\u00e9cifique de la moto \u00e0 usage de taxi moto (Tablier doubl\u00e9, porte bagage, support t\u00e9l\u00e9phone),<\/li>\n<li>l\u2019\u00e9quipement pour le passager (Casque, veste, Charlotte et gants),<\/li>\n<li>une assurance sp\u00e9cifique pour le transport de personnes \u00e0 titre on\u00e9reux,<\/li>\n<li>l\u2019entretien du v\u00e9hicule moyennant un cout variable en fonction du nombre de km parcouru.<\/li>\n<\/ul>\n<p>N&#8217;h\u00e9sitez pas \u00e0 nous contacter pour \u00e9tudier la meilleure solution qui s\u2019offre \u00e0 vous.[\/vc_column_text][vc_empty_space alter_height=&#8221;medium&#8221; hide_on_mobile=&#8221;&#8221;][\/vc_column][\/vc_row][vc_row][vc_column][vc_empty_space alter_height=&#8221;medium&#8221; hide_on_mobile=&#8221;&#8221;][vc_column_text]<\/p>\n<h2 style=\"text-align: center;\">Contact recrutement<\/h2>\n<p style=\"text-align: center;\">Si ce descriptif vous correspond et si vous souhaitez participer au d\u00e9veloppement d\u2019une entreprise en pleine croissance, merci d\u2019envoyer votre candidature :<\/p>\n<p class=\"liste\" style=\"text-align: center;\"><strong>\u2022 en ligne<\/strong> <a href=\"https:\/\/www.urban-driver.com\/inscription-chauffeur.php\">inscription Chauffeur partenaire avec URBANDRIVER<\/a><\/p>\n<p class=\"liste\" style=\"text-align: center;\"><strong>\u2022 par courrier<\/strong> : Urban Driver &#8211; Service Recrutement \u2013 55 rue Emile Landrin \u2013 92100 Boulogne Billancourt<\/p>\n<p>[\/vc_column_text][\/vc_column][\/vc_row]<\/p>\n<\/div>","protected":false},"excerpt":{"rendered":"<p>[vc_row][vc_column][vc_custom_heading text=&#8221;Les taxis motos Urban Driver&#8221; font_container=&#8221;tag:h6|font_size:12px|text_align:left|color:%23b70604|line_height:0.8em&#8221; use_theme_fonts=&#8221;yes&#8221;][vc_column_text]Urban Driver propose \u00e0 ses clients une nouvelle fa\u00e7on de voyager en milieu urbain, le transport de personnes \u00e0 moto. Dans le cadre de notre d\u00e9veloppement, nous recherchons tout au long de l&#8217;ann\u00e9e des chauffeurs ind\u00e9pendants pour accompagner&hellip;<\/p>\n","protected":false},"author":1,"featured_media":0,"parent":0,"menu_order":0,"comment_status":"closed","ping_status":"closed","template":"","meta":{"footnotes":""},"class_list":["post-1306","page","type-page","status-publish","hentry"],"yoast_head":"<!-- This site is optimized with the Yoast SEO plugin v27.5 - https:\/\/yoast.com\/product\/yoast-seo-wordpress\/ -->\n<title>Recrutement pour devenir chauffeurs de moto taxi - Urban Driver<\/title>\n<meta name=\"description\" content=\"Envie de vivre de votre passion pour la moto, de lier l&#039;utile \u00e0 l&#039;agr\u00e9able, rejoignez l&#039;\u00e9quipe de pilote de taxi moto URBANDRIVER.\" \/>\n<meta name=\"robots\" content=\"index, follow, max-snippet:-1, max-image-preview:large, max-video-preview:-1\" \/>\n<link rel=\"canonical\" href=\"https:\/\/www.urban-driver.com\/en\/recrutement.php\" \/>\n<meta property=\"og:locale\" content=\"en_US\" \/>\n<meta property=\"og:type\" content=\"article\" \/>\n<meta property=\"og:title\" content=\"Recrutement pour devenir chauffeurs de moto taxi - Urban Driver\" \/>\n<meta property=\"og:description\" content=\"Envie de vivre de votre passion pour la moto, de lier l&#039;utile \u00e0 l&#039;agr\u00e9able, rejoignez l&#039;\u00e9quipe de pilote de taxi moto URBANDRIVER.\" \/>\n<meta property=\"og:url\" content=\"https:\/\/www.urban-driver.com\/en\/recrutement.php\" \/>\n<meta property=\"og:site_name\" content=\"Taxi moto | Urban Driver\" \/>\n<meta property=\"article:modified_time\" content=\"2025-01-23T13:30:16+00:00\" \/>\n<meta name=\"twitter:card\" content=\"summary_large_image\" \/>\n<meta name=\"twitter:label1\" content=\"Est. reading time\" \/>\n\t<meta name=\"twitter:data1\" content=\"5 minutes\" \/>\n<script type=\"application\/ld+json\" class=\"yoast-schema-graph\">{\"@context\":\"https:\\\/\\\/schema.org\",\"@graph\":[{\"@type\":\"WebPage\",\"@id\":\"https:\\\/\\\/www.urban-driver.com\\\/en\\\/recrutement.php\",\"url\":\"https:\\\/\\\/www.urban-driver.com\\\/en\\\/recrutement.php\",\"name\":\"Recrutement pour devenir chauffeurs de moto taxi - Urban Driver\",\"isPartOf\":{\"@id\":\"https:\\\/\\\/www.urban-driver.com\\\/en\\\/#website\"},\"datePublished\":\"2017-05-01T05:58:32+00:00\",\"dateModified\":\"2025-01-23T13:30:16+00:00\",\"description\":\"Envie de vivre de votre passion pour la moto, de lier l'utile \u00e0 l'agr\u00e9able, rejoignez l'\u00e9quipe de pilote de taxi moto URBANDRIVER.\",\"breadcrumb\":{\"@id\":\"https:\\\/\\\/www.urban-driver.com\\\/en\\\/recrutement.php#breadcrumb\"},\"inLanguage\":\"en-US\",\"potentialAction\":[{\"@type\":\"ReadAction\",\"target\":[\"https:\\\/\\\/www.urban-driver.com\\\/en\\\/recrutement.php\"]}]},{\"@type\":\"BreadcrumbList\",\"@id\":\"https:\\\/\\\/www.urban-driver.com\\\/en\\\/recrutement.php#breadcrumb\",\"itemListElement\":[{\"@type\":\"ListItem\",\"position\":1,\"name\":\"Urban Driver\",\"item\":\"https:\\\/\\\/www.urban-driver.com\\\/en\\\/\"},{\"@type\":\"ListItem\",\"position\":2,\"name\":\"Urban Driver recherche des chauffeurs moto taxi\"}]},{\"@type\":\"WebSite\",\"@id\":\"https:\\\/\\\/www.urban-driver.com\\\/en\\\/#website\",\"url\":\"https:\\\/\\\/www.urban-driver.com\\\/en\\\/\",\"name\":\"Taxi moto | Urban Driver\",\"description\":\"\",\"publisher\":{\"@id\":\"https:\\\/\\\/www.urban-driver.com\\\/en\\\/#organization\"},\"potentialAction\":[{\"@type\":\"SearchAction\",\"target\":{\"@type\":\"EntryPoint\",\"urlTemplate\":\"https:\\\/\\\/www.urban-driver.com\\\/en\\\/?s={search_term_string}\"},\"query-input\":{\"@type\":\"PropertyValueSpecification\",\"valueRequired\":true,\"valueName\":\"search_term_string\"}}],\"inLanguage\":\"en-US\"},{\"@type\":\"Organization\",\"@id\":\"https:\\\/\\\/www.urban-driver.com\\\/en\\\/#organization\",\"name\":\"URBAN DRIVER\",\"alternateName\":\"Urban\",\"url\":\"https:\\\/\\\/www.urban-driver.com\\\/en\\\/\",\"logo\":{\"@type\":\"ImageObject\",\"inLanguage\":\"en-US\",\"@id\":\"https:\\\/\\\/www.urban-driver.com\\\/en\\\/#\\\/schema\\\/logo\\\/image\\\/\",\"url\":\"https:\\\/\\\/www.urban-driver.com\\\/wp-content\\\/uploads\\\/2016\\\/12\\\/urban_driver.png\",\"contentUrl\":\"https:\\\/\\\/www.urban-driver.com\\\/wp-content\\\/uploads\\\/2016\\\/12\\\/urban_driver.png\",\"width\":300,\"height\":39,\"caption\":\"URBAN DRIVER\"},\"image\":{\"@id\":\"https:\\\/\\\/www.urban-driver.com\\\/en\\\/#\\\/schema\\\/logo\\\/image\\\/\"}}]}<\/script>\n<!-- \/ Yoast SEO plugin. -->","yoast_head_json":{"title":"Recrutement pour devenir chauffeurs de moto taxi - Urban Driver","description":"Envie de vivre de votre passion pour la moto, de lier l'utile \u00e0 l'agr\u00e9able, rejoignez l'\u00e9quipe de pilote de taxi moto URBANDRIVER.","robots":{"index":"index","follow":"follow","max-snippet":"max-snippet:-1","max-image-preview":"max-image-preview:large","max-video-preview":"max-video-preview:-1"},"canonical":"https:\/\/www.urban-driver.com\/en\/recrutement.php","og_locale":"en_US","og_type":"article","og_title":"Recrutement pour devenir chauffeurs de moto taxi - Urban Driver","og_description":"Envie de vivre de votre passion pour la moto, de lier l'utile \u00e0 l'agr\u00e9able, rejoignez l'\u00e9quipe de pilote de taxi moto URBANDRIVER.","og_url":"https:\/\/www.urban-driver.com\/en\/recrutement.php","og_site_name":"Taxi moto | Urban Driver","article_modified_time":"2025-01-23T13:30:16+00:00","twitter_card":"summary_large_image","twitter_misc":{"Est. reading time":"5 minutes"},"schema":{"@context":"https:\/\/schema.org","@graph":[{"@type":"WebPage","@id":"https:\/\/www.urban-driver.com\/en\/recrutement.php","url":"https:\/\/www.urban-driver.com\/en\/recrutement.php","name":"Recrutement pour devenir chauffeurs de moto taxi - Urban Driver","isPartOf":{"@id":"https:\/\/www.urban-driver.com\/en\/#website"},"datePublished":"2017-05-01T05:58:32+00:00","dateModified":"2025-01-23T13:30:16+00:00","description":"Envie de vivre de votre passion pour la moto, de lier l'utile \u00e0 l'agr\u00e9able, rejoignez l'\u00e9quipe de pilote de taxi moto URBANDRIVER.","breadcrumb":{"@id":"https:\/\/www.urban-driver.com\/en\/recrutement.php#breadcrumb"},"inLanguage":"en-US","potentialAction":[{"@type":"ReadAction","target":["https:\/\/www.urban-driver.com\/en\/recrutement.php"]}]},{"@type":"BreadcrumbList","@id":"https:\/\/www.urban-driver.com\/en\/recrutement.php#breadcrumb","itemListElement":[{"@type":"ListItem","position":1,"name":"Urban Driver","item":"https:\/\/www.urban-driver.com\/en\/"},{"@type":"ListItem","position":2,"name":"Urban Driver recherche des chauffeurs moto taxi"}]},{"@type":"WebSite","@id":"https:\/\/www.urban-driver.com\/en\/#website","url":"https:\/\/www.urban-driver.com\/en\/","name":"Taxi moto | Urban Driver","description":"","publisher":{"@id":"https:\/\/www.urban-driver.com\/en\/#organization"},"potentialAction":[{"@type":"SearchAction","target":{"@type":"EntryPoint","urlTemplate":"https:\/\/www.urban-driver.com\/en\/?s={search_term_string}"},"query-input":{"@type":"PropertyValueSpecification","valueRequired":true,"valueName":"search_term_string"}}],"inLanguage":"en-US"},{"@type":"Organization","@id":"https:\/\/www.urban-driver.com\/en\/#organization","name":"URBAN DRIVER","alternateName":"Urban","url":"https:\/\/www.urban-driver.com\/en\/","logo":{"@type":"ImageObject","inLanguage":"en-US","@id":"https:\/\/www.urban-driver.com\/en\/#\/schema\/logo\/image\/","url":"https:\/\/www.urban-driver.com\/wp-content\/uploads\/2016\/12\/urban_driver.png","contentUrl":"https:\/\/www.urban-driver.com\/wp-content\/uploads\/2016\/12\/urban_driver.png","width":300,"height":39,"caption":"URBAN DRIVER"},"image":{"@id":"https:\/\/www.urban-driver.com\/en\/#\/schema\/logo\/image\/"}}]}},"_links":{"self":[{"href":"https:\/\/www.urban-driver.com\/en\/wp-json\/wp\/v2\/pages\/1306","targetHints":{"allow":["GET"]}}],"collection":[{"href":"https:\/\/www.urban-driver.com\/en\/wp-json\/wp\/v2\/pages"}],"about":[{"href":"https:\/\/www.urban-driver.com\/en\/wp-json\/wp\/v2\/types\/page"}],"author":[{"embeddable":true,"href":"https:\/\/www.urban-driver.com\/en\/wp-json\/wp\/v2\/users\/1"}],"replies":[{"embeddable":true,"href":"https:\/\/www.urban-driver.com\/en\/wp-json\/wp\/v2\/comments?post=1306"}],"version-history":[{"count":0,"href":"https:\/\/www.urban-driver.com\/en\/wp-json\/wp\/v2\/pages\/1306\/revisions"}],"wp:attachment":[{"href":"https:\/\/www.urban-driver.com\/en\/wp-json\/wp\/v2\/media?parent=1306"}],"curies":[{"name":"wp","href":"https:\/\/api.w.org\/{rel}","templated":true}]}}