{"id":1298,"date":"2017-05-01T07:52:01","date_gmt":"2017-05-01T05:52:01","guid":{"rendered":"http:\/\/48h.fr\/?page_id=1298"},"modified":"2026-01-21T23:42:14","modified_gmt":"2026-01-21T22:42:14","slug":"avantages-confort","status":"publish","type":"page","link":"https:\/\/www.urban-driver.com\/en\/avantages_confort.php","title":{"rendered":"Confort haut de gamme \u00e0 bord des motos Urban Driver"},"content":{"rendered":"<div class=\"wpb-content-wrapper\"><p>[vc_row][vc_column][vc_row_inner][vc_column_inner width=&#8221;1\/3&#8243;][vc_empty_space alter_height=&#8221;medium&#8221; hide_on_mobile=&#8221;&#8221;][vc_empty_space alter_height=&#8221;medium&#8221; hide_on_mobile=&#8221;&#8221;][vc_empty_space alter_height=&#8221;medium&#8221; hide_on_mobile=&#8221;&#8221;][vc_single_image image=&#8221;6735&#8243; img_size=&#8221;medium&#8221; alignment=&#8221;center&#8221;][\/vc_column_inner][vc_column_inner width=&#8221;2\/3&#8243;][vc_custom_heading text=&#8221;Les \u00e9quipements fournis&#8221; use_theme_fonts=&#8221;yes&#8221;][vc_column_text css=&#8221;&#8221;]Nous mettons \u00e0 votre disposition un <strong>\u00e9quipement complet<\/strong> pour vous permettre de voyager confortablement \u00e0 bord de <a href=\"https:\/\/www.urban-driver.com\/en\/motorbike-taxi.php\">nos taxis motos<\/a> et vous offrir un service irr\u00e9prochable quelles que soient les conditions m\u00e9t\u00e9orologiques.<\/p>\n<ul class=\"trx_addons_list trx_addons_list_minus\">\n<li>Nos <strong>casques modulaires homologu\u00e9s<\/strong> adapt\u00e9s \u00e0 votre taille de t\u00eate combinent la protection d\u2019un casque int\u00e9gral et l\u2019a\u00e9ration du jet gr\u00e2ce \u00e0 sa mentonni\u00e8re r\u00e9tractable. Une charlotte interne \u00e0 usage unique vous assure une hygi\u00e8ne impeccable.<\/li>\n<\/ul>\n<p>Equip\u00e9 d\u2019une connexion filaire, nos casques permettent gr\u00e2ce \u00e0 un micro et des \u00e9couteurs incrust\u00e9s, de communiquer, si vous le souhaitez, avec le chauffeur.<\/p>\n<ul class=\"trx_addons_list trx_addons_list_minus\">\n<li><strong>Blousons, gants et tabliers<\/strong> vous garantissent une \u00e9tanch\u00e9it\u00e9 maximale en cas d\u2019intemp\u00e9ries quelque soit votre tenue vestimentaire (costume cravate ou tailleur).<\/li>\n<\/ul>\n<p>L\u2019\u00e9quipement <strong>GPS<\/strong> con\u00e7ut sp\u00e9cialement pour les deux roues propose les parcours les plus rapides, les plus ing\u00e9nieux et les plus efficaces possibles pour vous permettre d\u2019\u00eatre amen\u00e9 \u00e0 destination en toute s\u00e9curit\u00e9 et par le chemin le plus rapide.<\/p>\n<p>M\u00eame si la Goldwing est effectivement \u00e9quip\u00e9 d&#8217;un GPS, les chauffeurs utilisent aujourd&#8217;hui l&#8217;application Waze, beaucoup plus pr\u00e9cise et r\u00e9active depuis leur t\u00e9l\u00e9phone portable.[\/vc_column_text][\/vc_column_inner][\/vc_row_inner][vc_separator][\/vc_column][\/vc_row][vc_row][vc_column][vc_row_inner][vc_column_inner width=&#8221;2\/3&#8243;][vc_custom_heading text=&#8221;Capacit\u00e9 de chargement&#8221; use_theme_fonts=&#8221;yes&#8221;][vc_column_text css=&#8221;&#8221;]Le grand coffre et le top case des Goldwing peuvent accueillir votre bagage cabine*, ainsi que deux accessoires tel un porte-documents, un ordinateur portable ou un sac \u00e0 main.<\/p>\n<p>*Dimension d\u2019un bagage cabine (55 cm x 35 cm x 25 cm maxi).[\/vc_column_text][\/vc_column_inner][vc_column_inner width=&#8221;1\/3&#8243;][vc_empty_space alter_height=&#8221;medium&#8221; hide_on_mobile=&#8221;&#8221;][vc_empty_space alter_height=&#8221;medium&#8221; hide_on_mobile=&#8221;&#8221;][vc_single_image image=&#8221;6733&#8243; img_size=&#8221;medium&#8221; alignment=&#8221;center&#8221;][\/vc_column_inner][\/vc_row_inner][vc_message message_box_style=&#8221;outline&#8221; css=&#8221;.vc_custom_1769034543359{margin-top: 22px !important;margin-bottom: 22px !important;}&#8221; closeable=&#8221;&#8221;]Certaines motos Goldwing de notre flotte sont \u00e9quip\u00e9es de bagag\u00e8res permettant de transporter des valises soutes. Cette option doit \u00eatre pr\u00e9cis\u00e9e \u00e0 la r\u00e9servation est factur\u00e9e 15\u20ac.[\/vc_message]<div id=\"widget_video_522367142\" class=\"widget_area sc_widget_video vc_widget_video wpb_content_element  vc_custom_1769033794563\"><aside id=\"widget_video_522367142_widget\" class=\"widget widget_video\"><h5 class=\"widget_title\">Quels bagages sont accept\u00e9s sur les taxis motos ?<\/h5><div class=\"trx_addons_video_player without_cover\"><div class=\"video_embed video_frame\"><iframe src=\"https:\/\/www.youtube.com\/embed\/M7yC7Ai-xLE?feature=oembed&#038;wmode=transparent&#038;origin=https%3A%2F%2Fwww.urban-driver.com%2Fen%2F&#038;widgetid=1&#038;enablejsapi=1&#038;disablekb=1&#038;modestbranding=1&#038;iv_load_policy=3&#038;rel=0&#038;showinfo=0\" width=\"1200\" height=\"675\"><\/iframe><\/div><\/div><\/aside><\/div>[vc_separator][\/vc_column][\/vc_row][vc_row][vc_column]<div id=\"sc_title_1602358047\"\n\t\tclass=\"sc_title sc_title_default\"><h6 class=\"sc_item_subtitle sc_title_subtitle sc_align_left sc_item_title_style_default\">R\u00e9ponses \u00e0 vos questions<\/h6><h3 class=\"sc_item_title sc_title_title sc_align_left sc_item_title_style_default\">FAQ<\/h3><\/div><!-- \/.sc_title -->[vc_toggle title=&#8221;est-il possible de transporter des bagages ?&#8221;]Capacit\u00e9 de chargement des motos : 1 bagage cabine + 2 accessoires (Porte documents, ordinateur portable, sac \u00e0 main).[\/vc_toggle][vc_toggle title=&#8221;Quels \u00e9quipement de confort sont propos\u00e9s lors de la prise en charge du client passager ?&#8221;]Equipements de confort : \u00e9quipements de pluie en cas d&#8217;intemp\u00e9rie (1 surveste, 1 tablier, 1 protection pour les bagages cabines en cas de pluie) afin d&#8217;assurer au passager d&#8217;arriver au sec \u00e0 destination, toutes les motos sont \u00e9quip\u00e9es de si\u00e8ge chauffant.[\/vc_toggle][\/vc_column][\/vc_row][vc_row full_width=&#8221;stretch_row&#8221; css=&#8221;.vc_custom_1737047646821{margin-top: 33px !important;margin-bottom: 33px !important;background-image: url(https:\/\/www.urban-driver.com\/wp-content\/uploads\/2017\/01\/illustration2.jpg?id=1062) !important;}&#8221;][vc_column][vc_custom_heading text=&#8221;Ne perdez plus une minute dans les embouteillages !&#8221; font_container=&#8221;tag:h4|text_align:center|color:%23FFFFFF&#8221; use_theme_fonts=&#8221;yes&#8221; css=&#8221;&#8221;]<div class=\"sc_item_button sc_button_wrap\"><a href=\"https:\/\/booking.urban-driver.com\/Inscription\" id=\"sc_button_1025883469\" class=\"sc_button sc_button_default  vc_custom_1769033901416 sc_button_size_normal sc_button_icon_left\"><span class=\"sc_button_text\"><span class=\"sc_button_title\">Je commande mon Taxi Moto<\/span><\/span><!-- \/.sc_button_text --><\/a><!-- \/.sc_button --><\/div><!-- \/.sc_item_button -->[\/vc_column][\/vc_row]<\/p>\n<\/div>","protected":false},"excerpt":{"rendered":"<p>[vc_row][vc_column][vc_row_inner][vc_column_inner width=&#8221;1\/3&#8243;][vc_empty_space alter_height=&#8221;medium&#8221; hide_on_mobile=&#8221;&#8221;][vc_empty_space alter_height=&#8221;medium&#8221; hide_on_mobile=&#8221;&#8221;][vc_empty_space alter_height=&#8221;medium&#8221; hide_on_mobile=&#8221;&#8221;][vc_single_image image=&#8221;6735&#8243; img_size=&#8221;medium&#8221; alignment=&#8221;center&#8221;][\/vc_column_inner][vc_column_inner width=&#8221;2\/3&#8243;][vc_custom_heading text=&#8221;Les \u00e9quipements fournis&#8221; use_theme_fonts=&#8221;yes&#8221;][vc_column_text css=&#8221;&#8221;]Nous mettons \u00e0 votre disposition un \u00e9quipement complet pour vous permettre de voyager confortablement \u00e0 bord de nos taxis motos et vous offrir un service irr\u00e9prochable quelles que soient&hellip;<\/p>\n","protected":false},"author":1,"featured_media":0,"parent":0,"menu_order":0,"comment_status":"closed","ping_status":"closed","template":"","meta":{"footnotes":""},"class_list":["post-1298","page","type-page","status-publish","hentry"],"yoast_head":"<!-- This site is optimized with the Yoast SEO plugin v27.4 - https:\/\/yoast.com\/product\/yoast-seo-wordpress\/ -->\n<title>Confort haut de gamme et \u00e9quipements fournis - Urban Driver<\/title>\n<meta name=\"description\" content=\"Prenez le taxi moto comme vous prenez le taxi, tout l&#039;\u00e9quipement sp\u00e9cifique est fourni par votre chauffeur Urban Driver\" \/>\n<meta name=\"robots\" content=\"index, follow, max-snippet:-1, max-image-preview:large, max-video-preview:-1\" \/>\n<link rel=\"canonical\" href=\"https:\/\/www.urban-driver.com\/en\/avantages_confort.php\" \/>\n<meta property=\"og:locale\" content=\"en_US\" \/>\n<meta property=\"og:type\" content=\"article\" \/>\n<meta property=\"og:title\" content=\"Confort haut de gamme et \u00e9quipements fournis - Urban Driver\" \/>\n<meta property=\"og:description\" content=\"Prenez le taxi moto comme vous prenez le taxi, tout l&#039;\u00e9quipement sp\u00e9cifique est fourni par votre chauffeur Urban Driver\" \/>\n<meta property=\"og:url\" content=\"https:\/\/www.urban-driver.com\/en\/avantages_confort.php\" \/>\n<meta property=\"og:site_name\" content=\"Taxi moto | Urban Driver\" \/>\n<meta property=\"article:modified_time\" content=\"2026-01-21T22:42:14+00:00\" \/>\n<meta name=\"twitter:card\" content=\"summary_large_image\" \/>\n<meta name=\"twitter:label1\" content=\"Est. reading time\" \/>\n\t<meta name=\"twitter:data1\" content=\"3 minutes\" \/>\n<script type=\"application\/ld+json\" class=\"yoast-schema-graph\">{\"@context\":\"https:\\\/\\\/schema.org\",\"@graph\":[{\"@type\":\"WebPage\",\"@id\":\"https:\\\/\\\/www.urban-driver.com\\\/en\\\/avantages_confort.php\",\"url\":\"https:\\\/\\\/www.urban-driver.com\\\/en\\\/avantages_confort.php\",\"name\":\"Confort haut de gamme et \u00e9quipements fournis - Urban Driver\",\"isPartOf\":{\"@id\":\"https:\\\/\\\/www.urban-driver.com\\\/en\\\/#website\"},\"datePublished\":\"2017-05-01T05:52:01+00:00\",\"dateModified\":\"2026-01-21T22:42:14+00:00\",\"description\":\"Prenez le taxi moto comme vous prenez le taxi, tout l'\u00e9quipement sp\u00e9cifique est fourni par votre chauffeur Urban Driver\",\"breadcrumb\":{\"@id\":\"https:\\\/\\\/www.urban-driver.com\\\/en\\\/avantages_confort.php#breadcrumb\"},\"inLanguage\":\"en-US\",\"potentialAction\":[{\"@type\":\"ReadAction\",\"target\":[\"https:\\\/\\\/www.urban-driver.com\\\/en\\\/avantages_confort.php\"]}]},{\"@type\":\"BreadcrumbList\",\"@id\":\"https:\\\/\\\/www.urban-driver.com\\\/en\\\/avantages_confort.php#breadcrumb\",\"itemListElement\":[{\"@type\":\"ListItem\",\"position\":1,\"name\":\"Urban Driver\",\"item\":\"https:\\\/\\\/www.urban-driver.com\\\/en\\\/\"},{\"@type\":\"ListItem\",\"position\":2,\"name\":\"Confort haut de gamme \u00e0 bord des motos Urban Driver\"}]},{\"@type\":\"WebSite\",\"@id\":\"https:\\\/\\\/www.urban-driver.com\\\/en\\\/#website\",\"url\":\"https:\\\/\\\/www.urban-driver.com\\\/en\\\/\",\"name\":\"Taxi moto | Urban Driver\",\"description\":\"\",\"publisher\":{\"@id\":\"https:\\\/\\\/www.urban-driver.com\\\/en\\\/#organization\"},\"potentialAction\":[{\"@type\":\"SearchAction\",\"target\":{\"@type\":\"EntryPoint\",\"urlTemplate\":\"https:\\\/\\\/www.urban-driver.com\\\/en\\\/?s={search_term_string}\"},\"query-input\":{\"@type\":\"PropertyValueSpecification\",\"valueRequired\":true,\"valueName\":\"search_term_string\"}}],\"inLanguage\":\"en-US\"},{\"@type\":\"Organization\",\"@id\":\"https:\\\/\\\/www.urban-driver.com\\\/en\\\/#organization\",\"name\":\"URBAN DRIVER\",\"alternateName\":\"Urban\",\"url\":\"https:\\\/\\\/www.urban-driver.com\\\/en\\\/\",\"logo\":{\"@type\":\"ImageObject\",\"inLanguage\":\"en-US\",\"@id\":\"https:\\\/\\\/www.urban-driver.com\\\/en\\\/#\\\/schema\\\/logo\\\/image\\\/\",\"url\":\"https:\\\/\\\/www.urban-driver.com\\\/wp-content\\\/uploads\\\/2016\\\/12\\\/urban_driver.png\",\"contentUrl\":\"https:\\\/\\\/www.urban-driver.com\\\/wp-content\\\/uploads\\\/2016\\\/12\\\/urban_driver.png\",\"width\":300,\"height\":39,\"caption\":\"URBAN DRIVER\"},\"image\":{\"@id\":\"https:\\\/\\\/www.urban-driver.com\\\/en\\\/#\\\/schema\\\/logo\\\/image\\\/\"}}]}<\/script>\n<!-- \/ Yoast SEO plugin. -->","yoast_head_json":{"title":"Confort haut de gamme et \u00e9quipements fournis - Urban Driver","description":"Prenez le taxi moto comme vous prenez le taxi, tout l'\u00e9quipement sp\u00e9cifique est fourni par votre chauffeur Urban Driver","robots":{"index":"index","follow":"follow","max-snippet":"max-snippet:-1","max-image-preview":"max-image-preview:large","max-video-preview":"max-video-preview:-1"},"canonical":"https:\/\/www.urban-driver.com\/en\/avantages_confort.php","og_locale":"en_US","og_type":"article","og_title":"Confort haut de gamme et \u00e9quipements fournis - Urban Driver","og_description":"Prenez le taxi moto comme vous prenez le taxi, tout l'\u00e9quipement sp\u00e9cifique est fourni par votre chauffeur Urban Driver","og_url":"https:\/\/www.urban-driver.com\/en\/avantages_confort.php","og_site_name":"Taxi moto | Urban Driver","article_modified_time":"2026-01-21T22:42:14+00:00","twitter_card":"summary_large_image","twitter_misc":{"Est. reading time":"3 minutes"},"schema":{"@context":"https:\/\/schema.org","@graph":[{"@type":"WebPage","@id":"https:\/\/www.urban-driver.com\/en\/avantages_confort.php","url":"https:\/\/www.urban-driver.com\/en\/avantages_confort.php","name":"Confort haut de gamme et \u00e9quipements fournis - Urban Driver","isPartOf":{"@id":"https:\/\/www.urban-driver.com\/en\/#website"},"datePublished":"2017-05-01T05:52:01+00:00","dateModified":"2026-01-21T22:42:14+00:00","description":"Prenez le taxi moto comme vous prenez le taxi, tout l'\u00e9quipement sp\u00e9cifique est fourni par votre chauffeur Urban Driver","breadcrumb":{"@id":"https:\/\/www.urban-driver.com\/en\/avantages_confort.php#breadcrumb"},"inLanguage":"en-US","potentialAction":[{"@type":"ReadAction","target":["https:\/\/www.urban-driver.com\/en\/avantages_confort.php"]}]},{"@type":"BreadcrumbList","@id":"https:\/\/www.urban-driver.com\/en\/avantages_confort.php#breadcrumb","itemListElement":[{"@type":"ListItem","position":1,"name":"Urban Driver","item":"https:\/\/www.urban-driver.com\/en\/"},{"@type":"ListItem","position":2,"name":"Confort haut de gamme \u00e0 bord des motos Urban Driver"}]},{"@type":"WebSite","@id":"https:\/\/www.urban-driver.com\/en\/#website","url":"https:\/\/www.urban-driver.com\/en\/","name":"Taxi moto | Urban Driver","description":"","publisher":{"@id":"https:\/\/www.urban-driver.com\/en\/#organization"},"potentialAction":[{"@type":"SearchAction","target":{"@type":"EntryPoint","urlTemplate":"https:\/\/www.urban-driver.com\/en\/?s={search_term_string}"},"query-input":{"@type":"PropertyValueSpecification","valueRequired":true,"valueName":"search_term_string"}}],"inLanguage":"en-US"},{"@type":"Organization","@id":"https:\/\/www.urban-driver.com\/en\/#organization","name":"URBAN DRIVER","alternateName":"Urban","url":"https:\/\/www.urban-driver.com\/en\/","logo":{"@type":"ImageObject","inLanguage":"en-US","@id":"https:\/\/www.urban-driver.com\/en\/#\/schema\/logo\/image\/","url":"https:\/\/www.urban-driver.com\/wp-content\/uploads\/2016\/12\/urban_driver.png","contentUrl":"https:\/\/www.urban-driver.com\/wp-content\/uploads\/2016\/12\/urban_driver.png","width":300,"height":39,"caption":"URBAN DRIVER"},"image":{"@id":"https:\/\/www.urban-driver.com\/en\/#\/schema\/logo\/image\/"}}]}},"_links":{"self":[{"href":"https:\/\/www.urban-driver.com\/en\/wp-json\/wp\/v2\/pages\/1298","targetHints":{"allow":["GET"]}}],"collection":[{"href":"https:\/\/www.urban-driver.com\/en\/wp-json\/wp\/v2\/pages"}],"about":[{"href":"https:\/\/www.urban-driver.com\/en\/wp-json\/wp\/v2\/types\/page"}],"author":[{"embeddable":true,"href":"https:\/\/www.urban-driver.com\/en\/wp-json\/wp\/v2\/users\/1"}],"replies":[{"embeddable":true,"href":"https:\/\/www.urban-driver.com\/en\/wp-json\/wp\/v2\/comments?post=1298"}],"version-history":[{"count":0,"href":"https:\/\/www.urban-driver.com\/en\/wp-json\/wp\/v2\/pages\/1298\/revisions"}],"wp:attachment":[{"href":"https:\/\/www.urban-driver.com\/en\/wp-json\/wp\/v2\/media?parent=1298"}],"curies":[{"name":"wp","href":"https:\/\/api.w.org\/{rel}","templated":true}]}}