{"id":1296,"date":"2017-05-01T07:50:10","date_gmt":"2017-05-01T05:50:10","guid":{"rendered":"http:\/\/48h.fr\/?page_id=1296"},"modified":"2026-01-21T23:41:01","modified_gmt":"2026-01-21T22:41:01","slug":"avantages-vehicules","status":"publish","type":"page","link":"https:\/\/www.urban-driver.com\/en\/avantages_vehicules.php","title":{"rendered":"Scooter ou moto, deux mod\u00e8les de v\u00e9hicules selon vos besoins"},"content":{"rendered":"<div class=\"wpb-content-wrapper\"><p>[vc_row][vc_column][vc_row_inner][vc_column_inner]<div id=\"sc_title_1031148639\"\n\t\tclass=\"sc_title sc_title_default\"><h6 class=\"sc_item_subtitle sc_title_subtitle sc_align_left sc_item_title_style_default\">Taxi moto ou scooter Taxi<\/h6><h2 class=\"sc_item_title sc_title_title sc_align_left sc_item_title_style_default sc_item_title_tag\">Quelle type de taxi moto 2 roues choisir ?<\/h2><\/div><!-- \/.sc_title -->[vc_column_text]<\/p>\n<p style=\"background: white; margin: 0cm 0cm 16.8pt 0cm;\"><span style=\"font-size: 10.5pt; font-family: 'Arial','sans-serif'; color: #535458;\">Pour r\u00e9pondre aux besoins des professionnels et des particuliers, URBANDRIVER propose deux cat\u00e9gories de deux roues, le <a href=\"https:\/\/www.urban-driver.com\/en\/motorbike-taxi.php\">taxi moto<\/a> en partenariat avec Honda et sa c\u00e9l\u00e8bre Goldwing et le taxi scooter avec le Suzuki Burgman 650cc reconnu pour sa maniabilit\u00e9 et son confort permettant de proposer une offre tarifaire avantageuse. <\/span><\/p>\n<p><a href=\"https:\/\/www.urban-driver.com\/en\/avantages_confort.php\"><strong>&gt; Equipement fourni &#8211; chargement des bagages sur nos taxi moto<\/strong><\/a>[\/vc_column_text][vc_separator][\/vc_column_inner][\/vc_row_inner][vc_row_inner][vc_column_inner width=&#8221;1\/2&#8243;][vc_custom_heading text=&#8221;Les Avantages du Taxi Moto :&#8221; font_container=&#8221;tag:h3|text_align:center&#8221; use_theme_fonts=&#8221;yes&#8221;][vc_column_text]<\/p>\n<ul class=\"trx_addons_list trx_addons_list_minus\">\n<li>Confort Haut de gamme<\/li>\n<li>Si\u00e8ge chauffant, \u00e9quipement de pluie<\/li>\n<li>Connexion Bluetooth avec le chauffeur et ambiance musicale<\/li>\n<\/ul>\n<p>[\/vc_column_text][\/vc_column_inner][vc_column_inner width=&#8221;1\/2&#8243;][vc_custom_heading text=&#8221;Moto Honda Goldwing 1800cc&#8221; font_container=&#8221;tag:h5|text_align:center&#8221; use_theme_fonts=&#8221;yes&#8221;][vc_single_image image=&#8221;6749&#8243; img_size=&#8221;medium&#8221; alignment=&#8221;center&#8221;][\/vc_column_inner][\/vc_row_inner][vc_separator][vc_row_inner][vc_column_inner width=&#8221;1\/2&#8243;][vc_custom_heading text=&#8221;Maxi Scooter<br \/>\nSuzuki Burgman 650 cc&#8221; font_container=&#8221;tag:h5|text_align:center&#8221; use_theme_fonts=&#8221;yes&#8221;][vc_single_image image=&#8221;6747&#8243; img_size=&#8221;medium&#8221; alignment=&#8221;center&#8221;][\/vc_column_inner][vc_column_inner width=&#8221;1\/2&#8243;][vc_custom_heading text=&#8221;Les Avantages du Taxi Scooter :&#8221; font_container=&#8221;tag:h3|text_align:center&#8221; use_theme_fonts=&#8221;yes&#8221;][vc_column_text]<\/p>\n<ul class=\"trx_addons_list trx_addons_list_minus\">\n<li>Tarifs comp\u00e9titifs aux Taxis<\/li>\n<li>Si\u00e8ge chauffant, \u00e9quipement de pluie<\/li>\n<li>Faible pollution : 125g de CO2 par km<\/li>\n<\/ul>\n<p>[\/vc_column_text][\/vc_column_inner][\/vc_row_inner][vc_separator][\/vc_column][\/vc_row][vc_row full_width=&#8221;stretch_row&#8221; css=&#8221;.vc_custom_1495814060062{background-color: #eaeaea !important;}&#8221;][vc_column][vc_empty_space alter_height=&#8221;medium&#8221; hide_on_mobile=&#8221;&#8221;][vc_row_inner][vc_column_inner width=&#8221;2\/3&#8243;]<div id=\"sc_title_1475262036\"\n\t\tclass=\"sc_title sc_title_default\"><h6 class=\"sc_item_subtitle sc_title_subtitle sc_align_left sc_item_title_style_default\">une Limousine sur deux roues<\/h6><h3 class=\"sc_item_title sc_title_title sc_align_left sc_item_title_style_default sc_item_title_tag\">Honda Goldwing 1800 cc<\/h3><\/div><!-- \/.sc_title -->[vc_column_text]V\u00e9ritable <strong>limousine sur 2 roues<\/strong>, la Honda Goldwing 1800 est ce qui se fait de plus luxueux en moto taxi.<\/p>\n<p>Un confort \u00e0 tous les \u00e9tages avec l\u2019onctuosit\u00e9 de son moteur 6 cylindres \u00e0 plat, <strong>une sellerie ergonomique<\/strong> qui se montrera optimale sur les longs parcours et un <strong>\u00e9quipement remarquable et novateur<\/strong> surtout en terme de s\u00e9curit\u00e9 avec le 1er airbag disponible sur un 2 roues.<\/p>\n<p><u>Id\u00e9al pour les d\u00e9placements sur les a\u00e9roports de <a href=\"https:\/\/www.urban-driver.com\/en\/orly-airport.php\">Orly<\/a>\u00a0et\u00a0<a href=\"https:\/\/www.urban-driver.com\/en\/roissy-cdg-airport.php\">Roissy,\u00a0<\/a>les transferts en banlieue &amp; longue distance.<\/u>[\/vc_column_text][vc_empty_space alter_height=&#8221;medium&#8221; hide_on_mobile=&#8221;&#8221;][\/vc_column_inner][vc_column_inner width=&#8221;1\/3&#8243;][vc_empty_space alter_height=&#8221;medium&#8221; hide_on_mobile=&#8221;&#8221;][vc_single_image image=&#8221;6749&#8243; img_size=&#8221;full&#8221; alignment=&#8221;center&#8221;][vc_empty_space alter_height=&#8221;medium&#8221; hide_on_mobile=&#8221;&#8221;][vc_empty_space alter_height=&#8221;medium&#8221; hide_on_mobile=&#8221;&#8221;][\/vc_column_inner][\/vc_row_inner][vc_separator color=&#8221;white&#8221;][vc_row_inner][vc_column_inner width=&#8221;2\/3&#8243;]<div id=\"sc_title_989282327\"\n\t\tclass=\"sc_title sc_title_default\"><h6 class=\"sc_item_subtitle sc_title_subtitle sc_align_left sc_item_title_style_default\">le v\u00e9hicule Urbain par excellence<\/h6><h3 class=\"sc_item_title sc_title_title sc_align_left sc_item_title_style_default sc_item_title_tag\">Suzuki Burgman 650<\/h3><\/div><!-- \/.sc_title -->[vc_column_text css=&#8221;&#8221;]Le maxi scooter Suzuki Burgman 650 cm3 assure un <strong>confort excellent et un \u00e9quipement haut de gamme <\/strong>comprenant un volumineux coffre sous la selle, un dossier passager rembourr\u00e9, des r\u00e9troviseurs repliables \u00e9lectriquement, un pare-brise r\u00e9glable \u00e9lectriquement, une selle chauffante et un syst\u00e8me de freinage ABS pour offrir au passager le maximum de confort et de s\u00e9curit\u00e9.<\/p>\n<p>Sa boite s\u00e9quentielle, son gabarit, sa faible consommation ainsi que sa pollution limit\u00e9e (il ne rejette que 125 g CO2 \/ km) font du maxi scooter Burgman 650 cm3, <strong>le v\u00e9hicule le plus adapt\u00e9 aux d\u00e9placements urbains.<\/strong><\/p>\n<p><u>Id\u00e9al pour les d\u00e9placements suivants : <a href=\"https:\/\/www.urban-driver.com\/en\/taxi-moto-paris\/\">Paris intramuros<\/a>&nbsp;et petite couronne, correspondance&nbsp;<a href=\"https:\/\/www.urban-driver.com\/en\/paris-train-stations.php\">gares parisiennes<\/a>.<\/u>[\/vc_column_text][vc_empty_space alter_height=&#8221;medium&#8221; hide_on_mobile=&#8221;&#8221;][\/vc_column_inner][vc_column_inner width=&#8221;1\/3&#8243;][vc_empty_space alter_height=&#8221;medium&#8221; hide_on_mobile=&#8221;&#8221;][vc_single_image image=&#8221;6747&#8243; img_size=&#8221;full&#8221; alignment=&#8221;center&#8221; style=&#8221;vc_box_border&#8221;][vc_empty_space alter_height=&#8221;medium&#8221; hide_on_mobile=&#8221;&#8221;][vc_empty_space alter_height=&#8221;medium&#8221; hide_on_mobile=&#8221;&#8221;][\/vc_column_inner][\/vc_row_inner][\/vc_column][\/vc_row][vc_row full_width=&#8221;stretch_row&#8221; css=&#8221;.vc_custom_1737047646821{margin-top: 33px !important;margin-bottom: 33px !important;background-image: url(https:\/\/www.urban-driver.com\/wp-content\/uploads\/2017\/01\/illustration2.jpg?id=1062) !important;}&#8221;][vc_column][vc_empty_space alter_height=&#8221;small&#8221; hide_on_mobile=&#8221;&#8221;][vc_custom_heading text=&#8221;Voyagez en Goldwing avec Urban Driver&#8221; font_container=&#8221;tag:p|font_size:33|text_align:center|color:%23FFFFFF&#8221; use_theme_fonts=&#8221;yes&#8221; css=&#8221;&#8221;]<div class=\"sc_item_button sc_button_wrap\"><a href=\"https:\/\/booking.urban-driver.com\/Inscription\" id=\"sc_button_1336689438\" class=\"sc_button sc_button_default  vc_custom_1769035064995 sc_button_size_normal sc_button_icon_left\"><span class=\"sc_button_text\"><span class=\"sc_button_title\">R\u00e9server un chauffeur <\/span><\/span><!-- \/.sc_button_text --><\/a><!-- \/.sc_button --><\/div><!-- \/.sc_item_button -->[\/vc_column][\/vc_row]<\/p>\n<\/div>","protected":false},"excerpt":{"rendered":"<p>[vc_row][vc_column][vc_row_inner][vc_column_inner][vc_column_text] Pour r\u00e9pondre aux besoins des professionnels et des particuliers, URBANDRIVER propose deux cat\u00e9gories de deux roues, le taxi moto en partenariat avec Honda et sa c\u00e9l\u00e8bre Goldwing et le taxi scooter avec le Suzuki Burgman 650cc reconnu pour sa maniabilit\u00e9 et son confort permettant&hellip;<\/p>\n","protected":false},"author":1,"featured_media":0,"parent":0,"menu_order":0,"comment_status":"closed","ping_status":"closed","template":"","meta":{"footnotes":""},"class_list":["post-1296","page","type-page","status-publish","hentry"],"yoast_head":"<!-- This site is optimized with the Yoast SEO plugin v27.4 - https:\/\/yoast.com\/product\/yoast-seo-wordpress\/ -->\n<title>Taxi scooter ou moto, vous avez le choix avec Urban Driver!<\/title>\n<meta name=\"description\" content=\"Le choix du v\u00e9hicule, Taxi scooter (Suzuki Burgman 650cc) ou Taxi moto (Honda Goldwing 1800cc) - Urban Driver.\" \/>\n<meta name=\"robots\" content=\"index, follow, max-snippet:-1, max-image-preview:large, max-video-preview:-1\" \/>\n<link rel=\"canonical\" href=\"https:\/\/www.urban-driver.com\/en\/avantages_vehicules.php\" \/>\n<meta property=\"og:locale\" content=\"en_US\" \/>\n<meta property=\"og:type\" content=\"article\" \/>\n<meta property=\"og:title\" content=\"Taxi scooter ou moto, vous avez le choix avec Urban Driver!\" \/>\n<meta property=\"og:description\" content=\"Le choix du v\u00e9hicule, Taxi scooter (Suzuki Burgman 650cc) ou Taxi moto (Honda Goldwing 1800cc) - Urban Driver.\" \/>\n<meta property=\"og:url\" content=\"https:\/\/www.urban-driver.com\/en\/avantages_vehicules.php\" \/>\n<meta property=\"og:site_name\" content=\"Taxi moto | Urban Driver\" \/>\n<meta property=\"article:modified_time\" content=\"2026-01-21T22:41:01+00:00\" \/>\n<meta name=\"twitter:card\" content=\"summary_large_image\" \/>\n<meta name=\"twitter:label1\" content=\"Est. reading time\" \/>\n\t<meta name=\"twitter:data1\" content=\"3 minutes\" \/>\n<script type=\"application\/ld+json\" class=\"yoast-schema-graph\">{\"@context\":\"https:\\\/\\\/schema.org\",\"@graph\":[{\"@type\":\"WebPage\",\"@id\":\"https:\\\/\\\/www.urban-driver.com\\\/en\\\/avantages_vehicules.php\",\"url\":\"https:\\\/\\\/www.urban-driver.com\\\/en\\\/avantages_vehicules.php\",\"name\":\"Taxi scooter ou moto, vous avez le choix avec Urban Driver!\",\"isPartOf\":{\"@id\":\"https:\\\/\\\/www.urban-driver.com\\\/en\\\/#website\"},\"datePublished\":\"2017-05-01T05:50:10+00:00\",\"dateModified\":\"2026-01-21T22:41:01+00:00\",\"description\":\"Le choix du v\u00e9hicule, Taxi scooter (Suzuki Burgman 650cc) ou Taxi moto (Honda Goldwing 1800cc) - Urban Driver.\",\"breadcrumb\":{\"@id\":\"https:\\\/\\\/www.urban-driver.com\\\/en\\\/avantages_vehicules.php#breadcrumb\"},\"inLanguage\":\"en-US\",\"potentialAction\":[{\"@type\":\"ReadAction\",\"target\":[\"https:\\\/\\\/www.urban-driver.com\\\/en\\\/avantages_vehicules.php\"]}]},{\"@type\":\"BreadcrumbList\",\"@id\":\"https:\\\/\\\/www.urban-driver.com\\\/en\\\/avantages_vehicules.php#breadcrumb\",\"itemListElement\":[{\"@type\":\"ListItem\",\"position\":1,\"name\":\"Urban Driver\",\"item\":\"https:\\\/\\\/www.urban-driver.com\\\/en\\\/\"},{\"@type\":\"ListItem\",\"position\":2,\"name\":\"Scooter ou moto, deux mod\u00e8les de v\u00e9hicules selon vos besoins\"}]},{\"@type\":\"WebSite\",\"@id\":\"https:\\\/\\\/www.urban-driver.com\\\/en\\\/#website\",\"url\":\"https:\\\/\\\/www.urban-driver.com\\\/en\\\/\",\"name\":\"Taxi moto | Urban Driver\",\"description\":\"\",\"publisher\":{\"@id\":\"https:\\\/\\\/www.urban-driver.com\\\/en\\\/#organization\"},\"potentialAction\":[{\"@type\":\"SearchAction\",\"target\":{\"@type\":\"EntryPoint\",\"urlTemplate\":\"https:\\\/\\\/www.urban-driver.com\\\/en\\\/?s={search_term_string}\"},\"query-input\":{\"@type\":\"PropertyValueSpecification\",\"valueRequired\":true,\"valueName\":\"search_term_string\"}}],\"inLanguage\":\"en-US\"},{\"@type\":\"Organization\",\"@id\":\"https:\\\/\\\/www.urban-driver.com\\\/en\\\/#organization\",\"name\":\"URBAN DRIVER\",\"alternateName\":\"Urban\",\"url\":\"https:\\\/\\\/www.urban-driver.com\\\/en\\\/\",\"logo\":{\"@type\":\"ImageObject\",\"inLanguage\":\"en-US\",\"@id\":\"https:\\\/\\\/www.urban-driver.com\\\/en\\\/#\\\/schema\\\/logo\\\/image\\\/\",\"url\":\"https:\\\/\\\/www.urban-driver.com\\\/wp-content\\\/uploads\\\/2016\\\/12\\\/urban_driver.png\",\"contentUrl\":\"https:\\\/\\\/www.urban-driver.com\\\/wp-content\\\/uploads\\\/2016\\\/12\\\/urban_driver.png\",\"width\":300,\"height\":39,\"caption\":\"URBAN DRIVER\"},\"image\":{\"@id\":\"https:\\\/\\\/www.urban-driver.com\\\/en\\\/#\\\/schema\\\/logo\\\/image\\\/\"}}]}<\/script>\n<!-- \/ Yoast SEO plugin. -->","yoast_head_json":{"title":"Taxi scooter ou moto, vous avez le choix avec Urban Driver!","description":"Le choix du v\u00e9hicule, Taxi scooter (Suzuki Burgman 650cc) ou Taxi moto (Honda Goldwing 1800cc) - Urban Driver.","robots":{"index":"index","follow":"follow","max-snippet":"max-snippet:-1","max-image-preview":"max-image-preview:large","max-video-preview":"max-video-preview:-1"},"canonical":"https:\/\/www.urban-driver.com\/en\/avantages_vehicules.php","og_locale":"en_US","og_type":"article","og_title":"Taxi scooter ou moto, vous avez le choix avec Urban Driver!","og_description":"Le choix du v\u00e9hicule, Taxi scooter (Suzuki Burgman 650cc) ou Taxi moto (Honda Goldwing 1800cc) - Urban Driver.","og_url":"https:\/\/www.urban-driver.com\/en\/avantages_vehicules.php","og_site_name":"Taxi moto | Urban Driver","article_modified_time":"2026-01-21T22:41:01+00:00","twitter_card":"summary_large_image","twitter_misc":{"Est. reading time":"3 minutes"},"schema":{"@context":"https:\/\/schema.org","@graph":[{"@type":"WebPage","@id":"https:\/\/www.urban-driver.com\/en\/avantages_vehicules.php","url":"https:\/\/www.urban-driver.com\/en\/avantages_vehicules.php","name":"Taxi scooter ou moto, vous avez le choix avec Urban Driver!","isPartOf":{"@id":"https:\/\/www.urban-driver.com\/en\/#website"},"datePublished":"2017-05-01T05:50:10+00:00","dateModified":"2026-01-21T22:41:01+00:00","description":"Le choix du v\u00e9hicule, Taxi scooter (Suzuki Burgman 650cc) ou Taxi moto (Honda Goldwing 1800cc) - Urban Driver.","breadcrumb":{"@id":"https:\/\/www.urban-driver.com\/en\/avantages_vehicules.php#breadcrumb"},"inLanguage":"en-US","potentialAction":[{"@type":"ReadAction","target":["https:\/\/www.urban-driver.com\/en\/avantages_vehicules.php"]}]},{"@type":"BreadcrumbList","@id":"https:\/\/www.urban-driver.com\/en\/avantages_vehicules.php#breadcrumb","itemListElement":[{"@type":"ListItem","position":1,"name":"Urban Driver","item":"https:\/\/www.urban-driver.com\/en\/"},{"@type":"ListItem","position":2,"name":"Scooter ou moto, deux mod\u00e8les de v\u00e9hicules selon vos besoins"}]},{"@type":"WebSite","@id":"https:\/\/www.urban-driver.com\/en\/#website","url":"https:\/\/www.urban-driver.com\/en\/","name":"Taxi moto | Urban Driver","description":"","publisher":{"@id":"https:\/\/www.urban-driver.com\/en\/#organization"},"potentialAction":[{"@type":"SearchAction","target":{"@type":"EntryPoint","urlTemplate":"https:\/\/www.urban-driver.com\/en\/?s={search_term_string}"},"query-input":{"@type":"PropertyValueSpecification","valueRequired":true,"valueName":"search_term_string"}}],"inLanguage":"en-US"},{"@type":"Organization","@id":"https:\/\/www.urban-driver.com\/en\/#organization","name":"URBAN DRIVER","alternateName":"Urban","url":"https:\/\/www.urban-driver.com\/en\/","logo":{"@type":"ImageObject","inLanguage":"en-US","@id":"https:\/\/www.urban-driver.com\/en\/#\/schema\/logo\/image\/","url":"https:\/\/www.urban-driver.com\/wp-content\/uploads\/2016\/12\/urban_driver.png","contentUrl":"https:\/\/www.urban-driver.com\/wp-content\/uploads\/2016\/12\/urban_driver.png","width":300,"height":39,"caption":"URBAN DRIVER"},"image":{"@id":"https:\/\/www.urban-driver.com\/en\/#\/schema\/logo\/image\/"}}]}},"_links":{"self":[{"href":"https:\/\/www.urban-driver.com\/en\/wp-json\/wp\/v2\/pages\/1296","targetHints":{"allow":["GET"]}}],"collection":[{"href":"https:\/\/www.urban-driver.com\/en\/wp-json\/wp\/v2\/pages"}],"about":[{"href":"https:\/\/www.urban-driver.com\/en\/wp-json\/wp\/v2\/types\/page"}],"author":[{"embeddable":true,"href":"https:\/\/www.urban-driver.com\/en\/wp-json\/wp\/v2\/users\/1"}],"replies":[{"embeddable":true,"href":"https:\/\/www.urban-driver.com\/en\/wp-json\/wp\/v2\/comments?post=1296"}],"version-history":[{"count":0,"href":"https:\/\/www.urban-driver.com\/en\/wp-json\/wp\/v2\/pages\/1296\/revisions"}],"wp:attachment":[{"href":"https:\/\/www.urban-driver.com\/en\/wp-json\/wp\/v2\/media?parent=1296"}],"curies":[{"name":"wp","href":"https:\/\/api.w.org\/{rel}","templated":true}]}}