{"id":1289,"date":"2017-05-01T07:43:39","date_gmt":"2017-05-01T05:43:39","guid":{"rendered":"http:\/\/48h.fr\/?page_id=1289"},"modified":"2024-06-09T17:15:33","modified_gmt":"2024-06-09T15:15:33","slug":"gamme_vehicules","status":"publish","type":"page","link":"https:\/\/www.urban-driver.com\/en\/gamme_vehicules.php","title":{"rendered":"Gamme de v\u00e9hicules"},"content":{"rendered":"<div class=\"wpb-content-wrapper\"><p>[vc_row][vc_column][vc_column_text]Urban Driver vous propose une large gamme de v\u00e9hicule pour r\u00e9pondre \u00e0 l&#8217;ensemble de vos besoins de <a href=\"https:\/\/www.urban-driver.com\/chauffeur-prive.php\">transport en VTC<\/a> (V\u00e9hicule de Transport avec Chauffeur) ou moto taxi. Un transfert au meilleur rapport qualit\u00e9 prix avec la gamme Eco. Besoin d&#8217;une Berline haut de gamme pour vous ou un client, optez pour la classe Affaire. Vous \u00eates plus de 4 personnes pour un transfert vers une gare ou un a\u00e9roport parisien, le service Van r\u00e9pondra \u00e0 vos attentes. Besoin d&#8217;un transfert avec un temps de trajet garanti, faites le choix du taxi moto.<\/p>\n<div class=\"vc_empty_space\" style=\"height: 1.5em;\"><\/div>\n<div class=\"vc_empty_space hide_on_mobile\" style=\"height: 2em;\"><\/div>\n<h2 style=\"margin-top: -30px !important;\">VTC &#8211; Classe Eco<\/h2>\n<p><img decoding=\"async\" class=\"alignleft\" title=\"Transferts vtc en classe Eco\" src=\"https:\/\/www.urban-driver.com\/images\/photos\/peugeot_508.jpg\" alt=\"Gamme Eco type Peugeot 508\" \/>La classe Eco est compos\u00e9e de v\u00e9hicule Berline milieu de gamme du type Peugeot 508, Toyota Prius ou \u00e9quivalent avec service premium \u00e0 bord.<\/p>\n<p>Nombre de passager : 1 \u00e0 3 personnes<br \/>\nBagages : 3<br \/>\nA partir de 15\u20ac<\/p>\n<hr \/>\n<h2>VTC &#8211; Classe Affaires<\/h2>\n<p><img decoding=\"async\" class=\"alignleft\" title=\"Transferts vtc en classe Affaires\" src=\"https:\/\/www.urban-driver.com\/images\/photos\/mercedes_classe.jpg\" alt=\"Classe Affaires type Mercedes Calss E\" \/>La classe Affaire est compos\u00e9e de v\u00e9hicule Berline haut de gamme du type Mercedes Classe E, Audi A6 ou \u00e9quivalent avec service premium \u00e0 bord.<\/p>\n<p>Nombre de passager : 1 \u00e0 3 personnes<br \/>\nBagages : 3<br \/>\nA partir de 45\u20ac<\/p>\n<hr \/>\n<h2>VTC &#8211; Van &amp; shuttle<\/h2>\n<p><img decoding=\"async\" class=\"alignleft\" title=\"Transfert VTC en van\" src=\"https:\/\/www.urban-driver.com\/images\/photos\/mercedes_classv.jpg\" alt=\"Mercedes Class V\" \/>Les vans peuvent accueillir selon les mod\u00e8les et la configuration de l&#8217;espace int\u00e9rieur de 5 \u00e0 7 personnes, id\u00e9al si vous voyagez en groupe.<\/p>\n<p>Nombre de passager : 1 \u00e0 6 personnes<br \/>\nBagages : 7<br \/>\nA partir de 45\u20ac<\/p>\n<hr \/>\n<h2>Taxi moto<\/h2>\n<p><img decoding=\"async\" class=\"alignleft\" title=\"Transfert en moto taxi\" src=\"https:\/\/www.urban-driver.com\/images\/photos\/honda_goldwing.jpg\" alt=\"Honda Goldwing\" \/>R\u00e9serv\u00e9 au transfert d&#8217;une seule personne, c&#8217;est le mode de transport le plus rapide dans la capitale.<\/p>\n<p>Nombre de passager: 1 personne<br \/>\nBagage cabine : 1<br \/>\nDeux cat\u00e9gorie de 2 roues: Maxi scooter ou moto<br \/>\nA partir de 43\u20ac<\/p>\n<p>&nbsp;<\/p>\n<p>&nbsp;<\/p>\n<div class=\"sc_item_button sc_button_wrap\"><a id=\"sc_button_1299614043\" class=\"sc_button sc_button_default sc_button_size_normal sc_button_icon_left\" href=\"https:\/\/booking.urban-driver.com\/Commander\"><span class=\"sc_button_text\"><span class=\"sc_button_title\">R\u00e9servez maintenant<\/span><\/span><!-- \/.sc_button_text --><\/a><!-- \/.sc_button --><\/div>\n<p><!-- \/.sc_item_button -->[\/vc_column_text][\/vc_column][\/vc_row]<\/p>\n<\/div>","protected":false},"excerpt":{"rendered":"<p>[vc_row][vc_column][vc_column_text]Urban Driver vous propose une large gamme de v\u00e9hicule pour r\u00e9pondre \u00e0 l&#8217;ensemble de vos besoins de transport en VTC (V\u00e9hicule de Transport avec Chauffeur) ou moto taxi. Un transfert au meilleur rapport qualit\u00e9 prix avec la gamme Eco. Besoin d&#8217;une Berline haut de gamme&hellip;<\/p>\n","protected":false},"author":1,"featured_media":0,"parent":0,"menu_order":0,"comment_status":"closed","ping_status":"closed","template":"","meta":{"footnotes":""},"class_list":["post-1289","page","type-page","status-publish","hentry"],"yoast_head":"<!-- This site is optimized with the Yoast SEO plugin v27.6 - https:\/\/yoast.com\/product\/yoast-seo-wordpress\/ -->\n<title>D\u00e9couvrez toute la gamme de v\u00e9hicules Urban Driver<\/title>\n<meta name=\"description\" content=\"Calsse Eco (Peugeot 508, Toyta Prius) - Classe Affaire (Mercedes Class E, Audi A6) - Van (Mercedes Viano) - Moto (Honda Goldwing), nous avons forc\u00e9ment le v\u00e9hicule qui r\u00e9pond \u00e0 vos besoins\" \/>\n<meta name=\"robots\" content=\"index, follow, max-snippet:-1, max-image-preview:large, max-video-preview:-1\" \/>\n<link rel=\"canonical\" href=\"https:\/\/www.urban-driver.com\/en\/gamme_vehicules.php\" \/>\n<meta property=\"og:locale\" content=\"en_US\" \/>\n<meta property=\"og:type\" content=\"article\" \/>\n<meta property=\"og:title\" content=\"D\u00e9couvrez toute la gamme de v\u00e9hicules Urban Driver\" \/>\n<meta property=\"og:description\" content=\"Calsse Eco (Peugeot 508, Toyta Prius) - Classe Affaire (Mercedes Class E, Audi A6) - Van (Mercedes Viano) - Moto (Honda Goldwing), nous avons forc\u00e9ment le v\u00e9hicule qui r\u00e9pond \u00e0 vos besoins\" \/>\n<meta property=\"og:url\" content=\"https:\/\/www.urban-driver.com\/en\/gamme_vehicules.php\" \/>\n<meta property=\"og:site_name\" content=\"Taxi moto | Urban Driver\" \/>\n<meta property=\"article:modified_time\" content=\"2024-06-09T15:15:33+00:00\" \/>\n<meta property=\"og:image\" content=\"https:\/\/www.urban-driver.com\/images\/photos\/peugeot_508.jpg\" \/>\n<meta name=\"twitter:card\" content=\"summary_large_image\" \/>\n<meta name=\"twitter:label1\" content=\"Est. reading time\" \/>\n\t<meta name=\"twitter:data1\" content=\"3 minutes\" \/>\n<script type=\"application\/ld+json\" class=\"yoast-schema-graph\">{\"@context\":\"https:\\\/\\\/schema.org\",\"@graph\":[{\"@type\":\"WebPage\",\"@id\":\"https:\\\/\\\/www.urban-driver.com\\\/en\\\/gamme_vehicules.php\",\"url\":\"https:\\\/\\\/www.urban-driver.com\\\/en\\\/gamme_vehicules.php\",\"name\":\"D\u00e9couvrez toute la gamme de v\u00e9hicules Urban Driver\",\"isPartOf\":{\"@id\":\"https:\\\/\\\/www.urban-driver.com\\\/en\\\/#website\"},\"primaryImageOfPage\":{\"@id\":\"https:\\\/\\\/www.urban-driver.com\\\/en\\\/gamme_vehicules.php#primaryimage\"},\"image\":{\"@id\":\"https:\\\/\\\/www.urban-driver.com\\\/en\\\/gamme_vehicules.php#primaryimage\"},\"thumbnailUrl\":\"https:\\\/\\\/www.urban-driver.com\\\/images\\\/photos\\\/peugeot_508.jpg\",\"datePublished\":\"2017-05-01T05:43:39+00:00\",\"dateModified\":\"2024-06-09T15:15:33+00:00\",\"description\":\"Calsse Eco (Peugeot 508, Toyta Prius) - Classe Affaire (Mercedes Class E, Audi A6) - Van (Mercedes Viano) - Moto (Honda Goldwing), nous avons forc\u00e9ment le v\u00e9hicule qui r\u00e9pond \u00e0 vos besoins\",\"breadcrumb\":{\"@id\":\"https:\\\/\\\/www.urban-driver.com\\\/en\\\/gamme_vehicules.php#breadcrumb\"},\"inLanguage\":\"en-US\",\"potentialAction\":[{\"@type\":\"ReadAction\",\"target\":[\"https:\\\/\\\/www.urban-driver.com\\\/en\\\/gamme_vehicules.php\"]}]},{\"@type\":\"ImageObject\",\"inLanguage\":\"en-US\",\"@id\":\"https:\\\/\\\/www.urban-driver.com\\\/en\\\/gamme_vehicules.php#primaryimage\",\"url\":\"https:\\\/\\\/www.urban-driver.com\\\/images\\\/photos\\\/peugeot_508.jpg\",\"contentUrl\":\"https:\\\/\\\/www.urban-driver.com\\\/images\\\/photos\\\/peugeot_508.jpg\"},{\"@type\":\"BreadcrumbList\",\"@id\":\"https:\\\/\\\/www.urban-driver.com\\\/en\\\/gamme_vehicules.php#breadcrumb\",\"itemListElement\":[{\"@type\":\"ListItem\",\"position\":1,\"name\":\"Urban Driver\",\"item\":\"https:\\\/\\\/www.urban-driver.com\\\/en\\\/\"},{\"@type\":\"ListItem\",\"position\":2,\"name\":\"Gamme de v\u00e9hicules\"}]},{\"@type\":\"WebSite\",\"@id\":\"https:\\\/\\\/www.urban-driver.com\\\/en\\\/#website\",\"url\":\"https:\\\/\\\/www.urban-driver.com\\\/en\\\/\",\"name\":\"Taxi moto | Urban Driver\",\"description\":\"\",\"publisher\":{\"@id\":\"https:\\\/\\\/www.urban-driver.com\\\/en\\\/#organization\"},\"potentialAction\":[{\"@type\":\"SearchAction\",\"target\":{\"@type\":\"EntryPoint\",\"urlTemplate\":\"https:\\\/\\\/www.urban-driver.com\\\/en\\\/?s={search_term_string}\"},\"query-input\":{\"@type\":\"PropertyValueSpecification\",\"valueRequired\":true,\"valueName\":\"search_term_string\"}}],\"inLanguage\":\"en-US\"},{\"@type\":\"Organization\",\"@id\":\"https:\\\/\\\/www.urban-driver.com\\\/en\\\/#organization\",\"name\":\"URBAN DRIVER\",\"alternateName\":\"Urban\",\"url\":\"https:\\\/\\\/www.urban-driver.com\\\/en\\\/\",\"logo\":{\"@type\":\"ImageObject\",\"inLanguage\":\"en-US\",\"@id\":\"https:\\\/\\\/www.urban-driver.com\\\/en\\\/#\\\/schema\\\/logo\\\/image\\\/\",\"url\":\"https:\\\/\\\/www.urban-driver.com\\\/wp-content\\\/uploads\\\/2016\\\/12\\\/urban_driver.png\",\"contentUrl\":\"https:\\\/\\\/www.urban-driver.com\\\/wp-content\\\/uploads\\\/2016\\\/12\\\/urban_driver.png\",\"width\":300,\"height\":39,\"caption\":\"URBAN DRIVER\"},\"image\":{\"@id\":\"https:\\\/\\\/www.urban-driver.com\\\/en\\\/#\\\/schema\\\/logo\\\/image\\\/\"}}]}<\/script>\n<!-- \/ Yoast SEO plugin. -->","yoast_head_json":{"title":"D\u00e9couvrez toute la gamme de v\u00e9hicules Urban Driver","description":"Calsse Eco (Peugeot 508, Toyta Prius) - Classe Affaire (Mercedes Class E, Audi A6) - Van (Mercedes Viano) - Moto (Honda Goldwing), nous avons forc\u00e9ment le v\u00e9hicule qui r\u00e9pond \u00e0 vos besoins","robots":{"index":"index","follow":"follow","max-snippet":"max-snippet:-1","max-image-preview":"max-image-preview:large","max-video-preview":"max-video-preview:-1"},"canonical":"https:\/\/www.urban-driver.com\/en\/gamme_vehicules.php","og_locale":"en_US","og_type":"article","og_title":"D\u00e9couvrez toute la gamme de v\u00e9hicules Urban Driver","og_description":"Calsse Eco (Peugeot 508, Toyta Prius) - Classe Affaire (Mercedes Class E, Audi A6) - Van (Mercedes Viano) - Moto (Honda Goldwing), nous avons forc\u00e9ment le v\u00e9hicule qui r\u00e9pond \u00e0 vos besoins","og_url":"https:\/\/www.urban-driver.com\/en\/gamme_vehicules.php","og_site_name":"Taxi moto | Urban Driver","article_modified_time":"2024-06-09T15:15:33+00:00","og_image":[{"url":"https:\/\/www.urban-driver.com\/images\/photos\/peugeot_508.jpg","type":"","width":"","height":""}],"twitter_card":"summary_large_image","twitter_misc":{"Est. reading time":"3 minutes"},"schema":{"@context":"https:\/\/schema.org","@graph":[{"@type":"WebPage","@id":"https:\/\/www.urban-driver.com\/en\/gamme_vehicules.php","url":"https:\/\/www.urban-driver.com\/en\/gamme_vehicules.php","name":"D\u00e9couvrez toute la gamme de v\u00e9hicules Urban Driver","isPartOf":{"@id":"https:\/\/www.urban-driver.com\/en\/#website"},"primaryImageOfPage":{"@id":"https:\/\/www.urban-driver.com\/en\/gamme_vehicules.php#primaryimage"},"image":{"@id":"https:\/\/www.urban-driver.com\/en\/gamme_vehicules.php#primaryimage"},"thumbnailUrl":"https:\/\/www.urban-driver.com\/images\/photos\/peugeot_508.jpg","datePublished":"2017-05-01T05:43:39+00:00","dateModified":"2024-06-09T15:15:33+00:00","description":"Calsse Eco (Peugeot 508, Toyta Prius) - Classe Affaire (Mercedes Class E, Audi A6) - Van (Mercedes Viano) - Moto (Honda Goldwing), nous avons forc\u00e9ment le v\u00e9hicule qui r\u00e9pond \u00e0 vos besoins","breadcrumb":{"@id":"https:\/\/www.urban-driver.com\/en\/gamme_vehicules.php#breadcrumb"},"inLanguage":"en-US","potentialAction":[{"@type":"ReadAction","target":["https:\/\/www.urban-driver.com\/en\/gamme_vehicules.php"]}]},{"@type":"ImageObject","inLanguage":"en-US","@id":"https:\/\/www.urban-driver.com\/en\/gamme_vehicules.php#primaryimage","url":"https:\/\/www.urban-driver.com\/images\/photos\/peugeot_508.jpg","contentUrl":"https:\/\/www.urban-driver.com\/images\/photos\/peugeot_508.jpg"},{"@type":"BreadcrumbList","@id":"https:\/\/www.urban-driver.com\/en\/gamme_vehicules.php#breadcrumb","itemListElement":[{"@type":"ListItem","position":1,"name":"Urban Driver","item":"https:\/\/www.urban-driver.com\/en\/"},{"@type":"ListItem","position":2,"name":"Gamme de v\u00e9hicules"}]},{"@type":"WebSite","@id":"https:\/\/www.urban-driver.com\/en\/#website","url":"https:\/\/www.urban-driver.com\/en\/","name":"Taxi moto | Urban Driver","description":"","publisher":{"@id":"https:\/\/www.urban-driver.com\/en\/#organization"},"potentialAction":[{"@type":"SearchAction","target":{"@type":"EntryPoint","urlTemplate":"https:\/\/www.urban-driver.com\/en\/?s={search_term_string}"},"query-input":{"@type":"PropertyValueSpecification","valueRequired":true,"valueName":"search_term_string"}}],"inLanguage":"en-US"},{"@type":"Organization","@id":"https:\/\/www.urban-driver.com\/en\/#organization","name":"URBAN DRIVER","alternateName":"Urban","url":"https:\/\/www.urban-driver.com\/en\/","logo":{"@type":"ImageObject","inLanguage":"en-US","@id":"https:\/\/www.urban-driver.com\/en\/#\/schema\/logo\/image\/","url":"https:\/\/www.urban-driver.com\/wp-content\/uploads\/2016\/12\/urban_driver.png","contentUrl":"https:\/\/www.urban-driver.com\/wp-content\/uploads\/2016\/12\/urban_driver.png","width":300,"height":39,"caption":"URBAN DRIVER"},"image":{"@id":"https:\/\/www.urban-driver.com\/en\/#\/schema\/logo\/image\/"}}]}},"_links":{"self":[{"href":"https:\/\/www.urban-driver.com\/en\/wp-json\/wp\/v2\/pages\/1289","targetHints":{"allow":["GET"]}}],"collection":[{"href":"https:\/\/www.urban-driver.com\/en\/wp-json\/wp\/v2\/pages"}],"about":[{"href":"https:\/\/www.urban-driver.com\/en\/wp-json\/wp\/v2\/types\/page"}],"author":[{"embeddable":true,"href":"https:\/\/www.urban-driver.com\/en\/wp-json\/wp\/v2\/users\/1"}],"replies":[{"embeddable":true,"href":"https:\/\/www.urban-driver.com\/en\/wp-json\/wp\/v2\/comments?post=1289"}],"version-history":[{"count":0,"href":"https:\/\/www.urban-driver.com\/en\/wp-json\/wp\/v2\/pages\/1289\/revisions"}],"wp:attachment":[{"href":"https:\/\/www.urban-driver.com\/en\/wp-json\/wp\/v2\/media?parent=1289"}],"curies":[{"name":"wp","href":"https:\/\/api.w.org\/{rel}","templated":true}]}}