{"id":1272,"date":"2017-05-01T07:24:58","date_gmt":"2017-05-01T05:24:58","guid":{"rendered":"http:\/\/48h.fr\/?page_id=1272"},"modified":"2026-01-14T23:05:52","modified_gmt":"2026-01-14T22:05:52","slug":"plandusite","status":"publish","type":"page","link":"https:\/\/www.urban-driver.com\/en\/plandusite.php","title":{"rendered":"Plan du site"},"content":{"rendered":"<div class=\"wpb-content-wrapper\"><p>[vc_row][vc_column][vc_column_text css=&#8221;&#8221;]<\/p>\n<h2 style=\"text-align: center;\"><em><strong>Rep\u00e9rez-vous facilement sur le site Internet<br \/>\nwww.urban-driver.com :<\/strong><\/em><\/h2>\n<hr>\n<p>&nbsp;<\/p>\n<p><strong><a href=\"https:\/\/www.urban-driver.com\/\">Urban Driver<\/a><\/strong><\/p>\n<ul>\n<li><a href=\"https:\/\/www.urban-driver.com\/en\/pourquoi_choisir_urbandriver.php\">Pourquoi choisir Urban Driver?<\/a><\/li>\n<li><a href=\"https:\/\/www.urban-driver.com\/en\/how-it-works\/\">Comment \u00e7a marche?<\/a><\/li>\n<li><a href=\"https:\/\/www.urban-driver.com\/en\/quisommesnous.php\">Qui sommes nous?<\/a><\/li>\n<li><a href=\"https:\/\/www.urban-driver.com\/en\/temoignages.php\">T\u00e9moignages clients, plus de 1.000 avis v\u00e9rifi\u00e9s<\/a><\/li>\n<li><a href=\"https:\/\/booking.urban-driver.com\/Commander\">Devis &amp; R\u00e9servation en ligne<\/a><\/li>\n<li><a href=\"https:\/\/booking.urban-driver.com\/Inscription\">Inscription en ligne<\/a><\/li>\n<li><a href=\"https:\/\/www.urban-driver.com\/en\/business-travel-management-for-companies\/\">Nos offres entreprises<\/a><\/li>\n<li><a href=\"https:\/\/www.urban-driver.com\/en\/devenir-chauffeur.php\">Devenir chauffeur partenaire Urban Driver<\/a><\/li>\n<\/ul>\n<hr>\n<p>&nbsp;<\/p>\n<p><strong><a href=\"https:\/\/www.urban-driver.com\/en\/motorbike-taxi.php\">D\u00e9placement en Moto taxi<\/a><\/strong><\/p>\n<ul>\n<li><a href=\"https:\/\/www.urban-driver.com\/mobile\/infos.php\">Point de rencontre avec votre chauffeur<\/a><\/li>\n<li><a href=\"https:\/\/www.urban-driver.com\/en\/avantages_confort.php\">Equipement et capacit\u00e9 de chargement<\/a><\/li>\n<li><a href=\"https:\/\/www.urban-driver.com\/en\/guide-taxi-moto\/\">Le Guide du Taxi Moto<\/a><\/li>\n<li><a href=\"https:\/\/www.urban-driver.com\/en\/avantages_securite.php\">S\u00e9curit\u00e9<\/a><\/li>\n<li><a href=\"https:\/\/www.urban-driver.com\/en\/avantages_services.php\">Service<\/a><\/li>\n<li><a href=\"https:\/\/www.urban-driver.com\/en\/avantages_ponctualite.php\">Ponctualit\u00e9<\/a><\/li>\n<li><a href=\"https:\/\/www.urban-driver.com\/en\/avantages_vehicules.php\">Quelle moto choisir?<\/a><\/li>\n<li><a href=\"https:\/\/www.urban-driver.com\/en\/prestations_miseadisposition.php\">Mise \u00e0 disposition Moto avec chauffeur<\/a><\/li>\n<\/ul>\n<hr>\n<p>&nbsp;<\/p>\n<p><strong>Zone de couverture du service<\/strong><\/p>\n<ul>\n<li><a href=\"https:\/\/www.urban-driver.com\/en\/airport-transfer-paris.php\">Transfert a\u00e9roports parisiens<\/a><\/li>\n<li><a href=\"https:\/\/www.urban-driver.com\/en\/paris-train-stations.php\">Transfert gares parisiennes<\/a><\/li>\n<li><a href=\"https:\/\/www.urban-driver.com\/en\/taxi-moto-paris\/\">Transfert Paris intra-muros<\/a><\/li>\n<li><a href=\"https:\/\/www.urban-driver.com\/en\/ile_de_france\/\">Transfert en Ile-de-France<\/a><\/li>\n<\/ul>\n<hr>\n<p>&nbsp;<\/p>\n<p><strong><a href=\"https:\/\/www.urban-driver.com\/en\/private-chauffeur\/\">D\u00e9placement en VTC Chauffeur Priv\u00e9<\/a><\/strong><\/p>\n<ul>\n<li><a href=\"https:\/\/www.urban-driver.com\/en\/tarifs_vtc.php\">Tarifs vtc<\/a><\/li>\n<li><a href=\"https:\/\/www.urban-driver.com\/en\/gamme_vehicules.php\">Gamme de v\u00e9hicule<\/a><\/li>\n<li><a href=\"https:\/\/www.urban-driver.com\/en\/differences_taxi_vtc.php\">Diff\u00e9rence entre taxi et vtc?<\/a><\/li>\n<\/ul>\n<hr>\n<p><a href=\"https:\/\/www.urban-driver.com\/blog\/\">Blog Urban Driver<\/a>[\/vc_column_text][\/vc_column][\/vc_row]<\/p>\n<\/div>","protected":false},"excerpt":{"rendered":"<p>[vc_row][vc_column][vc_column_text css=&#8221;&#8221;] Rep\u00e9rez-vous facilement sur le site Internet www.urban-driver.com : &nbsp; Urban Driver Pourquoi choisir Urban Driver? Comment \u00e7a marche? Qui sommes nous? T\u00e9moignages clients, plus de 1.000 avis v\u00e9rifi\u00e9s Devis &amp; R\u00e9servation en ligne Inscription en ligne Nos offres entreprises Devenir chauffeur partenaire Urban&hellip;<\/p>\n","protected":false},"author":1,"featured_media":0,"parent":0,"menu_order":0,"comment_status":"closed","ping_status":"closed","template":"","meta":{"footnotes":""},"class_list":["post-1272","page","type-page","status-publish","hentry"],"yoast_head":"<!-- This site is optimized with the Yoast SEO plugin v27.6 - https:\/\/yoast.com\/product\/yoast-seo-wordpress\/ -->\n<title>Plan du site www.urban-driver.com<\/title>\n<meta name=\"description\" content=\"Retrouver toutes les rubriques de notre site Internet www.urban-driver.com et surfez facilement vers l&#039;information qui vous int\u00e9r\u00e8sse.\" \/>\n<meta name=\"robots\" content=\"index, follow, max-snippet:-1, max-image-preview:large, max-video-preview:-1\" \/>\n<link rel=\"canonical\" href=\"https:\/\/www.urban-driver.com\/en\/plandusite.php\" \/>\n<meta property=\"og:locale\" content=\"en_US\" \/>\n<meta property=\"og:type\" content=\"article\" \/>\n<meta property=\"og:title\" content=\"Plan du site www.urban-driver.com\" \/>\n<meta property=\"og:description\" content=\"Retrouver toutes les rubriques de notre site Internet www.urban-driver.com et surfez facilement vers l&#039;information qui vous int\u00e9r\u00e8sse.\" \/>\n<meta property=\"og:url\" content=\"https:\/\/www.urban-driver.com\/en\/plandusite.php\" \/>\n<meta property=\"og:site_name\" content=\"Taxi moto | Urban Driver\" \/>\n<meta property=\"article:modified_time\" content=\"2026-01-14T22:05:52+00:00\" \/>\n<meta name=\"twitter:card\" content=\"summary_large_image\" \/>\n<meta name=\"twitter:label1\" content=\"Est. reading time\" \/>\n\t<meta name=\"twitter:data1\" content=\"1 minute\" \/>\n<script type=\"application\/ld+json\" class=\"yoast-schema-graph\">{\"@context\":\"https:\\\/\\\/schema.org\",\"@graph\":[{\"@type\":\"WebPage\",\"@id\":\"https:\\\/\\\/www.urban-driver.com\\\/en\\\/plandusite.php\",\"url\":\"https:\\\/\\\/www.urban-driver.com\\\/en\\\/plandusite.php\",\"name\":\"Plan du site www.urban-driver.com\",\"isPartOf\":{\"@id\":\"https:\\\/\\\/www.urban-driver.com\\\/en\\\/#website\"},\"datePublished\":\"2017-05-01T05:24:58+00:00\",\"dateModified\":\"2026-01-14T22:05:52+00:00\",\"description\":\"Retrouver toutes les rubriques de notre site Internet www.urban-driver.com et surfez facilement vers l'information qui vous int\u00e9r\u00e8sse.\",\"breadcrumb\":{\"@id\":\"https:\\\/\\\/www.urban-driver.com\\\/en\\\/plandusite.php#breadcrumb\"},\"inLanguage\":\"en-US\",\"potentialAction\":[{\"@type\":\"ReadAction\",\"target\":[\"https:\\\/\\\/www.urban-driver.com\\\/en\\\/plandusite.php\"]}]},{\"@type\":\"BreadcrumbList\",\"@id\":\"https:\\\/\\\/www.urban-driver.com\\\/en\\\/plandusite.php#breadcrumb\",\"itemListElement\":[{\"@type\":\"ListItem\",\"position\":1,\"name\":\"Urban Driver\",\"item\":\"https:\\\/\\\/www.urban-driver.com\\\/en\\\/\"},{\"@type\":\"ListItem\",\"position\":2,\"name\":\"Plan du site\"}]},{\"@type\":\"WebSite\",\"@id\":\"https:\\\/\\\/www.urban-driver.com\\\/en\\\/#website\",\"url\":\"https:\\\/\\\/www.urban-driver.com\\\/en\\\/\",\"name\":\"Taxi moto | Urban Driver\",\"description\":\"\",\"publisher\":{\"@id\":\"https:\\\/\\\/www.urban-driver.com\\\/en\\\/#organization\"},\"potentialAction\":[{\"@type\":\"SearchAction\",\"target\":{\"@type\":\"EntryPoint\",\"urlTemplate\":\"https:\\\/\\\/www.urban-driver.com\\\/en\\\/?s={search_term_string}\"},\"query-input\":{\"@type\":\"PropertyValueSpecification\",\"valueRequired\":true,\"valueName\":\"search_term_string\"}}],\"inLanguage\":\"en-US\"},{\"@type\":\"Organization\",\"@id\":\"https:\\\/\\\/www.urban-driver.com\\\/en\\\/#organization\",\"name\":\"URBAN DRIVER\",\"alternateName\":\"Urban\",\"url\":\"https:\\\/\\\/www.urban-driver.com\\\/en\\\/\",\"logo\":{\"@type\":\"ImageObject\",\"inLanguage\":\"en-US\",\"@id\":\"https:\\\/\\\/www.urban-driver.com\\\/en\\\/#\\\/schema\\\/logo\\\/image\\\/\",\"url\":\"https:\\\/\\\/www.urban-driver.com\\\/wp-content\\\/uploads\\\/2016\\\/12\\\/urban_driver.png\",\"contentUrl\":\"https:\\\/\\\/www.urban-driver.com\\\/wp-content\\\/uploads\\\/2016\\\/12\\\/urban_driver.png\",\"width\":300,\"height\":39,\"caption\":\"URBAN DRIVER\"},\"image\":{\"@id\":\"https:\\\/\\\/www.urban-driver.com\\\/en\\\/#\\\/schema\\\/logo\\\/image\\\/\"}}]}<\/script>\n<!-- \/ Yoast SEO plugin. -->","yoast_head_json":{"title":"Plan du site www.urban-driver.com","description":"Retrouver toutes les rubriques de notre site Internet www.urban-driver.com et surfez facilement vers l'information qui vous int\u00e9r\u00e8sse.","robots":{"index":"index","follow":"follow","max-snippet":"max-snippet:-1","max-image-preview":"max-image-preview:large","max-video-preview":"max-video-preview:-1"},"canonical":"https:\/\/www.urban-driver.com\/en\/plandusite.php","og_locale":"en_US","og_type":"article","og_title":"Plan du site www.urban-driver.com","og_description":"Retrouver toutes les rubriques de notre site Internet www.urban-driver.com et surfez facilement vers l'information qui vous int\u00e9r\u00e8sse.","og_url":"https:\/\/www.urban-driver.com\/en\/plandusite.php","og_site_name":"Taxi moto | Urban Driver","article_modified_time":"2026-01-14T22:05:52+00:00","twitter_card":"summary_large_image","twitter_misc":{"Est. reading time":"1 minute"},"schema":{"@context":"https:\/\/schema.org","@graph":[{"@type":"WebPage","@id":"https:\/\/www.urban-driver.com\/en\/plandusite.php","url":"https:\/\/www.urban-driver.com\/en\/plandusite.php","name":"Plan du site www.urban-driver.com","isPartOf":{"@id":"https:\/\/www.urban-driver.com\/en\/#website"},"datePublished":"2017-05-01T05:24:58+00:00","dateModified":"2026-01-14T22:05:52+00:00","description":"Retrouver toutes les rubriques de notre site Internet www.urban-driver.com et surfez facilement vers l'information qui vous int\u00e9r\u00e8sse.","breadcrumb":{"@id":"https:\/\/www.urban-driver.com\/en\/plandusite.php#breadcrumb"},"inLanguage":"en-US","potentialAction":[{"@type":"ReadAction","target":["https:\/\/www.urban-driver.com\/en\/plandusite.php"]}]},{"@type":"BreadcrumbList","@id":"https:\/\/www.urban-driver.com\/en\/plandusite.php#breadcrumb","itemListElement":[{"@type":"ListItem","position":1,"name":"Urban Driver","item":"https:\/\/www.urban-driver.com\/en\/"},{"@type":"ListItem","position":2,"name":"Plan du site"}]},{"@type":"WebSite","@id":"https:\/\/www.urban-driver.com\/en\/#website","url":"https:\/\/www.urban-driver.com\/en\/","name":"Taxi moto | Urban Driver","description":"","publisher":{"@id":"https:\/\/www.urban-driver.com\/en\/#organization"},"potentialAction":[{"@type":"SearchAction","target":{"@type":"EntryPoint","urlTemplate":"https:\/\/www.urban-driver.com\/en\/?s={search_term_string}"},"query-input":{"@type":"PropertyValueSpecification","valueRequired":true,"valueName":"search_term_string"}}],"inLanguage":"en-US"},{"@type":"Organization","@id":"https:\/\/www.urban-driver.com\/en\/#organization","name":"URBAN DRIVER","alternateName":"Urban","url":"https:\/\/www.urban-driver.com\/en\/","logo":{"@type":"ImageObject","inLanguage":"en-US","@id":"https:\/\/www.urban-driver.com\/en\/#\/schema\/logo\/image\/","url":"https:\/\/www.urban-driver.com\/wp-content\/uploads\/2016\/12\/urban_driver.png","contentUrl":"https:\/\/www.urban-driver.com\/wp-content\/uploads\/2016\/12\/urban_driver.png","width":300,"height":39,"caption":"URBAN DRIVER"},"image":{"@id":"https:\/\/www.urban-driver.com\/en\/#\/schema\/logo\/image\/"}}]}},"_links":{"self":[{"href":"https:\/\/www.urban-driver.com\/en\/wp-json\/wp\/v2\/pages\/1272","targetHints":{"allow":["GET"]}}],"collection":[{"href":"https:\/\/www.urban-driver.com\/en\/wp-json\/wp\/v2\/pages"}],"about":[{"href":"https:\/\/www.urban-driver.com\/en\/wp-json\/wp\/v2\/types\/page"}],"author":[{"embeddable":true,"href":"https:\/\/www.urban-driver.com\/en\/wp-json\/wp\/v2\/users\/1"}],"replies":[{"embeddable":true,"href":"https:\/\/www.urban-driver.com\/en\/wp-json\/wp\/v2\/comments?post=1272"}],"version-history":[{"count":0,"href":"https:\/\/www.urban-driver.com\/en\/wp-json\/wp\/v2\/pages\/1272\/revisions"}],"wp:attachment":[{"href":"https:\/\/www.urban-driver.com\/en\/wp-json\/wp\/v2\/media?parent=1272"}],"curies":[{"name":"wp","href":"https:\/\/api.w.org\/{rel}","templated":true}]}}