{"id":1268,"date":"2017-04-20T17:10:36","date_gmt":"2017-04-20T15:10:36","guid":{"rendered":"http:\/\/48h.fr\/?page_id=1268"},"modified":"2026-02-22T17:34:18","modified_gmt":"2026-02-22T16:34:18","slug":"temoignages","status":"publish","type":"page","link":"https:\/\/www.urban-driver.com\/en\/temoignages.php","title":{"rendered":"Avis clients Urban Driver"},"content":{"rendered":"<div class=\"wpb-content-wrapper\"><p>[vc_row][vc_column]<div id=\"sc_title_921370697\"\n\t\tclass=\"sc_title sc_title_default\"><h6 class=\"sc_item_subtitle sc_title_subtitle sc_align_left sc_item_title_style_default\">+ de 1300 avis authentiques d\u00e9pos\u00e9s<\/h6><h2 class=\"sc_item_title sc_title_title sc_align_left sc_item_title_style_default sc_item_title_tag\">Avis v\u00e9rifi\u00e9s<\/h2><\/div><!-- \/.sc_title -->[\/vc_column][\/vc_row][vc_row][vc_column][vc_column_text css=&#8221;&#8221;]Depuis le d\u00e9but de son partenariat avec Avis V\u00e9rifi\u00e9s, plus de 1200 clients ont d\u00e9pos\u00e9s des avis authentiques et v\u00e9rifi\u00e9s.<\/p>\n<p>Rendez-vous sur la page d\u00e9di\u00e9e aux utilisateurs d&#8217;Urban Driver ayant d\u00e9pos\u00e9 un commentaire pour consulter l&#8217;ensemble des <a href=\"https:\/\/www.avis-verifies.com\/avis-clients\/urban-driver.com\" rel=\"nofollow\" target=\"_blank\">avis clients<\/a> au cours des derni\u00e8res ann\u00e9es (<strong>Certification AFNOR pour le traitement des avis en ligne<\/strong>).[\/vc_column_text][vc_row_inner][vc_column_inner][vc_empty_space alter_height=&#8221;medium&#8221; hide_on_mobile=&#8221;&#8221;][vc_raw_html css=&#8221;&#8221;]JTNDZGl2JTIwY2xhc3MlM0QlMjJza2VlcGVyc19jYXJvdXNlbF9jb250YWluZXIlMjIlMjBkYXRhLXNsaWRlcy1jb3VudCUzRCUyMjQlMjIlM0UlM0MlMkZkaXYlM0UlMEElM0NzY3JpcHQlMjBkZWZlciUyMGNoYXJzZXQlM0QlMjJ1dGYtOCUyMiUyMHNyYyUzRCUyMiUyRiUyRndpZGdldHMucnIuc2tlZXBlcnMuaW8lMkZjYXJvdXNlbCUyRmEyNWY4MWEyLWM3ZjctZjc4NC1kOTI0LWQ2Y2Q1ZTUwNGYzMSUyRjk0ZjVhZmY2LWMzM2YtNGQ2Ni1hZThhLTU2OTlhOGJiNTEyZC5qcyUyMiUzRSUzQyUyRnNjcmlwdCUzRQ==[\/vc_raw_html][\/vc_column_inner][\/vc_row_inner][vc_message color=&#8221;warning&#8221; message_box_style=&#8221;outline&#8221; message_box_color=&#8221;warning&#8221; icon_fontawesome=&#8221;&#8221; css=&#8221;.vc_custom_1771777881144{margin-top: 22px !important;margin-bottom: 22px !important;}&#8221; closeable=&#8221;&#8221;]<\/p>\n<h3>L&#8217;authenticit\u00e9 plut\u00f4t que la perfection artificielle<\/h3>\n<p>Sur Google, la mention officielle <strong>&#8220;Les avis ne sont pas v\u00e9rifi\u00e9s&#8221;<\/strong> rappelle que n&#8217;importe qui peut publier une note sans avoir r\u00e9ellement test\u00e9 un service.<\/p>\n<p>Dans le secteur du transport, quiconque travaille sur le terrain sait que les impond\u00e9rables sont nombreux. Assurer une fiabilit\u00e9 \u00e0 100% est un d\u00e9fi quotidien, et c\u2019est pourquoi notre note de <strong>4,8\/5<\/strong> est, selon nous, bien plus repr\u00e9sentative de la r\u00e9alit\u00e9 qu\u2019un score parfait.<\/p>\n<p><strong>Pourquoi nous faire confiance ?<\/strong><\/p>\n<ul>\n<li><strong>La force du nombre :<\/strong> Maintenir une telle note sur plus de 1 300 avis v\u00e9rifi\u00e9s demande une exigence constante sur chaque trajet, ce qui est bien plus difficile que d&#8217;obtenir un score parfait sur un petit nombre de votes.<\/li>\n<li><strong>La preuve par la dur\u00e9e :<\/strong> Se m\u00e9fier des entreprises affichant un 5\/5 avec plus de 100 avis publi\u00e9s en 2 semaines&#8230; L&#8217;authenticit\u00e9 ne s&#8217;ach\u00e8te pas, elle se construit jour apr\u00e8s jour, trajet apr\u00e8s trajet.<\/li>\n<\/ul>\n<p>Nous pr\u00e9f\u00e9rons la transparence d&#8217;un service r\u00e9el et \u00e9prouv\u00e9 \u00e0 la &#8220;perfection&#8221; de statistiques gonfl\u00e9es artificiellement.[\/vc_message][\/vc_column][\/vc_row][vc_row css=&#8221;.vc_custom_1769268847206{margin-top: 44px !important;}&#8221;][vc_column]<div id=\"sc_title_1387795504\"\n\t\tclass=\"sc_title sc_title_default\"><h6 class=\"sc_item_subtitle sc_title_subtitle sc_align_left sc_item_title_style_default\">Avis Google<\/h6><h2 class=\"sc_item_title sc_title_title sc_align_left sc_item_title_style_default sc_item_title_tag\">Google Business Profile<\/h2><\/div><!-- \/.sc_title -->[vc_row_inner][vc_column_inner width=&#8221;1\/3&#8243;][vc_empty_space alter_height=&#8221;medium&#8221; hide_on_mobile=&#8221;&#8221;][vc_raw_html css=&#8221;&#8221;]JTNDZGl2JTIwc3R5bGUlM0QlMjJ0ZXh0LWFsaWduJTNBJTIwY2VudGVyJTNCJTIwd2lkdGglM0ElMjAxMDAlMjUlM0IlMjBtYXJnaW4lM0ElMjAxMHB4JTIwMCUzQiUyMiUzRSUwQSUyMCUyMCUzQ2ElMjBocmVmJTNEJTIyaHR0cHMlM0ElMkYlMkZzZWFyY2guZ29vZ2xlLmNvbSUyRmxvY2FsJTJGcmV2aWV3cyUzRnBsYWNlaWQlM0RDaElKZjRqb3hlbDY1a2NSbU5TYXl1ZFB1NEUlMjIlMjB0YXJnZXQlM0QlMjJfYmxhbmslMjIlMjByZWwlM0QlMjJub29wZW5lciUyMiUyMHN0eWxlJTNEJTIydGV4dC1kZWNvcmF0aW9uJTNBbm9uZSUzQiUyMGRpc3BsYXklM0FpbmxpbmUtYmxvY2slM0IlMjIlM0UlMEElMjAlMjAlMjAlMjAlM0NkaXYlMjBzdHlsZSUzRCUyMmJhY2tncm91bmQlM0ElMjNmZmZmZmYlM0IlMjBib3JkZXItcmFkaXVzJTNBMTJweCUzQiUyMHBhZGRpbmclM0EyMHB4JTNCJTIwYm9yZGVyJTNBMXB4JTIwc29saWQlMjAlMjNlMGUwZTAlM0IlMjBib3gtc2hhZG93JTNBJTIwMCUyMDRweCUyMDEwcHglMjByZ2JhJTI4MCUyQzAlMkMwJTJDMC4wNSUyOSUzQiUyMGZvbnQtZmFtaWx5JTNBQXJpYWwlMkMlMjBzYW5zLXNlcmlmJTNCJTIwdGV4dC1hbGlnbiUzQWNlbnRlciUzQiUyMG1pbi13aWR0aCUzQTIwMHB4JTNCJTIyJTNFJTBBJTIwJTIwJTIwJTIwJTIwJTIwJTNDZGl2JTIwc3R5bGUlM0QlMjJkaXNwbGF5JTNBZmxleCUzQiUyMGFsaWduLWl0ZW1zJTNBY2VudGVyJTNCJTIwanVzdGlmeS1jb250ZW50JTNBY2VudGVyJTNCJTIwbWFyZ2luLWJvdHRvbSUzQTEwcHglM0IlMjIlM0UlMEElMjAlMjAlMjAlMjAlMjAlMjAlMjAlMjAlM0NzcGFuJTIwc3R5bGUlM0QlMjJmb250LXdlaWdodCUzQWJvbGQlM0IlMjBjb2xvciUzQSUyMzQyODVGNCUzQiUyMGZvbnQtc2l6ZSUzQTIwcHglM0IlMjBsZXR0ZXItc3BhY2luZyUzQS0wLjVweCUzQiUyMiUzRUdvb2dsZSUzQyUyRnNwYW4lM0UlMEElMjAlMjAlMjAlMjAlMjAlMjAlMjAlMjAlM0NzcGFuJTIwc3R5bGUlM0QlMjJjb2xvciUzQSUyMzVmNjM2OCUzQiUyMGZvbnQtc2l6ZSUzQTE2cHglM0IlMjBtYXJnaW4tbGVmdCUzQTZweCUzQiUyMiUzRUF2aXMlM0MlMkZzcGFuJTNFJTBBJTIwJTIwJTIwJTIwJTIwJTIwJTNDJTJGZGl2JTNFJTBBJTIwJTIwJTIwJTIwJTIwJTIwJTNDZGl2JTIwc3R5bGUlM0QlMjJjb2xvciUzQSUyM2ZiYmMwNCUzQiUyMGZvbnQtc2l6ZSUzQTIycHglM0IlMjBtYXJnaW4tYm90dG9tJTNBOHB4JTNCJTIwbGluZS1oZWlnaHQlM0ExJTNCJTIyJTNFJUUyJTk4JTg1JUUyJTk4JTg1JUUyJTk4JTg1JUUyJTk4JTg1JUUyJTk4JTg1JTNDJTJGZGl2JTNFJTBBJTIwJTIwJTIwJTIwJTIwJTIwJTNDZGl2JTIwc3R5bGUlM0QlMjJmb250LXNpemUlM0EyNHB4JTNCJTIwZm9udC13ZWlnaHQlM0Fib2xkJTNCJTIwY29sb3IlM0ElMjMyMDIxMjQlM0IlMjBtYXJnaW4tYm90dG9tJTNBNHB4JTNCJTIyJTNFNC45JTIwJTJGJTIwNSUzQyUyRmRpdiUzRSUwQSUyMCUyMCUyMCUyMCUyMCUyMCUzQ2RpdiUyMHN0eWxlJTNEJTIyZm9udC1zaXplJTNBMTNweCUzQiUyMGNvbG9yJTNBJTIzNzA3NTdhJTNCJTIyJTNFQmFzJUMzJUE5JTIwc3VyJTIwODAlMkIlMjBhdmlzJTIwY2xpZW50cyUzQyUyRmRpdiUzRSUwQSUyMCUyMCUyMCUyMCUzQyUyRmRpdiUzRSUwQSUyMCUyMCUzQyUyRmElM0UlMEElM0MlMkZkaXYlM0U=[\/vc_raw_html][\/vc_column_inner][vc_column_inner width=&#8221;2\/3&#8243;][vc_gmaps link=&#8221;#E-8_JTNDaWZyYW1lJTIwc3JjJTNEJTIyaHR0cHMlM0ElMkYlMkZ3d3cuZ29vZ2xlLmNvbSUyRm1hcHMlMkZlbWJlZCUzRnBiJTNEJTIxMW0xOCUyMTFtMTIlMjExbTMlMjExZDI2MjYuMTM5MjA4MzU3NDY0NyUyMTJkMi4yNDM3MzkyMTU2Mzk0ODQlMjEzZDQ4LjgzNjQ4MzMxMDIwMzA2NCUyMTJtMyUyMTFmMCUyMTJmMCUyMTNmMCUyMTNtMiUyMTFpMTAyNCUyMTJpNzY4JTIxNGYxMy4xJTIxM20zJTIxMW0yJTIxMXMweDQ3ZTY3YWU5YzVlODg4N2YlMjUzQTB4ODFiYjRmZTdjYTlhZDQ5OCUyMTJzVXJiYW4lMjUyMERyaXZlciUyNTIwVGF4aSUyNTIwTW90byUyNTIwJTI1MjYlMjUyMENoYXVmZmV1ciUyNTIwcHJpdiUyNUMzJTI1QTklMjE1ZTAlMjEzbTIlMjExc2ZyJTIxMnNmciUyMTR2MTY1MTI0NDM1NDMwNCUyMTVtMiUyMTFzZnIlMjEyc2ZyJTIyJTIwd2lkdGglM0QlMjI2MDAlMjIlMjBoZWlnaHQlM0QlMjI0NTAlMjIlMjBzdHlsZSUzRCUyMmJvcmRlciUzQTAlM0IlMjIlMjBhbGxvd2Z1bGxzY3JlZW4lM0QlMjIlMjIlMjBsb2FkaW5nJTNEJTIybGF6eSUyMiUyMHJlZmVycmVycG9saWN5JTNEJTIybm8tcmVmZXJyZXItd2hlbi1kb3duZ3JhZGUlMjIlM0UlM0MlMkZpZnJhbWUlM0U=&#8221;][\/vc_column_inner][\/vc_row_inner][vc_separator][\/vc_column][\/vc_row][vc_row][vc_column]<div id=\"sc_title_732116961\"\n\t\tclass=\"sc_title sc_title_default\"><h6 class=\"sc_item_subtitle sc_title_subtitle sc_align_left sc_item_title_style_default\">Avis clients<\/h6><h2 class=\"sc_item_title sc_title_title sc_align_left sc_item_title_style_default sc_item_title_tag\">Avis d\u00e9pos\u00e9s sur urban-driver.com<\/h2><\/div><!-- \/.sc_title -->[vc_empty_space alter_height=&#8221;medium&#8221; hide_on_mobile=&#8221;&#8221;][\/vc_column][\/vc_row][vc_row full_width=&#8221;stretch_row&#8221; css=&#8221;.vc_custom_1651251231511{background-image: url(https:\/\/www.urban-driver.com\/wp-content\/uploads\/2017\/01\/illustration2.jpg?id=1062) !important;}&#8221;][vc_column][vc_empty_space alter_height=&#8221;medium&#8221; hide_on_mobile=&#8221;&#8221;][vc_custom_heading text=&#8221;Votre opinion sur Urban Driver Taxi Moto nous int\u00e9resse.&#8221; font_container=&#8221;tag:p|font_size:32|text_align:left|color:%23ffffff&#8221; use_theme_fonts=&#8221;yes&#8221; css=&#8221;&#8221;][vc_custom_heading text=&#8221;Publiez un avis sur notre profil Google. &#x2b50;&#x2b50;&#x2b50;&#x2b50;&#x2b50;&#8221; font_container=&#8221;tag:p|font_size:22|text_align:left|color:%23FFFFFF&#8221; use_theme_fonts=&#8221;yes&#8221; css=&#8221;&#8221;]<div class=\"sc_item_button sc_button_wrap\"><a href=\"https:\/\/g.page\/r\/CZjUmsrnT7uBEB0\/review\" id=\"sc_button_646720277\" class=\"sc_button sc_button_default sc_button_size_normal sc_button_icon_left\"><span class=\"sc_button_text\"><span class=\"sc_button_title\">Cliquez ICI<\/span><\/span><!-- \/.sc_button_text --><\/a><!-- \/.sc_button --><\/div><!-- \/.sc_item_button -->[vc_empty_space alter_height=&#8221;medium&#8221; hide_on_mobile=&#8221;&#8221;][\/vc_column][\/vc_row]<\/p>\n<\/div>","protected":false},"excerpt":{"rendered":"<p>[vc_row][vc_column][\/vc_column][\/vc_row][vc_row][vc_column][vc_column_text css=&#8221;&#8221;]Depuis le d\u00e9but de son partenariat avec Avis V\u00e9rifi\u00e9s, plus de 1200 clients ont d\u00e9pos\u00e9s des avis authentiques et v\u00e9rifi\u00e9s. Rendez-vous sur la page d\u00e9di\u00e9e aux utilisateurs d&#8217;Urban Driver ayant d\u00e9pos\u00e9 un commentaire pour consulter l&#8217;ensemble des avis clients au cours des derni\u00e8res ann\u00e9es&hellip;<\/p>\n","protected":false},"author":1,"featured_media":0,"parent":0,"menu_order":0,"comment_status":"closed","ping_status":"closed","template":"","meta":{"footnotes":""},"class_list":["post-1268","page","type-page","status-publish","hentry"],"yoast_head":"<!-- This site is optimized with the Yoast SEO plugin v27.5 - https:\/\/yoast.com\/product\/yoast-seo-wordpress\/ -->\n<title>T\u00e9moignages de clients Urban Driver<\/title>\n<meta name=\"description\" content=\"T\u00e9moignages de nos clients : Un vrai pari r\u00e9ussi: allier ponctualite, securite, professionnalisme et gentillesse. Bravo!\" \/>\n<meta name=\"robots\" content=\"index, follow, max-snippet:-1, max-image-preview:large, max-video-preview:-1\" \/>\n<link rel=\"canonical\" href=\"https:\/\/www.urban-driver.com\/en\/temoignages.php\" \/>\n<meta property=\"og:locale\" content=\"en_US\" \/>\n<meta property=\"og:type\" content=\"article\" \/>\n<meta property=\"og:title\" content=\"T\u00e9moignages de clients Urban Driver\" \/>\n<meta property=\"og:description\" content=\"T\u00e9moignages de nos clients : Un vrai pari r\u00e9ussi: allier ponctualite, securite, professionnalisme et gentillesse. Bravo!\" \/>\n<meta property=\"og:url\" content=\"https:\/\/www.urban-driver.com\/en\/temoignages.php\" \/>\n<meta property=\"og:site_name\" content=\"Taxi moto | Urban Driver\" \/>\n<meta property=\"article:modified_time\" content=\"2026-02-22T16:34:18+00:00\" \/>\n<meta name=\"twitter:card\" content=\"summary_large_image\" \/>\n<meta name=\"twitter:label1\" content=\"Est. reading time\" \/>\n\t<meta name=\"twitter:data1\" content=\"2 minutes\" \/>\n<script type=\"application\/ld+json\" class=\"yoast-schema-graph\">{\"@context\":\"https:\\\/\\\/schema.org\",\"@graph\":[{\"@type\":\"WebPage\",\"@id\":\"https:\\\/\\\/www.urban-driver.com\\\/en\\\/temoignages.php\",\"url\":\"https:\\\/\\\/www.urban-driver.com\\\/en\\\/temoignages.php\",\"name\":\"T\u00e9moignages de clients Urban Driver\",\"isPartOf\":{\"@id\":\"https:\\\/\\\/www.urban-driver.com\\\/en\\\/#website\"},\"datePublished\":\"2017-04-20T15:10:36+00:00\",\"dateModified\":\"2026-02-22T16:34:18+00:00\",\"description\":\"T\u00e9moignages de nos clients : Un vrai pari r\u00e9ussi: allier ponctualite, securite, professionnalisme et gentillesse. Bravo!\",\"breadcrumb\":{\"@id\":\"https:\\\/\\\/www.urban-driver.com\\\/en\\\/temoignages.php#breadcrumb\"},\"inLanguage\":\"en-US\",\"potentialAction\":[{\"@type\":\"ReadAction\",\"target\":[\"https:\\\/\\\/www.urban-driver.com\\\/en\\\/temoignages.php\"]}]},{\"@type\":\"BreadcrumbList\",\"@id\":\"https:\\\/\\\/www.urban-driver.com\\\/en\\\/temoignages.php#breadcrumb\",\"itemListElement\":[{\"@type\":\"ListItem\",\"position\":1,\"name\":\"Urban Driver\",\"item\":\"https:\\\/\\\/www.urban-driver.com\\\/en\\\/\"},{\"@type\":\"ListItem\",\"position\":2,\"name\":\"Avis clients Urban Driver\"}]},{\"@type\":\"WebSite\",\"@id\":\"https:\\\/\\\/www.urban-driver.com\\\/en\\\/#website\",\"url\":\"https:\\\/\\\/www.urban-driver.com\\\/en\\\/\",\"name\":\"Taxi moto | Urban Driver\",\"description\":\"\",\"publisher\":{\"@id\":\"https:\\\/\\\/www.urban-driver.com\\\/en\\\/#organization\"},\"potentialAction\":[{\"@type\":\"SearchAction\",\"target\":{\"@type\":\"EntryPoint\",\"urlTemplate\":\"https:\\\/\\\/www.urban-driver.com\\\/en\\\/?s={search_term_string}\"},\"query-input\":{\"@type\":\"PropertyValueSpecification\",\"valueRequired\":true,\"valueName\":\"search_term_string\"}}],\"inLanguage\":\"en-US\"},{\"@type\":\"Organization\",\"@id\":\"https:\\\/\\\/www.urban-driver.com\\\/en\\\/#organization\",\"name\":\"URBAN DRIVER\",\"alternateName\":\"Urban\",\"url\":\"https:\\\/\\\/www.urban-driver.com\\\/en\\\/\",\"logo\":{\"@type\":\"ImageObject\",\"inLanguage\":\"en-US\",\"@id\":\"https:\\\/\\\/www.urban-driver.com\\\/en\\\/#\\\/schema\\\/logo\\\/image\\\/\",\"url\":\"https:\\\/\\\/www.urban-driver.com\\\/wp-content\\\/uploads\\\/2016\\\/12\\\/urban_driver.png\",\"contentUrl\":\"https:\\\/\\\/www.urban-driver.com\\\/wp-content\\\/uploads\\\/2016\\\/12\\\/urban_driver.png\",\"width\":300,\"height\":39,\"caption\":\"URBAN DRIVER\"},\"image\":{\"@id\":\"https:\\\/\\\/www.urban-driver.com\\\/en\\\/#\\\/schema\\\/logo\\\/image\\\/\"}}]}<\/script>\n<!-- \/ Yoast SEO plugin. -->","yoast_head_json":{"title":"T\u00e9moignages de clients Urban Driver","description":"T\u00e9moignages de nos clients : Un vrai pari r\u00e9ussi: allier ponctualite, securite, professionnalisme et gentillesse. Bravo!","robots":{"index":"index","follow":"follow","max-snippet":"max-snippet:-1","max-image-preview":"max-image-preview:large","max-video-preview":"max-video-preview:-1"},"canonical":"https:\/\/www.urban-driver.com\/en\/temoignages.php","og_locale":"en_US","og_type":"article","og_title":"T\u00e9moignages de clients Urban Driver","og_description":"T\u00e9moignages de nos clients : Un vrai pari r\u00e9ussi: allier ponctualite, securite, professionnalisme et gentillesse. Bravo!","og_url":"https:\/\/www.urban-driver.com\/en\/temoignages.php","og_site_name":"Taxi moto | Urban Driver","article_modified_time":"2026-02-22T16:34:18+00:00","twitter_card":"summary_large_image","twitter_misc":{"Est. reading time":"2 minutes"},"schema":{"@context":"https:\/\/schema.org","@graph":[{"@type":"WebPage","@id":"https:\/\/www.urban-driver.com\/en\/temoignages.php","url":"https:\/\/www.urban-driver.com\/en\/temoignages.php","name":"T\u00e9moignages de clients Urban Driver","isPartOf":{"@id":"https:\/\/www.urban-driver.com\/en\/#website"},"datePublished":"2017-04-20T15:10:36+00:00","dateModified":"2026-02-22T16:34:18+00:00","description":"T\u00e9moignages de nos clients : Un vrai pari r\u00e9ussi: allier ponctualite, securite, professionnalisme et gentillesse. Bravo!","breadcrumb":{"@id":"https:\/\/www.urban-driver.com\/en\/temoignages.php#breadcrumb"},"inLanguage":"en-US","potentialAction":[{"@type":"ReadAction","target":["https:\/\/www.urban-driver.com\/en\/temoignages.php"]}]},{"@type":"BreadcrumbList","@id":"https:\/\/www.urban-driver.com\/en\/temoignages.php#breadcrumb","itemListElement":[{"@type":"ListItem","position":1,"name":"Urban Driver","item":"https:\/\/www.urban-driver.com\/en\/"},{"@type":"ListItem","position":2,"name":"Avis clients Urban Driver"}]},{"@type":"WebSite","@id":"https:\/\/www.urban-driver.com\/en\/#website","url":"https:\/\/www.urban-driver.com\/en\/","name":"Taxi moto | Urban Driver","description":"","publisher":{"@id":"https:\/\/www.urban-driver.com\/en\/#organization"},"potentialAction":[{"@type":"SearchAction","target":{"@type":"EntryPoint","urlTemplate":"https:\/\/www.urban-driver.com\/en\/?s={search_term_string}"},"query-input":{"@type":"PropertyValueSpecification","valueRequired":true,"valueName":"search_term_string"}}],"inLanguage":"en-US"},{"@type":"Organization","@id":"https:\/\/www.urban-driver.com\/en\/#organization","name":"URBAN DRIVER","alternateName":"Urban","url":"https:\/\/www.urban-driver.com\/en\/","logo":{"@type":"ImageObject","inLanguage":"en-US","@id":"https:\/\/www.urban-driver.com\/en\/#\/schema\/logo\/image\/","url":"https:\/\/www.urban-driver.com\/wp-content\/uploads\/2016\/12\/urban_driver.png","contentUrl":"https:\/\/www.urban-driver.com\/wp-content\/uploads\/2016\/12\/urban_driver.png","width":300,"height":39,"caption":"URBAN DRIVER"},"image":{"@id":"https:\/\/www.urban-driver.com\/en\/#\/schema\/logo\/image\/"}}]}},"_links":{"self":[{"href":"https:\/\/www.urban-driver.com\/en\/wp-json\/wp\/v2\/pages\/1268","targetHints":{"allow":["GET"]}}],"collection":[{"href":"https:\/\/www.urban-driver.com\/en\/wp-json\/wp\/v2\/pages"}],"about":[{"href":"https:\/\/www.urban-driver.com\/en\/wp-json\/wp\/v2\/types\/page"}],"author":[{"embeddable":true,"href":"https:\/\/www.urban-driver.com\/en\/wp-json\/wp\/v2\/users\/1"}],"replies":[{"embeddable":true,"href":"https:\/\/www.urban-driver.com\/en\/wp-json\/wp\/v2\/comments?post=1268"}],"version-history":[{"count":0,"href":"https:\/\/www.urban-driver.com\/en\/wp-json\/wp\/v2\/pages\/1268\/revisions"}],"wp:attachment":[{"href":"https:\/\/www.urban-driver.com\/en\/wp-json\/wp\/v2\/media?parent=1268"}],"curies":[{"name":"wp","href":"https:\/\/api.w.org\/{rel}","templated":true}]}}