{"id":1254,"date":"2017-04-20T16:37:16","date_gmt":"2017-04-20T14:37:16","guid":{"rendered":"http:\/\/48h.fr\/?page_id=1254"},"modified":"2026-01-23T16:50:30","modified_gmt":"2026-01-23T15:50:30","slug":"ile-de-france","status":"publish","type":"page","link":"https:\/\/www.urban-driver.com\/en\/ile_de_france\/","title":{"rendered":"Transfert au d\u00e9part de tous les d\u00e9partements d&#8217;Ile de France"},"content":{"rendered":"<div class=\"wpb-content-wrapper\"><p>[vc_row][vc_column]<div id=\"sc_title_932481488\"\n\t\tclass=\"sc_title sc_title_default\"><h6 class=\"sc_item_subtitle sc_title_subtitle sc_align_left sc_item_title_style_default\">Transfert au d\u00e9part de tous les d\u00e9partements franciliens<\/h6><h2 class=\"sc_item_title sc_title_title sc_align_left sc_item_title_style_default sc_item_title_tag\">Taxi moto en Ile-de-France<\/h2><\/div><!-- \/.sc_title -->[vc_row_inner][vc_column_inner width=&#8221;2\/3&#8243;][vc_custom_heading text=&#8221;Un maillage total de l&#8217;\u00cele-de-France pour garantir votre ponctualit\u00e9&#8221; font_container=&#8221;tag:h3|text_align:left&#8221; use_theme_fonts=&#8221;yes&#8221; css=&#8221;&#8221;][vc_column_text css=&#8221;.vc_custom_1768846197661{margin-top: 11px !important;margin-right: 11px !important;margin-bottom: 11px !important;margin-left: 11px !important;}&#8221;]<img decoding=\"async\" class=\"alignleft\" src=\"https:\/\/www.urban-driver.com\/images\/photos\/ile_de_france.jpg\" alt=\"taxi moto en Ile de France\" \/>La zone de couverture de notre <a href=\"https:\/\/www.urban-driver.com\/en\/motorbike-taxi.php\">service de Taxi Moto<\/a> s&#8217;\u00e9tend sur tous les d\u00e9partements d&#8217;Ile de France : <strong>75-77-78-91-92-93-94-95<\/strong>.<\/p>\n<p>La r\u00e9gion Ile-de-France qui s&#8217;\u00e9tend sur plus 12 000 km2 est d\u00e9coup\u00e9e en 8 d\u00e9partements et comptent pas moins de 12 millions de Franciliens, soit environ 20% de la population fran\u00e7aise.[\/vc_column_text][vc_empty_space height=&#8221;3.3em&#8221; alter_height=&#8221;none&#8221; hide_on_mobile=&#8221;&#8221;][\/vc_column_inner][vc_column_inner width=&#8221;1\/3&#8243;][vc_empty_space alter_height=&#8221;medium&#8221; hide_on_mobile=&#8221;&#8221;][vc_single_image image=&#8221;8271&#8243; img_size=&#8221;large&#8221; alignment=&#8221;center&#8221; css=&#8221;&#8221;][vc_empty_space alter_height=&#8221;medium&#8221; hide_on_mobile=&#8221;&#8221;][\/vc_column_inner][\/vc_row_inner][\/vc_column][\/vc_row][vc_row full_width=&#8221;stretch_row&#8221; css=&#8221;.vc_custom_1768865719403{margin-top: 33px !important;margin-bottom: 33px !important;background-color: #E0E0E0 !important;}&#8221;][vc_column][vc_custom_heading text=&#8221;Un p\u00e9rim\u00e8tre de desserte complet : Paris, petite et grande couronne&#8221; font_container=&#8221;tag:h3|text_align:left&#8221; use_theme_fonts=&#8221;yes&#8221; css=&#8221;.vc_custom_1768865554587{margin-top: 22px !important;}&#8221;][vc_column_text css=&#8221;&#8221;]Besoin d&#8217;un chauffeur au d\u00e9part de la banlieue parisienne ? Urban Driver quadrille la r\u00e9gion pour vous permettre de <b>vous affranchir<\/b> des flux de circulation p\u00e9riurbains et garantir votre ponctualit\u00e9.[\/vc_column_text][vc_tta_accordion active_section=&#8221;3&#8243; css=&#8221;.vc_custom_1769166814463{margin-top: 33px !important;margin-bottom: 33px !important;}&#8221;][vc_tta_section title=&#8221;La petite couronne (banlieue proche) &#8211; D\u00e9partements 92-93-94&#8243; tab_id=&#8221;1769158089074-14990ca3-2231&#8243;][vc_column_text css=&#8221;.vc_custom_1769182406324{margin-top: 22px !important;margin-right: 22px !important;margin-bottom: 22px !important;margin-left: 22px !important;}&#8221;]<\/p>\n<ul class=\"trx_addons_list trx_addons_list_minus\">\n<li><b>Hauts-de-Seine (92) :<\/b> Que votre point de d\u00e9part soit au pied d&#8217;une tour \u00e0 <b>La D\u00e9fense<\/b>, dans le centre de <b>Boulogne-Billancourt<\/b> ou \u00e0 <b>Issy-les-Moulineaux<\/b>, notre service de <b><a href=\"https:\/\/www.urban-driver.com\/en\/hauts_de_seine.php\">Taxi Moto dans les Hauts-de-Seine (92)<\/a><\/b> vous rejoint en un temps record. C&#8217;est l&#8217;option id\u00e9ale pour quitter le 92 et rejoindre le centre de Paris sans subir les saturations du quai de Stalingrad ou du boulevard circulaire.<\/li>\n<li>\n<p><b>Seine-Saint-Denis (93) :<\/b> Au d\u00e9part de <b>Saint-Denis (Stade de France)<\/b>, de <b>Montreuil<\/b> ou de la zone a\u00e9roportuaire de <b>Roissy CDG<\/b>, nos motos vous permettent de contourner les bouchons habituels de l&#8217;A1 et de l&#8217;A3. R\u00e9servez votre <b><a href=\"https:\/\/www.urban-driver.com\/en\/seine_saint_denis.php\">Taxi Moto en Seine-Saint-Denis (93)<\/a><\/b> pour <b>vous extirper<\/b> des zones industrielles ou tertiaires du nord parisien en toute s\u00e9r\u00e9nit\u00e9.<\/p>\n<\/li>\n<li>\n<p><b>Val-de-Marne (94) :<\/b> Quittez <b>Vincennes<\/b>, <b>Saint-Mand\u00e9<\/b> ou le p\u00f4le administratif de <b>Cr\u00e9teil<\/b> en \u00e9vitant les blocages classiques de l&#8217;A4. Avec notre <b><a href=\"https:\/\/www.urban-driver.com\/en\/val_de_marne.php\">Taxi Moto dans le Val-de-Marne (94)<\/a><\/b>, nous assurons \u00e9galement vos prises en charge depuis le secteur de <b>Rungis<\/b> ou les terminaux de l&#8217;a\u00e9roport d&#8217;<b>Orly<\/b> pour une liaison fluide imm\u00e9diate vers le centre de la capitale.<\/p>\n<\/li>\n<\/ul>\n<p>[\/vc_column_text][\/vc_tta_section][vc_tta_section title=&#8221;La grande couronne (p\u00e9riph\u00e9rie) &#8211; D\u00e9partements 77-78-91-95&#8243; tab_id=&#8221;1769158174146-89af770d-a7df&#8221;][vc_column_text css=&#8221;.vc_custom_1769183339214{margin-top: 22px !important;margin-right: 22px !important;margin-bottom: 22px !important;margin-left: 22px !important;}&#8221;]<\/p>\n<ul class=\"trx_addons_list trx_addons_list_minus\">\n<li>\n<p><b>Seine-et-Marne (77) :<\/b> Au d\u00e9part de <b>Chessy (Disneyland)<\/b>, <b>Meaux<\/b> ou <b>Melun<\/b>, nos Honda Goldwing offrent le confort n\u00e9cessaire pour de longs trajets. Le service de <b><a href=\"https:\/\/www.urban-driver.com\/en\/seine_et_marne.php\">Taxi Moto en Seine-et-Marne (77)<\/a><\/b> est la garantie d&#8217;une gestion parfaite de votre agenda, m\u00eame pour les prises en charge les plus \u00e9loign\u00e9es de la capitale.<\/p>\n<\/li>\n<li>\n<p><b>Yvelines (78) :<\/b> Nous assurons vos d\u00e9parts depuis les zones r\u00e9sidentielles et les p\u00f4les technologiques de <b>Versailles<\/b>, <b>Saint-Germain-en-Laye<\/b> ou <b>V\u00e9lizy<\/b>. En choisissant un <b><a href=\"https:\/\/www.urban-driver.com\/en\/yvelines.php\">Taxi Moto dans les Yvelines (78)<\/a><\/b>, vous <b>vous lib\u00e9rez<\/b> de l&#8217;incertitude de l&#8217;A13 ou du Duplex A86 pour garantir votre horaire de d\u00e9collage depuis votre domicile ou votre bureau.<\/p>\n<\/li>\n<li>\n<p><b>Essonne (91) :<\/b> Pour vos d\u00e9parts depuis le plateau de <b>Saclay<\/b>, <b>\u00c9vry<\/b> ou <b>Massy<\/b>, la moto est l&#8217;unique rempart contre l&#8217;impr\u00e9visibilit\u00e9 de l&#8217;A10 et de la N118. Votre <b><a href=\"https:\/\/www.urban-driver.com\/en\/essonne.php\">Taxi Moto en Essonne (91)<\/a><\/b> vient vous chercher \u00e0 l&#8217;adresse de votre choix pour s\u00e9curiser vos arriv\u00e9es en gare ou en a\u00e9roport.<\/p>\n<\/li>\n<li>\n<p><b>Val-d&#8217;Oise (95) :<\/b> Besoin de quitter <b>Cergy-Pontoise<\/b>, <b>Argenteuil<\/b> ou <b>Enghien-les-Bains<\/b> ? Nos chauffeurs se d\u00e9placent dans tout le d\u00e9partement via notre offre <b><a href=\"https:\/\/www.urban-driver.com\/en\/val_doise.php\">Taxi Moto dans le Val-d&#8217;Oise (95)<\/a><\/b>. Un service indispensable pour ne plus d\u00e9pendre des al\u00e9as de l&#8217;A15 et du r\u00e9seau ferr\u00e9 satur\u00e9 lors de vos transferts vers Paris.<\/p>\n<\/li>\n<\/ul>\n<p>[\/vc_column_text][\/vc_tta_section][\/vc_tta_accordion][\/vc_column][\/vc_row][vc_row css=&#8221;.vc_custom_1769159477512{margin-top: 33px !important;}&#8221;][vc_column][vc_custom_heading text=&#8221;\u00c9tat des lieux de la mobilit\u00e9 francilienne : le constat V-Traffic&#8221; font_container=&#8221;tag:h3|text_align:left&#8221; use_theme_fonts=&#8221;yes&#8221; css=&#8221;&#8221;][vc_column_text css=&#8221;&#8221;]Selon le dernier bilan annuel de V-Traffic (janvier 2025), la circulation en \u00cele-de-France ne cesse de se d\u00e9grader, avec une moyenne de <b>160 heures perdues par an<\/b> pour chaque conducteur. Ce temps, vol\u00e9 \u00e0 votre vie professionnelle ou personnelle, est le r\u00e9sultat d&#8217;un r\u00e9seau routier satur\u00e9 o\u00f9 la vitesse moyenne aux heures de pointe peine \u00e0 d\u00e9passer celle d&#8217;un cycliste.<\/p>\n<p>L&#8217;\u00e9tude souligne un point critique : l&#8217;impr\u00e9visibilit\u00e9 totale des temps de parcours vers les <b>a\u00e9roports de Paris (CDG, Orly)<\/b> et les gares. Pour un cadre ou un voyageur press\u00e9, la voiture n&#8217;est plus un mode de transport fiable. Le taxi moto en Ile de France s&#8217;impose alors comme la solution math\u00e9matique \u00e0 l&#8217;\u00e9quation de V-Traffic : l\u00e0 o\u00f9 le trafic s&#8217;accumule, nous restons en mouvement.<\/p>\n<p>[\/vc_column_text][vc_custom_heading text=&#8221;Le taxi moto en IDF, un service exclusif qui se planifie pour mieux vous servir&#8221; font_container=&#8221;tag:h3|text_align:left&#8221; use_theme_fonts=&#8221;yes&#8221; css=&#8221;.vc_custom_1769166902730{margin-top: 33px !important;}&#8221;][vc_column_text css=&#8221;&#8221;]<\/p>\n<p>Le taxi moto est un mode de transport d&#8217;\u00e9lite dont le maillage diff\u00e8re des services de transport de masse. Parce que nous couvrons l\u2019int\u00e9gralit\u00e9 des d\u00e9partements franciliens avec une exigence de ponctualit\u00e9 stricte, nous vous conseillons de r\u00e9server votre course au plus t\u00f4t pour vos d\u00e9parts depuis la p\u00e9riph\u00e9rie.<\/p>\n<p>En planifiant votre trajet, vous s\u00e9curisez un pilote d\u00e9di\u00e9 et \u00e9vitez les contraintes de disponibilit\u00e9 li\u00e9es \u00e0 la raret\u00e9 de notre flotte dans les zones \u00e9loign\u00e9es de Paris. Le r\u00e9seau de taxis motos en Ile de France avoisinant les 500 chauffeurs, il est impossible de quadriller tous les d\u00e9partements comme cela est le cas avec les taxis.<\/p>\n<p>Pour vous garantir la disponibilit\u00e9 d&#8217;un chauffeur moto au d\u00e9part de la banlieue parisienne, il est conseill\u00e9 de <strong>r\u00e9server votre moto taxi en banlieue au moins une heure en avance<\/strong> pour avoir l&#8217;assurance de voir votre r\u00e9servation confirm\u00e9e.<\/p>\n<p>[\/vc_column_text][vc_message color=&#8221;warning&#8221; message_box_style=&#8221;outline&#8221; message_box_color=&#8221;warning&#8221; icon_fontawesome=&#8221;&#8221; css=&#8221;.vc_custom_1768865583851{margin-top: 22px !important;}&#8221; closeable=&#8221;&#8221;]<strong>Nous recommandons une r\u00e9servation au minimum 2 heures \u00e0 l&#8217;avance pour la grande couronne.<\/strong>[\/vc_message]<div class=\"sc_item_button sc_button_wrap\"><a href=\"https:\/\/booking.urban-driver.com\/Commander\" id=\"sc_button_737483558\" class=\"sc_button sc_button_default  vc_custom_1768411543149 sc_button_size_normal sc_button_icon_left\"><span class=\"sc_button_icon\"><span class=\"fa fa-solid fa-motorcycle\"><\/span><\/span><span class=\"sc_button_text\"><span class=\"sc_button_subtitle\">avec Urban Driver<\/span><span class=\"sc_button_title\">Anticiper et r\u00e9server ma course<\/span><\/span><!-- \/.sc_button_text --><\/a><!-- \/.sc_button --><\/div><!-- \/.sc_item_button -->[\/vc_column][\/vc_row][vc_row full_width=&#8221;stretch_row&#8221; css=&#8221;.vc_custom_1758799575150{background-color: #1B1E27 !important;}&#8221; row_title=&#8221;UD Reservation depuis les apps&#8221;][vc_column][vc_empty_space alter_height=&#8221;medium&#8221; hide_on_mobile=&#8221;&#8221;][vc_custom_heading text=&#8221;Encore plus facile, r\u00e9servez depuis la nouvelle application !&#8221; font_container=&#8221;tag:h3|text_align:center|color:%23FFFFFF&#8221; use_theme_fonts=&#8221;yes&#8221; css=&#8221;&#8221;][vc_row_inner][vc_column_inner width=&#8221;1\/2&#8243;][vc_single_image image=&#8221;6868&#8243; img_size=&#8221;medium&#8221; alignment=&#8221;center&#8221; onclick=&#8221;custom_link&#8221; css=&#8221;&#8221; link=&#8221;https:\/\/apps.apple.com\/fr\/app\/urban-driver\/id1609971329?platform=iphone&#8221;][\/vc_column_inner][vc_column_inner width=&#8221;1\/2&#8243;][vc_single_image image=&#8221;6866&#8243; img_size=&#8221;medium&#8221; alignment=&#8221;center&#8221; onclick=&#8221;custom_link&#8221; css=&#8221;&#8221; link=&#8221;https:\/\/play.google.com\/store\/apps\/details?id=com.urbandriver.app_client&#8221;][\/vc_column_inner][\/vc_row_inner][vc_empty_space alter_height=&#8221;medium&#8221; hide_on_mobile=&#8221;&#8221;][\/vc_column][\/vc_row][vc_row row_title=&#8221;UD Avis verifies&#8221;][vc_column][vc_column_text css=&#8221;&#8221;]<\/p>\n<h2 style=\"text-align: center;\">Approuv\u00e9 par plus de <strong><span style=\"color: #36517d;\">10.000<\/span><\/strong>\u00a0clients satisfaits<\/h2>\n<p>[\/vc_column_text][vc_raw_html css=&#8221;&#8221;]JTNDZGl2JTIwY2xhc3MlM0QlMjJza2VlcGVyc19jYXJvdXNlbF9jb250YWluZXIlMjIlMjBkYXRhLXNsaWRlcy1jb3VudCUzRCUyMjQlMjIlM0UlM0MlMkZkaXYlM0UlMEElM0NzY3JpcHQlMjBkZWZlciUyMGNoYXJzZXQlM0QlMjJ1dGYtOCUyMiUyMHNyYyUzRCUyMiUyRiUyRndpZGdldHMucnIuc2tlZXBlcnMuaW8lMkZjYXJvdXNlbCUyRmEyNWY4MWEyLWM3ZjctZjc4NC1kOTI0LWQ2Y2Q1ZTUwNGYzMSUyRjk0ZjVhZmY2LWMzM2YtNGQ2Ni1hZThhLTU2OTlhOGJiNTEyZC5qcyUyMiUzRSUzQyUyRnNjcmlwdCUzRQ==[\/vc_raw_html][\/vc_column][\/vc_row][vc_row full_width=&#8221;stretch_row&#8221; css=&#8221;.vc_custom_1758799742700{background-image: url(https:\/\/www.urban-driver.com\/wp-content\/uploads\/2017\/01\/illustration2.jpg?id=1062) !important;}&#8221; row_title=&#8221;UD Fin de page&#8221;][vc_column][vc_empty_space alter_height=&#8221;medium&#8221; hide_on_mobile=&#8221;&#8221;][vc_custom_heading text=&#8221;D\u00e9placement rapide et s\u00e9curis\u00e9 en IDF, chauffeurs professionnels&#8221; font_container=&#8221;tag:h4|text_align:center|color:%23FFFFFF&#8221; use_theme_fonts=&#8221;yes&#8221; css=&#8221;&#8221;][vc_empty_space alter_height=&#8221;medium&#8221; hide_on_mobile=&#8221;&#8221;]<div class=\"sc_item_button sc_button_wrap\"><a href=\"https:\/\/booking.urban-driver.com\/Inscription\" id=\"sc_button_2117586990\" class=\"sc_button sc_button_default sc_button_size_normal sc_button_icon_left\"><span class=\"sc_button_text\"><span class=\"sc_button_title\">Inscription en ligne<\/span><\/span><!-- \/.sc_button_text --><\/a><!-- \/.sc_button --><\/div><!-- \/.sc_item_button -->[vc_empty_space alter_height=&#8221;medium&#8221; hide_on_mobile=&#8221;&#8221;][\/vc_column][\/vc_row]<\/p>\n<\/div>","protected":false},"excerpt":{"rendered":"<p>[vc_row][vc_column][vc_row_inner][vc_column_inner width=&#8221;2\/3&#8243;][vc_custom_heading text=&#8221;Un maillage total de l&#8217;\u00cele-de-France pour garantir votre ponctualit\u00e9&#8221; font_container=&#8221;tag:h3|text_align:left&#8221; use_theme_fonts=&#8221;yes&#8221; css=&#8221;&#8221;][vc_column_text css=&#8221;.vc_custom_1768846197661{margin-top: 11px !important;margin-right: 11px !important;margin-bottom: 11px !important;margin-left: 11px !important;}&#8221;]La zone de couverture de notre service de Taxi Moto s&#8217;\u00e9tend sur tous les d\u00e9partements d&#8217;Ile de France : 75-77-78-91-92-93-94-95. La r\u00e9gion Ile-de-France&hellip;<\/p>\n","protected":false},"author":1,"featured_media":0,"parent":234,"menu_order":0,"comment_status":"closed","ping_status":"closed","template":"","meta":{"footnotes":""},"class_list":["post-1254","page","type-page","status-publish","hentry"],"yoast_head":"<!-- This site is optimized with the Yoast SEO plugin v27.3 - https:\/\/yoast.com\/product\/yoast-seo-wordpress\/ -->\n<title>Taxi moto Ile de France - D\u00e9partement 75-77-78-91-92-93-94-95<\/title>\n<meta name=\"description\" content=\"Tous les d\u00e9partements d&#039;IDF desservis par Urban Driver: Hauts de Seine, Seine Saint Denis, Yvelines, Paris, Val d&#039;Oise, Val de Marne, Essonne, Seine et Marne\" \/>\n<meta name=\"robots\" content=\"index, follow, max-snippet:-1, max-image-preview:large, max-video-preview:-1\" \/>\n<link rel=\"canonical\" href=\"https:\/\/www.urban-driver.com\/en\/ile_de_france\/\" \/>\n<meta property=\"og:locale\" content=\"en_US\" \/>\n<meta property=\"og:type\" content=\"article\" \/>\n<meta property=\"og:title\" content=\"Taxi moto Ile de France - D\u00e9partement 75-77-78-91-92-93-94-95\" \/>\n<meta property=\"og:description\" content=\"Tous les d\u00e9partements d&#039;IDF desservis par Urban Driver: Hauts de Seine, Seine Saint Denis, Yvelines, Paris, Val d&#039;Oise, Val de Marne, Essonne, Seine et Marne\" \/>\n<meta property=\"og:url\" content=\"https:\/\/www.urban-driver.com\/en\/ile_de_france\/\" \/>\n<meta property=\"og:site_name\" content=\"Taxi moto | Urban Driver\" \/>\n<meta property=\"article:modified_time\" content=\"2026-01-23T15:50:30+00:00\" \/>\n<meta property=\"og:image\" content=\"https:\/\/www.urban-driver.com\/images\/photos\/ile_de_france.jpg\" \/>\n<meta name=\"twitter:card\" content=\"summary_large_image\" \/>\n<meta name=\"twitter:label1\" content=\"Est. reading time\" \/>\n\t<meta name=\"twitter:data1\" content=\"4 minutes\" \/>\n<script type=\"application\/ld+json\" class=\"yoast-schema-graph\">{\"@context\":\"https:\\\/\\\/schema.org\",\"@graph\":[{\"@type\":\"WebPage\",\"@id\":\"https:\\\/\\\/www.urban-driver.com\\\/en\\\/ile_de_france\\\/\",\"url\":\"https:\\\/\\\/www.urban-driver.com\\\/en\\\/ile_de_france\\\/\",\"name\":\"Taxi moto Ile de France - D\u00e9partement 75-77-78-91-92-93-94-95\",\"isPartOf\":{\"@id\":\"https:\\\/\\\/www.urban-driver.com\\\/en\\\/#website\"},\"primaryImageOfPage\":{\"@id\":\"https:\\\/\\\/www.urban-driver.com\\\/en\\\/ile_de_france\\\/#primaryimage\"},\"image\":{\"@id\":\"https:\\\/\\\/www.urban-driver.com\\\/en\\\/ile_de_france\\\/#primaryimage\"},\"thumbnailUrl\":\"https:\\\/\\\/www.urban-driver.com\\\/images\\\/photos\\\/ile_de_france.jpg\",\"datePublished\":\"2017-04-20T14:37:16+00:00\",\"dateModified\":\"2026-01-23T15:50:30+00:00\",\"description\":\"Tous les d\u00e9partements d'IDF desservis par Urban Driver: Hauts de Seine, Seine Saint Denis, Yvelines, Paris, Val d'Oise, Val de Marne, Essonne, Seine et Marne\",\"breadcrumb\":{\"@id\":\"https:\\\/\\\/www.urban-driver.com\\\/en\\\/ile_de_france\\\/#breadcrumb\"},\"inLanguage\":\"en-US\",\"potentialAction\":[{\"@type\":\"ReadAction\",\"target\":[\"https:\\\/\\\/www.urban-driver.com\\\/en\\\/ile_de_france\\\/\"]}]},{\"@type\":\"ImageObject\",\"inLanguage\":\"en-US\",\"@id\":\"https:\\\/\\\/www.urban-driver.com\\\/en\\\/ile_de_france\\\/#primaryimage\",\"url\":\"https:\\\/\\\/www.urban-driver.com\\\/images\\\/photos\\\/ile_de_france.jpg\",\"contentUrl\":\"https:\\\/\\\/www.urban-driver.com\\\/images\\\/photos\\\/ile_de_france.jpg\"},{\"@type\":\"BreadcrumbList\",\"@id\":\"https:\\\/\\\/www.urban-driver.com\\\/en\\\/ile_de_france\\\/#breadcrumb\",\"itemListElement\":[{\"@type\":\"ListItem\",\"position\":1,\"name\":\"Urban Driver\",\"item\":\"https:\\\/\\\/www.urban-driver.com\\\/en\\\/\"},{\"@type\":\"ListItem\",\"position\":2,\"name\":\"Taxi Moto\",\"item\":\"https:\\\/\\\/www.urban-driver.com\\\/en\\\/moto-taxi.php\"},{\"@type\":\"ListItem\",\"position\":3,\"name\":\"Ile-de-France\"}]},{\"@type\":\"WebSite\",\"@id\":\"https:\\\/\\\/www.urban-driver.com\\\/en\\\/#website\",\"url\":\"https:\\\/\\\/www.urban-driver.com\\\/en\\\/\",\"name\":\"Taxi moto | Urban Driver\",\"description\":\"\",\"publisher\":{\"@id\":\"https:\\\/\\\/www.urban-driver.com\\\/en\\\/#organization\"},\"potentialAction\":[{\"@type\":\"SearchAction\",\"target\":{\"@type\":\"EntryPoint\",\"urlTemplate\":\"https:\\\/\\\/www.urban-driver.com\\\/en\\\/?s={search_term_string}\"},\"query-input\":{\"@type\":\"PropertyValueSpecification\",\"valueRequired\":true,\"valueName\":\"search_term_string\"}}],\"inLanguage\":\"en-US\"},{\"@type\":\"Organization\",\"@id\":\"https:\\\/\\\/www.urban-driver.com\\\/en\\\/#organization\",\"name\":\"URBAN DRIVER\",\"alternateName\":\"Urban\",\"url\":\"https:\\\/\\\/www.urban-driver.com\\\/en\\\/\",\"logo\":{\"@type\":\"ImageObject\",\"inLanguage\":\"en-US\",\"@id\":\"https:\\\/\\\/www.urban-driver.com\\\/en\\\/#\\\/schema\\\/logo\\\/image\\\/\",\"url\":\"https:\\\/\\\/www.urban-driver.com\\\/wp-content\\\/uploads\\\/2016\\\/12\\\/urban_driver.png\",\"contentUrl\":\"https:\\\/\\\/www.urban-driver.com\\\/wp-content\\\/uploads\\\/2016\\\/12\\\/urban_driver.png\",\"width\":300,\"height\":39,\"caption\":\"URBAN DRIVER\"},\"image\":{\"@id\":\"https:\\\/\\\/www.urban-driver.com\\\/en\\\/#\\\/schema\\\/logo\\\/image\\\/\"}}]}<\/script>\n<!-- \/ Yoast SEO plugin. -->","yoast_head_json":{"title":"Taxi moto Ile de France - D\u00e9partement 75-77-78-91-92-93-94-95","description":"Tous les d\u00e9partements d'IDF desservis par Urban Driver: Hauts de Seine, Seine Saint Denis, Yvelines, Paris, Val d'Oise, Val de Marne, Essonne, Seine et Marne","robots":{"index":"index","follow":"follow","max-snippet":"max-snippet:-1","max-image-preview":"max-image-preview:large","max-video-preview":"max-video-preview:-1"},"canonical":"https:\/\/www.urban-driver.com\/en\/ile_de_france\/","og_locale":"en_US","og_type":"article","og_title":"Taxi moto Ile de France - D\u00e9partement 75-77-78-91-92-93-94-95","og_description":"Tous les d\u00e9partements d'IDF desservis par Urban Driver: Hauts de Seine, Seine Saint Denis, Yvelines, Paris, Val d'Oise, Val de Marne, Essonne, Seine et Marne","og_url":"https:\/\/www.urban-driver.com\/en\/ile_de_france\/","og_site_name":"Taxi moto | Urban Driver","article_modified_time":"2026-01-23T15:50:30+00:00","og_image":[{"url":"https:\/\/www.urban-driver.com\/images\/photos\/ile_de_france.jpg","type":"","width":"","height":""}],"twitter_card":"summary_large_image","twitter_misc":{"Est. reading time":"4 minutes"},"schema":{"@context":"https:\/\/schema.org","@graph":[{"@type":"WebPage","@id":"https:\/\/www.urban-driver.com\/en\/ile_de_france\/","url":"https:\/\/www.urban-driver.com\/en\/ile_de_france\/","name":"Taxi moto Ile de France - D\u00e9partement 75-77-78-91-92-93-94-95","isPartOf":{"@id":"https:\/\/www.urban-driver.com\/en\/#website"},"primaryImageOfPage":{"@id":"https:\/\/www.urban-driver.com\/en\/ile_de_france\/#primaryimage"},"image":{"@id":"https:\/\/www.urban-driver.com\/en\/ile_de_france\/#primaryimage"},"thumbnailUrl":"https:\/\/www.urban-driver.com\/images\/photos\/ile_de_france.jpg","datePublished":"2017-04-20T14:37:16+00:00","dateModified":"2026-01-23T15:50:30+00:00","description":"Tous les d\u00e9partements d'IDF desservis par Urban Driver: Hauts de Seine, Seine Saint Denis, Yvelines, Paris, Val d'Oise, Val de Marne, Essonne, Seine et Marne","breadcrumb":{"@id":"https:\/\/www.urban-driver.com\/en\/ile_de_france\/#breadcrumb"},"inLanguage":"en-US","potentialAction":[{"@type":"ReadAction","target":["https:\/\/www.urban-driver.com\/en\/ile_de_france\/"]}]},{"@type":"ImageObject","inLanguage":"en-US","@id":"https:\/\/www.urban-driver.com\/en\/ile_de_france\/#primaryimage","url":"https:\/\/www.urban-driver.com\/images\/photos\/ile_de_france.jpg","contentUrl":"https:\/\/www.urban-driver.com\/images\/photos\/ile_de_france.jpg"},{"@type":"BreadcrumbList","@id":"https:\/\/www.urban-driver.com\/en\/ile_de_france\/#breadcrumb","itemListElement":[{"@type":"ListItem","position":1,"name":"Urban Driver","item":"https:\/\/www.urban-driver.com\/en\/"},{"@type":"ListItem","position":2,"name":"Taxi Moto","item":"https:\/\/www.urban-driver.com\/en\/moto-taxi.php"},{"@type":"ListItem","position":3,"name":"Ile-de-France"}]},{"@type":"WebSite","@id":"https:\/\/www.urban-driver.com\/en\/#website","url":"https:\/\/www.urban-driver.com\/en\/","name":"Taxi moto | Urban Driver","description":"","publisher":{"@id":"https:\/\/www.urban-driver.com\/en\/#organization"},"potentialAction":[{"@type":"SearchAction","target":{"@type":"EntryPoint","urlTemplate":"https:\/\/www.urban-driver.com\/en\/?s={search_term_string}"},"query-input":{"@type":"PropertyValueSpecification","valueRequired":true,"valueName":"search_term_string"}}],"inLanguage":"en-US"},{"@type":"Organization","@id":"https:\/\/www.urban-driver.com\/en\/#organization","name":"URBAN DRIVER","alternateName":"Urban","url":"https:\/\/www.urban-driver.com\/en\/","logo":{"@type":"ImageObject","inLanguage":"en-US","@id":"https:\/\/www.urban-driver.com\/en\/#\/schema\/logo\/image\/","url":"https:\/\/www.urban-driver.com\/wp-content\/uploads\/2016\/12\/urban_driver.png","contentUrl":"https:\/\/www.urban-driver.com\/wp-content\/uploads\/2016\/12\/urban_driver.png","width":300,"height":39,"caption":"URBAN DRIVER"},"image":{"@id":"https:\/\/www.urban-driver.com\/en\/#\/schema\/logo\/image\/"}}]}},"_links":{"self":[{"href":"https:\/\/www.urban-driver.com\/en\/wp-json\/wp\/v2\/pages\/1254","targetHints":{"allow":["GET"]}}],"collection":[{"href":"https:\/\/www.urban-driver.com\/en\/wp-json\/wp\/v2\/pages"}],"about":[{"href":"https:\/\/www.urban-driver.com\/en\/wp-json\/wp\/v2\/types\/page"}],"author":[{"embeddable":true,"href":"https:\/\/www.urban-driver.com\/en\/wp-json\/wp\/v2\/users\/1"}],"replies":[{"embeddable":true,"href":"https:\/\/www.urban-driver.com\/en\/wp-json\/wp\/v2\/comments?post=1254"}],"version-history":[{"count":0,"href":"https:\/\/www.urban-driver.com\/en\/wp-json\/wp\/v2\/pages\/1254\/revisions"}],"up":[{"embeddable":true,"href":"https:\/\/www.urban-driver.com\/en\/wp-json\/wp\/v2\/pages\/234"}],"wp:attachment":[{"href":"https:\/\/www.urban-driver.com\/en\/wp-json\/wp\/v2\/media?parent=1254"}],"curies":[{"name":"wp","href":"https:\/\/api.w.org\/{rel}","templated":true}]}}