{"id":1114,"date":"2017-04-18T12:04:18","date_gmt":"2017-04-18T10:04:18","guid":{"rendered":"http:\/\/48h.fr\/?page_id=1114"},"modified":"2024-12-16T18:15:13","modified_gmt":"2024-12-16T17:15:13","slug":"tarifs_vtc","status":"publish","type":"page","link":"https:\/\/www.urban-driver.com\/en\/tarifs_vtc.php","title":{"rendered":"Tarifs et Mode de paiement &#8211; Simulateur de tarifs VTC"},"content":{"rendered":"<div class=\"wpb-content-wrapper\"><p>[vc_row equal_height=&#8221;yes&#8221; css=&#8221;.vc_custom_1734367461636{margin-top: 22px !important;background-position: center !important;background-repeat: no-repeat !important;background-size: cover !important;}&#8221; el_class=&#8221;mobile_bg_off&#8221;][vc_column][vc_custom_heading text=&#8221;Transferts a\u00e9roports Orly &#038; Roissy&#8221; font_container=&#8221;tag:h6|text_align:left|color:%23B70604&#8243; use_theme_fonts=&#8221;yes&#8221; css=&#8221;&#8221;][vc_custom_heading text=&#8221;Tarifs transferts <b>en VTC<\/b>&#8221; font_container=&#8221;tag:h1|font_size:40|text_align:left&#8221; use_theme_fonts=&#8221;yes&#8221; css=&#8221;.vc_custom_1734367965283{margin-top: 0px !important;margin-bottom: 0px !important;}&#8221;][vc_row_inner][vc_column_inner el_class=&#8221;remove_margin_mobile&#8221; width=&#8221;1\/2&#8243;][vc_empty_space height=&#8221;2.75em&#8221; alter_height=&#8221;none&#8221; hide_on_mobile=&#8221;&#8221;][vc_empty_space height=&#8221;1.5em&#8221; alter_height=&#8221;none&#8221; hide_on_mobile=&#8221;&#8221;][vc_column_text css=&#8221;&#8221;]Nos tarifs sont forfaitaires et connus \u00e0 l&#8217;avance.<\/p>\n<p>D\u00e8s votre inscription effectu\u00e9e, consultez en 3 clics, le prix de votre <strong>transfert en <a href=\"https:\/\/www.urban-driver.com\/chauffeur-prive.php\">chauffeur priv\u00e9<\/a><\/strong>.<\/p>\n<p>Choisissez votre adresse de d\u00e9part et d&#8217;arriv\u00e9e, indiquez la date et l&#8217;horaire de d\u00e9part souhait\u00e9, obtenez imm\u00e9diatement votre devis selon le type de v\u00e9hicule d\u00e9sir\u00e9.[\/vc_column_text][vc_empty_space height=&#8221;2em&#8221; alter_height=&#8221;none&#8221; hide_on_mobile=&#8221;1&#8243;][\/vc_column_inner][vc_column_inner width=&#8221;1\/2&#8243;][vc_empty_space alter_height=&#8221;medium&#8221; hide_on_mobile=&#8221;&#8221;][vc_single_image image=&#8221;6449&#8243; img_size=&#8221;medium&#8221; alignment=&#8221;center&#8221; css=&#8221;&#8221;][vc_empty_space alter_height=&#8221;medium&#8221; hide_on_mobile=&#8221;&#8221;][\/vc_column_inner][\/vc_row_inner][vc_row_inner][vc_column_inner][vc_custom_heading text=&#8221;Tarifs des transferts a\u00e9roports&#8221; font_container=&#8221;tag:h3|text_align:left&#8221; use_theme_fonts=&#8221;yes&#8221; css=&#8221;&#8221;][vc_column_text css=&#8221;&#8221;]<\/p>\n<table style=\"height: 167px;\" border=\"1\" width=\"100%\" cellspacing=\"3\" cellpadding=\"5\">\n<tbody>\n<tr>\n<th height=\"50\">\n<div class=\"titre\">Tarifs TTC<\/div>\n<\/th>\n<th height=\"50\">\n<div class=\"titre\">VTC (Berline)<\/div>\n<\/th>\n<th height=\"50\">\n<div class=\"titre\">Van (jusqu&#8217;\u00e0 7 passagers)<\/div>\n<\/th>\n<\/tr>\n<tr bgcolor=\"#B5B5B5\">\n<td height=\"30\"><strong>24\/7<\/strong><\/td>\n<td><\/td>\n<td><\/td>\n<\/tr>\n<tr>\n<td height=\"20\">Paris &lt;-&gt; Orly<\/td>\n<td>\n<div align=\"center\"><strong>A partir de 50\u20ac<\/strong><\/div>\n<\/td>\n<td>\n<div align=\"center\"><strong>A partir de 85\u20ac<\/strong><\/div>\n<\/td>\n<\/tr>\n<tr bgcolor=\"#E9E9E9\">\n<td height=\"20\">Paris &lt;-&gt; Roissy CDG<\/td>\n<td>\n<div align=\"center\"><strong>A partir de 65\u20ac<\/strong><\/div>\n<\/td>\n<td>\n<div align=\"center\"><strong>A partir de 100\u20ac<\/strong><\/div>\n<\/td>\n<\/tr>\n<\/tbody>\n<\/table>\n<p>[\/vc_column_text][\/vc_column_inner][\/vc_row_inner][vc_empty_space height=&#8221;2em&#8221; alter_height=&#8221;none&#8221; hide_on_mobile=&#8221;&#8221;]<div class=\"sc_item_button sc_button_wrap\"><a href=\"https:\/\/booking.urban-driver.com\/Inscription\" id=\"sc_button_834657200\" class=\"sc_button sc_button_default sc_button_size_normal sc_button_icon_left\"><span class=\"sc_button_icon\"><span class=\"fas fa-user-plus\"><\/span><\/span><span class=\"sc_button_text\"><span class=\"sc_button_title\">Inscription en ligne<\/span><\/span><!-- \/.sc_button_text --><\/a><!-- \/.sc_button --><\/div><!-- \/.sc_item_button -->[vc_separator][vc_row_inner content_placement=&#8221;middle&#8221; css=&#8221;.vc_custom_1492508097936{background-position: center !important;background-repeat: no-repeat !important;background-size: cover !important;}&#8221;][vc_column_inner el_class=&#8221;remove_margin_mobile&#8221; css=&#8221;.vc_custom_1549358774032{margin-left: 10px !important;}&#8221;][vc_empty_space height=&#8221;2.15em&#8221; alter_height=&#8221;none&#8221; hide_on_mobile=&#8221;&#8221;][vc_custom_heading text=&#8221;Tarifs Mise \u00e0 disposition <b>Voitures avec Chauffeurs<\/b>&#8221; use_theme_fonts=&#8221;yes&#8221; css=&#8221;.vc_custom_1652776335576{margin-top: 0px !important;margin-bottom: 0px !important;}&#8221;][vc_empty_space height=&#8221;2.75em&#8221; alter_height=&#8221;none&#8221; hide_on_mobile=&#8221;&#8221;][vc_column_text]Besoin d&#8217;une voiture pour une heure, une demi-journ\u00e9e, une journ\u00e9e, Urban Driver met \u00e0 votre disposition une voiture avec chauffeur pour tous vos d\u00e9placements.<\/p>\n<p>La mise \u00e0 disposition est limit\u00e9e g\u00e9ographiquement aux d\u00e9placements sur Paris et villes limitrophes. Les transferts longues distances font l\u2019objet d\u2019un <a href=\"https:\/\/www.urban-driver.com\/en\/contacts.php\">devis<\/a> pr\u00e9alable.<\/p>\n<table style=\"height: 160px;\" border=\"1\" width=\"100%\" cellspacing=\"3\" cellpadding=\"5\">\n<tbody>\n<tr>\n<th height=\"50\">\n<div class=\"titre\">Tarifs HT<\/div>\n<\/th>\n<th height=\"50\">\n<div class=\"titre\">Eco<\/div>\n<\/th>\n<th height=\"50\">\n<div class=\"titre\">Berline &amp; Van<\/div>\n<\/th>\n<\/tr>\n<tr bgcolor=\"#B5B5B5\">\n<td height=\"30\"><strong>24\/7<\/strong><\/td>\n<td><\/td>\n<td><\/td>\n<\/tr>\n<tr>\n<td height=\"20\">1 heure<\/td>\n<td>\n<div align=\"center\"><strong>75\u20ac<\/strong><\/div>\n<\/td>\n<td>\n<div align=\"center\"><strong>90\u20ac<\/strong><\/div>\n<\/td>\n<\/tr>\n<tr bgcolor=\"#E9E9E9\">\n<td height=\"20\">4 heures (demi-journ\u00e9e)<\/td>\n<td>\n<div align=\"center\"><strong>260\u20ac<\/strong><\/div>\n<\/td>\n<td>\n<div align=\"center\"><strong>320\u20ac<\/strong><\/div>\n<\/td>\n<\/tr>\n<tr>\n<td height=\"20\">8 heures (journ\u00e9e)<\/td>\n<td>\n<div align=\"center\"><strong>440\u20ac<\/strong><\/div>\n<\/td>\n<td>\n<div align=\"center\"><strong>560\u20ac<\/strong><\/div>\n<\/td>\n<\/tr>\n<\/tbody>\n<\/table>\n<p>[\/vc_column_text][vc_empty_space height=&#8221;2em&#8221; alter_height=&#8221;none&#8221; hide_on_mobile=&#8221;1&#8243;]<div class=\"sc_item_button sc_button_wrap\"><a href=\"https:\/\/www.urban-driver.com\/contact_miseadisposition\" id=\"sc_button_1005100556\" class=\"sc_button sc_button_default sc_button_size_normal sc_button_icon_left\"><span class=\"sc_button_text\"><span class=\"sc_button_title\">Demande de mise \u00e0 disposition<\/span><\/span><!-- \/.sc_button_text --><\/a><!-- \/.sc_button --><\/div><!-- \/.sc_item_button -->[vc_empty_space height=&#8221;2em&#8221; alter_height=&#8221;none&#8221; hide_on_mobile=&#8221;&#8221;][\/vc_column_inner][\/vc_row_inner][\/vc_column][\/vc_row][vc_row full_width=&#8221;stretch_row&#8221; css=&#8221;.vc_custom_1492508989857{background-color: #e0e0e0 !important;}&#8221;][vc_column width=&#8221;1\/2&#8243;][vc_empty_space alter_height=&#8221;medium&#8221; hide_on_mobile=&#8221;&#8221;][vc_column_text]<strong>Mode de paiement<\/strong><\/p>\n<p>Pour les clients ne disposant pas d&#8217;abonnement, le paiement s&#8217;effectue en ligne par carte bancaire ou par t\u00e9l\u00e9phone directement aupr\u00e8s de notre standard (Vente \u00e0 distance).<\/p>\n<div class=\"center\">\n<p><img decoding=\"async\" src=\"https:\/\/www.urban-driver.com\/images\/paiements\/cb.gif\" alt=\"Paiement Carte Bancaire\" \/> <img decoding=\"async\" src=\"https:\/\/www.urban-driver.com\/images\/paiements\/visa.gif\" alt=\"Paiement Carte Visa\" \/> <img decoding=\"async\" src=\"https:\/\/www.urban-driver.com\/images\/paiements\/mastercard.gif\" alt=\"Paiement Mastercard\" \/> <img decoding=\"async\" src=\"https:\/\/www.urban-driver.com\/images\/paiements\/amex.gif\" alt=\"Paiement American Express\" \/><\/div>\n<p>[\/vc_column_text][vc_empty_space height=&#8221;2.15em&#8221; alter_height=&#8221;none&#8221; hide_on_mobile=&#8221;&#8221;][\/vc_column][vc_column width=&#8221;1\/2&#8243;][vc_empty_space alter_height=&#8221;medium&#8221; hide_on_mobile=&#8221;&#8221;][vc_column_text]<\/p>\n<div class=\"contour\">\n<p><strong>Rappel des conditions g\u00e9n\u00e9rales<\/strong><\/p>\n<p><strong>Attente<\/strong><br \/>\nAttente factur\u00e9e 1 Euro par minute au del\u00e0 des 7 premi\u00e8res minutes pour Paris \/ RP et au del\u00e0 des 20 premi\u00e8res minutes au d\u00e9part des a\u00e9roports.<\/p>\n<p><strong>Annulation<\/strong><br \/>\nTout trajet annul\u00e9 moins de 1 heure avant l&#8217;heure pr\u00e9vue est factur\u00e9 int\u00e9gralement. En cas de non pr\u00e9sentation du client sans nouvelles de celui-ci, le trajet est factur\u00e9 int\u00e9gralement.<\/p>\n<p><strong>Horaire du standard t\u00e9l\u00e9phonique<\/strong><br \/>\nDu lundi au Vendredi de 7h00 \u00e0 21h00<br \/>\nLe Dimanche de 17h00 \u00e0 21h00<\/div>\n<p>[\/vc_column_text][vc_empty_space height=&#8221;2.15em&#8221; alter_height=&#8221;none&#8221; hide_on_mobile=&#8221;&#8221;][vc_empty_space height=&#8221;2.15em&#8221; alter_height=&#8221;none&#8221; hide_on_mobile=&#8221;&#8221;][\/vc_column][\/vc_row][vc_row][vc_column][vc_empty_space alter_height=&#8221;medium&#8221; hide_on_mobile=&#8221;&#8221;]<div id=\"sc_title_1668887619\"\n\t\tclass=\"sc_title sc_title_default\"><h6 class=\"sc_item_subtitle sc_title_subtitle sc_align_left sc_item_title_style_default\">R\u00e9ponses \u00e0 vos questions<\/h6><h3 class=\"sc_item_title sc_title_title sc_align_left sc_item_title_style_default\">FAQ<\/h3><\/div><!-- \/.sc_title -->[vc_toggle title=&#8221;Comment se calcule le prix d&#8217;une course en VTC ?&#8221;]Plusieurs param\u00e8tres sont pris en compte pour d\u00e9terminer et vous proposer le meilleur prix de votre course en VTC.<\/p>\n<p>Le tarif est d\u00e9fini notamment en fonction de la distance entre le point de d\u00e9part et d&#8217;arriv\u00e9e, de la dur\u00e9e anticip\u00e9e du trajet (au regard du cr\u00e9neau horaire, de l\u2019itin\u00e9raire \u00e0 emprunter et du pr\u00e9dictif trafic), de la cat\u00e9gorie de v\u00e9hicule s\u00e9lectionn\u00e9e, de l&#8217;anticipation de votre demande de r\u00e9servation, de l\u2019heure et de la date du transport, du canal de r\u00e9servation utilis\u00e9 (Web, Application mobiles ou par T\u00e9l\u00e9phone).[\/vc_toggle][vc_toggle title=&#8221;Proposez vous des forfaits aux a\u00e9roports de Paris ?&#8221; css=&#8221;&#8221;]Tous les tarifs propos\u00e9s sont fixes et annonc\u00e9s au moment de la r\u00e9servation. Les transferts entre les a\u00e9roports de Paris (Orly et Roissy Charles de Gaulle) et Paris intramuros sont au forfait : \u00e0 partir de 50\u20ac entre Orly et Paris \/ \u00e0 partir de 65\u20ac entre Roissy CDG et Paris.[\/vc_toggle][\/vc_column][\/vc_row]<\/p>\n<\/div>","protected":false},"excerpt":{"rendered":"<p>[vc_row equal_height=&#8221;yes&#8221; css=&#8221;.vc_custom_1734367461636{margin-top: 22px !important;background-position: center !important;background-repeat: no-repeat !important;background-size: cover !important;}&#8221; el_class=&#8221;mobile_bg_off&#8221;][vc_column][vc_custom_heading text=&#8221;Transferts a\u00e9roports Orly &#038; Roissy&#8221; font_container=&#8221;tag:h6|text_align:left|color:%23B70604&#8243; use_theme_fonts=&#8221;yes&#8221; css=&#8221;&#8221;][vc_custom_heading text=&#8221;Tarifs transferts en VTC&#8221; font_container=&#8221;tag:h1|font_size:40|text_align:left&#8221; use_theme_fonts=&#8221;yes&#8221; css=&#8221;.vc_custom_1734367965283{margin-top: 0px !important;margin-bottom: 0px !important;}&#8221;][vc_row_inner][vc_column_inner el_class=&#8221;remove_margin_mobile&#8221; width=&#8221;1\/2&#8243;][vc_empty_space height=&#8221;2.75em&#8221; alter_height=&#8221;none&#8221; hide_on_mobile=&#8221;&#8221;][vc_empty_space height=&#8221;1.5em&#8221; alter_height=&#8221;none&#8221; hide_on_mobile=&#8221;&#8221;][vc_column_text css=&#8221;&#8221;]Nos tarifs sont forfaitaires et connus&hellip;<\/p>\n","protected":false},"author":1,"featured_media":0,"parent":0,"menu_order":0,"comment_status":"closed","ping_status":"closed","template":"","meta":{"footnotes":""},"class_list":["post-1114","page","type-page","status-publish","hentry"],"yoast_head":"<!-- This site is optimized with the Yoast SEO plugin v27.4 - https:\/\/yoast.com\/product\/yoast-seo-wordpress\/ -->\n<title>Votre devis Chauffeur priv\u00e9 en ligne en 3 clics sur toute l&#039;Ile-de-France<\/title>\n<meta name=\"description\" content=\"Plus de 10 000 tarifs VTC r\u00e9f\u00e9renc\u00e9s gr\u00e2ce au simulateur de tarifs en ligne Urban Driver. Prix forfaitaires 24\/7 \u00e0 partir de 9\u20ac.\" \/>\n<meta name=\"robots\" content=\"index, follow, max-snippet:-1, max-image-preview:large, max-video-preview:-1\" \/>\n<link rel=\"canonical\" href=\"https:\/\/www.urban-driver.com\/en\/tarifs_vtc.php\" \/>\n<meta property=\"og:locale\" content=\"en_US\" \/>\n<meta property=\"og:type\" content=\"article\" \/>\n<meta property=\"og:title\" content=\"Votre devis Chauffeur priv\u00e9 en ligne en 3 clics sur toute l&#039;Ile-de-France\" \/>\n<meta property=\"og:description\" content=\"Plus de 10 000 tarifs VTC r\u00e9f\u00e9renc\u00e9s gr\u00e2ce au simulateur de tarifs en ligne Urban Driver. Prix forfaitaires 24\/7 \u00e0 partir de 9\u20ac.\" \/>\n<meta property=\"og:url\" content=\"https:\/\/www.urban-driver.com\/en\/tarifs_vtc.php\" \/>\n<meta property=\"og:site_name\" content=\"Taxi moto | Urban Driver\" \/>\n<meta property=\"article:modified_time\" content=\"2024-12-16T17:15:13+00:00\" \/>\n<meta property=\"og:image\" content=\"https:\/\/www.urban-driver.com\/images\/paiements\/cb.gif\" \/>\n<meta name=\"twitter:card\" content=\"summary_large_image\" \/>\n<meta name=\"twitter:label1\" content=\"Est. reading time\" \/>\n\t<meta name=\"twitter:data1\" content=\"4 minutes\" \/>\n<script type=\"application\/ld+json\" class=\"yoast-schema-graph\">{\"@context\":\"https:\\\/\\\/schema.org\",\"@graph\":[{\"@type\":\"WebPage\",\"@id\":\"https:\\\/\\\/www.urban-driver.com\\\/en\\\/tarifs_vtc.php\",\"url\":\"https:\\\/\\\/www.urban-driver.com\\\/en\\\/tarifs_vtc.php\",\"name\":\"Votre devis Chauffeur priv\u00e9 en ligne en 3 clics sur toute l'Ile-de-France\",\"isPartOf\":{\"@id\":\"https:\\\/\\\/www.urban-driver.com\\\/en\\\/#website\"},\"primaryImageOfPage\":{\"@id\":\"https:\\\/\\\/www.urban-driver.com\\\/en\\\/tarifs_vtc.php#primaryimage\"},\"image\":{\"@id\":\"https:\\\/\\\/www.urban-driver.com\\\/en\\\/tarifs_vtc.php#primaryimage\"},\"thumbnailUrl\":\"https:\\\/\\\/www.urban-driver.com\\\/images\\\/paiements\\\/cb.gif\",\"datePublished\":\"2017-04-18T10:04:18+00:00\",\"dateModified\":\"2024-12-16T17:15:13+00:00\",\"description\":\"Plus de 10 000 tarifs VTC r\u00e9f\u00e9renc\u00e9s gr\u00e2ce au simulateur de tarifs en ligne Urban Driver. Prix forfaitaires 24\\\/7 \u00e0 partir de 9\u20ac.\",\"breadcrumb\":{\"@id\":\"https:\\\/\\\/www.urban-driver.com\\\/en\\\/tarifs_vtc.php#breadcrumb\"},\"inLanguage\":\"en-US\",\"potentialAction\":[{\"@type\":\"ReadAction\",\"target\":[\"https:\\\/\\\/www.urban-driver.com\\\/en\\\/tarifs_vtc.php\"]}]},{\"@type\":\"ImageObject\",\"inLanguage\":\"en-US\",\"@id\":\"https:\\\/\\\/www.urban-driver.com\\\/en\\\/tarifs_vtc.php#primaryimage\",\"url\":\"https:\\\/\\\/www.urban-driver.com\\\/images\\\/paiements\\\/cb.gif\",\"contentUrl\":\"https:\\\/\\\/www.urban-driver.com\\\/images\\\/paiements\\\/cb.gif\"},{\"@type\":\"BreadcrumbList\",\"@id\":\"https:\\\/\\\/www.urban-driver.com\\\/en\\\/tarifs_vtc.php#breadcrumb\",\"itemListElement\":[{\"@type\":\"ListItem\",\"position\":1,\"name\":\"Urban Driver\",\"item\":\"https:\\\/\\\/www.urban-driver.com\\\/en\\\/\"},{\"@type\":\"ListItem\",\"position\":2,\"name\":\"Tarifs et Mode de paiement &#8211; Simulateur de tarifs VTC\"}]},{\"@type\":\"WebSite\",\"@id\":\"https:\\\/\\\/www.urban-driver.com\\\/en\\\/#website\",\"url\":\"https:\\\/\\\/www.urban-driver.com\\\/en\\\/\",\"name\":\"Taxi moto | Urban Driver\",\"description\":\"\",\"publisher\":{\"@id\":\"https:\\\/\\\/www.urban-driver.com\\\/en\\\/#organization\"},\"potentialAction\":[{\"@type\":\"SearchAction\",\"target\":{\"@type\":\"EntryPoint\",\"urlTemplate\":\"https:\\\/\\\/www.urban-driver.com\\\/en\\\/?s={search_term_string}\"},\"query-input\":{\"@type\":\"PropertyValueSpecification\",\"valueRequired\":true,\"valueName\":\"search_term_string\"}}],\"inLanguage\":\"en-US\"},{\"@type\":\"Organization\",\"@id\":\"https:\\\/\\\/www.urban-driver.com\\\/en\\\/#organization\",\"name\":\"URBAN DRIVER\",\"alternateName\":\"Urban\",\"url\":\"https:\\\/\\\/www.urban-driver.com\\\/en\\\/\",\"logo\":{\"@type\":\"ImageObject\",\"inLanguage\":\"en-US\",\"@id\":\"https:\\\/\\\/www.urban-driver.com\\\/en\\\/#\\\/schema\\\/logo\\\/image\\\/\",\"url\":\"https:\\\/\\\/www.urban-driver.com\\\/wp-content\\\/uploads\\\/2016\\\/12\\\/urban_driver.png\",\"contentUrl\":\"https:\\\/\\\/www.urban-driver.com\\\/wp-content\\\/uploads\\\/2016\\\/12\\\/urban_driver.png\",\"width\":300,\"height\":39,\"caption\":\"URBAN DRIVER\"},\"image\":{\"@id\":\"https:\\\/\\\/www.urban-driver.com\\\/en\\\/#\\\/schema\\\/logo\\\/image\\\/\"}}]}<\/script>\n<!-- \/ Yoast SEO plugin. -->","yoast_head_json":{"title":"Votre devis Chauffeur priv\u00e9 en ligne en 3 clics sur toute l'Ile-de-France","description":"Plus de 10 000 tarifs VTC r\u00e9f\u00e9renc\u00e9s gr\u00e2ce au simulateur de tarifs en ligne Urban Driver. Prix forfaitaires 24\/7 \u00e0 partir de 9\u20ac.","robots":{"index":"index","follow":"follow","max-snippet":"max-snippet:-1","max-image-preview":"max-image-preview:large","max-video-preview":"max-video-preview:-1"},"canonical":"https:\/\/www.urban-driver.com\/en\/tarifs_vtc.php","og_locale":"en_US","og_type":"article","og_title":"Votre devis Chauffeur priv\u00e9 en ligne en 3 clics sur toute l'Ile-de-France","og_description":"Plus de 10 000 tarifs VTC r\u00e9f\u00e9renc\u00e9s gr\u00e2ce au simulateur de tarifs en ligne Urban Driver. Prix forfaitaires 24\/7 \u00e0 partir de 9\u20ac.","og_url":"https:\/\/www.urban-driver.com\/en\/tarifs_vtc.php","og_site_name":"Taxi moto | Urban Driver","article_modified_time":"2024-12-16T17:15:13+00:00","og_image":[{"url":"https:\/\/www.urban-driver.com\/images\/paiements\/cb.gif","type":"","width":"","height":""}],"twitter_card":"summary_large_image","twitter_misc":{"Est. reading time":"4 minutes"},"schema":{"@context":"https:\/\/schema.org","@graph":[{"@type":"WebPage","@id":"https:\/\/www.urban-driver.com\/en\/tarifs_vtc.php","url":"https:\/\/www.urban-driver.com\/en\/tarifs_vtc.php","name":"Votre devis Chauffeur priv\u00e9 en ligne en 3 clics sur toute l'Ile-de-France","isPartOf":{"@id":"https:\/\/www.urban-driver.com\/en\/#website"},"primaryImageOfPage":{"@id":"https:\/\/www.urban-driver.com\/en\/tarifs_vtc.php#primaryimage"},"image":{"@id":"https:\/\/www.urban-driver.com\/en\/tarifs_vtc.php#primaryimage"},"thumbnailUrl":"https:\/\/www.urban-driver.com\/images\/paiements\/cb.gif","datePublished":"2017-04-18T10:04:18+00:00","dateModified":"2024-12-16T17:15:13+00:00","description":"Plus de 10 000 tarifs VTC r\u00e9f\u00e9renc\u00e9s gr\u00e2ce au simulateur de tarifs en ligne Urban Driver. Prix forfaitaires 24\/7 \u00e0 partir de 9\u20ac.","breadcrumb":{"@id":"https:\/\/www.urban-driver.com\/en\/tarifs_vtc.php#breadcrumb"},"inLanguage":"en-US","potentialAction":[{"@type":"ReadAction","target":["https:\/\/www.urban-driver.com\/en\/tarifs_vtc.php"]}]},{"@type":"ImageObject","inLanguage":"en-US","@id":"https:\/\/www.urban-driver.com\/en\/tarifs_vtc.php#primaryimage","url":"https:\/\/www.urban-driver.com\/images\/paiements\/cb.gif","contentUrl":"https:\/\/www.urban-driver.com\/images\/paiements\/cb.gif"},{"@type":"BreadcrumbList","@id":"https:\/\/www.urban-driver.com\/en\/tarifs_vtc.php#breadcrumb","itemListElement":[{"@type":"ListItem","position":1,"name":"Urban Driver","item":"https:\/\/www.urban-driver.com\/en\/"},{"@type":"ListItem","position":2,"name":"Tarifs et Mode de paiement &#8211; Simulateur de tarifs VTC"}]},{"@type":"WebSite","@id":"https:\/\/www.urban-driver.com\/en\/#website","url":"https:\/\/www.urban-driver.com\/en\/","name":"Taxi moto | Urban Driver","description":"","publisher":{"@id":"https:\/\/www.urban-driver.com\/en\/#organization"},"potentialAction":[{"@type":"SearchAction","target":{"@type":"EntryPoint","urlTemplate":"https:\/\/www.urban-driver.com\/en\/?s={search_term_string}"},"query-input":{"@type":"PropertyValueSpecification","valueRequired":true,"valueName":"search_term_string"}}],"inLanguage":"en-US"},{"@type":"Organization","@id":"https:\/\/www.urban-driver.com\/en\/#organization","name":"URBAN DRIVER","alternateName":"Urban","url":"https:\/\/www.urban-driver.com\/en\/","logo":{"@type":"ImageObject","inLanguage":"en-US","@id":"https:\/\/www.urban-driver.com\/en\/#\/schema\/logo\/image\/","url":"https:\/\/www.urban-driver.com\/wp-content\/uploads\/2016\/12\/urban_driver.png","contentUrl":"https:\/\/www.urban-driver.com\/wp-content\/uploads\/2016\/12\/urban_driver.png","width":300,"height":39,"caption":"URBAN DRIVER"},"image":{"@id":"https:\/\/www.urban-driver.com\/en\/#\/schema\/logo\/image\/"}}]}},"_links":{"self":[{"href":"https:\/\/www.urban-driver.com\/en\/wp-json\/wp\/v2\/pages\/1114","targetHints":{"allow":["GET"]}}],"collection":[{"href":"https:\/\/www.urban-driver.com\/en\/wp-json\/wp\/v2\/pages"}],"about":[{"href":"https:\/\/www.urban-driver.com\/en\/wp-json\/wp\/v2\/types\/page"}],"author":[{"embeddable":true,"href":"https:\/\/www.urban-driver.com\/en\/wp-json\/wp\/v2\/users\/1"}],"replies":[{"embeddable":true,"href":"https:\/\/www.urban-driver.com\/en\/wp-json\/wp\/v2\/comments?post=1114"}],"version-history":[{"count":0,"href":"https:\/\/www.urban-driver.com\/en\/wp-json\/wp\/v2\/pages\/1114\/revisions"}],"wp:attachment":[{"href":"https:\/\/www.urban-driver.com\/en\/wp-json\/wp\/v2\/media?parent=1114"}],"curies":[{"name":"wp","href":"https:\/\/api.w.org\/{rel}","templated":true}]}}